{"id":52,"date":"2018-06-26T12:19:09","date_gmt":"2018-06-26T10:19:09","guid":{"rendered":"https:\/\/wm.pb.edu.pl\/kbiib\/?page_id=52"},"modified":"2025-12-16T15:09:20","modified_gmt":"2025-12-16T14:09:20","slug":"kierunki-badan","status":"publish","type":"page","link":"https:\/\/wm.pb.edu.pl\/iib\/nauka\/kierunki-badan\/","title":{"rendered":"Kierunki bada\u0144"},"content":{"rendered":"<p>Dzia\u0142alno\u015b\u0107 naukowo-badawcza Instytutu&nbsp;In\u017cynierii Biomedycznej koncentruje si\u0119 wok\u00f3\u0142 kilku zasadniczych kierunk\u00f3w:<\/p>\n<table style=\"border-collapse: collapse;width: 100%;height: 260px\">\n<tbody>\n<tr style=\"height: 26px\">\n<td style=\"width: 80.9972%;height: 26px\">\n<ul style=\"list-style-type: disc\">\n<li>biomechaniki (badania modelowe dotycz\u0105ce analizy uk\u0142adu implant-ko\u015b\u0107 oraz prace eksperymentalne w zakresie zespole\u0144 ko\u015bci, biomechanika chodu) i mechanobiologii (badania wp\u0142ywu czynnik\u00f3w mechanicznych na procesy biologiczne zachodz\u0105ce w organizmie i uk\u0142adach implant-tkanka, w tym badania reologiczne tkanek mi\u0119kkich oraz uk\u0142ad\u00f3w polimer\u00f3w z kom\u00f3rkami);<\/li>\n<\/ul>\n<\/td>\n<td style=\"width: 19.0028%;height: 260px\" rowspan=\"10\">&nbsp;<\/p>\n<p><img loading=\"lazy\" decoding=\"async\" class=\"alignnone wp-image-576\" src=\"https:\/\/wm.pb.edu.pl\/iib\/wp-content\/uploads\/sites\/7\/2022\/02\/medicine-doctor-looking-x-ray-image-2021-08-27-23-18-43-utc-300x200.jpg\" alt=\"analiza uk\u0142adu implant-ko\u015b\u0107\" width=\"150\" height=\"100\" srcset=\"https:\/\/wm.pb.edu.pl\/iib\/wp-content\/uploads\/sites\/7\/2022\/02\/medicine-doctor-looking-x-ray-image-2021-08-27-23-18-43-utc-300x200.jpg 300w, https:\/\/wm.pb.edu.pl\/iib\/wp-content\/uploads\/sites\/7\/2022\/02\/medicine-doctor-looking-x-ray-image-2021-08-27-23-18-43-utc-1024x684.jpg 1024w, https:\/\/wm.pb.edu.pl\/iib\/wp-content\/uploads\/sites\/7\/2022\/02\/medicine-doctor-looking-x-ray-image-2021-08-27-23-18-43-utc-768x513.jpg 768w, https:\/\/wm.pb.edu.pl\/iib\/wp-content\/uploads\/sites\/7\/2022\/02\/medicine-doctor-looking-x-ray-image-2021-08-27-23-18-43-utc-1536x1025.jpg 1536w, https:\/\/wm.pb.edu.pl\/iib\/wp-content\/uploads\/sites\/7\/2022\/02\/medicine-doctor-looking-x-ray-image-2021-08-27-23-18-43-utc-2048x1367.jpg 2048w, https:\/\/wm.pb.edu.pl\/iib\/wp-content\/uploads\/sites\/7\/2022\/02\/medicine-doctor-looking-x-ray-image-2021-08-27-23-18-43-utc-480x320.jpg 480w\" sizes=\"auto, (max-width: 150px) 100vw, 150px\" \/><img loading=\"lazy\" decoding=\"async\" class=\"alignnone wp-image-587\" style=\"font-family: inherit;font-size: inherit;background-color: transparent\" src=\"https:\/\/wm.pb.edu.pl\/iib\/wp-content\/uploads\/sites\/7\/2022\/02\/3d-gait-or-walking-biometric-test-2021-08-30-05-00-00-utc-300x200.jpg\" alt=\"analiza ruchu cz\u0142owieka\" width=\"150\" height=\"100\" srcset=\"https:\/\/wm.pb.edu.pl\/iib\/wp-content\/uploads\/sites\/7\/2022\/02\/3d-gait-or-walking-biometric-test-2021-08-30-05-00-00-utc-300x200.jpg 300w, https:\/\/wm.pb.edu.pl\/iib\/wp-content\/uploads\/sites\/7\/2022\/02\/3d-gait-or-walking-biometric-test-2021-08-30-05-00-00-utc-1024x683.jpg 1024w, https:\/\/wm.pb.edu.pl\/iib\/wp-content\/uploads\/sites\/7\/2022\/02\/3d-gait-or-walking-biometric-test-2021-08-30-05-00-00-utc-768x512.jpg 768w, https:\/\/wm.pb.edu.pl\/iib\/wp-content\/uploads\/sites\/7\/2022\/02\/3d-gait-or-walking-biometric-test-2021-08-30-05-00-00-utc-1536x1024.jpg 1536w, https:\/\/wm.pb.edu.pl\/iib\/wp-content\/uploads\/sites\/7\/2022\/02\/3d-gait-or-walking-biometric-test-2021-08-30-05-00-00-utc-2048x1365.jpg 2048w, https:\/\/wm.pb.edu.pl\/iib\/wp-content\/uploads\/sites\/7\/2022\/02\/3d-gait-or-walking-biometric-test-2021-08-30-05-00-00-utc-480x320.jpg 480w\" sizes=\"auto, (max-width: 150px) 100vw, 150px\" \/><\/p>\n<p><img loading=\"lazy\" decoding=\"async\" class=\"wp-image-580 alignnone\" src=\"https:\/\/wm.pb.edu.pl\/iib\/wp-content\/uploads\/sites\/7\/2022\/02\/prosthetist-man-making-orthopedic-insoles-while-wo-2021-08-30-20-48-54-utc-1-300x200.jpg\" alt=\"\" width=\"150\" height=\"100\" srcset=\"https:\/\/wm.pb.edu.pl\/iib\/wp-content\/uploads\/sites\/7\/2022\/02\/prosthetist-man-making-orthopedic-insoles-while-wo-2021-08-30-20-48-54-utc-1-300x200.jpg 300w, https:\/\/wm.pb.edu.pl\/iib\/wp-content\/uploads\/sites\/7\/2022\/02\/prosthetist-man-making-orthopedic-insoles-while-wo-2021-08-30-20-48-54-utc-1-1024x681.jpg 1024w, https:\/\/wm.pb.edu.pl\/iib\/wp-content\/uploads\/sites\/7\/2022\/02\/prosthetist-man-making-orthopedic-insoles-while-wo-2021-08-30-20-48-54-utc-1-768x511.jpg 768w, https:\/\/wm.pb.edu.pl\/iib\/wp-content\/uploads\/sites\/7\/2022\/02\/prosthetist-man-making-orthopedic-insoles-while-wo-2021-08-30-20-48-54-utc-1-1536x1022.jpg 1536w, https:\/\/wm.pb.edu.pl\/iib\/wp-content\/uploads\/sites\/7\/2022\/02\/prosthetist-man-making-orthopedic-insoles-while-wo-2021-08-30-20-48-54-utc-1-2048x1363.jpg 2048w, https:\/\/wm.pb.edu.pl\/iib\/wp-content\/uploads\/sites\/7\/2022\/02\/prosthetist-man-making-orthopedic-insoles-while-wo-2021-08-30-20-48-54-utc-1-480x320.jpg 480w\" sizes=\"auto, (max-width: 150px) 100vw, 150px\" \/><\/p>\n<p><img loading=\"lazy\" decoding=\"async\" class=\"alignnone wp-image-581\" src=\"https:\/\/wm.pb.edu.pl\/iib\/wp-content\/uploads\/sites\/7\/2022\/02\/dental-prosthesis-2021-08-26-17-52-13-utc-300x200.jpg\" alt=\"badanie mechanizm\u00f3w zu\u017cycia z\u0119b\u00f3w\" width=\"150\" height=\"100\" srcset=\"https:\/\/wm.pb.edu.pl\/iib\/wp-content\/uploads\/sites\/7\/2022\/02\/dental-prosthesis-2021-08-26-17-52-13-utc-300x200.jpg 300w, https:\/\/wm.pb.edu.pl\/iib\/wp-content\/uploads\/sites\/7\/2022\/02\/dental-prosthesis-2021-08-26-17-52-13-utc-1024x683.jpg 1024w, https:\/\/wm.pb.edu.pl\/iib\/wp-content\/uploads\/sites\/7\/2022\/02\/dental-prosthesis-2021-08-26-17-52-13-utc-768x512.jpg 768w, https:\/\/wm.pb.edu.pl\/iib\/wp-content\/uploads\/sites\/7\/2022\/02\/dental-prosthesis-2021-08-26-17-52-13-utc-1536x1024.jpg 1536w, https:\/\/wm.pb.edu.pl\/iib\/wp-content\/uploads\/sites\/7\/2022\/02\/dental-prosthesis-2021-08-26-17-52-13-utc-2048x1365.jpg 2048w, https:\/\/wm.pb.edu.pl\/iib\/wp-content\/uploads\/sites\/7\/2022\/02\/dental-prosthesis-2021-08-26-17-52-13-utc-480x320.jpg 480w\" sizes=\"auto, (max-width: 150px) 100vw, 150px\" \/><\/p>\n<p><img loading=\"lazy\" decoding=\"async\" class=\"alignnone wp-image-585\" src=\"https:\/\/wm.pb.edu.pl\/iib\/wp-content\/uploads\/sites\/7\/2022\/02\/close-up-scientific-machine-lamp-observing-materia-2022-01-28-09-10-10-utc-300x200.jpg\" alt=\"badania biomateria\u0142\u00f3w \" width=\"150\" height=\"100\" srcset=\"https:\/\/wm.pb.edu.pl\/iib\/wp-content\/uploads\/sites\/7\/2022\/02\/close-up-scientific-machine-lamp-observing-materia-2022-01-28-09-10-10-utc-300x200.jpg 300w, https:\/\/wm.pb.edu.pl\/iib\/wp-content\/uploads\/sites\/7\/2022\/02\/close-up-scientific-machine-lamp-observing-materia-2022-01-28-09-10-10-utc-1024x683.jpg 1024w, https:\/\/wm.pb.edu.pl\/iib\/wp-content\/uploads\/sites\/7\/2022\/02\/close-up-scientific-machine-lamp-observing-materia-2022-01-28-09-10-10-utc-768x512.jpg 768w, https:\/\/wm.pb.edu.pl\/iib\/wp-content\/uploads\/sites\/7\/2022\/02\/close-up-scientific-machine-lamp-observing-materia-2022-01-28-09-10-10-utc-1536x1024.jpg 1536w, https:\/\/wm.pb.edu.pl\/iib\/wp-content\/uploads\/sites\/7\/2022\/02\/close-up-scientific-machine-lamp-observing-materia-2022-01-28-09-10-10-utc-2048x1365.jpg 2048w, https:\/\/wm.pb.edu.pl\/iib\/wp-content\/uploads\/sites\/7\/2022\/02\/close-up-scientific-machine-lamp-observing-materia-2022-01-28-09-10-10-utc-480x320.jpg 480w\" sizes=\"auto, (max-width: 150px) 100vw, 150px\" \/><\/p>\n<p><img loading=\"lazy\" decoding=\"async\" class=\"alignnone wp-image-582\" src=\"https:\/\/wm.pb.edu.pl\/iib\/wp-content\/uploads\/sites\/7\/2022\/02\/eeg-brainwave-scanning-2021-08-27-09-39-55-utc-300x200.jpg\" alt=\"zbieranie i analiza danych eeg\" width=\"150\" height=\"100\" srcset=\"https:\/\/wm.pb.edu.pl\/iib\/wp-content\/uploads\/sites\/7\/2022\/02\/eeg-brainwave-scanning-2021-08-27-09-39-55-utc-300x200.jpg 300w, https:\/\/wm.pb.edu.pl\/iib\/wp-content\/uploads\/sites\/7\/2022\/02\/eeg-brainwave-scanning-2021-08-27-09-39-55-utc-1024x683.jpg 1024w, https:\/\/wm.pb.edu.pl\/iib\/wp-content\/uploads\/sites\/7\/2022\/02\/eeg-brainwave-scanning-2021-08-27-09-39-55-utc-768x512.jpg 768w, https:\/\/wm.pb.edu.pl\/iib\/wp-content\/uploads\/sites\/7\/2022\/02\/eeg-brainwave-scanning-2021-08-27-09-39-55-utc-1536x1024.jpg 1536w, https:\/\/wm.pb.edu.pl\/iib\/wp-content\/uploads\/sites\/7\/2022\/02\/eeg-brainwave-scanning-2021-08-27-09-39-55-utc-2048x1365.jpg 2048w, https:\/\/wm.pb.edu.pl\/iib\/wp-content\/uploads\/sites\/7\/2022\/02\/eeg-brainwave-scanning-2021-08-27-09-39-55-utc-480x320.jpg 480w\" sizes=\"auto, (max-width: 150px) 100vw, 150px\" \/><\/p>\n<p><img loading=\"lazy\" decoding=\"async\" class=\"alignnone wp-image-583\" src=\"https:\/\/wm.pb.edu.pl\/iib\/wp-content\/uploads\/sites\/7\/2022\/02\/3d-printed-robotic-hand-2022-02-10-15-25-04-utc-300x200.jpg\" alt=\"druk 3d w medycynie\" width=\"150\" height=\"100\" srcset=\"https:\/\/wm.pb.edu.pl\/iib\/wp-content\/uploads\/sites\/7\/2022\/02\/3d-printed-robotic-hand-2022-02-10-15-25-04-utc-300x200.jpg 300w, https:\/\/wm.pb.edu.pl\/iib\/wp-content\/uploads\/sites\/7\/2022\/02\/3d-printed-robotic-hand-2022-02-10-15-25-04-utc-1024x683.jpg 1024w, https:\/\/wm.pb.edu.pl\/iib\/wp-content\/uploads\/sites\/7\/2022\/02\/3d-printed-robotic-hand-2022-02-10-15-25-04-utc-768x513.jpg 768w, https:\/\/wm.pb.edu.pl\/iib\/wp-content\/uploads\/sites\/7\/2022\/02\/3d-printed-robotic-hand-2022-02-10-15-25-04-utc-1536x1025.jpg 1536w, https:\/\/wm.pb.edu.pl\/iib\/wp-content\/uploads\/sites\/7\/2022\/02\/3d-printed-robotic-hand-2022-02-10-15-25-04-utc-2048x1367.jpg 2048w, https:\/\/wm.pb.edu.pl\/iib\/wp-content\/uploads\/sites\/7\/2022\/02\/3d-printed-robotic-hand-2022-02-10-15-25-04-utc-480x320.jpg 480w\" sizes=\"auto, (max-width: 150px) 100vw, 150px\" \/><\/td>\n<\/tr>\n<tr style=\"height: 26px\">\n<td style=\"width: 80.9972%;height: 26px\">\n<ul>\n<li>projektowania konstrukcji medycznych, zw\u0142aszcza dla: ortopedii, (osteosynteza, endoprotezoplastyka staw\u00f3w, instrumentarium), stomatologii (protetyka, ortodoncja, chirurgia twarzowo-szcz\u0119kowa), zaopatrzenia ortopedycznego (wk\u0142adki, gorsety, ortezy, sprz\u0119t rehabilitacyjny);<\/li>\n<\/ul>\n<\/td>\n<\/tr>\n<tr style=\"height: 26px\">\n<td style=\"width: 80.9972%;height: 26px\">\n<ul>\n<li>protetyki i ortotyki (badania diagnostyczne w obr\u0119bie st\u00f3p i kr\u0119gos\u0142upa oraz konstrukcje mechaniczne podzespo\u0142\u00f3w protez ko\u0144czyny dolnej, gorset\u00f3w i wk\u0142adek ortopedycznych) oraz technicznych \u015brodk\u00f3w rehabilitacji (projektowanie i badania nowych konstrukcji);<\/li>\n<\/ul>\n<\/td>\n<\/tr>\n<tr style=\"height: 26px\">\n<td style=\"width: 80.9972%;height: 26px\">\n<ul>\n<li>wsp\u00f3\u0142czesnych materia\u0142\u00f3w in\u017cynierskich i ich wytwarzania (stale bezniklowe, stale ODS, ceramiki, materia\u0142y hybrydowe, domieszkowane szk\u0142a bioaktywne, kompozyty magnetoreologiczne);<\/li>\n<\/ul>\n<\/td>\n<\/tr>\n<tr style=\"height: 26px\">\n<td style=\"width: 80.9972%;height: 26px\">\n<ul>\n<li>mechanizm\u00f3w zu\u017cycia element\u00f3w protetycznych i ortodontycznych (badania dotycz\u0105ce wp\u0142ywu zr\u00f3\u017cnicowanych czynnik\u00f3w na trwa\u0142o\u015b\u0107 biomateria\u0142\u00f3w, badania nad sztuczna \u015blin\u0105);<\/li>\n<\/ul>\n<\/td>\n<\/tr>\n<tr style=\"height: 26px\">\n<td style=\"width: 80.9972%;height: 26px\">\n<ul>\n<li>przetwarzania sygna\u0142\u00f3w biomedycznych (badania sygna\u0142\u00f3w aktywno\u015b\u0107 skurczow\u0105 macicy w przewidywaniu porodu przedwczesnego) i obraz\u00f3w medycznych (ocena skuteczno\u015bci i jednoznaczno\u015bci bada\u0144 diagnostycznych, m.in. rezonansu magnetycznego, tomografii komputerowej, pozytronowej tomografii emisyjnej);<\/li>\n<\/ul>\n<\/td>\n<\/tr>\n<tr style=\"height: 26px\">\n<td style=\"width: 80.9972%;height: 26px\">\n<ul>\n<li>pozyskiwania i eksploracji wiedzy z medycznych baz danych (modelowanie medycznych proces\u00f3w diagnostycznych w niepe\u0142nych systemach informacyjnych) oraz ochrony danych medycznych;<\/li>\n<\/ul>\n<\/td>\n<\/tr>\n<tr style=\"height: 26px\">\n<td style=\"width: 80.9972%;height: 26px\">\n<ul>\n<li>telemetrii i telemedycyny w badaniach aktywno\u015bci skurczowej mi\u0119\u015bni;<\/li>\n<\/ul>\n<\/td>\n<\/tr>\n<tr style=\"height: 26px\">\n<td style=\"width: 80.9972%;height: 26px\">\n<ul>\n<li>druku 3D w medycynie;<\/li>\n<\/ul>\n<\/td>\n<\/tr>\n<tr style=\"height: 26px\">\n<td style=\"width: 80.9972%;height: 26px\">\n<ul>\n<li>komputerowego wspomagania proces\u00f3w leczenia.<\/li>\n<\/ul>\n<\/td>\n<\/tr>\n<\/tbody>\n<\/table>\n<p>&nbsp;<\/p>\n<p>&nbsp;<\/p>\n","protected":false},"excerpt":{"rendered":"<p>Dzia\u0142alno\u015b\u0107 naukowo-badawcza Instytutu&nbsp;In\u017cynierii Biomedycznej koncentruje si\u0119 wok\u00f3\u0142 kilku zasadniczych kierunk\u00f3w: biomechaniki (badania modelowe dotycz\u0105ce analizy<a class=\"read-more\" href=\"https:\/\/wm.pb.edu.pl\/iib\/nauka\/kierunki-badan\/\" title=\"Poka\u017c artyku\u0142 Kierunki bada\u0144\">wi\u0119cej<\/a><\/p>\n","protected":false},"author":75,"featured_media":0,"parent":36,"menu_order":1,"comment_status":"closed","ping_status":"closed","template":"","meta":{"inline_featured_image":false,"ngg_post_thumbnail":0,"footnotes":""},"class_list":["post-52","page","type-page","status-publish","hentry"],"acf":[],"yoast_head":"<!-- This site is optimized with the Yoast SEO plugin v26.4 - https:\/\/yoast.com\/wordpress\/plugins\/seo\/ -->\n<title>Kierunki bada\u0144 - Instytut In\u017cynierii Biomedycznej<\/title>\n<meta name=\"robots\" content=\"index, follow, max-snippet:-1, max-image-preview:large, max-video-preview:-1\" \/>\n<link rel=\"canonical\" href=\"https:\/\/wm.pb.edu.pl\/iib\/nauka\/kierunki-badan\/\" \/>\n<meta property=\"og:locale\" content=\"pl_PL\" \/>\n<meta property=\"og:type\" content=\"article\" \/>\n<meta property=\"og:title\" content=\"Kierunki bada\u0144 - Instytut In\u017cynierii Biomedycznej\" \/>\n<meta property=\"og:description\" content=\"Dzia\u0142alno\u015b\u0107 naukowo-badawcza Instytutu&nbsp;In\u017cynierii Biomedycznej koncentruje si\u0119 wok\u00f3\u0142 kilku zasadniczych kierunk\u00f3w: biomechaniki (badania modelowe dotycz\u0105ce analizywi\u0119cej\" \/>\n<meta property=\"og:url\" content=\"https:\/\/wm.pb.edu.pl\/iib\/nauka\/kierunki-badan\/\" \/>\n<meta property=\"og:site_name\" content=\"Instytut In\u017cynierii Biomedycznej\" \/>\n<meta property=\"article:modified_time\" content=\"2025-12-16T14:09:20+00:00\" \/>\n<meta property=\"og:image\" content=\"https:\/\/wm.pb.edu.pl\/iib\/wp-content\/uploads\/sites\/7\/2022\/02\/medicine-doctor-looking-x-ray-image-2021-08-27-23-18-43-utc-scaled.jpg\" \/>\n\t<meta property=\"og:image:width\" content=\"2560\" \/>\n\t<meta property=\"og:image:height\" content=\"1709\" \/>\n\t<meta property=\"og:image:type\" content=\"image\/jpeg\" \/>\n<meta name=\"twitter:card\" content=\"summary_large_image\" \/>\n<meta name=\"twitter:label1\" content=\"Szacowany czas czytania\" \/>\n\t<meta name=\"twitter:data1\" content=\"3 minuty\" \/>\n<script type=\"application\/ld+json\" class=\"yoast-schema-graph\">{\"@context\":\"https:\/\/schema.org\",\"@graph\":[{\"@type\":\"WebPage\",\"@id\":\"https:\/\/wm.pb.edu.pl\/iib\/nauka\/kierunki-badan\/\",\"url\":\"https:\/\/wm.pb.edu.pl\/iib\/nauka\/kierunki-badan\/\",\"name\":\"Kierunki bada\u0144 - Instytut In\u017cynierii Biomedycznej\",\"isPartOf\":{\"@id\":\"https:\/\/wm.pb.edu.pl\/iib\/#website\"},\"primaryImageOfPage\":{\"@id\":\"https:\/\/wm.pb.edu.pl\/iib\/nauka\/kierunki-badan\/#primaryimage\"},\"image\":{\"@id\":\"https:\/\/wm.pb.edu.pl\/iib\/nauka\/kierunki-badan\/#primaryimage\"},\"thumbnailUrl\":\"https:\/\/wm.pb.edu.pl\/iib\/wp-content\/uploads\/sites\/7\/2022\/02\/medicine-doctor-looking-x-ray-image-2021-08-27-23-18-43-utc-300x200.jpg\",\"datePublished\":\"2018-06-26T10:19:09+00:00\",\"dateModified\":\"2025-12-16T14:09:20+00:00\",\"breadcrumb\":{\"@id\":\"https:\/\/wm.pb.edu.pl\/iib\/nauka\/kierunki-badan\/#breadcrumb\"},\"inLanguage\":\"pl-PL\",\"potentialAction\":[{\"@type\":\"ReadAction\",\"target\":[\"https:\/\/wm.pb.edu.pl\/iib\/nauka\/kierunki-badan\/\"]}]},{\"@type\":\"ImageObject\",\"inLanguage\":\"pl-PL\",\"@id\":\"https:\/\/wm.pb.edu.pl\/iib\/nauka\/kierunki-badan\/#primaryimage\",\"url\":\"https:\/\/wm.pb.edu.pl\/iib\/wp-content\/uploads\/sites\/7\/2022\/02\/medicine-doctor-looking-x-ray-image-2021-08-27-23-18-43-utc-300x200.jpg\",\"contentUrl\":\"https:\/\/wm.pb.edu.pl\/iib\/wp-content\/uploads\/sites\/7\/2022\/02\/medicine-doctor-looking-x-ray-image-2021-08-27-23-18-43-utc-300x200.jpg\"},{\"@type\":\"BreadcrumbList\",\"@id\":\"https:\/\/wm.pb.edu.pl\/iib\/nauka\/kierunki-badan\/#breadcrumb\",\"itemListElement\":[{\"@type\":\"ListItem\",\"position\":1,\"name\":\"Strona g\u0142\u00f3wna\",\"item\":\"https:\/\/wm.pb.edu.pl\/iib\/\"},{\"@type\":\"ListItem\",\"position\":2,\"name\":\"Nauka\",\"item\":\"https:\/\/wm.pb.edu.pl\/iib\/nauka\/\"},{\"@type\":\"ListItem\",\"position\":3,\"name\":\"Kierunki bada\u0144\"}]},{\"@type\":\"WebSite\",\"@id\":\"https:\/\/wm.pb.edu.pl\/iib\/#website\",\"url\":\"https:\/\/wm.pb.edu.pl\/iib\/\",\"name\":\"Instytut In\u017cynierii Biomedycznej\",\"description\":\"\",\"potentialAction\":[{\"@type\":\"SearchAction\",\"target\":{\"@type\":\"EntryPoint\",\"urlTemplate\":\"https:\/\/wm.pb.edu.pl\/iib\/?s={search_term_string}\"},\"query-input\":{\"@type\":\"PropertyValueSpecification\",\"valueRequired\":true,\"valueName\":\"search_term_string\"}}],\"inLanguage\":\"pl-PL\"}]}<\/script>\n<!-- \/ Yoast SEO plugin. -->","yoast_head_json":{"title":"Kierunki bada\u0144 - Instytut In\u017cynierii Biomedycznej","robots":{"index":"index","follow":"follow","max-snippet":"max-snippet:-1","max-image-preview":"max-image-preview:large","max-video-preview":"max-video-preview:-1"},"canonical":"https:\/\/wm.pb.edu.pl\/iib\/nauka\/kierunki-badan\/","og_locale":"pl_PL","og_type":"article","og_title":"Kierunki bada\u0144 - Instytut In\u017cynierii Biomedycznej","og_description":"Dzia\u0142alno\u015b\u0107 naukowo-badawcza Instytutu&nbsp;In\u017cynierii Biomedycznej koncentruje si\u0119 wok\u00f3\u0142 kilku zasadniczych kierunk\u00f3w: biomechaniki (badania modelowe dotycz\u0105ce analizywi\u0119cej","og_url":"https:\/\/wm.pb.edu.pl\/iib\/nauka\/kierunki-badan\/","og_site_name":"Instytut In\u017cynierii Biomedycznej","article_modified_time":"2025-12-16T14:09:20+00:00","og_image":[{"width":2560,"height":1709,"url":"https:\/\/wm.pb.edu.pl\/iib\/wp-content\/uploads\/sites\/7\/2022\/02\/medicine-doctor-looking-x-ray-image-2021-08-27-23-18-43-utc-scaled.jpg","type":"image\/jpeg"}],"twitter_card":"summary_large_image","twitter_misc":{"Szacowany czas czytania":"3 minuty"},"schema":{"@context":"https:\/\/schema.org","@graph":[{"@type":"WebPage","@id":"https:\/\/wm.pb.edu.pl\/iib\/nauka\/kierunki-badan\/","url":"https:\/\/wm.pb.edu.pl\/iib\/nauka\/kierunki-badan\/","name":"Kierunki bada\u0144 - Instytut In\u017cynierii Biomedycznej","isPartOf":{"@id":"https:\/\/wm.pb.edu.pl\/iib\/#website"},"primaryImageOfPage":{"@id":"https:\/\/wm.pb.edu.pl\/iib\/nauka\/kierunki-badan\/#primaryimage"},"image":{"@id":"https:\/\/wm.pb.edu.pl\/iib\/nauka\/kierunki-badan\/#primaryimage"},"thumbnailUrl":"https:\/\/wm.pb.edu.pl\/iib\/wp-content\/uploads\/sites\/7\/2022\/02\/medicine-doctor-looking-x-ray-image-2021-08-27-23-18-43-utc-300x200.jpg","datePublished":"2018-06-26T10:19:09+00:00","dateModified":"2025-12-16T14:09:20+00:00","breadcrumb":{"@id":"https:\/\/wm.pb.edu.pl\/iib\/nauka\/kierunki-badan\/#breadcrumb"},"inLanguage":"pl-PL","potentialAction":[{"@type":"ReadAction","target":["https:\/\/wm.pb.edu.pl\/iib\/nauka\/kierunki-badan\/"]}]},{"@type":"ImageObject","inLanguage":"pl-PL","@id":"https:\/\/wm.pb.edu.pl\/iib\/nauka\/kierunki-badan\/#primaryimage","url":"https:\/\/wm.pb.edu.pl\/iib\/wp-content\/uploads\/sites\/7\/2022\/02\/medicine-doctor-looking-x-ray-image-2021-08-27-23-18-43-utc-300x200.jpg","contentUrl":"https:\/\/wm.pb.edu.pl\/iib\/wp-content\/uploads\/sites\/7\/2022\/02\/medicine-doctor-looking-x-ray-image-2021-08-27-23-18-43-utc-300x200.jpg"},{"@type":"BreadcrumbList","@id":"https:\/\/wm.pb.edu.pl\/iib\/nauka\/kierunki-badan\/#breadcrumb","itemListElement":[{"@type":"ListItem","position":1,"name":"Strona g\u0142\u00f3wna","item":"https:\/\/wm.pb.edu.pl\/iib\/"},{"@type":"ListItem","position":2,"name":"Nauka","item":"https:\/\/wm.pb.edu.pl\/iib\/nauka\/"},{"@type":"ListItem","position":3,"name":"Kierunki bada\u0144"}]},{"@type":"WebSite","@id":"https:\/\/wm.pb.edu.pl\/iib\/#website","url":"https:\/\/wm.pb.edu.pl\/iib\/","name":"Instytut In\u017cynierii Biomedycznej","description":"","potentialAction":[{"@type":"SearchAction","target":{"@type":"EntryPoint","urlTemplate":"https:\/\/wm.pb.edu.pl\/iib\/?s={search_term_string}"},"query-input":{"@type":"PropertyValueSpecification","valueRequired":true,"valueName":"search_term_string"}}],"inLanguage":"pl-PL"}]}},"_links":{"self":[{"href":"https:\/\/wm.pb.edu.pl\/iib\/wp-json\/wp\/v2\/pages\/52","targetHints":{"allow":["GET"]}}],"collection":[{"href":"https:\/\/wm.pb.edu.pl\/iib\/wp-json\/wp\/v2\/pages"}],"about":[{"href":"https:\/\/wm.pb.edu.pl\/iib\/wp-json\/wp\/v2\/types\/page"}],"author":[{"embeddable":true,"href":"https:\/\/wm.pb.edu.pl\/iib\/wp-json\/wp\/v2\/users\/75"}],"replies":[{"embeddable":true,"href":"https:\/\/wm.pb.edu.pl\/iib\/wp-json\/wp\/v2\/comments?post=52"}],"version-history":[{"count":8,"href":"https:\/\/wm.pb.edu.pl\/iib\/wp-json\/wp\/v2\/pages\/52\/revisions"}],"predecessor-version":[{"id":1030,"href":"https:\/\/wm.pb.edu.pl\/iib\/wp-json\/wp\/v2\/pages\/52\/revisions\/1030"}],"up":[{"embeddable":true,"href":"https:\/\/wm.pb.edu.pl\/iib\/wp-json\/wp\/v2\/pages\/36"}],"wp:attachment":[{"href":"https:\/\/wm.pb.edu.pl\/iib\/wp-json\/wp\/v2\/media?parent=52"}],"curies":[{"name":"wp","href":"https:\/\/api.w.org\/{rel}","templated":true}]}}