{"id":573,"date":"2022-02-27T22:35:56","date_gmt":"2022-02-27T21:35:56","guid":{"rendered":"https:\/\/wm.pb.edu.pl\/iib\/?page_id=573"},"modified":"2025-02-25T19:23:55","modified_gmt":"2025-02-25T18:23:55","slug":"pracownia-biomechaniki","status":"publish","type":"page","link":"https:\/\/wm.pb.edu.pl\/iib\/infrastruktura-badawcza\/pracownia-biomechaniki\/","title":{"rendered":"Pracownia Biomechaniki"},"content":{"rendered":"<section><\/section>\n<section>\n<h4><strong>Laboratorium In\u017cynierii Tkankowej<\/strong><\/h4>\n<p><img loading=\"lazy\" decoding=\"async\" class=\"alignnone size-full wp-image-908\" src=\"https:\/\/wm.pb.edu.pl\/iib\/wp-content\/uploads\/sites\/7\/2025\/02\/Lab.-inzynierii-tkankowej.png\" alt=\"Stanowisko do bada\u0144 mechanobiologicznych\" width=\"395\" height=\"278\" srcset=\"https:\/\/wm.pb.edu.pl\/iib\/wp-content\/uploads\/sites\/7\/2025\/02\/Lab.-inzynierii-tkankowej.png 395w, https:\/\/wm.pb.edu.pl\/iib\/wp-content\/uploads\/sites\/7\/2025\/02\/Lab.-inzynierii-tkankowej-300x211.png 300w\" sizes=\"auto, (max-width: 395px) 100vw, 395px\" \/><\/p>\n<p>Stanowisko badawcze sk\u0142ada si\u0119 z zestawu zaawansowanych urz\u0105dze\u0144 laboratoryjnych, kt\u00f3re umo\u017cliwiaj\u0105 prowadzenie precyzyjnych eksperyment\u00f3w w kontrolowanych warunkach.<\/p>\n<h5>W sk\u0142ad stanowiska wchodz\u0105:<\/h5>\n<ul>\n<li><strong>Bioreaktor Ebers TC-3F<\/strong> \u2013 urz\u0105dzenie przeznaczone do hodowli kom\u00f3rkowych w warunkach dynamicznych, zapewniaj\u0105ce precyzyjn\u0105 kontrol\u0119 kluczowych parametr\u00f3w, takich jak przep\u0142yw medium.\n<ul>\n<li>Wymiary (S x G x W): 285 x 478 x 110 mm (pionowa), 290 x 300 x 492\u2013512 mm (pozioma)<\/li>\n<li>Liczba kom\u00f3r: Do 3 jednoczesnych pr\u00f3bek<\/li>\n<li>Minimalny przyrost przemieszczenia: 0,005 mm<\/li>\n<li>Maksymalna si\u0142a: 400 N<\/li>\n<li>System sterowania: Oprogramowanie steruj\u0105ce na komputerze PC<\/li>\n<\/ul>\n<\/li>\n<li><strong>Pompa perfuzyjna BT100-3J<\/strong> \u2013 precyzyjna pompa perystaltyczna.\n<ul>\n<li>Zakres pr\u0119dko\u015bci: 0,1\u2013100 obr.\/min<\/li>\n<li>Dok\u0142adno\u015b\u0107 pr\u0119dko\u015bci: \u00b10,2%<\/li>\n<li>Wy\u015bwietlacz: LCD<\/li>\n<\/ul>\n<\/li>\n<li><strong>Inkubator WPL-30BE<\/strong> \u2013 urz\u0105dzenie do utrzymywania sta\u0142ej temperatury i wilgotno\u015bci.\n<ul>\n<li>Zakres temperatury: 0\u00b0C do +70\u00b0C<\/li>\n<li>Pojemno\u015b\u0107: 32 litry<\/li>\n<li>Zasilanie: 230 V, 50\/60 Hz<\/li>\n<\/ul>\n<\/li>\n<li><strong>Analizator wilgotno\u015bci ATS210<\/strong> \u2013 sprz\u0119t do precyzyjnego pomiaru wilgotno\u015bci.\n<ul>\n<li>Zakres wa\u017cenia: 0\u2013210 g<\/li>\n<li>Dok\u0142adno\u015b\u0107 odczytu: 0,001 g<\/li>\n<li>Zakres temperatury suszenia: 40\u00b0C do 199\u00b0C<\/li>\n<\/ul>\n<\/li>\n<li><strong>pH-metr HI2030-02<\/strong> \u2013 zaawansowane urz\u0105dzenie do precyzyjnych pomiar\u00f3w pH.\n<ul>\n<li>Zakres pomiaru przewodno\u015bci: 0,00 \u00b5S\/cm do 500 mS\/cm<\/li>\n<li>Zakres pomiaru zasolenia: 0,0 do 400,0%<\/li>\n<li>Zasilanie: 230 V<\/li>\n<\/ul>\n<\/li>\n<li><strong>Sterylizator laboratoryjny SRN 53 SMART<\/strong> \u2013 nowoczesny autoklaw.\n<ul>\n<li>Pojemno\u015b\u0107 komory: 56 litr\u00f3w<\/li>\n<li>Zakres temperatury: 5\u00b0C powy\u017cej temperatury otoczenia do 250\u00b0C<\/li>\n<li>Wy\u015bwietlacz: 4,3-calowy, pe\u0142nokolorowy ekran dotykowy<\/li>\n<li>Zasilanie: 230 V, 50-60 Hz<\/li>\n<\/ul>\n<\/li>\n<\/ul>\n<\/section>\n","protected":false},"excerpt":{"rendered":"<p>Laboratorium In\u017cynierii Tkankowej Stanowisko badawcze sk\u0142ada si\u0119 z zestawu zaawansowanych urz\u0105dze\u0144 laboratoryjnych, kt\u00f3re umo\u017cliwiaj\u0105 prowadzenie<a class=\"read-more\" href=\"https:\/\/wm.pb.edu.pl\/iib\/infrastruktura-badawcza\/pracownia-biomechaniki\/\" title=\"Poka\u017c artyku\u0142 Pracownia Biomechaniki\">wi\u0119cej<\/a><\/p>\n","protected":false},"author":75,"featured_media":0,"parent":44,"menu_order":0,"comment_status":"closed","ping_status":"closed","template":"","meta":{"inline_featured_image":false,"ngg_post_thumbnail":0,"footnotes":""},"class_list":["post-573","page","type-page","status-publish","hentry"],"acf":[],"yoast_head":"<!-- This site is optimized with the Yoast SEO plugin v26.4 - https:\/\/yoast.com\/wordpress\/plugins\/seo\/ -->\n<title>Pracownia Biomechaniki - Instytut In\u017cynierii Biomedycznej<\/title>\n<meta name=\"robots\" content=\"index, follow, max-snippet:-1, max-image-preview:large, max-video-preview:-1\" \/>\n<link rel=\"canonical\" href=\"https:\/\/wm.pb.edu.pl\/iib\/infrastruktura-badawcza\/pracownia-biomechaniki\/\" \/>\n<meta property=\"og:locale\" content=\"pl_PL\" \/>\n<meta property=\"og:type\" content=\"article\" \/>\n<meta property=\"og:title\" content=\"Pracownia Biomechaniki - Instytut In\u017cynierii Biomedycznej\" \/>\n<meta property=\"og:description\" content=\"Laboratorium In\u017cynierii Tkankowej Stanowisko badawcze sk\u0142ada si\u0119 z zestawu zaawansowanych urz\u0105dze\u0144 laboratoryjnych, kt\u00f3re umo\u017cliwiaj\u0105 prowadzeniewi\u0119cej\" \/>\n<meta property=\"og:url\" content=\"https:\/\/wm.pb.edu.pl\/iib\/infrastruktura-badawcza\/pracownia-biomechaniki\/\" \/>\n<meta property=\"og:site_name\" content=\"Instytut In\u017cynierii Biomedycznej\" \/>\n<meta property=\"article:modified_time\" content=\"2025-02-25T18:23:55+00:00\" \/>\n<meta property=\"og:image\" content=\"https:\/\/wm.pb.edu.pl\/iib\/wp-content\/uploads\/sites\/7\/2025\/02\/Lab.-inzynierii-tkankowej.png\" \/>\n\t<meta property=\"og:image:width\" content=\"395\" \/>\n\t<meta property=\"og:image:height\" content=\"278\" \/>\n\t<meta property=\"og:image:type\" content=\"image\/png\" \/>\n<meta name=\"twitter:card\" content=\"summary_large_image\" \/>\n<meta name=\"twitter:label1\" content=\"Szacowany czas czytania\" \/>\n\t<meta name=\"twitter:data1\" content=\"2 minuty\" \/>\n<script type=\"application\/ld+json\" class=\"yoast-schema-graph\">{\"@context\":\"https:\/\/schema.org\",\"@graph\":[{\"@type\":\"WebPage\",\"@id\":\"https:\/\/wm.pb.edu.pl\/iib\/infrastruktura-badawcza\/pracownia-biomechaniki\/\",\"url\":\"https:\/\/wm.pb.edu.pl\/iib\/infrastruktura-badawcza\/pracownia-biomechaniki\/\",\"name\":\"Pracownia Biomechaniki - Instytut In\u017cynierii Biomedycznej\",\"isPartOf\":{\"@id\":\"https:\/\/wm.pb.edu.pl\/iib\/#website\"},\"primaryImageOfPage\":{\"@id\":\"https:\/\/wm.pb.edu.pl\/iib\/infrastruktura-badawcza\/pracownia-biomechaniki\/#primaryimage\"},\"image\":{\"@id\":\"https:\/\/wm.pb.edu.pl\/iib\/infrastruktura-badawcza\/pracownia-biomechaniki\/#primaryimage\"},\"thumbnailUrl\":\"https:\/\/wm.pb.edu.pl\/iib\/wp-content\/uploads\/sites\/7\/2025\/02\/Lab.-inzynierii-tkankowej.png\",\"datePublished\":\"2022-02-27T21:35:56+00:00\",\"dateModified\":\"2025-02-25T18:23:55+00:00\",\"breadcrumb\":{\"@id\":\"https:\/\/wm.pb.edu.pl\/iib\/infrastruktura-badawcza\/pracownia-biomechaniki\/#breadcrumb\"},\"inLanguage\":\"pl-PL\",\"potentialAction\":[{\"@type\":\"ReadAction\",\"target\":[\"https:\/\/wm.pb.edu.pl\/iib\/infrastruktura-badawcza\/pracownia-biomechaniki\/\"]}]},{\"@type\":\"ImageObject\",\"inLanguage\":\"pl-PL\",\"@id\":\"https:\/\/wm.pb.edu.pl\/iib\/infrastruktura-badawcza\/pracownia-biomechaniki\/#primaryimage\",\"url\":\"https:\/\/wm.pb.edu.pl\/iib\/wp-content\/uploads\/sites\/7\/2025\/02\/Lab.-inzynierii-tkankowej.png\",\"contentUrl\":\"https:\/\/wm.pb.edu.pl\/iib\/wp-content\/uploads\/sites\/7\/2025\/02\/Lab.-inzynierii-tkankowej.png\",\"width\":395,\"height\":278,\"caption\":\"Stanowisko do bada\u0144 mechanobiologicznych\"},{\"@type\":\"BreadcrumbList\",\"@id\":\"https:\/\/wm.pb.edu.pl\/iib\/infrastruktura-badawcza\/pracownia-biomechaniki\/#breadcrumb\",\"itemListElement\":[{\"@type\":\"ListItem\",\"position\":1,\"name\":\"Strona g\u0142\u00f3wna\",\"item\":\"https:\/\/wm.pb.edu.pl\/iib\/\"},{\"@type\":\"ListItem\",\"position\":2,\"name\":\"Infrastruktura badawcza\",\"item\":\"https:\/\/wm.pb.edu.pl\/iib\/infrastruktura-badawcza\/\"},{\"@type\":\"ListItem\",\"position\":3,\"name\":\"Pracownia Biomechaniki\"}]},{\"@type\":\"WebSite\",\"@id\":\"https:\/\/wm.pb.edu.pl\/iib\/#website\",\"url\":\"https:\/\/wm.pb.edu.pl\/iib\/\",\"name\":\"Instytut In\u017cynierii Biomedycznej\",\"description\":\"\",\"potentialAction\":[{\"@type\":\"SearchAction\",\"target\":{\"@type\":\"EntryPoint\",\"urlTemplate\":\"https:\/\/wm.pb.edu.pl\/iib\/?s={search_term_string}\"},\"query-input\":{\"@type\":\"PropertyValueSpecification\",\"valueRequired\":true,\"valueName\":\"search_term_string\"}}],\"inLanguage\":\"pl-PL\"}]}<\/script>\n<!-- \/ Yoast SEO plugin. -->","yoast_head_json":{"title":"Pracownia Biomechaniki - Instytut In\u017cynierii Biomedycznej","robots":{"index":"index","follow":"follow","max-snippet":"max-snippet:-1","max-image-preview":"max-image-preview:large","max-video-preview":"max-video-preview:-1"},"canonical":"https:\/\/wm.pb.edu.pl\/iib\/infrastruktura-badawcza\/pracownia-biomechaniki\/","og_locale":"pl_PL","og_type":"article","og_title":"Pracownia Biomechaniki - Instytut In\u017cynierii Biomedycznej","og_description":"Laboratorium In\u017cynierii Tkankowej Stanowisko badawcze sk\u0142ada si\u0119 z zestawu zaawansowanych urz\u0105dze\u0144 laboratoryjnych, kt\u00f3re umo\u017cliwiaj\u0105 prowadzeniewi\u0119cej","og_url":"https:\/\/wm.pb.edu.pl\/iib\/infrastruktura-badawcza\/pracownia-biomechaniki\/","og_site_name":"Instytut In\u017cynierii Biomedycznej","article_modified_time":"2025-02-25T18:23:55+00:00","og_image":[{"width":395,"height":278,"url":"https:\/\/wm.pb.edu.pl\/iib\/wp-content\/uploads\/sites\/7\/2025\/02\/Lab.-inzynierii-tkankowej.png","type":"image\/png"}],"twitter_card":"summary_large_image","twitter_misc":{"Szacowany czas czytania":"2 minuty"},"schema":{"@context":"https:\/\/schema.org","@graph":[{"@type":"WebPage","@id":"https:\/\/wm.pb.edu.pl\/iib\/infrastruktura-badawcza\/pracownia-biomechaniki\/","url":"https:\/\/wm.pb.edu.pl\/iib\/infrastruktura-badawcza\/pracownia-biomechaniki\/","name":"Pracownia Biomechaniki - Instytut In\u017cynierii Biomedycznej","isPartOf":{"@id":"https:\/\/wm.pb.edu.pl\/iib\/#website"},"primaryImageOfPage":{"@id":"https:\/\/wm.pb.edu.pl\/iib\/infrastruktura-badawcza\/pracownia-biomechaniki\/#primaryimage"},"image":{"@id":"https:\/\/wm.pb.edu.pl\/iib\/infrastruktura-badawcza\/pracownia-biomechaniki\/#primaryimage"},"thumbnailUrl":"https:\/\/wm.pb.edu.pl\/iib\/wp-content\/uploads\/sites\/7\/2025\/02\/Lab.-inzynierii-tkankowej.png","datePublished":"2022-02-27T21:35:56+00:00","dateModified":"2025-02-25T18:23:55+00:00","breadcrumb":{"@id":"https:\/\/wm.pb.edu.pl\/iib\/infrastruktura-badawcza\/pracownia-biomechaniki\/#breadcrumb"},"inLanguage":"pl-PL","potentialAction":[{"@type":"ReadAction","target":["https:\/\/wm.pb.edu.pl\/iib\/infrastruktura-badawcza\/pracownia-biomechaniki\/"]}]},{"@type":"ImageObject","inLanguage":"pl-PL","@id":"https:\/\/wm.pb.edu.pl\/iib\/infrastruktura-badawcza\/pracownia-biomechaniki\/#primaryimage","url":"https:\/\/wm.pb.edu.pl\/iib\/wp-content\/uploads\/sites\/7\/2025\/02\/Lab.-inzynierii-tkankowej.png","contentUrl":"https:\/\/wm.pb.edu.pl\/iib\/wp-content\/uploads\/sites\/7\/2025\/02\/Lab.-inzynierii-tkankowej.png","width":395,"height":278,"caption":"Stanowisko do bada\u0144 mechanobiologicznych"},{"@type":"BreadcrumbList","@id":"https:\/\/wm.pb.edu.pl\/iib\/infrastruktura-badawcza\/pracownia-biomechaniki\/#breadcrumb","itemListElement":[{"@type":"ListItem","position":1,"name":"Strona g\u0142\u00f3wna","item":"https:\/\/wm.pb.edu.pl\/iib\/"},{"@type":"ListItem","position":2,"name":"Infrastruktura badawcza","item":"https:\/\/wm.pb.edu.pl\/iib\/infrastruktura-badawcza\/"},{"@type":"ListItem","position":3,"name":"Pracownia Biomechaniki"}]},{"@type":"WebSite","@id":"https:\/\/wm.pb.edu.pl\/iib\/#website","url":"https:\/\/wm.pb.edu.pl\/iib\/","name":"Instytut In\u017cynierii Biomedycznej","description":"","potentialAction":[{"@type":"SearchAction","target":{"@type":"EntryPoint","urlTemplate":"https:\/\/wm.pb.edu.pl\/iib\/?s={search_term_string}"},"query-input":{"@type":"PropertyValueSpecification","valueRequired":true,"valueName":"search_term_string"}}],"inLanguage":"pl-PL"}]}},"_links":{"self":[{"href":"https:\/\/wm.pb.edu.pl\/iib\/wp-json\/wp\/v2\/pages\/573","targetHints":{"allow":["GET"]}}],"collection":[{"href":"https:\/\/wm.pb.edu.pl\/iib\/wp-json\/wp\/v2\/pages"}],"about":[{"href":"https:\/\/wm.pb.edu.pl\/iib\/wp-json\/wp\/v2\/types\/page"}],"author":[{"embeddable":true,"href":"https:\/\/wm.pb.edu.pl\/iib\/wp-json\/wp\/v2\/users\/75"}],"replies":[{"embeddable":true,"href":"https:\/\/wm.pb.edu.pl\/iib\/wp-json\/wp\/v2\/comments?post=573"}],"version-history":[{"count":10,"href":"https:\/\/wm.pb.edu.pl\/iib\/wp-json\/wp\/v2\/pages\/573\/revisions"}],"predecessor-version":[{"id":945,"href":"https:\/\/wm.pb.edu.pl\/iib\/wp-json\/wp\/v2\/pages\/573\/revisions\/945"}],"up":[{"embeddable":true,"href":"https:\/\/wm.pb.edu.pl\/iib\/wp-json\/wp\/v2\/pages\/44"}],"wp:attachment":[{"href":"https:\/\/wm.pb.edu.pl\/iib\/wp-json\/wp\/v2\/media?parent=573"}],"curies":[{"name":"wp","href":"https:\/\/api.w.org\/{rel}","templated":true}]}}