{"id":58,"date":"2018-06-26T12:21:53","date_gmt":"2018-06-26T10:21:53","guid":{"rendered":"https:\/\/wm.pb.edu.pl\/kbiib\/?page_id=58"},"modified":"2025-01-21T18:53:02","modified_gmt":"2025-01-21T17:53:02","slug":"wspolpraca-krajowa-zagraniczna","status":"publish","type":"page","link":"https:\/\/wm.pb.edu.pl\/iib\/nauka\/wspolpraca-krajowa-zagraniczna\/","title":{"rendered":"Wsp\u00f3\u0142praca\/krajowa\/zagraniczna"},"content":{"rendered":"<h3><strong>Wsp\u00f3\u0142praca krajowa<\/strong><\/h3>\n<p>Pracownicy Instytutu In\u017cynierii Biomedycznej podejmuj\u0105 wsp\u00f3\u0142prac\u0119 z wieloma o\u015brodkami naukowymi w Polsce, w\u015br\u00f3d nich znajduj\u0105 si\u0119:<\/p>\n<ul>\n<li>Uniwersytet w Bia\u0142ymstoku;<\/li>\n<li>Uniwersytet Medyczny w Bia\u0142ymstoku;<\/li>\n<li>Politechnika \u015al\u0105ska;<\/li>\n<li>Wojskowy Instytut Medyczny;<\/li>\n<li>Uniwersytet Medyczny w Poznaniu;<\/li>\n<li>Instytut \u201ePomnik &#8211; Centrum Zdrowia Dziecka\u201d w Warszawie;<\/li>\n<li>Uniwersytecki Dzieci\u0119cy Szpital Kliniczny w Bia\u0142ymstoku;<\/li>\n<li>Uniwersytet Medyczny w Lublinie;<\/li>\n<li>Uniwersytet Technologiczno-Przyrodniczy w Bydgoszczy;<\/li>\n<li>Coat &#8211; it;<\/li>\n<li>Akademia G\u00f3rniczo-Hutnicza im. St. Staszica w Krakowie;<\/li>\n<li>Szko\u0142a G\u0142\u00f3wna Gospodarstwa Wiejskiego w Warszawie;<\/li>\n<li>Krajowe Towarzystwo Autyzmu Oddzia\u0142 w Bia\u0142ymstoku;<\/li>\n<li>Uniwersytet Technologiczno-Przyrodniczy w Bydgoszczy;<\/li>\n<li>Politechnika Pozna\u0144ska.<\/li>\n<\/ul>\n<p>&nbsp;<\/p>\n<h3><strong>Wsp\u00f3\u0142praca zagraniczna<\/strong><\/h3>\n<p>W ramach wsp\u00f3\u0142pracy mi\u0119dzynarodowej Instytut dzia\u0142a z wieloma jednostkami naukowymi w Europie i na \u015bwiecie, w\u015br\u00f3d nich mo\u017cna wymieni\u0107:<\/p>\n<ul>\n<li>University of Pennsylvania (USA);<\/li>\n<li>Chemnitz University of Technology (Niemcy);<\/li>\n<li>HZDR \u2013 Helmholtz-Zentrum Dresden-Rossendorf (Niemcy);<\/li>\n<li>Vilnius Gediminas Technical University (Litwa);<\/li>\n<li>Yanka Kupala State University of Grodno (Bia\u0142oru\u015b);<\/li>\n<li>Grodno State Medical University (Bia\u0142oru\u015b);<\/li>\n<li>Grodno City Emergency Hospital (Bia\u0142oru\u015b);<\/li>\n<li>Research &amp; Technology Development Glenrose Rehabilitation Hospital w Edmonton (Kanada);<\/li>\n<li>Baylor College of Medicine (USA);<\/li>\n<li>Instituto Politecnico de Viana do Castelo (Portugalia).<\/li>\n<\/ul>\n<p>&nbsp;<\/p>\n","protected":false},"excerpt":{"rendered":"<p>Wsp\u00f3\u0142praca krajowa Pracownicy Instytutu In\u017cynierii Biomedycznej podejmuj\u0105 wsp\u00f3\u0142prac\u0119 z wieloma o\u015brodkami naukowymi w Polsce, w\u015br\u00f3d<a class=\"read-more\" href=\"https:\/\/wm.pb.edu.pl\/iib\/nauka\/wspolpraca-krajowa-zagraniczna\/\" title=\"Poka\u017c artyku\u0142 Wsp\u00f3\u0142praca\/krajowa\/zagraniczna\">wi\u0119cej<\/a><\/p>\n","protected":false},"author":75,"featured_media":0,"parent":36,"menu_order":4,"comment_status":"closed","ping_status":"closed","template":"","meta":{"inline_featured_image":false,"ngg_post_thumbnail":0,"footnotes":""},"class_list":["post-58","page","type-page","status-publish","hentry"],"acf":[],"yoast_head":"<!-- This site is optimized with the Yoast SEO plugin v26.4 - https:\/\/yoast.com\/wordpress\/plugins\/seo\/ -->\n<title>Wsp\u00f3\u0142praca\/krajowa\/zagraniczna - Instytut In\u017cynierii Biomedycznej<\/title>\n<meta name=\"robots\" content=\"index, follow, max-snippet:-1, max-image-preview:large, max-video-preview:-1\" \/>\n<link rel=\"canonical\" href=\"https:\/\/wm.pb.edu.pl\/iib\/nauka\/wspolpraca-krajowa-zagraniczna\/\" \/>\n<meta property=\"og:locale\" content=\"pl_PL\" \/>\n<meta property=\"og:type\" content=\"article\" \/>\n<meta property=\"og:title\" content=\"Wsp\u00f3\u0142praca\/krajowa\/zagraniczna - Instytut In\u017cynierii Biomedycznej\" \/>\n<meta property=\"og:description\" content=\"Wsp\u00f3\u0142praca krajowa Pracownicy Instytutu In\u017cynierii Biomedycznej podejmuj\u0105 wsp\u00f3\u0142prac\u0119 z wieloma o\u015brodkami naukowymi w Polsce, w\u015br\u00f3dwi\u0119cej\" \/>\n<meta property=\"og:url\" content=\"https:\/\/wm.pb.edu.pl\/iib\/nauka\/wspolpraca-krajowa-zagraniczna\/\" \/>\n<meta property=\"og:site_name\" content=\"Instytut In\u017cynierii Biomedycznej\" \/>\n<meta property=\"article:modified_time\" content=\"2025-01-21T17:53:02+00:00\" \/>\n<meta name=\"twitter:card\" content=\"summary_large_image\" \/>\n<meta name=\"twitter:label1\" content=\"Szacowany czas czytania\" \/>\n\t<meta name=\"twitter:data1\" content=\"1 minuta\" \/>\n<script type=\"application\/ld+json\" class=\"yoast-schema-graph\">{\"@context\":\"https:\/\/schema.org\",\"@graph\":[{\"@type\":\"WebPage\",\"@id\":\"https:\/\/wm.pb.edu.pl\/iib\/nauka\/wspolpraca-krajowa-zagraniczna\/\",\"url\":\"https:\/\/wm.pb.edu.pl\/iib\/nauka\/wspolpraca-krajowa-zagraniczna\/\",\"name\":\"Wsp\u00f3\u0142praca\/krajowa\/zagraniczna - Instytut In\u017cynierii Biomedycznej\",\"isPartOf\":{\"@id\":\"https:\/\/wm.pb.edu.pl\/iib\/#website\"},\"datePublished\":\"2018-06-26T10:21:53+00:00\",\"dateModified\":\"2025-01-21T17:53:02+00:00\",\"breadcrumb\":{\"@id\":\"https:\/\/wm.pb.edu.pl\/iib\/nauka\/wspolpraca-krajowa-zagraniczna\/#breadcrumb\"},\"inLanguage\":\"pl-PL\",\"potentialAction\":[{\"@type\":\"ReadAction\",\"target\":[\"https:\/\/wm.pb.edu.pl\/iib\/nauka\/wspolpraca-krajowa-zagraniczna\/\"]}]},{\"@type\":\"BreadcrumbList\",\"@id\":\"https:\/\/wm.pb.edu.pl\/iib\/nauka\/wspolpraca-krajowa-zagraniczna\/#breadcrumb\",\"itemListElement\":[{\"@type\":\"ListItem\",\"position\":1,\"name\":\"Strona g\u0142\u00f3wna\",\"item\":\"https:\/\/wm.pb.edu.pl\/iib\/\"},{\"@type\":\"ListItem\",\"position\":2,\"name\":\"Nauka\",\"item\":\"https:\/\/wm.pb.edu.pl\/iib\/nauka\/\"},{\"@type\":\"ListItem\",\"position\":3,\"name\":\"Wsp\u00f3\u0142praca\/krajowa\/zagraniczna\"}]},{\"@type\":\"WebSite\",\"@id\":\"https:\/\/wm.pb.edu.pl\/iib\/#website\",\"url\":\"https:\/\/wm.pb.edu.pl\/iib\/\",\"name\":\"Instytut In\u017cynierii Biomedycznej\",\"description\":\"\",\"potentialAction\":[{\"@type\":\"SearchAction\",\"target\":{\"@type\":\"EntryPoint\",\"urlTemplate\":\"https:\/\/wm.pb.edu.pl\/iib\/?s={search_term_string}\"},\"query-input\":{\"@type\":\"PropertyValueSpecification\",\"valueRequired\":true,\"valueName\":\"search_term_string\"}}],\"inLanguage\":\"pl-PL\"}]}<\/script>\n<!-- \/ Yoast SEO plugin. -->","yoast_head_json":{"title":"Wsp\u00f3\u0142praca\/krajowa\/zagraniczna - Instytut In\u017cynierii Biomedycznej","robots":{"index":"index","follow":"follow","max-snippet":"max-snippet:-1","max-image-preview":"max-image-preview:large","max-video-preview":"max-video-preview:-1"},"canonical":"https:\/\/wm.pb.edu.pl\/iib\/nauka\/wspolpraca-krajowa-zagraniczna\/","og_locale":"pl_PL","og_type":"article","og_title":"Wsp\u00f3\u0142praca\/krajowa\/zagraniczna - Instytut In\u017cynierii Biomedycznej","og_description":"Wsp\u00f3\u0142praca krajowa Pracownicy Instytutu In\u017cynierii Biomedycznej podejmuj\u0105 wsp\u00f3\u0142prac\u0119 z wieloma o\u015brodkami naukowymi w Polsce, w\u015br\u00f3dwi\u0119cej","og_url":"https:\/\/wm.pb.edu.pl\/iib\/nauka\/wspolpraca-krajowa-zagraniczna\/","og_site_name":"Instytut In\u017cynierii Biomedycznej","article_modified_time":"2025-01-21T17:53:02+00:00","twitter_card":"summary_large_image","twitter_misc":{"Szacowany czas czytania":"1 minuta"},"schema":{"@context":"https:\/\/schema.org","@graph":[{"@type":"WebPage","@id":"https:\/\/wm.pb.edu.pl\/iib\/nauka\/wspolpraca-krajowa-zagraniczna\/","url":"https:\/\/wm.pb.edu.pl\/iib\/nauka\/wspolpraca-krajowa-zagraniczna\/","name":"Wsp\u00f3\u0142praca\/krajowa\/zagraniczna - Instytut In\u017cynierii Biomedycznej","isPartOf":{"@id":"https:\/\/wm.pb.edu.pl\/iib\/#website"},"datePublished":"2018-06-26T10:21:53+00:00","dateModified":"2025-01-21T17:53:02+00:00","breadcrumb":{"@id":"https:\/\/wm.pb.edu.pl\/iib\/nauka\/wspolpraca-krajowa-zagraniczna\/#breadcrumb"},"inLanguage":"pl-PL","potentialAction":[{"@type":"ReadAction","target":["https:\/\/wm.pb.edu.pl\/iib\/nauka\/wspolpraca-krajowa-zagraniczna\/"]}]},{"@type":"BreadcrumbList","@id":"https:\/\/wm.pb.edu.pl\/iib\/nauka\/wspolpraca-krajowa-zagraniczna\/#breadcrumb","itemListElement":[{"@type":"ListItem","position":1,"name":"Strona g\u0142\u00f3wna","item":"https:\/\/wm.pb.edu.pl\/iib\/"},{"@type":"ListItem","position":2,"name":"Nauka","item":"https:\/\/wm.pb.edu.pl\/iib\/nauka\/"},{"@type":"ListItem","position":3,"name":"Wsp\u00f3\u0142praca\/krajowa\/zagraniczna"}]},{"@type":"WebSite","@id":"https:\/\/wm.pb.edu.pl\/iib\/#website","url":"https:\/\/wm.pb.edu.pl\/iib\/","name":"Instytut In\u017cynierii Biomedycznej","description":"","potentialAction":[{"@type":"SearchAction","target":{"@type":"EntryPoint","urlTemplate":"https:\/\/wm.pb.edu.pl\/iib\/?s={search_term_string}"},"query-input":{"@type":"PropertyValueSpecification","valueRequired":true,"valueName":"search_term_string"}}],"inLanguage":"pl-PL"}]}},"_links":{"self":[{"href":"https:\/\/wm.pb.edu.pl\/iib\/wp-json\/wp\/v2\/pages\/58","targetHints":{"allow":["GET"]}}],"collection":[{"href":"https:\/\/wm.pb.edu.pl\/iib\/wp-json\/wp\/v2\/pages"}],"about":[{"href":"https:\/\/wm.pb.edu.pl\/iib\/wp-json\/wp\/v2\/types\/page"}],"author":[{"embeddable":true,"href":"https:\/\/wm.pb.edu.pl\/iib\/wp-json\/wp\/v2\/users\/75"}],"replies":[{"embeddable":true,"href":"https:\/\/wm.pb.edu.pl\/iib\/wp-json\/wp\/v2\/comments?post=58"}],"version-history":[{"count":13,"href":"https:\/\/wm.pb.edu.pl\/iib\/wp-json\/wp\/v2\/pages\/58\/revisions"}],"predecessor-version":[{"id":880,"href":"https:\/\/wm.pb.edu.pl\/iib\/wp-json\/wp\/v2\/pages\/58\/revisions\/880"}],"up":[{"embeddable":true,"href":"https:\/\/wm.pb.edu.pl\/iib\/wp-json\/wp\/v2\/pages\/36"}],"wp:attachment":[{"href":"https:\/\/wm.pb.edu.pl\/iib\/wp-json\/wp\/v2\/media?parent=58"}],"curies":[{"name":"wp","href":"https:\/\/api.w.org\/{rel}","templated":true}]}}