{"id":864,"date":"2025-01-21T13:55:21","date_gmt":"2025-01-21T12:55:21","guid":{"rendered":"https:\/\/wm.pb.edu.pl\/iib\/?page_id=864"},"modified":"2025-12-08T18:57:58","modified_gmt":"2025-12-08T17:57:58","slug":"pracownia-polimerow-i-kompozytow-2","status":"publish","type":"page","link":"https:\/\/wm.pb.edu.pl\/iib\/infrastruktura-badawcza\/pracownia-polimerow-i-kompozytow-2\/","title":{"rendered":"Pracownia Polimer\u00f3w i Kompozyt\u00f3w"},"content":{"rendered":"<table width=\"100%\" border=\"1\" cellpadding=\"15\" cellspacing=\"0\" style=\"border-collapse: collapse;border-color: #cccccc\">\n<p>  <!-- M\u0142ynek kriogeniczny --><\/p>\n<tr>\n<td width=\"250\" align=\"center\" valign=\"top\" bgcolor=\"#f9f9f9\">\n      <img decoding=\"async\" src=\"https:\/\/wm.pb.edu.pl\/iib\/wp-content\/uploads\/sites\/7\/2025\/03\/Mlynek-kriogeniczny-scaled.jpg\" alt=\"M\u0142ynek kriogeniczny\" width=\"250\">\n    <\/td>\n<td valign=\"top\">\n<h3 style=\"color: #003366;margin-top: 0\">M\u0142ynek kriogeniczny SPEX 6875<\/h3>\n<p><strong>Cechy:<\/strong><\/p>\n<ul>\n<li>mielenie pr\u00f3bek w zakresie 0,1 &#8211; 100 g;<\/li>\n<li>funkcja wst\u0119pnego ch\u0142odzenia;<\/li>\n<li>regulowany czas mielenia oraz ch\u0142odzenia;<\/li>\n<li>regulowana liczba cykli miel\u0105cych.<\/li>\n<\/ul>\n<p>Du\u017cy m\u0142yn kriogeniczny, kt\u00f3ry mie\u015bci pr\u00f3bki o wielko\u015bci od 0,1 do 100 gram\u00f3w. Zaprojektowany specjalnie do mielenia kriogenicznego i proszkowania twardych i\/lub wra\u017cliwych na temperatur\u0119 pr\u00f3bek w fiolce miel\u0105cej zanurzonej w ciek\u0142ym azocie.<\/p>\n<\/td>\n<\/tr>\n<p>  <!-- Piknometr helowy --><\/p>\n<tr>\n<td width=\"250\" align=\"center\" valign=\"top\" bgcolor=\"#f9f9f9\">\n      <img decoding=\"async\" src=\"https:\/\/wm.pb.edu.pl\/iib\/wp-content\/uploads\/sites\/7\/2022\/02\/Piknometr-helowy-Micromeritics-Inc-1-300x225.jpg\" alt=\"Piknometr helowy Micromeritics Inc\" width=\"250\">\n    <\/td>\n<td valign=\"top\">\n<h3 style=\"color: #003366;margin-top: 0\">Piknometr helowy Micromeritics Inc., model AccuPyc 1330<\/h3>\n<p><strong>Cechy:<\/strong><\/p>\n<ul>\n<li>komora pomiarowa o obj\u0119to\u015bci 1; 3,5 i 10 cm\u00b3;<\/li>\n<li>w pe\u0142ni zautomatyzowane oznaczanie obj\u0119to\u015bci i g\u0119sto\u015bci w\u0142a\u015bciwej cia\u0142 sta\u0142ych, proszk\u00f3w, materia\u0142\u00f3w ceramicznych, g\u0119stych past;<\/li>\n<li>dok\u0142adno\u015b\u0107 pomiaru obj\u0119to\u015bci \u00b1 0,003%.<\/li>\n<\/ul>\n<p>Piknometr gazowy AccuPyc 1330 wykorzystuje metod\u0119 wyporu gazowego do precyzyjnego okre\u015blania obj\u0119to\u015bci cia\u0142 sta\u0142ych. Zasada pomiaru opiera si\u0119 na prawie Boyle&#8217;a-Mariotte&#8217;a, zgodnie z kt\u00f3rym iloczyn ci\u015bnienia i obj\u0119to\u015bci gazu w sta\u0142ej temperaturze jest warto\u015bci\u0105 sta\u0142\u0105.<\/p>\n<p>Aparat sk\u0142ada si\u0119 z dw\u00f3ch kom\u00f3r o znanych obj\u0119to\u015bciach: komory wzorcowej i komory pr\u00f3bki. Po umieszczeniu pr\u00f3bki w komorze pr\u00f3bki, komora wzorcowa jest nape\u0142niana helem pod okre\u015blonym ci\u015bnieniem. Nast\u0119pnie hel jest ekspandowany do komory pr\u00f3bki. Zmiana ci\u015bnienia pozwala na obliczenie obj\u0119to\u015bci pr\u00f3bki.<\/p>\n<p>Zastosowanie helu jako gazu pomiarowego wynika z jego w\u0142a\u015bciwo\u015bci: jest to gaz oboj\u0119tny, nie wchodzi w reakcje chemiczne z badanymi substancjami, nie adsorbuje si\u0119 na ich powierzchni, a jego niewielki rozmiar atom\u00f3w (0,255 nm) pozwala na penetracj\u0119 por\u00f3w i zag\u0142\u0119bie\u0144.<\/p>\n<p>Piknometr gazowy AccuPyc 1330 umo\u017cliwia nieniszcz\u0105ce badanie obj\u0119to\u015bci cia\u0142 sta\u0142ych litych, porowatych oraz materia\u0142\u00f3w w postaci proszku.<\/p>\n<\/td>\n<\/tr>\n<\/table>\n","protected":false},"excerpt":{"rendered":"<p>M\u0142ynek kriogeniczny SPEX 6875 Cechy: mielenie pr\u00f3bek w zakresie 0,1 &#8211; 100 g; funkcja wst\u0119pnego<a class=\"read-more\" href=\"https:\/\/wm.pb.edu.pl\/iib\/infrastruktura-badawcza\/pracownia-polimerow-i-kompozytow-2\/\" title=\"Poka\u017c artyku\u0142 Pracownia Polimer\u00f3w i Kompozyt\u00f3w\">wi\u0119cej<\/a><\/p>\n","protected":false},"author":76,"featured_media":0,"parent":44,"menu_order":0,"comment_status":"closed","ping_status":"closed","template":"","meta":{"inline_featured_image":false,"ngg_post_thumbnail":0,"footnotes":""},"class_list":["post-864","page","type-page","status-publish","hentry"],"acf":[],"yoast_head":"<!-- This site is optimized with the Yoast SEO plugin v26.4 - https:\/\/yoast.com\/wordpress\/plugins\/seo\/ -->\n<title>Pracownia Polimer\u00f3w i Kompozyt\u00f3w - Instytut In\u017cynierii Biomedycznej<\/title>\n<meta name=\"robots\" content=\"index, follow, max-snippet:-1, max-image-preview:large, max-video-preview:-1\" \/>\n<link rel=\"canonical\" href=\"https:\/\/wm.pb.edu.pl\/iib\/infrastruktura-badawcza\/pracownia-polimerow-i-kompozytow-2\/\" \/>\n<meta property=\"og:locale\" content=\"pl_PL\" \/>\n<meta property=\"og:type\" content=\"article\" \/>\n<meta property=\"og:title\" content=\"Pracownia Polimer\u00f3w i Kompozyt\u00f3w - Instytut In\u017cynierii Biomedycznej\" \/>\n<meta property=\"og:description\" content=\"M\u0142ynek kriogeniczny SPEX 6875 Cechy: mielenie pr\u00f3bek w zakresie 0,1 &#8211; 100 g; funkcja wst\u0119pnegowi\u0119cej\" \/>\n<meta property=\"og:url\" content=\"https:\/\/wm.pb.edu.pl\/iib\/infrastruktura-badawcza\/pracownia-polimerow-i-kompozytow-2\/\" \/>\n<meta property=\"og:site_name\" content=\"Instytut In\u017cynierii Biomedycznej\" \/>\n<meta property=\"article:modified_time\" content=\"2025-12-08T17:57:58+00:00\" \/>\n<meta property=\"og:image\" content=\"https:\/\/wm.pb.edu.pl\/iib\/wp-content\/uploads\/sites\/7\/2025\/03\/Mlynek-kriogeniczny-scaled.jpg\" \/>\n<meta name=\"twitter:card\" content=\"summary_large_image\" \/>\n<meta name=\"twitter:label1\" content=\"Szacowany czas czytania\" \/>\n\t<meta name=\"twitter:data1\" content=\"2 minuty\" \/>\n<script type=\"application\/ld+json\" class=\"yoast-schema-graph\">{\"@context\":\"https:\/\/schema.org\",\"@graph\":[{\"@type\":\"WebPage\",\"@id\":\"https:\/\/wm.pb.edu.pl\/iib\/infrastruktura-badawcza\/pracownia-polimerow-i-kompozytow-2\/\",\"url\":\"https:\/\/wm.pb.edu.pl\/iib\/infrastruktura-badawcza\/pracownia-polimerow-i-kompozytow-2\/\",\"name\":\"Pracownia Polimer\u00f3w i Kompozyt\u00f3w - Instytut In\u017cynierii Biomedycznej\",\"isPartOf\":{\"@id\":\"https:\/\/wm.pb.edu.pl\/iib\/#website\"},\"primaryImageOfPage\":{\"@id\":\"https:\/\/wm.pb.edu.pl\/iib\/infrastruktura-badawcza\/pracownia-polimerow-i-kompozytow-2\/#primaryimage\"},\"image\":{\"@id\":\"https:\/\/wm.pb.edu.pl\/iib\/infrastruktura-badawcza\/pracownia-polimerow-i-kompozytow-2\/#primaryimage\"},\"thumbnailUrl\":\"https:\/\/wm.pb.edu.pl\/iib\/wp-content\/uploads\/sites\/7\/2025\/03\/Mlynek-kriogeniczny-scaled.jpg\",\"datePublished\":\"2025-01-21T12:55:21+00:00\",\"dateModified\":\"2025-12-08T17:57:58+00:00\",\"breadcrumb\":{\"@id\":\"https:\/\/wm.pb.edu.pl\/iib\/infrastruktura-badawcza\/pracownia-polimerow-i-kompozytow-2\/#breadcrumb\"},\"inLanguage\":\"pl-PL\",\"potentialAction\":[{\"@type\":\"ReadAction\",\"target\":[\"https:\/\/wm.pb.edu.pl\/iib\/infrastruktura-badawcza\/pracownia-polimerow-i-kompozytow-2\/\"]}]},{\"@type\":\"ImageObject\",\"inLanguage\":\"pl-PL\",\"@id\":\"https:\/\/wm.pb.edu.pl\/iib\/infrastruktura-badawcza\/pracownia-polimerow-i-kompozytow-2\/#primaryimage\",\"url\":\"https:\/\/wm.pb.edu.pl\/iib\/wp-content\/uploads\/sites\/7\/2025\/03\/Mlynek-kriogeniczny-scaled.jpg\",\"contentUrl\":\"https:\/\/wm.pb.edu.pl\/iib\/wp-content\/uploads\/sites\/7\/2025\/03\/Mlynek-kriogeniczny-scaled.jpg\",\"width\":2560,\"height\":1920,\"caption\":\"M\u0142ynek kriogeniczny\"},{\"@type\":\"BreadcrumbList\",\"@id\":\"https:\/\/wm.pb.edu.pl\/iib\/infrastruktura-badawcza\/pracownia-polimerow-i-kompozytow-2\/#breadcrumb\",\"itemListElement\":[{\"@type\":\"ListItem\",\"position\":1,\"name\":\"Strona g\u0142\u00f3wna\",\"item\":\"https:\/\/wm.pb.edu.pl\/iib\/\"},{\"@type\":\"ListItem\",\"position\":2,\"name\":\"Infrastruktura badawcza\",\"item\":\"https:\/\/wm.pb.edu.pl\/iib\/infrastruktura-badawcza\/\"},{\"@type\":\"ListItem\",\"position\":3,\"name\":\"Pracownia Polimer\u00f3w i Kompozyt\u00f3w\"}]},{\"@type\":\"WebSite\",\"@id\":\"https:\/\/wm.pb.edu.pl\/iib\/#website\",\"url\":\"https:\/\/wm.pb.edu.pl\/iib\/\",\"name\":\"Instytut In\u017cynierii Biomedycznej\",\"description\":\"\",\"potentialAction\":[{\"@type\":\"SearchAction\",\"target\":{\"@type\":\"EntryPoint\",\"urlTemplate\":\"https:\/\/wm.pb.edu.pl\/iib\/?s={search_term_string}\"},\"query-input\":{\"@type\":\"PropertyValueSpecification\",\"valueRequired\":true,\"valueName\":\"search_term_string\"}}],\"inLanguage\":\"pl-PL\"}]}<\/script>\n<!-- \/ Yoast SEO plugin. -->","yoast_head_json":{"title":"Pracownia Polimer\u00f3w i Kompozyt\u00f3w - Instytut In\u017cynierii Biomedycznej","robots":{"index":"index","follow":"follow","max-snippet":"max-snippet:-1","max-image-preview":"max-image-preview:large","max-video-preview":"max-video-preview:-1"},"canonical":"https:\/\/wm.pb.edu.pl\/iib\/infrastruktura-badawcza\/pracownia-polimerow-i-kompozytow-2\/","og_locale":"pl_PL","og_type":"article","og_title":"Pracownia Polimer\u00f3w i Kompozyt\u00f3w - Instytut In\u017cynierii Biomedycznej","og_description":"M\u0142ynek kriogeniczny SPEX 6875 Cechy: mielenie pr\u00f3bek w zakresie 0,1 &#8211; 100 g; funkcja wst\u0119pnegowi\u0119cej","og_url":"https:\/\/wm.pb.edu.pl\/iib\/infrastruktura-badawcza\/pracownia-polimerow-i-kompozytow-2\/","og_site_name":"Instytut In\u017cynierii Biomedycznej","article_modified_time":"2025-12-08T17:57:58+00:00","og_image":[{"url":"https:\/\/wm.pb.edu.pl\/iib\/wp-content\/uploads\/sites\/7\/2025\/03\/Mlynek-kriogeniczny-scaled.jpg","type":"","width":"","height":""}],"twitter_card":"summary_large_image","twitter_misc":{"Szacowany czas czytania":"2 minuty"},"schema":{"@context":"https:\/\/schema.org","@graph":[{"@type":"WebPage","@id":"https:\/\/wm.pb.edu.pl\/iib\/infrastruktura-badawcza\/pracownia-polimerow-i-kompozytow-2\/","url":"https:\/\/wm.pb.edu.pl\/iib\/infrastruktura-badawcza\/pracownia-polimerow-i-kompozytow-2\/","name":"Pracownia Polimer\u00f3w i Kompozyt\u00f3w - Instytut In\u017cynierii Biomedycznej","isPartOf":{"@id":"https:\/\/wm.pb.edu.pl\/iib\/#website"},"primaryImageOfPage":{"@id":"https:\/\/wm.pb.edu.pl\/iib\/infrastruktura-badawcza\/pracownia-polimerow-i-kompozytow-2\/#primaryimage"},"image":{"@id":"https:\/\/wm.pb.edu.pl\/iib\/infrastruktura-badawcza\/pracownia-polimerow-i-kompozytow-2\/#primaryimage"},"thumbnailUrl":"https:\/\/wm.pb.edu.pl\/iib\/wp-content\/uploads\/sites\/7\/2025\/03\/Mlynek-kriogeniczny-scaled.jpg","datePublished":"2025-01-21T12:55:21+00:00","dateModified":"2025-12-08T17:57:58+00:00","breadcrumb":{"@id":"https:\/\/wm.pb.edu.pl\/iib\/infrastruktura-badawcza\/pracownia-polimerow-i-kompozytow-2\/#breadcrumb"},"inLanguage":"pl-PL","potentialAction":[{"@type":"ReadAction","target":["https:\/\/wm.pb.edu.pl\/iib\/infrastruktura-badawcza\/pracownia-polimerow-i-kompozytow-2\/"]}]},{"@type":"ImageObject","inLanguage":"pl-PL","@id":"https:\/\/wm.pb.edu.pl\/iib\/infrastruktura-badawcza\/pracownia-polimerow-i-kompozytow-2\/#primaryimage","url":"https:\/\/wm.pb.edu.pl\/iib\/wp-content\/uploads\/sites\/7\/2025\/03\/Mlynek-kriogeniczny-scaled.jpg","contentUrl":"https:\/\/wm.pb.edu.pl\/iib\/wp-content\/uploads\/sites\/7\/2025\/03\/Mlynek-kriogeniczny-scaled.jpg","width":2560,"height":1920,"caption":"M\u0142ynek kriogeniczny"},{"@type":"BreadcrumbList","@id":"https:\/\/wm.pb.edu.pl\/iib\/infrastruktura-badawcza\/pracownia-polimerow-i-kompozytow-2\/#breadcrumb","itemListElement":[{"@type":"ListItem","position":1,"name":"Strona g\u0142\u00f3wna","item":"https:\/\/wm.pb.edu.pl\/iib\/"},{"@type":"ListItem","position":2,"name":"Infrastruktura badawcza","item":"https:\/\/wm.pb.edu.pl\/iib\/infrastruktura-badawcza\/"},{"@type":"ListItem","position":3,"name":"Pracownia Polimer\u00f3w i Kompozyt\u00f3w"}]},{"@type":"WebSite","@id":"https:\/\/wm.pb.edu.pl\/iib\/#website","url":"https:\/\/wm.pb.edu.pl\/iib\/","name":"Instytut In\u017cynierii Biomedycznej","description":"","potentialAction":[{"@type":"SearchAction","target":{"@type":"EntryPoint","urlTemplate":"https:\/\/wm.pb.edu.pl\/iib\/?s={search_term_string}"},"query-input":{"@type":"PropertyValueSpecification","valueRequired":true,"valueName":"search_term_string"}}],"inLanguage":"pl-PL"}]}},"_links":{"self":[{"href":"https:\/\/wm.pb.edu.pl\/iib\/wp-json\/wp\/v2\/pages\/864","targetHints":{"allow":["GET"]}}],"collection":[{"href":"https:\/\/wm.pb.edu.pl\/iib\/wp-json\/wp\/v2\/pages"}],"about":[{"href":"https:\/\/wm.pb.edu.pl\/iib\/wp-json\/wp\/v2\/types\/page"}],"author":[{"embeddable":true,"href":"https:\/\/wm.pb.edu.pl\/iib\/wp-json\/wp\/v2\/users\/76"}],"replies":[{"embeddable":true,"href":"https:\/\/wm.pb.edu.pl\/iib\/wp-json\/wp\/v2\/comments?post=864"}],"version-history":[{"count":5,"href":"https:\/\/wm.pb.edu.pl\/iib\/wp-json\/wp\/v2\/pages\/864\/revisions"}],"predecessor-version":[{"id":1010,"href":"https:\/\/wm.pb.edu.pl\/iib\/wp-json\/wp\/v2\/pages\/864\/revisions\/1010"}],"up":[{"embeddable":true,"href":"https:\/\/wm.pb.edu.pl\/iib\/wp-json\/wp\/v2\/pages\/44"}],"wp:attachment":[{"href":"https:\/\/wm.pb.edu.pl\/iib\/wp-json\/wp\/v2\/media?parent=864"}],"curies":[{"name":"wp","href":"https:\/\/api.w.org\/{rel}","templated":true}]}}