{"id":895,"date":"2025-01-30T10:21:35","date_gmt":"2025-01-30T09:21:35","guid":{"rendered":"https:\/\/wm.pb.edu.pl\/iib\/?page_id=895"},"modified":"2025-02-07T19:26:36","modified_gmt":"2025-02-07T18:26:36","slug":"pracowania-biomaterialow-spiekanych","status":"publish","type":"page","link":"https:\/\/wm.pb.edu.pl\/iib\/infrastruktura-badawcza\/pracowania-biomaterialow-spiekanych\/","title":{"rendered":"Pracowania biomateria\u0142\u00f3w spiekanych"},"content":{"rendered":"<p>Pracownia biomateria\u0142\u00f3w spiekanych to specjalistyczne miejsce przeznaczone do bada\u0144 nad w\u0142a\u015bciwo\u015bciami i przetwarzaniem biomateria\u0142\u00f3w w postaci proszkowej. Wyposa\u017cenie laboratorium pozwala na kompleksow\u0105 analiz\u0119, przygotowanie i przetwarzanie proszk\u00f3w metalicznych oraz ceramicznych.<\/p>\n<h2>Badane materia\u0142y:<\/h2>\n<ul>\n<li>Bezniklowe stale austenityczne z dodatkiem azotu i manganu<\/li>\n<li>Beta fazowe stopy tytanu<\/li>\n<li>Wysokochromowe stale ferrytyczne<\/li>\n<li>Stopy Co-Cr-Mo<\/li>\n<li>Materia\u0142y na bazie magnezu<\/li>\n<\/ul>\n<h2>Wyposa\u017cenie laboratorium:<\/h2>\n<div class=\"equipment-list\">\n<div class=\"equipment-item\">\n<h3>Komora r\u0119kawicowa<\/h3>\n<p><img decoding=\"async\" src=\"https:\/\/wm.pb.edu.pl\/iib\/wp-content\/uploads\/sites\/7\/2025\/02\/Komora-rekawicowa-\u201eglove-box-300x225.jpg\" alt=\"Komora r\u0119kawicowa\"><\/p>\n<p>Hermetyczna przestrze\u0144 robocza wyposa\u017cona w r\u0119kawice, umo\u017cliwiaj\u0105ca manipulacj\u0119 materia\u0142ami w kontrolowanej atmosferze oboj\u0119tnej (argon). Stosowana do pracy z materia\u0142ami wra\u017cliwymi na utlenianie lub wilgo\u0107.<\/p>\n<\/div>\n<div class=\"equipment-item\">\n<h3>Prasa hydrauliczna (20 ton)<\/h3>\n<p><img decoding=\"async\" src=\"https:\/\/wm.pb.edu.pl\/iib\/wp-content\/uploads\/sites\/7\/2025\/02\/Prasa-hydrauliczna-OTTO-HS-WWe-20t-200x300.jpg\" alt=\"Prasa hydrauliczna\"><\/p>\n<p>Umo\u017cliwia formowanie pr\u00f3bek z proszk\u00f3w pod wysokim ci\u015bnieniem, co jest pierwszym etapem wytwarzania element\u00f3w metod\u0105 spiekania.<\/p>\n<\/div>\n<div class=\"equipment-item\">\n<h3>Laserowy miernik wielko\u015bci cz\u0105stek<\/h3>\n<p><img decoding=\"async\" src=\"https:\/\/wm.pb.edu.pl\/iib\/wp-content\/uploads\/sites\/7\/2025\/02\/Laserowy-miernik-czastek-Fritsch-Analysette-22-300x225.jpg\" alt=\"Laserowy miernik cz\u0105stek\"><\/p>\n<p>Urz\u0105dzenie do precyzyjnej analizy rozk\u0142adu wielko\u015bci cz\u0105stek w proszkach, dzia\u0142aj\u0105ce na zasadzie dyfrakcji laserowej.<\/p>\n<\/div>\n<div class=\"equipment-item\">\n<h3>Dyfraktometr rentgenowski Bruker (XRD)<\/h3>\n<p><img decoding=\"async\" src=\"https:\/\/wm.pb.edu.pl\/iib\/wp-content\/uploads\/sites\/7\/2025\/02\/IMG_9541-200x300.jpg\" alt=\"Dyfraktometr rentgenowski\"><\/p>\n<p>Wykorzystywany do analizy fazowej i strukturalnej materia\u0142\u00f3w, pozwala na identyfikacj\u0119 sk\u0142adu krystalograficznego pr\u00f3bek.<\/p>\n<\/div>\n<div class=\"equipment-item\">\n<h3>Piec pr\u00f3\u017cniowy rurowy z pomp\u0105 turbomolekularn\u0105<\/h3>\n<p>Przeznaczony do obr\u00f3bki cieplnej w atmosferze kontrolowanej lub pr\u00f3\u017cni, minimalizuje utlenianie i pozwala na precyzyjne procesy wy\u017carzania.<\/p>\n<\/div>\n<div class=\"equipment-item\">\n<h3>Piec komorowy laboratoryjny Thermconcept<\/h3>\n<p>Piec wysokotemperaturowy do spiekania, obr\u00f3bki cieplnej oraz bada\u0144 nad stabilno\u015bci\u0105 termiczn\u0105 materia\u0142\u00f3w.<\/p>\n<\/div>\n<div class=\"equipment-item\">\n<h3>M\u0142ynek planetarny Fritsch Pulverisette 6<\/h3>\n<p>Wysokoobrotowe urz\u0105dzenie do mielenia proszk\u00f3w metalicznych i ceramicznych, pozwalaj\u0105ce na rozdrobnienie i homogenizacj\u0119 materia\u0142\u00f3w.<\/p>\n<\/div>\n<\/div>\n<p>&nbsp;<\/p>\n","protected":false},"excerpt":{"rendered":"<p>Pracownia biomateria\u0142\u00f3w spiekanych to specjalistyczne miejsce przeznaczone do bada\u0144 nad w\u0142a\u015bciwo\u015bciami i przetwarzaniem biomateria\u0142\u00f3w w<a class=\"read-more\" href=\"https:\/\/wm.pb.edu.pl\/iib\/infrastruktura-badawcza\/pracowania-biomaterialow-spiekanych\/\" title=\"Poka\u017c artyku\u0142 Pracowania biomateria\u0142\u00f3w spiekanych\">wi\u0119cej<\/a><\/p>\n","protected":false},"author":76,"featured_media":0,"parent":44,"menu_order":0,"comment_status":"closed","ping_status":"closed","template":"","meta":{"inline_featured_image":false,"ngg_post_thumbnail":0,"footnotes":""},"class_list":["post-895","page","type-page","status-publish","hentry"],"acf":[],"yoast_head":"<!-- This site is optimized with the Yoast SEO plugin v26.4 - https:\/\/yoast.com\/wordpress\/plugins\/seo\/ -->\n<title>Pracowania biomateria\u0142\u00f3w spiekanych - Instytut In\u017cynierii Biomedycznej<\/title>\n<meta name=\"robots\" content=\"index, follow, max-snippet:-1, max-image-preview:large, max-video-preview:-1\" \/>\n<link rel=\"canonical\" href=\"https:\/\/wm.pb.edu.pl\/iib\/infrastruktura-badawcza\/pracowania-biomaterialow-spiekanych\/\" \/>\n<meta property=\"og:locale\" content=\"pl_PL\" \/>\n<meta property=\"og:type\" content=\"article\" \/>\n<meta property=\"og:title\" content=\"Pracowania biomateria\u0142\u00f3w spiekanych - Instytut In\u017cynierii Biomedycznej\" \/>\n<meta property=\"og:description\" content=\"Pracownia biomateria\u0142\u00f3w spiekanych to specjalistyczne miejsce przeznaczone do bada\u0144 nad w\u0142a\u015bciwo\u015bciami i przetwarzaniem biomateria\u0142\u00f3w wwi\u0119cej\" \/>\n<meta property=\"og:url\" content=\"https:\/\/wm.pb.edu.pl\/iib\/infrastruktura-badawcza\/pracowania-biomaterialow-spiekanych\/\" \/>\n<meta property=\"og:site_name\" content=\"Instytut In\u017cynierii Biomedycznej\" \/>\n<meta property=\"article:modified_time\" content=\"2025-02-07T18:26:36+00:00\" \/>\n<meta property=\"og:image\" content=\"https:\/\/wm.pb.edu.pl\/iib\/wp-content\/uploads\/sites\/7\/2025\/02\/Prasa-hydrauliczna-OTTO-HS-WWe-20t-200x300.jpg\" \/>\n<meta name=\"twitter:card\" content=\"summary_large_image\" \/>\n<meta name=\"twitter:label1\" content=\"Szacowany czas czytania\" \/>\n\t<meta name=\"twitter:data1\" content=\"2 minuty\" \/>\n<script type=\"application\/ld+json\" class=\"yoast-schema-graph\">{\"@context\":\"https:\/\/schema.org\",\"@graph\":[{\"@type\":\"WebPage\",\"@id\":\"https:\/\/wm.pb.edu.pl\/iib\/infrastruktura-badawcza\/pracowania-biomaterialow-spiekanych\/\",\"url\":\"https:\/\/wm.pb.edu.pl\/iib\/infrastruktura-badawcza\/pracowania-biomaterialow-spiekanych\/\",\"name\":\"Pracowania biomateria\u0142\u00f3w spiekanych - Instytut In\u017cynierii Biomedycznej\",\"isPartOf\":{\"@id\":\"https:\/\/wm.pb.edu.pl\/iib\/#website\"},\"primaryImageOfPage\":{\"@id\":\"https:\/\/wm.pb.edu.pl\/iib\/infrastruktura-badawcza\/pracowania-biomaterialow-spiekanych\/#primaryimage\"},\"image\":{\"@id\":\"https:\/\/wm.pb.edu.pl\/iib\/infrastruktura-badawcza\/pracowania-biomaterialow-spiekanych\/#primaryimage\"},\"thumbnailUrl\":\"https:\/\/wm.pb.edu.pl\/iib\/wp-content\/uploads\/sites\/7\/2025\/02\/Prasa-hydrauliczna-OTTO-HS-WWe-20t-200x300.jpg\",\"datePublished\":\"2025-01-30T09:21:35+00:00\",\"dateModified\":\"2025-02-07T18:26:36+00:00\",\"breadcrumb\":{\"@id\":\"https:\/\/wm.pb.edu.pl\/iib\/infrastruktura-badawcza\/pracowania-biomaterialow-spiekanych\/#breadcrumb\"},\"inLanguage\":\"pl-PL\",\"potentialAction\":[{\"@type\":\"ReadAction\",\"target\":[\"https:\/\/wm.pb.edu.pl\/iib\/infrastruktura-badawcza\/pracowania-biomaterialow-spiekanych\/\"]}]},{\"@type\":\"ImageObject\",\"inLanguage\":\"pl-PL\",\"@id\":\"https:\/\/wm.pb.edu.pl\/iib\/infrastruktura-badawcza\/pracowania-biomaterialow-spiekanych\/#primaryimage\",\"url\":\"https:\/\/wm.pb.edu.pl\/iib\/wp-content\/uploads\/sites\/7\/2025\/02\/Prasa-hydrauliczna-OTTO-HS-WWe-20t.jpg\",\"contentUrl\":\"https:\/\/wm.pb.edu.pl\/iib\/wp-content\/uploads\/sites\/7\/2025\/02\/Prasa-hydrauliczna-OTTO-HS-WWe-20t.jpg\",\"width\":1000,\"height\":1500,\"caption\":\"Prasa hydrauliczna\"},{\"@type\":\"BreadcrumbList\",\"@id\":\"https:\/\/wm.pb.edu.pl\/iib\/infrastruktura-badawcza\/pracowania-biomaterialow-spiekanych\/#breadcrumb\",\"itemListElement\":[{\"@type\":\"ListItem\",\"position\":1,\"name\":\"Strona g\u0142\u00f3wna\",\"item\":\"https:\/\/wm.pb.edu.pl\/iib\/\"},{\"@type\":\"ListItem\",\"position\":2,\"name\":\"Infrastruktura badawcza\",\"item\":\"https:\/\/wm.pb.edu.pl\/iib\/infrastruktura-badawcza\/\"},{\"@type\":\"ListItem\",\"position\":3,\"name\":\"Pracowania biomateria\u0142\u00f3w spiekanych\"}]},{\"@type\":\"WebSite\",\"@id\":\"https:\/\/wm.pb.edu.pl\/iib\/#website\",\"url\":\"https:\/\/wm.pb.edu.pl\/iib\/\",\"name\":\"Instytut In\u017cynierii Biomedycznej\",\"description\":\"\",\"potentialAction\":[{\"@type\":\"SearchAction\",\"target\":{\"@type\":\"EntryPoint\",\"urlTemplate\":\"https:\/\/wm.pb.edu.pl\/iib\/?s={search_term_string}\"},\"query-input\":{\"@type\":\"PropertyValueSpecification\",\"valueRequired\":true,\"valueName\":\"search_term_string\"}}],\"inLanguage\":\"pl-PL\"}]}<\/script>\n<!-- \/ Yoast SEO plugin. -->","yoast_head_json":{"title":"Pracowania biomateria\u0142\u00f3w spiekanych - Instytut In\u017cynierii Biomedycznej","robots":{"index":"index","follow":"follow","max-snippet":"max-snippet:-1","max-image-preview":"max-image-preview:large","max-video-preview":"max-video-preview:-1"},"canonical":"https:\/\/wm.pb.edu.pl\/iib\/infrastruktura-badawcza\/pracowania-biomaterialow-spiekanych\/","og_locale":"pl_PL","og_type":"article","og_title":"Pracowania biomateria\u0142\u00f3w spiekanych - Instytut In\u017cynierii Biomedycznej","og_description":"Pracownia biomateria\u0142\u00f3w spiekanych to specjalistyczne miejsce przeznaczone do bada\u0144 nad w\u0142a\u015bciwo\u015bciami i przetwarzaniem biomateria\u0142\u00f3w wwi\u0119cej","og_url":"https:\/\/wm.pb.edu.pl\/iib\/infrastruktura-badawcza\/pracowania-biomaterialow-spiekanych\/","og_site_name":"Instytut In\u017cynierii Biomedycznej","article_modified_time":"2025-02-07T18:26:36+00:00","og_image":[{"url":"https:\/\/wm.pb.edu.pl\/iib\/wp-content\/uploads\/sites\/7\/2025\/02\/Prasa-hydrauliczna-OTTO-HS-WWe-20t-200x300.jpg","type":"","width":"","height":""}],"twitter_card":"summary_large_image","twitter_misc":{"Szacowany czas czytania":"2 minuty"},"schema":{"@context":"https:\/\/schema.org","@graph":[{"@type":"WebPage","@id":"https:\/\/wm.pb.edu.pl\/iib\/infrastruktura-badawcza\/pracowania-biomaterialow-spiekanych\/","url":"https:\/\/wm.pb.edu.pl\/iib\/infrastruktura-badawcza\/pracowania-biomaterialow-spiekanych\/","name":"Pracowania biomateria\u0142\u00f3w spiekanych - Instytut In\u017cynierii Biomedycznej","isPartOf":{"@id":"https:\/\/wm.pb.edu.pl\/iib\/#website"},"primaryImageOfPage":{"@id":"https:\/\/wm.pb.edu.pl\/iib\/infrastruktura-badawcza\/pracowania-biomaterialow-spiekanych\/#primaryimage"},"image":{"@id":"https:\/\/wm.pb.edu.pl\/iib\/infrastruktura-badawcza\/pracowania-biomaterialow-spiekanych\/#primaryimage"},"thumbnailUrl":"https:\/\/wm.pb.edu.pl\/iib\/wp-content\/uploads\/sites\/7\/2025\/02\/Prasa-hydrauliczna-OTTO-HS-WWe-20t-200x300.jpg","datePublished":"2025-01-30T09:21:35+00:00","dateModified":"2025-02-07T18:26:36+00:00","breadcrumb":{"@id":"https:\/\/wm.pb.edu.pl\/iib\/infrastruktura-badawcza\/pracowania-biomaterialow-spiekanych\/#breadcrumb"},"inLanguage":"pl-PL","potentialAction":[{"@type":"ReadAction","target":["https:\/\/wm.pb.edu.pl\/iib\/infrastruktura-badawcza\/pracowania-biomaterialow-spiekanych\/"]}]},{"@type":"ImageObject","inLanguage":"pl-PL","@id":"https:\/\/wm.pb.edu.pl\/iib\/infrastruktura-badawcza\/pracowania-biomaterialow-spiekanych\/#primaryimage","url":"https:\/\/wm.pb.edu.pl\/iib\/wp-content\/uploads\/sites\/7\/2025\/02\/Prasa-hydrauliczna-OTTO-HS-WWe-20t.jpg","contentUrl":"https:\/\/wm.pb.edu.pl\/iib\/wp-content\/uploads\/sites\/7\/2025\/02\/Prasa-hydrauliczna-OTTO-HS-WWe-20t.jpg","width":1000,"height":1500,"caption":"Prasa hydrauliczna"},{"@type":"BreadcrumbList","@id":"https:\/\/wm.pb.edu.pl\/iib\/infrastruktura-badawcza\/pracowania-biomaterialow-spiekanych\/#breadcrumb","itemListElement":[{"@type":"ListItem","position":1,"name":"Strona g\u0142\u00f3wna","item":"https:\/\/wm.pb.edu.pl\/iib\/"},{"@type":"ListItem","position":2,"name":"Infrastruktura badawcza","item":"https:\/\/wm.pb.edu.pl\/iib\/infrastruktura-badawcza\/"},{"@type":"ListItem","position":3,"name":"Pracowania biomateria\u0142\u00f3w spiekanych"}]},{"@type":"WebSite","@id":"https:\/\/wm.pb.edu.pl\/iib\/#website","url":"https:\/\/wm.pb.edu.pl\/iib\/","name":"Instytut In\u017cynierii Biomedycznej","description":"","potentialAction":[{"@type":"SearchAction","target":{"@type":"EntryPoint","urlTemplate":"https:\/\/wm.pb.edu.pl\/iib\/?s={search_term_string}"},"query-input":{"@type":"PropertyValueSpecification","valueRequired":true,"valueName":"search_term_string"}}],"inLanguage":"pl-PL"}]}},"_links":{"self":[{"href":"https:\/\/wm.pb.edu.pl\/iib\/wp-json\/wp\/v2\/pages\/895","targetHints":{"allow":["GET"]}}],"collection":[{"href":"https:\/\/wm.pb.edu.pl\/iib\/wp-json\/wp\/v2\/pages"}],"about":[{"href":"https:\/\/wm.pb.edu.pl\/iib\/wp-json\/wp\/v2\/types\/page"}],"author":[{"embeddable":true,"href":"https:\/\/wm.pb.edu.pl\/iib\/wp-json\/wp\/v2\/users\/76"}],"replies":[{"embeddable":true,"href":"https:\/\/wm.pb.edu.pl\/iib\/wp-json\/wp\/v2\/comments?post=895"}],"version-history":[{"count":8,"href":"https:\/\/wm.pb.edu.pl\/iib\/wp-json\/wp\/v2\/pages\/895\/revisions"}],"predecessor-version":[{"id":920,"href":"https:\/\/wm.pb.edu.pl\/iib\/wp-json\/wp\/v2\/pages\/895\/revisions\/920"}],"up":[{"embeddable":true,"href":"https:\/\/wm.pb.edu.pl\/iib\/wp-json\/wp\/v2\/pages\/44"}],"wp:attachment":[{"href":"https:\/\/wm.pb.edu.pl\/iib\/wp-json\/wp\/v2\/media?parent=895"}],"curies":[{"name":"wp","href":"https:\/\/api.w.org\/{rel}","templated":true}]}}