{"id":943,"date":"2025-02-25T19:24:33","date_gmt":"2025-02-25T18:24:33","guid":{"rendered":"https:\/\/wm.pb.edu.pl\/iib\/?page_id=943"},"modified":"2025-12-08T19:01:09","modified_gmt":"2025-12-08T18:01:09","slug":"pracownia-diagnostyki-narzadu-ruchu","status":"publish","type":"page","link":"https:\/\/wm.pb.edu.pl\/iib\/strona-glowna\/pracownia-diagnostyki-narzadu-ruchu\/","title":{"rendered":"Pracownia Diagnostyki Narz\u0105du Ruchu"},"content":{"rendered":"<table width=\"100%\" border=\"1\" cellpadding=\"15\" cellspacing=\"0\" style=\"border-collapse: collapse;border-color: #cccccc\">\n<p>  <!-- Zestaw do rejestracji lokomocji Qualisys --><\/p>\n<tr>\n<td width=\"250\" align=\"center\" valign=\"top\" bgcolor=\"#f9f9f9\">\n      <img decoding=\"async\" src=\"https:\/\/wm.pb.edu.pl\/iib\/wp-content\/uploads\/sites\/7\/2025\/02\/Zestaw-do-rejestracji-lokomocji-Qualisys-1024x576.jpg\" alt=\"Zestaw do rejestracji lokomocji Qualisys\" width=\"250\">\n    <\/td>\n<td valign=\"top\">\n<h3 style=\"color: #003366;margin-top: 0\">Zestaw do rejestracji lokomocji Qualisys<\/h3>\n<ul>\n<li>Zestaw kamer 10 Oqus 500+ umo\u017cliwiaj\u0105cych rejestracj\u0119 ruchu zar\u00f3wno w podczerwieni jak i \u015bwietle widzialnym,<\/li>\n<li>Kamera video overlay Oqus 210C<\/li>\n<li>Kamera video Canon Legria HF R606<\/li>\n<li>Oprogramowanie Qualisys Track Manager (QTM 2.17) (Qualisys, AB Gothenburg, Szwecja)<\/li>\n<li>Oprogramowanie Visual 3D (C-Motion, Wiede\u0144, Austria).<\/li>\n<\/ul>\n<\/td>\n<\/tr>\n<p>  <!-- Emergent --><\/p>\n<tr>\n<td width=\"250\" align=\"center\" valign=\"top\" bgcolor=\"#f9f9f9\">\n      <img decoding=\"async\" src=\"https:\/\/wm.pb.edu.pl\/iib\/wp-content\/uploads\/sites\/7\/2025\/02\/Kamera-Emergent.jpg\" alt=\"Kamera Emergent\" width=\"250\">\n    <\/td>\n<td valign=\"top\">\n<h3 style=\"color: #003366;margin-top: 0\">Emergent<\/h3>\n<ul>\n<li>Zestaw dw\u00f3ch monochromatycznych kamer szybkich Emergent 2000 HS (rozdzielczo\u015b\u0107 sensora 2048&#215;1088);<\/li>\n<li>pr\u0119dko\u015b\u0107 rejestracji w max rozdzielczo\u015bci do 338 fps, Interfejs 10GigE)<\/li>\n<\/ul>\n<\/td>\n<\/tr>\n<p>  <!-- Platformy dynamometryczne Kistler --><\/p>\n<tr>\n<td width=\"250\" align=\"center\" valign=\"top\" bgcolor=\"#f9f9f9\">\n      <img decoding=\"async\" src=\"https:\/\/wm.pb.edu.pl\/iib\/wp-content\/uploads\/sites\/7\/2025\/02\/Platformy-dynamometryczne-Kistler.jpg\" alt=\"Platformy dynamometryczne Kistler\" width=\"250\">\n    <\/td>\n<td valign=\"top\">\n<h3 style=\"color: #003366;margin-top: 0\">Platformy dynamometryczne Kistler<\/h3>\n<ul>\n<li>Zestaw dw\u00f3ch platform Kistler 9260AA6 umieszczonych w posadzce \u015bcie\u017cki pomiarowej<\/li>\n<li>rozmiar platformy 600 x 500 mm<\/li>\n<li>zakres pomiarowy dla kierunku pionowego (Fz): 0 \u00f7 5 kN<\/li>\n<li>zakres pomiarowy dla kierunk\u00f3w poprzecznych (Fx, Fy): -2,5 \u00f7 +2,5 kN<\/li>\n<li>liniowo\u015b\u0107 %FSO&lt;\u00b10,5<\/li>\n<li>histereza %FSO&lt;0,5<\/li>\n<\/ul>\n<\/td>\n<\/tr>\n<p>  <!-- Biometrics --><\/p>\n<tr>\n<td width=\"250\" align=\"center\" valign=\"top\" bgcolor=\"#f9f9f9\">\n      <img decoding=\"async\" src=\"https:\/\/wm.pb.edu.pl\/iib\/wp-content\/uploads\/sites\/7\/2025\/02\/System-Biometrics.jpg\" alt=\"System Biometrics\" width=\"250\">\n    <\/td>\n<td valign=\"top\">\n<h3 style=\"color: #003366;margin-top: 0\">Biometrics<\/h3>\n<ul>\n<li>Zestaw dw\u00f3ch stacji pomiarowych DataLOG MWX8 umo\u017cliwiaj\u0105cych pomiar z wykorzystaniem 16 kana\u0142\u00f3w sygna\u0142\u00f3w z elektrod EMG, elektrogoniometr\u00f3w, dynamometr\u00f3w, itp., przy bezprzewodowej transmisji wynik\u00f3w mi\u0119dzy stacj\u0105 pomiarow\u0105 a komputerem<\/li>\n<li>Stacja pomiarowa DataLINK DLK900 umo\u017cliwiaj\u0105cych pomiar z wykorzystaniem 8 kana\u0142\u00f3w sygna\u0142\u00f3w z elektrod EMG, elektrogoniometr\u00f3w, dynamometr\u00f3w, itp., przy transmisji wynik\u00f3w mi\u0119dzy stacj\u0105 pomiarow\u0105 a komputerem z wykorzystaniem portu USB<\/li>\n<li>20 elektrod sEMG zintegrowanych SX230<\/li>\n<li>16 przy\u0142\u0105czy do jednorazowych elektrod sEMG<\/li>\n<li>Zestaw elektrogoniometr\u00f3w i torsiometr\u00f3w, m.in. SG150, SG110, SG110A, SG65, Q150<\/li>\n<li>Dynamometr \u015bciskowy G200<\/li>\n<li>Zestaw czujnik\u00f3w kontaktowych FS4<\/li>\n<\/ul>\n<\/td>\n<\/tr>\n<p>  <!-- Platforma pedobarograficzna footscan --><\/p>\n<tr>\n<td width=\"250\" align=\"center\" valign=\"top\" bgcolor=\"#f9f9f9\">\n      <img decoding=\"async\" src=\"https:\/\/wm.pb.edu.pl\/iib\/wp-content\/uploads\/sites\/7\/2025\/02\/Platforma-pedobarograficzna-Footscan.jpg\" alt=\"Platforma pedobarograficzna Footscan\" width=\"250\">\n    <\/td>\n<td valign=\"top\">\n<h3 style=\"color: #003366;margin-top: 0\">Platforma pedobarograficzna footscan<\/h3>\n<p>Platforma firmy RsScan footscan 2m, 3D box<\/p>\n<ul>\n<li>Rozmiar 2096 mm x 469 mm x 18 mm<\/li>\n<li>Powierzchnia pomiarowa 1950 mm x 325 mm<\/li>\n<li>Liczba sensor\u00f3w rezystancyjnych 16384<\/li>\n<li>Zakres pomiarowy 1 &#8211; 127 N\/cm\u00b2<\/li>\n<li>Cz\u0119stotliwo\u015b\u0107 pomiarowa do 500 Hz<\/li>\n<\/ul>\n<\/td>\n<\/tr>\n<p>  <!-- Zestaw pomiaru nacisk\u00f3w Tekscan --><\/p>\n<tr>\n<td width=\"250\" align=\"center\" valign=\"top\" bgcolor=\"#f9f9f9\">\n      <img decoding=\"async\" src=\"https:\/\/wm.pb.edu.pl\/iib\/wp-content\/uploads\/sites\/7\/2025\/02\/Zestaw-pomiaru-naciskow-Tekscan.jpg\" alt=\"Zestaw pomiaru nacisk\u00f3w Tekscan\" width=\"250\">\n    <\/td>\n<td valign=\"top\">\n<h3 style=\"color: #003366;margin-top: 0\">Zestaw pomiaru nacisk\u00f3w Tekscan<\/h3>\n<p>F-Scan VersaTek umo\u017cliwiaj\u0105cy pomiar nacisk\u00f3w przy u\u017cyciu wk\u0142adek pomiarowych<\/p>\n<ul>\n<li>Cz\u0119stotliwo\u015b\u0107 pomiarowa do 750 Hz,<\/li>\n<li>Zakres pomiarowy minimum do 850 kPa,<\/li>\n<li>g\u0119sto\u015b\u0107 rozmieszczenia czujnik\u00f3w minimum 3,8 \/ cm\u00b2,<\/li>\n<li>grubo\u015b\u0107 maksymalna 0,2 mm<\/li>\n<li>Mo\u017cliwo\u015b\u0107 pod\u0142\u0105czenia innych typ\u00f3w czujnik\u00f3w do pomiaru ci\u015bnienia<\/li>\n<\/ul>\n<\/td>\n<\/tr>\n<p>  <!-- BIODEX --><\/p>\n<tr>\n<td width=\"250\" align=\"center\" valign=\"top\" bgcolor=\"#f9f9f9\">\n      <img decoding=\"async\" src=\"https:\/\/wm.pb.edu.pl\/iib\/wp-content\/uploads\/sites\/7\/2025\/02\/Biodex.jpg\" alt=\"Biodex\" width=\"250\">\n    <\/td>\n<td valign=\"top\">\n<h3 style=\"color: #003366;margin-top: 0\">BIODEX<\/h3>\n<ul>\n<li>Stanowisko do pomiaru moment\u00f3w si\u0142 mi\u0119\u015bniowych Biodex System4 Pro umo\u017cliwiaj\u0105ce pomiary w warunkach izometrycznych, izokinetycznych oraz izotonicznych, dla pracy koncentrycznej i ekscentrycznej.<\/li>\n<li>Mo\u017cliwo\u015b\u0107 prowadzenia pomiar\u00f3w dla staw\u00f3w: biodrowego, kolanowego, skokowego, ramiennego, \u0142okciowego, promieniowo-nadgarstkowego.<\/li>\n<li>Przystawka do pomiaru zginaczy\/prostownik\u00f3w tu\u0142owia.<\/li>\n<li>Przystawka do \u0107wicze\u0144 funkcjonalnych.<\/li>\n<\/ul>\n<\/td>\n<\/tr>\n<\/table>\n","protected":false},"excerpt":{"rendered":"<p>Zestaw do rejestracji lokomocji Qualisys Zestaw kamer 10 Oqus 500+ umo\u017cliwiaj\u0105cych rejestracj\u0119 ruchu zar\u00f3wno w<a class=\"read-more\" href=\"https:\/\/wm.pb.edu.pl\/iib\/strona-glowna\/pracownia-diagnostyki-narzadu-ruchu\/\" title=\"Poka\u017c artyku\u0142 Pracownia Diagnostyki Narz\u0105du Ruchu\">wi\u0119cej<\/a><\/p>\n","protected":false},"author":76,"featured_media":0,"parent":11,"menu_order":0,"comment_status":"closed","ping_status":"closed","template":"","meta":{"inline_featured_image":false,"ngg_post_thumbnail":0,"footnotes":""},"class_list":["post-943","page","type-page","status-publish","hentry"],"acf":[],"yoast_head":"<!-- This site is optimized with the Yoast SEO plugin v26.4 - https:\/\/yoast.com\/wordpress\/plugins\/seo\/ -->\n<title>Pracownia Diagnostyki Narz\u0105du Ruchu - Instytut In\u017cynierii Biomedycznej<\/title>\n<meta name=\"robots\" content=\"index, follow, max-snippet:-1, max-image-preview:large, max-video-preview:-1\" \/>\n<link rel=\"canonical\" href=\"https:\/\/wm.pb.edu.pl\/iib\/strona-glowna\/pracownia-diagnostyki-narzadu-ruchu\/\" \/>\n<meta property=\"og:locale\" content=\"pl_PL\" \/>\n<meta property=\"og:type\" content=\"article\" \/>\n<meta property=\"og:title\" content=\"Pracownia Diagnostyki Narz\u0105du Ruchu - Instytut In\u017cynierii Biomedycznej\" \/>\n<meta property=\"og:description\" content=\"Zestaw do rejestracji lokomocji Qualisys Zestaw kamer 10 Oqus 500+ umo\u017cliwiaj\u0105cych rejestracj\u0119 ruchu zar\u00f3wno wwi\u0119cej\" \/>\n<meta property=\"og:url\" content=\"https:\/\/wm.pb.edu.pl\/iib\/strona-glowna\/pracownia-diagnostyki-narzadu-ruchu\/\" \/>\n<meta property=\"og:site_name\" content=\"Instytut In\u017cynierii Biomedycznej\" \/>\n<meta property=\"article:modified_time\" content=\"2025-12-08T18:01:09+00:00\" \/>\n<meta property=\"og:image\" content=\"https:\/\/wm.pb.edu.pl\/iib\/wp-content\/uploads\/sites\/7\/2025\/02\/Zestaw-do-rejestracji-lokomocji-Qualisys-1024x576.jpg\" \/>\n<meta name=\"twitter:card\" content=\"summary_large_image\" \/>\n<meta name=\"twitter:label1\" content=\"Szacowany czas czytania\" \/>\n\t<meta name=\"twitter:data1\" content=\"4 minuty\" \/>\n<script type=\"application\/ld+json\" class=\"yoast-schema-graph\">{\"@context\":\"https:\/\/schema.org\",\"@graph\":[{\"@type\":\"WebPage\",\"@id\":\"https:\/\/wm.pb.edu.pl\/iib\/strona-glowna\/pracownia-diagnostyki-narzadu-ruchu\/\",\"url\":\"https:\/\/wm.pb.edu.pl\/iib\/strona-glowna\/pracownia-diagnostyki-narzadu-ruchu\/\",\"name\":\"Pracownia Diagnostyki Narz\u0105du Ruchu - Instytut In\u017cynierii Biomedycznej\",\"isPartOf\":{\"@id\":\"https:\/\/wm.pb.edu.pl\/iib\/#website\"},\"primaryImageOfPage\":{\"@id\":\"https:\/\/wm.pb.edu.pl\/iib\/strona-glowna\/pracownia-diagnostyki-narzadu-ruchu\/#primaryimage\"},\"image\":{\"@id\":\"https:\/\/wm.pb.edu.pl\/iib\/strona-glowna\/pracownia-diagnostyki-narzadu-ruchu\/#primaryimage\"},\"thumbnailUrl\":\"https:\/\/wm.pb.edu.pl\/iib\/wp-content\/uploads\/sites\/7\/2025\/02\/Zestaw-do-rejestracji-lokomocji-Qualisys-1024x576.jpg\",\"datePublished\":\"2025-02-25T18:24:33+00:00\",\"dateModified\":\"2025-12-08T18:01:09+00:00\",\"breadcrumb\":{\"@id\":\"https:\/\/wm.pb.edu.pl\/iib\/strona-glowna\/pracownia-diagnostyki-narzadu-ruchu\/#breadcrumb\"},\"inLanguage\":\"pl-PL\",\"potentialAction\":[{\"@type\":\"ReadAction\",\"target\":[\"https:\/\/wm.pb.edu.pl\/iib\/strona-glowna\/pracownia-diagnostyki-narzadu-ruchu\/\"]}]},{\"@type\":\"ImageObject\",\"inLanguage\":\"pl-PL\",\"@id\":\"https:\/\/wm.pb.edu.pl\/iib\/strona-glowna\/pracownia-diagnostyki-narzadu-ruchu\/#primaryimage\",\"url\":\"https:\/\/wm.pb.edu.pl\/iib\/wp-content\/uploads\/sites\/7\/2025\/02\/Zestaw-do-rejestracji-lokomocji-Qualisys.jpg\",\"contentUrl\":\"https:\/\/wm.pb.edu.pl\/iib\/wp-content\/uploads\/sites\/7\/2025\/02\/Zestaw-do-rejestracji-lokomocji-Qualisys.jpg\",\"width\":1344,\"height\":756,\"caption\":\"Zestaw do rejestracji lokomocji Qualisys\"},{\"@type\":\"BreadcrumbList\",\"@id\":\"https:\/\/wm.pb.edu.pl\/iib\/strona-glowna\/pracownia-diagnostyki-narzadu-ruchu\/#breadcrumb\",\"itemListElement\":[{\"@type\":\"ListItem\",\"position\":1,\"name\":\"Strona g\u0142\u00f3wna\",\"item\":\"https:\/\/wm.pb.edu.pl\/iib\/\"},{\"@type\":\"ListItem\",\"position\":2,\"name\":\"Instytut In\u017cynierii Biomedycznej\",\"item\":\"https:\/\/wm.pb.edu.pl\/iib\/\"},{\"@type\":\"ListItem\",\"position\":3,\"name\":\"Pracownia Diagnostyki Narz\u0105du Ruchu\"}]},{\"@type\":\"WebSite\",\"@id\":\"https:\/\/wm.pb.edu.pl\/iib\/#website\",\"url\":\"https:\/\/wm.pb.edu.pl\/iib\/\",\"name\":\"Instytut In\u017cynierii Biomedycznej\",\"description\":\"\",\"potentialAction\":[{\"@type\":\"SearchAction\",\"target\":{\"@type\":\"EntryPoint\",\"urlTemplate\":\"https:\/\/wm.pb.edu.pl\/iib\/?s={search_term_string}\"},\"query-input\":{\"@type\":\"PropertyValueSpecification\",\"valueRequired\":true,\"valueName\":\"search_term_string\"}}],\"inLanguage\":\"pl-PL\"}]}<\/script>\n<!-- \/ Yoast SEO plugin. -->","yoast_head_json":{"title":"Pracownia Diagnostyki Narz\u0105du Ruchu - Instytut In\u017cynierii Biomedycznej","robots":{"index":"index","follow":"follow","max-snippet":"max-snippet:-1","max-image-preview":"max-image-preview:large","max-video-preview":"max-video-preview:-1"},"canonical":"https:\/\/wm.pb.edu.pl\/iib\/strona-glowna\/pracownia-diagnostyki-narzadu-ruchu\/","og_locale":"pl_PL","og_type":"article","og_title":"Pracownia Diagnostyki Narz\u0105du Ruchu - Instytut In\u017cynierii Biomedycznej","og_description":"Zestaw do rejestracji lokomocji Qualisys Zestaw kamer 10 Oqus 500+ umo\u017cliwiaj\u0105cych rejestracj\u0119 ruchu zar\u00f3wno wwi\u0119cej","og_url":"https:\/\/wm.pb.edu.pl\/iib\/strona-glowna\/pracownia-diagnostyki-narzadu-ruchu\/","og_site_name":"Instytut In\u017cynierii Biomedycznej","article_modified_time":"2025-12-08T18:01:09+00:00","og_image":[{"url":"https:\/\/wm.pb.edu.pl\/iib\/wp-content\/uploads\/sites\/7\/2025\/02\/Zestaw-do-rejestracji-lokomocji-Qualisys-1024x576.jpg","type":"","width":"","height":""}],"twitter_card":"summary_large_image","twitter_misc":{"Szacowany czas czytania":"4 minuty"},"schema":{"@context":"https:\/\/schema.org","@graph":[{"@type":"WebPage","@id":"https:\/\/wm.pb.edu.pl\/iib\/strona-glowna\/pracownia-diagnostyki-narzadu-ruchu\/","url":"https:\/\/wm.pb.edu.pl\/iib\/strona-glowna\/pracownia-diagnostyki-narzadu-ruchu\/","name":"Pracownia Diagnostyki Narz\u0105du Ruchu - Instytut In\u017cynierii Biomedycznej","isPartOf":{"@id":"https:\/\/wm.pb.edu.pl\/iib\/#website"},"primaryImageOfPage":{"@id":"https:\/\/wm.pb.edu.pl\/iib\/strona-glowna\/pracownia-diagnostyki-narzadu-ruchu\/#primaryimage"},"image":{"@id":"https:\/\/wm.pb.edu.pl\/iib\/strona-glowna\/pracownia-diagnostyki-narzadu-ruchu\/#primaryimage"},"thumbnailUrl":"https:\/\/wm.pb.edu.pl\/iib\/wp-content\/uploads\/sites\/7\/2025\/02\/Zestaw-do-rejestracji-lokomocji-Qualisys-1024x576.jpg","datePublished":"2025-02-25T18:24:33+00:00","dateModified":"2025-12-08T18:01:09+00:00","breadcrumb":{"@id":"https:\/\/wm.pb.edu.pl\/iib\/strona-glowna\/pracownia-diagnostyki-narzadu-ruchu\/#breadcrumb"},"inLanguage":"pl-PL","potentialAction":[{"@type":"ReadAction","target":["https:\/\/wm.pb.edu.pl\/iib\/strona-glowna\/pracownia-diagnostyki-narzadu-ruchu\/"]}]},{"@type":"ImageObject","inLanguage":"pl-PL","@id":"https:\/\/wm.pb.edu.pl\/iib\/strona-glowna\/pracownia-diagnostyki-narzadu-ruchu\/#primaryimage","url":"https:\/\/wm.pb.edu.pl\/iib\/wp-content\/uploads\/sites\/7\/2025\/02\/Zestaw-do-rejestracji-lokomocji-Qualisys.jpg","contentUrl":"https:\/\/wm.pb.edu.pl\/iib\/wp-content\/uploads\/sites\/7\/2025\/02\/Zestaw-do-rejestracji-lokomocji-Qualisys.jpg","width":1344,"height":756,"caption":"Zestaw do rejestracji lokomocji Qualisys"},{"@type":"BreadcrumbList","@id":"https:\/\/wm.pb.edu.pl\/iib\/strona-glowna\/pracownia-diagnostyki-narzadu-ruchu\/#breadcrumb","itemListElement":[{"@type":"ListItem","position":1,"name":"Strona g\u0142\u00f3wna","item":"https:\/\/wm.pb.edu.pl\/iib\/"},{"@type":"ListItem","position":2,"name":"Instytut In\u017cynierii Biomedycznej","item":"https:\/\/wm.pb.edu.pl\/iib\/"},{"@type":"ListItem","position":3,"name":"Pracownia Diagnostyki Narz\u0105du Ruchu"}]},{"@type":"WebSite","@id":"https:\/\/wm.pb.edu.pl\/iib\/#website","url":"https:\/\/wm.pb.edu.pl\/iib\/","name":"Instytut In\u017cynierii Biomedycznej","description":"","potentialAction":[{"@type":"SearchAction","target":{"@type":"EntryPoint","urlTemplate":"https:\/\/wm.pb.edu.pl\/iib\/?s={search_term_string}"},"query-input":{"@type":"PropertyValueSpecification","valueRequired":true,"valueName":"search_term_string"}}],"inLanguage":"pl-PL"}]}},"_links":{"self":[{"href":"https:\/\/wm.pb.edu.pl\/iib\/wp-json\/wp\/v2\/pages\/943","targetHints":{"allow":["GET"]}}],"collection":[{"href":"https:\/\/wm.pb.edu.pl\/iib\/wp-json\/wp\/v2\/pages"}],"about":[{"href":"https:\/\/wm.pb.edu.pl\/iib\/wp-json\/wp\/v2\/types\/page"}],"author":[{"embeddable":true,"href":"https:\/\/wm.pb.edu.pl\/iib\/wp-json\/wp\/v2\/users\/76"}],"replies":[{"embeddable":true,"href":"https:\/\/wm.pb.edu.pl\/iib\/wp-json\/wp\/v2\/comments?post=943"}],"version-history":[{"count":3,"href":"https:\/\/wm.pb.edu.pl\/iib\/wp-json\/wp\/v2\/pages\/943\/revisions"}],"predecessor-version":[{"id":1014,"href":"https:\/\/wm.pb.edu.pl\/iib\/wp-json\/wp\/v2\/pages\/943\/revisions\/1014"}],"up":[{"embeddable":true,"href":"https:\/\/wm.pb.edu.pl\/iib\/wp-json\/wp\/v2\/pages\/11"}],"wp:attachment":[{"href":"https:\/\/wm.pb.edu.pl\/iib\/wp-json\/wp\/v2\/media?parent=943"}],"curies":[{"name":"wp","href":"https:\/\/api.w.org\/{rel}","templated":true}]}}