{"id":948,"date":"2025-03-06T14:23:55","date_gmt":"2025-03-06T13:23:55","guid":{"rendered":"https:\/\/wm.pb.edu.pl\/iib\/?page_id=948"},"modified":"2025-12-08T19:03:04","modified_gmt":"2025-12-08T18:03:04","slug":"pracownia-cyfrowego-przetwarzania-sygnalow","status":"publish","type":"page","link":"https:\/\/wm.pb.edu.pl\/iib\/pracownia-cyfrowego-przetwarzania-sygnalow\/","title":{"rendered":"Pracownia Cyfrowego Przetwarzania Sygna\u0142\u00f3w"},"content":{"rendered":"<table width=\"100%\" border=\"1\" cellpadding=\"15\" cellspacing=\"0\" style=\"border-collapse: collapse;border-color: #cccccc\">\n<p>  <!-- Medilogic WLAN Insole i Biopac MP160 --><\/p>\n<tr>\n<td width=\"250\" align=\"center\" valign=\"top\" bgcolor=\"#f9f9f9\">\n      <img decoding=\"async\" src=\"https:\/\/wm.pb.edu.pl\/iib\/wp-content\/uploads\/sites\/7\/2025\/02\/System-Biopac-e1740746368245.jpg\" alt=\"System Biopac MP160\" width=\"250\">\n    <\/td>\n<td valign=\"top\">\n<h3 style=\"color: #003366;margin-top: 0\">Medilogic WLAN Insole i Biopac MP160<\/h3>\n<p>System <strong>Medilogic WLAN Insole<\/strong> to zaawansowane narz\u0119dzie s\u0142u\u017c\u0105ce do rejestracji i analizy rozk\u0142adu obci\u0105\u017ce\u0144 na powierzchni st\u00f3p podczas r\u00f3\u017cnych aktywno\u015bci ruchowych. Sk\u0142ada si\u0119 z elastycznych wk\u0142adek pomiarowych wyposa\u017conych w czujniki barorezystywne, kt\u00f3re umieszcza si\u0119 w obuwiu osoby badanej. Dane s\u0105 przesy\u0142ane bezprzewodowo do komputera, umo\u017cliwiaj\u0105c podgl\u0105d wynik\u00f3w w czasie rzeczywistym.<\/p>\n<p><strong>Biopac MP160<\/strong> to modu\u0142owy system akwizycji i analizy danych. Umo\u017cliwia rejestrowanie sygna\u0142\u00f3w fizjologicznych, takich jak EKG, EDA i RSP. Wsp\u00f3\u0142pracuje z oprogramowaniem AcqKnowledge, kt\u00f3re oferuje zaawansowane funkcje analizy i przetwarzania danych.<\/p>\n<\/td>\n<\/tr>\n<p>  <!-- System EEG Enobio 8 --><\/p>\n<tr>\n<td width=\"250\" align=\"center\" valign=\"top\" bgcolor=\"#f9f9f9\">\n      <img decoding=\"async\" src=\"https:\/\/wm.pb.edu.pl\/iib\/wp-content\/uploads\/sites\/7\/2025\/02\/EEG-e1740746504697.jpg\" alt=\"Elektroencefalograf\" width=\"250\">\n    <\/td>\n<td valign=\"top\">\n<h3 style=\"color: #003366;margin-top: 0\">System EEG Enobio 8<\/h3>\n<p><strong>Enobio 8<\/strong> to bezprzewodowy, medyczny system EEG umo\u017cliwiaj\u0105cy monitorowanie aktywno\u015bci m\u00f3zgu w warunkach klinicznych i badawczych. Urz\u0105dzenie oferuje 8 kana\u0142\u00f3w EEG z rozdzielczo\u015bci\u0105 24-bitow\u0105 (0,05 \u00b5V) oraz pasmem 0\u2013125 Hz.<\/p>\n<p>Dzi\u0119ki elastycznej konstrukcji czepka i elektrodom suchym, mo\u017cliwe jest szybkie przygotowanie do badania. System posiada akumulator umo\u017cliwiaj\u0105cy prac\u0119 przy bezprzewodowej transmisji danych. W zestawie znajduje si\u0119 oprogramowanie NIC2 do analizy EEG w czasie rzeczywistym.<\/p>\n<\/td>\n<\/tr>\n<p>  <!-- Trigno --><\/p>\n<tr>\n<td width=\"250\" align=\"center\" valign=\"top\" bgcolor=\"#f9f9f9\">\n      <img decoding=\"async\" src=\"https:\/\/wm.pb.edu.pl\/iib\/wp-content\/uploads\/sites\/7\/2025\/02\/EMG.jpg\" alt=\"EMG\" width=\"250\">\n    <\/td>\n<td valign=\"top\">\n<h3 style=\"color: #003366;margin-top: 0\">Trigno<\/h3>\n<p><strong>Trigno<\/strong> to zaawansowany, bezprzewodowy system EMG (elektromiografii) firmy Delsys, zaprojektowany do monitorowania aktywno\u015bci mi\u0119\u015bniowej w badaniach naukowych i klinicznych. System sk\u0142ada si\u0119 z sensor\u00f3w <strong>Trigno Avanti<\/strong>, kt\u00f3re rejestruj\u0105 sygna\u0142y EMG i dane z akcelerometr\u00f3w. Oferuje do 32 kana\u0142\u00f3w EMG i transmisj\u0119 na odleg\u0142o\u015b\u0107 do 40 m. Integruje si\u0119 z oprogramowaniem <strong>EMGworks\u00ae<\/strong>, umo\u017cliwiaj\u0105c analiz\u0119 i wizualizacj\u0119 danych.<\/p>\n<\/td>\n<\/tr>\n<\/table>\n","protected":false},"excerpt":{"rendered":"<p>Medilogic WLAN Insole i Biopac MP160 System Medilogic WLAN Insole to zaawansowane narz\u0119dzie s\u0142u\u017c\u0105ce do<a class=\"read-more\" href=\"https:\/\/wm.pb.edu.pl\/iib\/pracownia-cyfrowego-przetwarzania-sygnalow\/\" title=\"Poka\u017c artyku\u0142 Pracownia Cyfrowego Przetwarzania Sygna\u0142\u00f3w\">wi\u0119cej<\/a><\/p>\n","protected":false},"author":76,"featured_media":0,"parent":0,"menu_order":0,"comment_status":"closed","ping_status":"closed","template":"","meta":{"inline_featured_image":false,"ngg_post_thumbnail":0,"footnotes":""},"class_list":["post-948","page","type-page","status-publish","hentry"],"acf":[],"yoast_head":"<!-- This site is optimized with the Yoast SEO plugin v26.4 - https:\/\/yoast.com\/wordpress\/plugins\/seo\/ -->\n<title>Pracownia Cyfrowego Przetwarzania Sygna\u0142\u00f3w - Instytut In\u017cynierii Biomedycznej<\/title>\n<meta name=\"robots\" content=\"index, follow, max-snippet:-1, max-image-preview:large, max-video-preview:-1\" \/>\n<link rel=\"canonical\" href=\"https:\/\/wm.pb.edu.pl\/iib\/pracownia-cyfrowego-przetwarzania-sygnalow\/\" \/>\n<meta property=\"og:locale\" content=\"pl_PL\" \/>\n<meta property=\"og:type\" content=\"article\" \/>\n<meta property=\"og:title\" content=\"Pracownia Cyfrowego Przetwarzania Sygna\u0142\u00f3w - Instytut In\u017cynierii Biomedycznej\" \/>\n<meta property=\"og:description\" content=\"Medilogic WLAN Insole i Biopac MP160 System Medilogic WLAN Insole to zaawansowane narz\u0119dzie s\u0142u\u017c\u0105ce dowi\u0119cej\" \/>\n<meta property=\"og:url\" content=\"https:\/\/wm.pb.edu.pl\/iib\/pracownia-cyfrowego-przetwarzania-sygnalow\/\" \/>\n<meta property=\"og:site_name\" content=\"Instytut In\u017cynierii Biomedycznej\" \/>\n<meta property=\"article:modified_time\" content=\"2025-12-08T18:03:04+00:00\" \/>\n<meta property=\"og:image\" content=\"https:\/\/wm.pb.edu.pl\/iib\/wp-content\/uploads\/sites\/7\/2025\/02\/System-Biopac-e1740746368245.jpg\" \/>\n<meta name=\"twitter:card\" content=\"summary_large_image\" \/>\n<meta name=\"twitter:label1\" content=\"Szacowany czas czytania\" \/>\n\t<meta name=\"twitter:data1\" content=\"2 minuty\" \/>\n<script type=\"application\/ld+json\" class=\"yoast-schema-graph\">{\"@context\":\"https:\/\/schema.org\",\"@graph\":[{\"@type\":\"WebPage\",\"@id\":\"https:\/\/wm.pb.edu.pl\/iib\/pracownia-cyfrowego-przetwarzania-sygnalow\/\",\"url\":\"https:\/\/wm.pb.edu.pl\/iib\/pracownia-cyfrowego-przetwarzania-sygnalow\/\",\"name\":\"Pracownia Cyfrowego Przetwarzania Sygna\u0142\u00f3w - Instytut In\u017cynierii Biomedycznej\",\"isPartOf\":{\"@id\":\"https:\/\/wm.pb.edu.pl\/iib\/#website\"},\"primaryImageOfPage\":{\"@id\":\"https:\/\/wm.pb.edu.pl\/iib\/pracownia-cyfrowego-przetwarzania-sygnalow\/#primaryimage\"},\"image\":{\"@id\":\"https:\/\/wm.pb.edu.pl\/iib\/pracownia-cyfrowego-przetwarzania-sygnalow\/#primaryimage\"},\"thumbnailUrl\":\"https:\/\/wm.pb.edu.pl\/iib\/wp-content\/uploads\/sites\/7\/2025\/02\/System-Biopac-e1740746368245.jpg\",\"datePublished\":\"2025-03-06T13:23:55+00:00\",\"dateModified\":\"2025-12-08T18:03:04+00:00\",\"breadcrumb\":{\"@id\":\"https:\/\/wm.pb.edu.pl\/iib\/pracownia-cyfrowego-przetwarzania-sygnalow\/#breadcrumb\"},\"inLanguage\":\"pl-PL\",\"potentialAction\":[{\"@type\":\"ReadAction\",\"target\":[\"https:\/\/wm.pb.edu.pl\/iib\/pracownia-cyfrowego-przetwarzania-sygnalow\/\"]}]},{\"@type\":\"ImageObject\",\"inLanguage\":\"pl-PL\",\"@id\":\"https:\/\/wm.pb.edu.pl\/iib\/pracownia-cyfrowego-przetwarzania-sygnalow\/#primaryimage\",\"url\":\"https:\/\/wm.pb.edu.pl\/iib\/wp-content\/uploads\/sites\/7\/2025\/02\/System-Biopac-e1740746368245.jpg\",\"contentUrl\":\"https:\/\/wm.pb.edu.pl\/iib\/wp-content\/uploads\/sites\/7\/2025\/02\/System-Biopac-e1740746368245.jpg\",\"width\":1090,\"height\":1127,\"caption\":\"System Biopac MP160\"},{\"@type\":\"BreadcrumbList\",\"@id\":\"https:\/\/wm.pb.edu.pl\/iib\/pracownia-cyfrowego-przetwarzania-sygnalow\/#breadcrumb\",\"itemListElement\":[{\"@type\":\"ListItem\",\"position\":1,\"name\":\"Strona g\u0142\u00f3wna\",\"item\":\"https:\/\/wm.pb.edu.pl\/iib\/\"},{\"@type\":\"ListItem\",\"position\":2,\"name\":\"Pracownia Cyfrowego Przetwarzania Sygna\u0142\u00f3w\"}]},{\"@type\":\"WebSite\",\"@id\":\"https:\/\/wm.pb.edu.pl\/iib\/#website\",\"url\":\"https:\/\/wm.pb.edu.pl\/iib\/\",\"name\":\"Instytut In\u017cynierii Biomedycznej\",\"description\":\"\",\"potentialAction\":[{\"@type\":\"SearchAction\",\"target\":{\"@type\":\"EntryPoint\",\"urlTemplate\":\"https:\/\/wm.pb.edu.pl\/iib\/?s={search_term_string}\"},\"query-input\":{\"@type\":\"PropertyValueSpecification\",\"valueRequired\":true,\"valueName\":\"search_term_string\"}}],\"inLanguage\":\"pl-PL\"}]}<\/script>\n<!-- \/ Yoast SEO plugin. -->","yoast_head_json":{"title":"Pracownia Cyfrowego Przetwarzania Sygna\u0142\u00f3w - Instytut In\u017cynierii Biomedycznej","robots":{"index":"index","follow":"follow","max-snippet":"max-snippet:-1","max-image-preview":"max-image-preview:large","max-video-preview":"max-video-preview:-1"},"canonical":"https:\/\/wm.pb.edu.pl\/iib\/pracownia-cyfrowego-przetwarzania-sygnalow\/","og_locale":"pl_PL","og_type":"article","og_title":"Pracownia Cyfrowego Przetwarzania Sygna\u0142\u00f3w - Instytut In\u017cynierii Biomedycznej","og_description":"Medilogic WLAN Insole i Biopac MP160 System Medilogic WLAN Insole to zaawansowane narz\u0119dzie s\u0142u\u017c\u0105ce dowi\u0119cej","og_url":"https:\/\/wm.pb.edu.pl\/iib\/pracownia-cyfrowego-przetwarzania-sygnalow\/","og_site_name":"Instytut In\u017cynierii Biomedycznej","article_modified_time":"2025-12-08T18:03:04+00:00","og_image":[{"url":"https:\/\/wm.pb.edu.pl\/iib\/wp-content\/uploads\/sites\/7\/2025\/02\/System-Biopac-e1740746368245.jpg","type":"","width":"","height":""}],"twitter_card":"summary_large_image","twitter_misc":{"Szacowany czas czytania":"2 minuty"},"schema":{"@context":"https:\/\/schema.org","@graph":[{"@type":"WebPage","@id":"https:\/\/wm.pb.edu.pl\/iib\/pracownia-cyfrowego-przetwarzania-sygnalow\/","url":"https:\/\/wm.pb.edu.pl\/iib\/pracownia-cyfrowego-przetwarzania-sygnalow\/","name":"Pracownia Cyfrowego Przetwarzania Sygna\u0142\u00f3w - Instytut In\u017cynierii Biomedycznej","isPartOf":{"@id":"https:\/\/wm.pb.edu.pl\/iib\/#website"},"primaryImageOfPage":{"@id":"https:\/\/wm.pb.edu.pl\/iib\/pracownia-cyfrowego-przetwarzania-sygnalow\/#primaryimage"},"image":{"@id":"https:\/\/wm.pb.edu.pl\/iib\/pracownia-cyfrowego-przetwarzania-sygnalow\/#primaryimage"},"thumbnailUrl":"https:\/\/wm.pb.edu.pl\/iib\/wp-content\/uploads\/sites\/7\/2025\/02\/System-Biopac-e1740746368245.jpg","datePublished":"2025-03-06T13:23:55+00:00","dateModified":"2025-12-08T18:03:04+00:00","breadcrumb":{"@id":"https:\/\/wm.pb.edu.pl\/iib\/pracownia-cyfrowego-przetwarzania-sygnalow\/#breadcrumb"},"inLanguage":"pl-PL","potentialAction":[{"@type":"ReadAction","target":["https:\/\/wm.pb.edu.pl\/iib\/pracownia-cyfrowego-przetwarzania-sygnalow\/"]}]},{"@type":"ImageObject","inLanguage":"pl-PL","@id":"https:\/\/wm.pb.edu.pl\/iib\/pracownia-cyfrowego-przetwarzania-sygnalow\/#primaryimage","url":"https:\/\/wm.pb.edu.pl\/iib\/wp-content\/uploads\/sites\/7\/2025\/02\/System-Biopac-e1740746368245.jpg","contentUrl":"https:\/\/wm.pb.edu.pl\/iib\/wp-content\/uploads\/sites\/7\/2025\/02\/System-Biopac-e1740746368245.jpg","width":1090,"height":1127,"caption":"System Biopac MP160"},{"@type":"BreadcrumbList","@id":"https:\/\/wm.pb.edu.pl\/iib\/pracownia-cyfrowego-przetwarzania-sygnalow\/#breadcrumb","itemListElement":[{"@type":"ListItem","position":1,"name":"Strona g\u0142\u00f3wna","item":"https:\/\/wm.pb.edu.pl\/iib\/"},{"@type":"ListItem","position":2,"name":"Pracownia Cyfrowego Przetwarzania Sygna\u0142\u00f3w"}]},{"@type":"WebSite","@id":"https:\/\/wm.pb.edu.pl\/iib\/#website","url":"https:\/\/wm.pb.edu.pl\/iib\/","name":"Instytut In\u017cynierii Biomedycznej","description":"","potentialAction":[{"@type":"SearchAction","target":{"@type":"EntryPoint","urlTemplate":"https:\/\/wm.pb.edu.pl\/iib\/?s={search_term_string}"},"query-input":{"@type":"PropertyValueSpecification","valueRequired":true,"valueName":"search_term_string"}}],"inLanguage":"pl-PL"}]}},"_links":{"self":[{"href":"https:\/\/wm.pb.edu.pl\/iib\/wp-json\/wp\/v2\/pages\/948","targetHints":{"allow":["GET"]}}],"collection":[{"href":"https:\/\/wm.pb.edu.pl\/iib\/wp-json\/wp\/v2\/pages"}],"about":[{"href":"https:\/\/wm.pb.edu.pl\/iib\/wp-json\/wp\/v2\/types\/page"}],"author":[{"embeddable":true,"href":"https:\/\/wm.pb.edu.pl\/iib\/wp-json\/wp\/v2\/users\/76"}],"replies":[{"embeddable":true,"href":"https:\/\/wm.pb.edu.pl\/iib\/wp-json\/wp\/v2\/comments?post=948"}],"version-history":[{"count":18,"href":"https:\/\/wm.pb.edu.pl\/iib\/wp-json\/wp\/v2\/pages\/948\/revisions"}],"predecessor-version":[{"id":1016,"href":"https:\/\/wm.pb.edu.pl\/iib\/wp-json\/wp\/v2\/pages\/948\/revisions\/1016"}],"wp:attachment":[{"href":"https:\/\/wm.pb.edu.pl\/iib\/wp-json\/wp\/v2\/media?parent=948"}],"curies":[{"name":"wp","href":"https:\/\/api.w.org\/{rel}","templated":true}]}}