{"id":16,"date":"2019-10-27T22:33:22","date_gmt":"2019-10-27T21:33:22","guid":{"rendered":"https:\/\/wm.pb.edu.pl\/iim\/?page_id=16"},"modified":"2022-10-25T10:34:40","modified_gmt":"2022-10-25T08:34:40","slug":"home","status":"publish","type":"page","link":"https:\/\/wm.pb.edu.pl\/iim\/","title":{"rendered":"Instytut In\u017cynierii Mechanicznej"},"content":{"rendered":"<p><a name=\"tu-skacz\"><\/a><br \/>\n<div class=\"row\">\n<div class=\"col-md-4\">\n  <div class=\"boxlink animated zoomIn \">\r\n    <a href=\"\/iim\/o-instytucie\/\" class=\"\">\r\n      <div class=\"boxlink-title\">O Instytucie<span><\/span><\/div>\r\n      <div class=\"boxlink-content\">\r\n        <img decoding=\"async\" class=\"aligncenter wp-image-534 size-full\" src=\"https:\/\/wm.pb.edu.pl\/iim\/wp-content\/uploads\/sites\/10\/2019\/10\/MW_IIM.png\" alt=\"\">      <\/div>\r\n    <\/a>\r\n  <\/div>\r\n\n<\/div>\n<div class=\"col-md-4\">\n  <div class=\"boxlink animated zoomIn \">\r\n    <a href=\"\/iim\/nauka\/\" class=\"\">\r\n      <div class=\"boxlink-title\">Nauka<span><\/span><\/div>\r\n      <div class=\"boxlink-content\">\r\n        <img decoding=\"async\" class=\"aligncenter wp-image-534 size-full\" src=\"https:\/\/wm.pb.edu.pl\/kmiis\/wp-content\/uploads\/sites\/3\/2018\/08\/WM_nauka.png\" alt=\"\">      <\/div>\r\n    <\/a>\r\n  <\/div>\r\n\n<\/div>\n<div class=\"col-md-4\">\n  <div class=\"boxlink animated zoomIn \">\r\n    <a href=\"\/iim\/kola-naukowe\" class=\"\">\r\n      <div class=\"boxlink-title\">Ko\u0142a naukowe<span><\/span><\/div>\r\n      <div class=\"boxlink-content\">\r\n        <img decoding=\"async\" class=\"aligncenter wp-image-534 size-full\" src=\"https:\/\/wm.pb.edu.pl\/kmiis\/wp-content\/uploads\/sites\/3\/2018\/08\/WM_studenci.png\" alt=\"\">      <\/div>\r\n    <\/a>\r\n  <\/div>\r\n\n<\/div>\n<\/div>\n<div class=\"row\">\n<div class=\"col-md-4\">\n  <div class=\"boxlink animated zoomIn \">\r\n    <a href=\"\/iim\/pracownicy\/\" class=\"\">\r\n      <div class=\"boxlink-title\">Pracownicy<span><\/span><\/div>\r\n      <div class=\"boxlink-content\">\r\n        <img decoding=\"async\" class=\"aligncenter wp-image-534 size-full\" src=\"https:\/\/wm.pb.edu.pl\/kmiis\/wp-content\/uploads\/sites\/3\/2018\/08\/WM_pracownicy.png\" alt=\"\">      <\/div>\r\n    <\/a>\r\n  <\/div>\r\n\n<\/div>\n<div class=\"col-md-4\">\n  <div class=\"boxlink animated zoomIn \">\r\n    <a href=\"\/iim\/laboratoria\/\" class=\"\">\r\n      <div class=\"boxlink-title\">Laboratoria<span><\/span><\/div>\r\n      <div class=\"boxlink-content\">\r\n        <img decoding=\"async\" class=\"aligncenter wp-image-534 size-full\" src=\"https:\/\/wm.pb.edu.pl\/kmiis\/wp-content\/uploads\/sites\/3\/2018\/08\/MW_lab.png\" alt=\"\">      <\/div>\r\n    <\/a>\r\n  <\/div>\r\n\n<\/div>\n<div class=\"col-md-4\">\n  <div class=\"boxlink animated zoomIn \">\r\n    <a href=\"\/iim\/kontakt\" class=\"\">\r\n      <div class=\"boxlink-title\">Kontakt<span><\/span><\/div>\r\n      <div class=\"boxlink-content\">\r\n        <img decoding=\"async\" class=\"aligncenter wp-image-534 size-full\" src=\"https:\/\/wm.pb.edu.pl\/kmiis\/wp-content\/uploads\/sites\/3\/2018\/08\/MW_kontakt.png\" alt=\"\">      <\/div>\r\n    <\/a>\r\n  <\/div>\r\n\n<\/div>\n<\/div>\n","protected":false},"excerpt":{"rendered":"","protected":false},"author":2,"featured_media":52,"parent":0,"menu_order":1,"comment_status":"closed","ping_status":"closed","template":"templates\/reprezentacyjna-4_8.php","meta":{"inline_featured_image":false,"ngg_post_thumbnail":0,"footnotes":""},"class_list":["post-16","page","type-page","status-publish","has-post-thumbnail","hentry"],"acf":[],"yoast_head":"<!-- This site is optimized with the Yoast SEO plugin v26.4 - https:\/\/yoast.com\/wordpress\/plugins\/seo\/ -->\n<title>Instytut In\u017cynierii Mechanicznej<\/title>\n<meta name=\"description\" content=\"Instytut In\u017cynierii Mechanicznej Wydzia\u0142 Mechaniczny Politechniki Bia\u0142ostockiej\" \/>\n<meta name=\"robots\" content=\"index, follow, max-snippet:-1, max-image-preview:large, max-video-preview:-1\" \/>\n<link rel=\"canonical\" href=\"https:\/\/wm.pb.edu.pl\/iim\/\" \/>\n<meta property=\"og:locale\" content=\"pl_PL\" \/>\n<meta property=\"og:type\" content=\"article\" \/>\n<meta property=\"og:title\" content=\"Instytut In\u017cynierii Mechanicznej\" \/>\n<meta property=\"og:description\" content=\"Instytut In\u017cynierii Mechanicznej Wydzia\u0142 Mechaniczny Politechniki Bia\u0142ostockiej\" \/>\n<meta property=\"og:url\" content=\"https:\/\/wm.pb.edu.pl\/iim\/\" \/>\n<meta property=\"og:site_name\" content=\"Instytut In\u017cynierii Mechanicznej\" \/>\n<meta property=\"article:modified_time\" content=\"2022-10-25T08:34:40+00:00\" \/>\n<meta property=\"og:image\" content=\"https:\/\/wm.pb.edu.pl\/iim\/wp-content\/uploads\/sites\/10\/2019\/10\/iim-home.jpg\" \/>\n\t<meta property=\"og:image:width\" content=\"1240\" \/>\n\t<meta property=\"og:image:height\" content=\"827\" \/>\n\t<meta property=\"og:image:type\" content=\"image\/jpeg\" \/>\n<meta name=\"twitter:card\" content=\"summary_large_image\" \/>\n<script type=\"application\/ld+json\" class=\"yoast-schema-graph\">{\"@context\":\"https:\/\/schema.org\",\"@graph\":[{\"@type\":\"WebPage\",\"@id\":\"https:\/\/wm.pb.edu.pl\/iim\/\",\"url\":\"https:\/\/wm.pb.edu.pl\/iim\/\",\"name\":\"Instytut In\u017cynierii Mechanicznej\",\"isPartOf\":{\"@id\":\"https:\/\/wm.pb.edu.pl\/iim\/#website\"},\"primaryImageOfPage\":{\"@id\":\"https:\/\/wm.pb.edu.pl\/iim\/#primaryimage\"},\"image\":{\"@id\":\"https:\/\/wm.pb.edu.pl\/iim\/#primaryimage\"},\"thumbnailUrl\":\"https:\/\/wm.pb.edu.pl\/iim\/wp-content\/uploads\/sites\/10\/2019\/10\/iim-home.jpg\",\"datePublished\":\"2019-10-27T21:33:22+00:00\",\"dateModified\":\"2022-10-25T08:34:40+00:00\",\"description\":\"Instytut In\u017cynierii Mechanicznej Wydzia\u0142 Mechaniczny Politechniki Bia\u0142ostockiej\",\"breadcrumb\":{\"@id\":\"https:\/\/wm.pb.edu.pl\/iim\/#breadcrumb\"},\"inLanguage\":\"pl-PL\",\"potentialAction\":[{\"@type\":\"ReadAction\",\"target\":[\"https:\/\/wm.pb.edu.pl\/iim\/\"]}]},{\"@type\":\"ImageObject\",\"inLanguage\":\"pl-PL\",\"@id\":\"https:\/\/wm.pb.edu.pl\/iim\/#primaryimage\",\"url\":\"https:\/\/wm.pb.edu.pl\/iim\/wp-content\/uploads\/sites\/10\/2019\/10\/iim-home.jpg\",\"contentUrl\":\"https:\/\/wm.pb.edu.pl\/iim\/wp-content\/uploads\/sites\/10\/2019\/10\/iim-home.jpg\",\"width\":1240,\"height\":827,\"caption\":\"dziewczyna podczas nauki przy aparaturze naukowej\"},{\"@type\":\"BreadcrumbList\",\"@id\":\"https:\/\/wm.pb.edu.pl\/iim\/#breadcrumb\",\"itemListElement\":[{\"@type\":\"ListItem\",\"position\":1,\"name\":\"Strona g\u0142\u00f3wna\",\"item\":\"https:\/\/wm.pb.edu.pl\/iim\/\"},{\"@type\":\"ListItem\",\"position\":2,\"name\":\"Instytut In\u017cynierii Mechanicznej\"}]},{\"@type\":\"WebSite\",\"@id\":\"https:\/\/wm.pb.edu.pl\/iim\/#website\",\"url\":\"https:\/\/wm.pb.edu.pl\/iim\/\",\"name\":\"Instytut In\u017cynierii Mechanicznej\",\"description\":\"Kolejna witryna sieci &#8222;WM Witryn&#8221;\",\"potentialAction\":[{\"@type\":\"SearchAction\",\"target\":{\"@type\":\"EntryPoint\",\"urlTemplate\":\"https:\/\/wm.pb.edu.pl\/iim\/?s={search_term_string}\"},\"query-input\":{\"@type\":\"PropertyValueSpecification\",\"valueRequired\":true,\"valueName\":\"search_term_string\"}}],\"inLanguage\":\"pl-PL\"}]}<\/script>\n<!-- \/ Yoast SEO plugin. -->","yoast_head_json":{"title":"Instytut In\u017cynierii Mechanicznej","description":"Instytut In\u017cynierii Mechanicznej Wydzia\u0142 Mechaniczny Politechniki Bia\u0142ostockiej","robots":{"index":"index","follow":"follow","max-snippet":"max-snippet:-1","max-image-preview":"max-image-preview:large","max-video-preview":"max-video-preview:-1"},"canonical":"https:\/\/wm.pb.edu.pl\/iim\/","og_locale":"pl_PL","og_type":"article","og_title":"Instytut In\u017cynierii Mechanicznej","og_description":"Instytut In\u017cynierii Mechanicznej Wydzia\u0142 Mechaniczny Politechniki Bia\u0142ostockiej","og_url":"https:\/\/wm.pb.edu.pl\/iim\/","og_site_name":"Instytut In\u017cynierii Mechanicznej","article_modified_time":"2022-10-25T08:34:40+00:00","og_image":[{"width":1240,"height":827,"url":"https:\/\/wm.pb.edu.pl\/iim\/wp-content\/uploads\/sites\/10\/2019\/10\/iim-home.jpg","type":"image\/jpeg"}],"twitter_card":"summary_large_image","schema":{"@context":"https:\/\/schema.org","@graph":[{"@type":"WebPage","@id":"https:\/\/wm.pb.edu.pl\/iim\/","url":"https:\/\/wm.pb.edu.pl\/iim\/","name":"Instytut In\u017cynierii Mechanicznej","isPartOf":{"@id":"https:\/\/wm.pb.edu.pl\/iim\/#website"},"primaryImageOfPage":{"@id":"https:\/\/wm.pb.edu.pl\/iim\/#primaryimage"},"image":{"@id":"https:\/\/wm.pb.edu.pl\/iim\/#primaryimage"},"thumbnailUrl":"https:\/\/wm.pb.edu.pl\/iim\/wp-content\/uploads\/sites\/10\/2019\/10\/iim-home.jpg","datePublished":"2019-10-27T21:33:22+00:00","dateModified":"2022-10-25T08:34:40+00:00","description":"Instytut In\u017cynierii Mechanicznej Wydzia\u0142 Mechaniczny Politechniki Bia\u0142ostockiej","breadcrumb":{"@id":"https:\/\/wm.pb.edu.pl\/iim\/#breadcrumb"},"inLanguage":"pl-PL","potentialAction":[{"@type":"ReadAction","target":["https:\/\/wm.pb.edu.pl\/iim\/"]}]},{"@type":"ImageObject","inLanguage":"pl-PL","@id":"https:\/\/wm.pb.edu.pl\/iim\/#primaryimage","url":"https:\/\/wm.pb.edu.pl\/iim\/wp-content\/uploads\/sites\/10\/2019\/10\/iim-home.jpg","contentUrl":"https:\/\/wm.pb.edu.pl\/iim\/wp-content\/uploads\/sites\/10\/2019\/10\/iim-home.jpg","width":1240,"height":827,"caption":"dziewczyna podczas nauki przy aparaturze naukowej"},{"@type":"BreadcrumbList","@id":"https:\/\/wm.pb.edu.pl\/iim\/#breadcrumb","itemListElement":[{"@type":"ListItem","position":1,"name":"Strona g\u0142\u00f3wna","item":"https:\/\/wm.pb.edu.pl\/iim\/"},{"@type":"ListItem","position":2,"name":"Instytut In\u017cynierii Mechanicznej"}]},{"@type":"WebSite","@id":"https:\/\/wm.pb.edu.pl\/iim\/#website","url":"https:\/\/wm.pb.edu.pl\/iim\/","name":"Instytut In\u017cynierii Mechanicznej","description":"Kolejna witryna sieci &#8222;WM Witryn&#8221;","potentialAction":[{"@type":"SearchAction","target":{"@type":"EntryPoint","urlTemplate":"https:\/\/wm.pb.edu.pl\/iim\/?s={search_term_string}"},"query-input":{"@type":"PropertyValueSpecification","valueRequired":true,"valueName":"search_term_string"}}],"inLanguage":"pl-PL"}]}},"_links":{"self":[{"href":"https:\/\/wm.pb.edu.pl\/iim\/wp-json\/wp\/v2\/pages\/16","targetHints":{"allow":["GET"]}}],"collection":[{"href":"https:\/\/wm.pb.edu.pl\/iim\/wp-json\/wp\/v2\/pages"}],"about":[{"href":"https:\/\/wm.pb.edu.pl\/iim\/wp-json\/wp\/v2\/types\/page"}],"author":[{"embeddable":true,"href":"https:\/\/wm.pb.edu.pl\/iim\/wp-json\/wp\/v2\/users\/2"}],"replies":[{"embeddable":true,"href":"https:\/\/wm.pb.edu.pl\/iim\/wp-json\/wp\/v2\/comments?post=16"}],"version-history":[{"count":13,"href":"https:\/\/wm.pb.edu.pl\/iim\/wp-json\/wp\/v2\/pages\/16\/revisions"}],"predecessor-version":[{"id":171,"href":"https:\/\/wm.pb.edu.pl\/iim\/wp-json\/wp\/v2\/pages\/16\/revisions\/171"}],"wp:featuredmedia":[{"embeddable":true,"href":"https:\/\/wm.pb.edu.pl\/iim\/wp-json\/wp\/v2\/media\/52"}],"wp:attachment":[{"href":"https:\/\/wm.pb.edu.pl\/iim\/wp-json\/wp\/v2\/media?parent=16"}],"curies":[{"name":"wp","href":"https:\/\/api.w.org\/{rel}","templated":true}]}}