{"id":23,"date":"2019-10-27T22:36:11","date_gmt":"2019-10-27T21:36:11","guid":{"rendered":"https:\/\/wm.pb.edu.pl\/iim\/?page_id=23"},"modified":"2020-09-07T09:02:05","modified_gmt":"2020-09-07T07:02:05","slug":"kola-naukowe","status":"publish","type":"page","link":"https:\/\/wm.pb.edu.pl\/iim\/kola-naukowe\/","title":{"rendered":"Ko\u0142a naukowe"},"content":{"rendered":"<p><i class=\"fa fa-hand-o-right\" aria-hidden=\"true\"><\/i> <a href=\"http:\/\/lkn.wm.pb.edu.pl\/\/\" target=\"_blank\" rel=\"noopener noreferrer\">Lotnicze Ko\u0142o Naukowe <\/a><\/p>\n<p><i class=\"fa fa-hand-o-right\" aria-hidden=\"true\"><\/i> <a href=\"http:\/\/knmiis.pb.edu.pl\/\" target=\"_blank\" rel=\"noopener noreferrer\">Ko\u0142o Naukowe Mechaniki i Informatyki Stosowanej&nbsp;<\/a><\/p>\n<p><i class=\"fa fa-hand-o-right\" aria-hidden=\"true\"><\/i> <a href=\"http:\/\/knr.pb.edu.pl\/\" target=\"_blank\" rel=\"noopener noreferrer\">Studenckie Ko\u0142o Naukowe Robotyk\u00f3w <\/a><\/p>\n<p><i class=\"fa fa-hand-o-right\" aria-hidden=\"true\"><\/i> <a href=\"https:\/\/www.facebook.com\/MechatronixWMPB\/?fref=ts\" target=\"_blank\" rel=\"noopener noreferrer\">Studenckie Ko\u0142o Naukowe Mechatronix<\/a><\/p>\n<p><i class=\"fa fa-hand-o-right\" aria-hidden=\"true\"><\/i> <a href=\"http:\/\/eko-energetycy.wm.pb.edu.pl\/\" target=\"_blank\" rel=\"noopener noreferrer\">Ko\u0142o Naukowe EKO-ENERGETYK\u00d3W<\/a><\/p>\n<p><i class=\"fa fa-hand-o-right\" aria-hidden=\"true\"><\/i> <a href=\"https:\/\/www.facebook.com\/Plastmech\/\" target=\"_blank\" rel=\"noopener noreferrer\">Ko\u0142o Naukowe PLAST-MECH \u2013 Ko\u0142o Przetw\u00f3rstwa Tworzyw Sztucznych<\/a><\/p>\n<p><i class=\"fa fa-hand-o-right\" aria-hidden=\"true\"><\/i> <a href=\"http:\/\/automotoclub.pb.edu.pl\/\" target=\"_blank\" rel=\"noopener noreferrer\">Ko\u0142o naukowe Auto-Moto-Club<\/a><\/p>\n","protected":false},"excerpt":{"rendered":"<p>Lotnicze Ko\u0142o Naukowe Ko\u0142o Naukowe Mechaniki i Informatyki Stosowanej&nbsp; Studenckie Ko\u0142o Naukowe Robotyk\u00f3w Studenckie Ko\u0142o<a class=\"read-more\" href=\"https:\/\/wm.pb.edu.pl\/iim\/kola-naukowe\/\" title=\"Poka\u017c artyku\u0142 Ko\u0142a naukowe\">wi\u0119cej<\/a><\/p>\n","protected":false},"author":2,"featured_media":0,"parent":0,"menu_order":0,"comment_status":"closed","ping_status":"closed","template":"","meta":{"inline_featured_image":false,"ngg_post_thumbnail":0,"footnotes":""},"class_list":["post-23","page","type-page","status-publish","hentry"],"acf":[],"yoast_head":"<!-- This site is optimized with the Yoast SEO plugin v26.4 - https:\/\/yoast.com\/wordpress\/plugins\/seo\/ -->\n<title>Ko\u0142a naukowe - Instytut In\u017cynierii Mechanicznej<\/title>\n<meta name=\"robots\" content=\"index, follow, max-snippet:-1, max-image-preview:large, max-video-preview:-1\" \/>\n<link rel=\"canonical\" href=\"https:\/\/wm.pb.edu.pl\/iim\/kola-naukowe\/\" \/>\n<meta property=\"og:locale\" content=\"pl_PL\" \/>\n<meta property=\"og:type\" content=\"article\" \/>\n<meta property=\"og:title\" content=\"Ko\u0142a naukowe - Instytut In\u017cynierii Mechanicznej\" \/>\n<meta property=\"og:description\" content=\"Lotnicze Ko\u0142o Naukowe Ko\u0142o Naukowe Mechaniki i Informatyki Stosowanej&nbsp; Studenckie Ko\u0142o Naukowe Robotyk\u00f3w Studenckie Ko\u0142owi\u0119cej\" \/>\n<meta property=\"og:url\" content=\"https:\/\/wm.pb.edu.pl\/iim\/kola-naukowe\/\" \/>\n<meta property=\"og:site_name\" content=\"Instytut In\u017cynierii Mechanicznej\" \/>\n<meta property=\"article:modified_time\" content=\"2020-09-07T07:02:05+00:00\" \/>\n<meta name=\"twitter:card\" content=\"summary_large_image\" \/>\n<script type=\"application\/ld+json\" class=\"yoast-schema-graph\">{\"@context\":\"https:\/\/schema.org\",\"@graph\":[{\"@type\":\"WebPage\",\"@id\":\"https:\/\/wm.pb.edu.pl\/iim\/kola-naukowe\/\",\"url\":\"https:\/\/wm.pb.edu.pl\/iim\/kola-naukowe\/\",\"name\":\"Ko\u0142a naukowe - Instytut In\u017cynierii Mechanicznej\",\"isPartOf\":{\"@id\":\"https:\/\/wm.pb.edu.pl\/iim\/#website\"},\"datePublished\":\"2019-10-27T21:36:11+00:00\",\"dateModified\":\"2020-09-07T07:02:05+00:00\",\"breadcrumb\":{\"@id\":\"https:\/\/wm.pb.edu.pl\/iim\/kola-naukowe\/#breadcrumb\"},\"inLanguage\":\"pl-PL\",\"potentialAction\":[{\"@type\":\"ReadAction\",\"target\":[\"https:\/\/wm.pb.edu.pl\/iim\/kola-naukowe\/\"]}]},{\"@type\":\"BreadcrumbList\",\"@id\":\"https:\/\/wm.pb.edu.pl\/iim\/kola-naukowe\/#breadcrumb\",\"itemListElement\":[{\"@type\":\"ListItem\",\"position\":1,\"name\":\"Strona g\u0142\u00f3wna\",\"item\":\"https:\/\/wm.pb.edu.pl\/iim\/\"},{\"@type\":\"ListItem\",\"position\":2,\"name\":\"Ko\u0142a naukowe\"}]},{\"@type\":\"WebSite\",\"@id\":\"https:\/\/wm.pb.edu.pl\/iim\/#website\",\"url\":\"https:\/\/wm.pb.edu.pl\/iim\/\",\"name\":\"Instytut In\u017cynierii Mechanicznej\",\"description\":\"Kolejna witryna sieci &#8222;WM Witryn&#8221;\",\"potentialAction\":[{\"@type\":\"SearchAction\",\"target\":{\"@type\":\"EntryPoint\",\"urlTemplate\":\"https:\/\/wm.pb.edu.pl\/iim\/?s={search_term_string}\"},\"query-input\":{\"@type\":\"PropertyValueSpecification\",\"valueRequired\":true,\"valueName\":\"search_term_string\"}}],\"inLanguage\":\"pl-PL\"}]}<\/script>\n<!-- \/ Yoast SEO plugin. -->","yoast_head_json":{"title":"Ko\u0142a naukowe - Instytut In\u017cynierii Mechanicznej","robots":{"index":"index","follow":"follow","max-snippet":"max-snippet:-1","max-image-preview":"max-image-preview:large","max-video-preview":"max-video-preview:-1"},"canonical":"https:\/\/wm.pb.edu.pl\/iim\/kola-naukowe\/","og_locale":"pl_PL","og_type":"article","og_title":"Ko\u0142a naukowe - Instytut In\u017cynierii Mechanicznej","og_description":"Lotnicze Ko\u0142o Naukowe Ko\u0142o Naukowe Mechaniki i Informatyki Stosowanej&nbsp; Studenckie Ko\u0142o Naukowe Robotyk\u00f3w Studenckie Ko\u0142owi\u0119cej","og_url":"https:\/\/wm.pb.edu.pl\/iim\/kola-naukowe\/","og_site_name":"Instytut In\u017cynierii Mechanicznej","article_modified_time":"2020-09-07T07:02:05+00:00","twitter_card":"summary_large_image","schema":{"@context":"https:\/\/schema.org","@graph":[{"@type":"WebPage","@id":"https:\/\/wm.pb.edu.pl\/iim\/kola-naukowe\/","url":"https:\/\/wm.pb.edu.pl\/iim\/kola-naukowe\/","name":"Ko\u0142a naukowe - Instytut In\u017cynierii Mechanicznej","isPartOf":{"@id":"https:\/\/wm.pb.edu.pl\/iim\/#website"},"datePublished":"2019-10-27T21:36:11+00:00","dateModified":"2020-09-07T07:02:05+00:00","breadcrumb":{"@id":"https:\/\/wm.pb.edu.pl\/iim\/kola-naukowe\/#breadcrumb"},"inLanguage":"pl-PL","potentialAction":[{"@type":"ReadAction","target":["https:\/\/wm.pb.edu.pl\/iim\/kola-naukowe\/"]}]},{"@type":"BreadcrumbList","@id":"https:\/\/wm.pb.edu.pl\/iim\/kola-naukowe\/#breadcrumb","itemListElement":[{"@type":"ListItem","position":1,"name":"Strona g\u0142\u00f3wna","item":"https:\/\/wm.pb.edu.pl\/iim\/"},{"@type":"ListItem","position":2,"name":"Ko\u0142a naukowe"}]},{"@type":"WebSite","@id":"https:\/\/wm.pb.edu.pl\/iim\/#website","url":"https:\/\/wm.pb.edu.pl\/iim\/","name":"Instytut In\u017cynierii Mechanicznej","description":"Kolejna witryna sieci &#8222;WM Witryn&#8221;","potentialAction":[{"@type":"SearchAction","target":{"@type":"EntryPoint","urlTemplate":"https:\/\/wm.pb.edu.pl\/iim\/?s={search_term_string}"},"query-input":{"@type":"PropertyValueSpecification","valueRequired":true,"valueName":"search_term_string"}}],"inLanguage":"pl-PL"}]}},"_links":{"self":[{"href":"https:\/\/wm.pb.edu.pl\/iim\/wp-json\/wp\/v2\/pages\/23","targetHints":{"allow":["GET"]}}],"collection":[{"href":"https:\/\/wm.pb.edu.pl\/iim\/wp-json\/wp\/v2\/pages"}],"about":[{"href":"https:\/\/wm.pb.edu.pl\/iim\/wp-json\/wp\/v2\/types\/page"}],"author":[{"embeddable":true,"href":"https:\/\/wm.pb.edu.pl\/iim\/wp-json\/wp\/v2\/users\/2"}],"replies":[{"embeddable":true,"href":"https:\/\/wm.pb.edu.pl\/iim\/wp-json\/wp\/v2\/comments?post=23"}],"version-history":[{"count":10,"href":"https:\/\/wm.pb.edu.pl\/iim\/wp-json\/wp\/v2\/pages\/23\/revisions"}],"predecessor-version":[{"id":141,"href":"https:\/\/wm.pb.edu.pl\/iim\/wp-json\/wp\/v2\/pages\/23\/revisions\/141"}],"wp:attachment":[{"href":"https:\/\/wm.pb.edu.pl\/iim\/wp-json\/wp\/v2\/media?parent=23"}],"curies":[{"name":"wp","href":"https:\/\/api.w.org\/{rel}","templated":true}]}}