{"id":29,"date":"2019-10-27T22:37:23","date_gmt":"2019-10-27T21:37:23","guid":{"rendered":"https:\/\/wm.pb.edu.pl\/iim\/?page_id=29"},"modified":"2022-10-19T14:51:05","modified_gmt":"2022-10-19T12:51:05","slug":"kontakt","status":"publish","type":"page","link":"https:\/\/wm.pb.edu.pl\/iim\/kontakt\/","title":{"rendered":"Kontakt"},"content":{"rendered":"<h2>Instytut In\u017cynierii Mechanicznej<\/h2>\n<p>Wydzia\u0142 Mechaniczny<br \/>\nPolitechnika Bia\u0142ostocka<br \/>\nul. Wiejska 45C, 15-351 Bia\u0142ystok<\/p>\n<div class=\"h3\">Dyrektor Instytutu In\u017cynierii Mechanicznej<\/div>\n<p>prof. dr hab. in\u017c. Krzysztof Jan Kurzyd\u0142owski<br \/>\nul. Wiejska 45C, pok\u00f3j 104<br \/>\n<i class=\"fal fa-mobile\"><\/i> 571 443 056<br \/>\n<i class=\"fal fa-envelope\"><\/i> <a href=\"#\" rel=\"nofollow\"  onclick=\"this.href='mailto:' + 'dyrektor.wmiim' + '@' + 'pb.edu.pl'\">dyrektor.wmiim [at] pb.edu.pl<\/a>\n<div class=\"h3\">Sekretariat<\/div>\n<p>Ewelina U\u017cy\u0144ska<br \/>\nul. Wiejska 45C, pok\u00f3j 106<br \/>\n<i class=\"fal fa-phone\"><\/i> 85 746 92 11<br \/>\n<i class=\"fal fa-envelope\"><\/i> <a href=\"#\" rel=\"nofollow\"  onclick=\"this.href='mailto:' + 'e.uzynska' + '@' + 'pb.edu.pl'\">e.uzynska [at] pb.edu.pl<\/a>\n","protected":false},"excerpt":{"rendered":"<p>Instytut In\u017cynierii Mechanicznej Wydzia\u0142 Mechaniczny Politechnika Bia\u0142ostocka ul. Wiejska 45C, 15-351 Bia\u0142ystok Dyrektor Instytutu In\u017cynierii<a class=\"read-more\" href=\"https:\/\/wm.pb.edu.pl\/iim\/kontakt\/\" title=\"Poka\u017c artyku\u0142 Kontakt\">wi\u0119cej<\/a><\/p>\n","protected":false},"author":2,"featured_media":0,"parent":0,"menu_order":7,"comment_status":"closed","ping_status":"closed","template":"","meta":{"inline_featured_image":false,"ngg_post_thumbnail":0,"footnotes":""},"class_list":["post-29","page","type-page","status-publish","hentry"],"acf":[],"yoast_head":"<!-- This site is optimized with the Yoast SEO plugin v26.4 - https:\/\/yoast.com\/wordpress\/plugins\/seo\/ -->\n<title>Kontakt - Instytut In\u017cynierii Mechanicznej<\/title>\n<meta name=\"robots\" content=\"index, follow, max-snippet:-1, max-image-preview:large, max-video-preview:-1\" \/>\n<link rel=\"canonical\" href=\"https:\/\/wm.pb.edu.pl\/iim\/kontakt\/\" \/>\n<meta property=\"og:locale\" content=\"pl_PL\" \/>\n<meta property=\"og:type\" content=\"article\" \/>\n<meta property=\"og:title\" content=\"Kontakt - Instytut In\u017cynierii Mechanicznej\" \/>\n<meta property=\"og:description\" content=\"Instytut In\u017cynierii Mechanicznej Wydzia\u0142 Mechaniczny Politechnika Bia\u0142ostocka ul. Wiejska 45C, 15-351 Bia\u0142ystok Dyrektor Instytutu In\u017cynieriiwi\u0119cej\" \/>\n<meta property=\"og:url\" content=\"https:\/\/wm.pb.edu.pl\/iim\/kontakt\/\" \/>\n<meta property=\"og:site_name\" content=\"Instytut In\u017cynierii Mechanicznej\" \/>\n<meta property=\"article:modified_time\" content=\"2022-10-19T12:51:05+00:00\" \/>\n<meta name=\"twitter:card\" content=\"summary_large_image\" \/>\n<script type=\"application\/ld+json\" class=\"yoast-schema-graph\">{\"@context\":\"https:\/\/schema.org\",\"@graph\":[{\"@type\":\"WebPage\",\"@id\":\"https:\/\/wm.pb.edu.pl\/iim\/kontakt\/\",\"url\":\"https:\/\/wm.pb.edu.pl\/iim\/kontakt\/\",\"name\":\"Kontakt - Instytut In\u017cynierii Mechanicznej\",\"isPartOf\":{\"@id\":\"https:\/\/wm.pb.edu.pl\/iim\/#website\"},\"datePublished\":\"2019-10-27T21:37:23+00:00\",\"dateModified\":\"2022-10-19T12:51:05+00:00\",\"breadcrumb\":{\"@id\":\"https:\/\/wm.pb.edu.pl\/iim\/kontakt\/#breadcrumb\"},\"inLanguage\":\"pl-PL\",\"potentialAction\":[{\"@type\":\"ReadAction\",\"target\":[\"https:\/\/wm.pb.edu.pl\/iim\/kontakt\/\"]}]},{\"@type\":\"BreadcrumbList\",\"@id\":\"https:\/\/wm.pb.edu.pl\/iim\/kontakt\/#breadcrumb\",\"itemListElement\":[{\"@type\":\"ListItem\",\"position\":1,\"name\":\"Strona g\u0142\u00f3wna\",\"item\":\"https:\/\/wm.pb.edu.pl\/iim\/\"},{\"@type\":\"ListItem\",\"position\":2,\"name\":\"Kontakt\"}]},{\"@type\":\"WebSite\",\"@id\":\"https:\/\/wm.pb.edu.pl\/iim\/#website\",\"url\":\"https:\/\/wm.pb.edu.pl\/iim\/\",\"name\":\"Instytut In\u017cynierii Mechanicznej\",\"description\":\"Kolejna witryna sieci &#8222;WM Witryn&#8221;\",\"potentialAction\":[{\"@type\":\"SearchAction\",\"target\":{\"@type\":\"EntryPoint\",\"urlTemplate\":\"https:\/\/wm.pb.edu.pl\/iim\/?s={search_term_string}\"},\"query-input\":{\"@type\":\"PropertyValueSpecification\",\"valueRequired\":true,\"valueName\":\"search_term_string\"}}],\"inLanguage\":\"pl-PL\"}]}<\/script>\n<!-- \/ Yoast SEO plugin. -->","yoast_head_json":{"title":"Kontakt - Instytut In\u017cynierii Mechanicznej","robots":{"index":"index","follow":"follow","max-snippet":"max-snippet:-1","max-image-preview":"max-image-preview:large","max-video-preview":"max-video-preview:-1"},"canonical":"https:\/\/wm.pb.edu.pl\/iim\/kontakt\/","og_locale":"pl_PL","og_type":"article","og_title":"Kontakt - Instytut In\u017cynierii Mechanicznej","og_description":"Instytut In\u017cynierii Mechanicznej Wydzia\u0142 Mechaniczny Politechnika Bia\u0142ostocka ul. Wiejska 45C, 15-351 Bia\u0142ystok Dyrektor Instytutu In\u017cynieriiwi\u0119cej","og_url":"https:\/\/wm.pb.edu.pl\/iim\/kontakt\/","og_site_name":"Instytut In\u017cynierii Mechanicznej","article_modified_time":"2022-10-19T12:51:05+00:00","twitter_card":"summary_large_image","schema":{"@context":"https:\/\/schema.org","@graph":[{"@type":"WebPage","@id":"https:\/\/wm.pb.edu.pl\/iim\/kontakt\/","url":"https:\/\/wm.pb.edu.pl\/iim\/kontakt\/","name":"Kontakt - Instytut In\u017cynierii Mechanicznej","isPartOf":{"@id":"https:\/\/wm.pb.edu.pl\/iim\/#website"},"datePublished":"2019-10-27T21:37:23+00:00","dateModified":"2022-10-19T12:51:05+00:00","breadcrumb":{"@id":"https:\/\/wm.pb.edu.pl\/iim\/kontakt\/#breadcrumb"},"inLanguage":"pl-PL","potentialAction":[{"@type":"ReadAction","target":["https:\/\/wm.pb.edu.pl\/iim\/kontakt\/"]}]},{"@type":"BreadcrumbList","@id":"https:\/\/wm.pb.edu.pl\/iim\/kontakt\/#breadcrumb","itemListElement":[{"@type":"ListItem","position":1,"name":"Strona g\u0142\u00f3wna","item":"https:\/\/wm.pb.edu.pl\/iim\/"},{"@type":"ListItem","position":2,"name":"Kontakt"}]},{"@type":"WebSite","@id":"https:\/\/wm.pb.edu.pl\/iim\/#website","url":"https:\/\/wm.pb.edu.pl\/iim\/","name":"Instytut In\u017cynierii Mechanicznej","description":"Kolejna witryna sieci &#8222;WM Witryn&#8221;","potentialAction":[{"@type":"SearchAction","target":{"@type":"EntryPoint","urlTemplate":"https:\/\/wm.pb.edu.pl\/iim\/?s={search_term_string}"},"query-input":{"@type":"PropertyValueSpecification","valueRequired":true,"valueName":"search_term_string"}}],"inLanguage":"pl-PL"}]}},"_links":{"self":[{"href":"https:\/\/wm.pb.edu.pl\/iim\/wp-json\/wp\/v2\/pages\/29","targetHints":{"allow":["GET"]}}],"collection":[{"href":"https:\/\/wm.pb.edu.pl\/iim\/wp-json\/wp\/v2\/pages"}],"about":[{"href":"https:\/\/wm.pb.edu.pl\/iim\/wp-json\/wp\/v2\/types\/page"}],"author":[{"embeddable":true,"href":"https:\/\/wm.pb.edu.pl\/iim\/wp-json\/wp\/v2\/users\/2"}],"replies":[{"embeddable":true,"href":"https:\/\/wm.pb.edu.pl\/iim\/wp-json\/wp\/v2\/comments?post=29"}],"version-history":[{"count":5,"href":"https:\/\/wm.pb.edu.pl\/iim\/wp-json\/wp\/v2\/pages\/29\/revisions"}],"predecessor-version":[{"id":170,"href":"https:\/\/wm.pb.edu.pl\/iim\/wp-json\/wp\/v2\/pages\/29\/revisions\/170"}],"wp:attachment":[{"href":"https:\/\/wm.pb.edu.pl\/iim\/wp-json\/wp\/v2\/media?parent=29"}],"curies":[{"name":"wp","href":"https:\/\/api.w.org\/{rel}","templated":true}]}}