{"id":61,"date":"2020-06-03T13:05:05","date_gmt":"2020-06-03T11:05:05","guid":{"rendered":"https:\/\/wm.pb.edu.pl\/iim\/?page_id=61"},"modified":"2020-09-07T09:13:37","modified_gmt":"2020-09-07T07:13:37","slug":"kierunki-badan","status":"publish","type":"page","link":"https:\/\/wm.pb.edu.pl\/iim\/nauka\/kierunki-badan\/","title":{"rendered":"Kierunki bada\u0144"},"content":{"rendered":"<h2>Dzia\u0142alno\u015b\u0107 naukowo \u2013 badawcza Katedr koncentruje si\u0119 wok\u00f3\u0142 kierunk\u00f3w<\/h2>\n<h3>Katedry Mechaniki i Informatyki Stosowanej<\/h3>\n<ul>\n<li>modelowanie proces\u00f3w kruchego i ci\u0105gliwego p\u0119kania materia\u0142\u00f3w konstrukcyjnych, tak\u017ce anizotropowych i niejednorodnych;<\/li>\n<li>mechanika materia\u0142\u00f3w, r\u00f3wnie\u017c kompozytowych, w tym polimerowych kompozyt\u00f3w w\u0142\u00f3knistych, metalowych kompozyt\u00f3w warstwowych oraz struktur typu \u201esandwich\u201d;<\/li>\n<li>zagadnienia termomechaniki dotycz\u0105ce tarciowego nagrzewania element\u00f3w uk\u0142ad\u00f3w hamulcowych i sprz\u0119gie\u0142 oraz laserowego nagrzewania powierzchni cia\u0142;<\/li>\n<li>badania do\u015bwiadczalne i modelowanie kumulacji uszkodze\u0144 zm\u0119czeniowych w z\u0142o\u017conym stanie obci\u0105\u017cenia i w podwy\u017cszonej (lub wysokiej) temperaturze;<\/li>\n<li>prognozowanie wytrzyma\u0142o\u015bci i trwa\u0142o\u015bci zm\u0119czeniowej element\u00f3w konstrukcyjnych w z\u0142o\u017conym stanie obci\u0105\u017cenia z uwzgl\u0119dnieniem efekt\u00f3w szczelin i karb\u00f3w;<\/li>\n<li>zagadnienia kontaktowe termospr\u0119\u017cysto\u015bci, w szczeg\u00f3lno\u015bci dotycz\u0105ce cia\u0142 ze szczelinami i otworami oraz o z\u0142o\u017conych w\u0142a\u015bciwo\u015bciach termiczno-mechanicznych;<\/li>\n<li>zastosowanie aktywnej termografii podczerwieni do wyznaczania w\u0142a\u015bciwo\u015bci termicznych materia\u0142\u00f3w i wykrywania defekt\u00f3w podpowierzchniowych;<\/li>\n<li>analiza proces\u00f3w zu\u017cycia tribologicznego w procesach tarcia suchego i erozji strumieniowej;<\/li>\n<li>modelowanie sprz\u0119\u017conych p\u00f3l termo-elektro-magneto-spr\u0119\u017cystych w anizotropowych o\u015brodkach jednorodnych i niejednorodnych z cienkimi inkluzjami i szczelinami;<\/li>\n<li>badania do\u015bwiadczalne i modelowanie przep\u0142yw\u00f3w wielofazowych, w szczeg\u00f3lno\u015bci dynamiki formowania si\u0119 i przep\u0142ywu p\u0119cherzy gazowych;<\/li>\n<li>zagadnienia teorii spr\u0119\u017cysto\u015bci i termospr\u0119\u017cysto\u015bci o\u015brodk\u00f3w z pokryciami gradientowymi.<\/li>\n<\/ul>\n<h3>Katedra Robotyki i Mechatroniki&nbsp;<\/h3>\n<ul>\n<li>Badanie uk\u0142ad\u00f3w odzyskiwania energii z drga\u0144 wybranych konstrukcji mechanicznych<\/li>\n<li>Ruch grupowy robot\u00f3w mobilnych (ko\u0142owych i lataj\u0105cych)<\/li>\n<li>Autonomiczne omijanie przeszk\u00f3d przez roboty mobilne<\/li>\n<li>Nap\u0119dy mechatroniczne<\/li>\n<li>Mechanizmy stosowane w robotach<\/li>\n<li>Metody opisu system\u00f3w mechatronicznych<\/li>\n<li>Edukacja mechatroniczna<\/li>\n<li>Modelowanie pneumatycznych uk\u0142ad\u00f3w nap\u0119dowych<\/li>\n<li>Synteza mechatronicznych uk\u0142ad\u00f3w pomiaru przemieszcze\u0144 liniowych<\/li>\n<li>Modelowanie i analiza parametr\u00f3w ruchu efektora manipulator\u00f3w<\/li>\n<li>Sterowanie drganiami uk\u0142ad\u00f3w mechanicznych<\/li>\n<li>Modelowanie, diagnostyka i sterowanie wybranych uk\u0142ad\u00f3w autonomicznych robot\u00f3w mobilnych<\/li>\n<li>Diagnostyka turbinowych silnik\u00f3w odrzutowych i \u015bmig\u0142owcowych<\/li>\n<li>Diagnozowanie instalacji ci\u015bnieniowych \u2013 uk\u0142ad\u00f3w hydraulicznych i ruroci\u0105g\u00f3w<\/li>\n<li>Uk\u0142ady dynamiczne nieca\u0142kowitego rz\u0119du<\/li>\n<li>Uk\u0142ady sterowania na skalach czasowych, uk\u0142ady z osobliwo\u015bciami<\/li>\n<li>Nieliniowe uk\u0142ady sterowania z czasem dyskretnym<\/li>\n<\/ul>\n<h3>Katedra Techniki Cieplnej<\/h3>\n<ul>\n<li>Badania do\u015bwiadczalne i&nbsp;modelowanie pneumatycznych uk\u0142ad\u00f3w hamulcowych pojazd\u00f3w rolniczych<\/li>\n<li>Alternatywne \u017ar\u00f3d\u0142a energii w&nbsp;pojazdach samochodowych<\/li>\n<li>Badania por\u00f3wnawcze silnik\u00f3w z&nbsp;r\u00f3\u017cnymi uk\u0142adami paliwowym<\/li>\n<li>Ocena nier\u00f3wnomierno\u015bci dawkowania wtryskiwaczy<\/li>\n<li>Zagadnienia tarcia w&nbsp;procesach technologicznych oraz&nbsp;w\u0119z\u0142ach konstrukcji<\/li>\n<li>Wytrzyma\u0142o\u015b\u0107 zm\u0119czeniowa i&nbsp;p\u0119kanie materia\u0142\u00f3w niejednorodnych oraz&nbsp;po\u0142\u0105cze\u0144 spawanych<\/li>\n<li>Badanie w\u0142asno\u015bci tribologicznych i&nbsp;mechanicznych materia\u0142\u00f3w kompozytowych<\/li>\n<li>In\u017cynieria ch\u0142odnicza i klimatyzacja, w tym wewn\u0119trzna dla budynk\u00f3w, pojazd\u00f3w<\/li>\n<li>Odzysk odpadowej energii cieplnej poprzez rekuperacj\u0119, regeneracj\u0119 i zastosowanie pomp ciep\u0142a<\/li>\n<\/ul>\n<h3>Katedra Budowy i Eksploatacji Maszyn<\/h3>\n<ul>\n<li>badania do\u015bwiadczalne i modelowanie pneumatycznych uk\u0142ad\u00f3w hamulcowych pojazd\u00f3w rolniczych<\/li>\n<li>alternatywne \u017ar\u00f3de\u0142 energii w pojazdach samochodowych<\/li>\n<li>ocena nier\u00f3wnomierno\u015bci dawkowania wtryskiwaczy<\/li>\n<li>zagadnie\u0144 tarcia w procesach technologicznych oraz w\u0119z\u0142ach konstrukcji<\/li>\n<li>wytrzyma\u0142o\u015b\u0107 zm\u0119czeniowa i p\u0119kania materia\u0142\u00f3w niejednorodnych oraz po\u0142\u0105cze\u0144 spawanych<\/li>\n<li>badania w\u0142asno\u015bci tribologicznych, termicznych i mechanicznych materia\u0142\u00f3w kompozytowych (kompozyty tradycyjne i hybrydowe)<\/li>\n<li>analityczne modelowanie przetwornik\u00f3w piezoelektrycznych<\/li>\n<\/ul>\n<h3>Katedra In\u017cynierii Materia\u0142owej i Produkcji<\/h3>\n<ol>\n<li>Nowoczesne materia\u0142y\n<ol>\n<li>Materia\u0142y kompozytowe o osnowie metalicznej z naturalnym wype\u0142niaczem<\/li>\n<li>Stopy wysokoentropowe<\/li>\n<li>Modyfikacja warstwy wierzchniej<\/li>\n<li>Biodegradowalne polimery i kompozyty<\/li>\n<li>Badania materia\u0142owe<\/li>\n<\/ol>\n<\/li>\n<li>Technologie\n<ol>\n<li>Metodyka poprawy dok\u0142adno\u015bci dopasowania powierzchni swobodnego kszta\u0142tu<\/li>\n<li>Podwy\u017cszenie dok\u0142adno\u015bci obiekt\u00f3w wytwarzanych na frezarskich centrach obr\u00f3bkowych<\/li>\n<li>Wykorzystanie technik in\u017cynierii odwrotnej w rekonstrukcji kszta\u0142tu z\u0142o\u017conych obiekt\u00f3w technicznych<\/li>\n<\/ol>\n<\/li>\n<li>Zagadnienia degradacji materia\u0142\u00f3w\n<ol>\n<li>Analiza proces\u00f3w tarcia i zu\u017cycia wybranych materia\u0142\u00f3w<\/li>\n<li>Mechanika materia\u0142\u00f3w \u2013 metody do\u015bwiadczalne, modelowanie numeryczne, mechanika przep\u0142yw\u00f3w w cieczach wielofazowych<\/li>\n<li>Badania nad mo\u017cliwo\u015bci\u0105 poprawy stanu technicznego p\u0119kni\u0119tych wa\u0142\u00f3w<\/li>\n<\/ol>\n<\/li>\n<\/ol>\n","protected":false},"excerpt":{"rendered":"<p>Dzia\u0142alno\u015b\u0107 naukowo \u2013 badawcza Katedr koncentruje si\u0119 wok\u00f3\u0142 kierunk\u00f3w Katedry Mechaniki i Informatyki Stosowanej modelowanie<a class=\"read-more\" href=\"https:\/\/wm.pb.edu.pl\/iim\/nauka\/kierunki-badan\/\" title=\"Poka\u017c artyku\u0142 Kierunki bada\u0144\">wi\u0119cej<\/a><\/p>\n","protected":false},"author":14,"featured_media":0,"parent":21,"menu_order":1,"comment_status":"closed","ping_status":"closed","template":"","meta":{"inline_featured_image":false,"ngg_post_thumbnail":0,"footnotes":""},"class_list":["post-61","page","type-page","status-publish","hentry"],"acf":[],"yoast_head":"<!-- This site is optimized with the Yoast SEO plugin v26.4 - https:\/\/yoast.com\/wordpress\/plugins\/seo\/ -->\n<title>Kierunki bada\u0144 - Instytut In\u017cynierii Mechanicznej<\/title>\n<meta name=\"robots\" content=\"index, follow, max-snippet:-1, max-image-preview:large, max-video-preview:-1\" \/>\n<link rel=\"canonical\" href=\"https:\/\/wm.pb.edu.pl\/iim\/nauka\/kierunki-badan\/\" \/>\n<meta property=\"og:locale\" content=\"pl_PL\" \/>\n<meta property=\"og:type\" content=\"article\" \/>\n<meta property=\"og:title\" content=\"Kierunki bada\u0144 - Instytut In\u017cynierii Mechanicznej\" \/>\n<meta property=\"og:description\" content=\"Dzia\u0142alno\u015b\u0107 naukowo \u2013 badawcza Katedr koncentruje si\u0119 wok\u00f3\u0142 kierunk\u00f3w Katedry Mechaniki i Informatyki Stosowanej modelowaniewi\u0119cej\" \/>\n<meta property=\"og:url\" content=\"https:\/\/wm.pb.edu.pl\/iim\/nauka\/kierunki-badan\/\" \/>\n<meta property=\"og:site_name\" content=\"Instytut In\u017cynierii Mechanicznej\" \/>\n<meta property=\"article:modified_time\" content=\"2020-09-07T07:13:37+00:00\" \/>\n<meta name=\"twitter:card\" content=\"summary_large_image\" \/>\n<meta name=\"twitter:label1\" content=\"Szacowany czas czytania\" \/>\n\t<meta name=\"twitter:data1\" content=\"3 minuty\" \/>\n<script type=\"application\/ld+json\" class=\"yoast-schema-graph\">{\"@context\":\"https:\/\/schema.org\",\"@graph\":[{\"@type\":\"WebPage\",\"@id\":\"https:\/\/wm.pb.edu.pl\/iim\/nauka\/kierunki-badan\/\",\"url\":\"https:\/\/wm.pb.edu.pl\/iim\/nauka\/kierunki-badan\/\",\"name\":\"Kierunki bada\u0144 - Instytut In\u017cynierii Mechanicznej\",\"isPartOf\":{\"@id\":\"https:\/\/wm.pb.edu.pl\/iim\/#website\"},\"datePublished\":\"2020-06-03T11:05:05+00:00\",\"dateModified\":\"2020-09-07T07:13:37+00:00\",\"breadcrumb\":{\"@id\":\"https:\/\/wm.pb.edu.pl\/iim\/nauka\/kierunki-badan\/#breadcrumb\"},\"inLanguage\":\"pl-PL\",\"potentialAction\":[{\"@type\":\"ReadAction\",\"target\":[\"https:\/\/wm.pb.edu.pl\/iim\/nauka\/kierunki-badan\/\"]}]},{\"@type\":\"BreadcrumbList\",\"@id\":\"https:\/\/wm.pb.edu.pl\/iim\/nauka\/kierunki-badan\/#breadcrumb\",\"itemListElement\":[{\"@type\":\"ListItem\",\"position\":1,\"name\":\"Strona g\u0142\u00f3wna\",\"item\":\"https:\/\/wm.pb.edu.pl\/iim\/\"},{\"@type\":\"ListItem\",\"position\":2,\"name\":\"Nauka\",\"item\":\"https:\/\/wm.pb.edu.pl\/iim\/nauka\/\"},{\"@type\":\"ListItem\",\"position\":3,\"name\":\"Kierunki bada\u0144\"}]},{\"@type\":\"WebSite\",\"@id\":\"https:\/\/wm.pb.edu.pl\/iim\/#website\",\"url\":\"https:\/\/wm.pb.edu.pl\/iim\/\",\"name\":\"Instytut In\u017cynierii Mechanicznej\",\"description\":\"Kolejna witryna sieci &#8222;WM Witryn&#8221;\",\"potentialAction\":[{\"@type\":\"SearchAction\",\"target\":{\"@type\":\"EntryPoint\",\"urlTemplate\":\"https:\/\/wm.pb.edu.pl\/iim\/?s={search_term_string}\"},\"query-input\":{\"@type\":\"PropertyValueSpecification\",\"valueRequired\":true,\"valueName\":\"search_term_string\"}}],\"inLanguage\":\"pl-PL\"}]}<\/script>\n<!-- \/ Yoast SEO plugin. -->","yoast_head_json":{"title":"Kierunki bada\u0144 - Instytut In\u017cynierii Mechanicznej","robots":{"index":"index","follow":"follow","max-snippet":"max-snippet:-1","max-image-preview":"max-image-preview:large","max-video-preview":"max-video-preview:-1"},"canonical":"https:\/\/wm.pb.edu.pl\/iim\/nauka\/kierunki-badan\/","og_locale":"pl_PL","og_type":"article","og_title":"Kierunki bada\u0144 - Instytut In\u017cynierii Mechanicznej","og_description":"Dzia\u0142alno\u015b\u0107 naukowo \u2013 badawcza Katedr koncentruje si\u0119 wok\u00f3\u0142 kierunk\u00f3w Katedry Mechaniki i Informatyki Stosowanej modelowaniewi\u0119cej","og_url":"https:\/\/wm.pb.edu.pl\/iim\/nauka\/kierunki-badan\/","og_site_name":"Instytut In\u017cynierii Mechanicznej","article_modified_time":"2020-09-07T07:13:37+00:00","twitter_card":"summary_large_image","twitter_misc":{"Szacowany czas czytania":"3 minuty"},"schema":{"@context":"https:\/\/schema.org","@graph":[{"@type":"WebPage","@id":"https:\/\/wm.pb.edu.pl\/iim\/nauka\/kierunki-badan\/","url":"https:\/\/wm.pb.edu.pl\/iim\/nauka\/kierunki-badan\/","name":"Kierunki bada\u0144 - Instytut In\u017cynierii Mechanicznej","isPartOf":{"@id":"https:\/\/wm.pb.edu.pl\/iim\/#website"},"datePublished":"2020-06-03T11:05:05+00:00","dateModified":"2020-09-07T07:13:37+00:00","breadcrumb":{"@id":"https:\/\/wm.pb.edu.pl\/iim\/nauka\/kierunki-badan\/#breadcrumb"},"inLanguage":"pl-PL","potentialAction":[{"@type":"ReadAction","target":["https:\/\/wm.pb.edu.pl\/iim\/nauka\/kierunki-badan\/"]}]},{"@type":"BreadcrumbList","@id":"https:\/\/wm.pb.edu.pl\/iim\/nauka\/kierunki-badan\/#breadcrumb","itemListElement":[{"@type":"ListItem","position":1,"name":"Strona g\u0142\u00f3wna","item":"https:\/\/wm.pb.edu.pl\/iim\/"},{"@type":"ListItem","position":2,"name":"Nauka","item":"https:\/\/wm.pb.edu.pl\/iim\/nauka\/"},{"@type":"ListItem","position":3,"name":"Kierunki bada\u0144"}]},{"@type":"WebSite","@id":"https:\/\/wm.pb.edu.pl\/iim\/#website","url":"https:\/\/wm.pb.edu.pl\/iim\/","name":"Instytut In\u017cynierii Mechanicznej","description":"Kolejna witryna sieci &#8222;WM Witryn&#8221;","potentialAction":[{"@type":"SearchAction","target":{"@type":"EntryPoint","urlTemplate":"https:\/\/wm.pb.edu.pl\/iim\/?s={search_term_string}"},"query-input":{"@type":"PropertyValueSpecification","valueRequired":true,"valueName":"search_term_string"}}],"inLanguage":"pl-PL"}]}},"_links":{"self":[{"href":"https:\/\/wm.pb.edu.pl\/iim\/wp-json\/wp\/v2\/pages\/61","targetHints":{"allow":["GET"]}}],"collection":[{"href":"https:\/\/wm.pb.edu.pl\/iim\/wp-json\/wp\/v2\/pages"}],"about":[{"href":"https:\/\/wm.pb.edu.pl\/iim\/wp-json\/wp\/v2\/types\/page"}],"author":[{"embeddable":true,"href":"https:\/\/wm.pb.edu.pl\/iim\/wp-json\/wp\/v2\/users\/14"}],"replies":[{"embeddable":true,"href":"https:\/\/wm.pb.edu.pl\/iim\/wp-json\/wp\/v2\/comments?post=61"}],"version-history":[{"count":6,"href":"https:\/\/wm.pb.edu.pl\/iim\/wp-json\/wp\/v2\/pages\/61\/revisions"}],"predecessor-version":[{"id":142,"href":"https:\/\/wm.pb.edu.pl\/iim\/wp-json\/wp\/v2\/pages\/61\/revisions\/142"}],"up":[{"embeddable":true,"href":"https:\/\/wm.pb.edu.pl\/iim\/wp-json\/wp\/v2\/pages\/21"}],"wp:attachment":[{"href":"https:\/\/wm.pb.edu.pl\/iim\/wp-json\/wp\/v2\/media?parent=61"}],"curies":[{"name":"wp","href":"https:\/\/api.w.org\/{rel}","templated":true}]}}