{"id":63,"date":"2020-06-03T13:05:49","date_gmt":"2020-06-03T11:05:49","guid":{"rendered":"https:\/\/wm.pb.edu.pl\/iim\/?page_id=63"},"modified":"2020-07-09T13:34:17","modified_gmt":"2020-07-09T11:34:17","slug":"projekty","status":"publish","type":"page","link":"https:\/\/wm.pb.edu.pl\/iim\/nauka\/projekty\/","title":{"rendered":"Projekty"},"content":{"rendered":"<p><a href=\"https:\/\/wm.pb.edu.pl\/kimip\/nauka\/projekty\/\">Zaawansowane biokompozyty dla gospodarki jutra, BIOG-NET<\/a><\/p>\n<p><a href=\"https:\/\/wm.pb.edu.pl\/kimip\/nauka\/projekty\/\">System SmartBRAKE \u2013 Inteligentny System Asekuracji i Trasy Roweru<\/a><\/p>\n<p><a href=\"https:\/\/wm.pb.edu.pl\/kimip\/nauka\/projekty\/\">Nowoczesne kompozyty o osnowie metalicznej wzmacniane naturalnymi okrzemkami<\/a><\/p>\n<p><a href=\"https:\/\/wm.pb.edu.pl\/kimip\/nauka\/projekty\/\">Materia\u0142y kompozytowe o osnowie metalicznej z naturalnym wype\u0142niaczem<\/a><\/p>\n<p><a href=\"https:\/\/wm.pb.edu.pl\/kimip\/nauka\/projekty\/\">Wp\u0142yw modyfikacji warstwy powierzchniowej biomateria\u0142\u00f3w metalicznych na ich w\u0142a\u015bciwo\u015bci eksploatacyjne<\/a><\/p>\n<p>&nbsp;<\/p>\n<p><a href=\"https:\/\/wm.pb.edu.pl\/kmiis\/nauka\/projekty\/\">Procesy p\u0119kania element\u00f3w z karbami wykonanych z tworzyw sztucznych, w warunkach prostych i z\u0142o\u017conych stan\u00f3w obci\u0105\u017cenia<\/a><\/p>\n<p><a href=\"https:\/\/wm.pb.edu.pl\/kmiis\/nauka\/projekty\/\">Modelowanie kumulacji uszkodze\u0144 i p\u0119kania materia\u0142\u00f3w konstrukcyjnych w warunkach z\u0142o\u017conych obci\u0105\u017ce\u0144 zm\u0119czeniowych, tak\u017ce z uwzgl\u0119dnieniem predeformacji pe\u0142zaniowej oraz podwy\u017cszonej temperatury<\/a><\/p>\n<p><a href=\"https:\/\/wm.pb.edu.pl\/kmiis\/nauka\/projekty\/\">Badanie tr\u00f3jwymiarowych trajektorii ruchu p\u0119cherzy gazowych w cieczy<\/a><\/p>\n<p><a href=\"https:\/\/wm.pb.edu.pl\/kmiis\/nauka\/projekty\/\">Nieliniowe modele matematyczne i badania do\u015bwiadczalne nagrzewania tarciowego kolejowego uk\u0142adu hamulcowego<\/a><\/p>\n<p><a href=\"https:\/\/wm.pb.edu.pl\/kmiis\/nauka\/projekty\/\">Stabilno\u015b\u0107 intensyfikowanego przez mikromembran\u0119 wrzenia w minikanale<\/a><\/p>\n<p><a href=\"https:\/\/wm.pb.edu.pl\/kmiis\/nauka\/projekty\/\">Rozwi\u0105zanie problemu wyznaczania temperatury w kontakcie \u015blizgowym&nbsp;<\/a><\/p>\n<p><a href=\"https:\/\/wm.pb.edu.pl\/kmiis\/nauka\/projekty\/\">Numeryczne modelowanie procesu zniszczenia metali porowatych na&nbsp;podstawie obraz\u00f3w mikrotomograficznych<\/a><\/p>\n<p><a href=\"https:\/\/wm.pb.edu.pl\/kmiis\/nauka\/projekty\/\">Analiza niestabilno\u015bci wrzenia w&nbsp;r\u00f3wnoleg\u0142ych minikana\u0142ach<\/a><\/p>\n<p><a href=\"https:\/\/wm.pb.edu.pl\/kmiis\/nauka\/projekty\/\">Zagadnienia cieplne tarcia dla uk\u0142ad\u00f3w warstwa-pod\u0142o\u017ce z uwzgl\u0119dnieniem termoczu\u0142o\u015bci materia\u0142\u00f3w<\/a><\/p>\n<p><a href=\"https:\/\/wm.pb.edu.pl\/kmiis\/nauka\/projekty\/\">Modelowanie numeryczne nagrzewania tarciowego w&nbsp;uk\u0142adzie hamulcowym z&nbsp;uwzgl\u0119dnieniem wzajemnej zale\u017cno\u015bci pr\u0119dko\u015bci, temperatury i&nbsp;czu\u0142o\u015bci termicznej materia\u0142\u00f3w<\/a><\/p>\n<p><a href=\"https:\/\/wm.pb.edu.pl\/kmiis\/nauka\/projekty\/\">Badanie dynamiki zalewania dyszy ciecz\u0105 podczas formowania si\u0119 kolumny p\u0119cherzy<\/a><\/p>\n<p><a href=\"https:\/\/wm.pb.edu.pl\/kmiis\/nauka\/projekty\/\">Identyfikacja struktur przep\u0142ywu dwufazowego w minikanale z zastosowaniem metod nieliniowej analizy danych<\/a><\/p>\n<p><a href=\"https:\/\/wm.pb.edu.pl\/kmiis\/nauka\/projekty\/\">Wybrane problemy termomechaniki materia\u0142\u00f3w o w\u0142a\u015bciwo\u015bciach zale\u017cnych od temperatury<\/a><\/p>\n<p><a href=\"https:\/\/wm.pb.edu.pl\/kmiis\/nauka\/projekty\/\">Analityczne i numeryczne modelowanie procesu nieustalonej generacji ciep\u0142a w elementach tarciowych uk\u0142ad\u00f3w hamulcowych<\/a><\/p>\n<p><a href=\"https:\/\/wm.pb.edu.pl\/kmiis\/nauka\/projekty\/\">Mikromechaniczne modelowanie zniszczenia polimerowych kompozyt\u00f3w w\u0142\u00f3knistych<\/a><\/p>\n<p><a href=\"https:\/\/wm.pb.edu.pl\/kmiis\/nauka\/projekty\/\">Analiza napr\u0119\u017ce\u0144 wywo\u0142anych naciskami kontaktowymi w jednorodnym o\u015brodku z pokryciem gradientowym<\/a><\/p>\n<p>&nbsp;<\/p>\n<p><a href=\"https:\/\/wm.pb.edu.pl\/krim\/nauka\/projekty\/\">Metoda identyfikacji uszkodze\u0144 wa\u0142u w trakcie pracy maszyny wirnikowej na podstawie autorskiego modelu diagnostycznego w postaci r\u00f3\u017cnicy przesuni\u0119\u0107 fazowych sygna\u0142\u00f3w (MINIATURA 3)<\/a><\/p>\n<p><a href=\"https:\/\/wm.pb.edu.pl\/krim\/nauka\/projekty\/\">Rozw\u00f3j kompetencji naukowych i zawodowych student\u00f3w Wydzia\u0142u Mechanicznego w zakresie robotyki mobilnej, poprzez udzia\u0142 w zawodach i konferencjach mi\u0119dzynarodowych (Najlepsi z najlepszych 2.0)<\/a><\/p>\n<p><a href=\"https:\/\/wm.pb.edu.pl\/krim\/nauka\/projekty\/\">NzN! 3.0: Robotyczni emisariusze \u2013 prezentacja rozwi\u0105za\u0144 studenckich<\/a><\/p>\n<p><a href=\"https:\/\/wm.pb.edu.pl\/krim\/nauka\/projekty\/\">NzN! 4.0: Robotyczni emisariusze 2.0- prezentacja rozwi\u0105za\u0144 studenckich<\/a><\/p>\n<p><a href=\"https:\/\/wm.pb.edu.pl\/krim\/nauka\/projekty\/\">Modelowanie i badanie p\u0119kni\u0119\u0107 wiruj\u0105cych wa\u0142\u00f3w na potrzeby diagnostyki<\/a><\/p>\n<p>&nbsp;<\/p>\n<p><a href=\"https:\/\/wm.pb.edu.pl\/kbiem\/nauka\/projekty\/\">Analiza funkcjonalna i trwa\u0142o\u015bciowa konstrukcji mechanicznych w celu poprawy jako\u015bci projektowania i eksploatacji maszyn i pojazd\u00f3w<\/a><\/p>\n<p><a href=\"https:\/\/wm.pb.edu.pl\/kbiem\/nauka\/projekty\/\">Badania nad wymian\u0105 ciep\u0142a oraz oporami przep\u0142ywu przez z\u0142o\u017ce warzyw z uwzgl\u0119dnieniem intensywno\u015bci turbulencji<\/a><\/p>\n<p><a href=\"https:\/\/wm.pb.edu.pl\/kbiem\/nauka\/projekty\/\">Badania w\u0142a\u015bciwo\u015bci kompozyt\u00f3w polimerowych wykorzystywanych w przyrostowych technologiach wytwarzania<\/a><\/p>\n<p>&nbsp;<\/p>\n","protected":false},"excerpt":{"rendered":"<p>Zaawansowane biokompozyty dla gospodarki jutra, BIOG-NET System SmartBRAKE \u2013 Inteligentny System Asekuracji i Trasy Roweru<a class=\"read-more\" href=\"https:\/\/wm.pb.edu.pl\/iim\/nauka\/projekty\/\" title=\"Poka\u017c artyku\u0142 Projekty\">wi\u0119cej<\/a><\/p>\n","protected":false},"author":14,"featured_media":0,"parent":21,"menu_order":2,"comment_status":"closed","ping_status":"closed","template":"","meta":{"inline_featured_image":false,"ngg_post_thumbnail":0,"footnotes":""},"class_list":["post-63","page","type-page","status-publish","hentry"],"acf":[],"yoast_head":"<!-- This site is optimized with the Yoast SEO plugin v26.4 - https:\/\/yoast.com\/wordpress\/plugins\/seo\/ -->\n<title>Projekty - Instytut In\u017cynierii Mechanicznej<\/title>\n<meta name=\"robots\" content=\"index, follow, max-snippet:-1, max-image-preview:large, max-video-preview:-1\" \/>\n<link rel=\"canonical\" href=\"https:\/\/wm.pb.edu.pl\/iim\/nauka\/projekty\/\" \/>\n<meta property=\"og:locale\" content=\"pl_PL\" \/>\n<meta property=\"og:type\" content=\"article\" \/>\n<meta property=\"og:title\" content=\"Projekty - Instytut In\u017cynierii Mechanicznej\" \/>\n<meta property=\"og:description\" content=\"Zaawansowane biokompozyty dla gospodarki jutra, BIOG-NET System SmartBRAKE \u2013 Inteligentny System Asekuracji i Trasy Roweruwi\u0119cej\" \/>\n<meta property=\"og:url\" content=\"https:\/\/wm.pb.edu.pl\/iim\/nauka\/projekty\/\" \/>\n<meta property=\"og:site_name\" content=\"Instytut In\u017cynierii Mechanicznej\" \/>\n<meta property=\"article:modified_time\" content=\"2020-07-09T11:34:17+00:00\" \/>\n<meta name=\"twitter:card\" content=\"summary_large_image\" \/>\n<meta name=\"twitter:label1\" content=\"Szacowany czas czytania\" \/>\n\t<meta name=\"twitter:data1\" content=\"2 minuty\" \/>\n<script type=\"application\/ld+json\" class=\"yoast-schema-graph\">{\"@context\":\"https:\/\/schema.org\",\"@graph\":[{\"@type\":\"WebPage\",\"@id\":\"https:\/\/wm.pb.edu.pl\/iim\/nauka\/projekty\/\",\"url\":\"https:\/\/wm.pb.edu.pl\/iim\/nauka\/projekty\/\",\"name\":\"Projekty - Instytut In\u017cynierii Mechanicznej\",\"isPartOf\":{\"@id\":\"https:\/\/wm.pb.edu.pl\/iim\/#website\"},\"datePublished\":\"2020-06-03T11:05:49+00:00\",\"dateModified\":\"2020-07-09T11:34:17+00:00\",\"breadcrumb\":{\"@id\":\"https:\/\/wm.pb.edu.pl\/iim\/nauka\/projekty\/#breadcrumb\"},\"inLanguage\":\"pl-PL\",\"potentialAction\":[{\"@type\":\"ReadAction\",\"target\":[\"https:\/\/wm.pb.edu.pl\/iim\/nauka\/projekty\/\"]}]},{\"@type\":\"BreadcrumbList\",\"@id\":\"https:\/\/wm.pb.edu.pl\/iim\/nauka\/projekty\/#breadcrumb\",\"itemListElement\":[{\"@type\":\"ListItem\",\"position\":1,\"name\":\"Strona g\u0142\u00f3wna\",\"item\":\"https:\/\/wm.pb.edu.pl\/iim\/\"},{\"@type\":\"ListItem\",\"position\":2,\"name\":\"Nauka\",\"item\":\"https:\/\/wm.pb.edu.pl\/iim\/nauka\/\"},{\"@type\":\"ListItem\",\"position\":3,\"name\":\"Projekty\"}]},{\"@type\":\"WebSite\",\"@id\":\"https:\/\/wm.pb.edu.pl\/iim\/#website\",\"url\":\"https:\/\/wm.pb.edu.pl\/iim\/\",\"name\":\"Instytut In\u017cynierii Mechanicznej\",\"description\":\"Kolejna witryna sieci &#8222;WM Witryn&#8221;\",\"potentialAction\":[{\"@type\":\"SearchAction\",\"target\":{\"@type\":\"EntryPoint\",\"urlTemplate\":\"https:\/\/wm.pb.edu.pl\/iim\/?s={search_term_string}\"},\"query-input\":{\"@type\":\"PropertyValueSpecification\",\"valueRequired\":true,\"valueName\":\"search_term_string\"}}],\"inLanguage\":\"pl-PL\"}]}<\/script>\n<!-- \/ Yoast SEO plugin. -->","yoast_head_json":{"title":"Projekty - Instytut In\u017cynierii Mechanicznej","robots":{"index":"index","follow":"follow","max-snippet":"max-snippet:-1","max-image-preview":"max-image-preview:large","max-video-preview":"max-video-preview:-1"},"canonical":"https:\/\/wm.pb.edu.pl\/iim\/nauka\/projekty\/","og_locale":"pl_PL","og_type":"article","og_title":"Projekty - Instytut In\u017cynierii Mechanicznej","og_description":"Zaawansowane biokompozyty dla gospodarki jutra, BIOG-NET System SmartBRAKE \u2013 Inteligentny System Asekuracji i Trasy Roweruwi\u0119cej","og_url":"https:\/\/wm.pb.edu.pl\/iim\/nauka\/projekty\/","og_site_name":"Instytut In\u017cynierii Mechanicznej","article_modified_time":"2020-07-09T11:34:17+00:00","twitter_card":"summary_large_image","twitter_misc":{"Szacowany czas czytania":"2 minuty"},"schema":{"@context":"https:\/\/schema.org","@graph":[{"@type":"WebPage","@id":"https:\/\/wm.pb.edu.pl\/iim\/nauka\/projekty\/","url":"https:\/\/wm.pb.edu.pl\/iim\/nauka\/projekty\/","name":"Projekty - Instytut In\u017cynierii Mechanicznej","isPartOf":{"@id":"https:\/\/wm.pb.edu.pl\/iim\/#website"},"datePublished":"2020-06-03T11:05:49+00:00","dateModified":"2020-07-09T11:34:17+00:00","breadcrumb":{"@id":"https:\/\/wm.pb.edu.pl\/iim\/nauka\/projekty\/#breadcrumb"},"inLanguage":"pl-PL","potentialAction":[{"@type":"ReadAction","target":["https:\/\/wm.pb.edu.pl\/iim\/nauka\/projekty\/"]}]},{"@type":"BreadcrumbList","@id":"https:\/\/wm.pb.edu.pl\/iim\/nauka\/projekty\/#breadcrumb","itemListElement":[{"@type":"ListItem","position":1,"name":"Strona g\u0142\u00f3wna","item":"https:\/\/wm.pb.edu.pl\/iim\/"},{"@type":"ListItem","position":2,"name":"Nauka","item":"https:\/\/wm.pb.edu.pl\/iim\/nauka\/"},{"@type":"ListItem","position":3,"name":"Projekty"}]},{"@type":"WebSite","@id":"https:\/\/wm.pb.edu.pl\/iim\/#website","url":"https:\/\/wm.pb.edu.pl\/iim\/","name":"Instytut In\u017cynierii Mechanicznej","description":"Kolejna witryna sieci &#8222;WM Witryn&#8221;","potentialAction":[{"@type":"SearchAction","target":{"@type":"EntryPoint","urlTemplate":"https:\/\/wm.pb.edu.pl\/iim\/?s={search_term_string}"},"query-input":{"@type":"PropertyValueSpecification","valueRequired":true,"valueName":"search_term_string"}}],"inLanguage":"pl-PL"}]}},"_links":{"self":[{"href":"https:\/\/wm.pb.edu.pl\/iim\/wp-json\/wp\/v2\/pages\/63","targetHints":{"allow":["GET"]}}],"collection":[{"href":"https:\/\/wm.pb.edu.pl\/iim\/wp-json\/wp\/v2\/pages"}],"about":[{"href":"https:\/\/wm.pb.edu.pl\/iim\/wp-json\/wp\/v2\/types\/page"}],"author":[{"embeddable":true,"href":"https:\/\/wm.pb.edu.pl\/iim\/wp-json\/wp\/v2\/users\/14"}],"replies":[{"embeddable":true,"href":"https:\/\/wm.pb.edu.pl\/iim\/wp-json\/wp\/v2\/comments?post=63"}],"version-history":[{"count":8,"href":"https:\/\/wm.pb.edu.pl\/iim\/wp-json\/wp\/v2\/pages\/63\/revisions"}],"predecessor-version":[{"id":96,"href":"https:\/\/wm.pb.edu.pl\/iim\/wp-json\/wp\/v2\/pages\/63\/revisions\/96"}],"up":[{"embeddable":true,"href":"https:\/\/wm.pb.edu.pl\/iim\/wp-json\/wp\/v2\/pages\/21"}],"wp:attachment":[{"href":"https:\/\/wm.pb.edu.pl\/iim\/wp-json\/wp\/v2\/media?parent=63"}],"curies":[{"name":"wp","href":"https:\/\/api.w.org\/{rel}","templated":true}]}}