{"id":67,"date":"2020-06-03T13:13:42","date_gmt":"2020-06-03T11:13:42","guid":{"rendered":"https:\/\/wm.pb.edu.pl\/iim\/?page_id=67"},"modified":"2020-10-06T09:28:17","modified_gmt":"2020-10-06T07:28:17","slug":"seminarium-instytutu","status":"publish","type":"page","link":"https:\/\/wm.pb.edu.pl\/iim\/nauka\/seminarium-instytutu\/","title":{"rendered":"Seminarium Instytutu"},"content":{"rendered":"<p><a href=\"https:\/\/wm.pb.edu.pl\/2020\/09\/29\/seminarium-naukowe-28\/\">Seminarium z wyk\u0142adem prof. dr hab. in\u017c. Witolda \u0141ojkowskiego<\/a><\/p>\n","protected":false},"excerpt":{"rendered":"<p>Seminarium z wyk\u0142adem prof. dr hab. in\u017c. Witolda \u0141ojkowskiego<\/p>\n","protected":false},"author":14,"featured_media":0,"parent":21,"menu_order":4,"comment_status":"closed","ping_status":"closed","template":"","meta":{"inline_featured_image":false,"ngg_post_thumbnail":0,"footnotes":""},"class_list":["post-67","page","type-page","status-publish","hentry"],"acf":[],"yoast_head":"<!-- This site is optimized with the Yoast SEO plugin v26.4 - https:\/\/yoast.com\/wordpress\/plugins\/seo\/ -->\n<title>Seminarium Instytutu - Instytut In\u017cynierii Mechanicznej<\/title>\n<meta name=\"robots\" content=\"index, follow, max-snippet:-1, max-image-preview:large, max-video-preview:-1\" \/>\n<link rel=\"canonical\" href=\"https:\/\/wm.pb.edu.pl\/iim\/nauka\/seminarium-instytutu\/\" \/>\n<meta property=\"og:locale\" content=\"pl_PL\" \/>\n<meta property=\"og:type\" content=\"article\" \/>\n<meta property=\"og:title\" content=\"Seminarium Instytutu - Instytut In\u017cynierii Mechanicznej\" \/>\n<meta property=\"og:description\" content=\"Seminarium z wyk\u0142adem prof. dr hab. in\u017c. Witolda \u0141ojkowskiego\" \/>\n<meta property=\"og:url\" content=\"https:\/\/wm.pb.edu.pl\/iim\/nauka\/seminarium-instytutu\/\" \/>\n<meta property=\"og:site_name\" content=\"Instytut In\u017cynierii Mechanicznej\" \/>\n<meta property=\"article:modified_time\" content=\"2020-10-06T07:28:17+00:00\" \/>\n<meta name=\"twitter:card\" content=\"summary_large_image\" \/>\n<script type=\"application\/ld+json\" class=\"yoast-schema-graph\">{\"@context\":\"https:\/\/schema.org\",\"@graph\":[{\"@type\":\"WebPage\",\"@id\":\"https:\/\/wm.pb.edu.pl\/iim\/nauka\/seminarium-instytutu\/\",\"url\":\"https:\/\/wm.pb.edu.pl\/iim\/nauka\/seminarium-instytutu\/\",\"name\":\"Seminarium Instytutu - Instytut In\u017cynierii Mechanicznej\",\"isPartOf\":{\"@id\":\"https:\/\/wm.pb.edu.pl\/iim\/#website\"},\"datePublished\":\"2020-06-03T11:13:42+00:00\",\"dateModified\":\"2020-10-06T07:28:17+00:00\",\"breadcrumb\":{\"@id\":\"https:\/\/wm.pb.edu.pl\/iim\/nauka\/seminarium-instytutu\/#breadcrumb\"},\"inLanguage\":\"pl-PL\",\"potentialAction\":[{\"@type\":\"ReadAction\",\"target\":[\"https:\/\/wm.pb.edu.pl\/iim\/nauka\/seminarium-instytutu\/\"]}]},{\"@type\":\"BreadcrumbList\",\"@id\":\"https:\/\/wm.pb.edu.pl\/iim\/nauka\/seminarium-instytutu\/#breadcrumb\",\"itemListElement\":[{\"@type\":\"ListItem\",\"position\":1,\"name\":\"Strona g\u0142\u00f3wna\",\"item\":\"https:\/\/wm.pb.edu.pl\/iim\/\"},{\"@type\":\"ListItem\",\"position\":2,\"name\":\"Nauka\",\"item\":\"https:\/\/wm.pb.edu.pl\/iim\/nauka\/\"},{\"@type\":\"ListItem\",\"position\":3,\"name\":\"Seminarium Instytutu\"}]},{\"@type\":\"WebSite\",\"@id\":\"https:\/\/wm.pb.edu.pl\/iim\/#website\",\"url\":\"https:\/\/wm.pb.edu.pl\/iim\/\",\"name\":\"Instytut In\u017cynierii Mechanicznej\",\"description\":\"Kolejna witryna sieci &#8222;WM Witryn&#8221;\",\"potentialAction\":[{\"@type\":\"SearchAction\",\"target\":{\"@type\":\"EntryPoint\",\"urlTemplate\":\"https:\/\/wm.pb.edu.pl\/iim\/?s={search_term_string}\"},\"query-input\":{\"@type\":\"PropertyValueSpecification\",\"valueRequired\":true,\"valueName\":\"search_term_string\"}}],\"inLanguage\":\"pl-PL\"}]}<\/script>\n<!-- \/ Yoast SEO plugin. -->","yoast_head_json":{"title":"Seminarium Instytutu - Instytut In\u017cynierii Mechanicznej","robots":{"index":"index","follow":"follow","max-snippet":"max-snippet:-1","max-image-preview":"max-image-preview:large","max-video-preview":"max-video-preview:-1"},"canonical":"https:\/\/wm.pb.edu.pl\/iim\/nauka\/seminarium-instytutu\/","og_locale":"pl_PL","og_type":"article","og_title":"Seminarium Instytutu - Instytut In\u017cynierii Mechanicznej","og_description":"Seminarium z wyk\u0142adem prof. dr hab. in\u017c. Witolda \u0141ojkowskiego","og_url":"https:\/\/wm.pb.edu.pl\/iim\/nauka\/seminarium-instytutu\/","og_site_name":"Instytut In\u017cynierii Mechanicznej","article_modified_time":"2020-10-06T07:28:17+00:00","twitter_card":"summary_large_image","schema":{"@context":"https:\/\/schema.org","@graph":[{"@type":"WebPage","@id":"https:\/\/wm.pb.edu.pl\/iim\/nauka\/seminarium-instytutu\/","url":"https:\/\/wm.pb.edu.pl\/iim\/nauka\/seminarium-instytutu\/","name":"Seminarium Instytutu - Instytut In\u017cynierii Mechanicznej","isPartOf":{"@id":"https:\/\/wm.pb.edu.pl\/iim\/#website"},"datePublished":"2020-06-03T11:13:42+00:00","dateModified":"2020-10-06T07:28:17+00:00","breadcrumb":{"@id":"https:\/\/wm.pb.edu.pl\/iim\/nauka\/seminarium-instytutu\/#breadcrumb"},"inLanguage":"pl-PL","potentialAction":[{"@type":"ReadAction","target":["https:\/\/wm.pb.edu.pl\/iim\/nauka\/seminarium-instytutu\/"]}]},{"@type":"BreadcrumbList","@id":"https:\/\/wm.pb.edu.pl\/iim\/nauka\/seminarium-instytutu\/#breadcrumb","itemListElement":[{"@type":"ListItem","position":1,"name":"Strona g\u0142\u00f3wna","item":"https:\/\/wm.pb.edu.pl\/iim\/"},{"@type":"ListItem","position":2,"name":"Nauka","item":"https:\/\/wm.pb.edu.pl\/iim\/nauka\/"},{"@type":"ListItem","position":3,"name":"Seminarium Instytutu"}]},{"@type":"WebSite","@id":"https:\/\/wm.pb.edu.pl\/iim\/#website","url":"https:\/\/wm.pb.edu.pl\/iim\/","name":"Instytut In\u017cynierii Mechanicznej","description":"Kolejna witryna sieci &#8222;WM Witryn&#8221;","potentialAction":[{"@type":"SearchAction","target":{"@type":"EntryPoint","urlTemplate":"https:\/\/wm.pb.edu.pl\/iim\/?s={search_term_string}"},"query-input":{"@type":"PropertyValueSpecification","valueRequired":true,"valueName":"search_term_string"}}],"inLanguage":"pl-PL"}]}},"_links":{"self":[{"href":"https:\/\/wm.pb.edu.pl\/iim\/wp-json\/wp\/v2\/pages\/67","targetHints":{"allow":["GET"]}}],"collection":[{"href":"https:\/\/wm.pb.edu.pl\/iim\/wp-json\/wp\/v2\/pages"}],"about":[{"href":"https:\/\/wm.pb.edu.pl\/iim\/wp-json\/wp\/v2\/types\/page"}],"author":[{"embeddable":true,"href":"https:\/\/wm.pb.edu.pl\/iim\/wp-json\/wp\/v2\/users\/14"}],"replies":[{"embeddable":true,"href":"https:\/\/wm.pb.edu.pl\/iim\/wp-json\/wp\/v2\/comments?post=67"}],"version-history":[{"count":7,"href":"https:\/\/wm.pb.edu.pl\/iim\/wp-json\/wp\/v2\/pages\/67\/revisions"}],"predecessor-version":[{"id":151,"href":"https:\/\/wm.pb.edu.pl\/iim\/wp-json\/wp\/v2\/pages\/67\/revisions\/151"}],"up":[{"embeddable":true,"href":"https:\/\/wm.pb.edu.pl\/iim\/wp-json\/wp\/v2\/pages\/21"}],"wp:attachment":[{"href":"https:\/\/wm.pb.edu.pl\/iim\/wp-json\/wp\/v2\/media?parent=67"}],"curies":[{"name":"wp","href":"https:\/\/api.w.org\/{rel}","templated":true}]}}