{"id":11,"date":"2018-06-25T21:56:28","date_gmt":"2018-06-25T19:56:28","guid":{"rendered":"https:\/\/wm.pb.edu.pl\/kair\/?page_id=11"},"modified":"2024-02-28T11:59:36","modified_gmt":"2024-02-28T10:59:36","slug":"strona-glowna","status":"publish","type":"page","link":"https:\/\/wm.pb.edu.pl\/kapp\/","title":{"rendered":"Katedra Automatyzacji Proces\u00f3w Przemys\u0142owych"},"content":{"rendered":"<p><a name=\"tu-skacz\"><\/a><br \/>\n<div class=\"row\">\n<div class=\"col-md-4\">\n  <div class=\"boxlink animated zoomIn \">\r\n    <a href=\"\/kapp\/o-katedrze\/\" class=\"\">\r\n      <div class=\"boxlink-title\">O katedrze<span><\/span><\/div>\r\n      <div class=\"boxlink-content\">\r\n        <img decoding=\"async\" class=\"aligncenter wp-image-534 size-full\" src=\"https:\/\/wm.pb.edu.pl\/krim\/wp-content\/uploads\/sites\/4\/2019\/10\/MW_AiR.png\" alt=\"\">      <\/div>\r\n    <\/a>\r\n  <\/div>\r\n\n<\/div>\n<div class=\"col-md-4\">\n  <div class=\"boxlink animated zoomIn \">\r\n    <a href=\"\/kapp\/nauka\/\" class=\"\">\r\n      <div class=\"boxlink-title\">Nauka<span><\/span><\/div>\r\n      <div class=\"boxlink-content\">\r\n        <img decoding=\"async\" class=\"aligncenter wp-image-534 size-full\" src=\"https:\/\/wm.pb.edu.pl\/kmiis\/wp-content\/uploads\/sites\/3\/2018\/08\/WM_nauka.png\" alt=\"\">      <\/div>\r\n    <\/a>\r\n  <\/div>\r\n\n<\/div>\n<div class=\"col-md-4\">\n  <div class=\"boxlink animated zoomIn \">\r\n    <a href=\"\/kapp\/kola-naukowe\" class=\"\">\r\n      <div class=\"boxlink-title\">Ko\u0142a naukowe<span><\/span><\/div>\r\n      <div class=\"boxlink-content\">\r\n        <img decoding=\"async\" class=\"aligncenter wp-image-534 size-full\" src=\"https:\/\/wm.pb.edu.pl\/kmiis\/wp-content\/uploads\/sites\/3\/2018\/08\/WM_studenci.png\" alt=\"\">      <\/div>\r\n    <\/a>\r\n  <\/div>\r\n\n<\/div>\n<\/div>\n<div class=\"row\">\n<div class=\"col-md-4\">\n  <div class=\"boxlink animated zoomIn \">\r\n    <a href=\"\/kapp\/pracownicy\/\" class=\"\">\r\n      <div class=\"boxlink-title\">Pracownicy<span><\/span><\/div>\r\n      <div class=\"boxlink-content\">\r\n        <img decoding=\"async\" class=\"aligncenter wp-image-534 size-full\" src=\"https:\/\/wm.pb.edu.pl\/kmiis\/wp-content\/uploads\/sites\/3\/2018\/08\/WM_pracownicy.png\" alt=\"\">      <\/div>\r\n    <\/a>\r\n  <\/div>\r\n\n<\/div>\n<div class=\"col-md-4\">\n  <div class=\"boxlink animated zoomIn \">\r\n    <a href=\"\/kapp\/laboratoria\/\" class=\"\">\r\n      <div class=\"boxlink-title\">Laboratoria<span><\/span><\/div>\r\n      <div class=\"boxlink-content\">\r\n        <img decoding=\"async\" class=\"aligncenter wp-image-534 size-full\" src=\"https:\/\/wm.pb.edu.pl\/kmiis\/wp-content\/uploads\/sites\/3\/2018\/08\/MW_lab.png\" alt=\"\">      <\/div>\r\n    <\/a>\r\n  <\/div>\r\n\n<\/div>\n<div class=\"col-md-4\">\n  <div class=\"boxlink animated zoomIn \">\r\n    <a href=\"\/kapp\/kontakt\" class=\"\">\r\n      <div class=\"boxlink-title\">Kontakt<span><\/span><\/div>\r\n      <div class=\"boxlink-content\">\r\n        <img decoding=\"async\" class=\"aligncenter wp-image-534 size-full\" src=\"https:\/\/wm.pb.edu.pl\/kmiis\/wp-content\/uploads\/sites\/3\/2018\/08\/MW_kontakt.png\" alt=\"\">      <\/div>\r\n    <\/a>\r\n  <\/div>\r\n\n<\/div>\n<\/div>\n","protected":false},"excerpt":{"rendered":"","protected":false},"author":2,"featured_media":371,"parent":0,"menu_order":0,"comment_status":"closed","ping_status":"closed","template":"templates\/reprezentacyjna-4_8.php","meta":{"inline_featured_image":false,"ngg_post_thumbnail":0,"footnotes":""},"class_list":["post-11","page","type-page","status-publish","has-post-thumbnail","hentry"],"acf":[],"yoast_head":"<!-- This site is optimized with the Yoast SEO plugin v26.4 - https:\/\/yoast.com\/wordpress\/plugins\/seo\/ -->\n<title>Katedra Automatyzacji Proces\u00f3w Przemys\u0142owych<\/title>\n<meta name=\"description\" content=\"Automatyzacji Proces\u00f3w Przemys\u0142owych Wydzia\u0142 Mechaniczny Politechniki Bia\u0142ostockiej\" \/>\n<meta name=\"robots\" content=\"index, follow, max-snippet:-1, max-image-preview:large, max-video-preview:-1\" \/>\n<link rel=\"canonical\" href=\"https:\/\/wm.pb.edu.pl\/kapp\/\" \/>\n<meta name=\"twitter:label1\" content=\"Szacowany czas czytania\" \/>\n\t<meta name=\"twitter:data1\" content=\"2 minuty\" \/>\n<script type=\"application\/ld+json\" class=\"yoast-schema-graph\">{\"@context\":\"https:\/\/schema.org\",\"@graph\":[{\"@type\":\"WebPage\",\"@id\":\"https:\/\/wm.pb.edu.pl\/kapp\/\",\"url\":\"https:\/\/wm.pb.edu.pl\/kapp\/\",\"name\":\"Katedra Automatyzacji Proces\u00f3w Przemys\u0142owych\",\"isPartOf\":{\"@id\":\"https:\/\/wm.pb.edu.pl\/kapp\/#website\"},\"primaryImageOfPage\":{\"@id\":\"https:\/\/wm.pb.edu.pl\/kapp\/#primaryimage\"},\"image\":{\"@id\":\"https:\/\/wm.pb.edu.pl\/kapp\/#primaryimage\"},\"thumbnailUrl\":\"https:\/\/wm.pb.edu.pl\/kapp\/wp-content\/uploads\/sites\/4\/2018\/06\/katedry-best.jpg\",\"datePublished\":\"2018-06-25T19:56:28+00:00\",\"dateModified\":\"2024-02-28T10:59:36+00:00\",\"description\":\"Automatyzacji Proces\u00f3w Przemys\u0142owych Wydzia\u0142 Mechaniczny Politechniki Bia\u0142ostockiej\",\"breadcrumb\":{\"@id\":\"https:\/\/wm.pb.edu.pl\/kapp\/#breadcrumb\"},\"inLanguage\":\"pl-PL\",\"potentialAction\":[{\"@type\":\"ReadAction\",\"target\":[\"https:\/\/wm.pb.edu.pl\/kapp\/\"]}]},{\"@type\":\"ImageObject\",\"inLanguage\":\"pl-PL\",\"@id\":\"https:\/\/wm.pb.edu.pl\/kapp\/#primaryimage\",\"url\":\"https:\/\/wm.pb.edu.pl\/kapp\/wp-content\/uploads\/sites\/4\/2018\/06\/katedry-best.jpg\",\"contentUrl\":\"https:\/\/wm.pb.edu.pl\/kapp\/wp-content\/uploads\/sites\/4\/2018\/06\/katedry-best.jpg\",\"width\":1000,\"height\":667,\"caption\":\"linia festo\"},{\"@type\":\"BreadcrumbList\",\"@id\":\"https:\/\/wm.pb.edu.pl\/kapp\/#breadcrumb\",\"itemListElement\":[{\"@type\":\"ListItem\",\"position\":1,\"name\":\"Strona g\u0142\u00f3wna\",\"item\":\"https:\/\/wm.pb.edu.pl\/kapp\/\"},{\"@type\":\"ListItem\",\"position\":2,\"name\":\"Katedra Automatyzacji Proces\u00f3w Przemys\u0142owych\"}]},{\"@type\":\"WebSite\",\"@id\":\"https:\/\/wm.pb.edu.pl\/kapp\/#website\",\"url\":\"https:\/\/wm.pb.edu.pl\/kapp\/\",\"name\":\"Katedra Automatyzacji Proces\u00f3w Przemys\u0142owych\",\"description\":\"\",\"potentialAction\":[{\"@type\":\"SearchAction\",\"target\":{\"@type\":\"EntryPoint\",\"urlTemplate\":\"https:\/\/wm.pb.edu.pl\/kapp\/?s={search_term_string}\"},\"query-input\":{\"@type\":\"PropertyValueSpecification\",\"valueRequired\":true,\"valueName\":\"search_term_string\"}}],\"inLanguage\":\"pl-PL\"}]}<\/script>\n<!-- \/ Yoast SEO plugin. -->","yoast_head_json":{"title":"Katedra Automatyzacji Proces\u00f3w Przemys\u0142owych","description":"Automatyzacji Proces\u00f3w Przemys\u0142owych Wydzia\u0142 Mechaniczny Politechniki Bia\u0142ostockiej","robots":{"index":"index","follow":"follow","max-snippet":"max-snippet:-1","max-image-preview":"max-image-preview:large","max-video-preview":"max-video-preview:-1"},"canonical":"https:\/\/wm.pb.edu.pl\/kapp\/","twitter_misc":{"Szacowany czas czytania":"2 minuty"},"schema":{"@context":"https:\/\/schema.org","@graph":[{"@type":"WebPage","@id":"https:\/\/wm.pb.edu.pl\/kapp\/","url":"https:\/\/wm.pb.edu.pl\/kapp\/","name":"Katedra Automatyzacji Proces\u00f3w Przemys\u0142owych","isPartOf":{"@id":"https:\/\/wm.pb.edu.pl\/kapp\/#website"},"primaryImageOfPage":{"@id":"https:\/\/wm.pb.edu.pl\/kapp\/#primaryimage"},"image":{"@id":"https:\/\/wm.pb.edu.pl\/kapp\/#primaryimage"},"thumbnailUrl":"https:\/\/wm.pb.edu.pl\/kapp\/wp-content\/uploads\/sites\/4\/2018\/06\/katedry-best.jpg","datePublished":"2018-06-25T19:56:28+00:00","dateModified":"2024-02-28T10:59:36+00:00","description":"Automatyzacji Proces\u00f3w Przemys\u0142owych Wydzia\u0142 Mechaniczny Politechniki Bia\u0142ostockiej","breadcrumb":{"@id":"https:\/\/wm.pb.edu.pl\/kapp\/#breadcrumb"},"inLanguage":"pl-PL","potentialAction":[{"@type":"ReadAction","target":["https:\/\/wm.pb.edu.pl\/kapp\/"]}]},{"@type":"ImageObject","inLanguage":"pl-PL","@id":"https:\/\/wm.pb.edu.pl\/kapp\/#primaryimage","url":"https:\/\/wm.pb.edu.pl\/kapp\/wp-content\/uploads\/sites\/4\/2018\/06\/katedry-best.jpg","contentUrl":"https:\/\/wm.pb.edu.pl\/kapp\/wp-content\/uploads\/sites\/4\/2018\/06\/katedry-best.jpg","width":1000,"height":667,"caption":"linia festo"},{"@type":"BreadcrumbList","@id":"https:\/\/wm.pb.edu.pl\/kapp\/#breadcrumb","itemListElement":[{"@type":"ListItem","position":1,"name":"Strona g\u0142\u00f3wna","item":"https:\/\/wm.pb.edu.pl\/kapp\/"},{"@type":"ListItem","position":2,"name":"Katedra Automatyzacji Proces\u00f3w Przemys\u0142owych"}]},{"@type":"WebSite","@id":"https:\/\/wm.pb.edu.pl\/kapp\/#website","url":"https:\/\/wm.pb.edu.pl\/kapp\/","name":"Katedra Automatyzacji Proces\u00f3w Przemys\u0142owych","description":"","potentialAction":[{"@type":"SearchAction","target":{"@type":"EntryPoint","urlTemplate":"https:\/\/wm.pb.edu.pl\/kapp\/?s={search_term_string}"},"query-input":{"@type":"PropertyValueSpecification","valueRequired":true,"valueName":"search_term_string"}}],"inLanguage":"pl-PL"}]}},"_links":{"self":[{"href":"https:\/\/wm.pb.edu.pl\/kapp\/wp-json\/wp\/v2\/pages\/11","targetHints":{"allow":["GET"]}}],"collection":[{"href":"https:\/\/wm.pb.edu.pl\/kapp\/wp-json\/wp\/v2\/pages"}],"about":[{"href":"https:\/\/wm.pb.edu.pl\/kapp\/wp-json\/wp\/v2\/types\/page"}],"author":[{"embeddable":true,"href":"https:\/\/wm.pb.edu.pl\/kapp\/wp-json\/wp\/v2\/users\/2"}],"replies":[{"embeddable":true,"href":"https:\/\/wm.pb.edu.pl\/kapp\/wp-json\/wp\/v2\/comments?post=11"}],"version-history":[{"count":23,"href":"https:\/\/wm.pb.edu.pl\/kapp\/wp-json\/wp\/v2\/pages\/11\/revisions"}],"predecessor-version":[{"id":648,"href":"https:\/\/wm.pb.edu.pl\/kapp\/wp-json\/wp\/v2\/pages\/11\/revisions\/648"}],"wp:featuredmedia":[{"embeddable":true,"href":"https:\/\/wm.pb.edu.pl\/kapp\/wp-json\/wp\/v2\/media\/371"}],"wp:attachment":[{"href":"https:\/\/wm.pb.edu.pl\/kapp\/wp-json\/wp\/v2\/media?parent=11"}],"curies":[{"name":"wp","href":"https:\/\/api.w.org\/{rel}","templated":true}]}}