{"id":18,"date":"2018-06-26T11:08:19","date_gmt":"2018-06-26T09:08:19","guid":{"rendered":"https:\/\/wm.pb.edu.pl\/kair\/?page_id=18"},"modified":"2024-02-08T10:56:02","modified_gmt":"2024-02-08T09:56:02","slug":"o-katedrze","status":"publish","type":"page","link":"https:\/\/wm.pb.edu.pl\/kapp\/o-katedrze\/","title":{"rendered":"O katedrze"},"content":{"rendered":"<h4>4 sierpnia 2023 roku z Katedry Mechatroniki i Robotyki zosta\u0142a wyodr\u0119bniona Katedra Automatyzacji Proces\u00f3w Przemys\u0142owych.&nbsp;<\/h4>\n<p>Na kierownika Katedry Automatyzacji Proces\u00f3w Przemys\u0142owych powo\u0142ana zosta\u0142a dr hab. Ewa Paw\u0142uszewicz, prof. PB.<\/p>\n<h4>Katedra Mechatroniki i Robotyki<\/h4>\n<p>Katedra Mechatroniki i Robotyki powsta\u0142a 1 pa\u017adziernika 2019 roku. W wyniku wdra\u017cania w Politechnice Bia\u0142ostockiej ustawy Prawo o szkolnictwie wy\u017cszym i nauce. Na skutek restrukturyzacji cz\u0119\u015b\u0107 pracownik\u00f3w \u00f3wczesnej Katedry Automatyki i Robotyki przesz\u0142a na Wydzia\u0142 Elektryczny.<\/p>\n<p>Na kierownika Katedry Robotyki i Mechatroniki powo\u0142ana zosta\u0142a dr hab. Ewa Paw\u0142uszewicz, prof. PB.<\/p>\n<h4>Katedra Automatyki i Robotyki<\/h4>\n<p>Powsta\u0142a 1 pa\u017adziernika 2005 roku z po\u0142\u0105czenia trzech katedr: Katedry Automatyki i Diagnostyki, Katedry Techniki Automatyzacji oraz Katedry Mechatroniki. Na kierownika Katedry powo\u0142any zosta\u0142 prof. dr hab. in\u017c. Zdzis\u0142aw Gosiewski. Obecnie jest w&nbsp;niej zatrudnionych dwudziestu pi\u0119ciu&nbsp;nauczycieli akademickich.<\/p>\n<h4>Katedra Mechatroniki<\/h4>\n<p>Powsta\u0142a w 1995 roku pod nazw\u0105 Katedra Automatyki i Mechatroniki. Powstaj\u0105ca wtedy katedra nale\u017ca\u0142a do pierwszych w Polsce katedr maj\u0105cych w nazwie s\u0142owo mechatronika. Na kierownika Katedry zosta\u0142 powo\u0142any dr hab. in\u017c. Marek Gawrysiak, prof. PB. W 1997 nazwa katedry zosta\u0142a skr\u00f3cona do Katedry Mechatroniki. W ostatnim okresie jej funkcjonowania g\u0142\u00f3wnym obszarem dzia\u0142alno\u015bci naukowej i dydaktycznej by\u0142a szeroko rozumiana robotyzacja proces\u00f3w przemys\u0142owych.<\/p>\n<h4>Katedra Techniki Automatyzacji<\/h4>\n<p>Powsta\u0142a w&nbsp;2002 roku. Na&nbsp;kierownika Katedry powo\u0142any zosta\u0142 prof.&nbsp;nzw. dr&nbsp;hab. in\u017c.&nbsp;Franciszek Siemieniako. Pracownicy Katedry zajmowali si\u0119 badaniami i&nbsp;dydaktyk\u0105 z&nbsp;zakresu automatyki, automatyzacji i&nbsp;przemys\u0142owych sieci komputerowych.<\/p>\n<h4>Katedra Automatyki i Diagnostyki<\/h4>\n<p>Powo\u0142ano w dniu 1 pa\u017adziernika 1997 roku. Jej zadaniem by\u0142o kszta\u0142cenie in\u017cynier\u00f3w i magistr\u00f3w na kierunku automatyka i robotyka w zakresie nowoczesnej i poszukiwanej specjalno\u015bci systemy informatyczne w automatyce i diagnostyce. Pierwszym kierownikiem i organizatorem Katedry Automatyki i Diagnostyki zosta\u0142 prof. nzw. dr hab. in\u017c. Krzysztof Jaworek, a od 2002 roku Katedr\u0105 kierowa\u0142 dr hab. in\u017c. Pawe\u0142 Lindstedt, prof. PB.<\/p>\n<h4>&nbsp;<\/h4>\n<h4>&nbsp;<\/h4>\n<p>&nbsp;<\/p>\n","protected":false},"excerpt":{"rendered":"<p>4 sierpnia 2023 roku z Katedry Mechatroniki i Robotyki zosta\u0142a wyodr\u0119bniona Katedra Automatyzacji Proces\u00f3w Przemys\u0142owych.&nbsp;<a class=\"read-more\" href=\"https:\/\/wm.pb.edu.pl\/kapp\/o-katedrze\/\" title=\"Poka\u017c artyku\u0142 O katedrze\">wi\u0119cej<\/a><\/p>\n","protected":false},"author":4,"featured_media":0,"parent":0,"menu_order":1,"comment_status":"closed","ping_status":"closed","template":"","meta":{"inline_featured_image":false,"ngg_post_thumbnail":0,"footnotes":""},"class_list":["post-18","page","type-page","status-publish","hentry"],"acf":[],"yoast_head":"<!-- This site is optimized with the Yoast SEO plugin v26.4 - https:\/\/yoast.com\/wordpress\/plugins\/seo\/ -->\n<title>O katedrze - Katedra Automatyzacji Proces\u00f3w Przemys\u0142owych<\/title>\n<meta name=\"robots\" content=\"index, follow, max-snippet:-1, max-image-preview:large, max-video-preview:-1\" \/>\n<link rel=\"canonical\" href=\"https:\/\/wm.pb.edu.pl\/kapp\/o-katedrze\/\" \/>\n<meta name=\"twitter:label1\" content=\"Szacowany czas czytania\" \/>\n\t<meta name=\"twitter:data1\" content=\"2 minuty\" \/>\n<script type=\"application\/ld+json\" class=\"yoast-schema-graph\">{\"@context\":\"https:\/\/schema.org\",\"@graph\":[{\"@type\":\"WebPage\",\"@id\":\"https:\/\/wm.pb.edu.pl\/kapp\/o-katedrze\/\",\"url\":\"https:\/\/wm.pb.edu.pl\/kapp\/o-katedrze\/\",\"name\":\"O katedrze - Katedra Automatyzacji Proces\u00f3w Przemys\u0142owych\",\"isPartOf\":{\"@id\":\"https:\/\/wm.pb.edu.pl\/kapp\/#website\"},\"datePublished\":\"2018-06-26T09:08:19+00:00\",\"dateModified\":\"2024-02-08T09:56:02+00:00\",\"breadcrumb\":{\"@id\":\"https:\/\/wm.pb.edu.pl\/kapp\/o-katedrze\/#breadcrumb\"},\"inLanguage\":\"pl-PL\",\"potentialAction\":[{\"@type\":\"ReadAction\",\"target\":[\"https:\/\/wm.pb.edu.pl\/kapp\/o-katedrze\/\"]}]},{\"@type\":\"BreadcrumbList\",\"@id\":\"https:\/\/wm.pb.edu.pl\/kapp\/o-katedrze\/#breadcrumb\",\"itemListElement\":[{\"@type\":\"ListItem\",\"position\":1,\"name\":\"Strona g\u0142\u00f3wna\",\"item\":\"https:\/\/wm.pb.edu.pl\/kapp\/\"},{\"@type\":\"ListItem\",\"position\":2,\"name\":\"O katedrze\"}]},{\"@type\":\"WebSite\",\"@id\":\"https:\/\/wm.pb.edu.pl\/kapp\/#website\",\"url\":\"https:\/\/wm.pb.edu.pl\/kapp\/\",\"name\":\"Katedra Automatyzacji Proces\u00f3w Przemys\u0142owych\",\"description\":\"\",\"potentialAction\":[{\"@type\":\"SearchAction\",\"target\":{\"@type\":\"EntryPoint\",\"urlTemplate\":\"https:\/\/wm.pb.edu.pl\/kapp\/?s={search_term_string}\"},\"query-input\":{\"@type\":\"PropertyValueSpecification\",\"valueRequired\":true,\"valueName\":\"search_term_string\"}}],\"inLanguage\":\"pl-PL\"}]}<\/script>\n<!-- \/ Yoast SEO plugin. -->","yoast_head_json":{"title":"O katedrze - Katedra Automatyzacji Proces\u00f3w Przemys\u0142owych","robots":{"index":"index","follow":"follow","max-snippet":"max-snippet:-1","max-image-preview":"max-image-preview:large","max-video-preview":"max-video-preview:-1"},"canonical":"https:\/\/wm.pb.edu.pl\/kapp\/o-katedrze\/","twitter_misc":{"Szacowany czas czytania":"2 minuty"},"schema":{"@context":"https:\/\/schema.org","@graph":[{"@type":"WebPage","@id":"https:\/\/wm.pb.edu.pl\/kapp\/o-katedrze\/","url":"https:\/\/wm.pb.edu.pl\/kapp\/o-katedrze\/","name":"O katedrze - Katedra Automatyzacji Proces\u00f3w Przemys\u0142owych","isPartOf":{"@id":"https:\/\/wm.pb.edu.pl\/kapp\/#website"},"datePublished":"2018-06-26T09:08:19+00:00","dateModified":"2024-02-08T09:56:02+00:00","breadcrumb":{"@id":"https:\/\/wm.pb.edu.pl\/kapp\/o-katedrze\/#breadcrumb"},"inLanguage":"pl-PL","potentialAction":[{"@type":"ReadAction","target":["https:\/\/wm.pb.edu.pl\/kapp\/o-katedrze\/"]}]},{"@type":"BreadcrumbList","@id":"https:\/\/wm.pb.edu.pl\/kapp\/o-katedrze\/#breadcrumb","itemListElement":[{"@type":"ListItem","position":1,"name":"Strona g\u0142\u00f3wna","item":"https:\/\/wm.pb.edu.pl\/kapp\/"},{"@type":"ListItem","position":2,"name":"O katedrze"}]},{"@type":"WebSite","@id":"https:\/\/wm.pb.edu.pl\/kapp\/#website","url":"https:\/\/wm.pb.edu.pl\/kapp\/","name":"Katedra Automatyzacji Proces\u00f3w Przemys\u0142owych","description":"","potentialAction":[{"@type":"SearchAction","target":{"@type":"EntryPoint","urlTemplate":"https:\/\/wm.pb.edu.pl\/kapp\/?s={search_term_string}"},"query-input":{"@type":"PropertyValueSpecification","valueRequired":true,"valueName":"search_term_string"}}],"inLanguage":"pl-PL"}]}},"_links":{"self":[{"href":"https:\/\/wm.pb.edu.pl\/kapp\/wp-json\/wp\/v2\/pages\/18","targetHints":{"allow":["GET"]}}],"collection":[{"href":"https:\/\/wm.pb.edu.pl\/kapp\/wp-json\/wp\/v2\/pages"}],"about":[{"href":"https:\/\/wm.pb.edu.pl\/kapp\/wp-json\/wp\/v2\/types\/page"}],"author":[{"embeddable":true,"href":"https:\/\/wm.pb.edu.pl\/kapp\/wp-json\/wp\/v2\/users\/4"}],"replies":[{"embeddable":true,"href":"https:\/\/wm.pb.edu.pl\/kapp\/wp-json\/wp\/v2\/comments?post=18"}],"version-history":[{"count":11,"href":"https:\/\/wm.pb.edu.pl\/kapp\/wp-json\/wp\/v2\/pages\/18\/revisions"}],"predecessor-version":[{"id":669,"href":"https:\/\/wm.pb.edu.pl\/kapp\/wp-json\/wp\/v2\/pages\/18\/revisions\/669"}],"wp:attachment":[{"href":"https:\/\/wm.pb.edu.pl\/kapp\/wp-json\/wp\/v2\/media?parent=18"}],"curies":[{"name":"wp","href":"https:\/\/api.w.org\/{rel}","templated":true}]}}