{"id":28,"date":"2018-06-26T11:15:45","date_gmt":"2018-06-26T09:15:45","guid":{"rendered":"https:\/\/wm.pb.edu.pl\/kair\/?page_id=28"},"modified":"2026-03-31T10:37:17","modified_gmt":"2026-03-31T08:37:17","slug":"pracownicy","status":"publish","type":"page","link":"https:\/\/wm.pb.edu.pl\/kapp\/pracownicy\/","title":{"rendered":"Pracownicy"},"content":{"rendered":"<h2>NAUKOWO-DYDAKTYCZNI:<\/h2>\n<table class=\"table table-bordered\" style=\"width: 100%;height: 412px\">\n<thead>\n<tr style=\"height: 38px\">\n<th style=\"width: 17.4174%;height: 38px\"><strong>Imi\u0119 i Nazwisko<\/strong><\/th>\n<th style=\"width: 19.8198%;height: 38px\">Stopie\u0144\/tytu\u0142 naukowy<\/th>\n<th style=\"width: 12.1121%;height: 38px\">Pok\u00f3j<\/th>\n<th style=\"width: 12.4124%;height: 38px\"><strong>Telefon<\/strong><\/th>\n<th style=\"width: 29.2292%;height: 38px\"><strong>e-mail<\/strong><\/th>\n<th style=\"width: 9.00901%;height: 38px\"><strong>Profil naukowy&nbsp;<\/strong><\/th>\n<\/tr>\n<\/thead>\n<tbody>\n<tr style=\"height: 36px\">\n<td style=\"width: 17.4174%;height: 36px\" width=\"614\">Ambroziak Leszek<\/td>\n<td style=\"width: 19.8198%;height: 36px\">dr in\u017c.<\/td>\n<td style=\"width: 12.1121%;height: 36px\">317<\/td>\n<td style=\"width: 12.4124%;height: 36px\">571-443-041&nbsp;&nbsp;&nbsp;<\/td>\n<td style=\"width: 29.2292%;height: 36px\">l.ambroziak[at]pb.edu.pl<\/td>\n<td style=\"width: 9.00901%;height: 36px\"><a title=\"Otworzy si\u0119 w nowej karcie\" href=\"https:\/\/bazawiedzy.pb.edu.pl\/info\/author\/BUT7437fe710bfa44199f29b913cf19a530\/Leszek%2BAmbroziak?aq=%40status%3Apracownik%2Cauthorprofile%2F%40possitionPL%3Aadiunkt%2C%40active%3D%27true%27%2C%40virt_affiliation%3ABUT6813a91e593d43aab6ee7228ca2c78a9&amp;r=author&amp;tab=&amp;lang=pl\" target=\"_blank\" rel=\"noopener noreferrer\">Baza wiedzy<\/a><\/td>\n<\/tr>\n<tr style=\"height: 38px\">\n<td style=\"width: 17.4174%;height: 38px\" width=\"20%\">Augustyniak Jakub<\/td>\n<td style=\"width: 19.8198%;height: 38px\" width=\"20%\">dr in\u017c.<\/td>\n<td style=\"width: 12.1121%;height: 38px\" width=\"20%\">312<\/td>\n<td style=\"width: 12.4124%;height: 38px\" width=\"20%\">503-737-627<\/td>\n<td style=\"width: 29.2292%;height: 38px\" width=\"20%\">j.augustyniak[at]pb.edu.pl<\/td>\n<td style=\"width: 9.00901%;height: 38px\"><a title=\"Otworzy si\u0119 w nowej karcie\" href=\"https:\/\/bazawiedzy.pb.edu.pl\/info.seam?id=BUT1da21121ef8b4cb9888c7253ad3dbcaa&amp;affil=&amp;lang=pl\" target=\"_blank\" rel=\"noopener noreferrer\">Baza wiedzy<\/a><\/td>\n<\/tr>\n<tr style=\"height: 36px\">\n<td style=\"width: 17.4174%;height: 36px\" width=\"614\"><a title=\"Zdj\u0119cie pracownika, Otworzy si\u0119 w nowej karcie\" href=\"https:\/\/wm.pb.edu.pl\/krim\/wp-content\/uploads\/sites\/4\/2020\/06\/B\u0142a\u017cej-Bartoszewicz.jpg\" target=\"_blank\" rel=\"noopener noreferrer\">Bartoszewicz B\u0142a\u017cej<\/a><\/td>\n<td style=\"width: 19.8198%;height: 36px\">mgr in\u017c.<\/td>\n<td style=\"width: 12.1121%;height: 36px\">311<\/td>\n<td style=\"width: 12.4124%;height: 36px\">508-362-087<\/td>\n<td style=\"width: 29.2292%;height: 36px\">b.bartoszewicz[at]doktoranci.pb.edu.pl<\/td>\n<td style=\"width: 9.00901%;height: 36px\"><a title=\"Otworzy si\u0119 w nowej karcie\" href=\"https:\/\/bazawiedzy.pb.edu.pl\/info\/author\/BUTbf6d20d89be647a38147076a6cb31936\/B%25C5%2582a%25C5%25BCej%2BBartoszewicz?aq=%40status%3Apracownik%2Cauthorprofile%2F%40possitionPL%21%3Aadiunkt%2Cauthorprofile%2F%40possitionPL%21%3Aprofesor%2C%40active%3D%27true%27%2C%40virt_affiliation%3ABUT6813a91e593d43aab6ee7228ca2c78a9&amp;r=author&amp;tab=&amp;lang=pl\" target=\"_blank\" rel=\"noopener noreferrer\">Baza wiedzy<\/a><\/td>\n<\/tr>\n<tr style=\"height: 36px\">\n<td style=\"width: 17.4174%;height: 36px\" width=\"614\">Bogdan Mariusz<\/td>\n<td style=\"width: 19.8198%;height: 36px\">dr in\u017c.<\/td>\n<td style=\"width: 12.1121%;height: 36px\">306<\/td>\n<td style=\"width: 12.4124%;height: 36px\">571-443-043&nbsp;&nbsp;&nbsp;<\/td>\n<td style=\"width: 29.2292%;height: 36px\">m.bogdan[at]pb.edu.pl<\/td>\n<td style=\"width: 9.00901%;height: 36px\"><a title=\"Otworzy si\u0119 w nowej karcie\" href=\"https:\/\/bazawiedzy.pb.edu.pl\/info\/author\/BUT651b5283ed0940a987c0d0753ed1209b\/Mariusz%2BBogdan?aq=%40status%3Apracownik%2Cauthorprofile%2F%40possitionPL%3Aadiunkt%2C%40active%3D%27true%27%2C%40virt_affiliation%3ABUT6813a91e593d43aab6ee7228ca2c78a9&amp;r=author&amp;tab=&amp;lang=pl\" target=\"_blank\" rel=\"noopener noreferrer\">Baza wiedzy<\/a><\/td>\n<\/tr>\n<tr style=\"height: 38px\">\n<td style=\"width: 17.4174%;height: 38px\" width=\"20%\">O\u0142dziej Daniel<\/td>\n<td style=\"width: 19.8198%;height: 38px\" width=\"20%\">mgr in\u017c.<\/td>\n<td style=\"width: 12.1121%;height: 38px\" width=\"20%\">313<\/td>\n<td style=\"width: 12.4124%;height: 38px\" width=\"20%\">571-443-059<\/td>\n<td style=\"width: 29.2292%;height: 38px\" width=\"20%\">d.oldziej[at]pb.edu.pl<\/td>\n<td style=\"width: 9.00901%;height: 38px\"><a title=\"Otworzy si\u0119 w nowej karcie\" href=\"https:\/\/bazawiedzy.pb.edu.pl\/info.seam?id=BUTbc64a79411384986a3993c2509b07d9e&amp;affil=&amp;lang=pl\" target=\"_blank\" rel=\"noopener noreferrer\">Baza wiedzy<\/a><\/td>\n<\/tr>\n<tr style=\"height: 36px\">\n<td style=\"width: 17.4174%;height: 36px\" width=\"614\">Kondratiuk Miros\u0142aw<\/td>\n<td style=\"width: 19.8198%;height: 36px\">dr in\u017c.<\/td>\n<td style=\"width: 12.1121%;height: 36px\">317<\/td>\n<td style=\"width: 12.4124%;height: 36px\">571-443-051&nbsp;&nbsp;&nbsp;<\/td>\n<td style=\"width: 29.2292%;height: 36px\">m.kondratiuk[at]pb.edu.pl<\/td>\n<td style=\"width: 9.00901%;height: 36px\"><a title=\"Otworzy si\u0119 w nowej karcie\" href=\"https:\/\/bazawiedzy.pb.edu.pl\/info\/author\/BUTc95e4fb235ab47388ca76d0fd750b588\/Miros%25C5%2582aw%2BKondratiuk?aq=%40status%3Apracownik%2Cauthorprofile%2F%40possitionPL%3Aadiunkt%2C%40active%3D%27true%27%2C%40virt_affiliation%3ABUT6813a91e593d43aab6ee7228ca2c78a9&amp;r=author&amp;tab=&amp;lang=pl\" target=\"_blank\" rel=\"noopener noreferrer\">Baza wiedzy<\/a><\/td>\n<\/tr>\n<tr style=\"height: 36px\">\n<td style=\"width: 17.4174%;height: 10px\" width=\"614\">Koszewnik Andrzej Piotr<\/td>\n<td style=\"width: 19.8198%;height: 10px\">dr hab. in\u017c.<\/td>\n<td style=\"width: 12.1121%;height: 10px\">312<\/td>\n<td style=\"width: 12.4124%;height: 10px\">571-443-052<\/td>\n<td style=\"width: 29.2292%;height: 10px\">a.koszewnik[at]pb.edu.pl<\/td>\n<td style=\"width: 9.00901%;height: 10px\"><a title=\"Otworzy si\u0119 w nowej karcie\" href=\"https:\/\/bazawiedzy.pb.edu.pl\/info\/author\/BUT6c8226bbb7894d0cbfae88dff7df9f01\/Andrzej%2BKoszewnik?aq=%40status%3Apracownik%2Cauthorprofile%2F%40possitionPL%3Aadiunkt%2C%40active%3D%27true%27%2C%40virt_affiliation%3ABUT6813a91e593d43aab6ee7228ca2c78a9&amp;r=author&amp;tab=&amp;lang=pl\" target=\"_blank\" rel=\"noopener noreferrer\">Baza wiedzy<\/a>&nbsp;<\/td>\n<\/tr>\n<tr style=\"height: 36px\">\n<td style=\"width: 17.4174%;height: 36px\" width=\"614\">Kownacki Cezary<\/td>\n<td style=\"width: 19.8198%;height: 36px\">dr hab. in\u017c.<\/td>\n<td style=\"width: 12.1121%;height: 36px\">306<\/td>\n<td style=\"width: 12.4124%;height: 36px\">571-443-054<\/td>\n<td style=\"width: 29.2292%;height: 36px\">c.kownacki[at]pb.edu.pl<\/td>\n<td style=\"width: 9.00901%;height: 36px\"><a title=\"Otworzy si\u0119 w nowej karcie\" href=\"https:\/\/bazawiedzy.pb.edu.pl\/info\/author\/BUT551d879c1a9b4464b58f96c22f8f3b2a\/Cezary%2BKownacki?aq=%40status%3Apracownik%2Cauthorprofile%2F%40possitionPL%3Aadiunkt%2C%40active%3D%27true%27%2C%40virt_affiliation%3ABUT6813a91e593d43aab6ee7228ca2c78a9&amp;r=author&amp;tab=&amp;lang=pl\" target=\"_blank\" rel=\"noopener noreferrer\">Baza wiedzy<\/a><\/td>\n<\/tr>\n<tr style=\"height: 36px\">\n<td style=\"width: 17.4174%;height: 36px\" width=\"614\"><a title=\"Zdj\u0119cie pracownika, Otworzy si\u0119 w nowej karcie\" href=\"https:\/\/wm.pb.edu.pl\/krim\/wp-content\/uploads\/sites\/4\/2020\/06\/Ostapkowicz_foto.jpg\" target=\"_blank\" rel=\"noopener noreferrer\">Ostapkowicz Pawe\u0142 Dariusz<\/a><\/td>\n<td style=\"width: 19.8198%;height: 36px\">dr in\u017c.<\/td>\n<td style=\"width: 12.1121%;height: 36px\">319<\/td>\n<td style=\"width: 12.4124%;height: 36px\">571-443-060&nbsp;&nbsp;&nbsp;<\/td>\n<td style=\"width: 29.2292%;height: 36px\">p.ostapkowicz[at]pb.edu.pl<\/td>\n<td style=\"width: 9.00901%;height: 36px\"><a title=\"Otworzy si\u0119 w nowej karcie\" href=\"https:\/\/bazawiedzy.pb.edu.pl\/info\/author\/BUT20e5859eec1849d18e7779843c90520e\/Pawe%25C5%2582%2BDariusz%2BOstapkowicz?aq=%40status%3Apracownik%2Cauthorprofile%2F%40possitionPL%3Aadiunkt%2C%40active%3D%27true%27%2C%40virt_affiliation%3ABUT6813a91e593d43aab6ee7228ca2c78a9&amp;r=author&amp;tab=&amp;lang=pl\" target=\"_blank\" rel=\"noopener noreferrer\">Baza wiedzy<\/a><\/td>\n<\/tr>\n<tr style=\"height: 36px\">\n<td style=\"width: 17.4174%;height: 36px;text-align: left\" width=\"614\"><a title=\"Zdj\u0119cie pracownika, Otworzy si\u0119 w nowej karcie\" href=\"https:\/\/wm.pb.edu.pl\/krim\/wp-content\/uploads\/sites\/4\/2020\/06\/zdj\u0119cieEPaw\u0142uszewicz-scaled.jpg\" target=\"_blank\" rel=\"noopener noreferrer\"><strong>Paw\u0142uszewicz Ewa<\/strong><\/a><\/td>\n<td style=\"width: 19.8198%;height: 36px;text-align: left\" width=\"152\"><strong>prof. dr hab.<\/strong><\/td>\n<td style=\"width: 12.1121%;height: 36px;text-align: left\" width=\"60\"><strong>315<\/strong><\/td>\n<td style=\"width: 12.4124%;height: 36px;text-align: left\" width=\"80\"><strong>571-443-063<\/strong><\/td>\n<td style=\"width: 29.2292%;height: 36px;text-align: left\" width=\"193\"><strong>e.pawluszewicz[at]pb.edu.pl<\/strong><\/td>\n<td style=\"width: 9.00901%;height: 36px;text-align: left\"><a title=\"Otworzy si\u0119 w nowej karcie\" href=\"https:\/\/bazawiedzy.pb.edu.pl\/info\/author\/BUT44f4c87e8a414708a7e076b3ed5f6f32\/Ewa%2BPaw%25C5%2582uszewicz?tab=main&amp;conversationPropagation=join&amp;sort=&amp;lang=pl&amp;cid=646191\" target=\"_blank\" rel=\"noopener noreferrer\">Baza wiedzy<\/a><\/td>\n<\/tr>\n<\/tbody>\n<\/table>\n<h3>PRACOWNICY DYDAKTYCZNI:<\/h3>\n<table class=\"table table-bordered\" style=\"width: 99.5975%;height: 79px\">\n<thead>\n<tr style=\"height: 37px\">\n<th style=\"width: 17.3869%;height: 37px\"><strong>Nazwisko i Imi\u0119<\/strong><\/th>\n<th style=\"width: 19.799%;height: 37px\">Stopie\u0144\/tytu\u0142 naukowy<\/th>\n<th style=\"width: 12.0603%;height: 37px\">Pok\u00f3j<\/th>\n<th style=\"width: 12.3618%;height: 37px\"><strong>Telefon<\/strong><\/th>\n<th style=\"width: 29.2462%;height: 37px\"><strong>e-mail<\/strong><\/th>\n<th style=\"width: 9.04523%;height: 37px\"><strong>Profil naukowy&nbsp;<\/strong><\/th>\n<\/tr>\n<\/thead>\n<tbody>\n<tr style=\"height: 36px\">\n<td style=\"width: 17.3869%;height: 36px\" width=\"614\">Hu\u015bcio Tomasz<\/td>\n<td style=\"width: 19.799%;height: 36px\">dr in\u017c.<\/td>\n<td style=\"width: 12.0603%;height: 36px\">312<\/td>\n<td style=\"width: 12.3618%;height: 36px\">571-443-047&nbsp;&nbsp;&nbsp;<\/td>\n<td style=\"width: 29.2462%;height: 36px\">t.huscio[at]pb.edu.pl<\/td>\n<td style=\"width: 9.04523%;height: 36px\"><a title=\"Otworzy si\u0119 w nowej karcie\" href=\"https:\/\/bazawiedzy.pb.edu.pl\/info\/author\/BUT3fd25db1040444f8a1dbbf9d12cc42ed\/Tomasz%2BHu%25C5%259Bcio?aq=%40status%3Apracownik%2Cauthorprofile%2F%40possitionPL%3Aadiunkt%2C%40active%3D%27true%27%2C%40virt_affiliation%3ABUT6813a91e593d43aab6ee7228ca2c78a9&amp;r=author&amp;tab=&amp;lang=pl\" target=\"_blank\" rel=\"noopener noreferrer\">Baza wiedzy<\/a><\/td>\n<\/tr>\n<\/tbody>\n<\/table>\n<h3>PRACOWNICY TECHNICZNI:<\/h3>\n<table class=\"table table-bordered\" style=\"width: 100%\">\n<thead>\n<tr>\n<th style=\"width: 16.5165%\"><strong>Nazwisko i Imi\u0119<\/strong><\/th>\n<th style=\"width: 20.1201%\">Stopie\u0144\/tytu\u0142 naukowy<\/th>\n<th style=\"width: 13.8138%\">Pok\u00f3j<\/th>\n<th style=\"width: 11.3113%\"><strong>Telefon<\/strong><\/th>\n<th style=\"width: 25.025%\"><strong>e-mail<\/strong><\/th>\n<th style=\"width: 13.013%\"><strong>Profil naukowy&nbsp;<\/strong><\/th>\n<\/tr>\n<\/thead>\n<tbody>\n<tr style=\"height: 36px\">\n<td style=\"width: 16.5165%;height: 36px\">Leoniuk Marek&nbsp;<\/td>\n<td style=\"width: 20.1201%;height: 36px\">mgr in\u017c.<\/td>\n<td style=\"width: 13.8138%;height: 36px\">&nbsp;<\/td>\n<td style=\"width: 11.3113%;height: 36px\">514 989 268<\/td>\n<td style=\"width: 25.025%;height: 36px\">m.leoniuk[at]pb.edu.pl<\/td>\n<td style=\"width: 13.013%\">&nbsp;<\/td>\n<\/tr>\n<\/tbody>\n<\/table>\n<h3>Doktoranci i uczestnicy szko\u0142y doktorskiej<\/h3>\n<table class=\"table table-bordered\" style=\"width: 99.7209%;height: 190px\">\n<thead>\n<tr style=\"height: 38px\">\n<th style=\"width: 43.3084%;height: 38px\"><strong>Nazwisko i Imi\u0119<\/strong><\/th>\n<th style=\"width: 56.6085%;height: 38px\"><strong>e-mail<\/strong><\/th>\n<\/tr>\n<\/thead>\n<tbody>\n<tr style=\"height: 38px\">\n<td style=\"width: 43.3084%;height: 38px\" width=\"42%\">Le\u015bniewski Kacper<\/td>\n<td style=\"width: 56.6085%;height: 38px\" width=\"57%\">k.lesniewsk[at]sd.pb.edu.pl<\/td>\n<\/tr>\n<tr style=\"height: 38px\">\n<td style=\"width: 43.3084%;height: 38px\" width=\"42%\">Marcin \u017bukowski<\/td>\n<td style=\"width: 56.6085%;height: 38px\" width=\"57%\">marcin.zukowski[at]sd.pb.edu.pl<\/td>\n<\/tr>\n<\/tbody>\n<\/table>\n<p>&nbsp;<\/p>\n","protected":false},"excerpt":{"rendered":"<p>NAUKOWO-DYDAKTYCZNI: Imi\u0119 i Nazwisko Stopie\u0144\/tytu\u0142 naukowy Pok\u00f3j Telefon e-mail Profil naukowy&nbsp; Ambroziak Leszek dr in\u017c.<a class=\"read-more\" href=\"https:\/\/wm.pb.edu.pl\/kapp\/pracownicy\/\" title=\"Poka\u017c artyku\u0142 Pracownicy\">wi\u0119cej<\/a><\/p>\n","protected":false},"author":4,"featured_media":0,"parent":0,"menu_order":4,"comment_status":"closed","ping_status":"closed","template":"","meta":{"inline_featured_image":false,"ngg_post_thumbnail":0,"footnotes":""},"class_list":["post-28","page","type-page","status-publish","hentry"],"acf":[],"yoast_head":"<!-- This site is optimized with the Yoast SEO plugin v26.4 - https:\/\/yoast.com\/wordpress\/plugins\/seo\/ -->\n<title>Pracownicy - Katedra Automatyzacji Proces\u00f3w Przemys\u0142owych<\/title>\n<meta name=\"robots\" content=\"index, follow, max-snippet:-1, max-image-preview:large, max-video-preview:-1\" \/>\n<link rel=\"canonical\" href=\"https:\/\/wm.pb.edu.pl\/kapp\/pracownicy\/\" \/>\n<meta name=\"twitter:label1\" content=\"Szacowany czas czytania\" \/>\n\t<meta name=\"twitter:data1\" content=\"1 minuta\" \/>\n<script type=\"application\/ld+json\" class=\"yoast-schema-graph\">{\"@context\":\"https:\/\/schema.org\",\"@graph\":[{\"@type\":\"WebPage\",\"@id\":\"https:\/\/wm.pb.edu.pl\/kapp\/pracownicy\/\",\"url\":\"https:\/\/wm.pb.edu.pl\/kapp\/pracownicy\/\",\"name\":\"Pracownicy - Katedra Automatyzacji Proces\u00f3w Przemys\u0142owych\",\"isPartOf\":{\"@id\":\"https:\/\/wm.pb.edu.pl\/kapp\/#website\"},\"datePublished\":\"2018-06-26T09:15:45+00:00\",\"dateModified\":\"2026-03-31T08:37:17+00:00\",\"breadcrumb\":{\"@id\":\"https:\/\/wm.pb.edu.pl\/kapp\/pracownicy\/#breadcrumb\"},\"inLanguage\":\"pl-PL\",\"potentialAction\":[{\"@type\":\"ReadAction\",\"target\":[\"https:\/\/wm.pb.edu.pl\/kapp\/pracownicy\/\"]}]},{\"@type\":\"BreadcrumbList\",\"@id\":\"https:\/\/wm.pb.edu.pl\/kapp\/pracownicy\/#breadcrumb\",\"itemListElement\":[{\"@type\":\"ListItem\",\"position\":1,\"name\":\"Strona g\u0142\u00f3wna\",\"item\":\"https:\/\/wm.pb.edu.pl\/kapp\/\"},{\"@type\":\"ListItem\",\"position\":2,\"name\":\"Pracownicy\"}]},{\"@type\":\"WebSite\",\"@id\":\"https:\/\/wm.pb.edu.pl\/kapp\/#website\",\"url\":\"https:\/\/wm.pb.edu.pl\/kapp\/\",\"name\":\"Katedra Automatyzacji Proces\u00f3w Przemys\u0142owych\",\"description\":\"\",\"potentialAction\":[{\"@type\":\"SearchAction\",\"target\":{\"@type\":\"EntryPoint\",\"urlTemplate\":\"https:\/\/wm.pb.edu.pl\/kapp\/?s={search_term_string}\"},\"query-input\":{\"@type\":\"PropertyValueSpecification\",\"valueRequired\":true,\"valueName\":\"search_term_string\"}}],\"inLanguage\":\"pl-PL\"}]}<\/script>\n<!-- \/ Yoast SEO plugin. -->","yoast_head_json":{"title":"Pracownicy - Katedra Automatyzacji Proces\u00f3w Przemys\u0142owych","robots":{"index":"index","follow":"follow","max-snippet":"max-snippet:-1","max-image-preview":"max-image-preview:large","max-video-preview":"max-video-preview:-1"},"canonical":"https:\/\/wm.pb.edu.pl\/kapp\/pracownicy\/","twitter_misc":{"Szacowany czas czytania":"1 minuta"},"schema":{"@context":"https:\/\/schema.org","@graph":[{"@type":"WebPage","@id":"https:\/\/wm.pb.edu.pl\/kapp\/pracownicy\/","url":"https:\/\/wm.pb.edu.pl\/kapp\/pracownicy\/","name":"Pracownicy - Katedra Automatyzacji Proces\u00f3w Przemys\u0142owych","isPartOf":{"@id":"https:\/\/wm.pb.edu.pl\/kapp\/#website"},"datePublished":"2018-06-26T09:15:45+00:00","dateModified":"2026-03-31T08:37:17+00:00","breadcrumb":{"@id":"https:\/\/wm.pb.edu.pl\/kapp\/pracownicy\/#breadcrumb"},"inLanguage":"pl-PL","potentialAction":[{"@type":"ReadAction","target":["https:\/\/wm.pb.edu.pl\/kapp\/pracownicy\/"]}]},{"@type":"BreadcrumbList","@id":"https:\/\/wm.pb.edu.pl\/kapp\/pracownicy\/#breadcrumb","itemListElement":[{"@type":"ListItem","position":1,"name":"Strona g\u0142\u00f3wna","item":"https:\/\/wm.pb.edu.pl\/kapp\/"},{"@type":"ListItem","position":2,"name":"Pracownicy"}]},{"@type":"WebSite","@id":"https:\/\/wm.pb.edu.pl\/kapp\/#website","url":"https:\/\/wm.pb.edu.pl\/kapp\/","name":"Katedra Automatyzacji Proces\u00f3w Przemys\u0142owych","description":"","potentialAction":[{"@type":"SearchAction","target":{"@type":"EntryPoint","urlTemplate":"https:\/\/wm.pb.edu.pl\/kapp\/?s={search_term_string}"},"query-input":{"@type":"PropertyValueSpecification","valueRequired":true,"valueName":"search_term_string"}}],"inLanguage":"pl-PL"}]}},"_links":{"self":[{"href":"https:\/\/wm.pb.edu.pl\/kapp\/wp-json\/wp\/v2\/pages\/28","targetHints":{"allow":["GET"]}}],"collection":[{"href":"https:\/\/wm.pb.edu.pl\/kapp\/wp-json\/wp\/v2\/pages"}],"about":[{"href":"https:\/\/wm.pb.edu.pl\/kapp\/wp-json\/wp\/v2\/types\/page"}],"author":[{"embeddable":true,"href":"https:\/\/wm.pb.edu.pl\/kapp\/wp-json\/wp\/v2\/users\/4"}],"replies":[{"embeddable":true,"href":"https:\/\/wm.pb.edu.pl\/kapp\/wp-json\/wp\/v2\/comments?post=28"}],"version-history":[{"count":90,"href":"https:\/\/wm.pb.edu.pl\/kapp\/wp-json\/wp\/v2\/pages\/28\/revisions"}],"predecessor-version":[{"id":724,"href":"https:\/\/wm.pb.edu.pl\/kapp\/wp-json\/wp\/v2\/pages\/28\/revisions\/724"}],"wp:attachment":[{"href":"https:\/\/wm.pb.edu.pl\/kapp\/wp-json\/wp\/v2\/media?parent=28"}],"curies":[{"name":"wp","href":"https:\/\/api.w.org\/{rel}","templated":true}]}}