{"id":31,"date":"2018-06-26T11:18:15","date_gmt":"2018-06-26T09:18:15","guid":{"rendered":"https:\/\/wm.pb.edu.pl\/kair\/?page_id=31"},"modified":"2024-05-14T11:01:37","modified_gmt":"2024-05-14T09:01:37","slug":"laboratoria","status":"publish","type":"page","link":"https:\/\/wm.pb.edu.pl\/kapp\/laboratoria\/","title":{"rendered":"Laboratoria"},"content":{"rendered":"<h2><strong>&nbsp;LABORATORIA KATEDRY AUTOMATYZACJI PROCES\u00d3W PRZEMYS\u0141OWYCH<\/strong><\/h2>\n<table class=\"table table-bordered\" style=\"width: 100.364%;height: 1767px\">\n<thead>\n<tr style=\"height: 39px\">\n<th style=\"width: 17.0413%;height: 39px\">Nazwa laboratorium<\/th>\n<th style=\"width: 5.72879%;height: 39px\">N-D<\/th>\n<th style=\"width: 8.69155%;height: 39px\">Sala<\/th>\n<th style=\"width: 23.1431%;height: 39px\">Nazwa pracowni<\/th>\n<th style=\"width: 28.5714%;height: 39px\">Wyposa\u017cenie (podstawowe)<\/th>\n<th style=\"width: 8.3756%;height: 39px\">Osoba odpowiedzialna<\/th>\n<\/tr>\n<\/thead>\n<tbody>\n<tr style=\"height: 36px\">\n<td style=\"width: 17.0413%;height: 1728px\" rowspan=\"4\" width=\"114\"><strong>Laboratorium podstaw automatyki&nbsp;<\/strong><\/p>\n<p><strong>&nbsp;<\/strong><\/p>\n<p><strong>Laboratory of Automatic Control<\/strong><\/td>\n<td style=\"width: 5.72879%;height: 190px\" width=\"40\">n<\/td>\n<td style=\"width: 8.69155%;height: 190px\" width=\"67\">404<\/td>\n<td style=\"width: 23.1431%;height: 190px\" width=\"272\"><strong>Pracownia podstaw automatyki<\/strong><\/p>\n<p>Laboratory of Automatic Control<\/p>\n<p><strong>(w trakcie przygotowania)<\/strong><\/td>\n<td style=\"width: 28.5714%;height: 190px\" width=\"284\">planowane wyposa\u017cenie:<\/p>\n<div>1. Stanowisko do kontroli przep\u0142ywu<\/div>\n<div>2. Stanowisko do kontroli poziomu<\/div>\n<div>3. Stanowisko do kontroli temperatury&nbsp;<\/div>\n<div>4. Stanowisko do badania czujnika ci\u015bnienia Festo&nbsp;<\/div>\n<div>5. Stanowisko do bada\u0144 element\u00f3w i uk\u0142ad\u00f3w regulacji RYC<\/div>\n<\/td>\n<td style=\"width: 8.3756%;height: 190px\" width=\"134\">J. Augustyniak<\/td>\n<\/tr>\n<tr style=\"height: 36px\">\n<td style=\"width: 5.72879%;height: 160px\" width=\"40\">n-d<\/td>\n<td style=\"width: 8.69155%;height: 160px\" width=\"67\">405<\/td>\n<td style=\"width: 23.1431%;height: 160px\" width=\"272\"><strong>Pracownia przemys\u0142owych uk\u0142ad\u00f3w sterowania<\/strong><\/p>\n<p>Industrial Control Systems Laboratory<\/td>\n<td style=\"width: 28.5714%;height: 160px\" width=\"284\">-Festo pneumatics<\/p>\n<p>&#8211; modu\u0142owa linia przemys\u0142owa Festo MPS-500,<\/p>\n<p>&#8211; FESTO MPS PA Compact&nbsp; Workstation<\/p>\n<p>&#8211; stanowisko regulacji ci\u0105g\u0142ej<\/td>\n<td style=\"width: 8.3756%;height: 160px\" width=\"134\">A. Koszewnik<\/td>\n<\/tr>\n<tr style=\"height: 38px\">\n<td style=\"width: 5.72879%;height: 180px\" width=\"40\">n-d<\/td>\n<td style=\"width: 8.69155%;height: 180px\" width=\"67\">407<\/td>\n<td style=\"width: 23.1431%;height: 180px\" width=\"272\"><strong>Pracownia sieci przemys\u0142owych<\/strong><\/p>\n<p>Industrial Networks Laboratory<\/td>\n<td style=\"width: 28.5714%;height: 180px\" width=\"284\">&#8211; zestaw sterownik\u00f3w PLC Simatic S7-300<\/p>\n<p>&#8211; switche przemys\u0142owe, modu\u0142y ET200s<\/p>\n<p>&#8211; zestaw sterownik\u00f3w PLC Simatic S7-200 z modu\u0142ami ProfiBus z symulatorami,<\/p>\n<p>&#8211; zestaw sterownik\u00f3w PLC Simatic S7-1200 z modu\u0142ami ProfiBus z symulatorami<\/td>\n<td style=\"width: 8.3756%;height: 180px\" width=\"134\">B. Bartoszewicz<\/p>\n<p>M. Bogdan<\/p>\n<p>&nbsp;<\/td>\n<\/tr>\n<tr style=\"height: 36px\">\n<td style=\"width: 5.72879%;height: 140px\" width=\"40\">n<\/td>\n<td style=\"width: 8.69155%;height: 140px\" width=\"67\">057<\/td>\n<td style=\"width: 23.1431%;height: 140px\" width=\"272\"><strong>Pracownia system\u00f3w autonomicznych<\/strong><\/p>\n<p>Autonomous Systems Laboratory<\/td>\n<td style=\"width: 28.5714%;height: 140px\" width=\"284\">&#8211; System Optitrack, \u015amig\u0142owce czterowirnikowe AR Drone,&nbsp; Aerodrone, Stanowisko do badania stan\u00f3w awaryjnych&nbsp; \u015bmig\u0142owc\u00f3w wielowirnikowych,<\/td>\n<td style=\"width: 8.3756%;height: 140px\" width=\"134\">M. Kondratiuk<\/p>\n<p>L. Ambroziak<\/td>\n<\/tr>\n<tr>\n<td style=\"width: 17.0413%\"><strong>&nbsp;<\/strong><\/td>\n<td style=\"width: 5.72879%;height: 117px\" width=\"40\">d<\/td>\n<td style=\"width: 8.69155%;height: 117px\" width=\"67\">608<\/td>\n<td style=\"width: 23.1431%;height: 117px\" width=\"272\"><strong>Pracownia nap\u0119d\u00f3w elektrycznych<\/strong><\/p>\n<p>Electrical Drives Laboratory<\/td>\n<td style=\"width: 28.5714%;height: 117px\" width=\"284\">-Stanowisko do \u0107wicze\u0144 z hamowni\u0105, komputerem z oprogr. DriveLab i FluidSim,<\/p>\n<p>-Stanowisko do \u0107wicze\u0144 z silnikiem krokowym z modu\u0142em obrotowym i serwonap\u0119dem<\/td>\n<td style=\"width: 8.3756%;height: 117px\" width=\"134\">M. Kondratiuk<\/td>\n<\/tr>\n<\/tbody>\n<\/table>\n","protected":false},"excerpt":{"rendered":"<p>&nbsp;LABORATORIA KATEDRY AUTOMATYZACJI PROCES\u00d3W PRZEMYS\u0141OWYCH Nazwa laboratorium N-D Sala Nazwa pracowni Wyposa\u017cenie (podstawowe) Osoba odpowiedzialna<a class=\"read-more\" href=\"https:\/\/wm.pb.edu.pl\/kapp\/laboratoria\/\" title=\"Poka\u017c artyku\u0142 Laboratoria\">wi\u0119cej<\/a><\/p>\n","protected":false},"author":4,"featured_media":0,"parent":0,"menu_order":5,"comment_status":"closed","ping_status":"closed","template":"","meta":{"inline_featured_image":false,"ngg_post_thumbnail":0,"footnotes":""},"class_list":["post-31","page","type-page","status-publish","hentry"],"acf":[],"yoast_head":"<!-- This site is optimized with the Yoast SEO plugin v26.4 - https:\/\/yoast.com\/wordpress\/plugins\/seo\/ -->\n<title>Laboratoria - Katedra Automatyzacji Proces\u00f3w Przemys\u0142owych<\/title>\n<meta name=\"robots\" content=\"index, follow, max-snippet:-1, max-image-preview:large, max-video-preview:-1\" \/>\n<link rel=\"canonical\" href=\"https:\/\/wm.pb.edu.pl\/kapp\/laboratoria\/\" \/>\n<meta name=\"twitter:label1\" content=\"Szacowany czas czytania\" \/>\n\t<meta name=\"twitter:data1\" content=\"2 minuty\" \/>\n<script type=\"application\/ld+json\" class=\"yoast-schema-graph\">{\"@context\":\"https:\/\/schema.org\",\"@graph\":[{\"@type\":\"WebPage\",\"@id\":\"https:\/\/wm.pb.edu.pl\/kapp\/laboratoria\/\",\"url\":\"https:\/\/wm.pb.edu.pl\/kapp\/laboratoria\/\",\"name\":\"Laboratoria - Katedra Automatyzacji Proces\u00f3w Przemys\u0142owych\",\"isPartOf\":{\"@id\":\"https:\/\/wm.pb.edu.pl\/kapp\/#website\"},\"datePublished\":\"2018-06-26T09:18:15+00:00\",\"dateModified\":\"2024-05-14T09:01:37+00:00\",\"breadcrumb\":{\"@id\":\"https:\/\/wm.pb.edu.pl\/kapp\/laboratoria\/#breadcrumb\"},\"inLanguage\":\"pl-PL\",\"potentialAction\":[{\"@type\":\"ReadAction\",\"target\":[\"https:\/\/wm.pb.edu.pl\/kapp\/laboratoria\/\"]}]},{\"@type\":\"BreadcrumbList\",\"@id\":\"https:\/\/wm.pb.edu.pl\/kapp\/laboratoria\/#breadcrumb\",\"itemListElement\":[{\"@type\":\"ListItem\",\"position\":1,\"name\":\"Strona g\u0142\u00f3wna\",\"item\":\"https:\/\/wm.pb.edu.pl\/kapp\/\"},{\"@type\":\"ListItem\",\"position\":2,\"name\":\"Laboratoria\"}]},{\"@type\":\"WebSite\",\"@id\":\"https:\/\/wm.pb.edu.pl\/kapp\/#website\",\"url\":\"https:\/\/wm.pb.edu.pl\/kapp\/\",\"name\":\"Katedra Automatyzacji Proces\u00f3w Przemys\u0142owych\",\"description\":\"\",\"potentialAction\":[{\"@type\":\"SearchAction\",\"target\":{\"@type\":\"EntryPoint\",\"urlTemplate\":\"https:\/\/wm.pb.edu.pl\/kapp\/?s={search_term_string}\"},\"query-input\":{\"@type\":\"PropertyValueSpecification\",\"valueRequired\":true,\"valueName\":\"search_term_string\"}}],\"inLanguage\":\"pl-PL\"}]}<\/script>\n<!-- \/ Yoast SEO plugin. -->","yoast_head_json":{"title":"Laboratoria - Katedra Automatyzacji Proces\u00f3w Przemys\u0142owych","robots":{"index":"index","follow":"follow","max-snippet":"max-snippet:-1","max-image-preview":"max-image-preview:large","max-video-preview":"max-video-preview:-1"},"canonical":"https:\/\/wm.pb.edu.pl\/kapp\/laboratoria\/","twitter_misc":{"Szacowany czas czytania":"2 minuty"},"schema":{"@context":"https:\/\/schema.org","@graph":[{"@type":"WebPage","@id":"https:\/\/wm.pb.edu.pl\/kapp\/laboratoria\/","url":"https:\/\/wm.pb.edu.pl\/kapp\/laboratoria\/","name":"Laboratoria - Katedra Automatyzacji Proces\u00f3w Przemys\u0142owych","isPartOf":{"@id":"https:\/\/wm.pb.edu.pl\/kapp\/#website"},"datePublished":"2018-06-26T09:18:15+00:00","dateModified":"2024-05-14T09:01:37+00:00","breadcrumb":{"@id":"https:\/\/wm.pb.edu.pl\/kapp\/laboratoria\/#breadcrumb"},"inLanguage":"pl-PL","potentialAction":[{"@type":"ReadAction","target":["https:\/\/wm.pb.edu.pl\/kapp\/laboratoria\/"]}]},{"@type":"BreadcrumbList","@id":"https:\/\/wm.pb.edu.pl\/kapp\/laboratoria\/#breadcrumb","itemListElement":[{"@type":"ListItem","position":1,"name":"Strona g\u0142\u00f3wna","item":"https:\/\/wm.pb.edu.pl\/kapp\/"},{"@type":"ListItem","position":2,"name":"Laboratoria"}]},{"@type":"WebSite","@id":"https:\/\/wm.pb.edu.pl\/kapp\/#website","url":"https:\/\/wm.pb.edu.pl\/kapp\/","name":"Katedra Automatyzacji Proces\u00f3w Przemys\u0142owych","description":"","potentialAction":[{"@type":"SearchAction","target":{"@type":"EntryPoint","urlTemplate":"https:\/\/wm.pb.edu.pl\/kapp\/?s={search_term_string}"},"query-input":{"@type":"PropertyValueSpecification","valueRequired":true,"valueName":"search_term_string"}}],"inLanguage":"pl-PL"}]}},"_links":{"self":[{"href":"https:\/\/wm.pb.edu.pl\/kapp\/wp-json\/wp\/v2\/pages\/31","targetHints":{"allow":["GET"]}}],"collection":[{"href":"https:\/\/wm.pb.edu.pl\/kapp\/wp-json\/wp\/v2\/pages"}],"about":[{"href":"https:\/\/wm.pb.edu.pl\/kapp\/wp-json\/wp\/v2\/types\/page"}],"author":[{"embeddable":true,"href":"https:\/\/wm.pb.edu.pl\/kapp\/wp-json\/wp\/v2\/users\/4"}],"replies":[{"embeddable":true,"href":"https:\/\/wm.pb.edu.pl\/kapp\/wp-json\/wp\/v2\/comments?post=31"}],"version-history":[{"count":18,"href":"https:\/\/wm.pb.edu.pl\/kapp\/wp-json\/wp\/v2\/pages\/31\/revisions"}],"predecessor-version":[{"id":707,"href":"https:\/\/wm.pb.edu.pl\/kapp\/wp-json\/wp\/v2\/pages\/31\/revisions\/707"}],"wp:attachment":[{"href":"https:\/\/wm.pb.edu.pl\/kapp\/wp-json\/wp\/v2\/media?parent=31"}],"curies":[{"name":"wp","href":"https:\/\/api.w.org\/{rel}","templated":true}]}}