{"id":41,"date":"2018-06-26T11:25:12","date_gmt":"2018-06-26T09:25:12","guid":{"rendered":"https:\/\/wm.pb.edu.pl\/kair\/?page_id=41"},"modified":"2025-03-20T07:58:02","modified_gmt":"2025-03-20T06:58:02","slug":"projekty","status":"publish","type":"page","link":"https:\/\/wm.pb.edu.pl\/kapp\/nauka\/projekty\/","title":{"rendered":"Projekty"},"content":{"rendered":"<h2><strong>REALIZOWANE PROJEKTY<\/strong><\/h2>\n<div class=\"h3\"><strong>PROJEKTY FINANSOWANE PRZEZ NCBiR<\/strong><\/div>\n<div>\n<p><strong>PROTECT MED<\/strong> (realizacja: 29.10.2020-31.10.2022)<\/p>\n<p>opracowanie innowacyjnych rozwi\u0105za\u0144 zwi\u0119kszaj\u0105cych bezpiecze\u0144stwo personelu i pacjent\u00f3w szpitali zaka\u017anych i jednoimiennych &#8211; projekt NCBIR, Umowa nr SZPITALE-JEDNOIMIENNE\/37\/2020 z dnia 16.11.2020<\/p>\n<p><a href=\"https:\/\/wm.pb.edu.pl\/aval\/\"><strong>AVAL<\/strong><\/a> &#8211; <strong>Autonomous Vessel with an Air Look <\/strong>(realizacja: 1.06.2017-31.05.2020)<\/p>\n<p>Badania aplikacyjne w obszarze technologii nawigacji, sterowania, komunikacji i wymiany danych pomi\u0119dzy autonomicznymi statkiem p\u0142ywaj\u0105cym i statkiem powietrznym; projekt Europejskiego Funduszu Rozwoju Regionalnego (EFRR) nr POIR.04.01.04-00-0025\/16<\/p>\n<p>Projekt by\u0142 realizowany przez multidyscyplinarne konsorcjum naukowo-przemys\u0142owe w sk\u0142adzie: lider konsorcjum \u2013 Politechnika Bia\u0142ostocka (Wydzia\u0142 Mechaniczny oraz Wydzia\u0142 Informatyki), Fundacja Bezpiecze\u0144stwa \u017beglugi i Ochrony \u015arodowiska w I\u0142awie oraz firmy akademickie: Sup4NAV sp. z o.o. i UpLogic sp. z o. o. spin-off Politechniki Bia\u0142ostockiej.<\/p>\n<\/div>\n<h3><strong>PRACE S\u0141U\u017b\u0104CE ROZWOJOWI M\u0141ODYCH NAUKOWC\u00d3W ORAZ&nbsp;UCZESTNIK\u00d3W STUDI\u00d3W DOKTORANCKICH<\/strong><\/h3>\n<p><strong>Badanie charakterystyk dynamicznych wiruj\u0105cego wa\u0142u<\/strong><br \/>\nkierownik: mgr in\u017c. B\u0142a\u017cej Bartoszewicz<\/p>\n<p><strong>Opracowanie p\u0142ywaj\u0105cego mobilnego robota amorficznego do badania dna zbiornik\u00f3w wodnych oraz metod sterowania takowym<\/strong><br \/>\nkierownik: mgr in\u017c. Piotr Burzy\u0144ski<\/p>\n<div class=\"h3\"><strong>PROJEKTY ZREALIZOWANE<\/strong><\/div>\n<p><strong>Modelowanie i badanie p\u0119kni\u0119\u0107 wiruj\u0105cych wa\u0142\u00f3w na potrzeby diagnostyki<\/strong><br \/>\nkierownik: mgr in\u017c. B\u0142a\u017cej Bartoszewicz<\/p>\n<div class=\"h3\"><strong>PROJEKTY BADAWCZE FINANSOWANE PRZEZ&nbsp;NCN<\/strong><\/div>\n<p><strong>W\u0142asno\u015bci h-r\u00f3\u017cnicowych uk\u0142ad\u00f3w sterowania nieca\u0142kowitego rz\u0119du (2012-2015)<\/strong><em><br \/>\n<\/em>kierownik: prof. dr hab. Ewa Paw\u0142uszewicz<\/p>\n<p><strong>Diagnozowanie wyciek\u00f3w z ruroci\u0105g\u00f3w i sieci wodoci\u0105gowych, z uwzgl\u0119dnieniem zagadnie\u0144 regulacji parametr\u00f3w procesowych&nbsp;<\/strong><em><br \/>\n<\/em>kierownik: dr&nbsp;in\u017c. Pawe\u0142 Ostapkowicz<\/p>\n<p><strong>MINIATURA:&nbsp;<\/strong><span id=\"night_mode_119\"><strong>Nowa koncepcja modu\u0142owego bezza\u0142ogowego statku powietrznego<\/strong><\/span><em><span id=\"night_mode_119\"><br \/>\n<\/span><\/em>kierownik: dr&nbsp;in\u017c. Leszek Ambroziak<\/p>\n<div class=\"h3\"><strong>PRACE S\u0141U\u017b\u0104CE ROZWOJOWI M\u0141ODYCH NAUKOWC\u00d3W ORAZ&nbsp;UCZESTNIK\u00d3W STUDI\u00d3W DOKTORANCKICH<\/strong><\/div>\n<p><strong>Badania symulacyjne algorytm\u00f3w sterowania lotem grupowym bezza\u0142ogowych aparat\u00f3w lataj\u0105cych<\/strong><em><br \/>\n<\/em>kierownik: mgr&nbsp;in\u017c. Leszek Ambroziak<\/p>\n<p><strong>Szybkodzia\u0142aj\u0105cy nap\u0119d liniowy jako wyrzutnia bezza\u0142ogowych aparat\u00f3w lataj\u0105cych<\/strong><em><br \/>\n<\/em>kierownik: dr&nbsp;in\u017c. Miros\u0142aw Kondratiuk<\/p>\n<p><strong>Badanie zjawiska oddychania poprzecznego p\u0119kni\u0119cia wiruj\u0105cego wa\u0142u<\/strong><em><br \/>\n<\/em>kierownik: mgr&nbsp;in\u017c. B\u0142a\u017cej Bartoszewicz<\/p>\n<p><strong>Opracowanie i&nbsp;badanie algorytm\u00f3w rozpoznawania otoczenia i&nbsp;wsp\u00f3\u0142pracy autonomicznych robot\u00f3w mobilnych<\/strong><em><br \/>\n<\/em>kierownik: dr&nbsp;in\u017c. Leszek Ambroziak<\/p>\n<p><strong>Modernizacja wyrzutni elektromagnetycznej dla bezza\u0142ogowych statk\u00f3w powietrznych klasy mikro<\/strong><em><br \/>\n<\/em>kierownik: dr&nbsp;in\u017c. Miros\u0142aw Kondratiuk<\/p>\n<p><strong>Badanie algorytm\u00f3w lotu grupowego z wykorzystaniem czujnik\u00f3w wizyjnych<\/strong><br \/>\nkierownik: mgr in\u017c. Arkadiusz Bo\u017cko<\/p>\n<p>&nbsp;<\/p>\n","protected":false},"excerpt":{"rendered":"<p>REALIZOWANE PROJEKTY PROJEKTY FINANSOWANE PRZEZ NCBiR PROTECT MED (realizacja: 29.10.2020-31.10.2022) opracowanie innowacyjnych rozwi\u0105za\u0144 zwi\u0119kszaj\u0105cych bezpiecze\u0144stwo<a class=\"read-more\" href=\"https:\/\/wm.pb.edu.pl\/kapp\/nauka\/projekty\/\" title=\"Poka\u017c artyku\u0142 Projekty\">wi\u0119cej<\/a><\/p>\n","protected":false},"author":4,"featured_media":0,"parent":24,"menu_order":2,"comment_status":"closed","ping_status":"closed","template":"","meta":{"inline_featured_image":false,"ngg_post_thumbnail":0,"footnotes":""},"class_list":["post-41","page","type-page","status-publish","hentry"],"acf":[],"yoast_head":"<!-- This site is optimized with the Yoast SEO plugin v26.4 - https:\/\/yoast.com\/wordpress\/plugins\/seo\/ -->\n<title>Projekty - Katedra Automatyzacji Proces\u00f3w Przemys\u0142owych<\/title>\n<meta name=\"robots\" content=\"index, follow, max-snippet:-1, max-image-preview:large, max-video-preview:-1\" \/>\n<link rel=\"canonical\" href=\"https:\/\/wm.pb.edu.pl\/kapp\/nauka\/projekty\/\" \/>\n<meta name=\"twitter:label1\" content=\"Szacowany czas czytania\" \/>\n\t<meta name=\"twitter:data1\" content=\"2 minuty\" \/>\n<script type=\"application\/ld+json\" class=\"yoast-schema-graph\">{\"@context\":\"https:\/\/schema.org\",\"@graph\":[{\"@type\":\"WebPage\",\"@id\":\"https:\/\/wm.pb.edu.pl\/kapp\/nauka\/projekty\/\",\"url\":\"https:\/\/wm.pb.edu.pl\/kapp\/nauka\/projekty\/\",\"name\":\"Projekty - Katedra Automatyzacji Proces\u00f3w Przemys\u0142owych\",\"isPartOf\":{\"@id\":\"https:\/\/wm.pb.edu.pl\/kapp\/#website\"},\"datePublished\":\"2018-06-26T09:25:12+00:00\",\"dateModified\":\"2025-03-20T06:58:02+00:00\",\"breadcrumb\":{\"@id\":\"https:\/\/wm.pb.edu.pl\/kapp\/nauka\/projekty\/#breadcrumb\"},\"inLanguage\":\"pl-PL\",\"potentialAction\":[{\"@type\":\"ReadAction\",\"target\":[\"https:\/\/wm.pb.edu.pl\/kapp\/nauka\/projekty\/\"]}]},{\"@type\":\"BreadcrumbList\",\"@id\":\"https:\/\/wm.pb.edu.pl\/kapp\/nauka\/projekty\/#breadcrumb\",\"itemListElement\":[{\"@type\":\"ListItem\",\"position\":1,\"name\":\"Strona g\u0142\u00f3wna\",\"item\":\"https:\/\/wm.pb.edu.pl\/kapp\/\"},{\"@type\":\"ListItem\",\"position\":2,\"name\":\"Nauka\",\"item\":\"https:\/\/wm.pb.edu.pl\/kapp\/nauka\/\"},{\"@type\":\"ListItem\",\"position\":3,\"name\":\"Projekty\"}]},{\"@type\":\"WebSite\",\"@id\":\"https:\/\/wm.pb.edu.pl\/kapp\/#website\",\"url\":\"https:\/\/wm.pb.edu.pl\/kapp\/\",\"name\":\"Katedra Automatyzacji Proces\u00f3w Przemys\u0142owych\",\"description\":\"\",\"potentialAction\":[{\"@type\":\"SearchAction\",\"target\":{\"@type\":\"EntryPoint\",\"urlTemplate\":\"https:\/\/wm.pb.edu.pl\/kapp\/?s={search_term_string}\"},\"query-input\":{\"@type\":\"PropertyValueSpecification\",\"valueRequired\":true,\"valueName\":\"search_term_string\"}}],\"inLanguage\":\"pl-PL\"}]}<\/script>\n<!-- \/ Yoast SEO plugin. -->","yoast_head_json":{"title":"Projekty - Katedra Automatyzacji Proces\u00f3w Przemys\u0142owych","robots":{"index":"index","follow":"follow","max-snippet":"max-snippet:-1","max-image-preview":"max-image-preview:large","max-video-preview":"max-video-preview:-1"},"canonical":"https:\/\/wm.pb.edu.pl\/kapp\/nauka\/projekty\/","twitter_misc":{"Szacowany czas czytania":"2 minuty"},"schema":{"@context":"https:\/\/schema.org","@graph":[{"@type":"WebPage","@id":"https:\/\/wm.pb.edu.pl\/kapp\/nauka\/projekty\/","url":"https:\/\/wm.pb.edu.pl\/kapp\/nauka\/projekty\/","name":"Projekty - Katedra Automatyzacji Proces\u00f3w Przemys\u0142owych","isPartOf":{"@id":"https:\/\/wm.pb.edu.pl\/kapp\/#website"},"datePublished":"2018-06-26T09:25:12+00:00","dateModified":"2025-03-20T06:58:02+00:00","breadcrumb":{"@id":"https:\/\/wm.pb.edu.pl\/kapp\/nauka\/projekty\/#breadcrumb"},"inLanguage":"pl-PL","potentialAction":[{"@type":"ReadAction","target":["https:\/\/wm.pb.edu.pl\/kapp\/nauka\/projekty\/"]}]},{"@type":"BreadcrumbList","@id":"https:\/\/wm.pb.edu.pl\/kapp\/nauka\/projekty\/#breadcrumb","itemListElement":[{"@type":"ListItem","position":1,"name":"Strona g\u0142\u00f3wna","item":"https:\/\/wm.pb.edu.pl\/kapp\/"},{"@type":"ListItem","position":2,"name":"Nauka","item":"https:\/\/wm.pb.edu.pl\/kapp\/nauka\/"},{"@type":"ListItem","position":3,"name":"Projekty"}]},{"@type":"WebSite","@id":"https:\/\/wm.pb.edu.pl\/kapp\/#website","url":"https:\/\/wm.pb.edu.pl\/kapp\/","name":"Katedra Automatyzacji Proces\u00f3w Przemys\u0142owych","description":"","potentialAction":[{"@type":"SearchAction","target":{"@type":"EntryPoint","urlTemplate":"https:\/\/wm.pb.edu.pl\/kapp\/?s={search_term_string}"},"query-input":{"@type":"PropertyValueSpecification","valueRequired":true,"valueName":"search_term_string"}}],"inLanguage":"pl-PL"}]}},"_links":{"self":[{"href":"https:\/\/wm.pb.edu.pl\/kapp\/wp-json\/wp\/v2\/pages\/41","targetHints":{"allow":["GET"]}}],"collection":[{"href":"https:\/\/wm.pb.edu.pl\/kapp\/wp-json\/wp\/v2\/pages"}],"about":[{"href":"https:\/\/wm.pb.edu.pl\/kapp\/wp-json\/wp\/v2\/types\/page"}],"author":[{"embeddable":true,"href":"https:\/\/wm.pb.edu.pl\/kapp\/wp-json\/wp\/v2\/users\/4"}],"replies":[{"embeddable":true,"href":"https:\/\/wm.pb.edu.pl\/kapp\/wp-json\/wp\/v2\/comments?post=41"}],"version-history":[{"count":25,"href":"https:\/\/wm.pb.edu.pl\/kapp\/wp-json\/wp\/v2\/pages\/41\/revisions"}],"predecessor-version":[{"id":713,"href":"https:\/\/wm.pb.edu.pl\/kapp\/wp-json\/wp\/v2\/pages\/41\/revisions\/713"}],"up":[{"embeddable":true,"href":"https:\/\/wm.pb.edu.pl\/kapp\/wp-json\/wp\/v2\/pages\/24"}],"wp:attachment":[{"href":"https:\/\/wm.pb.edu.pl\/kapp\/wp-json\/wp\/v2\/media?parent=41"}],"curies":[{"name":"wp","href":"https:\/\/api.w.org\/{rel}","templated":true}]}}