{"id":50,"date":"2018-06-26T11:29:49","date_gmt":"2018-06-26T09:29:49","guid":{"rendered":"https:\/\/wm.pb.edu.pl\/kair\/?page_id=50"},"modified":"2025-11-05T14:14:17","modified_gmt":"2025-11-05T13:14:17","slug":"kola-naukowe","status":"publish","type":"page","link":"https:\/\/wm.pb.edu.pl\/kapp\/kola-naukowe\/","title":{"rendered":"Ko\u0142a naukowe"},"content":{"rendered":"<p><i class=\"fa fa-hand-o-right\" aria-hidden=\"true\"><\/i> <a title=\"\" href=\"https:\/\/www.facebook.com\/MechatronixWMPB\/?fref=ts\" target=\"_blank\" rel=\"noopener noreferrer\"><strong>Studenckie Ko\u0142o Naukowe Mechatronix<\/strong><\/a><br \/>\n<i class=\"fa fa-user\" aria-hidden=\"true\"><\/i> Opiekun naukowy: dr hab. in\u017c. Cezary Kownacki, prof. PB<br \/>\n<i class=\"fa fa-cog\" aria-hidden=\"true\"><\/i> Projekty studenckie:<br \/>\n<a href=\"https:\/\/wm.pb.edu.pl\/studenci\/kola-naukowe\/projekty-studenckie\/servo-player\/\"><strong>Servo Player<\/strong><\/a><br \/>\n<a href=\"https:\/\/wm.pb.edu.pl\/studenci\/kola-naukowe\/projekty-studenckie\/bobot\/\"><strong>Bobot<\/strong><\/a><br \/>\n<a href=\"https:\/\/wm.pb.edu.pl\/studenci\/kola-naukowe\/projekty-studenckie\/wielowirnikowce\/\"><strong>Wielowirnikowce<\/strong><\/a><\/p>\n","protected":false},"excerpt":{"rendered":"<p>Studenckie Ko\u0142o Naukowe Mechatronix Opiekun naukowy: dr hab. in\u017c. Cezary Kownacki, prof. PB Projekty studenckie:<a class=\"read-more\" href=\"https:\/\/wm.pb.edu.pl\/kapp\/kola-naukowe\/\" title=\"Poka\u017c artyku\u0142 Ko\u0142a naukowe\">wi\u0119cej<\/a><\/p>\n","protected":false},"author":4,"featured_media":0,"parent":0,"menu_order":2,"comment_status":"closed","ping_status":"closed","template":"","meta":{"inline_featured_image":false,"ngg_post_thumbnail":0,"footnotes":""},"class_list":["post-50","page","type-page","status-publish","hentry"],"acf":[],"yoast_head":"<!-- This site is optimized with the Yoast SEO plugin v26.4 - https:\/\/yoast.com\/wordpress\/plugins\/seo\/ -->\n<title>Ko\u0142a naukowe - Katedra Automatyzacji Proces\u00f3w Przemys\u0142owych<\/title>\n<meta name=\"robots\" content=\"index, follow, max-snippet:-1, max-image-preview:large, max-video-preview:-1\" \/>\n<link rel=\"canonical\" href=\"https:\/\/wm.pb.edu.pl\/kapp\/kola-naukowe\/\" \/>\n<meta name=\"twitter:label1\" content=\"Szacowany czas czytania\" \/>\n\t<meta name=\"twitter:data1\" content=\"1 minuta\" \/>\n<script type=\"application\/ld+json\" class=\"yoast-schema-graph\">{\"@context\":\"https:\/\/schema.org\",\"@graph\":[{\"@type\":\"WebPage\",\"@id\":\"https:\/\/wm.pb.edu.pl\/kapp\/kola-naukowe\/\",\"url\":\"https:\/\/wm.pb.edu.pl\/kapp\/kola-naukowe\/\",\"name\":\"Ko\u0142a naukowe - Katedra Automatyzacji Proces\u00f3w Przemys\u0142owych\",\"isPartOf\":{\"@id\":\"https:\/\/wm.pb.edu.pl\/kapp\/#website\"},\"datePublished\":\"2018-06-26T09:29:49+00:00\",\"dateModified\":\"2025-11-05T13:14:17+00:00\",\"breadcrumb\":{\"@id\":\"https:\/\/wm.pb.edu.pl\/kapp\/kola-naukowe\/#breadcrumb\"},\"inLanguage\":\"pl-PL\",\"potentialAction\":[{\"@type\":\"ReadAction\",\"target\":[\"https:\/\/wm.pb.edu.pl\/kapp\/kola-naukowe\/\"]}]},{\"@type\":\"BreadcrumbList\",\"@id\":\"https:\/\/wm.pb.edu.pl\/kapp\/kola-naukowe\/#breadcrumb\",\"itemListElement\":[{\"@type\":\"ListItem\",\"position\":1,\"name\":\"Strona g\u0142\u00f3wna\",\"item\":\"https:\/\/wm.pb.edu.pl\/kapp\/\"},{\"@type\":\"ListItem\",\"position\":2,\"name\":\"Ko\u0142a naukowe\"}]},{\"@type\":\"WebSite\",\"@id\":\"https:\/\/wm.pb.edu.pl\/kapp\/#website\",\"url\":\"https:\/\/wm.pb.edu.pl\/kapp\/\",\"name\":\"Katedra Automatyzacji Proces\u00f3w Przemys\u0142owych\",\"description\":\"\",\"potentialAction\":[{\"@type\":\"SearchAction\",\"target\":{\"@type\":\"EntryPoint\",\"urlTemplate\":\"https:\/\/wm.pb.edu.pl\/kapp\/?s={search_term_string}\"},\"query-input\":{\"@type\":\"PropertyValueSpecification\",\"valueRequired\":true,\"valueName\":\"search_term_string\"}}],\"inLanguage\":\"pl-PL\"}]}<\/script>\n<!-- \/ Yoast SEO plugin. -->","yoast_head_json":{"title":"Ko\u0142a naukowe - Katedra Automatyzacji Proces\u00f3w Przemys\u0142owych","robots":{"index":"index","follow":"follow","max-snippet":"max-snippet:-1","max-image-preview":"max-image-preview:large","max-video-preview":"max-video-preview:-1"},"canonical":"https:\/\/wm.pb.edu.pl\/kapp\/kola-naukowe\/","twitter_misc":{"Szacowany czas czytania":"1 minuta"},"schema":{"@context":"https:\/\/schema.org","@graph":[{"@type":"WebPage","@id":"https:\/\/wm.pb.edu.pl\/kapp\/kola-naukowe\/","url":"https:\/\/wm.pb.edu.pl\/kapp\/kola-naukowe\/","name":"Ko\u0142a naukowe - Katedra Automatyzacji Proces\u00f3w Przemys\u0142owych","isPartOf":{"@id":"https:\/\/wm.pb.edu.pl\/kapp\/#website"},"datePublished":"2018-06-26T09:29:49+00:00","dateModified":"2025-11-05T13:14:17+00:00","breadcrumb":{"@id":"https:\/\/wm.pb.edu.pl\/kapp\/kola-naukowe\/#breadcrumb"},"inLanguage":"pl-PL","potentialAction":[{"@type":"ReadAction","target":["https:\/\/wm.pb.edu.pl\/kapp\/kola-naukowe\/"]}]},{"@type":"BreadcrumbList","@id":"https:\/\/wm.pb.edu.pl\/kapp\/kola-naukowe\/#breadcrumb","itemListElement":[{"@type":"ListItem","position":1,"name":"Strona g\u0142\u00f3wna","item":"https:\/\/wm.pb.edu.pl\/kapp\/"},{"@type":"ListItem","position":2,"name":"Ko\u0142a naukowe"}]},{"@type":"WebSite","@id":"https:\/\/wm.pb.edu.pl\/kapp\/#website","url":"https:\/\/wm.pb.edu.pl\/kapp\/","name":"Katedra Automatyzacji Proces\u00f3w Przemys\u0142owych","description":"","potentialAction":[{"@type":"SearchAction","target":{"@type":"EntryPoint","urlTemplate":"https:\/\/wm.pb.edu.pl\/kapp\/?s={search_term_string}"},"query-input":{"@type":"PropertyValueSpecification","valueRequired":true,"valueName":"search_term_string"}}],"inLanguage":"pl-PL"}]}},"_links":{"self":[{"href":"https:\/\/wm.pb.edu.pl\/kapp\/wp-json\/wp\/v2\/pages\/50","targetHints":{"allow":["GET"]}}],"collection":[{"href":"https:\/\/wm.pb.edu.pl\/kapp\/wp-json\/wp\/v2\/pages"}],"about":[{"href":"https:\/\/wm.pb.edu.pl\/kapp\/wp-json\/wp\/v2\/types\/page"}],"author":[{"embeddable":true,"href":"https:\/\/wm.pb.edu.pl\/kapp\/wp-json\/wp\/v2\/users\/4"}],"replies":[{"embeddable":true,"href":"https:\/\/wm.pb.edu.pl\/kapp\/wp-json\/wp\/v2\/comments?post=50"}],"version-history":[{"count":66,"href":"https:\/\/wm.pb.edu.pl\/kapp\/wp-json\/wp\/v2\/pages\/50\/revisions"}],"predecessor-version":[{"id":719,"href":"https:\/\/wm.pb.edu.pl\/kapp\/wp-json\/wp\/v2\/pages\/50\/revisions\/719"}],"wp:attachment":[{"href":"https:\/\/wm.pb.edu.pl\/kapp\/wp-json\/wp\/v2\/media?parent=50"}],"curies":[{"name":"wp","href":"https:\/\/api.w.org\/{rel}","templated":true}]}}