{"id":681,"date":"2024-02-08T13:33:06","date_gmt":"2024-02-08T12:33:06","guid":{"rendered":"https:\/\/wm.pb.edu.pl\/kapp\/?page_id=681"},"modified":"2024-02-08T13:54:11","modified_gmt":"2024-02-08T12:54:11","slug":"staze","status":"publish","type":"page","link":"https:\/\/wm.pb.edu.pl\/kapp\/nauka\/staze\/","title":{"rendered":"Sta\u017ce"},"content":{"rendered":"<div class=\"h3\"><strong>Zagraniczne sta\u017ce naukowe pracownik\u00f3w KAPP zrealizowane w roku 2023 w ramach wyjazd\u00f3w na uczelnie TOP 200:<\/strong><\/div>\n<table class=\"table table-bordered\" style=\"width: 100%;height: 300px\">\n<thead>\n<tr style=\"height: 81px\">\n<td style=\"width: 6.60659%;height: 81px\" width=\"57\"><strong>Lp.<\/strong><\/td>\n<td style=\"width: 8.60859%;height: 81px\" width=\"66\"><strong>Stopie\u0144 naukowy<\/strong><\/td>\n<td style=\"width: 14.4144%;height: 81px\" width=\"83\"><strong>Imi\u0119<\/strong><\/td>\n<td style=\"width: 13.3133%;height: 81px\" width=\"86\"><strong>Nazwisko<\/strong><\/td>\n<td style=\"width: 25.1251%;height: 81px\" width=\"104\"><strong>Jednostka zatrudniaj\u0105ca<\/strong><\/td>\n<td style=\"width: 16.9169%;height: 81px\" width=\"313\"><strong>Instytucja przyjmuj\u0105ca<\/strong><\/td>\n<td style=\"width: 9.90991%;height: 81px\" width=\"113\"><strong>Okres pobytu (w miesi\u0105cach)<\/strong><\/td>\n<td style=\"width: 5.10511%;height: 81px\" width=\"76\"><strong>Rok<\/strong><\/td>\n<\/tr>\n<\/thead>\n<tbody>\n<tr style=\"height: 132px\">\n<td style=\"width: 6.60659%;height: 132px\" width=\"57\">1<\/td>\n<td style=\"width: 8.60859%;height: 132px\" width=\"66\">dr in\u017c.<\/td>\n<td style=\"width: 14.4144%;height: 132px\" width=\"83\">Jakub<\/td>\n<td style=\"width: 13.3133%;height: 132px\" width=\"86\">Augustyniak<\/td>\n<td style=\"width: 25.1251%;height: 132px\" width=\"104\">Instytut In\u017cynierii Mechanicznej<\/td>\n<td style=\"width: 16.9169%;height: 132px\" width=\"313\">Technische Universitat Dresden, Institut fur Leichtbau und Kunstofftechnik, Dresden, Niemcy<\/td>\n<td style=\"width: 9.90991%;height: 132px\" width=\"113\">1<\/td>\n<td style=\"width: 5.10511%;height: 132px\" width=\"76\">2023<\/td>\n<\/tr>\n<tr style=\"height: 87px\">\n<td style=\"width: 6.60659%;height: 87px\" width=\"57\">2<\/td>\n<td style=\"width: 8.60859%;height: 87px\" width=\"66\">dr hab. in\u017c.&nbsp;<\/td>\n<td style=\"width: 14.4144%;height: 87px\" width=\"83\">Kanstantsin<\/td>\n<td style=\"width: 13.3133%;height: 87px\" width=\"86\">Miatluk<\/td>\n<td style=\"width: 25.1251%;height: 87px\" width=\"104\">Instytut In\u017cynierii Mechanicznej<\/td>\n<td style=\"width: 16.9169%;height: 87px\" width=\"313\">University of Sao Paulo, Sao Paulo, Brazylia<\/td>\n<td style=\"width: 9.90991%;height: 87px\" width=\"113\">1<\/td>\n<td style=\"width: 5.10511%;height: 87px\" width=\"76\">2023<\/td>\n<\/tr>\n<\/tbody>\n<\/table>\n<div class=\"h3\"><strong>Sta\u017ce naukowe pracownik\u00f3w KAPP <\/strong><strong>w Politechnice Lubelskiej i Politechnice Rzeszowskiej w ramach dotacji celowej &#8222;<em>Politechniczna Sie\u0107 Via Carpatia<\/em>&#8221; dzia\u0142anie nr 6&nbsp; &#8222;PO S\u0104SIEDZKU &#8211; mi\u0119dzyuczelniane sta\u017ce badawcze&#8221;:<\/strong><\/div>\n<table class=\"table table-bordered\" style=\"width: 100%;height: 128px\">\n<thead>\n<tr>\n<td style=\"width: 6.2062%\" width=\"48\"><strong>Lp.<\/strong><\/td>\n<td style=\"width: 7.30731%\" width=\"84\"><strong>Stopie\u0144 lub tytu\u0142 naukowy<\/strong><\/td>\n<td style=\"width: 7.80781%\" width=\"76\"><strong>Imi\u0119<\/strong><\/td>\n<td style=\"width: 9.60961%\" width=\"94\"><strong>Nazwisko<\/strong><\/td>\n<td style=\"width: 12.3123%\" width=\"120\"><strong>Termin<\/strong><\/td>\n<td style=\"width: 7.90791%\" width=\"76\"><strong>Liczba miesi\u0119cy<\/strong><\/td>\n<td style=\"width: 15.8158%\" width=\"154\"><strong>Uczelnia przyjmuj\u0105ca<\/strong><\/td>\n<td style=\"width: 12.6126%\" width=\"123\"><strong>Stopie\u0144 lub tytu\u0142 naukowy opiekuna sta\u017cysty<\/strong><\/td>\n<td style=\"width: 20.4204%\" width=\"199\"><strong>Imi\u0119 i nazwisko opiekuna sta\u017cysty<\/strong><\/td>\n<\/tr>\n<\/thead>\n<tbody>\n<tr>\n<td style=\"width: 6.2062%\" width=\"48\">1<\/td>\n<td style=\"width: 7.30731%\" width=\"84\">dr hab. in\u017c.&nbsp;<\/td>\n<td style=\"width: 7.80781%\" width=\"76\">Andrzej<\/td>\n<td style=\"width: 9.60961%\" width=\"94\">Koszewnik<\/td>\n<td style=\"width: 12.3123%\" width=\"120\">12.06-11.07.2023<\/td>\n<td style=\"width: 7.90791%\" width=\"76\">1<\/td>\n<td style=\"width: 15.8158%\" width=\"154\">Politechnika Lubelska<\/td>\n<td style=\"width: 12.6126%\" width=\"123\">dr hab. in\u017c.<\/td>\n<td style=\"width: 20.4204%\" width=\"199\">Piotr K. Wolszczak<\/td>\n<\/tr>\n<\/tbody>\n<\/table>\n<div class=\"h3\"><strong>Zagraniczne sta\u017ce naukowe pracownik\u00f3w KAPP <\/strong><strong>w roku 2022 z programu \u201e<em>Regionalna Inicjatywa Doskona\u0142o\u015bci<\/em>\u201d \u2013 RID &nbsp;( w roku 2023 sta\u017ce nie by\u0142y realizowane):<\/strong><\/div>\n<table class=\"table table-bordered\" style=\"width: 100%;height: 128px\">\n<thead>\n<tr>\n<td style=\"width: 6.10609%\" width=\"64\"><strong>Lp.<\/strong><\/td>\n<td style=\"width: 30.4304%\" width=\"191\"><strong>Imi\u0119 i nazwisko<\/strong><\/td>\n<td style=\"width: 30.2302%\" width=\"178\"><strong>Kraj<\/strong><\/td>\n<td style=\"width: 33.1331%\" width=\"321\"><strong>Nazwa podmiotu przyjmuj\u0105cego<\/strong><\/td>\n<\/tr>\n<\/thead>\n<tbody>\n<tr>\n<td style=\"width: 6.10609%\" width=\"64\">1<\/td>\n<td style=\"width: 30.4304%\" width=\"191\">Dr in\u017c. Gr\u0105dzki Rafa\u0142<\/td>\n<td style=\"width: 30.2302%\" width=\"178\">S\u0142owacja &#8211; Koszyce<\/td>\n<td style=\"width: 33.1331%\" width=\"321\">Uniwersytet Techniczny w Koszycach<\/td>\n<\/tr>\n<tr>\n<td style=\"width: 6.10609%\" width=\"64\">2<\/td>\n<td style=\"width: 30.4304%\" width=\"191\">Mgr in\u017c. Re\u0107ko Maciej<\/td>\n<td style=\"width: 30.2302%\" width=\"178\">S\u0142owacja &#8211; Koszyce<\/td>\n<td style=\"width: 33.1331%\" width=\"321\">Uniwersytet Techniczny w Koszycach<\/td>\n<\/tr>\n<tr>\n<td style=\"width: 6.10609%\" width=\"64\">3<\/td>\n<td style=\"width: 30.4304%\" width=\"191\">Dr hab in\u017c. Dzier\u017cek Kazimierz<\/td>\n<td style=\"width: 30.2302%\" width=\"178\">S\u0142owacja &#8211; Koszyce<\/td>\n<td style=\"width: 33.1331%\" width=\"321\">Uniwersytet Techniczny w Koszycach<\/td>\n<\/tr>\n<tr>\n<td style=\"width: 6.10609%\" width=\"64\">4<\/td>\n<td style=\"width: 30.4304%\" width=\"191\">Mgr in\u017c. Bartoszewicz B\u0142a\u017cej<\/td>\n<td style=\"width: 30.2302%\" width=\"178\">S\u0142owacja &#8211; Koszyce<\/td>\n<td style=\"width: 33.1331%\" width=\"321\">Uniwersytet Techniczny w Koszycach<\/td>\n<\/tr>\n<tr>\n<td style=\"width: 6.10609%\" width=\"64\">5<\/td>\n<td style=\"width: 30.4304%\" width=\"191\">Dr in\u017c. Augustyniak Jakub<\/td>\n<td style=\"width: 30.2302%\" width=\"178\">Niemcy &#8211; Drezno<\/td>\n<td style=\"width: 33.1331%\" width=\"321\">Fraunhofer Institute<\/td>\n<\/tr>\n<tr>\n<td style=\"width: 6.10609%\" width=\"64\">6<\/td>\n<td style=\"width: 30.4304%\" width=\"191\">Dr in\u017c. Ambroziak Leszek<\/td>\n<td style=\"width: 30.2302%\" width=\"178\">Holandia-Delft<\/td>\n<td style=\"width: 33.1331%\" width=\"321\">Uniwersytet Techniczny w Delft<\/td>\n<\/tr>\n<tr>\n<td style=\"width: 6.10609%\" width=\"64\">7<\/td>\n<td style=\"width: 30.4304%\" width=\"191\">Dr in\u017c.Bogdan Mariusz<\/td>\n<td style=\"width: 30.2302%\" width=\"178\">Holandia-Delft<\/td>\n<td style=\"width: 33.1331%\" width=\"321\">Uniwersytet Techniczny w Delft<\/td>\n<\/tr>\n<tr>\n<td style=\"width: 6.10609%\" width=\"64\">8<\/td>\n<td style=\"width: 30.4304%\" width=\"191\">Dr hab in\u017c. Kanstantisin Miatluk<\/td>\n<td style=\"width: 30.2302%\" width=\"178\">Dania &#8211; Odense<\/td>\n<td style=\"width: 33.1331%\" width=\"321\">Nordbo Robotics A\/S<\/td>\n<\/tr>\n<tr>\n<td style=\"width: 6.10609%\" width=\"64\">9<\/td>\n<td style=\"width: 30.4304%\" width=\"191\">Dr in\u017c. Rafa\u0142 Gr\u0105dzki<\/td>\n<td style=\"width: 30.2302%\" width=\"178\">Litwa &#8211; Wilno<\/td>\n<td style=\"width: 33.1331%\" width=\"321\">Wile\u0144ski Uniwersytet Techniczny im. Giedymina<\/td>\n<\/tr>\n<\/tbody>\n<\/table>\n<div class=\"h3\"><strong>Sta\u017ce dydaktyczne zrealizowane <\/strong><strong>pracownik\u00f3w KAPP<\/strong><strong> w ramach programu <em>\u201eZAPROJEKTOWANI.PB &#8211; projekt rozwoju kompetencji kadry dydaktycznej Politechniki Bia\u0142ostockiej w zakresie projektowania uniwersalnego\u201d<\/em> (POWR.03.04.00-00-KP19\/21):<\/strong><\/div>\n<table class=\"table table-bordered\" style=\"width: 100%;height: 147px\">\n<thead>\n<tr style=\"height: 38px\">\n<td style=\"width: 4.8048%;height: 38px\" width=\"37\"><strong>Lp.<\/strong><\/td>\n<td style=\"width: 31.3313%;height: 38px\" width=\"246\"><strong>Imi\u0119 i nazwisko<\/strong><\/td>\n<td style=\"width: 49.3493%;height: 38px\" width=\"387\"><strong>Uczelnia\/ zak\u0142ad pracy<\/strong><\/td>\n<td style=\"width: 14.4144%;height: 38px\" width=\"113\"><strong>Termin<\/strong><\/td>\n<\/tr>\n<\/thead>\n<tbody>\n<tr style=\"height: 71px\">\n<td style=\"width: 4.8048%;height: 71px\" width=\"37\">1<\/td>\n<td style=\"width: 31.3313%;height: 71px\" width=\"246\">Dr hab. in\u017c. Konstantin Miatliuk<\/td>\n<td style=\"width: 49.3493%;height: 71px\" width=\"387\">Wydzia\u0142 In\u017cynierii Mechanicznej i Robotyki, Akademia G\u00f3rniczo-Hutnicza w Krakowie<\/td>\n<td style=\"width: 14.4144%;height: 71px\" width=\"113\">14-16.06.2023<\/p>\n<p>26-27.06.2023<\/td>\n<\/tr>\n<tr style=\"height: 38px\">\n<td style=\"width: 4.8048%;height: 38px\" width=\"37\">2.<\/td>\n<td style=\"width: 31.3313%;height: 38px\" width=\"246\">Dr hab. Ewa Paw\u0142uszewicz<\/td>\n<td style=\"width: 49.3493%;height: 38px\" width=\"387\">Wydzia\u0142 Informatyki, Uniwersytet w Bia\u0142ymstoku<\/td>\n<td style=\"width: 14.4144%;height: 38px\" width=\"113\">13-15.12.2023<\/td>\n<\/tr>\n<\/tbody>\n<\/table>\n<div class=\"h3\"><strong>Sta\u017ce zagraniczne dydaktyczne<\/strong><strong> pracownik\u00f3w KAPP<\/strong><strong> (w zakresie projektowania uniwersalnego) pracownik\u00f3w WM w roku 2023:<\/strong><\/div>\n<table class=\"table table-bordered\" style=\"width: 100%;height: 147px\">\n<thead>\n<tr>\n<td style=\"width: 5.005%\" width=\"47\"><strong>Lp.<\/strong><\/td>\n<td style=\"width: 24.3243%\" width=\"227\"><strong>Imi\u0119 i nazwisko<\/strong><\/td>\n<td style=\"width: 45.6456%\" width=\"426\"><strong>Uczelnia\/ zak\u0142ad pracy<\/strong><\/td>\n<td style=\"width: 24.9249%\" width=\"233\"><strong>Termin<\/strong><\/td>\n<\/tr>\n<\/thead>\n<tbody>\n<tr>\n<td style=\"width: 5.005%\" width=\"47\">1<\/td>\n<td style=\"width: 24.3243%\" width=\"227\">Dr hab. in\u017c. Konstantin Miatliuk<\/td>\n<td style=\"width: 45.6456%\" width=\"426\">University of Las Palmas de Gran Canaria\/Hiszpania<\/td>\n<td style=\"width: 24.9249%\" width=\"233\">11-15.09.2023<\/td>\n<\/tr>\n<tr>\n<td style=\"width: 5.005%\" width=\"47\">2..<\/td>\n<td style=\"width: 24.3243%\" width=\"227\">Dr hab. Ewa Paw\u0142uszewicz<\/td>\n<td style=\"width: 45.6456%\" width=\"426\">University of East&nbsp; Sarejewo, Bo\u015bnia i Hercegowina<\/td>\n<td style=\"width: 24.9249%\" width=\"233\">25-29.10.2023<\/td>\n<\/tr>\n<\/tbody>\n<\/table>\n<div class=\"h3\"><strong>Wyjazdy pracownik\u00f3w <\/strong><strong>pracownik\u00f3w KAPP<\/strong> <strong>w ramach programu Erasmus w roku akademickim 2021\/2022:<\/strong><\/div>\n<table class=\"table table-bordered\" style=\"width: 100%;height: 147px\">\n<thead>\n<tr>\n<td style=\"width: 5.005%\" width=\"38\"><strong>Lp.<\/strong><\/td>\n<td style=\"width: 24.3243%\" width=\"219\"><strong>Nazwisko i imi\u0119<\/strong><\/td>\n<td style=\"width: 45.6456%\" width=\"284\"><strong>Nazwa uczelni\/kraj<\/strong><\/td>\n<td style=\"width: 24.9249%\" width=\"227\"><strong>Termin wyjazdu<\/strong><\/td>\n<\/tr>\n<\/thead>\n<tbody>\n<tr>\n<td style=\"width: 5.005%\" width=\"38\">1<\/td>\n<td style=\"width: 24.3243%\" width=\"219\">Miatluk Kanstantsin<\/td>\n<td style=\"width: 45.6456%\" width=\"284\">University of Las Palmas de Gran Canaria\/Hiszpania<\/td>\n<td style=\"width: 24.9249%\" width=\"227\">24.05.2021-27.05.2021<\/td>\n<\/tr>\n<tr>\n<td style=\"width: 5.005%\" width=\"38\">2<\/td>\n<td style=\"width: 24.3243%\" width=\"219\">Gr\u0105dzki Rafa\u0142<\/td>\n<td style=\"width: 45.6456%\" width=\"284\">Technical University of Kosice\/S\u0142owacja<\/td>\n<td style=\"width: 24.9249%\" width=\"227\">21.03.2021-25.03.2021<\/td>\n<\/tr>\n<tr>\n<td style=\"width: 5.005%\" width=\"38\">3<\/td>\n<td style=\"width: 24.3243%\" width=\"219\">Miatluk Kanstantsin<\/td>\n<td style=\"width: 45.6456%\" width=\"284\">University of Las Palmas de Gran Canaria\/Hiszpania<\/td>\n<td style=\"width: 24.9249%\" width=\"227\">30.05.2022-02.06.2022<\/td>\n<\/tr>\n<tr>\n<td style=\"width: 5.005%\" width=\"38\">4<\/td>\n<td style=\"width: 24.3243%\" width=\"219\">Miatluk Konstanty<\/td>\n<td style=\"width: 45.6456%\" width=\"284\">UNIVERSITI KEBANGSAAN MALAYSIA<\/td>\n<td style=\"width: 24.9249%\" width=\"227\">09.05.2022-13.05.2022<\/td>\n<\/tr>\n<tr>\n<td style=\"width: 5.005%\" width=\"38\">5<\/td>\n<td style=\"width: 24.3243%\" width=\"219\">Gr\u0105dzki Rafa\u0142<\/td>\n<td style=\"width: 45.6456%\" width=\"284\">Universidad Iberoamericana\/Meksyk<\/td>\n<td style=\"width: 24.9249%\" width=\"227\">06.06.2022-10.06.2022<\/td>\n<\/tr>\n<\/tbody>\n<\/table>\n<div class=\"h3\"><strong>Wyjazdy pracownik\u00f3w Wydzia\u0142u Mechanicznego w ramach programu Erasmus w celach dydaktycznych w roku akademickim 2022\/2023:<\/strong><\/div>\n<table class=\"table table-bordered\" style=\"width: 100%;height: 246px\">\n<thead>\n<tr style=\"height: 21px\">\n<td style=\"height: 21px;width: 4.9049%\" width=\"38\"><strong>Lp.<\/strong><\/td>\n<td style=\"height: 21px;width: 28.5285%\" width=\"219\"><strong>Nazwisko i imi\u0119<\/strong><\/td>\n<td style=\"height: 21px;width: 36.9369%\" width=\"284\"><strong>Nazwa uczelni\/kraj<\/strong><\/td>\n<td style=\"height: 21px;width: 29.5295%\" width=\"227\"><strong>Termin wyjazdu<\/strong><\/td>\n<\/tr>\n<\/thead>\n<tbody>\n<tr style=\"height: 42px\">\n<td style=\"height: 42px;width: 4.9049%\" width=\"38\">1.<\/td>\n<td style=\"height: 42px;width: 28.5285%\" width=\"219\">Miatluk Konstanty<\/td>\n<td style=\"height: 42px;width: 36.9369%\" width=\"284\">UNIVERSITATEA TEHNICA A MOLDOVEI\/Mo\u0142dawia<\/td>\n<td style=\"height: 42px;width: 29.5295%\" width=\"227\">22.05.2023-26.05.2023<\/td>\n<\/tr>\n<tr style=\"height: 42px\">\n<td style=\"height: 42px;width: 4.9049%\" width=\"38\">2.<\/td>\n<td style=\"height: 42px;width: 28.5285%\" width=\"219\">Rafa\u0142 Gr\u0105dzki<\/td>\n<td style=\"height: 42px;width: 36.9369%\" width=\"284\">Jigme Namgyel Engineering College, Royal University of Bhutan\/Butan<\/td>\n<td style=\"height: 42px;width: 29.5295%\" width=\"227\">24.07.2023-28.07.2023<\/td>\n<\/tr>\n<tr style=\"height: 42px\">\n<td style=\"height: 42px;width: 4.9049%\" width=\"38\">3.<\/td>\n<td style=\"height: 42px;width: 28.5285%\" width=\"219\">Koszewnik Andrzej<\/td>\n<td style=\"height: 42px;width: 36.9369%\" width=\"284\">Chemnitz University of Technology\/Niemcy<\/td>\n<td style=\"height: 42px;width: 29.5295%\" width=\"227\">17.04.2023-21.04.2023<\/td>\n<\/tr>\n<tr style=\"height: 42px\">\n<td style=\"height: 42px;width: 4.9049%\" width=\"38\">4.<\/td>\n<td style=\"height: 42px;width: 28.5285%\" width=\"219\">Ambroziak Leszek<\/td>\n<td style=\"height: 42px;width: 36.9369%\" width=\"284\">Chemnitz University of Technology\/Niemcy<\/td>\n<td style=\"height: 42px;width: 29.5295%\" width=\"227\">22.05.2023-26.05.2023<\/td>\n<\/tr>\n<tr style=\"height: 21px\">\n<td style=\"height: 21px;width: 4.9049%\" width=\"38\">5.<\/td>\n<td style=\"height: 21px;width: 28.5285%\" width=\"219\">Augustyniak Jakub<\/td>\n<td style=\"height: 21px;width: 36.9369%\" width=\"284\">Technische Universit\u00e4t Dresden\/Niemcy<\/td>\n<td style=\"height: 21px;width: 29.5295%\" width=\"227\">19.06.2023-23.06.2023<\/td>\n<\/tr>\n<tr style=\"height: 36px\">\n<td style=\"height: 36px;width: 4.9049%\" width=\"38\">6.<\/td>\n<td style=\"height: 36px;width: 28.5285%\" width=\"219\">Miatluk Konstanty<\/td>\n<td style=\"height: 36px;width: 36.9369%\" width=\"284\">Universidad de Las Palmas de Gran Canaria\/Hiszpania<\/td>\n<td style=\"height: 36px;width: 29.5295%\" width=\"227\">19.06.2023-23.06.2023<\/td>\n<\/tr>\n<\/tbody>\n<\/table>\n<p>&nbsp;<\/p>\n<p>&nbsp;<\/p>\n<p>&nbsp;<\/p>\n<p>&nbsp;<\/p>\n<p>&nbsp;<\/p>\n<p>&nbsp;<\/p>\n<p>&nbsp;<\/p>\n<p><strong>&nbsp;<\/strong><\/p>\n<p><strong>&nbsp;<\/strong><\/p>\n<p><strong>&nbsp;<\/strong><\/p>\n<p><strong>&nbsp;<\/strong><\/p>\n<p><strong>&nbsp;<\/strong><\/p>\n<p>&nbsp;<\/p>\n<p>&nbsp;<\/p>\n<p>&nbsp;<\/p>\n<p>&nbsp;<\/p>\n<p>&nbsp;<\/p>\n<p>&nbsp;<\/p>\n<p>&nbsp;<\/p>\n<p>&nbsp;<\/p>\n<p>&nbsp;<\/p>\n<p>&nbsp;<\/p>\n<p>&nbsp;<\/p>\n<p>&nbsp;<\/p>\n<p>&nbsp;<\/p>\n<p>&nbsp;<\/p>\n<p>&nbsp;<\/p>\n<p>&nbsp;<\/p>\n","protected":false},"excerpt":{"rendered":"<p>Zagraniczne sta\u017ce naukowe pracownik\u00f3w KAPP zrealizowane w roku 2023 w ramach wyjazd\u00f3w na uczelnie TOP<a class=\"read-more\" href=\"https:\/\/wm.pb.edu.pl\/kapp\/nauka\/staze\/\" title=\"Poka\u017c artyku\u0142 Sta\u017ce\">wi\u0119cej<\/a><\/p>\n","protected":false},"author":14,"featured_media":0,"parent":24,"menu_order":0,"comment_status":"closed","ping_status":"closed","template":"","meta":{"inline_featured_image":false,"ngg_post_thumbnail":0,"footnotes":""},"class_list":["post-681","page","type-page","status-publish","hentry"],"acf":[],"yoast_head":"<!-- This site is optimized with the Yoast SEO plugin v26.4 - https:\/\/yoast.com\/wordpress\/plugins\/seo\/ -->\n<title>Sta\u017ce - Katedra Automatyzacji Proces\u00f3w Przemys\u0142owych<\/title>\n<meta name=\"robots\" content=\"index, follow, max-snippet:-1, max-image-preview:large, max-video-preview:-1\" \/>\n<link rel=\"canonical\" href=\"https:\/\/wm.pb.edu.pl\/kapp\/nauka\/staze\/\" \/>\n<meta name=\"twitter:label1\" content=\"Szacowany czas czytania\" \/>\n\t<meta name=\"twitter:data1\" content=\"4 minuty\" \/>\n<script type=\"application\/ld+json\" class=\"yoast-schema-graph\">{\"@context\":\"https:\/\/schema.org\",\"@graph\":[{\"@type\":\"WebPage\",\"@id\":\"https:\/\/wm.pb.edu.pl\/kapp\/nauka\/staze\/\",\"url\":\"https:\/\/wm.pb.edu.pl\/kapp\/nauka\/staze\/\",\"name\":\"Sta\u017ce - Katedra Automatyzacji Proces\u00f3w Przemys\u0142owych\",\"isPartOf\":{\"@id\":\"https:\/\/wm.pb.edu.pl\/kapp\/#website\"},\"datePublished\":\"2024-02-08T12:33:06+00:00\",\"dateModified\":\"2024-02-08T12:54:11+00:00\",\"breadcrumb\":{\"@id\":\"https:\/\/wm.pb.edu.pl\/kapp\/nauka\/staze\/#breadcrumb\"},\"inLanguage\":\"pl-PL\",\"potentialAction\":[{\"@type\":\"ReadAction\",\"target\":[\"https:\/\/wm.pb.edu.pl\/kapp\/nauka\/staze\/\"]}]},{\"@type\":\"BreadcrumbList\",\"@id\":\"https:\/\/wm.pb.edu.pl\/kapp\/nauka\/staze\/#breadcrumb\",\"itemListElement\":[{\"@type\":\"ListItem\",\"position\":1,\"name\":\"Strona g\u0142\u00f3wna\",\"item\":\"https:\/\/wm.pb.edu.pl\/kapp\/\"},{\"@type\":\"ListItem\",\"position\":2,\"name\":\"Nauka\",\"item\":\"https:\/\/wm.pb.edu.pl\/kapp\/nauka\/\"},{\"@type\":\"ListItem\",\"position\":3,\"name\":\"Sta\u017ce\"}]},{\"@type\":\"WebSite\",\"@id\":\"https:\/\/wm.pb.edu.pl\/kapp\/#website\",\"url\":\"https:\/\/wm.pb.edu.pl\/kapp\/\",\"name\":\"Katedra Automatyzacji Proces\u00f3w Przemys\u0142owych\",\"description\":\"\",\"potentialAction\":[{\"@type\":\"SearchAction\",\"target\":{\"@type\":\"EntryPoint\",\"urlTemplate\":\"https:\/\/wm.pb.edu.pl\/kapp\/?s={search_term_string}\"},\"query-input\":{\"@type\":\"PropertyValueSpecification\",\"valueRequired\":true,\"valueName\":\"search_term_string\"}}],\"inLanguage\":\"pl-PL\"}]}<\/script>\n<!-- \/ Yoast SEO plugin. -->","yoast_head_json":{"title":"Sta\u017ce - Katedra Automatyzacji Proces\u00f3w Przemys\u0142owych","robots":{"index":"index","follow":"follow","max-snippet":"max-snippet:-1","max-image-preview":"max-image-preview:large","max-video-preview":"max-video-preview:-1"},"canonical":"https:\/\/wm.pb.edu.pl\/kapp\/nauka\/staze\/","twitter_misc":{"Szacowany czas czytania":"4 minuty"},"schema":{"@context":"https:\/\/schema.org","@graph":[{"@type":"WebPage","@id":"https:\/\/wm.pb.edu.pl\/kapp\/nauka\/staze\/","url":"https:\/\/wm.pb.edu.pl\/kapp\/nauka\/staze\/","name":"Sta\u017ce - Katedra Automatyzacji Proces\u00f3w Przemys\u0142owych","isPartOf":{"@id":"https:\/\/wm.pb.edu.pl\/kapp\/#website"},"datePublished":"2024-02-08T12:33:06+00:00","dateModified":"2024-02-08T12:54:11+00:00","breadcrumb":{"@id":"https:\/\/wm.pb.edu.pl\/kapp\/nauka\/staze\/#breadcrumb"},"inLanguage":"pl-PL","potentialAction":[{"@type":"ReadAction","target":["https:\/\/wm.pb.edu.pl\/kapp\/nauka\/staze\/"]}]},{"@type":"BreadcrumbList","@id":"https:\/\/wm.pb.edu.pl\/kapp\/nauka\/staze\/#breadcrumb","itemListElement":[{"@type":"ListItem","position":1,"name":"Strona g\u0142\u00f3wna","item":"https:\/\/wm.pb.edu.pl\/kapp\/"},{"@type":"ListItem","position":2,"name":"Nauka","item":"https:\/\/wm.pb.edu.pl\/kapp\/nauka\/"},{"@type":"ListItem","position":3,"name":"Sta\u017ce"}]},{"@type":"WebSite","@id":"https:\/\/wm.pb.edu.pl\/kapp\/#website","url":"https:\/\/wm.pb.edu.pl\/kapp\/","name":"Katedra Automatyzacji Proces\u00f3w Przemys\u0142owych","description":"","potentialAction":[{"@type":"SearchAction","target":{"@type":"EntryPoint","urlTemplate":"https:\/\/wm.pb.edu.pl\/kapp\/?s={search_term_string}"},"query-input":{"@type":"PropertyValueSpecification","valueRequired":true,"valueName":"search_term_string"}}],"inLanguage":"pl-PL"}]}},"_links":{"self":[{"href":"https:\/\/wm.pb.edu.pl\/kapp\/wp-json\/wp\/v2\/pages\/681","targetHints":{"allow":["GET"]}}],"collection":[{"href":"https:\/\/wm.pb.edu.pl\/kapp\/wp-json\/wp\/v2\/pages"}],"about":[{"href":"https:\/\/wm.pb.edu.pl\/kapp\/wp-json\/wp\/v2\/types\/page"}],"author":[{"embeddable":true,"href":"https:\/\/wm.pb.edu.pl\/kapp\/wp-json\/wp\/v2\/users\/14"}],"replies":[{"embeddable":true,"href":"https:\/\/wm.pb.edu.pl\/kapp\/wp-json\/wp\/v2\/comments?post=681"}],"version-history":[{"count":9,"href":"https:\/\/wm.pb.edu.pl\/kapp\/wp-json\/wp\/v2\/pages\/681\/revisions"}],"predecessor-version":[{"id":691,"href":"https:\/\/wm.pb.edu.pl\/kapp\/wp-json\/wp\/v2\/pages\/681\/revisions\/691"}],"up":[{"embeddable":true,"href":"https:\/\/wm.pb.edu.pl\/kapp\/wp-json\/wp\/v2\/pages\/24"}],"wp:attachment":[{"href":"https:\/\/wm.pb.edu.pl\/kapp\/wp-json\/wp\/v2\/media?parent=681"}],"curies":[{"name":"wp","href":"https:\/\/api.w.org\/{rel}","templated":true}]}}