{"id":37,"date":"2019-10-09T11:27:00","date_gmt":"2019-10-09T09:27:00","guid":{"rendered":"https:\/\/wm.pb.edu.pl\/kbiem\/?page_id=37"},"modified":"2026-03-31T10:33:27","modified_gmt":"2026-03-31T08:33:27","slug":"pracownicy","status":"publish","type":"page","link":"https:\/\/wm.pb.edu.pl\/kbiem\/pracownicy\/","title":{"rendered":"Pracownicy"},"content":{"rendered":"<h2><span style=\"font-size: 14pt\">Pracownicy badawczo-dydaktyczni<\/span><\/h2>\n<table class=\"table table-bordered\" style=\"width: 100.015%\">\n<thead>\n<tr>\n<th style=\"width: 15.7546%\"><strong>Imi\u0119 i Nazwisko<\/strong><\/th>\n<th style=\"width: 18.9884%\">Stopie\u0144\/tytu\u0142 naukowy<\/th>\n<th style=\"width: 13.5987%\">Pok\u00f3j<\/th>\n<th style=\"width: 10.4478%\"><strong>Telefon<\/strong><\/th>\n<th style=\"width: 22.5539%\"><strong>e-mail<\/strong><\/th>\n<th style=\"width: 18.6567%\"><strong>Baza wiedzy<\/strong><\/th>\n<\/tr>\n<\/thead>\n<tbody>\n<tr style=\"height: 60px\">\n<td style=\"width: 15.7546%;height: 60px\" width=\"140\"><strong>Szpica Dariusz<\/strong><\/td>\n<td style=\"width: 18.9884%;height: 60px\" width=\"121\"><strong>dr hab. in\u017c.<\/strong><\/td>\n<td style=\"width: 13.5987%;height: 60px\" width=\"52\"><strong>M-205<\/strong><\/td>\n<td style=\"width: 10.4478%;height: 60px\" width=\"104\"><strong>571-443-076<\/strong><\/td>\n<td style=\"width: 22.5539%;height: 60px\" width=\"168\"><strong>d.szpica[at]pb.edu.pl<\/strong><\/td>\n<td style=\"width: 18.6567%;height: 36px;text-align: left\"><a title=\"Otworzy si\u0119 w nowej karcie\" href=\"https:\/\/bazawiedzy.pb.edu.pl\/info\/author\/BUT56badf945c5f4f05b2d733e99f0252a5\/Profil%2Bosoby%2B%25E2%2580%2593%2BDariusz%2BSzpica%2B%25E2%2580%2593%2BPolitechnika%2BBia%25C5%2582ostocka?aq=%40status%3APRACOWNIK*%2Cauthorprofile%2F%40possitionPL%3Aprofesor%2C%40active%3D%27true%27%2C%40virt_affiliation%3ABUTb33293285f694bcabcd297b87e68bda9&amp;r=author&amp;ps=20&amp;tab=&amp;lang=pl\" target=\"_blank\" rel=\"noopener noreferrer\">Baza wiedzy<\/a><\/td>\n<\/tr>\n<tr style=\"height: 61px\">\n<td style=\"width: 15.7546%;height: 61px\" width=\"140\">Kami\u0144ski Zbigniew<\/td>\n<td style=\"width: 18.9884%;height: 61px\" width=\"121\">&nbsp;dr hab. in\u017c.<\/td>\n<td style=\"width: 13.5987%;height: 61px\" width=\"52\">M-207<\/td>\n<td style=\"width: 10.4478%;height: 61px\" width=\"104\">571-443-071<\/td>\n<td style=\"width: 22.5539%;height: 61px\" width=\"168\">z.kaminski[at]pb.edu.pl<\/td>\n<td style=\"width: 18.6567%;height: 36px;text-align: left\"><a title=\"Otworzy si\u0119 w nowej karcie\" href=\"https:\/\/bazawiedzy.pb.edu.pl\/info\/author\/BUT8d63890ac867436ba2246121b366198f\/Profil%2Bosoby%2B%25E2%2580%2593%2BZbigniew%2BKami%25C5%2584ski%2B%25E2%2580%2593%2BPolitechnika%2BBia%25C5%2582ostocka?aq=%40status%3APRACOWNIK*%2Cauthorprofile%2F%40possitionPL%3Aprofesor%2C%40active%3D%27true%27%2C%40virt_affiliation%3ABUTb33293285f694bcabcd297b87e68bda9&amp;r=author&amp;ps=20&amp;tab=&amp;lang=pl\" target=\"_blank\" rel=\"noopener noreferrer\">Baza wiedzy<\/a><\/td>\n<\/tr>\n<tr style=\"height: 61px\">\n<td style=\"width: 15.7546%;height: 61px\" width=\"140\">Szusta Jaros\u0142aw<\/td>\n<td style=\"width: 18.9884%;height: 61px\" width=\"121\">dr hab. in\u017c.<\/td>\n<td style=\"width: 13.5987%;height: 61px\" width=\"52\">M-213<\/td>\n<td style=\"width: 10.4478%;height: 61px\" width=\"104\">571-443-037<\/td>\n<td style=\"width: 22.5539%;height: 61px\" width=\"168\">j.szusta[at]pb.edu.pl<\/td>\n<td style=\"width: 18.6567%;height: 36px;text-align: left\"><a title=\"Otworzy si\u0119 w nowej karcie\" href=\"https:\/\/bazawiedzy.pb.edu.pl\/info\/author\/BUT2883f91bc3d240c78aa6ec21186f52ed\/Profil%2Bosoby%2B%25E2%2580%2593%2BJaros%25C5%2582aw%2BSzusta%2B%25E2%2580%2593%2BPolitechnika%2BBia%25C5%2582ostocka?aq=%40status%3APRACOWNIK*%2Cauthorprofile%2F%40possitionPL%3Aprofesor%2C%40active%3D%27true%27%2C%40virt_affiliation%3ABUTb33293285f694bcabcd297b87e68bda9&amp;r=author&amp;ps=20&amp;tab=&amp;lang=pl\" target=\"_blank\" rel=\"noopener noreferrer\">Baza wiedzy<\/a><\/td>\n<\/tr>\n<tr style=\"height: 61px\">\n<td style=\"width: 15.7546%;height: 61px\" width=\"140\">Borawski Andrzej<\/td>\n<td style=\"width: 18.9884%;height: 61px\" width=\"121\">dr hab. in\u017c.<\/td>\n<td style=\"width: 13.5987%;height: 61px\" width=\"52\">M-203<\/td>\n<td style=\"width: 10.4478%;height: 61px\" width=\"104\">571-443-067<\/td>\n<td style=\"width: 22.5539%;height: 61px\" width=\"168\">a.borawski[at]pb.edu.pl<\/td>\n<td style=\"width: 18.6567%;height: 36px;text-align: left\"><a title=\"Otworzy si\u0119 w nowej karcie\" href=\"https:\/\/bazawiedzy.pb.edu.pl\/info\/author\/BUTc46a87484f64453e966216a028f76b61\/Profil%2Bosoby%2B%25E2%2580%2593%2BAndrzej%2BBorawski%2B%25E2%2580%2593%2BPolitechnika%2BBia%25C5%2582ostocka?aq=%40status%3APRACOWNIK*%2Cauthorprofile%2F%40possitionPL%3Aadiunkt%2C%40active%3D%27true%27%2C%40virt_affiliation%3ABUTb33293285f694bcabcd297b87e68bda9&amp;r=author&amp;ps=20&amp;tab=&amp;lang=pl\" target=\"_blank\" rel=\"noopener noreferrer\">Baza wiedzy<\/a><\/td>\n<\/tr>\n<tr style=\"height: 61px\">\n<td style=\"width: 15.7546%;height: 61px\" width=\"140\">Czaban&nbsp; Jaros\u0142aw<\/td>\n<td style=\"width: 18.9884%;height: 61px\" width=\"121\">&nbsp;dr&nbsp;in\u017c.<\/td>\n<td style=\"width: 13.5987%;height: 61px\" width=\"52\">M-207<\/td>\n<td style=\"width: 10.4478%;height: 61px\" width=\"104\">571-443-068<\/td>\n<td style=\"width: 22.5539%;height: 61px\" width=\"168\">j.czaban[at]pb.edu.pl<\/td>\n<td style=\"width: 18.6567%;height: 36px;text-align: left\"><a title=\"Otworzy si\u0119 w nowej karcie\" href=\"https:\/\/bazawiedzy.pb.edu.pl\/info\/author\/BUT1ae46ea4c95449e7833f0a8676fd0654\/Profil%2Bosoby%2B%25E2%2580%2593%2BJaros%25C5%2582aw%2BCzaban%2B%25E2%2580%2593%2BPolitechnika%2BBia%25C5%2582ostocka?aq=%40status%3APRACOWNIK*%2Cauthorprofile%2F%40possitionPL%3Aadiunkt%2C%40active%3D%27true%27%2C%40virt_affiliation%3ABUTb33293285f694bcabcd297b87e68bda9&amp;r=author&amp;ps=20&amp;tab=&amp;lang=pl\" target=\"_blank\" rel=\"noopener noreferrer\">Baza wiedzy<\/a><\/td>\n<\/tr>\n<tr style=\"height: 61px\">\n<td style=\"width: 15.7546%;height: 61px\" width=\"140\">\u0141ukaszewicz Andrzej<\/td>\n<td style=\"width: 18.9884%;height: 61px\" width=\"121\">&nbsp;dr&nbsp;in\u017c.<\/td>\n<td style=\"width: 13.5987%;height: 61px\" width=\"52\">M-211<\/td>\n<td style=\"width: 10.4478%;height: 61px\" width=\"104\">571-443-115<\/td>\n<td style=\"width: 22.5539%;height: 61px\" width=\"168\">a.lukaszewicz[at]pb.edu.pl<\/td>\n<td style=\"width: 18.6567%;height: 36px;text-align: left\"><a title=\"Otworzy si\u0119 w nowej karcie\" href=\"https:\/\/bazawiedzy.pb.edu.pl\/info\/author\/BUT44f4c87e8a414708a7e076b3ed5f6f32\/Ewa%2BPaw%25C5%2582uszewicz?tab=main&amp;conversationPropagation=join&amp;sort=&amp;lang=pl&amp;cid=646191\" target=\"_blank\" rel=\"noopener noreferrer\">Baza wiedzy<\/a><\/td>\n<\/tr>\n<tr style=\"height: 61px\">\n<td style=\"width: 15.7546%;height: 61px\" width=\"140\">Mieczkowski Grzegorz<\/td>\n<td style=\"width: 18.9884%;height: 61px\" width=\"121\">dr hab. in\u017c.<\/td>\n<td style=\"width: 13.5987%;height: 61px\" width=\"52\">M-217<\/td>\n<td style=\"width: 10.4478%;height: 61px\" width=\"104\">571-443-073<\/td>\n<td style=\"width: 22.5539%;height: 61px\" width=\"168\">g.mieczkowski[at]pb.edu.pl<\/td>\n<td style=\"width: 18.6567%;height: 36px;text-align: left\"><a title=\"Otworzy si\u0119 w nowej karcie\" href=\"https:\/\/bazawiedzy.pb.edu.pl\/info\/author\/BUTbfddd86d0d6846c7bdb698c66a83267e\/Profil%2Bosoby%2B%25E2%2580%2593%2BGrzegorz%2BMieczkowski%2B%25E2%2580%2593%2BPolitechnika%2BBia%25C5%2582ostocka?aq=%40status%3APRACOWNIK*%2Cauthorprofile%2F%40possitionPL%3Aadiunkt%2C%40active%3D%27true%27%2C%40virt_affiliation%3ABUTb33293285f694bcabcd297b87e68bda9&amp;r=author&amp;ps=20&amp;tab=&amp;lang=pl\" target=\"_blank\" rel=\"noopener noreferrer\">Baza wiedzy<\/a><\/td>\n<\/tr>\n<tr style=\"height: 61px\">\n<td style=\"width: 15.7546%;height: 61px\" width=\"140\">Tarasiuk Piotr<\/td>\n<td style=\"width: 18.9884%;height: 61px\" width=\"121\">&nbsp;dr&nbsp;in\u017c.<\/td>\n<td style=\"width: 13.5987%;height: 61px\" width=\"52\">M-211<\/td>\n<td style=\"width: 10.4478%;height: 61px\" width=\"104\">&nbsp;571-443-077<\/td>\n<td style=\"width: 22.5539%;height: 61px\" width=\"168\">p.tarasiuk[at]pb.edu.pl<\/td>\n<td style=\"width: 18.6567%;height: 36px;text-align: left\"><a title=\"Otworzy si\u0119 w nowej karcie\" href=\"https:\/\/bazawiedzy.pb.edu.pl\/info\/author\/BUTc7c8b48da49e475e9bb45222e59fa1c3\/Profil%2Bosoby%2B%25E2%2580%2593%2BPiotr%2BTarasiuk%2B%25E2%2580%2593%2BPolitechnika%2BBia%25C5%2582ostocka?aq=%40status%3APRACOWNIK*%2Cauthorprofile%2F%40possitionPL%3Aadiunkt%2C%40active%3D%27true%27%2C%40virt_affiliation%3ABUTb33293285f694bcabcd297b87e68bda9&amp;r=author&amp;ps=20&amp;tab=&amp;lang=pl\" target=\"_blank\" rel=\"noopener noreferrer\">Baza wiedzy<\/a><\/td>\n<\/tr>\n<\/tbody>\n<\/table>\n<h3>Pracownicy in\u017cynieryjno-techniczni:<\/h3>\n<table class=\"table table-bordered\">\n<thead><\/thead>\n<tbody>\n<tr style=\"height: 61px\">\n<td style=\"width: 235.746px;height: 61px\" width=\"140\">Laskowski Daniel<\/td>\n<td style=\"width: 288.389px;height: 61px\" width=\"121\">&nbsp;mgr&nbsp;in\u017c.<\/td>\n<td style=\"width: 219.724px;height: 61px\" width=\"52\">M-607<\/td>\n<td style=\"width: 154.494px;height: 61px\" width=\"104\">797-995-907<\/td>\n<td style=\"width: 307.842px;height: 61px\" width=\"168\">d.laskowski[at]pb.edu.pl<\/td>\n<\/tr>\n<tr style=\"height: 61px\">\n<td style=\"width: 235.746px;height: 61px\" width=\"140\">Ostrowski Bartosz<\/td>\n<td style=\"width: 288.389px;height: 61px\" width=\"121\">&nbsp;mgr&nbsp;in\u017c.<\/td>\n<td style=\"width: 219.724px;height: 61px\" width=\"52\">M-607<\/td>\n<td style=\"width: 154.494px;height: 61px\" width=\"104\">797-995-908<\/td>\n<td style=\"width: 307.842px;height: 61px\" width=\"168\">b.ostrowski[at]pb.edu.pl<\/td>\n<\/tr>\n<\/tbody>\n<\/table>\n","protected":false},"excerpt":{"rendered":"<p>Pracownicy badawczo-dydaktyczni Imi\u0119 i Nazwisko Stopie\u0144\/tytu\u0142 naukowy Pok\u00f3j Telefon e-mail Baza wiedzy Szpica Dariusz dr<a class=\"read-more\" href=\"https:\/\/wm.pb.edu.pl\/kbiem\/pracownicy\/\" title=\"Poka\u017c artyku\u0142 Pracownicy\">wi\u0119cej<\/a><\/p>\n","protected":false},"author":2,"featured_media":0,"parent":0,"menu_order":0,"comment_status":"closed","ping_status":"closed","template":"","meta":{"inline_featured_image":false,"ngg_post_thumbnail":0,"footnotes":""},"class_list":["post-37","page","type-page","status-publish","hentry"],"acf":[],"yoast_head":"<!-- This site is optimized with the Yoast SEO plugin v26.4 - https:\/\/yoast.com\/wordpress\/plugins\/seo\/ -->\n<title>Pracownicy - Katedra Budowy i Eksploatacji Maszyn<\/title>\n<meta name=\"robots\" content=\"index, follow, max-snippet:-1, max-image-preview:large, max-video-preview:-1\" \/>\n<link rel=\"canonical\" href=\"https:\/\/wm.pb.edu.pl\/kbiem\/pracownicy\/\" \/>\n<meta property=\"og:locale\" content=\"pl_PL\" \/>\n<meta property=\"og:type\" content=\"article\" \/>\n<meta property=\"og:title\" content=\"Pracownicy - Katedra Budowy i Eksploatacji Maszyn\" \/>\n<meta property=\"og:description\" content=\"Pracownicy badawczo-dydaktyczni Imi\u0119 i Nazwisko Stopie\u0144\/tytu\u0142 naukowy Pok\u00f3j Telefon e-mail Baza wiedzy Szpica Dariusz drwi\u0119cej\" \/>\n<meta property=\"og:url\" content=\"https:\/\/wm.pb.edu.pl\/kbiem\/pracownicy\/\" \/>\n<meta property=\"og:site_name\" content=\"Katedra Budowy i Eksploatacji Maszyn\" \/>\n<meta property=\"article:modified_time\" content=\"2026-03-31T08:33:27+00:00\" \/>\n<meta name=\"twitter:card\" content=\"summary_large_image\" \/>\n<meta name=\"twitter:label1\" content=\"Szacowany czas czytania\" \/>\n\t<meta name=\"twitter:data1\" content=\"1 minuta\" \/>\n<script type=\"application\/ld+json\" class=\"yoast-schema-graph\">{\"@context\":\"https:\/\/schema.org\",\"@graph\":[{\"@type\":\"WebPage\",\"@id\":\"https:\/\/wm.pb.edu.pl\/kbiem\/pracownicy\/\",\"url\":\"https:\/\/wm.pb.edu.pl\/kbiem\/pracownicy\/\",\"name\":\"Pracownicy - Katedra Budowy i Eksploatacji Maszyn\",\"isPartOf\":{\"@id\":\"https:\/\/wm.pb.edu.pl\/kbiem\/#website\"},\"datePublished\":\"2019-10-09T09:27:00+00:00\",\"dateModified\":\"2026-03-31T08:33:27+00:00\",\"breadcrumb\":{\"@id\":\"https:\/\/wm.pb.edu.pl\/kbiem\/pracownicy\/#breadcrumb\"},\"inLanguage\":\"pl-PL\",\"potentialAction\":[{\"@type\":\"ReadAction\",\"target\":[\"https:\/\/wm.pb.edu.pl\/kbiem\/pracownicy\/\"]}]},{\"@type\":\"BreadcrumbList\",\"@id\":\"https:\/\/wm.pb.edu.pl\/kbiem\/pracownicy\/#breadcrumb\",\"itemListElement\":[{\"@type\":\"ListItem\",\"position\":1,\"name\":\"Strona g\u0142\u00f3wna\",\"item\":\"https:\/\/wm.pb.edu.pl\/kbiem\/\"},{\"@type\":\"ListItem\",\"position\":2,\"name\":\"Pracownicy\"}]},{\"@type\":\"WebSite\",\"@id\":\"https:\/\/wm.pb.edu.pl\/kbiem\/#website\",\"url\":\"https:\/\/wm.pb.edu.pl\/kbiem\/\",\"name\":\"Katedra Budowy i Eksploatacji Maszyn\",\"description\":\"Kolejna witryna sieci &#8222;WM Witryn&#8221;\",\"potentialAction\":[{\"@type\":\"SearchAction\",\"target\":{\"@type\":\"EntryPoint\",\"urlTemplate\":\"https:\/\/wm.pb.edu.pl\/kbiem\/?s={search_term_string}\"},\"query-input\":{\"@type\":\"PropertyValueSpecification\",\"valueRequired\":true,\"valueName\":\"search_term_string\"}}],\"inLanguage\":\"pl-PL\"}]}<\/script>\n<!-- \/ Yoast SEO plugin. -->","yoast_head_json":{"title":"Pracownicy - Katedra Budowy i Eksploatacji Maszyn","robots":{"index":"index","follow":"follow","max-snippet":"max-snippet:-1","max-image-preview":"max-image-preview:large","max-video-preview":"max-video-preview:-1"},"canonical":"https:\/\/wm.pb.edu.pl\/kbiem\/pracownicy\/","og_locale":"pl_PL","og_type":"article","og_title":"Pracownicy - Katedra Budowy i Eksploatacji Maszyn","og_description":"Pracownicy badawczo-dydaktyczni Imi\u0119 i Nazwisko Stopie\u0144\/tytu\u0142 naukowy Pok\u00f3j Telefon e-mail Baza wiedzy Szpica Dariusz drwi\u0119cej","og_url":"https:\/\/wm.pb.edu.pl\/kbiem\/pracownicy\/","og_site_name":"Katedra Budowy i Eksploatacji Maszyn","article_modified_time":"2026-03-31T08:33:27+00:00","twitter_card":"summary_large_image","twitter_misc":{"Szacowany czas czytania":"1 minuta"},"schema":{"@context":"https:\/\/schema.org","@graph":[{"@type":"WebPage","@id":"https:\/\/wm.pb.edu.pl\/kbiem\/pracownicy\/","url":"https:\/\/wm.pb.edu.pl\/kbiem\/pracownicy\/","name":"Pracownicy - Katedra Budowy i Eksploatacji Maszyn","isPartOf":{"@id":"https:\/\/wm.pb.edu.pl\/kbiem\/#website"},"datePublished":"2019-10-09T09:27:00+00:00","dateModified":"2026-03-31T08:33:27+00:00","breadcrumb":{"@id":"https:\/\/wm.pb.edu.pl\/kbiem\/pracownicy\/#breadcrumb"},"inLanguage":"pl-PL","potentialAction":[{"@type":"ReadAction","target":["https:\/\/wm.pb.edu.pl\/kbiem\/pracownicy\/"]}]},{"@type":"BreadcrumbList","@id":"https:\/\/wm.pb.edu.pl\/kbiem\/pracownicy\/#breadcrumb","itemListElement":[{"@type":"ListItem","position":1,"name":"Strona g\u0142\u00f3wna","item":"https:\/\/wm.pb.edu.pl\/kbiem\/"},{"@type":"ListItem","position":2,"name":"Pracownicy"}]},{"@type":"WebSite","@id":"https:\/\/wm.pb.edu.pl\/kbiem\/#website","url":"https:\/\/wm.pb.edu.pl\/kbiem\/","name":"Katedra Budowy i Eksploatacji Maszyn","description":"Kolejna witryna sieci &#8222;WM Witryn&#8221;","potentialAction":[{"@type":"SearchAction","target":{"@type":"EntryPoint","urlTemplate":"https:\/\/wm.pb.edu.pl\/kbiem\/?s={search_term_string}"},"query-input":{"@type":"PropertyValueSpecification","valueRequired":true,"valueName":"search_term_string"}}],"inLanguage":"pl-PL"}]}},"_links":{"self":[{"href":"https:\/\/wm.pb.edu.pl\/kbiem\/wp-json\/wp\/v2\/pages\/37","targetHints":{"allow":["GET"]}}],"collection":[{"href":"https:\/\/wm.pb.edu.pl\/kbiem\/wp-json\/wp\/v2\/pages"}],"about":[{"href":"https:\/\/wm.pb.edu.pl\/kbiem\/wp-json\/wp\/v2\/types\/page"}],"author":[{"embeddable":true,"href":"https:\/\/wm.pb.edu.pl\/kbiem\/wp-json\/wp\/v2\/users\/2"}],"replies":[{"embeddable":true,"href":"https:\/\/wm.pb.edu.pl\/kbiem\/wp-json\/wp\/v2\/comments?post=37"}],"version-history":[{"count":33,"href":"https:\/\/wm.pb.edu.pl\/kbiem\/wp-json\/wp\/v2\/pages\/37\/revisions"}],"predecessor-version":[{"id":180,"href":"https:\/\/wm.pb.edu.pl\/kbiem\/wp-json\/wp\/v2\/pages\/37\/revisions\/180"}],"wp:attachment":[{"href":"https:\/\/wm.pb.edu.pl\/kbiem\/wp-json\/wp\/v2\/media?parent=37"}],"curies":[{"name":"wp","href":"https:\/\/api.w.org\/{rel}","templated":true}]}}