{"id":43,"date":"2019-10-09T11:46:50","date_gmt":"2019-10-09T09:46:50","guid":{"rendered":"https:\/\/wm.pb.edu.pl\/kbiem\/?page_id=43"},"modified":"2022-06-01T08:28:52","modified_gmt":"2022-06-01T06:28:52","slug":"kierunki-badan","status":"publish","type":"page","link":"https:\/\/wm.pb.edu.pl\/kbiem\/nauka\/kierunki-badan\/","title":{"rendered":"Kierunki bada\u0144"},"content":{"rendered":"<p>Dzia\u0142alno\u015b\u0107 naukowo \u2013 badawcza Katedry Budowy i Eksploatacji Maszyn koncentruje si\u0119 wok\u00f3\u0142 kierunk\u00f3w:<\/p>\n<ul style=\"list-style-type: square\">\n<li>badania do\u015bwiadczalne i modelowanie pneumatycznych uk\u0142ad\u00f3w hamulcowych pojazd\u00f3w rolniczych<\/li>\n<li>badania element\u00f3w roboczych uk\u0142ad\u00f3w hamulcowych pojazd\u00f3w<\/li>\n<li>alternatywne \u017ar\u00f3d\u0142a energii<\/li>\n<li>klasyczne i alternatywne uk\u0142ady zasilania silnik\u00f3w spalinowych<\/li>\n<li>zagadnienia tarcia w procesach technologicznych oraz w\u0119z\u0142ach konstrukcyjnych<\/li>\n<li>wytrzyma\u0142o\u015b\u0107 zm\u0119czeniowa i p\u0119kania materia\u0142\u00f3w niejednorodnych oraz po\u0142\u0105cze\u0144 spawanych<\/li>\n<li>badania w\u0142asno\u015bci tribologicznych, termicznych i mechanicznych materia\u0142\u00f3w kompozytowych (kompozyty tradycyjne i hybrydowe)<\/li>\n<li>analityczne modelowanie przetwornik\u00f3w piezoelektrycznych<\/li>\n<\/ul>\n","protected":false},"excerpt":{"rendered":"<p>Dzia\u0142alno\u015b\u0107 naukowo \u2013 badawcza Katedry Budowy i Eksploatacji Maszyn koncentruje si\u0119 wok\u00f3\u0142 kierunk\u00f3w: badania do\u015bwiadczalne<a class=\"read-more\" href=\"https:\/\/wm.pb.edu.pl\/kbiem\/nauka\/kierunki-badan\/\" title=\"Poka\u017c artyku\u0142 Kierunki bada\u0144\">wi\u0119cej<\/a><\/p>\n","protected":false},"author":2,"featured_media":0,"parent":33,"menu_order":1,"comment_status":"closed","ping_status":"closed","template":"","meta":{"inline_featured_image":false,"ngg_post_thumbnail":0,"footnotes":""},"class_list":["post-43","page","type-page","status-publish","hentry"],"acf":[],"yoast_head":"<!-- This site is optimized with the Yoast SEO plugin v26.4 - https:\/\/yoast.com\/wordpress\/plugins\/seo\/ -->\n<title>Kierunki bada\u0144 - Katedra Budowy i Eksploatacji Maszyn<\/title>\n<meta name=\"robots\" content=\"index, follow, max-snippet:-1, max-image-preview:large, max-video-preview:-1\" \/>\n<link rel=\"canonical\" href=\"https:\/\/wm.pb.edu.pl\/kbiem\/nauka\/kierunki-badan\/\" \/>\n<meta property=\"og:locale\" content=\"pl_PL\" \/>\n<meta property=\"og:type\" content=\"article\" \/>\n<meta property=\"og:title\" content=\"Kierunki bada\u0144 - Katedra Budowy i Eksploatacji Maszyn\" \/>\n<meta property=\"og:description\" content=\"Dzia\u0142alno\u015b\u0107 naukowo \u2013 badawcza Katedry Budowy i Eksploatacji Maszyn koncentruje si\u0119 wok\u00f3\u0142 kierunk\u00f3w: badania do\u015bwiadczalnewi\u0119cej\" \/>\n<meta property=\"og:url\" content=\"https:\/\/wm.pb.edu.pl\/kbiem\/nauka\/kierunki-badan\/\" \/>\n<meta property=\"og:site_name\" content=\"Katedra Budowy i Eksploatacji Maszyn\" \/>\n<meta property=\"article:modified_time\" content=\"2022-06-01T06:28:52+00:00\" \/>\n<meta name=\"twitter:card\" content=\"summary_large_image\" \/>\n<script type=\"application\/ld+json\" class=\"yoast-schema-graph\">{\"@context\":\"https:\/\/schema.org\",\"@graph\":[{\"@type\":\"WebPage\",\"@id\":\"https:\/\/wm.pb.edu.pl\/kbiem\/nauka\/kierunki-badan\/\",\"url\":\"https:\/\/wm.pb.edu.pl\/kbiem\/nauka\/kierunki-badan\/\",\"name\":\"Kierunki bada\u0144 - Katedra Budowy i Eksploatacji Maszyn\",\"isPartOf\":{\"@id\":\"https:\/\/wm.pb.edu.pl\/kbiem\/#website\"},\"datePublished\":\"2019-10-09T09:46:50+00:00\",\"dateModified\":\"2022-06-01T06:28:52+00:00\",\"breadcrumb\":{\"@id\":\"https:\/\/wm.pb.edu.pl\/kbiem\/nauka\/kierunki-badan\/#breadcrumb\"},\"inLanguage\":\"pl-PL\",\"potentialAction\":[{\"@type\":\"ReadAction\",\"target\":[\"https:\/\/wm.pb.edu.pl\/kbiem\/nauka\/kierunki-badan\/\"]}]},{\"@type\":\"BreadcrumbList\",\"@id\":\"https:\/\/wm.pb.edu.pl\/kbiem\/nauka\/kierunki-badan\/#breadcrumb\",\"itemListElement\":[{\"@type\":\"ListItem\",\"position\":1,\"name\":\"Strona g\u0142\u00f3wna\",\"item\":\"https:\/\/wm.pb.edu.pl\/kbiem\/\"},{\"@type\":\"ListItem\",\"position\":2,\"name\":\"Nauka\",\"item\":\"https:\/\/wm.pb.edu.pl\/kbiem\/nauka\/\"},{\"@type\":\"ListItem\",\"position\":3,\"name\":\"Kierunki bada\u0144\"}]},{\"@type\":\"WebSite\",\"@id\":\"https:\/\/wm.pb.edu.pl\/kbiem\/#website\",\"url\":\"https:\/\/wm.pb.edu.pl\/kbiem\/\",\"name\":\"Katedra Budowy i Eksploatacji Maszyn\",\"description\":\"Kolejna witryna sieci &#8222;WM Witryn&#8221;\",\"potentialAction\":[{\"@type\":\"SearchAction\",\"target\":{\"@type\":\"EntryPoint\",\"urlTemplate\":\"https:\/\/wm.pb.edu.pl\/kbiem\/?s={search_term_string}\"},\"query-input\":{\"@type\":\"PropertyValueSpecification\",\"valueRequired\":true,\"valueName\":\"search_term_string\"}}],\"inLanguage\":\"pl-PL\"}]}<\/script>\n<!-- \/ Yoast SEO plugin. -->","yoast_head_json":{"title":"Kierunki bada\u0144 - Katedra Budowy i Eksploatacji Maszyn","robots":{"index":"index","follow":"follow","max-snippet":"max-snippet:-1","max-image-preview":"max-image-preview:large","max-video-preview":"max-video-preview:-1"},"canonical":"https:\/\/wm.pb.edu.pl\/kbiem\/nauka\/kierunki-badan\/","og_locale":"pl_PL","og_type":"article","og_title":"Kierunki bada\u0144 - Katedra Budowy i Eksploatacji Maszyn","og_description":"Dzia\u0142alno\u015b\u0107 naukowo \u2013 badawcza Katedry Budowy i Eksploatacji Maszyn koncentruje si\u0119 wok\u00f3\u0142 kierunk\u00f3w: badania do\u015bwiadczalnewi\u0119cej","og_url":"https:\/\/wm.pb.edu.pl\/kbiem\/nauka\/kierunki-badan\/","og_site_name":"Katedra Budowy i Eksploatacji Maszyn","article_modified_time":"2022-06-01T06:28:52+00:00","twitter_card":"summary_large_image","schema":{"@context":"https:\/\/schema.org","@graph":[{"@type":"WebPage","@id":"https:\/\/wm.pb.edu.pl\/kbiem\/nauka\/kierunki-badan\/","url":"https:\/\/wm.pb.edu.pl\/kbiem\/nauka\/kierunki-badan\/","name":"Kierunki bada\u0144 - Katedra Budowy i Eksploatacji Maszyn","isPartOf":{"@id":"https:\/\/wm.pb.edu.pl\/kbiem\/#website"},"datePublished":"2019-10-09T09:46:50+00:00","dateModified":"2022-06-01T06:28:52+00:00","breadcrumb":{"@id":"https:\/\/wm.pb.edu.pl\/kbiem\/nauka\/kierunki-badan\/#breadcrumb"},"inLanguage":"pl-PL","potentialAction":[{"@type":"ReadAction","target":["https:\/\/wm.pb.edu.pl\/kbiem\/nauka\/kierunki-badan\/"]}]},{"@type":"BreadcrumbList","@id":"https:\/\/wm.pb.edu.pl\/kbiem\/nauka\/kierunki-badan\/#breadcrumb","itemListElement":[{"@type":"ListItem","position":1,"name":"Strona g\u0142\u00f3wna","item":"https:\/\/wm.pb.edu.pl\/kbiem\/"},{"@type":"ListItem","position":2,"name":"Nauka","item":"https:\/\/wm.pb.edu.pl\/kbiem\/nauka\/"},{"@type":"ListItem","position":3,"name":"Kierunki bada\u0144"}]},{"@type":"WebSite","@id":"https:\/\/wm.pb.edu.pl\/kbiem\/#website","url":"https:\/\/wm.pb.edu.pl\/kbiem\/","name":"Katedra Budowy i Eksploatacji Maszyn","description":"Kolejna witryna sieci &#8222;WM Witryn&#8221;","potentialAction":[{"@type":"SearchAction","target":{"@type":"EntryPoint","urlTemplate":"https:\/\/wm.pb.edu.pl\/kbiem\/?s={search_term_string}"},"query-input":{"@type":"PropertyValueSpecification","valueRequired":true,"valueName":"search_term_string"}}],"inLanguage":"pl-PL"}]}},"_links":{"self":[{"href":"https:\/\/wm.pb.edu.pl\/kbiem\/wp-json\/wp\/v2\/pages\/43","targetHints":{"allow":["GET"]}}],"collection":[{"href":"https:\/\/wm.pb.edu.pl\/kbiem\/wp-json\/wp\/v2\/pages"}],"about":[{"href":"https:\/\/wm.pb.edu.pl\/kbiem\/wp-json\/wp\/v2\/types\/page"}],"author":[{"embeddable":true,"href":"https:\/\/wm.pb.edu.pl\/kbiem\/wp-json\/wp\/v2\/users\/2"}],"replies":[{"embeddable":true,"href":"https:\/\/wm.pb.edu.pl\/kbiem\/wp-json\/wp\/v2\/comments?post=43"}],"version-history":[{"count":6,"href":"https:\/\/wm.pb.edu.pl\/kbiem\/wp-json\/wp\/v2\/pages\/43\/revisions"}],"predecessor-version":[{"id":159,"href":"https:\/\/wm.pb.edu.pl\/kbiem\/wp-json\/wp\/v2\/pages\/43\/revisions\/159"}],"up":[{"embeddable":true,"href":"https:\/\/wm.pb.edu.pl\/kbiem\/wp-json\/wp\/v2\/pages\/33"}],"wp:attachment":[{"href":"https:\/\/wm.pb.edu.pl\/kbiem\/wp-json\/wp\/v2\/media?parent=43"}],"curies":[{"name":"wp","href":"https:\/\/api.w.org\/{rel}","templated":true}]}}