{"id":45,"date":"2019-10-09T11:47:18","date_gmt":"2019-10-09T09:47:18","guid":{"rendered":"https:\/\/wm.pb.edu.pl\/kbiem\/?page_id=45"},"modified":"2022-06-01T08:28:09","modified_gmt":"2022-06-01T06:28:09","slug":"projekty","status":"publish","type":"page","link":"https:\/\/wm.pb.edu.pl\/kbiem\/nauka\/projekty\/","title":{"rendered":"Projekty"},"content":{"rendered":"<p>Projekty naukowo-badawcze realizowane w Katedrze Budowy i Eksploatacji Maszyn<\/p>\n<p><strong>Praca w\u0142asna zespo\u0142owa WZ\/WM-IIM\/4\/2020<\/strong><\/p>\n<p><em>Analiza funkcjonalna i trwa\u0142o\u015bciowa konstrukcji mechanicznych w celu poprawy jako\u015bci projektowania i eksploatacji maszyn i pojazd\u00f3w<br \/>\n<\/em>kierownik: dr hab. in\u017c. Dariusz Szpica<\/p>\n<p><strong>Prace s\u0142u\u017c\u0105ce rozwojowi m\u0142odych naukowc\u00f3w oraz uczestnik\u00f3w studi\u00f3w doktoranckich<\/strong><\/p>\n<p><em>Badania w\u0142a\u015bciwo\u015bci kompozyt\u00f3w polimerowych wykorzystywanych w przyrostowych technologiach wytwarzania<br \/>\n<\/em>kierownik: mgr in\u017c. Artur Prusinowski<\/p>\n<p><strong><em>OBR.SaMASZ.PL jako element koncepcji SuperFabryka 4.0 na potrzeby Klastra Obr\u00f3bki Metali \u2013 Krajowy Klaster Kluczowy \u2013 opracowanie nowych technologii spawania listew typu Perfect Cut<\/em><\/strong><\/p>\n<p>Kierownik projektu: dr hab. in\u017c. \u0141ukasz Derpe\u0144ski, prof. PB; dr hab. in\u017c. Jaros\u0142aw Szusta, prof. PB<\/p>\n<ol style=\"list-style-type: lower-alpha\">\n<li>badania po\u0142\u0105cze\u0144 spawanych listew typu ,,PerfectCut&#8221;,<\/li>\n<li>badania dok\u0142adno\u015bci wymiarowej wykonania listew tn\u0105cych,<\/li>\n<li>badania odkszta\u0142ce\u0144 w listwach tn\u0105cych monotonicznych i cyklicznych.<\/li>\n<\/ol>\n<p>Termin realizacji<strong>: &#8211; <\/strong>2024<strong><br \/>\n<\/strong>Warto\u015b\u0107 projektu (ca\u0142kowita): 25 222 920,00<\/p>\n<p>Warto\u015b\u0107 projektu (Wydzia\u0142 Mechaniczny, Politechnika Bia\u0142ostocka):<\/p>\n<p><a title=\"\" href=\"https:\/\/wm.pb.edu.pl\/kbiem\/wp-content\/uploads\/sites\/9\/2020\/08\/BiEM_Zalacznik_2A.pdf\"><strong>[opis projektu]<\/strong><\/a><\/p>\n","protected":false},"excerpt":{"rendered":"<p>Projekty naukowo-badawcze realizowane w Katedrze Budowy i Eksploatacji Maszyn Praca w\u0142asna zespo\u0142owa WZ\/WM-IIM\/4\/2020 Analiza funkcjonalna<a class=\"read-more\" href=\"https:\/\/wm.pb.edu.pl\/kbiem\/nauka\/projekty\/\" title=\"Poka\u017c artyku\u0142 Projekty\">wi\u0119cej<\/a><\/p>\n","protected":false},"author":2,"featured_media":0,"parent":33,"menu_order":2,"comment_status":"closed","ping_status":"closed","template":"","meta":{"inline_featured_image":false,"ngg_post_thumbnail":0,"footnotes":""},"class_list":["post-45","page","type-page","status-publish","hentry"],"acf":[],"yoast_head":"<!-- This site is optimized with the Yoast SEO plugin v26.4 - https:\/\/yoast.com\/wordpress\/plugins\/seo\/ -->\n<title>Projekty - Katedra Budowy i Eksploatacji Maszyn<\/title>\n<meta name=\"robots\" content=\"index, follow, max-snippet:-1, max-image-preview:large, max-video-preview:-1\" \/>\n<link rel=\"canonical\" href=\"https:\/\/wm.pb.edu.pl\/kbiem\/nauka\/projekty\/\" \/>\n<meta property=\"og:locale\" content=\"pl_PL\" \/>\n<meta property=\"og:type\" content=\"article\" \/>\n<meta property=\"og:title\" content=\"Projekty - Katedra Budowy i Eksploatacji Maszyn\" \/>\n<meta property=\"og:description\" content=\"Projekty naukowo-badawcze realizowane w Katedrze Budowy i Eksploatacji Maszyn Praca w\u0142asna zespo\u0142owa WZ\/WM-IIM\/4\/2020 Analiza funkcjonalnawi\u0119cej\" \/>\n<meta property=\"og:url\" content=\"https:\/\/wm.pb.edu.pl\/kbiem\/nauka\/projekty\/\" \/>\n<meta property=\"og:site_name\" content=\"Katedra Budowy i Eksploatacji Maszyn\" \/>\n<meta property=\"article:modified_time\" content=\"2022-06-01T06:28:09+00:00\" \/>\n<meta name=\"twitter:card\" content=\"summary_large_image\" \/>\n<meta name=\"twitter:label1\" content=\"Szacowany czas czytania\" \/>\n\t<meta name=\"twitter:data1\" content=\"1 minuta\" \/>\n<script type=\"application\/ld+json\" class=\"yoast-schema-graph\">{\"@context\":\"https:\/\/schema.org\",\"@graph\":[{\"@type\":\"WebPage\",\"@id\":\"https:\/\/wm.pb.edu.pl\/kbiem\/nauka\/projekty\/\",\"url\":\"https:\/\/wm.pb.edu.pl\/kbiem\/nauka\/projekty\/\",\"name\":\"Projekty - Katedra Budowy i Eksploatacji Maszyn\",\"isPartOf\":{\"@id\":\"https:\/\/wm.pb.edu.pl\/kbiem\/#website\"},\"datePublished\":\"2019-10-09T09:47:18+00:00\",\"dateModified\":\"2022-06-01T06:28:09+00:00\",\"breadcrumb\":{\"@id\":\"https:\/\/wm.pb.edu.pl\/kbiem\/nauka\/projekty\/#breadcrumb\"},\"inLanguage\":\"pl-PL\",\"potentialAction\":[{\"@type\":\"ReadAction\",\"target\":[\"https:\/\/wm.pb.edu.pl\/kbiem\/nauka\/projekty\/\"]}]},{\"@type\":\"BreadcrumbList\",\"@id\":\"https:\/\/wm.pb.edu.pl\/kbiem\/nauka\/projekty\/#breadcrumb\",\"itemListElement\":[{\"@type\":\"ListItem\",\"position\":1,\"name\":\"Strona g\u0142\u00f3wna\",\"item\":\"https:\/\/wm.pb.edu.pl\/kbiem\/\"},{\"@type\":\"ListItem\",\"position\":2,\"name\":\"Nauka\",\"item\":\"https:\/\/wm.pb.edu.pl\/kbiem\/nauka\/\"},{\"@type\":\"ListItem\",\"position\":3,\"name\":\"Projekty\"}]},{\"@type\":\"WebSite\",\"@id\":\"https:\/\/wm.pb.edu.pl\/kbiem\/#website\",\"url\":\"https:\/\/wm.pb.edu.pl\/kbiem\/\",\"name\":\"Katedra Budowy i Eksploatacji Maszyn\",\"description\":\"Kolejna witryna sieci &#8222;WM Witryn&#8221;\",\"potentialAction\":[{\"@type\":\"SearchAction\",\"target\":{\"@type\":\"EntryPoint\",\"urlTemplate\":\"https:\/\/wm.pb.edu.pl\/kbiem\/?s={search_term_string}\"},\"query-input\":{\"@type\":\"PropertyValueSpecification\",\"valueRequired\":true,\"valueName\":\"search_term_string\"}}],\"inLanguage\":\"pl-PL\"}]}<\/script>\n<!-- \/ Yoast SEO plugin. -->","yoast_head_json":{"title":"Projekty - Katedra Budowy i Eksploatacji Maszyn","robots":{"index":"index","follow":"follow","max-snippet":"max-snippet:-1","max-image-preview":"max-image-preview:large","max-video-preview":"max-video-preview:-1"},"canonical":"https:\/\/wm.pb.edu.pl\/kbiem\/nauka\/projekty\/","og_locale":"pl_PL","og_type":"article","og_title":"Projekty - Katedra Budowy i Eksploatacji Maszyn","og_description":"Projekty naukowo-badawcze realizowane w Katedrze Budowy i Eksploatacji Maszyn Praca w\u0142asna zespo\u0142owa WZ\/WM-IIM\/4\/2020 Analiza funkcjonalnawi\u0119cej","og_url":"https:\/\/wm.pb.edu.pl\/kbiem\/nauka\/projekty\/","og_site_name":"Katedra Budowy i Eksploatacji Maszyn","article_modified_time":"2022-06-01T06:28:09+00:00","twitter_card":"summary_large_image","twitter_misc":{"Szacowany czas czytania":"1 minuta"},"schema":{"@context":"https:\/\/schema.org","@graph":[{"@type":"WebPage","@id":"https:\/\/wm.pb.edu.pl\/kbiem\/nauka\/projekty\/","url":"https:\/\/wm.pb.edu.pl\/kbiem\/nauka\/projekty\/","name":"Projekty - Katedra Budowy i Eksploatacji Maszyn","isPartOf":{"@id":"https:\/\/wm.pb.edu.pl\/kbiem\/#website"},"datePublished":"2019-10-09T09:47:18+00:00","dateModified":"2022-06-01T06:28:09+00:00","breadcrumb":{"@id":"https:\/\/wm.pb.edu.pl\/kbiem\/nauka\/projekty\/#breadcrumb"},"inLanguage":"pl-PL","potentialAction":[{"@type":"ReadAction","target":["https:\/\/wm.pb.edu.pl\/kbiem\/nauka\/projekty\/"]}]},{"@type":"BreadcrumbList","@id":"https:\/\/wm.pb.edu.pl\/kbiem\/nauka\/projekty\/#breadcrumb","itemListElement":[{"@type":"ListItem","position":1,"name":"Strona g\u0142\u00f3wna","item":"https:\/\/wm.pb.edu.pl\/kbiem\/"},{"@type":"ListItem","position":2,"name":"Nauka","item":"https:\/\/wm.pb.edu.pl\/kbiem\/nauka\/"},{"@type":"ListItem","position":3,"name":"Projekty"}]},{"@type":"WebSite","@id":"https:\/\/wm.pb.edu.pl\/kbiem\/#website","url":"https:\/\/wm.pb.edu.pl\/kbiem\/","name":"Katedra Budowy i Eksploatacji Maszyn","description":"Kolejna witryna sieci &#8222;WM Witryn&#8221;","potentialAction":[{"@type":"SearchAction","target":{"@type":"EntryPoint","urlTemplate":"https:\/\/wm.pb.edu.pl\/kbiem\/?s={search_term_string}"},"query-input":{"@type":"PropertyValueSpecification","valueRequired":true,"valueName":"search_term_string"}}],"inLanguage":"pl-PL"}]}},"_links":{"self":[{"href":"https:\/\/wm.pb.edu.pl\/kbiem\/wp-json\/wp\/v2\/pages\/45","targetHints":{"allow":["GET"]}}],"collection":[{"href":"https:\/\/wm.pb.edu.pl\/kbiem\/wp-json\/wp\/v2\/pages"}],"about":[{"href":"https:\/\/wm.pb.edu.pl\/kbiem\/wp-json\/wp\/v2\/types\/page"}],"author":[{"embeddable":true,"href":"https:\/\/wm.pb.edu.pl\/kbiem\/wp-json\/wp\/v2\/users\/2"}],"replies":[{"embeddable":true,"href":"https:\/\/wm.pb.edu.pl\/kbiem\/wp-json\/wp\/v2\/comments?post=45"}],"version-history":[{"count":6,"href":"https:\/\/wm.pb.edu.pl\/kbiem\/wp-json\/wp\/v2\/pages\/45\/revisions"}],"predecessor-version":[{"id":158,"href":"https:\/\/wm.pb.edu.pl\/kbiem\/wp-json\/wp\/v2\/pages\/45\/revisions\/158"}],"up":[{"embeddable":true,"href":"https:\/\/wm.pb.edu.pl\/kbiem\/wp-json\/wp\/v2\/pages\/33"}],"wp:attachment":[{"href":"https:\/\/wm.pb.edu.pl\/kbiem\/wp-json\/wp\/v2\/media?parent=45"}],"curies":[{"name":"wp","href":"https:\/\/api.w.org\/{rel}","templated":true}]}}