{"id":18,"date":"2018-06-26T11:08:46","date_gmt":"2018-06-26T09:08:46","guid":{"rendered":"https:\/\/wm.pb.edu.pl\/kimip\/?page_id=18"},"modified":"2024-12-19T14:03:55","modified_gmt":"2024-12-19T13:03:55","slug":"o-katedrze","status":"publish","type":"page","link":"https:\/\/wm.pb.edu.pl\/kimip\/o-katedrze\/","title":{"rendered":"O katedrze"},"content":{"rendered":"<p>Historia Katedry In\u017cynierii Materia\u0142owej i Produkcji rozpoczyna si\u0119 w 1950 roku, wraz z rozpocz\u0119ciem zaj\u0119\u0107 dydaktycznych na Wydziale Mechanicznym. Przez lata nazwy katedr i zak\u0142ad\u00f3w zwi\u0105zanych z in\u017cynieri\u0105 materia\u0142ow\u0105 i produkcj\u0105 ulega\u0142y modyfikacji. W 1974 r. powo\u0142ano Zak\u0142ad Technologii Mechanicznej pod kierownictwem dr. in\u017c. Krzysztofa Izdebskiego, p\u00f3\u017aniej przekszta\u0142cony w Katedr\u0119 Technologii Maszyn, z kt\u00f3rej cz\u0119\u015b\u0107 pracownik\u00f3w wsp\u00f3\u0142tworzy Katedr\u0119 w obecnym kszta\u0142cie. Katedr\u0105 In\u017cynierii Materia\u0142owej i Produkcji kieruje prof. dr hab. in\u017c. Krzysztof J. Kurzyd\u0142owski.<\/p>\n","protected":false},"excerpt":{"rendered":"<p>Historia Katedry In\u017cynierii Materia\u0142owej i Produkcji rozpoczyna si\u0119 w 1950 roku, wraz z rozpocz\u0119ciem zaj\u0119\u0107<a class=\"read-more\" href=\"https:\/\/wm.pb.edu.pl\/kimip\/o-katedrze\/\" title=\"Poka\u017c artyku\u0142 O katedrze\">wi\u0119cej<\/a><\/p>\n","protected":false},"author":14,"featured_media":0,"parent":0,"menu_order":1,"comment_status":"closed","ping_status":"closed","template":"","meta":{"inline_featured_image":false,"ngg_post_thumbnail":0,"footnotes":""},"class_list":["post-18","page","type-page","status-publish","hentry"],"acf":[],"yoast_head":"<!-- This site is optimized with the Yoast SEO plugin v26.4 - https:\/\/yoast.com\/wordpress\/plugins\/seo\/ -->\n<title>O katedrze - Katedra In\u017cynierii Materia\u0142owej i Produkcji<\/title>\n<meta name=\"robots\" content=\"index, follow, max-snippet:-1, max-image-preview:large, max-video-preview:-1\" \/>\n<link rel=\"canonical\" href=\"https:\/\/wm.pb.edu.pl\/kimip\/o-katedrze\/\" \/>\n<meta property=\"og:locale\" content=\"pl_PL\" \/>\n<meta property=\"og:type\" content=\"article\" \/>\n<meta property=\"og:title\" content=\"O katedrze - Katedra In\u017cynierii Materia\u0142owej i Produkcji\" \/>\n<meta property=\"og:description\" content=\"Historia Katedry In\u017cynierii Materia\u0142owej i Produkcji rozpoczyna si\u0119 w 1950 roku, wraz z rozpocz\u0119ciem zaj\u0119\u0107wi\u0119cej\" \/>\n<meta property=\"og:url\" content=\"https:\/\/wm.pb.edu.pl\/kimip\/o-katedrze\/\" \/>\n<meta property=\"og:site_name\" content=\"Katedra In\u017cynierii Materia\u0142owej i Produkcji\" \/>\n<meta property=\"article:modified_time\" content=\"2024-12-19T13:03:55+00:00\" \/>\n<meta name=\"twitter:card\" content=\"summary_large_image\" \/>\n<meta name=\"twitter:label1\" content=\"Szacowany czas czytania\" \/>\n\t<meta name=\"twitter:data1\" content=\"1 minuta\" \/>\n<script type=\"application\/ld+json\" class=\"yoast-schema-graph\">{\"@context\":\"https:\/\/schema.org\",\"@graph\":[{\"@type\":\"WebPage\",\"@id\":\"https:\/\/wm.pb.edu.pl\/kimip\/o-katedrze\/\",\"url\":\"https:\/\/wm.pb.edu.pl\/kimip\/o-katedrze\/\",\"name\":\"O katedrze - Katedra In\u017cynierii Materia\u0142owej i Produkcji\",\"isPartOf\":{\"@id\":\"https:\/\/wm.pb.edu.pl\/kimip\/#website\"},\"datePublished\":\"2018-06-26T09:08:46+00:00\",\"dateModified\":\"2024-12-19T13:03:55+00:00\",\"breadcrumb\":{\"@id\":\"https:\/\/wm.pb.edu.pl\/kimip\/o-katedrze\/#breadcrumb\"},\"inLanguage\":\"pl-PL\",\"potentialAction\":[{\"@type\":\"ReadAction\",\"target\":[\"https:\/\/wm.pb.edu.pl\/kimip\/o-katedrze\/\"]}]},{\"@type\":\"BreadcrumbList\",\"@id\":\"https:\/\/wm.pb.edu.pl\/kimip\/o-katedrze\/#breadcrumb\",\"itemListElement\":[{\"@type\":\"ListItem\",\"position\":1,\"name\":\"Strona g\u0142\u00f3wna\",\"item\":\"https:\/\/wm.pb.edu.pl\/kimip\/\"},{\"@type\":\"ListItem\",\"position\":2,\"name\":\"O katedrze\"}]},{\"@type\":\"WebSite\",\"@id\":\"https:\/\/wm.pb.edu.pl\/kimip\/#website\",\"url\":\"https:\/\/wm.pb.edu.pl\/kimip\/\",\"name\":\"Katedra In\u017cynierii Materia\u0142owej i Produkcji\",\"description\":\"\",\"potentialAction\":[{\"@type\":\"SearchAction\",\"target\":{\"@type\":\"EntryPoint\",\"urlTemplate\":\"https:\/\/wm.pb.edu.pl\/kimip\/?s={search_term_string}\"},\"query-input\":{\"@type\":\"PropertyValueSpecification\",\"valueRequired\":true,\"valueName\":\"search_term_string\"}}],\"inLanguage\":\"pl-PL\"}]}<\/script>\n<!-- \/ Yoast SEO plugin. -->","yoast_head_json":{"title":"O katedrze - Katedra In\u017cynierii Materia\u0142owej i Produkcji","robots":{"index":"index","follow":"follow","max-snippet":"max-snippet:-1","max-image-preview":"max-image-preview:large","max-video-preview":"max-video-preview:-1"},"canonical":"https:\/\/wm.pb.edu.pl\/kimip\/o-katedrze\/","og_locale":"pl_PL","og_type":"article","og_title":"O katedrze - Katedra In\u017cynierii Materia\u0142owej i Produkcji","og_description":"Historia Katedry In\u017cynierii Materia\u0142owej i Produkcji rozpoczyna si\u0119 w 1950 roku, wraz z rozpocz\u0119ciem zaj\u0119\u0107wi\u0119cej","og_url":"https:\/\/wm.pb.edu.pl\/kimip\/o-katedrze\/","og_site_name":"Katedra In\u017cynierii Materia\u0142owej i Produkcji","article_modified_time":"2024-12-19T13:03:55+00:00","twitter_card":"summary_large_image","twitter_misc":{"Szacowany czas czytania":"1 minuta"},"schema":{"@context":"https:\/\/schema.org","@graph":[{"@type":"WebPage","@id":"https:\/\/wm.pb.edu.pl\/kimip\/o-katedrze\/","url":"https:\/\/wm.pb.edu.pl\/kimip\/o-katedrze\/","name":"O katedrze - Katedra In\u017cynierii Materia\u0142owej i Produkcji","isPartOf":{"@id":"https:\/\/wm.pb.edu.pl\/kimip\/#website"},"datePublished":"2018-06-26T09:08:46+00:00","dateModified":"2024-12-19T13:03:55+00:00","breadcrumb":{"@id":"https:\/\/wm.pb.edu.pl\/kimip\/o-katedrze\/#breadcrumb"},"inLanguage":"pl-PL","potentialAction":[{"@type":"ReadAction","target":["https:\/\/wm.pb.edu.pl\/kimip\/o-katedrze\/"]}]},{"@type":"BreadcrumbList","@id":"https:\/\/wm.pb.edu.pl\/kimip\/o-katedrze\/#breadcrumb","itemListElement":[{"@type":"ListItem","position":1,"name":"Strona g\u0142\u00f3wna","item":"https:\/\/wm.pb.edu.pl\/kimip\/"},{"@type":"ListItem","position":2,"name":"O katedrze"}]},{"@type":"WebSite","@id":"https:\/\/wm.pb.edu.pl\/kimip\/#website","url":"https:\/\/wm.pb.edu.pl\/kimip\/","name":"Katedra In\u017cynierii Materia\u0142owej i Produkcji","description":"","potentialAction":[{"@type":"SearchAction","target":{"@type":"EntryPoint","urlTemplate":"https:\/\/wm.pb.edu.pl\/kimip\/?s={search_term_string}"},"query-input":{"@type":"PropertyValueSpecification","valueRequired":true,"valueName":"search_term_string"}}],"inLanguage":"pl-PL"}]}},"_links":{"self":[{"href":"https:\/\/wm.pb.edu.pl\/kimip\/wp-json\/wp\/v2\/pages\/18","targetHints":{"allow":["GET"]}}],"collection":[{"href":"https:\/\/wm.pb.edu.pl\/kimip\/wp-json\/wp\/v2\/pages"}],"about":[{"href":"https:\/\/wm.pb.edu.pl\/kimip\/wp-json\/wp\/v2\/types\/page"}],"author":[{"embeddable":true,"href":"https:\/\/wm.pb.edu.pl\/kimip\/wp-json\/wp\/v2\/users\/14"}],"replies":[{"embeddable":true,"href":"https:\/\/wm.pb.edu.pl\/kimip\/wp-json\/wp\/v2\/comments?post=18"}],"version-history":[{"count":4,"href":"https:\/\/wm.pb.edu.pl\/kimip\/wp-json\/wp\/v2\/pages\/18\/revisions"}],"predecessor-version":[{"id":301,"href":"https:\/\/wm.pb.edu.pl\/kimip\/wp-json\/wp\/v2\/pages\/18\/revisions\/301"}],"wp:attachment":[{"href":"https:\/\/wm.pb.edu.pl\/kimip\/wp-json\/wp\/v2\/media?parent=18"}],"curies":[{"name":"wp","href":"https:\/\/api.w.org\/{rel}","templated":true}]}}