{"id":26,"date":"2018-06-26T11:16:30","date_gmt":"2018-06-26T09:16:30","guid":{"rendered":"https:\/\/wm.pb.edu.pl\/kimip\/?page_id=26"},"modified":"2026-02-17T13:59:59","modified_gmt":"2026-02-17T12:59:59","slug":"pracownicy","status":"publish","type":"page","link":"https:\/\/wm.pb.edu.pl\/kimip\/pracownicy\/","title":{"rendered":"Pracownicy"},"content":{"rendered":"<h2>NAUKOWO-DYDAKTYCZNI:<\/h2>\n<table class=\"table table-bordered\" style=\"width: 87.5378%\">\n<thead>\n<tr>\n<th style=\"width: 19.4313%\"><strong>Imi\u0119 i Nazwisko<\/strong><\/th>\n<th style=\"width: 23.981%\">Stopie\u0144\/tytu\u0142 naukowy<\/th>\n<th style=\"width: 18.1991%\">Pok\u00f3j<\/th>\n<th style=\"width: 12.7962%\"><strong>Telefon<\/strong><\/th>\n<th style=\"width: 25.4976%\"><strong>e-mail<\/strong><\/th>\n<\/tr>\n<\/thead>\n<tbody>\n<tr style=\"height: 30px\">\n<td style=\"width: 19.4313%;height: 30px\" width=\"207\"><strong>Krzysztof Jan Kurzyd\u0142owski<\/strong><\/td>\n<td style=\"width: 23.981%;height: 50px\" width=\"168\"><strong>prof.&nbsp;dr hab. in\u017c.<\/strong><\/td>\n<td style=\"width: 18.1991%\" width=\"68\"><strong>M-249<\/strong><\/td>\n<td style=\"width: 12.7962%\" width=\"114\"><strong>571-443-056<\/strong><\/td>\n<td style=\"width: 25.4976%\" width=\"215\"><strong>&nbsp;k.kurzydlowski[at]pb.edu.pl<\/strong><\/td>\n<\/tr>\n<tr style=\"height: 50px\">\n<td style=\"width: 19.4313%;height: 50px\" width=\"207\">Magdalena Joka Yildiz<\/td>\n<td style=\"width: 23.981%;height: 50px\" width=\"168\">dr in\u017c.&nbsp;<\/td>\n<td style=\"width: 18.1991%\" width=\"68\">M-253<\/td>\n<td style=\"width: 12.7962%\" width=\"114\">797-995-909<\/td>\n<td style=\"width: 25.4976%\" width=\"215\">m.joka[at]pb.edu.pl&nbsp;<\/td>\n<\/tr>\n<tr style=\"height: 50px\">\n<td style=\"width: 19.4313%;height: 50px\" width=\"207\">Karol Golak&nbsp;<\/td>\n<td style=\"width: 23.981%;height: 50px\" width=\"168\">dr in\u017c.&nbsp;<\/td>\n<td style=\"width: 18.1991%\" width=\"68\">M-241&nbsp;<\/td>\n<td style=\"width: 12.7962%\" width=\"114\">571-443-097&nbsp;<\/td>\n<td style=\"width: 25.4976%\" width=\"215\">k.golak[at]pb.edu.pl&nbsp;<\/td>\n<\/tr>\n<tr style=\"height: 50px\">\n<td style=\"width: 19.4313%;height: 50px\" width=\"207\">Bogus\u0142aw Ho\u015bci\u0142o<\/td>\n<td style=\"width: 23.981%;height: 50px\" width=\"168\">dr in\u017c.<\/td>\n<td style=\"width: 18.1991%\" width=\"68\">M-245<\/td>\n<td style=\"width: 12.7962%\" width=\"114\">571-443-105<\/td>\n<td style=\"width: 25.4976%\" width=\"215\">b.hoscilo[at]pb.edu.pl<\/td>\n<\/tr>\n<tr style=\"height: 50px\">\n<td style=\"width: 19.4313%;height: 50px\" width=\"207\">Marek Ja\u0142brzykowski&nbsp;<\/td>\n<td style=\"width: 23.981%;height: 50px\" width=\"168\">dr hab. in\u017c.<\/td>\n<td style=\"width: 18.1991%\" width=\"68\">M-243<\/td>\n<td style=\"width: 12.7962%\" width=\"114\">571-443-081&nbsp;<\/td>\n<td style=\"width: 25.4976%\" width=\"215\">m.jalbrzykowski[at]pb.edu.pl&nbsp;<\/td>\n<\/tr>\n<tr style=\"height: 50px\">\n<td style=\"width: 19.4313%;height: 50px\" width=\"207\">Magdalena \u0141\u0119picka<\/td>\n<td style=\"width: 23.981%;height: 50px\" width=\"168\">dr in\u017c.<\/td>\n<td style=\"width: 18.1991%\" width=\"68\">M-247<\/td>\n<td style=\"width: 12.7962%\" width=\"114\">797-995-997&nbsp;<\/td>\n<td style=\"width: 25.4976%\" width=\"215\">m.lepicka[at]pb.edu.pl&nbsp;<\/td>\n<\/tr>\n<tr style=\"height: 50px\">\n<td style=\"width: 19.4313%;height: 50px\" width=\"207\">Grzegorz Rogowski&nbsp;<\/td>\n<td style=\"width: 23.981%;height: 50px\" width=\"168\">dr in\u017c.&nbsp;<\/td>\n<td style=\"width: 18.1991%\" width=\"68\">M-241&nbsp;<\/td>\n<td style=\"width: 12.7962%\" width=\"114\">571-443-102&nbsp;<\/td>\n<td style=\"width: 25.4976%\" width=\"215\">g.rogowski[at]pb.edu.pl&nbsp;<\/td>\n<\/tr>\n<tr style=\"height: 51px\">\n<td style=\"width: 19.4313%;height: 51px\" width=\"207\">Grzegorz Skorulski&nbsp;<\/td>\n<td style=\"width: 23.981%;height: 51px\" width=\"168\">dr in\u017c.&nbsp;<\/td>\n<td style=\"width: 18.1991%\" width=\"68\">M-243&nbsp;<\/td>\n<td style=\"width: 12.7962%\" width=\"114\">571-443-103&nbsp;<\/td>\n<td style=\"width: 25.4976%\" width=\"215\">g.skorulski[at]pb.edu.pl&nbsp;<\/td>\n<\/tr>\n<tr style=\"height: 51px\">\n<td style=\"width: 19.4313%;height: 51px\" width=\"207\">Andrzej Werner&nbsp;<\/td>\n<td style=\"width: 23.981%;height: 51px\" width=\"168\">dr in\u017c.&nbsp;<\/td>\n<td style=\"width: 18.1991%\" width=\"68\">M-245&nbsp;<\/td>\n<td style=\"width: 12.7962%\" width=\"114\">571-443-104&nbsp;<\/td>\n<td style=\"width: 25.4976%\" width=\"215\">a.werner[at]pb.edu.pl&nbsp;<\/td>\n<\/tr>\n<tr style=\"height: 51px\">\n<td style=\"width: 19.4313%;height: 40px\" width=\"207\">Izabela Zg\u0142obicka<\/td>\n<td style=\"width: 23.981%;height: 40px\" width=\"168\">dr hab. in\u017c.<\/td>\n<td style=\"width: 18.1991%\" width=\"68\">M-249<\/td>\n<td style=\"width: 12.7962%\" width=\"114\">608-522-687<\/td>\n<td style=\"width: 25.4976%\" width=\"215\">i.zglobicka[at]pb.edu.pl<\/td>\n<\/tr>\n<tr style=\"height: 41px\">\n<td style=\"width: 19.4313%;height: 30px\" width=\"207\">Adrian Dubicki<\/td>\n<td style=\"width: 23.981%;height: 30px\" width=\"168\">mgr in\u017c.<\/td>\n<td style=\"width: 18.1991%\" width=\"68\">M-212<\/td>\n<td style=\"width: 12.7962%\" width=\"114\">797-995-918<\/td>\n<td style=\"width: 25.4976%\" width=\"215\">a.dubicki[at]pb.edu.pl<\/td>\n<\/tr>\n<\/tbody>\n<\/table>\n<h3>PRACOWNICY NAUKOWO &#8211; BADAWCZY:<\/h3>\n<table class=\"table table-bordered\" style=\"width: 1054px\">\n<thead>\n<tr>\n<th style=\"width: 206px\"><strong>Imi\u0119 i Nazwisko<\/strong><\/th>\n<th style=\"width: 252px\">Stopie\u0144\/tytu\u0142 naukowy<\/th>\n<th style=\"width: 192px\">Pok\u00f3j<\/th>\n<th style=\"width: 135px\"><strong>Telefon<\/strong><\/th>\n<th style=\"width: 269px\"><strong>e-mail<\/strong><\/th>\n<\/tr>\n<\/thead>\n<tbody>\n<tr style=\"height: 46px\">\n<td style=\"width: 206px;height: 46px\" width=\"150\">G\u00fcray Yildiz<\/td>\n<td style=\"width: 252px;height: 46px\" width=\"99\">dr hab. in\u017c.&nbsp;<\/td>\n<td style=\"width: 192px;height: 46px\" width=\"58\">M-251<\/td>\n<td style=\"width: 135px;height: 46px\" width=\"86\">797-995-906<\/td>\n<td style=\"width: 269px;height: 46px\" width=\"224\">guray.yildiz[at]pb.edu.pl<\/td>\n<\/tr>\n<\/tbody>\n<\/table>\n<h3>PRACOWNICY IN\u017bYNIERYJNO-TECHNICZNI:<\/h3>\n<table class=\"table table-bordered\" style=\"width: 1054px\">\n<thead>\n<tr>\n<th style=\"width: 206px\"><strong>Imi\u0119 i Nazwisko<\/strong><\/th>\n<th style=\"width: 252px\">Stopie\u0144\/tytu\u0142 naukowy<\/th>\n<th style=\"width: 192px\">Pok\u00f3j<\/th>\n<th style=\"width: 135px\"><strong>Telefon<\/strong><\/th>\n<th style=\"width: 269px\"><strong>e-mail<\/strong><\/th>\n<\/tr>\n<\/thead>\n<tbody>\n<tr style=\"height: 46px\">\n<td style=\"width: 206px;height: 46px\" width=\"150\">Magdalena Rodziewicz-Weremczuk<\/td>\n<td style=\"width: 252px;height: 46px\" width=\"99\">mgr in\u017c.<\/td>\n<td style=\"width: 192px;height: 46px\" width=\"58\">M-247<\/td>\n<td style=\"width: 135px;height: 46px\" width=\"86\">571-443-110<\/td>\n<td style=\"width: 269px;height: 46px\" width=\"224\">magdalena.rodziewicz[at]pb.edu.pl<\/td>\n<\/tr>\n<tr style=\"height: 46px\">\n<td style=\"width: 206px;height: 46px\" width=\"150\">Adam To\u0142stoj<\/td>\n<td style=\"width: 252px;height: 46px\" width=\"99\">mgr in\u017c.<\/td>\n<td style=\"width: 192px;height: 46px\" width=\"58\">M-437<\/td>\n<td style=\"width: 135px;height: 46px\" width=\"86\">797-995-905<\/td>\n<td style=\"width: 269px;height: 46px\" width=\"224\">a.tolstoj[at]pb.edu.pl<\/td>\n<\/tr>\n<tr>\n<td style=\"width: 206px\">Adam Ku\u017amicz<\/td>\n<td style=\"width: 252px\">mgr in\u017c.<\/td>\n<td style=\"width: 192px\">&nbsp;<\/td>\n<td style=\"width: 135px\">607-667-792<\/td>\n<td style=\"width: 269px\">adam.kuzmicz[at]pb.edu.pl<\/td>\n<\/tr>\n<\/tbody>\n<\/table>\n","protected":false},"excerpt":{"rendered":"<p>NAUKOWO-DYDAKTYCZNI: Imi\u0119 i Nazwisko Stopie\u0144\/tytu\u0142 naukowy Pok\u00f3j Telefon e-mail Krzysztof Jan Kurzyd\u0142owski prof.&nbsp;dr hab. in\u017c.<a class=\"read-more\" href=\"https:\/\/wm.pb.edu.pl\/kimip\/pracownicy\/\" title=\"Poka\u017c artyku\u0142 Pracownicy\">wi\u0119cej<\/a><\/p>\n","protected":false},"author":14,"featured_media":0,"parent":0,"menu_order":4,"comment_status":"closed","ping_status":"closed","template":"","meta":{"inline_featured_image":false,"ngg_post_thumbnail":0,"footnotes":""},"class_list":["post-26","page","type-page","status-publish","hentry"],"acf":[],"yoast_head":"<!-- This site is optimized with the Yoast SEO plugin v26.4 - https:\/\/yoast.com\/wordpress\/plugins\/seo\/ -->\n<title>Pracownicy - Katedra In\u017cynierii Materia\u0142owej i Produkcji<\/title>\n<meta name=\"robots\" content=\"index, follow, max-snippet:-1, max-image-preview:large, max-video-preview:-1\" \/>\n<link rel=\"canonical\" href=\"https:\/\/wm.pb.edu.pl\/kimip\/pracownicy\/\" \/>\n<meta property=\"og:locale\" content=\"pl_PL\" \/>\n<meta property=\"og:type\" content=\"article\" \/>\n<meta property=\"og:title\" content=\"Pracownicy - Katedra In\u017cynierii Materia\u0142owej i Produkcji\" \/>\n<meta property=\"og:description\" content=\"NAUKOWO-DYDAKTYCZNI: Imi\u0119 i Nazwisko Stopie\u0144\/tytu\u0142 naukowy Pok\u00f3j Telefon e-mail Krzysztof Jan Kurzyd\u0142owski prof.&nbsp;dr hab. in\u017c.wi\u0119cej\" \/>\n<meta property=\"og:url\" content=\"https:\/\/wm.pb.edu.pl\/kimip\/pracownicy\/\" \/>\n<meta property=\"og:site_name\" content=\"Katedra In\u017cynierii Materia\u0142owej i Produkcji\" \/>\n<meta property=\"article:modified_time\" content=\"2026-02-17T12:59:59+00:00\" \/>\n<meta name=\"twitter:card\" content=\"summary_large_image\" \/>\n<meta name=\"twitter:label1\" content=\"Szacowany czas czytania\" \/>\n\t<meta name=\"twitter:data1\" content=\"1 minuta\" \/>\n<script type=\"application\/ld+json\" class=\"yoast-schema-graph\">{\"@context\":\"https:\/\/schema.org\",\"@graph\":[{\"@type\":\"WebPage\",\"@id\":\"https:\/\/wm.pb.edu.pl\/kimip\/pracownicy\/\",\"url\":\"https:\/\/wm.pb.edu.pl\/kimip\/pracownicy\/\",\"name\":\"Pracownicy - Katedra In\u017cynierii Materia\u0142owej i Produkcji\",\"isPartOf\":{\"@id\":\"https:\/\/wm.pb.edu.pl\/kimip\/#website\"},\"datePublished\":\"2018-06-26T09:16:30+00:00\",\"dateModified\":\"2026-02-17T12:59:59+00:00\",\"breadcrumb\":{\"@id\":\"https:\/\/wm.pb.edu.pl\/kimip\/pracownicy\/#breadcrumb\"},\"inLanguage\":\"pl-PL\",\"potentialAction\":[{\"@type\":\"ReadAction\",\"target\":[\"https:\/\/wm.pb.edu.pl\/kimip\/pracownicy\/\"]}]},{\"@type\":\"BreadcrumbList\",\"@id\":\"https:\/\/wm.pb.edu.pl\/kimip\/pracownicy\/#breadcrumb\",\"itemListElement\":[{\"@type\":\"ListItem\",\"position\":1,\"name\":\"Strona g\u0142\u00f3wna\",\"item\":\"https:\/\/wm.pb.edu.pl\/kimip\/\"},{\"@type\":\"ListItem\",\"position\":2,\"name\":\"Pracownicy\"}]},{\"@type\":\"WebSite\",\"@id\":\"https:\/\/wm.pb.edu.pl\/kimip\/#website\",\"url\":\"https:\/\/wm.pb.edu.pl\/kimip\/\",\"name\":\"Katedra In\u017cynierii Materia\u0142owej i Produkcji\",\"description\":\"\",\"potentialAction\":[{\"@type\":\"SearchAction\",\"target\":{\"@type\":\"EntryPoint\",\"urlTemplate\":\"https:\/\/wm.pb.edu.pl\/kimip\/?s={search_term_string}\"},\"query-input\":{\"@type\":\"PropertyValueSpecification\",\"valueRequired\":true,\"valueName\":\"search_term_string\"}}],\"inLanguage\":\"pl-PL\"}]}<\/script>\n<!-- \/ Yoast SEO plugin. -->","yoast_head_json":{"title":"Pracownicy - Katedra In\u017cynierii Materia\u0142owej i Produkcji","robots":{"index":"index","follow":"follow","max-snippet":"max-snippet:-1","max-image-preview":"max-image-preview:large","max-video-preview":"max-video-preview:-1"},"canonical":"https:\/\/wm.pb.edu.pl\/kimip\/pracownicy\/","og_locale":"pl_PL","og_type":"article","og_title":"Pracownicy - Katedra In\u017cynierii Materia\u0142owej i Produkcji","og_description":"NAUKOWO-DYDAKTYCZNI: Imi\u0119 i Nazwisko Stopie\u0144\/tytu\u0142 naukowy Pok\u00f3j Telefon e-mail Krzysztof Jan Kurzyd\u0142owski prof.&nbsp;dr hab. in\u017c.wi\u0119cej","og_url":"https:\/\/wm.pb.edu.pl\/kimip\/pracownicy\/","og_site_name":"Katedra In\u017cynierii Materia\u0142owej i Produkcji","article_modified_time":"2026-02-17T12:59:59+00:00","twitter_card":"summary_large_image","twitter_misc":{"Szacowany czas czytania":"1 minuta"},"schema":{"@context":"https:\/\/schema.org","@graph":[{"@type":"WebPage","@id":"https:\/\/wm.pb.edu.pl\/kimip\/pracownicy\/","url":"https:\/\/wm.pb.edu.pl\/kimip\/pracownicy\/","name":"Pracownicy - Katedra In\u017cynierii Materia\u0142owej i Produkcji","isPartOf":{"@id":"https:\/\/wm.pb.edu.pl\/kimip\/#website"},"datePublished":"2018-06-26T09:16:30+00:00","dateModified":"2026-02-17T12:59:59+00:00","breadcrumb":{"@id":"https:\/\/wm.pb.edu.pl\/kimip\/pracownicy\/#breadcrumb"},"inLanguage":"pl-PL","potentialAction":[{"@type":"ReadAction","target":["https:\/\/wm.pb.edu.pl\/kimip\/pracownicy\/"]}]},{"@type":"BreadcrumbList","@id":"https:\/\/wm.pb.edu.pl\/kimip\/pracownicy\/#breadcrumb","itemListElement":[{"@type":"ListItem","position":1,"name":"Strona g\u0142\u00f3wna","item":"https:\/\/wm.pb.edu.pl\/kimip\/"},{"@type":"ListItem","position":2,"name":"Pracownicy"}]},{"@type":"WebSite","@id":"https:\/\/wm.pb.edu.pl\/kimip\/#website","url":"https:\/\/wm.pb.edu.pl\/kimip\/","name":"Katedra In\u017cynierii Materia\u0142owej i Produkcji","description":"","potentialAction":[{"@type":"SearchAction","target":{"@type":"EntryPoint","urlTemplate":"https:\/\/wm.pb.edu.pl\/kimip\/?s={search_term_string}"},"query-input":{"@type":"PropertyValueSpecification","valueRequired":true,"valueName":"search_term_string"}}],"inLanguage":"pl-PL"}]}},"_links":{"self":[{"href":"https:\/\/wm.pb.edu.pl\/kimip\/wp-json\/wp\/v2\/pages\/26","targetHints":{"allow":["GET"]}}],"collection":[{"href":"https:\/\/wm.pb.edu.pl\/kimip\/wp-json\/wp\/v2\/pages"}],"about":[{"href":"https:\/\/wm.pb.edu.pl\/kimip\/wp-json\/wp\/v2\/types\/page"}],"author":[{"embeddable":true,"href":"https:\/\/wm.pb.edu.pl\/kimip\/wp-json\/wp\/v2\/users\/14"}],"replies":[{"embeddable":true,"href":"https:\/\/wm.pb.edu.pl\/kimip\/wp-json\/wp\/v2\/comments?post=26"}],"version-history":[{"count":61,"href":"https:\/\/wm.pb.edu.pl\/kimip\/wp-json\/wp\/v2\/pages\/26\/revisions"}],"predecessor-version":[{"id":315,"href":"https:\/\/wm.pb.edu.pl\/kimip\/wp-json\/wp\/v2\/pages\/26\/revisions\/315"}],"wp:attachment":[{"href":"https:\/\/wm.pb.edu.pl\/kimip\/wp-json\/wp\/v2\/media?parent=26"}],"curies":[{"name":"wp","href":"https:\/\/api.w.org\/{rel}","templated":true}]}}