{"id":29,"date":"2018-06-26T11:17:59","date_gmt":"2018-06-26T09:17:59","guid":{"rendered":"https:\/\/wm.pb.edu.pl\/kimip\/?page_id=29"},"modified":"2020-12-10T10:20:29","modified_gmt":"2020-12-10T09:20:29","slug":"laboratoria","status":"publish","type":"page","link":"https:\/\/wm.pb.edu.pl\/kimip\/laboratoria\/","title":{"rendered":"Laboratoria"},"content":{"rendered":"<h2>Laboratorium bada\u0144 materia\u0142owych<\/h2>\n<p><strong>Skaningowy mikroskop elektronowy Hitachi S-3000N<\/strong><\/p>\n<ul style=\"list-style-type: circle\">\n<li>praca w niskiej i wysokiej pr\u00f3\u017cni;<\/li>\n<li>mo\u017cliwo\u015b\u0107 pracy w trybie SE i BSE;<\/li>\n<li>przystawka do bada\u0144 struktur preparat\u00f3w biologicznych;<\/li>\n<li>mikroanalizator rentgenowski do analizy sk\u0142adu chemicznego EDS;<\/li>\n<li>powi\u0119kszenia do 100 000x;<\/li>\n<li>uk\u0142ad identyfikacji faz EBSD.<br \/>\n<img loading=\"lazy\" decoding=\"async\" class=\"alignnone wp-image-239 size-medium\" src=\"https:\/\/wm.pb.edu.pl\/kimip\/wp-content\/uploads\/sites\/6\/2020\/09\/Skaningowy-mikroskop-elektronowy-Hitachi-S-3000N-300x200.jpg\" alt=\"Kobieta przy komputerze i mikroskopie\" width=\"300\" height=\"200\" srcset=\"https:\/\/wm.pb.edu.pl\/kimip\/wp-content\/uploads\/sites\/6\/2020\/09\/Skaningowy-mikroskop-elektronowy-Hitachi-S-3000N-300x200.jpg 300w, https:\/\/wm.pb.edu.pl\/kimip\/wp-content\/uploads\/sites\/6\/2020\/09\/Skaningowy-mikroskop-elektronowy-Hitachi-S-3000N-480x320.jpg 480w, https:\/\/wm.pb.edu.pl\/kimip\/wp-content\/uploads\/sites\/6\/2020\/09\/Skaningowy-mikroskop-elektronowy-Hitachi-S-3000N.jpg 532w\" sizes=\"auto, (max-width: 300px) 100vw, 300px\" \/><\/li>\n<\/ul>\n<p><strong>Spektrometr iskrowy Thermo ARL Quantris<\/strong><\/p>\n<ul style=\"list-style-type: circle\">\n<li>analiza ilo\u015bciowa sk\u0142adu chemicznego stop\u00f3w na bazie Fe, Ti, Al;<\/li>\n<li>technika CCD;<\/li>\n<li>praca w pr\u00f3\u017cni;<\/li>\n<li>podstawowy spektrograf d\u0142ugo\u015b\u0107 fali od 130 do 200 nm oraz od 200 do 410 nm;<\/li>\n<li>dodatkowy spektrograf dla pierwiastk\u00f3w alkalicznych d\u0142ugo\u015b\u0107 fali od 410 do 780 nm.<br \/>\n<img loading=\"lazy\" decoding=\"async\" class=\"alignnone wp-image-240 size-full\" src=\"https:\/\/wm.pb.edu.pl\/kimip\/wp-content\/uploads\/sites\/6\/2020\/09\/Spektrometr-iskrowy-Thermo-ARL-Quantris.jpg\" alt=\"Spektrometr iskrowy Thermo ARL Quantris\" width=\"270\" height=\"179\"><\/li>\n<\/ul>\n<p><strong>Ultranano indenter i scratch tester z mikroskopem AFM oraz mikroskopem optycznym firmy CSM<\/strong><\/p>\n<ul style=\"list-style-type: circle\">\n<li>&nbsp;modu\u0142 UNHT obci\u0105\u017cenie 0-50 mN, g\u0142\u0119boko\u015b\u0107 penetracji 0-50 \u00b5m, wg\u0142\u0119bnik Berkovicha;<\/li>\n<li>modu\u0142 UHT i Scratch (Micro Combi Tester) obci\u0105\u017cenie 0.010-30 N, g\u0142\u0119boko\u015b\u0107 penetracji 0-50 \u00b5m; wg\u0142\u0119bniki: Rockwell C R=100 \u00b5m, Vickers; sensor emisji akustycznej;<\/li>\n<li>stolik z przesuwem 245&#215;120 mm;<\/li>\n<li>mikroskop kontaktowy AFM obszar roboczy (XY) 110&#215;110 \u00b5m, Z = 22 \u00b5m; rozdzielczo\u015b\u0107 skanowania 400&#215;300 \u00b5m, 800&#215;600 \u00b5m, 1600&#215;1200 \u00b5m;<\/li>\n<li>mikroskop optyczny OLIMPUS z powi\u0119kszeniami 200x, 800x, 2000x, 4000x.<br \/>\n<img loading=\"lazy\" decoding=\"async\" class=\"alignnone wp-image-242 size-medium\" src=\"https:\/\/wm.pb.edu.pl\/kimip\/wp-content\/uploads\/sites\/6\/2020\/09\/Ultranano-indenter-i-scratch-tester-z-mikroskopem-AFM-oraz-mikroskopem-optycznym-firmy-CSM-300x220.jpg\" alt=\"Mikroskop w kolorze bia\u0142o-czarnym\" width=\"300\" height=\"220\" srcset=\"https:\/\/wm.pb.edu.pl\/kimip\/wp-content\/uploads\/sites\/6\/2020\/09\/Ultranano-indenter-i-scratch-tester-z-mikroskopem-AFM-oraz-mikroskopem-optycznym-firmy-CSM-300x220.jpg 300w, https:\/\/wm.pb.edu.pl\/kimip\/wp-content\/uploads\/sites\/6\/2020\/09\/Ultranano-indenter-i-scratch-tester-z-mikroskopem-AFM-oraz-mikroskopem-optycznym-firmy-CSM.jpg 318w\" sizes=\"auto, (max-width: 300px) 100vw, 300px\" \/><\/li>\n<\/ul>\n<p><strong>Elektronowy mikroskop skaningowy SEM\/FIB SCIOS2<\/strong><\/p>\n<h2>Laboratorium metrologii<\/h2>\n<p><strong>Wsp\u00f3\u0142rz\u0119dno\u015bciowa maszyna pomiarowa MISTRAL 07 07 05<\/strong><\/p>\n<ul style=\"list-style-type: circle\">\n<li>kontrola dok\u0142adno\u015bci wykonania cz\u0119\u015bci w przemy\u015ble maszynowym;<\/li>\n<li>zakres pomiarowy: 710x660x460 mm;<\/li>\n<li>niepewno\u015b\u0107 pomiaru: 2,5+4L\/1000 \u00b5m;<\/li>\n<li>maksymalne obci\u0105\u017cenie sto\u0142u: 600 kg;<\/li>\n<li>maksymalna liczba punkt\u00f3w pomiarowych na minut\u0119: 48;<\/li>\n<li>sterowanie komputerowe w pi\u0119ciu osiach;<\/li>\n<li>niepewno\u015b\u0107 pomiaru 3,5 \u00b5m.<br \/>\n<img loading=\"lazy\" decoding=\"async\" class=\"alignnone size-medium wp-image-260\" src=\"https:\/\/wm.pb.edu.pl\/kimip\/wp-content\/uploads\/sites\/6\/2020\/12\/IMG_4665strona-300x256.jpg\" alt=\"maszyna pomiarowa MISTRAL\" width=\"300\" height=\"256\" srcset=\"https:\/\/wm.pb.edu.pl\/kimip\/wp-content\/uploads\/sites\/6\/2020\/12\/IMG_4665strona-300x256.jpg 300w, https:\/\/wm.pb.edu.pl\/kimip\/wp-content\/uploads\/sites\/6\/2020\/12\/IMG_4665strona-768x656.jpg 768w, https:\/\/wm.pb.edu.pl\/kimip\/wp-content\/uploads\/sites\/6\/2020\/12\/IMG_4665strona.jpg 800w\" sizes=\"auto, (max-width: 300px) 100vw, 300px\" \/><\/li>\n<\/ul>\n<p><strong>Wsp\u00f3\u0142rz\u0119dno\u015bciowa maszyna pomiarowa Global Performance 07 07 05<\/strong><\/p>\n<ul style=\"list-style-type: circle\">\n<li>skaning ci\u0105g\u0142y mierzonego przedmiotu;<\/li>\n<li>zakres pomiarowy: 700x700x500 mm;<\/li>\n<li>automatyczny system kompensacji temperatury (maszyny i mierzonego przedmiotu);<\/li>\n<li>r\u0119czne korygowanie wsp\u00f3\u0142czynnik\u00f3w rozszerzalno\u015bci mierzonego przedmiotu oraz monitorowanie zmian temperatury przez oprogramowanie;<\/li>\n<li>sterownik z funkcj\u0105 automatycznego wyg\u0142adzania toru ruchu maszyny;<\/li>\n<li>mo\u017cliwo\u015b\u0107 kompensacji ci\u0119\u017caru g\u0142owic za pomoc\u0105 regulacji ci\u015bnienia spr\u0119\u017conego powietrza.<br \/>\n<img loading=\"lazy\" decoding=\"async\" class=\"alignnone size-medium wp-image-259\" src=\"https:\/\/wm.pb.edu.pl\/kimip\/wp-content\/uploads\/sites\/6\/2020\/12\/IMG_4667strona-226x300.jpg\" alt=\"maszyna pomiarowa Global Performance \" width=\"226\" height=\"300\" srcset=\"https:\/\/wm.pb.edu.pl\/kimip\/wp-content\/uploads\/sites\/6\/2020\/12\/IMG_4667strona-226x300.jpg 226w, https:\/\/wm.pb.edu.pl\/kimip\/wp-content\/uploads\/sites\/6\/2020\/12\/IMG_4667strona-772x1024.jpg 772w, https:\/\/wm.pb.edu.pl\/kimip\/wp-content\/uploads\/sites\/6\/2020\/12\/IMG_4667strona-768x1019.jpg 768w, https:\/\/wm.pb.edu.pl\/kimip\/wp-content\/uploads\/sites\/6\/2020\/12\/IMG_4667strona.jpg 800w\" sizes=\"auto, (max-width: 226px) 100vw, 226px\" \/><\/li>\n<\/ul>\n<p><strong>Mikroskop pomiarowy FALCON z oprogramowaniem QC5000VED<\/strong><\/p>\n<ul style=\"list-style-type: circle\">\n<li>powi\u0119kszenia 10x, 20x, 30x, 40x, 80x, 100x;<\/li>\n<li>stolik 150&#215;150 mm;<\/li>\n<li>zakres pomiaru wzd\u0142u\u017c osi Z &#8211; 115 mm;<\/li>\n<li>kamera CCD 5:1;<\/li>\n<li>linia\u0142y inkrementalne osi X, Y, Z &#8211; 1 \u00b5m;<\/li>\n<li>oprogramowanie z sensorem kraw\u0119dziowym QC5000VED.<br \/>\n<img loading=\"lazy\" decoding=\"async\" class=\"alignnone wp-image-237 size-medium\" src=\"https:\/\/wm.pb.edu.pl\/kimip\/wp-content\/uploads\/sites\/6\/2020\/09\/Mikroskop-pomiarowy-FALCON-z-oprogramowaniem-QC5000VED-300x200.jpg\" alt=\"Na pierwszym planie mikroskop, w tle monitor, myszka i klawiatura\" width=\"300\" height=\"200\" srcset=\"https:\/\/wm.pb.edu.pl\/kimip\/wp-content\/uploads\/sites\/6\/2020\/09\/Mikroskop-pomiarowy-FALCON-z-oprogramowaniem-QC5000VED-300x200.jpg 300w, https:\/\/wm.pb.edu.pl\/kimip\/wp-content\/uploads\/sites\/6\/2020\/09\/Mikroskop-pomiarowy-FALCON-z-oprogramowaniem-QC5000VED-480x320.jpg 480w, https:\/\/wm.pb.edu.pl\/kimip\/wp-content\/uploads\/sites\/6\/2020\/09\/Mikroskop-pomiarowy-FALCON-z-oprogramowaniem-QC5000VED.jpg 728w\" sizes=\"auto, (max-width: 300px) 100vw, 300px\" \/><\/li>\n<\/ul>\n<h2>Laboratorium Technik Wytwarzania<\/h2>\n<p><strong>Centrum frezarskie 5-osiowe DMU 50 eco<\/strong><\/p>\n<ul style=\"list-style-type: circle\">\n<li>sterowanie SIEMENS 840D;<\/li>\n<li>st\u00f3\u0142 uchylno-obrotowy NC z cyfrowymi nap\u0119dami;<\/li>\n<li>dok\u0142adno\u015b\u0107 pozycjonowania sto\u0142u do 0,008 mm przy bezpo\u015brednim i 0,020 mm przy po\u015brednim systemie pomiaru drogi;<\/li>\n<li>16-pozycyjny magazyn narz\u0119dzi SK40;<\/li>\n<li>elektrowrzeciono frezarskie 8 000 rpm, 13 kW, 83 Nm (40% ED).<br \/>\n<img loading=\"lazy\" decoding=\"async\" class=\"alignnone wp-image-234 size-medium\" src=\"https:\/\/wm.pb.edu.pl\/kimip\/wp-content\/uploads\/sites\/6\/2020\/09\/Centrum-frezarskie-5-osiowe-DMU-50-eco-300x185.jpg\" alt=\"Maszyna frezarska w bia\u0142ej obudowie\" width=\"300\" height=\"185\" srcset=\"https:\/\/wm.pb.edu.pl\/kimip\/wp-content\/uploads\/sites\/6\/2020\/09\/Centrum-frezarskie-5-osiowe-DMU-50-eco-300x185.jpg 300w, https:\/\/wm.pb.edu.pl\/kimip\/wp-content\/uploads\/sites\/6\/2020\/09\/Centrum-frezarskie-5-osiowe-DMU-50-eco.jpg 767w\" sizes=\"auto, (max-width: 300px) 100vw, 300px\" \/><\/li>\n<\/ul>\n<p><strong>Tokarka sterowana numerycznie DMG CTX 310 eco<\/strong><\/p>\n<ul style=\"list-style-type: circle\">\n<li>sterowanie SIEMENS 840D;<\/li>\n<li>12-pozycyjna g\u0142owica narz\u0119dziowa VDI;<\/li>\n<li>automatycznie przesuwny konik;<\/li>\n<li>przelotowy mechanizm zacisku \u00f851 mm;<\/li>\n<li>maksymalny przelot nad \u0142o\u017cem 330 mm;<\/li>\n<li>przelot nad suportem 260 mm;<\/li>\n<li>maksymalna \u015brednica toczenia \u00f8200 mm;<\/li>\n<li>droga przesuwu w osi X: 160 mm;<\/li>\n<li>droga przesuwu w osi Z: 450 mm;<\/li>\n<li>nap\u0119d wrzeciona 4 000 rpm, 8,4 kW, 20 Nm (40% ED).<br \/>\n<img loading=\"lazy\" decoding=\"async\" class=\"alignnone wp-image-241 \" src=\"https:\/\/wm.pb.edu.pl\/kimip\/wp-content\/uploads\/sites\/6\/2020\/09\/Tokarka-sterowana-numerycznie-DMG-CTX-310-eco-300x202.jpg\" alt=\"Tokarka w bia\u0142ej obudowie\" width=\"336\" height=\"226\" srcset=\"https:\/\/wm.pb.edu.pl\/kimip\/wp-content\/uploads\/sites\/6\/2020\/09\/Tokarka-sterowana-numerycznie-DMG-CTX-310-eco-300x202.jpg 300w, https:\/\/wm.pb.edu.pl\/kimip\/wp-content\/uploads\/sites\/6\/2020\/09\/Tokarka-sterowana-numerycznie-DMG-CTX-310-eco.jpg 704w\" sizes=\"auto, (max-width: 336px) 100vw, 336px\" \/><\/li>\n<\/ul>\n<p><strong>Pionowe centrum frezarskie VMC-1020 HARTFORD<\/strong><\/p>\n<ul style=\"list-style-type: circle\">\n<li>sterowanie ci\u0105g\u0142e w 4 osiach, dok\u0142adno\u015b\u0107 pozycjonowania 5 \u00b5m;<\/li>\n<li>zakres posuw\u00f3w roboczych 1\u00f712 000 mm\/min;<\/li>\n<li>szybkie przemieszczenia do 20 000 mm\/min;<\/li>\n<li>pomiar przemieszcze\u0144 na linia\u0142ach optycznych;<\/li>\n<li>zakres pr\u0119dko\u015bci obrotowych wrzeciona 60-8000 obr\/min;<\/li>\n<li>automatyczna wymiana narz\u0119dzia;<\/li>\n<li>magazyn narz\u0119dzi (24 szt.);<\/li>\n<li>zakres przemieszcze\u0144 roboczych (XYZ) 1020x510x510 mm;<\/li>\n<li>sto\u017cek wrzeciona 40;<\/li>\n<li>uk\u0142ad sterowania iTNC 530 Heidenhain;<\/li>\n<li>sondy do pomiaru narz\u0119dzia i przedmiotu obrabianego.<br \/>\n<img loading=\"lazy\" decoding=\"async\" class=\"alignnone wp-image-238 size-full\" src=\"https:\/\/wm.pb.edu.pl\/kimip\/wp-content\/uploads\/sites\/6\/2020\/09\/Pionowe-centrum-frezarskie-VMC-1020-HARTFORD.jpg\" alt=\"Pionowe centrum frezarskie\" width=\"295\" height=\"275\"><\/li>\n<\/ul>\n<p><strong>Wycinarka strug\u0105 wody WATERJET KIMLA STREAMCUT 1510<\/strong><\/p>\n<ul style=\"list-style-type: circle\">\n<li>zakres roboczy XYZ 2000x1000x200 mm;<\/li>\n<li>wymiary ci\u0119tego arkusza 2000&#215;1000 mm;<\/li>\n<li>5 osiowa g\u0142owica tn\u0105ca;<\/li>\n<li>maksymalna grubo\u015b\u0107 ci\u0119cia: 200 mm;<\/li>\n<li>maksymalne ci\u015bnienie pompy wzmacniaczowej: 4137 bar\u00f3w;<\/li>\n<li>podajnik \u015bcierniwa: 300 kg;<\/li>\n<li>pneumatyczny system dostawy \u015bcierniwa;<\/li>\n<li>poduszka powietrzna (mo\u017cliwo\u015b\u0107 ci\u0119cia w zanurzeniu);<\/li>\n<li>oprogramowanie KIMLA steruj\u0105ce ruchem g\u0142owicy.<br \/>\n<img loading=\"lazy\" decoding=\"async\" class=\"alignnone wp-image-245 size-medium\" src=\"https:\/\/wm.pb.edu.pl\/kimip\/wp-content\/uploads\/sites\/6\/2020\/09\/Wycinarka-strug\u0105-wody-WATERJET-KIMLA-STREAMCUT-1510-300x200.jpg\" alt=\"Jasno niebieska maszyna. S\u0142u\u017cy do wycinania strug\u0105 wody\" width=\"300\" height=\"200\" srcset=\"https:\/\/wm.pb.edu.pl\/kimip\/wp-content\/uploads\/sites\/6\/2020\/09\/Wycinarka-strug\u0105-wody-WATERJET-KIMLA-STREAMCUT-1510-300x200.jpg 300w, https:\/\/wm.pb.edu.pl\/kimip\/wp-content\/uploads\/sites\/6\/2020\/09\/Wycinarka-strug\u0105-wody-WATERJET-KIMLA-STREAMCUT-1510-480x320.jpg 480w, https:\/\/wm.pb.edu.pl\/kimip\/wp-content\/uploads\/sites\/6\/2020\/09\/Wycinarka-strug\u0105-wody-WATERJET-KIMLA-STREAMCUT-1510.jpg 715w\" sizes=\"auto, (max-width: 300px) 100vw, 300px\" \/><\/li>\n<\/ul>\n<p><strong>Drutowe centrum elektroerozyjne AU-300iA firmy AccuteX <\/strong><\/p>\n<ul style=\"list-style-type: circle\">\n<li>przestrze\u0144 robocza 765x535x215 mm;<\/li>\n<li>przemieszczenia osi XY: 350&#215;250 mm;<\/li>\n<li>przemieszczenia osi UV: 80&#215;80 mm;<\/li>\n<li>przemieszczenia osi Z: 220 mm;<\/li>\n<li>linia\u0142y optyczne Heidenhain o rozdzielczo\u015bci pomiarowej 0,1 \u00b5m;<\/li>\n<li>szybko\u015b\u0107 wycinania do 300 mm<sup>2<\/sup>\/min;<\/li>\n<li>g\u0142adko\u015b\u0107 powierzchni do 0,15 \u00b5m R<sub>a<\/sub> (na wysoko\u015bci 20 mm).<br \/>\n<img loading=\"lazy\" decoding=\"async\" class=\"alignnone wp-image-235 size-medium\" src=\"https:\/\/wm.pb.edu.pl\/kimip\/wp-content\/uploads\/sites\/6\/2020\/09\/Drutowe-centrum-elektroerozyjne-AU-300iA-firmy-AccuteX-300x200.jpg\" alt=\"Zdj\u0119cie przedstawia centrum elektroerozyjne\" width=\"300\" height=\"200\" srcset=\"https:\/\/wm.pb.edu.pl\/kimip\/wp-content\/uploads\/sites\/6\/2020\/09\/Drutowe-centrum-elektroerozyjne-AU-300iA-firmy-AccuteX-300x200.jpg 300w, https:\/\/wm.pb.edu.pl\/kimip\/wp-content\/uploads\/sites\/6\/2020\/09\/Drutowe-centrum-elektroerozyjne-AU-300iA-firmy-AccuteX-480x320.jpg 480w, https:\/\/wm.pb.edu.pl\/kimip\/wp-content\/uploads\/sites\/6\/2020\/09\/Drutowe-centrum-elektroerozyjne-AU-300iA-firmy-AccuteX.jpg 607w\" sizes=\"auto, (max-width: 300px) 100vw, 300px\" \/><\/li>\n<\/ul>\n<p><strong>Maszyna do szybkiego prototypowania FORTUS 360mc<\/strong><\/p>\n<ul style=\"list-style-type: circle\">\n<li>komora robocza (XYZ): 355x254x254 mm;<\/li>\n<li>grubo\u015b\u0107 warstwy od 0.127 do 0.330 mm;<\/li>\n<li>dok\u0142adno\u015b\u0107 wytwarzania modeli 0.127 mm lub 0.0381 mm\/mm;<\/li>\n<li>oprogramowanie Insight;<\/li>\n<li>materia\u0142 konstrukcyjny ABS-M30, PC-ABS, PC.<br \/>\n<img loading=\"lazy\" decoding=\"async\" class=\"alignnone size-medium wp-image-262\" src=\"https:\/\/wm.pb.edu.pl\/kimip\/wp-content\/uploads\/sites\/6\/2020\/12\/IMG_4658strona-300x245.jpg\" alt=\"Maszyna do szybkiego prototypowania FORTUS\" width=\"300\" height=\"245\" srcset=\"https:\/\/wm.pb.edu.pl\/kimip\/wp-content\/uploads\/sites\/6\/2020\/12\/IMG_4658strona-300x245.jpg 300w, https:\/\/wm.pb.edu.pl\/kimip\/wp-content\/uploads\/sites\/6\/2020\/12\/IMG_4658strona-768x626.jpg 768w, https:\/\/wm.pb.edu.pl\/kimip\/wp-content\/uploads\/sites\/6\/2020\/12\/IMG_4658strona.jpg 1000w\" sizes=\"auto, (max-width: 300px) 100vw, 300px\" \/><\/li>\n<\/ul>\n","protected":false},"excerpt":{"rendered":"<p>Laboratorium bada\u0144 materia\u0142owych Skaningowy mikroskop elektronowy Hitachi S-3000N praca w niskiej i wysokiej pr\u00f3\u017cni; mo\u017cliwo\u015b\u0107<a class=\"read-more\" href=\"https:\/\/wm.pb.edu.pl\/kimip\/laboratoria\/\" title=\"Poka\u017c artyku\u0142 Laboratoria\">wi\u0119cej<\/a><\/p>\n","protected":false},"author":12,"featured_media":0,"parent":0,"menu_order":5,"comment_status":"closed","ping_status":"closed","template":"","meta":{"inline_featured_image":false,"ngg_post_thumbnail":0,"footnotes":""},"class_list":["post-29","page","type-page","status-publish","hentry"],"acf":[],"yoast_head":"<!-- This site is optimized with the Yoast SEO plugin v26.4 - https:\/\/yoast.com\/wordpress\/plugins\/seo\/ -->\n<title>Laboratoria - Katedra In\u017cynierii Materia\u0142owej i Produkcji<\/title>\n<meta name=\"robots\" content=\"index, follow, max-snippet:-1, max-image-preview:large, max-video-preview:-1\" \/>\n<link rel=\"canonical\" href=\"https:\/\/wm.pb.edu.pl\/kimip\/laboratoria\/\" \/>\n<meta property=\"og:locale\" content=\"pl_PL\" \/>\n<meta property=\"og:type\" content=\"article\" \/>\n<meta property=\"og:title\" content=\"Laboratoria - Katedra In\u017cynierii Materia\u0142owej i Produkcji\" \/>\n<meta property=\"og:description\" content=\"Laboratorium bada\u0144 materia\u0142owych Skaningowy mikroskop elektronowy Hitachi S-3000N praca w niskiej i wysokiej pr\u00f3\u017cni; mo\u017cliwo\u015b\u0107wi\u0119cej\" \/>\n<meta property=\"og:url\" content=\"https:\/\/wm.pb.edu.pl\/kimip\/laboratoria\/\" \/>\n<meta property=\"og:site_name\" content=\"Katedra In\u017cynierii Materia\u0142owej i Produkcji\" \/>\n<meta property=\"article:modified_time\" content=\"2020-12-10T09:20:29+00:00\" \/>\n<meta property=\"og:image\" content=\"https:\/\/wm.pb.edu.pl\/kimip\/wp-content\/uploads\/sites\/6\/2020\/09\/Skaningowy-mikroskop-elektronowy-Hitachi-S-3000N.jpg\" \/>\n\t<meta property=\"og:image:width\" content=\"532\" \/>\n\t<meta property=\"og:image:height\" content=\"354\" \/>\n\t<meta property=\"og:image:type\" content=\"image\/jpeg\" \/>\n<meta name=\"twitter:card\" content=\"summary_large_image\" \/>\n<meta name=\"twitter:label1\" content=\"Szacowany czas czytania\" \/>\n\t<meta name=\"twitter:data1\" content=\"3 minuty\" \/>\n<script type=\"application\/ld+json\" class=\"yoast-schema-graph\">{\"@context\":\"https:\/\/schema.org\",\"@graph\":[{\"@type\":\"WebPage\",\"@id\":\"https:\/\/wm.pb.edu.pl\/kimip\/laboratoria\/\",\"url\":\"https:\/\/wm.pb.edu.pl\/kimip\/laboratoria\/\",\"name\":\"Laboratoria - Katedra In\u017cynierii Materia\u0142owej i Produkcji\",\"isPartOf\":{\"@id\":\"https:\/\/wm.pb.edu.pl\/kimip\/#website\"},\"primaryImageOfPage\":{\"@id\":\"https:\/\/wm.pb.edu.pl\/kimip\/laboratoria\/#primaryimage\"},\"image\":{\"@id\":\"https:\/\/wm.pb.edu.pl\/kimip\/laboratoria\/#primaryimage\"},\"thumbnailUrl\":\"https:\/\/wm.pb.edu.pl\/kimip\/wp-content\/uploads\/sites\/6\/2020\/09\/Skaningowy-mikroskop-elektronowy-Hitachi-S-3000N-300x200.jpg\",\"datePublished\":\"2018-06-26T09:17:59+00:00\",\"dateModified\":\"2020-12-10T09:20:29+00:00\",\"breadcrumb\":{\"@id\":\"https:\/\/wm.pb.edu.pl\/kimip\/laboratoria\/#breadcrumb\"},\"inLanguage\":\"pl-PL\",\"potentialAction\":[{\"@type\":\"ReadAction\",\"target\":[\"https:\/\/wm.pb.edu.pl\/kimip\/laboratoria\/\"]}]},{\"@type\":\"ImageObject\",\"inLanguage\":\"pl-PL\",\"@id\":\"https:\/\/wm.pb.edu.pl\/kimip\/laboratoria\/#primaryimage\",\"url\":\"https:\/\/wm.pb.edu.pl\/kimip\/wp-content\/uploads\/sites\/6\/2020\/09\/Skaningowy-mikroskop-elektronowy-Hitachi-S-3000N.jpg\",\"contentUrl\":\"https:\/\/wm.pb.edu.pl\/kimip\/wp-content\/uploads\/sites\/6\/2020\/09\/Skaningowy-mikroskop-elektronowy-Hitachi-S-3000N.jpg\",\"width\":532,\"height\":354,\"caption\":\"kobieta przy komputerze i mikroskopie\"},{\"@type\":\"BreadcrumbList\",\"@id\":\"https:\/\/wm.pb.edu.pl\/kimip\/laboratoria\/#breadcrumb\",\"itemListElement\":[{\"@type\":\"ListItem\",\"position\":1,\"name\":\"Strona g\u0142\u00f3wna\",\"item\":\"https:\/\/wm.pb.edu.pl\/kimip\/\"},{\"@type\":\"ListItem\",\"position\":2,\"name\":\"Laboratoria\"}]},{\"@type\":\"WebSite\",\"@id\":\"https:\/\/wm.pb.edu.pl\/kimip\/#website\",\"url\":\"https:\/\/wm.pb.edu.pl\/kimip\/\",\"name\":\"Katedra In\u017cynierii Materia\u0142owej i Produkcji\",\"description\":\"\",\"potentialAction\":[{\"@type\":\"SearchAction\",\"target\":{\"@type\":\"EntryPoint\",\"urlTemplate\":\"https:\/\/wm.pb.edu.pl\/kimip\/?s={search_term_string}\"},\"query-input\":{\"@type\":\"PropertyValueSpecification\",\"valueRequired\":true,\"valueName\":\"search_term_string\"}}],\"inLanguage\":\"pl-PL\"}]}<\/script>\n<!-- \/ Yoast SEO plugin. -->","yoast_head_json":{"title":"Laboratoria - Katedra In\u017cynierii Materia\u0142owej i Produkcji","robots":{"index":"index","follow":"follow","max-snippet":"max-snippet:-1","max-image-preview":"max-image-preview:large","max-video-preview":"max-video-preview:-1"},"canonical":"https:\/\/wm.pb.edu.pl\/kimip\/laboratoria\/","og_locale":"pl_PL","og_type":"article","og_title":"Laboratoria - Katedra In\u017cynierii Materia\u0142owej i Produkcji","og_description":"Laboratorium bada\u0144 materia\u0142owych Skaningowy mikroskop elektronowy Hitachi S-3000N praca w niskiej i wysokiej pr\u00f3\u017cni; mo\u017cliwo\u015b\u0107wi\u0119cej","og_url":"https:\/\/wm.pb.edu.pl\/kimip\/laboratoria\/","og_site_name":"Katedra In\u017cynierii Materia\u0142owej i Produkcji","article_modified_time":"2020-12-10T09:20:29+00:00","og_image":[{"width":532,"height":354,"url":"https:\/\/wm.pb.edu.pl\/kimip\/wp-content\/uploads\/sites\/6\/2020\/09\/Skaningowy-mikroskop-elektronowy-Hitachi-S-3000N.jpg","type":"image\/jpeg"}],"twitter_card":"summary_large_image","twitter_misc":{"Szacowany czas czytania":"3 minuty"},"schema":{"@context":"https:\/\/schema.org","@graph":[{"@type":"WebPage","@id":"https:\/\/wm.pb.edu.pl\/kimip\/laboratoria\/","url":"https:\/\/wm.pb.edu.pl\/kimip\/laboratoria\/","name":"Laboratoria - Katedra In\u017cynierii Materia\u0142owej i Produkcji","isPartOf":{"@id":"https:\/\/wm.pb.edu.pl\/kimip\/#website"},"primaryImageOfPage":{"@id":"https:\/\/wm.pb.edu.pl\/kimip\/laboratoria\/#primaryimage"},"image":{"@id":"https:\/\/wm.pb.edu.pl\/kimip\/laboratoria\/#primaryimage"},"thumbnailUrl":"https:\/\/wm.pb.edu.pl\/kimip\/wp-content\/uploads\/sites\/6\/2020\/09\/Skaningowy-mikroskop-elektronowy-Hitachi-S-3000N-300x200.jpg","datePublished":"2018-06-26T09:17:59+00:00","dateModified":"2020-12-10T09:20:29+00:00","breadcrumb":{"@id":"https:\/\/wm.pb.edu.pl\/kimip\/laboratoria\/#breadcrumb"},"inLanguage":"pl-PL","potentialAction":[{"@type":"ReadAction","target":["https:\/\/wm.pb.edu.pl\/kimip\/laboratoria\/"]}]},{"@type":"ImageObject","inLanguage":"pl-PL","@id":"https:\/\/wm.pb.edu.pl\/kimip\/laboratoria\/#primaryimage","url":"https:\/\/wm.pb.edu.pl\/kimip\/wp-content\/uploads\/sites\/6\/2020\/09\/Skaningowy-mikroskop-elektronowy-Hitachi-S-3000N.jpg","contentUrl":"https:\/\/wm.pb.edu.pl\/kimip\/wp-content\/uploads\/sites\/6\/2020\/09\/Skaningowy-mikroskop-elektronowy-Hitachi-S-3000N.jpg","width":532,"height":354,"caption":"kobieta przy komputerze i mikroskopie"},{"@type":"BreadcrumbList","@id":"https:\/\/wm.pb.edu.pl\/kimip\/laboratoria\/#breadcrumb","itemListElement":[{"@type":"ListItem","position":1,"name":"Strona g\u0142\u00f3wna","item":"https:\/\/wm.pb.edu.pl\/kimip\/"},{"@type":"ListItem","position":2,"name":"Laboratoria"}]},{"@type":"WebSite","@id":"https:\/\/wm.pb.edu.pl\/kimip\/#website","url":"https:\/\/wm.pb.edu.pl\/kimip\/","name":"Katedra In\u017cynierii Materia\u0142owej i Produkcji","description":"","potentialAction":[{"@type":"SearchAction","target":{"@type":"EntryPoint","urlTemplate":"https:\/\/wm.pb.edu.pl\/kimip\/?s={search_term_string}"},"query-input":{"@type":"PropertyValueSpecification","valueRequired":true,"valueName":"search_term_string"}}],"inLanguage":"pl-PL"}]}},"_links":{"self":[{"href":"https:\/\/wm.pb.edu.pl\/kimip\/wp-json\/wp\/v2\/pages\/29","targetHints":{"allow":["GET"]}}],"collection":[{"href":"https:\/\/wm.pb.edu.pl\/kimip\/wp-json\/wp\/v2\/pages"}],"about":[{"href":"https:\/\/wm.pb.edu.pl\/kimip\/wp-json\/wp\/v2\/types\/page"}],"author":[{"embeddable":true,"href":"https:\/\/wm.pb.edu.pl\/kimip\/wp-json\/wp\/v2\/users\/12"}],"replies":[{"embeddable":true,"href":"https:\/\/wm.pb.edu.pl\/kimip\/wp-json\/wp\/v2\/comments?post=29"}],"version-history":[{"count":17,"href":"https:\/\/wm.pb.edu.pl\/kimip\/wp-json\/wp\/v2\/pages\/29\/revisions"}],"predecessor-version":[{"id":264,"href":"https:\/\/wm.pb.edu.pl\/kimip\/wp-json\/wp\/v2\/pages\/29\/revisions\/264"}],"wp:attachment":[{"href":"https:\/\/wm.pb.edu.pl\/kimip\/wp-json\/wp\/v2\/media?parent=29"}],"curies":[{"name":"wp","href":"https:\/\/api.w.org\/{rel}","templated":true}]}}