{"id":37,"date":"2018-06-26T11:22:15","date_gmt":"2018-06-26T09:22:15","guid":{"rendered":"https:\/\/wm.pb.edu.pl\/kimip\/?page_id=37"},"modified":"2020-07-07T10:52:55","modified_gmt":"2020-07-07T08:52:55","slug":"kierunki-badan","status":"publish","type":"page","link":"https:\/\/wm.pb.edu.pl\/kimip\/nauka\/kierunki-badan\/","title":{"rendered":"Kierunki bada\u0144"},"content":{"rendered":"<h2><strong>Kierunki Bada\u0144 w Katedrze In\u017cynierii Materia\u0142owej i Produkcji<\/strong><\/h2>\n<ol>\n<li>\n<h3>Nowoczesne materia\u0142y<\/h3>\n<\/li>\n<li style=\"list-style-type: none\">\n<ol>\n<li>\n<h4>Materia\u0142y kompozytowe o osnowie metalicznej z naturalnym wype\u0142niaczem<\/h4>\n<\/li>\n<li>\n<h4>Stopy wysokoentropowe<\/h4>\n<\/li>\n<li>\n<h4>Modyfikacja warstwy wierzchniej<\/h4>\n<\/li>\n<li>\n<h4>Biodegradowalne polimery i kompozyty<\/h4>\n<\/li>\n<li>\n<h4>Badania materia\u0142owe<\/h4>\n<\/li>\n<\/ol>\n<\/li>\n<li>\n<h3>Technologie<\/h3>\n<ol>\n<li>\n<h4>Metodyka poprawy dok\u0142adno\u015bci dopasowania powierzchni swobodnego kszta\u0142tu<\/h4>\n<\/li>\n<li>\n<h4>Podwy\u017cszenie dok\u0142adno\u015bci obiekt\u00f3w wytwarzanych na frezarskich centrach obr\u00f3bkowych<\/h4>\n<\/li>\n<li>\n<h4>Wykorzystanie technik in\u017cynierii odwrotnej w rekonstrukcji kszta\u0142tu z\u0142o\u017conych obiekt\u00f3w technicznych<\/h4>\n<\/li>\n<\/ol>\n<\/li>\n<li>\n<h3>Zagadnienia degradacji materia\u0142\u00f3w<\/h3>\n<ol>\n<li>\n<h4>Analiza proces\u00f3w tarcia i zu\u017cycia wybranych materia\u0142\u00f3w<\/h4>\n<\/li>\n<li>\n<h4>Mechanika materia\u0142\u00f3w \u2013 metody do\u015bwiadczalne, modelowanie numeryczne, mechanika przep\u0142yw\u00f3w w cieczach wielofazowych<\/h4>\n<\/li>\n<li>\n<h4>Badania nad mo\u017cliwo\u015bci\u0105 poprawy stanu technicznego p\u0119kni\u0119tych wa\u0142\u00f3w<\/h4>\n<\/li>\n<\/ol>\n<\/li>\n<\/ol>\n","protected":false},"excerpt":{"rendered":"<p>Kierunki Bada\u0144 w Katedrze In\u017cynierii Materia\u0142owej i Produkcji Nowoczesne materia\u0142y Materia\u0142y kompozytowe o osnowie metalicznej<a class=\"read-more\" href=\"https:\/\/wm.pb.edu.pl\/kimip\/nauka\/kierunki-badan\/\" title=\"Poka\u017c artyku\u0142 Kierunki bada\u0144\">wi\u0119cej<\/a><\/p>\n","protected":false},"author":12,"featured_media":0,"parent":22,"menu_order":1,"comment_status":"closed","ping_status":"closed","template":"","meta":{"inline_featured_image":false,"ngg_post_thumbnail":0,"footnotes":""},"class_list":["post-37","page","type-page","status-publish","hentry"],"acf":[],"yoast_head":"<!-- This site is optimized with the Yoast SEO plugin v26.4 - https:\/\/yoast.com\/wordpress\/plugins\/seo\/ -->\n<title>Kierunki bada\u0144 - Katedra In\u017cynierii Materia\u0142owej i Produkcji<\/title>\n<meta name=\"robots\" content=\"index, follow, max-snippet:-1, max-image-preview:large, max-video-preview:-1\" \/>\n<link rel=\"canonical\" href=\"https:\/\/wm.pb.edu.pl\/kimip\/nauka\/kierunki-badan\/\" \/>\n<meta property=\"og:locale\" content=\"pl_PL\" \/>\n<meta property=\"og:type\" content=\"article\" \/>\n<meta property=\"og:title\" content=\"Kierunki bada\u0144 - Katedra In\u017cynierii Materia\u0142owej i Produkcji\" \/>\n<meta property=\"og:description\" content=\"Kierunki Bada\u0144 w Katedrze In\u017cynierii Materia\u0142owej i Produkcji Nowoczesne materia\u0142y Materia\u0142y kompozytowe o osnowie metalicznejwi\u0119cej\" \/>\n<meta property=\"og:url\" content=\"https:\/\/wm.pb.edu.pl\/kimip\/nauka\/kierunki-badan\/\" \/>\n<meta property=\"og:site_name\" content=\"Katedra In\u017cynierii Materia\u0142owej i Produkcji\" \/>\n<meta property=\"article:modified_time\" content=\"2020-07-07T08:52:55+00:00\" \/>\n<meta name=\"twitter:card\" content=\"summary_large_image\" \/>\n<meta name=\"twitter:label1\" content=\"Szacowany czas czytania\" \/>\n\t<meta name=\"twitter:data1\" content=\"1 minuta\" \/>\n<script type=\"application\/ld+json\" class=\"yoast-schema-graph\">{\"@context\":\"https:\/\/schema.org\",\"@graph\":[{\"@type\":\"WebPage\",\"@id\":\"https:\/\/wm.pb.edu.pl\/kimip\/nauka\/kierunki-badan\/\",\"url\":\"https:\/\/wm.pb.edu.pl\/kimip\/nauka\/kierunki-badan\/\",\"name\":\"Kierunki bada\u0144 - Katedra In\u017cynierii Materia\u0142owej i Produkcji\",\"isPartOf\":{\"@id\":\"https:\/\/wm.pb.edu.pl\/kimip\/#website\"},\"datePublished\":\"2018-06-26T09:22:15+00:00\",\"dateModified\":\"2020-07-07T08:52:55+00:00\",\"breadcrumb\":{\"@id\":\"https:\/\/wm.pb.edu.pl\/kimip\/nauka\/kierunki-badan\/#breadcrumb\"},\"inLanguage\":\"pl-PL\",\"potentialAction\":[{\"@type\":\"ReadAction\",\"target\":[\"https:\/\/wm.pb.edu.pl\/kimip\/nauka\/kierunki-badan\/\"]}]},{\"@type\":\"BreadcrumbList\",\"@id\":\"https:\/\/wm.pb.edu.pl\/kimip\/nauka\/kierunki-badan\/#breadcrumb\",\"itemListElement\":[{\"@type\":\"ListItem\",\"position\":1,\"name\":\"Strona g\u0142\u00f3wna\",\"item\":\"https:\/\/wm.pb.edu.pl\/kimip\/\"},{\"@type\":\"ListItem\",\"position\":2,\"name\":\"Nauka\",\"item\":\"https:\/\/wm.pb.edu.pl\/kimip\/nauka\/\"},{\"@type\":\"ListItem\",\"position\":3,\"name\":\"Kierunki bada\u0144\"}]},{\"@type\":\"WebSite\",\"@id\":\"https:\/\/wm.pb.edu.pl\/kimip\/#website\",\"url\":\"https:\/\/wm.pb.edu.pl\/kimip\/\",\"name\":\"Katedra In\u017cynierii Materia\u0142owej i Produkcji\",\"description\":\"\",\"potentialAction\":[{\"@type\":\"SearchAction\",\"target\":{\"@type\":\"EntryPoint\",\"urlTemplate\":\"https:\/\/wm.pb.edu.pl\/kimip\/?s={search_term_string}\"},\"query-input\":{\"@type\":\"PropertyValueSpecification\",\"valueRequired\":true,\"valueName\":\"search_term_string\"}}],\"inLanguage\":\"pl-PL\"}]}<\/script>\n<!-- \/ Yoast SEO plugin. -->","yoast_head_json":{"title":"Kierunki bada\u0144 - Katedra In\u017cynierii Materia\u0142owej i Produkcji","robots":{"index":"index","follow":"follow","max-snippet":"max-snippet:-1","max-image-preview":"max-image-preview:large","max-video-preview":"max-video-preview:-1"},"canonical":"https:\/\/wm.pb.edu.pl\/kimip\/nauka\/kierunki-badan\/","og_locale":"pl_PL","og_type":"article","og_title":"Kierunki bada\u0144 - Katedra In\u017cynierii Materia\u0142owej i Produkcji","og_description":"Kierunki Bada\u0144 w Katedrze In\u017cynierii Materia\u0142owej i Produkcji Nowoczesne materia\u0142y Materia\u0142y kompozytowe o osnowie metalicznejwi\u0119cej","og_url":"https:\/\/wm.pb.edu.pl\/kimip\/nauka\/kierunki-badan\/","og_site_name":"Katedra In\u017cynierii Materia\u0142owej i Produkcji","article_modified_time":"2020-07-07T08:52:55+00:00","twitter_card":"summary_large_image","twitter_misc":{"Szacowany czas czytania":"1 minuta"},"schema":{"@context":"https:\/\/schema.org","@graph":[{"@type":"WebPage","@id":"https:\/\/wm.pb.edu.pl\/kimip\/nauka\/kierunki-badan\/","url":"https:\/\/wm.pb.edu.pl\/kimip\/nauka\/kierunki-badan\/","name":"Kierunki bada\u0144 - Katedra In\u017cynierii Materia\u0142owej i Produkcji","isPartOf":{"@id":"https:\/\/wm.pb.edu.pl\/kimip\/#website"},"datePublished":"2018-06-26T09:22:15+00:00","dateModified":"2020-07-07T08:52:55+00:00","breadcrumb":{"@id":"https:\/\/wm.pb.edu.pl\/kimip\/nauka\/kierunki-badan\/#breadcrumb"},"inLanguage":"pl-PL","potentialAction":[{"@type":"ReadAction","target":["https:\/\/wm.pb.edu.pl\/kimip\/nauka\/kierunki-badan\/"]}]},{"@type":"BreadcrumbList","@id":"https:\/\/wm.pb.edu.pl\/kimip\/nauka\/kierunki-badan\/#breadcrumb","itemListElement":[{"@type":"ListItem","position":1,"name":"Strona g\u0142\u00f3wna","item":"https:\/\/wm.pb.edu.pl\/kimip\/"},{"@type":"ListItem","position":2,"name":"Nauka","item":"https:\/\/wm.pb.edu.pl\/kimip\/nauka\/"},{"@type":"ListItem","position":3,"name":"Kierunki bada\u0144"}]},{"@type":"WebSite","@id":"https:\/\/wm.pb.edu.pl\/kimip\/#website","url":"https:\/\/wm.pb.edu.pl\/kimip\/","name":"Katedra In\u017cynierii Materia\u0142owej i Produkcji","description":"","potentialAction":[{"@type":"SearchAction","target":{"@type":"EntryPoint","urlTemplate":"https:\/\/wm.pb.edu.pl\/kimip\/?s={search_term_string}"},"query-input":{"@type":"PropertyValueSpecification","valueRequired":true,"valueName":"search_term_string"}}],"inLanguage":"pl-PL"}]}},"_links":{"self":[{"href":"https:\/\/wm.pb.edu.pl\/kimip\/wp-json\/wp\/v2\/pages\/37","targetHints":{"allow":["GET"]}}],"collection":[{"href":"https:\/\/wm.pb.edu.pl\/kimip\/wp-json\/wp\/v2\/pages"}],"about":[{"href":"https:\/\/wm.pb.edu.pl\/kimip\/wp-json\/wp\/v2\/types\/page"}],"author":[{"embeddable":true,"href":"https:\/\/wm.pb.edu.pl\/kimip\/wp-json\/wp\/v2\/users\/12"}],"replies":[{"embeddable":true,"href":"https:\/\/wm.pb.edu.pl\/kimip\/wp-json\/wp\/v2\/comments?post=37"}],"version-history":[{"count":4,"href":"https:\/\/wm.pb.edu.pl\/kimip\/wp-json\/wp\/v2\/pages\/37\/revisions"}],"predecessor-version":[{"id":221,"href":"https:\/\/wm.pb.edu.pl\/kimip\/wp-json\/wp\/v2\/pages\/37\/revisions\/221"}],"up":[{"embeddable":true,"href":"https:\/\/wm.pb.edu.pl\/kimip\/wp-json\/wp\/v2\/pages\/22"}],"wp:attachment":[{"href":"https:\/\/wm.pb.edu.pl\/kimip\/wp-json\/wp\/v2\/media?parent=37"}],"curies":[{"name":"wp","href":"https:\/\/api.w.org\/{rel}","templated":true}]}}