{"id":39,"date":"2018-06-26T11:22:57","date_gmt":"2018-06-26T09:22:57","guid":{"rendered":"https:\/\/wm.pb.edu.pl\/kimip\/?page_id=39"},"modified":"2020-08-19T12:18:53","modified_gmt":"2020-08-19T10:18:53","slug":"projekty","status":"publish","type":"page","link":"https:\/\/wm.pb.edu.pl\/kimip\/nauka\/projekty\/","title":{"rendered":"Projekty"},"content":{"rendered":"<h2><strong>REALIZOWANE PROJEKTY<\/strong><\/h2>\n<p><strong><em>Zaawansowane biokompozyty dla gospodarki jutra, BIOG-NET<\/em><\/strong><\/p>\n<p>Konsorcjum: Uniwersytet im. Miko\u0142aja Kopernika w Toruniu (lider konsorcjum), Uniwersytet im. Adama Mickiewicza w Poznaniu, Uniwersytet Warmi\u0144sko \u2013 Mazurski w Olsztynie, Politechnika Warszawska, Politechnika Bia\u0142ostocka, Uniwersytet Szczeci\u0144ski<\/p>\n<p>Kierownik projektu: prof. dr hab. Bogus\u0142aw Buszewski<\/p>\n<p>Kierownik projektu na Wydziale Mechanicznym: dr in\u017c. Micha\u0142 Kawalec<\/p>\n<p>Koordynator projektu na Wydziale Mechanicznym: prof. dr hab. in\u017c. Krzysztof J. Kurzyd\u0142owski<\/p>\n<p>Termin realizacji: 2019\u20132022<br \/>\nWarto\u015b\u0107 projektu (ca\u0142kowita): 20&nbsp;898&nbsp;921,93 z\u0142<\/p>\n<p>Warto\u015b\u0107 projektu (Wydzia\u0142 Mechaniczny, Politechnika Bia\u0142ostocka): 3&nbsp;498&nbsp;748,90 z\u0142<\/p>\n<p><a title=\"\" href=\"https:\/\/wm.pb.edu.pl\/iim\/wp-content\/uploads\/sites\/10\/2020\/07\/TEAMNET_MKawalec.pdf\" target=\"_blank\" rel=\"noopener noreferrer\">[opis projektu]<\/a><\/p>\n<p><strong><em>Tytu\u0142 projektu: System SmartBRAKE \u2013 Inteligentny System Asekuracji i Trasy Roweru<\/em><\/strong><\/p>\n<p>Koordynator projektu: Moose sp. z o. o.<\/p>\n<p>Wykonawca\/kierownik projektu na Wydziale Mechanicznym: dr in\u017c. Karol Golak<\/p>\n<p>Termin realizacji<strong>: <\/strong>2018\u20132020<strong><br \/>\n<\/strong>Warto\u015b\u0107 projektu (ca\u0142kowita): 3 501 638,71<\/p>\n<p>Warto\u015b\u0107 projektu (Wydzia\u0142 Mechaniczny, Politechnika Bia\u0142ostocka): 744 538,69<\/p>\n<p><a title=\"\" href=\"https:\/\/wm.pb.edu.pl\/iim\/wp-content\/uploads\/sites\/10\/2020\/07\/SzybkaSciezka_KGolak.pdf\" target=\"_blank\" rel=\"noopener noreferrer\">[opis projektu]<\/a><\/p>\n<p><strong><em>Nowoczesne kompozyty o osnowie metalicznej wzmacniane naturalnymi okrzemkami<\/em><\/strong><\/p>\n<p>Konsorcjum: Stifterverband Metalle e.V. (lider konsorcjum), Fraunhofer Institute for Ceramic Technologies and Systems IKTS, Centrum Promocji Innowacji i Rozwoju (Koordynator Klastra Obr\u00f3bki Metali), Politechnika Bia\u0142ostocka<\/p>\n<p>Kierownik projektu: Matthias Simon<\/p>\n<p>Kierownik projektu na Wydziale Mechanicznym: dr hab. in\u017c. Ma\u0142gorzata Gr\u0105dzka-Dahlke, prof. PB<\/p>\n<p>Termin realizacji: 2019\u20132021<\/p>\n<p>Warto\u015b\u0107 projektu (ca\u0142kowita): 1&nbsp;289&nbsp;994,71<\/p>\n<p>Warto\u015b\u0107 projektu (Wydzia\u0142 Mechaniczny, Politechnika Bia\u0142ostocka): 744&nbsp;754,98<\/p>\n<p><a title=\"\" href=\"https:\/\/wm.pb.edu.pl\/iim\/wp-content\/uploads\/sites\/10\/2020\/07\/CORNET_MGradzka_Dahlke.pdf\" target=\"_blank\" rel=\"noopener noreferrer\">[opis projektu]<\/a><\/p>\n<p><strong><em>Materia\u0142y kompozytowe o osnowie metalicznej z naturalnym wype\u0142niaczem<\/em><\/strong><\/p>\n<p>Kierownik projektu: dr in\u017c. Izabela Barbara Zg\u0142obicka<\/p>\n<p>Termin realizacji: 2019\u20132022<\/p>\n<p>Warto\u015b\u0107 projektu: 417&nbsp;300,00 z\u0142<\/p>\n<p><a title=\"\" href=\"https:\/\/wm.pb.edu.pl\/iim\/wp-content\/uploads\/sites\/10\/2020\/07\/SONATA_IBZglobicka.pdf\" target=\"_blank\" rel=\"noopener noreferrer\">[opis projektu]<\/a><\/p>\n<p><strong><em>Wp\u0142yw modyfikacji warstwy powierzchniowej biomateria\u0142\u00f3w metalicznych na ich w\u0142a\u015bciwo\u015bci eksploatacyjne <\/em><\/strong><\/p>\n<p>Kierownik projektu: dr in\u017c. Magdalena \u0141\u0119picka<\/p>\n<p>Termin realizacji: 2018\u20132021<br \/>\nWarto\u015b\u0107 projektu: 125 336,00 z\u0142<\/p>\n<p><a title=\"\" href=\"https:\/\/wm.pb.edu.pl\/iim\/wp-content\/uploads\/sites\/10\/2020\/07\/PRELUDIUM_MLepicka.pdf\" target=\"_blank\" rel=\"noopener noreferrer\">[opis projektu]<\/a><\/p>\n","protected":false},"excerpt":{"rendered":"<p>REALIZOWANE PROJEKTY Zaawansowane biokompozyty dla gospodarki jutra, BIOG-NET Konsorcjum: Uniwersytet im. Miko\u0142aja Kopernika w Toruniu<a class=\"read-more\" href=\"https:\/\/wm.pb.edu.pl\/kimip\/nauka\/projekty\/\" title=\"Poka\u017c artyku\u0142 Projekty\">wi\u0119cej<\/a><\/p>\n","protected":false},"author":12,"featured_media":0,"parent":22,"menu_order":2,"comment_status":"closed","ping_status":"closed","template":"","meta":{"inline_featured_image":false,"ngg_post_thumbnail":0,"footnotes":""},"class_list":["post-39","page","type-page","status-publish","hentry"],"acf":[],"yoast_head":"<!-- This site is optimized with the Yoast SEO plugin v26.4 - https:\/\/yoast.com\/wordpress\/plugins\/seo\/ -->\n<title>Projekty - Katedra In\u017cynierii Materia\u0142owej i Produkcji<\/title>\n<meta name=\"robots\" content=\"index, follow, max-snippet:-1, max-image-preview:large, max-video-preview:-1\" \/>\n<link rel=\"canonical\" href=\"https:\/\/wm.pb.edu.pl\/kimip\/nauka\/projekty\/\" \/>\n<meta property=\"og:locale\" content=\"pl_PL\" \/>\n<meta property=\"og:type\" content=\"article\" \/>\n<meta property=\"og:title\" content=\"Projekty - Katedra In\u017cynierii Materia\u0142owej i Produkcji\" \/>\n<meta property=\"og:description\" content=\"REALIZOWANE PROJEKTY Zaawansowane biokompozyty dla gospodarki jutra, BIOG-NET Konsorcjum: Uniwersytet im. Miko\u0142aja Kopernika w Toruniuwi\u0119cej\" \/>\n<meta property=\"og:url\" content=\"https:\/\/wm.pb.edu.pl\/kimip\/nauka\/projekty\/\" \/>\n<meta property=\"og:site_name\" content=\"Katedra In\u017cynierii Materia\u0142owej i Produkcji\" \/>\n<meta property=\"article:modified_time\" content=\"2020-08-19T10:18:53+00:00\" \/>\n<meta name=\"twitter:card\" content=\"summary_large_image\" \/>\n<meta name=\"twitter:label1\" content=\"Szacowany czas czytania\" \/>\n\t<meta name=\"twitter:data1\" content=\"1 minuta\" \/>\n<script type=\"application\/ld+json\" class=\"yoast-schema-graph\">{\"@context\":\"https:\/\/schema.org\",\"@graph\":[{\"@type\":\"WebPage\",\"@id\":\"https:\/\/wm.pb.edu.pl\/kimip\/nauka\/projekty\/\",\"url\":\"https:\/\/wm.pb.edu.pl\/kimip\/nauka\/projekty\/\",\"name\":\"Projekty - Katedra In\u017cynierii Materia\u0142owej i Produkcji\",\"isPartOf\":{\"@id\":\"https:\/\/wm.pb.edu.pl\/kimip\/#website\"},\"datePublished\":\"2018-06-26T09:22:57+00:00\",\"dateModified\":\"2020-08-19T10:18:53+00:00\",\"breadcrumb\":{\"@id\":\"https:\/\/wm.pb.edu.pl\/kimip\/nauka\/projekty\/#breadcrumb\"},\"inLanguage\":\"pl-PL\",\"potentialAction\":[{\"@type\":\"ReadAction\",\"target\":[\"https:\/\/wm.pb.edu.pl\/kimip\/nauka\/projekty\/\"]}]},{\"@type\":\"BreadcrumbList\",\"@id\":\"https:\/\/wm.pb.edu.pl\/kimip\/nauka\/projekty\/#breadcrumb\",\"itemListElement\":[{\"@type\":\"ListItem\",\"position\":1,\"name\":\"Strona g\u0142\u00f3wna\",\"item\":\"https:\/\/wm.pb.edu.pl\/kimip\/\"},{\"@type\":\"ListItem\",\"position\":2,\"name\":\"Nauka\",\"item\":\"https:\/\/wm.pb.edu.pl\/kimip\/nauka\/\"},{\"@type\":\"ListItem\",\"position\":3,\"name\":\"Projekty\"}]},{\"@type\":\"WebSite\",\"@id\":\"https:\/\/wm.pb.edu.pl\/kimip\/#website\",\"url\":\"https:\/\/wm.pb.edu.pl\/kimip\/\",\"name\":\"Katedra In\u017cynierii Materia\u0142owej i Produkcji\",\"description\":\"\",\"potentialAction\":[{\"@type\":\"SearchAction\",\"target\":{\"@type\":\"EntryPoint\",\"urlTemplate\":\"https:\/\/wm.pb.edu.pl\/kimip\/?s={search_term_string}\"},\"query-input\":{\"@type\":\"PropertyValueSpecification\",\"valueRequired\":true,\"valueName\":\"search_term_string\"}}],\"inLanguage\":\"pl-PL\"}]}<\/script>\n<!-- \/ Yoast SEO plugin. -->","yoast_head_json":{"title":"Projekty - Katedra In\u017cynierii Materia\u0142owej i Produkcji","robots":{"index":"index","follow":"follow","max-snippet":"max-snippet:-1","max-image-preview":"max-image-preview:large","max-video-preview":"max-video-preview:-1"},"canonical":"https:\/\/wm.pb.edu.pl\/kimip\/nauka\/projekty\/","og_locale":"pl_PL","og_type":"article","og_title":"Projekty - Katedra In\u017cynierii Materia\u0142owej i Produkcji","og_description":"REALIZOWANE PROJEKTY Zaawansowane biokompozyty dla gospodarki jutra, BIOG-NET Konsorcjum: Uniwersytet im. Miko\u0142aja Kopernika w Toruniuwi\u0119cej","og_url":"https:\/\/wm.pb.edu.pl\/kimip\/nauka\/projekty\/","og_site_name":"Katedra In\u017cynierii Materia\u0142owej i Produkcji","article_modified_time":"2020-08-19T10:18:53+00:00","twitter_card":"summary_large_image","twitter_misc":{"Szacowany czas czytania":"1 minuta"},"schema":{"@context":"https:\/\/schema.org","@graph":[{"@type":"WebPage","@id":"https:\/\/wm.pb.edu.pl\/kimip\/nauka\/projekty\/","url":"https:\/\/wm.pb.edu.pl\/kimip\/nauka\/projekty\/","name":"Projekty - Katedra In\u017cynierii Materia\u0142owej i Produkcji","isPartOf":{"@id":"https:\/\/wm.pb.edu.pl\/kimip\/#website"},"datePublished":"2018-06-26T09:22:57+00:00","dateModified":"2020-08-19T10:18:53+00:00","breadcrumb":{"@id":"https:\/\/wm.pb.edu.pl\/kimip\/nauka\/projekty\/#breadcrumb"},"inLanguage":"pl-PL","potentialAction":[{"@type":"ReadAction","target":["https:\/\/wm.pb.edu.pl\/kimip\/nauka\/projekty\/"]}]},{"@type":"BreadcrumbList","@id":"https:\/\/wm.pb.edu.pl\/kimip\/nauka\/projekty\/#breadcrumb","itemListElement":[{"@type":"ListItem","position":1,"name":"Strona g\u0142\u00f3wna","item":"https:\/\/wm.pb.edu.pl\/kimip\/"},{"@type":"ListItem","position":2,"name":"Nauka","item":"https:\/\/wm.pb.edu.pl\/kimip\/nauka\/"},{"@type":"ListItem","position":3,"name":"Projekty"}]},{"@type":"WebSite","@id":"https:\/\/wm.pb.edu.pl\/kimip\/#website","url":"https:\/\/wm.pb.edu.pl\/kimip\/","name":"Katedra In\u017cynierii Materia\u0142owej i Produkcji","description":"","potentialAction":[{"@type":"SearchAction","target":{"@type":"EntryPoint","urlTemplate":"https:\/\/wm.pb.edu.pl\/kimip\/?s={search_term_string}"},"query-input":{"@type":"PropertyValueSpecification","valueRequired":true,"valueName":"search_term_string"}}],"inLanguage":"pl-PL"}]}},"_links":{"self":[{"href":"https:\/\/wm.pb.edu.pl\/kimip\/wp-json\/wp\/v2\/pages\/39","targetHints":{"allow":["GET"]}}],"collection":[{"href":"https:\/\/wm.pb.edu.pl\/kimip\/wp-json\/wp\/v2\/pages"}],"about":[{"href":"https:\/\/wm.pb.edu.pl\/kimip\/wp-json\/wp\/v2\/types\/page"}],"author":[{"embeddable":true,"href":"https:\/\/wm.pb.edu.pl\/kimip\/wp-json\/wp\/v2\/users\/12"}],"replies":[{"embeddable":true,"href":"https:\/\/wm.pb.edu.pl\/kimip\/wp-json\/wp\/v2\/comments?post=39"}],"version-history":[{"count":13,"href":"https:\/\/wm.pb.edu.pl\/kimip\/wp-json\/wp\/v2\/pages\/39\/revisions"}],"predecessor-version":[{"id":226,"href":"https:\/\/wm.pb.edu.pl\/kimip\/wp-json\/wp\/v2\/pages\/39\/revisions\/226"}],"up":[{"embeddable":true,"href":"https:\/\/wm.pb.edu.pl\/kimip\/wp-json\/wp\/v2\/pages\/22"}],"wp:attachment":[{"href":"https:\/\/wm.pb.edu.pl\/kimip\/wp-json\/wp\/v2\/media?parent=39"}],"curies":[{"name":"wp","href":"https:\/\/api.w.org\/{rel}","templated":true}]}}