{"id":59,"date":"2018-06-26T11:35:00","date_gmt":"2018-06-26T09:35:00","guid":{"rendered":"https:\/\/wm.pb.edu.pl\/kimip\/?page_id=59"},"modified":"2024-12-16T07:48:18","modified_gmt":"2024-12-16T06:48:18","slug":"kontakt","status":"publish","type":"page","link":"https:\/\/wm.pb.edu.pl\/kimip\/kontakt\/","title":{"rendered":"Kontakt"},"content":{"rendered":"<h2>Katedra In\u017cynierii Materia\u0142owej i Produkcji<\/h2>\n<p>Wydzia\u0142 Mechaniczny<br \/>\nPolitechnika Bia\u0142ostocka<br \/>\nul. Wiejska 45C, 15-351 Bia\u0142ystok<\/p>\n<div class=\"h3\">Kierownik Katedry<\/div>\n<p><span style=\"font-size: 14pt\">prof. dr hab. in\u017c. Krzysztof Jan Kurzyd\u0142owski<\/span><br \/>\npok. 104<br \/>\n<i class=\"fal fa-envelope\"><\/i> <a href=\"#\" rel=\"nofollow\"  onclick=\"this.href='mailto:' + 'k.kurzydlowski' + '@' + 'pb.edu.pl'\">k.kurzydlowski [at] pb.edu.pl<\/a>\n&nbsp;<br \/>\n<i class=\"fal fa-mobile\"><\/i> 664 709 636<\/p>\n<div class=\"h3\">Sekretariat &#8211; pok. 200<\/div>\n<p>mgr Anna Oleksiuk<br \/>\n<i class=\"fa fa-envelope-o\" aria-hidden=\"true\"><\/i> <a href=\"#\" rel=\"nofollow\"  onclick=\"this.href='mailto:' + 'a.oleksiuk' + '@' + 'pb.edu.pl'\">a.oleksiuk [at] pb.edu.pl<\/a>\n&nbsp;<br \/>\n<i class=\"fal fa-phone\"><\/i> (85) 746 92 05<br \/>\n<i class=\"fal fa-mobile\"><\/i> 797-990-773<\/p>\n","protected":false},"excerpt":{"rendered":"<p>Katedra In\u017cynierii Materia\u0142owej i Produkcji Wydzia\u0142 Mechaniczny Politechnika Bia\u0142ostocka ul. Wiejska 45C, 15-351 Bia\u0142ystok Kierownik<a class=\"read-more\" href=\"https:\/\/wm.pb.edu.pl\/kimip\/kontakt\/\" title=\"Poka\u017c artyku\u0142 Kontakt\">wi\u0119cej<\/a><\/p>\n","protected":false},"author":14,"featured_media":0,"parent":0,"menu_order":6,"comment_status":"closed","ping_status":"closed","template":"","meta":{"inline_featured_image":false,"ngg_post_thumbnail":0,"footnotes":""},"class_list":["post-59","page","type-page","status-publish","hentry"],"acf":[],"yoast_head":"<!-- This site is optimized with the Yoast SEO plugin v26.4 - https:\/\/yoast.com\/wordpress\/plugins\/seo\/ -->\n<title>Kontakt - Katedra In\u017cynierii Materia\u0142owej i Produkcji<\/title>\n<meta name=\"robots\" content=\"index, follow, max-snippet:-1, max-image-preview:large, max-video-preview:-1\" \/>\n<link rel=\"canonical\" href=\"https:\/\/wm.pb.edu.pl\/kimip\/kontakt\/\" \/>\n<meta property=\"og:locale\" content=\"pl_PL\" \/>\n<meta property=\"og:type\" content=\"article\" \/>\n<meta property=\"og:title\" content=\"Kontakt - Katedra In\u017cynierii Materia\u0142owej i Produkcji\" \/>\n<meta property=\"og:description\" content=\"Katedra In\u017cynierii Materia\u0142owej i Produkcji Wydzia\u0142 Mechaniczny Politechnika Bia\u0142ostocka ul. Wiejska 45C, 15-351 Bia\u0142ystok Kierownikwi\u0119cej\" \/>\n<meta property=\"og:url\" content=\"https:\/\/wm.pb.edu.pl\/kimip\/kontakt\/\" \/>\n<meta property=\"og:site_name\" content=\"Katedra In\u017cynierii Materia\u0142owej i Produkcji\" \/>\n<meta property=\"article:modified_time\" content=\"2024-12-16T06:48:18+00:00\" \/>\n<meta name=\"twitter:card\" content=\"summary_large_image\" \/>\n<meta name=\"twitter:label1\" content=\"Szacowany czas czytania\" \/>\n\t<meta name=\"twitter:data1\" content=\"1 minuta\" \/>\n<script type=\"application\/ld+json\" class=\"yoast-schema-graph\">{\"@context\":\"https:\/\/schema.org\",\"@graph\":[{\"@type\":\"WebPage\",\"@id\":\"https:\/\/wm.pb.edu.pl\/kimip\/kontakt\/\",\"url\":\"https:\/\/wm.pb.edu.pl\/kimip\/kontakt\/\",\"name\":\"Kontakt - Katedra In\u017cynierii Materia\u0142owej i Produkcji\",\"isPartOf\":{\"@id\":\"https:\/\/wm.pb.edu.pl\/kimip\/#website\"},\"datePublished\":\"2018-06-26T09:35:00+00:00\",\"dateModified\":\"2024-12-16T06:48:18+00:00\",\"breadcrumb\":{\"@id\":\"https:\/\/wm.pb.edu.pl\/kimip\/kontakt\/#breadcrumb\"},\"inLanguage\":\"pl-PL\",\"potentialAction\":[{\"@type\":\"ReadAction\",\"target\":[\"https:\/\/wm.pb.edu.pl\/kimip\/kontakt\/\"]}]},{\"@type\":\"BreadcrumbList\",\"@id\":\"https:\/\/wm.pb.edu.pl\/kimip\/kontakt\/#breadcrumb\",\"itemListElement\":[{\"@type\":\"ListItem\",\"position\":1,\"name\":\"Strona g\u0142\u00f3wna\",\"item\":\"https:\/\/wm.pb.edu.pl\/kimip\/\"},{\"@type\":\"ListItem\",\"position\":2,\"name\":\"Kontakt\"}]},{\"@type\":\"WebSite\",\"@id\":\"https:\/\/wm.pb.edu.pl\/kimip\/#website\",\"url\":\"https:\/\/wm.pb.edu.pl\/kimip\/\",\"name\":\"Katedra In\u017cynierii Materia\u0142owej i Produkcji\",\"description\":\"\",\"potentialAction\":[{\"@type\":\"SearchAction\",\"target\":{\"@type\":\"EntryPoint\",\"urlTemplate\":\"https:\/\/wm.pb.edu.pl\/kimip\/?s={search_term_string}\"},\"query-input\":{\"@type\":\"PropertyValueSpecification\",\"valueRequired\":true,\"valueName\":\"search_term_string\"}}],\"inLanguage\":\"pl-PL\"}]}<\/script>\n<!-- \/ Yoast SEO plugin. -->","yoast_head_json":{"title":"Kontakt - Katedra In\u017cynierii Materia\u0142owej i Produkcji","robots":{"index":"index","follow":"follow","max-snippet":"max-snippet:-1","max-image-preview":"max-image-preview:large","max-video-preview":"max-video-preview:-1"},"canonical":"https:\/\/wm.pb.edu.pl\/kimip\/kontakt\/","og_locale":"pl_PL","og_type":"article","og_title":"Kontakt - Katedra In\u017cynierii Materia\u0142owej i Produkcji","og_description":"Katedra In\u017cynierii Materia\u0142owej i Produkcji Wydzia\u0142 Mechaniczny Politechnika Bia\u0142ostocka ul. Wiejska 45C, 15-351 Bia\u0142ystok Kierownikwi\u0119cej","og_url":"https:\/\/wm.pb.edu.pl\/kimip\/kontakt\/","og_site_name":"Katedra In\u017cynierii Materia\u0142owej i Produkcji","article_modified_time":"2024-12-16T06:48:18+00:00","twitter_card":"summary_large_image","twitter_misc":{"Szacowany czas czytania":"1 minuta"},"schema":{"@context":"https:\/\/schema.org","@graph":[{"@type":"WebPage","@id":"https:\/\/wm.pb.edu.pl\/kimip\/kontakt\/","url":"https:\/\/wm.pb.edu.pl\/kimip\/kontakt\/","name":"Kontakt - Katedra In\u017cynierii Materia\u0142owej i Produkcji","isPartOf":{"@id":"https:\/\/wm.pb.edu.pl\/kimip\/#website"},"datePublished":"2018-06-26T09:35:00+00:00","dateModified":"2024-12-16T06:48:18+00:00","breadcrumb":{"@id":"https:\/\/wm.pb.edu.pl\/kimip\/kontakt\/#breadcrumb"},"inLanguage":"pl-PL","potentialAction":[{"@type":"ReadAction","target":["https:\/\/wm.pb.edu.pl\/kimip\/kontakt\/"]}]},{"@type":"BreadcrumbList","@id":"https:\/\/wm.pb.edu.pl\/kimip\/kontakt\/#breadcrumb","itemListElement":[{"@type":"ListItem","position":1,"name":"Strona g\u0142\u00f3wna","item":"https:\/\/wm.pb.edu.pl\/kimip\/"},{"@type":"ListItem","position":2,"name":"Kontakt"}]},{"@type":"WebSite","@id":"https:\/\/wm.pb.edu.pl\/kimip\/#website","url":"https:\/\/wm.pb.edu.pl\/kimip\/","name":"Katedra In\u017cynierii Materia\u0142owej i Produkcji","description":"","potentialAction":[{"@type":"SearchAction","target":{"@type":"EntryPoint","urlTemplate":"https:\/\/wm.pb.edu.pl\/kimip\/?s={search_term_string}"},"query-input":{"@type":"PropertyValueSpecification","valueRequired":true,"valueName":"search_term_string"}}],"inLanguage":"pl-PL"}]}},"_links":{"self":[{"href":"https:\/\/wm.pb.edu.pl\/kimip\/wp-json\/wp\/v2\/pages\/59","targetHints":{"allow":["GET"]}}],"collection":[{"href":"https:\/\/wm.pb.edu.pl\/kimip\/wp-json\/wp\/v2\/pages"}],"about":[{"href":"https:\/\/wm.pb.edu.pl\/kimip\/wp-json\/wp\/v2\/types\/page"}],"author":[{"embeddable":true,"href":"https:\/\/wm.pb.edu.pl\/kimip\/wp-json\/wp\/v2\/users\/14"}],"replies":[{"embeddable":true,"href":"https:\/\/wm.pb.edu.pl\/kimip\/wp-json\/wp\/v2\/comments?post=59"}],"version-history":[{"count":24,"href":"https:\/\/wm.pb.edu.pl\/kimip\/wp-json\/wp\/v2\/pages\/59\/revisions"}],"predecessor-version":[{"id":298,"href":"https:\/\/wm.pb.edu.pl\/kimip\/wp-json\/wp\/v2\/pages\/59\/revisions\/298"}],"wp:attachment":[{"href":"https:\/\/wm.pb.edu.pl\/kimip\/wp-json\/wp\/v2\/media?parent=59"}],"curies":[{"name":"wp","href":"https:\/\/api.w.org\/{rel}","templated":true}]}}