{"id":18,"date":"2018-06-26T11:09:29","date_gmt":"2018-06-26T09:09:29","guid":{"rendered":"https:\/\/wm.pb.edu.pl\/kmiis\/?page_id=18"},"modified":"2021-10-11T11:08:19","modified_gmt":"2021-10-11T09:08:19","slug":"o-katedrze","status":"publish","type":"page","link":"https:\/\/wm.pb.edu.pl\/kmiis\/o-katedrze\/","title":{"rendered":"O katedrze"},"content":{"rendered":"<p style=\"text-align: left\">Pocz\u0105tki Katedry si\u0119gaj\u0105 roku 1967, w&nbsp;kt\u00f3rym powo\u0142ano Zesp\u00f3\u0142 Mechaniki Technicznej w&nbsp;Wy\u017cszej Szkole In\u017cynierskiej w&nbsp;Bia\u0142ymstoku pod&nbsp;kierownictwem dr&nbsp;in\u017c. A. Jakowluka. Wtedy te\u017c rozpocz\u0119\u0142a si\u0119 budowa od&nbsp;podstaw bazy laboratoryjnej. Wraz z&nbsp;nabyciem pierwszych profesjonalnych maszyn wytrzyma\u0142o\u015bciowych oraz&nbsp;stanowisk do&nbsp;pe\u0142zania i&nbsp;relaksacji materia\u0142\u00f3w powsta\u0142o Laboratorium Reologii Tworzyw, kt\u00f3re mie\u015bci\u0142o si\u0119 pocz\u0105tkowo w&nbsp; Bia\u0142ymstoku przy ulicy Warszawskiej 29, p\u00f3\u017aniej przy ul.&nbsp;Grunwaldzkiej&nbsp;11 i&nbsp;Czystej 11. Wraz z&nbsp;powo\u0142aniem Politechniki Bia\u0142ostockiej na&nbsp;bazie laboratorium powsta\u0142a w&nbsp;1978&nbsp;r. Katedra Mechaniki Stosowanej, kt\u00f3rej&nbsp;kierownikiem do&nbsp;roku 1999 by\u0142 prof.&nbsp;A. Jakowluk. G\u0142\u00f3wnym kierunkami bada\u0144 Katedry w&nbsp;latach 1967-1999 by\u0142y procesy pe\u0142zania i&nbsp;wibrope\u0142zania metali i&nbsp;&nbsp;kompozyt\u00f3w. Katedra realizowa\u0142a te\u017c liczne projekty badawcze we wsp\u00f3\u0142pracy z przemys\u0142em.<\/p>\n<p style=\"text-align: left\">W&nbsp;latach 1983-1998 pracownicy Katedry zorganizowali sze\u015b\u0107, cyklicznych konferencji naukowych pn.&nbsp;<em>Symposium on Creep and Coupled Processes<\/em>. W&nbsp; tym okresie Katedra opiekowa\u0142a si\u0119 studenckim Ko\u0142em Naukowym Mechaniki Stosowanej. W&nbsp;roku 1970 przy Katedrze Mechaniki Stosowanej powo\u0142ano bia\u0142ostocki oddzia\u0142 Polskiego Towarzystwa Mechaniki Teoretycznej i&nbsp; Stosowanej, kt\u00f3ry&nbsp;istnieje do&nbsp;dnia dzisiejszego.<\/p>\n<p style=\"text-align: left\">Po&nbsp;przej\u015bciu na&nbsp;emerytur\u0119 prof.&nbsp;Anatoliusza Jakowluka w&nbsp;1999 roku kierownikiem Katedry zosta\u0142 prof. dr&nbsp;hab. in\u017c.&nbsp;Andrzej Seweryn. W 2000 roku obsad\u0119 Katedry stanowi\u0142o: 2 profesor\u00f3w, 5 adiunkt\u00f3w, 5 asystent\u00f3w, 1 starszy wyk\u0142adowca. W&nbsp;roku 2001 Katedra przenios\u0142a si\u0119 z&nbsp;ulicy Czystej do&nbsp;budynk\u00f3w Wydzia\u0142u Mechanicznego przy ulicy Wiejskiej 45C. Nazwa Katedry zosta\u0142a zmieniona w&nbsp;2004 roku na&nbsp;Katedra Mechaniki i&nbsp;Informatyki Stosowanej, po&nbsp;tym jak w&nbsp;sk\u0142ad jej weszli tak\u017ce pracownicy Zak\u0142adu Technik Komputerowych. W 2005 roku kadra Katedry wzros\u0142a do: 8 profesor\u00f3w, 5 adiunkt\u00f3w, 8 asystent\u00f3w oraz 1 starszego wyk\u0142adowcy.<\/p>\n<p style=\"text-align: left\">W&nbsp;Katedrze funkcjonuj\u0105 trzy laboratoria naukowo-dydaktyczne: Mechaniki i&nbsp;Wytrzyma\u0142o\u015bci Materia\u0142\u00f3w, Mechaniki Materia\u0142\u00f3w oraz&nbsp;Metod Do\u015bwiadczalnych Mechaniki. Nowoczesny sprz\u0119t znajduj\u0105cy si\u0119 na&nbsp;wyposa\u017ceniu tych laboratori\u00f3w pozwala na&nbsp;prowadzenie bada\u0144 materia\u0142\u00f3w konstrukcyjnych w&nbsp;zakresie obci\u0105\u017ce\u0144 monotonicznych, dynamicznych, zm\u0119czeniowych oraz&nbsp;pe\u0142zania.<\/p>\n<p style=\"text-align: left\">W\u015br\u00f3d podstawowej tematyki badawczej realizowanej przez&nbsp;pracownik\u00f3w nale\u017cy wymieni\u0107 badania kumulacji uszkodze\u0144 i&nbsp;p\u0119kania element\u00f3w konstrukcyjnych, w&nbsp;tym r\u00f3wnie\u017c zagadnienia kontaktowe oraz&nbsp;termiczne. Aktualnie pracownicy katedry realizuj\u0105 7 projekt\u00f3w naukowo-badawczych finansowanych przez Narodowe Centrum Nauki, a&nbsp;tak\u017ce prace badawczo-rozwojowe we&nbsp;wsp\u00f3\u0142pracy z&nbsp;przemys\u0142em.<\/p>\n<p style=\"text-align: left\">Katedra jest g\u0142\u00f3wnym organizatorem konferencji odbywaj\u0105cych si\u0119 od&nbsp;roku 2001 cyklicznie <em>International Symposium on Mechanics of Materials and Structures<\/em>&nbsp;obj\u0119tej patronatem&nbsp;<em>Komitetu Mechaniki PAN<\/em>. Sympozjum uzyska\u0142o patronat Komitetu Mechaniki Polskiej Akademii Nauk. Problematyka sympozj\u00f3w obejmuje zagadnienia dotycz\u0105ce metod analitycznych, numerycznych i&nbsp;do\u015bwiadczalnych, zastosowanych do&nbsp;analizy proces\u00f3w plastycznego odkszta\u0142cania i&nbsp;pe\u0142zania, kumulacji uszkodze\u0144 oraz&nbsp;p\u0119kania materia\u0142\u00f3w i&nbsp;element\u00f3w konstrukcyjnych, a&nbsp;tak\u017ce zagadnie\u0144 dynamiki konstrukcji, problem\u00f3w odwrotnych zwi\u0105zanych z&nbsp;identyfikacj\u0105 stanu uszkodzenia, zagadnie\u0144 biomechaniki oraz&nbsp;nowoczesnych materia\u0142\u00f3w. Prezentowane prace stanowi\u0105 swoisty przegl\u0105d tematyki badawczej oraz&nbsp;osi\u0105gni\u0119\u0107 naukowych wi\u0119kszo\u015bci o\u015brodk\u00f3w akademickich w&nbsp;Polsce, a&nbsp;tak\u017ce o\u015brodk\u00f3w zagranicznych z&nbsp;USA, Kanady, W\u0142och, Izraela, Bia\u0142orusi, Litwy, Ukrainy, S\u0142owacji, Rumunii, Niemiec, Wielkiej Brytanii i&nbsp;Rosji. W&nbsp;roku 2019 odby\u0142a si\u0119 ostatnia edycja konferencji <em>10th International Symposium on Mechanics of Materials and Structures<\/em>.<\/p>\n<p style=\"text-align: left\">&nbsp;<\/p>\n<p style=\"text-align: left\">Obecnie kadr\u0119 stanowi\u0105: 12 profesor\u00f3w, 15 adiunkt\u00f3w, asystent, 8 doktorant\u00f3w oraz 2 pracownik\u00f3w in\u017cynieryjno-technicznych. W roku 2021 kierownikiem Katedry zosta\u0142 prof.&nbsp;dr&nbsp;hab. in\u017c.&nbsp;Micha\u0142 Kuciej.<\/p>\n","protected":false},"excerpt":{"rendered":"<p>Pocz\u0105tki Katedry si\u0119gaj\u0105 roku 1967, w&nbsp;kt\u00f3rym powo\u0142ano Zesp\u00f3\u0142 Mechaniki Technicznej w&nbsp;Wy\u017cszej Szkole In\u017cynierskiej w&nbsp;Bia\u0142ymstoku pod&nbsp;kierownictwem<a class=\"read-more\" href=\"https:\/\/wm.pb.edu.pl\/kmiis\/o-katedrze\/\" title=\"Poka\u017c artyku\u0142 O katedrze\">wi\u0119cej<\/a><\/p>\n","protected":false},"author":3,"featured_media":0,"parent":0,"menu_order":1,"comment_status":"closed","ping_status":"closed","template":"","meta":{"inline_featured_image":false,"ngg_post_thumbnail":0,"footnotes":""},"class_list":["post-18","page","type-page","status-publish","hentry"],"acf":[],"yoast_head":"<!-- This site is optimized with the Yoast SEO plugin v26.4 - https:\/\/yoast.com\/wordpress\/plugins\/seo\/ -->\n<title>O katedrze - Katedra Mechaniki i Informatyki Stosowanej<\/title>\n<meta name=\"robots\" content=\"index, follow, max-snippet:-1, max-image-preview:large, max-video-preview:-1\" \/>\n<link rel=\"canonical\" href=\"https:\/\/wm.pb.edu.pl\/kmiis\/o-katedrze\/\" \/>\n<meta property=\"og:locale\" content=\"pl_PL\" \/>\n<meta property=\"og:type\" content=\"article\" \/>\n<meta property=\"og:title\" content=\"O katedrze - Katedra Mechaniki i Informatyki Stosowanej\" \/>\n<meta property=\"og:description\" content=\"Pocz\u0105tki Katedry si\u0119gaj\u0105 roku 1967, w&nbsp;kt\u00f3rym powo\u0142ano Zesp\u00f3\u0142 Mechaniki Technicznej w&nbsp;Wy\u017cszej Szkole In\u017cynierskiej w&nbsp;Bia\u0142ymstoku pod&nbsp;kierownictwemwi\u0119cej\" \/>\n<meta property=\"og:url\" content=\"https:\/\/wm.pb.edu.pl\/kmiis\/o-katedrze\/\" \/>\n<meta property=\"og:site_name\" content=\"Katedra Mechaniki i Informatyki Stosowanej\" \/>\n<meta property=\"article:modified_time\" content=\"2021-10-11T09:08:19+00:00\" \/>\n<meta name=\"twitter:card\" content=\"summary_large_image\" \/>\n<meta name=\"twitter:label1\" content=\"Szacowany czas czytania\" \/>\n\t<meta name=\"twitter:data1\" content=\"2 minuty\" \/>\n<script type=\"application\/ld+json\" class=\"yoast-schema-graph\">{\"@context\":\"https:\/\/schema.org\",\"@graph\":[{\"@type\":\"WebPage\",\"@id\":\"https:\/\/wm.pb.edu.pl\/kmiis\/o-katedrze\/\",\"url\":\"https:\/\/wm.pb.edu.pl\/kmiis\/o-katedrze\/\",\"name\":\"O katedrze - Katedra Mechaniki i Informatyki Stosowanej\",\"isPartOf\":{\"@id\":\"https:\/\/wm.pb.edu.pl\/kmiis\/#website\"},\"datePublished\":\"2018-06-26T09:09:29+00:00\",\"dateModified\":\"2021-10-11T09:08:19+00:00\",\"breadcrumb\":{\"@id\":\"https:\/\/wm.pb.edu.pl\/kmiis\/o-katedrze\/#breadcrumb\"},\"inLanguage\":\"pl-PL\",\"potentialAction\":[{\"@type\":\"ReadAction\",\"target\":[\"https:\/\/wm.pb.edu.pl\/kmiis\/o-katedrze\/\"]}]},{\"@type\":\"BreadcrumbList\",\"@id\":\"https:\/\/wm.pb.edu.pl\/kmiis\/o-katedrze\/#breadcrumb\",\"itemListElement\":[{\"@type\":\"ListItem\",\"position\":1,\"name\":\"Strona g\u0142\u00f3wna\",\"item\":\"https:\/\/wm.pb.edu.pl\/kmiis\/\"},{\"@type\":\"ListItem\",\"position\":2,\"name\":\"O katedrze\"}]},{\"@type\":\"WebSite\",\"@id\":\"https:\/\/wm.pb.edu.pl\/kmiis\/#website\",\"url\":\"https:\/\/wm.pb.edu.pl\/kmiis\/\",\"name\":\"Katedra Mechaniki i Informatyki Stosowanej\",\"description\":\"\",\"potentialAction\":[{\"@type\":\"SearchAction\",\"target\":{\"@type\":\"EntryPoint\",\"urlTemplate\":\"https:\/\/wm.pb.edu.pl\/kmiis\/?s={search_term_string}\"},\"query-input\":{\"@type\":\"PropertyValueSpecification\",\"valueRequired\":true,\"valueName\":\"search_term_string\"}}],\"inLanguage\":\"pl-PL\"}]}<\/script>\n<!-- \/ Yoast SEO plugin. -->","yoast_head_json":{"title":"O katedrze - Katedra Mechaniki i Informatyki Stosowanej","robots":{"index":"index","follow":"follow","max-snippet":"max-snippet:-1","max-image-preview":"max-image-preview:large","max-video-preview":"max-video-preview:-1"},"canonical":"https:\/\/wm.pb.edu.pl\/kmiis\/o-katedrze\/","og_locale":"pl_PL","og_type":"article","og_title":"O katedrze - Katedra Mechaniki i Informatyki Stosowanej","og_description":"Pocz\u0105tki Katedry si\u0119gaj\u0105 roku 1967, w&nbsp;kt\u00f3rym powo\u0142ano Zesp\u00f3\u0142 Mechaniki Technicznej w&nbsp;Wy\u017cszej Szkole In\u017cynierskiej w&nbsp;Bia\u0142ymstoku pod&nbsp;kierownictwemwi\u0119cej","og_url":"https:\/\/wm.pb.edu.pl\/kmiis\/o-katedrze\/","og_site_name":"Katedra Mechaniki i Informatyki Stosowanej","article_modified_time":"2021-10-11T09:08:19+00:00","twitter_card":"summary_large_image","twitter_misc":{"Szacowany czas czytania":"2 minuty"},"schema":{"@context":"https:\/\/schema.org","@graph":[{"@type":"WebPage","@id":"https:\/\/wm.pb.edu.pl\/kmiis\/o-katedrze\/","url":"https:\/\/wm.pb.edu.pl\/kmiis\/o-katedrze\/","name":"O katedrze - Katedra Mechaniki i Informatyki Stosowanej","isPartOf":{"@id":"https:\/\/wm.pb.edu.pl\/kmiis\/#website"},"datePublished":"2018-06-26T09:09:29+00:00","dateModified":"2021-10-11T09:08:19+00:00","breadcrumb":{"@id":"https:\/\/wm.pb.edu.pl\/kmiis\/o-katedrze\/#breadcrumb"},"inLanguage":"pl-PL","potentialAction":[{"@type":"ReadAction","target":["https:\/\/wm.pb.edu.pl\/kmiis\/o-katedrze\/"]}]},{"@type":"BreadcrumbList","@id":"https:\/\/wm.pb.edu.pl\/kmiis\/o-katedrze\/#breadcrumb","itemListElement":[{"@type":"ListItem","position":1,"name":"Strona g\u0142\u00f3wna","item":"https:\/\/wm.pb.edu.pl\/kmiis\/"},{"@type":"ListItem","position":2,"name":"O katedrze"}]},{"@type":"WebSite","@id":"https:\/\/wm.pb.edu.pl\/kmiis\/#website","url":"https:\/\/wm.pb.edu.pl\/kmiis\/","name":"Katedra Mechaniki i Informatyki Stosowanej","description":"","potentialAction":[{"@type":"SearchAction","target":{"@type":"EntryPoint","urlTemplate":"https:\/\/wm.pb.edu.pl\/kmiis\/?s={search_term_string}"},"query-input":{"@type":"PropertyValueSpecification","valueRequired":true,"valueName":"search_term_string"}}],"inLanguage":"pl-PL"}]}},"_links":{"self":[{"href":"https:\/\/wm.pb.edu.pl\/kmiis\/wp-json\/wp\/v2\/pages\/18","targetHints":{"allow":["GET"]}}],"collection":[{"href":"https:\/\/wm.pb.edu.pl\/kmiis\/wp-json\/wp\/v2\/pages"}],"about":[{"href":"https:\/\/wm.pb.edu.pl\/kmiis\/wp-json\/wp\/v2\/types\/page"}],"author":[{"embeddable":true,"href":"https:\/\/wm.pb.edu.pl\/kmiis\/wp-json\/wp\/v2\/users\/3"}],"replies":[{"embeddable":true,"href":"https:\/\/wm.pb.edu.pl\/kmiis\/wp-json\/wp\/v2\/comments?post=18"}],"version-history":[{"count":5,"href":"https:\/\/wm.pb.edu.pl\/kmiis\/wp-json\/wp\/v2\/pages\/18\/revisions"}],"predecessor-version":[{"id":431,"href":"https:\/\/wm.pb.edu.pl\/kmiis\/wp-json\/wp\/v2\/pages\/18\/revisions\/431"}],"wp:attachment":[{"href":"https:\/\/wm.pb.edu.pl\/kmiis\/wp-json\/wp\/v2\/media?parent=18"}],"curies":[{"name":"wp","href":"https:\/\/api.w.org\/{rel}","templated":true}]}}