{"id":29,"date":"2018-06-26T11:21:16","date_gmt":"2018-06-26T09:21:16","guid":{"rendered":"https:\/\/wm.pb.edu.pl\/kmiis\/?page_id=29"},"modified":"2026-02-18T08:45:34","modified_gmt":"2026-02-18T07:45:34","slug":"pracownicy","status":"publish","type":"page","link":"https:\/\/wm.pb.edu.pl\/kmiis\/pracownicy\/","title":{"rendered":"Pracownicy"},"content":{"rendered":"<h2>NAUKOWO &#8211; DYDAKTYCZNI:<\/h2>\n<table class=\"table table-bordered\" style=\"width: 99.8493%\">\n<thead>\n<tr>\n<th style=\"width: 17.0954%\"><strong>Imi\u0119 i Nazwisko<\/strong><\/th>\n<th style=\"width: 19.5021%\">Stopie\u0144\/tytu\u0142 naukowy<\/th>\n<th style=\"width: 11.9502%\">Pok\u00f3j<\/th>\n<th style=\"width: 12.1992%\"><strong>Telefon<\/strong><\/th>\n<th style=\"width: 20.4978%\"><strong>e-mail<\/strong><\/th>\n<th style=\"width: 1.74273%\"><strong>Profil naukowy&nbsp;<\/strong><\/th>\n<th style=\"width: 16.9295%\"><strong>ORCID<\/strong><\/th>\n<\/tr>\n<\/thead>\n<tbody>\n<tr style=\"height: 36px\">\n<td style=\"width: 17.0954%;height: 36px\" width=\"114\"><strong>Micha\u0142 Kuciej<\/strong><\/td>\n<td style=\"width: 19.5021%;height: 36px\" width=\"115\"><strong>prof. dr hab. in\u017c.<\/strong><\/td>\n<td style=\"width: 11.9502%;height: 36px\" width=\"103\"><strong>M-340<\/strong><\/td>\n<td style=\"width: 12.1992%;height: 36px\" width=\"106\"><strong>571-443-029<\/strong><\/td>\n<td style=\"width: 20.4978%;height: 36px\" width=\"180\"><strong>m.kuciej[at]pb.edu.pl<\/strong><\/td>\n<td style=\"width: 1.74273%;height: 36px\"><a title=\"Otworzy si\u0119 w nowej karcie\" href=\"https:\/\/bazawiedzy.pb.edu.pl\/info.seam?id=BUTfc98f33610f144b9b983b6b1c8297b21&amp;affil=&amp;lang=pl\" target=\"_blank\" rel=\"noopener noreferrer\"><strong>Baza wiedzy<\/strong><\/a><\/td>\n<td style=\"width: 16.9295%\" width=\"139\">0000-0002-2531-9304&nbsp;<\/td>\n<\/tr>\n<tr style=\"height: 36px\">\n<td style=\"width: 17.0954%;height: 36px\" width=\"114\">Krzysztof Kamil \u017bur<\/td>\n<td style=\"width: 19.5021%;height: 36px\" width=\"115\">dr hab. in\u017c.<\/td>\n<td style=\"width: 11.9502%;height: 36px\" width=\"103\">336<\/td>\n<td style=\"width: 12.1992%;height: 36px\" width=\"106\">571-443-042<\/td>\n<td style=\"width: 20.4978%;height: 36px\" width=\"180\">k.zur[at]pb.edu.pl<\/td>\n<td style=\"width: 1.74273%;height: 36px\"><strong><a title=\"Otworzy si\u0119 w nowej karcie\" href=\"https:\/\/bazawiedzy.pb.edu.pl\/info.seam?id=BUTde56c9f33bcf4203853965f449d17539&amp;affil=&amp;lang=pl\" target=\"_blank\" rel=\"noopener noreferrer\">Baza wiedzy<\/a><\/strong><\/td>\n<td style=\"width: 16.9295%\">0000-0003-1367-9609<\/td>\n<\/tr>\n<tr style=\"height: 36px\">\n<td style=\"width: 17.0954%;height: 36px\" width=\"114\">Oleksandr Jewtuszenko<\/td>\n<td style=\"width: 19.5021%;height: 36px\" width=\"115\">prof. dr hab.<\/td>\n<td style=\"width: 11.9502%;height: 36px\" width=\"103\">M-342<\/td>\n<td style=\"width: 12.1992%;height: 36px\" width=\"106\">571-443-028<\/td>\n<td style=\"width: 20.4978%;height: 36px\" width=\"180\">a.yevtushenko[at]pb.edu.pl<\/td>\n<td style=\"width: 1.74273%;height: 36px\"><a title=\"Otworzy si\u0119 w nowej karcie\" href=\"https:\/\/bazawiedzy.pb.edu.pl\/info.seam?id=BUT2662fb90f05c4e93943a1bf7c0f2e65b&amp;affil=&amp;lang=pl\" target=\"_blank\" rel=\"noopener noreferrer\"><strong>Baza wiedzy<\/strong><\/a><\/td>\n<td style=\"width: 16.9295%\">0000-0003-3589-4983&nbsp;<\/td>\n<\/tr>\n<tr style=\"height: 36px\">\n<td style=\"width: 17.0954%;height: 36px\" width=\"114\">Roman Kulchytskyy<\/td>\n<td style=\"width: 19.5021%;height: 36px\" width=\"115\">prof. dr hab.<\/td>\n<td style=\"width: 11.9502%;height: 36px\" width=\"103\">M-349<\/td>\n<td style=\"width: 12.1992%;height: 36px\" width=\"106\">571-443-030<\/td>\n<td style=\"width: 20.4978%;height: 36px\" width=\"180\">r.kulczycki[at]pb.edu.pl<\/td>\n<td style=\"width: 1.74273%;height: 36px\"><a title=\"Otworzy si\u0119 w nowej karcie\" href=\"https:\/\/bazawiedzy.pb.edu.pl\/info.seam?id=BUTbfc31c4b157c46a984c7411f56ac7910&amp;affil=&amp;lang=pl\" target=\"_blank\" rel=\"noopener noreferrer\"><strong>Baza wiedzy<\/strong><\/a><\/td>\n<td style=\"width: 16.9295%\">0000-0001-6390-2261&nbsp;<\/td>\n<\/tr>\n<tr>\n<td style=\"width: 17.0954%\">Agnieszka Dardzi\u0144ska-G\u0142\u0119bocka<\/td>\n<td style=\"width: 19.5021%\" width=\"238\">dr hab. , prof. PB<\/td>\n<td style=\"width: 11.9502%\">M-325<\/td>\n<td style=\"width: 12.1992%\">571-443-022<\/td>\n<td style=\"width: 20.4978%\">a.dardzinska[at]pb.edu.pl<\/td>\n<td style=\"width: 1.74273%\"><strong><a title=\"Otworzy si\u0119 w nowej karcie\" href=\"https:\/\/bazawiedzy.pb.edu.pl\/info\/author\/BUTdcde855db92e43719910174aae9cd3a9\/Agnieszka%2BDardzi%25C5%2584ska-G%25C5%2582%25C4%2599bocka?r=affiliation&amp;lang=pl&amp;cid=186530\" target=\"_blank\" rel=\"noopener noreferrer\">Baza&nbsp;wiedzy<\/a><\/strong><\/td>\n<td style=\"width: 16.9295%\">0000-0002-2811-0274&nbsp;<\/td>\n<\/tr>\n<tr style=\"height: 36px\">\n<td style=\"width: 17.0954%;height: 36px\" width=\"114\">Andrzej Kazberuk<\/td>\n<td style=\"width: 19.5021%\" width=\"238\">dr hab. in\u017c., prof. PB<\/td>\n<td style=\"width: 11.9502%;height: 36px\" width=\"103\">M-353<\/td>\n<td style=\"width: 12.1992%;height: 36px\" width=\"106\">797-995-912<\/td>\n<td style=\"width: 20.4978%;height: 36px\" width=\"180\">a.kazberuk[at]pb.edu.pl<\/td>\n<td style=\"width: 1.74273%;height: 36px\"><a title=\"Otworzy si\u0119 w nowej karcie\" href=\"https:\/\/bazawiedzy.pb.edu.pl\/info.seam?id=BUT8cd84ab775214423aff6b443e13a4c37&amp;affil=&amp;lang=pl\" target=\"_blank\" rel=\"noopener noreferrer\"><strong>Baza wiedzy<\/strong><\/a><\/td>\n<td style=\"width: 16.9295%\">0000-0003-4179-0312&nbsp;<\/td>\n<\/tr>\n<tr style=\"height: 36px\">\n<td style=\"width: 17.0954%;height: 36px\" width=\"114\">Dariusz M. Perkowski<\/td>\n<td style=\"width: 19.5021%\" width=\"238\">dr hab. in\u017c., prof. PB<\/td>\n<td style=\"width: 11.9502%;height: 36px\" width=\"103\">M-347<\/td>\n<td style=\"width: 12.1992%;height: 36px\" width=\"106\">571-443-034<\/td>\n<td style=\"width: 20.4978%;height: 36px\" width=\"180\">d.perkowski[at]pb.edu.pl<\/td>\n<td style=\"width: 1.74273%;height: 36px\"><a title=\"Otworzy si\u0119 w nowej karcie\" href=\"https:\/\/bazawiedzy.pb.edu.pl\/info.seam?id=BUT336c23af2bfe46339cec1c931a5a844a&amp;affil=&amp;lang=pl\" target=\"_blank\" rel=\"noopener noreferrer\"><strong>Baza wiedzy<\/strong><\/a><\/td>\n<td style=\"width: 16.9295%\">0000-0001-5114-7174&nbsp;<\/td>\n<\/tr>\n<tr style=\"height: 36px\">\n<td style=\"width: 17.0954%;height: 36px\" width=\"114\">Marek Romanowicz<\/td>\n<td style=\"width: 19.5021%\" width=\"238\">dr hab. in\u017c., prof. PB<\/td>\n<td style=\"width: 11.9502%;height: 36px\" width=\"103\">M-341<\/td>\n<td style=\"width: 12.1992%;height: 36px\" width=\"106\">571-443-035<\/td>\n<td style=\"width: 20.4978%;height: 36px\" width=\"180\">m.romanowicz[at]pb.edu.pl<\/td>\n<td style=\"width: 1.74273%;height: 36px\"><a title=\"Otworzy si\u0119 w nowej karcie\" href=\"https:\/\/bazawiedzy.pb.edu.pl\/info.seam?id=BUT9e53f228afac4e399f9c34a5f0a34844&amp;affil=&amp;lang=pl\" target=\"_blank\" rel=\"noopener noreferrer\"><strong>Baza wiedzy<\/strong><\/a><\/td>\n<td style=\"width: 16.9295%\">0000-0002-8712-0886&nbsp;<\/td>\n<\/tr>\n<tr style=\"height: 36px\">\n<td style=\"width: 17.0954%;height: 36px\" width=\"114\">Robert U\u015bcinowicz<\/td>\n<td style=\"width: 19.5021%\" width=\"238\">dr hab. in\u017c., prof. PB<\/td>\n<td style=\"width: 11.9502%;height: 36px\" width=\"103\">M-332<\/td>\n<td style=\"width: 12.1992%;height: 36px\" width=\"106\">571-443-040<\/td>\n<td style=\"width: 20.4978%;height: 36px\" width=\"180\">r.uscinowicz[at]pb.edu.pl<\/td>\n<td style=\"width: 1.74273%;height: 36px\"><a title=\"Otworzy si\u0119 w nowej karcie\" href=\"https:\/\/bazawiedzy.pb.edu.pl\/info.seam?id=BUT2738c9aa489045239d4867b2b328c8aa&amp;affil=&amp;lang=pl\" target=\"_blank\" rel=\"noopener noreferrer\"><strong>Baza wiedzy<\/strong><\/a><\/td>\n<td style=\"width: 16.9295%\">0000-0003-4599-2632&nbsp;<\/td>\n<\/tr>\n<tr style=\"height: 36px\">\n<td style=\"width: 17.0954%;height: 36px\" width=\"114\">Piotr Grze\u015b<\/td>\n<td style=\"width: 19.5021%\" width=\"238\">&nbsp;dr hab. in\u017c. prof. PB<\/td>\n<td style=\"width: 11.9502%;height: 36px\" width=\"103\">M-344<\/td>\n<td style=\"width: 12.1992%;height: 36px\" width=\"106\">&nbsp;571-443-026<\/td>\n<td style=\"width: 20.4978%;height: 36px\" width=\"180\">&nbsp;p.grzes[at]pb.edu.pl<\/td>\n<td style=\"width: 1.74273%;height: 36px\"><a title=\"Otworzy si\u0119 w nowej karcie\" href=\"https:\/\/bazawiedzy.pb.edu.pl\/info.seam?id=BUTf983c62842da407e8a9a68e053ac1133&amp;affil=&amp;lang=pl\" target=\"_blank\" rel=\"noopener noreferrer\"><strong>Baza wiedzy<\/strong><\/a><\/td>\n<td style=\"width: 16.9295%\">0000-0002-8283-8418&nbsp;<\/td>\n<\/tr>\n<tr style=\"height: 36px\">\n<td style=\"width: 17.0954%;height: 36px\" width=\"114\">Ewa Mrozek<\/td>\n<td style=\"width: 19.5021%\" width=\"238\">&nbsp;dr in\u017c.<\/td>\n<td style=\"width: 11.9502%;height: 36px\" width=\"103\">M-343<\/td>\n<td style=\"width: 12.1992%;height: 36px\" width=\"106\">571-443-032<\/td>\n<td style=\"width: 20.4978%;height: 36px\" width=\"180\">&nbsp;e.mrozek[at]pb.edu.pl<\/td>\n<td style=\"width: 1.74273%;height: 36px\"><a title=\"Otworzy si\u0119 w nowej karcie\" href=\"https:\/\/bazawiedzy.pb.edu.pl\/info.seam?id=BUTc8f60e0250b946b5a4cebca9944a2c71&amp;affil=&amp;lang=pl\" target=\"_blank\" rel=\"noopener noreferrer\"><strong>Baza wiedzy<\/strong><\/a><\/td>\n<td style=\"width: 16.9295%\">0000-0002-9700-2023&nbsp;<\/td>\n<\/tr>\n<tr style=\"height: 36px\">\n<td style=\"width: 17.0954%;height: 36px\" width=\"114\">Adam Tomczyk<\/td>\n<td style=\"width: 19.5021%\" width=\"238\">&nbsp;dr in\u017c.<\/td>\n<td style=\"width: 11.9502%;height: 36px\" width=\"103\">M-351<\/td>\n<td style=\"width: 12.1992%;height: 36px\" width=\"106\">607-576-706<\/td>\n<td style=\"width: 20.4978%;height: 36px\" width=\"180\">&nbsp;a.tomczyk[at]pb.edu.pl<\/td>\n<td style=\"width: 1.74273%;height: 36px\"><a title=\"Otworzy si\u0119 w nowej karcie\" href=\"https:\/\/bazawiedzy.pb.edu.pl\/info.seam?id=BUT00028e64826f4e7081b4860918df6079&amp;affil=&amp;lang=pl\" target=\"_blank\" rel=\"noopener noreferrer\"><strong>Baza wiedzy<\/strong><\/a><\/td>\n<td style=\"width: 16.9295%\">0000-0001-7278-1182&nbsp;<\/td>\n<\/tr>\n<tr style=\"height: 36px\">\n<td style=\"width: 17.0954%;height: 36px\" width=\"114\">Wojciech Tarasiuk<\/td>\n<td style=\"width: 19.5021%;height: 36px\" width=\"115\">dr in\u017c.<\/td>\n<td style=\"width: 11.9502%;height: 36px\" width=\"103\">M-330<\/td>\n<td style=\"width: 12.1992%;height: 36px\" width=\"106\">&nbsp;571-443-038<\/td>\n<td style=\"width: 20.4978%;height: 36px\" width=\"180\">&nbsp;w.tarasiuk[at]pb.edu.pl<\/td>\n<td style=\"width: 1.74273%;height: 36px\"><a title=\"Otworzy si\u0119 w nowej karcie\" href=\"https:\/\/bazawiedzy.pb.edu.pl\/info.seam?id=BUT79483a9b648d4c79971911afdd0e215f&amp;affil=&amp;lang=pl\" target=\"_blank\" rel=\"noopener noreferrer\"><strong>Baza wiedzy<\/strong><\/a><\/td>\n<td style=\"width: 16.9295%\">0000-0001-9680-1328&nbsp;<\/td>\n<\/tr>\n<tr style=\"height: 36px\">\n<td style=\"width: 17.0954%;height: 36px\" width=\"114\">Adam Bajkowski<\/td>\n<td style=\"width: 19.5021%;height: 36px\" width=\"115\">&nbsp;dr in\u017c.<\/td>\n<td style=\"width: 11.9502%;height: 36px\" width=\"103\">M-330<\/td>\n<td style=\"width: 12.1992%;height: 36px\" width=\"106\">&nbsp;571-443-021<\/td>\n<td style=\"width: 20.4978%;height: 36px\" width=\"180\">&nbsp;a.bajkowski[at]pb.edu.pl<\/td>\n<td style=\"width: 1.74273%;height: 36px\"><a title=\"Otworzy si\u0119 w nowej karcie\" href=\"https:\/\/bazawiedzy.pb.edu.pl\/info.seam?id=BUT4c780259d77d44c8a1408cd3cba14fa1&amp;affil=&amp;lang=pl\" target=\"_blank\" rel=\"noopener noreferrer\"><strong>Baza wiedzy<\/strong><\/a><\/td>\n<td style=\"width: 16.9295%\">0000-0002-6786-5979&nbsp;<\/td>\n<\/tr>\n<tr style=\"height: 36px\">\n<td style=\"width: 17.0954%;height: 36px\" width=\"114\">Ewa Kulesza<\/td>\n<td style=\"width: 19.5021%;height: 36px\" width=\"115\">dr in\u017c.<\/td>\n<td style=\"width: 11.9502%;height: 36px\" width=\"103\">M-343<\/td>\n<td style=\"width: 12.1992%;height: 36px\" width=\"106\">&nbsp;571-443-117<\/td>\n<td style=\"width: 20.4978%;height: 36px\" width=\"180\">&nbsp;ewa.kulesza[at]pb.edu.pl<\/td>\n<td style=\"width: 1.74273%;height: 36px\"><a title=\"Otworzy si\u0119 w nowej karcie\" href=\"https:\/\/bazawiedzy.pb.edu.pl\/info.seam?id=BUT4e3ba7b94fbf4615b6d35b985ad04d79&amp;affil=&amp;lang=pl\" target=\"_blank\" rel=\"noopener noreferrer\"><strong>Baza wiedzy<\/strong><\/a><\/td>\n<td style=\"width: 16.9295%\">0000-0001-6585-8647&nbsp;<\/td>\n<\/tr>\n<tr style=\"height: 36px\">\n<td style=\"width: 17.0954%;height: 36px\" width=\"114\">Micha\u0142 Doroszko<\/td>\n<td style=\"width: 19.5021%;height: 36px\" width=\"115\">&nbsp;dr in\u017c.<\/td>\n<td style=\"width: 11.9502%;height: 36px\" width=\"103\">M-336<\/td>\n<td style=\"width: 12.1992%;height: 36px\" width=\"106\">&nbsp;571-443-116<\/td>\n<td style=\"width: 20.4978%;height: 36px\" width=\"180\">&nbsp;m.doroszko[at]pb.edu.pl<\/td>\n<td style=\"width: 1.74273%;height: 36px\"><a title=\"Otworzy si\u0119 w nowej karcie\" href=\"https:\/\/bazawiedzy.pb.edu.pl\/info.seam?id=BUT771c655815a24be5b1855a86199eaa33&amp;affil=&amp;lang=pl\" target=\"_blank\" rel=\"noopener noreferrer\"><strong>Baza wiedzy<\/strong><\/a><\/td>\n<td style=\"width: 16.9295%\">0000-0002-2784-4735&nbsp;<\/td>\n<\/tr>\n<tr style=\"height: 36px\">\n<td style=\"width: 17.0954%;height: 36px\" width=\"114\">Anna Falkowska<\/td>\n<td style=\"width: 19.5021%;height: 36px\" width=\"115\">&nbsp;dr in\u017c.<\/td>\n<td style=\"width: 11.9502%;height: 36px\" width=\"103\">M-334<\/td>\n<td style=\"width: 12.1992%;height: 36px\" width=\"106\">&nbsp;571-443-025<\/td>\n<td style=\"width: 20.4978%;height: 36px\" width=\"180\">&nbsp;a.falkowska[at]pb.edu.pl<\/td>\n<td style=\"width: 1.74273%;height: 36px\"><a title=\"Otworzy si\u0119 w nowej karcie\" href=\"https:\/\/bazawiedzy.pb.edu.pl\/info.seam?id=BUTe0987fdbf8414b69b19be22829345f14&amp;affil=&amp;lang=pl\" target=\"_blank\" rel=\"noopener noreferrer\"><strong>Baza wiedzy<\/strong><\/a><\/td>\n<td style=\"width: 16.9295%\">0000-0003-1390-0780&nbsp;<\/td>\n<\/tr>\n<tr style=\"height: 36px\">\n<td style=\"width: 17.0954%;height: 36px\" width=\"114\">Izabela Senderacka<\/td>\n<td style=\"width: 19.5021%;height: 36px\" width=\"115\">&nbsp;dr<\/td>\n<td style=\"width: 11.9502%;height: 36px\" width=\"103\">M-334<\/td>\n<td style=\"width: 12.1992%;height: 36px\" width=\"106\">&nbsp;668-815-224<\/td>\n<td style=\"width: 20.4978%;height: 36px\" width=\"180\">&nbsp;i.senderacka[at]pb.edu.pl<\/td>\n<td style=\"width: 1.74273%;height: 36px\"><a title=\"Otworzy si\u0119 w nowej karcie\" href=\"https:\/\/bazawiedzy.pb.edu.pl\/info.seam?id=BUTfc46253e3d5e497dbf009e82c06fa37a&amp;affil=&amp;lang=pl\" target=\"_blank\" rel=\"noopener noreferrer\"><strong>Baza wiedzy<\/strong><\/a><\/td>\n<td style=\"width: 16.9295%\">0000-0003-1581-806X&nbsp;<\/td>\n<\/tr>\n<tr style=\"height: 36px\">\n<td style=\"width: 17.0954%;height: 36px\" width=\"114\">Katarzyna Topczewska<\/td>\n<td style=\"width: 19.5021%;height: 36px\" width=\"115\">dr in\u017c.<\/td>\n<td style=\"width: 11.9502%;height: 36px\" width=\"103\">M-345<\/td>\n<td style=\"width: 12.1992%;height: 36px\" width=\"106\">508-362-147<\/td>\n<td style=\"width: 20.4978%;height: 36px\" width=\"180\">k.topczewska[at]pb.edu.pl<\/td>\n<td style=\"width: 1.74273%;height: 36px\"><a title=\"Otworzy si\u0119 w nowej karcie\" href=\"https:\/\/bazawiedzy.pb.edu.pl\/info.seam?id=BUTe747f148cf454c7982dae268e6745778&amp;affil=&amp;lang=pl\" target=\"_blank\" rel=\"noopener noreferrer\"><strong>Baza wiedzy<\/strong><\/a><\/td>\n<td style=\"width: 16.9295%\">0000-0002-7712-4226&nbsp;<\/td>\n<\/tr>\n<tr style=\"height: 36px\">\n<td style=\"width: 17.0954%;height: 36px\" width=\"114\">El\u017cbieta Bura<\/td>\n<td style=\"width: 19.5021%;height: 36px\" width=\"115\">dr in\u017c.<\/td>\n<td style=\"width: 11.9502%;height: 36px\" width=\"103\">M-326<\/td>\n<td style=\"width: 12.1992%;height: 36px\" width=\"106\">571-443-033<\/td>\n<td style=\"width: 20.4978%;height: 36px\" width=\"180\">e.bura[at]pb.edu.pl<\/td>\n<td style=\"width: 1.74273%;height: 36px\"><a title=\"Otworzy si\u0119 w nowej karcie\" href=\"https:\/\/bazawiedzy.pb.edu.pl\/info.seam?id=BUT2861c9b3f3454c4b8894839021f2e7cd&amp;affil=&amp;lang=pl\" target=\"_blank\" rel=\"noopener noreferrer\"><strong>Baza wiedzy<\/strong><\/a><\/td>\n<td style=\"width: 16.9295%\">0000-0002-3738-5392<\/td>\n<\/tr>\n<tr>\n<td style=\"width: 17.0954%\">Piotr Jankowski<\/td>\n<td style=\"width: 19.5021%\">dr in\u017c.<\/td>\n<td style=\"width: 11.9502%\">M-336<\/td>\n<td style=\"width: 12.1992%\">797-995-904<\/td>\n<td style=\"width: 20.4978%\">piotr.jankowski[at]pb.edu.pl<\/td>\n<td style=\"width: 1.74273%\"><strong>&nbsp;<\/strong><\/td>\n<td style=\"width: 16.9295%\">&nbsp;<\/td>\n<\/tr>\n<\/tbody>\n<\/table>\n<p>&nbsp;<\/p>\n<h3>DOKTORANCI:<\/h3>\n<table class=\"table table-bordered\" style=\"width: 89.2509%\">\n<thead>\n<tr>\n<th style=\"width: 29.7269%\"><strong>Imi\u0119 i Nazwisko<\/strong><\/th>\n<th style=\"width: 12.5%\"><strong>Telefon<\/strong><\/th>\n<th style=\"width: 26.6807%\"><strong>e-mail<\/strong><\/th>\n<th style=\"width: 10.4227%\"><strong>Profil naukowy&nbsp;<\/strong><\/th>\n<th style=\"width: 16.9231%\"><strong>ORCID<\/strong><\/th>\n<\/tr>\n<\/thead>\n<tbody>\n<tr>\n<td style=\"width: 29.7269%\">dr in\u017c. Przemys\u0142aw Zamojski<\/td>\n<td style=\"width: 12.5%\">571-443-119<\/td>\n<td style=\"width: 26.6807%\" width=\"103\">p.zamojski[at]pb.edu.pl<\/td>\n<td style=\"width: 10.4227%\">&nbsp;<\/td>\n<td style=\"width: 16.9231%\">&nbsp;<\/td>\n<\/tr>\n<tr style=\"height: 46px\">\n<td style=\"width: 29.7269%;height: 32px\" width=\"205\">mgr in\u017c. Piotr Sebestianiuk<\/td>\n<td style=\"width: 12.5%;height: 36px\" width=\"106\">571-443-030<\/td>\n<td style=\"width: 26.6807%;height: 32px\" width=\"205\">p.sebestianiuk[at]doktoranci.pb.edu.pl<\/td>\n<td style=\"width: 10.4227%\"><a title=\"Otworzy si\u0119 w nowej karcie\" href=\"https:\/\/bazawiedzy.pb.edu.pl\/info.seam?id=BUT08b23e0ec90e4ec28cc4535daf772b7e&amp;affil=&amp;lang=pl\" target=\"_blank\" rel=\"noopener noreferrer\"><strong>Baza wiedzy<\/strong><\/a><\/td>\n<td style=\"width: 16.9231%\">0000-0002-6098-2355&nbsp;<\/td>\n<\/tr>\n<tr>\n<td style=\"width: 29.7269%\" width=\"264\">mgr. in\u017c. Iwona Zaborowska<\/td>\n<td style=\"width: 12.5%\" width=\"111\">571-443-036<\/td>\n<td style=\"width: 26.6807%\" width=\"264\">&nbsp;i.zaborowska@doktoranci.pb.edu.pl<\/td>\n<td style=\"width: 10.4227%\"><a title=\"Otworzy si\u0119 w nowej karcie\" href=\"https:\/\/bazawiedzy.pb.edu.pl\/info.seam?id=BUT243f69571ac74f1cb2f7de14a3cc3b54&amp;affil=&amp;lang=pl\" target=\"_blank\" rel=\"noopener noreferrer\"><strong>Baza wiedzy<\/strong><\/a><\/td>\n<td style=\"width: 16.9231%\">0000-0003-1229-1194&nbsp;<\/td>\n<\/tr>\n<tr>\n<td style=\"width: 29.7269%\">mgr in\u017c. Sebastian Lubowicki<\/td>\n<td style=\"width: 12.5%\">&nbsp;<\/td>\n<td style=\"width: 26.6807%\">&nbsp;<\/td>\n<td style=\"width: 10.4227%\"><strong>&nbsp;<\/strong><\/td>\n<td style=\"width: 16.9231%\">&nbsp;<\/td>\n<\/tr>\n<tr>\n<td style=\"width: 29.7269%\" width=\"264\">mgr in\u017c. Wojciech Grodzki<\/td>\n<td style=\"width: 12.5%\" width=\"111\">509-866-412<\/td>\n<td style=\"width: 26.6807%\" width=\"264\">w.grodzki[at]pb.edu.pl<\/td>\n<td style=\"width: 10.4227%\"><strong><a title=\"Otworzy si\u0119 w nowej karcie\" href=\"https:\/\/bazawiedzy.pb.edu.pl\/info\/author\/BUT3fad15244aa7429e8d367bd3eacb9dda\/\" target=\"_blank\" rel=\"noopener noreferrer\">Baza wiedzy<\/a><\/strong><\/td>\n<td style=\"width: 16.9231%\">0000-0002-0068-9683&nbsp;<\/td>\n<\/tr>\n<\/tbody>\n<\/table>\n<p>&nbsp;<\/p>\n<h4>IN\u017bYNIERYJNO &#8211; TECHNICZNI:<\/h4>\n<table class=\"table table-bordered\" style=\"width: 1202px\">\n<thead>\n<tr>\n<th style=\"width: 358px\"><strong>Imi\u0119 i Nazwisko<\/strong><\/th>\n<th style=\"width: 196px\">Stopie\u0144 naukowy<\/th>\n<th style=\"width: 150px\">Pok\u00f3j<\/th>\n<th style=\"width: 321px\">Telefon<\/th>\n<th style=\"width: 177px\">e-mail<\/th>\n<\/tr>\n<\/thead>\n<tbody>\n<tr>\n<td style=\"width: 358px\" width=\"123\">Wojciech Grodzki<\/td>\n<td style=\"width: 196px\" width=\"123\">mgr in\u017c.<\/td>\n<td style=\"width: 150px\" width=\"123\">M-543<\/td>\n<td style=\"width: 321px\" width=\"123\">509-866-412<\/td>\n<td style=\"width: 177px\" width=\"123\">w.grodzki[at]pb.edu.pl<\/td>\n<\/tr>\n<tr>\n<td style=\"width: 358px\">Przemys\u0142aw Zamojski<\/td>\n<td style=\"width: 196px\">dr in\u017c.<\/td>\n<td style=\"width: 150px\" width=\"103\">M-332<\/td>\n<td style=\"width: 321px\">571-443-119<\/td>\n<td style=\"width: 177px\">p.zamojski[at]pb.edu.pl<\/td>\n<\/tr>\n<\/tbody>\n<\/table>\n","protected":false},"excerpt":{"rendered":"<p>NAUKOWO &#8211; DYDAKTYCZNI: Imi\u0119 i Nazwisko Stopie\u0144\/tytu\u0142 naukowy Pok\u00f3j Telefon e-mail Profil naukowy&nbsp; ORCID Micha\u0142<a class=\"read-more\" href=\"https:\/\/wm.pb.edu.pl\/kmiis\/pracownicy\/\" title=\"Poka\u017c artyku\u0142 Pracownicy\">wi\u0119cej<\/a><\/p>\n","protected":false},"author":14,"featured_media":0,"parent":0,"menu_order":4,"comment_status":"closed","ping_status":"closed","template":"","meta":{"inline_featured_image":false,"ngg_post_thumbnail":0,"footnotes":""},"class_list":["post-29","page","type-page","status-publish","hentry"],"acf":[],"yoast_head":"<!-- This site is optimized with the Yoast SEO plugin v26.4 - https:\/\/yoast.com\/wordpress\/plugins\/seo\/ -->\n<title>Pracownicy - Katedra Mechaniki i Informatyki Stosowanej<\/title>\n<meta name=\"robots\" content=\"index, follow, max-snippet:-1, max-image-preview:large, max-video-preview:-1\" \/>\n<link rel=\"canonical\" href=\"https:\/\/wm.pb.edu.pl\/kmiis\/pracownicy\/\" \/>\n<meta property=\"og:locale\" content=\"pl_PL\" \/>\n<meta property=\"og:type\" content=\"article\" \/>\n<meta property=\"og:title\" content=\"Pracownicy - Katedra Mechaniki i Informatyki Stosowanej\" \/>\n<meta property=\"og:description\" content=\"NAUKOWO &#8211; DYDAKTYCZNI: Imi\u0119 i Nazwisko Stopie\u0144\/tytu\u0142 naukowy Pok\u00f3j Telefon e-mail Profil naukowy&nbsp; ORCID Micha\u0142wi\u0119cej\" \/>\n<meta property=\"og:url\" content=\"https:\/\/wm.pb.edu.pl\/kmiis\/pracownicy\/\" \/>\n<meta property=\"og:site_name\" content=\"Katedra Mechaniki i Informatyki Stosowanej\" \/>\n<meta property=\"article:modified_time\" content=\"2026-02-18T07:45:34+00:00\" \/>\n<meta name=\"twitter:card\" content=\"summary_large_image\" \/>\n<meta name=\"twitter:label1\" content=\"Szacowany czas czytania\" \/>\n\t<meta name=\"twitter:data1\" content=\"2 minuty\" \/>\n<script type=\"application\/ld+json\" class=\"yoast-schema-graph\">{\"@context\":\"https:\/\/schema.org\",\"@graph\":[{\"@type\":\"WebPage\",\"@id\":\"https:\/\/wm.pb.edu.pl\/kmiis\/pracownicy\/\",\"url\":\"https:\/\/wm.pb.edu.pl\/kmiis\/pracownicy\/\",\"name\":\"Pracownicy - Katedra Mechaniki i Informatyki Stosowanej\",\"isPartOf\":{\"@id\":\"https:\/\/wm.pb.edu.pl\/kmiis\/#website\"},\"datePublished\":\"2018-06-26T09:21:16+00:00\",\"dateModified\":\"2026-02-18T07:45:34+00:00\",\"breadcrumb\":{\"@id\":\"https:\/\/wm.pb.edu.pl\/kmiis\/pracownicy\/#breadcrumb\"},\"inLanguage\":\"pl-PL\",\"potentialAction\":[{\"@type\":\"ReadAction\",\"target\":[\"https:\/\/wm.pb.edu.pl\/kmiis\/pracownicy\/\"]}]},{\"@type\":\"BreadcrumbList\",\"@id\":\"https:\/\/wm.pb.edu.pl\/kmiis\/pracownicy\/#breadcrumb\",\"itemListElement\":[{\"@type\":\"ListItem\",\"position\":1,\"name\":\"Strona g\u0142\u00f3wna\",\"item\":\"https:\/\/wm.pb.edu.pl\/kmiis\/\"},{\"@type\":\"ListItem\",\"position\":2,\"name\":\"Pracownicy\"}]},{\"@type\":\"WebSite\",\"@id\":\"https:\/\/wm.pb.edu.pl\/kmiis\/#website\",\"url\":\"https:\/\/wm.pb.edu.pl\/kmiis\/\",\"name\":\"Katedra Mechaniki i Informatyki Stosowanej\",\"description\":\"\",\"potentialAction\":[{\"@type\":\"SearchAction\",\"target\":{\"@type\":\"EntryPoint\",\"urlTemplate\":\"https:\/\/wm.pb.edu.pl\/kmiis\/?s={search_term_string}\"},\"query-input\":{\"@type\":\"PropertyValueSpecification\",\"valueRequired\":true,\"valueName\":\"search_term_string\"}}],\"inLanguage\":\"pl-PL\"}]}<\/script>\n<!-- \/ Yoast SEO plugin. -->","yoast_head_json":{"title":"Pracownicy - Katedra Mechaniki i Informatyki Stosowanej","robots":{"index":"index","follow":"follow","max-snippet":"max-snippet:-1","max-image-preview":"max-image-preview:large","max-video-preview":"max-video-preview:-1"},"canonical":"https:\/\/wm.pb.edu.pl\/kmiis\/pracownicy\/","og_locale":"pl_PL","og_type":"article","og_title":"Pracownicy - Katedra Mechaniki i Informatyki Stosowanej","og_description":"NAUKOWO &#8211; DYDAKTYCZNI: Imi\u0119 i Nazwisko Stopie\u0144\/tytu\u0142 naukowy Pok\u00f3j Telefon e-mail Profil naukowy&nbsp; ORCID Micha\u0142wi\u0119cej","og_url":"https:\/\/wm.pb.edu.pl\/kmiis\/pracownicy\/","og_site_name":"Katedra Mechaniki i Informatyki Stosowanej","article_modified_time":"2026-02-18T07:45:34+00:00","twitter_card":"summary_large_image","twitter_misc":{"Szacowany czas czytania":"2 minuty"},"schema":{"@context":"https:\/\/schema.org","@graph":[{"@type":"WebPage","@id":"https:\/\/wm.pb.edu.pl\/kmiis\/pracownicy\/","url":"https:\/\/wm.pb.edu.pl\/kmiis\/pracownicy\/","name":"Pracownicy - Katedra Mechaniki i Informatyki Stosowanej","isPartOf":{"@id":"https:\/\/wm.pb.edu.pl\/kmiis\/#website"},"datePublished":"2018-06-26T09:21:16+00:00","dateModified":"2026-02-18T07:45:34+00:00","breadcrumb":{"@id":"https:\/\/wm.pb.edu.pl\/kmiis\/pracownicy\/#breadcrumb"},"inLanguage":"pl-PL","potentialAction":[{"@type":"ReadAction","target":["https:\/\/wm.pb.edu.pl\/kmiis\/pracownicy\/"]}]},{"@type":"BreadcrumbList","@id":"https:\/\/wm.pb.edu.pl\/kmiis\/pracownicy\/#breadcrumb","itemListElement":[{"@type":"ListItem","position":1,"name":"Strona g\u0142\u00f3wna","item":"https:\/\/wm.pb.edu.pl\/kmiis\/"},{"@type":"ListItem","position":2,"name":"Pracownicy"}]},{"@type":"WebSite","@id":"https:\/\/wm.pb.edu.pl\/kmiis\/#website","url":"https:\/\/wm.pb.edu.pl\/kmiis\/","name":"Katedra Mechaniki i Informatyki Stosowanej","description":"","potentialAction":[{"@type":"SearchAction","target":{"@type":"EntryPoint","urlTemplate":"https:\/\/wm.pb.edu.pl\/kmiis\/?s={search_term_string}"},"query-input":{"@type":"PropertyValueSpecification","valueRequired":true,"valueName":"search_term_string"}}],"inLanguage":"pl-PL"}]}},"_links":{"self":[{"href":"https:\/\/wm.pb.edu.pl\/kmiis\/wp-json\/wp\/v2\/pages\/29","targetHints":{"allow":["GET"]}}],"collection":[{"href":"https:\/\/wm.pb.edu.pl\/kmiis\/wp-json\/wp\/v2\/pages"}],"about":[{"href":"https:\/\/wm.pb.edu.pl\/kmiis\/wp-json\/wp\/v2\/types\/page"}],"author":[{"embeddable":true,"href":"https:\/\/wm.pb.edu.pl\/kmiis\/wp-json\/wp\/v2\/users\/14"}],"replies":[{"embeddable":true,"href":"https:\/\/wm.pb.edu.pl\/kmiis\/wp-json\/wp\/v2\/comments?post=29"}],"version-history":[{"count":74,"href":"https:\/\/wm.pb.edu.pl\/kmiis\/wp-json\/wp\/v2\/pages\/29\/revisions"}],"predecessor-version":[{"id":473,"href":"https:\/\/wm.pb.edu.pl\/kmiis\/wp-json\/wp\/v2\/pages\/29\/revisions\/473"}],"wp:attachment":[{"href":"https:\/\/wm.pb.edu.pl\/kmiis\/wp-json\/wp\/v2\/media?parent=29"}],"curies":[{"name":"wp","href":"https:\/\/api.w.org\/{rel}","templated":true}]}}