{"id":305,"date":"2020-09-09T14:23:01","date_gmt":"2020-09-09T12:23:01","guid":{"rendered":"https:\/\/wm.pb.edu.pl\/kmiis\/?page_id=305"},"modified":"2020-09-18T11:22:01","modified_gmt":"2020-09-18T09:22:01","slug":"dynamiczna-maszyna-322-load-unit-firmy-mts","status":"publish","type":"page","link":"https:\/\/wm.pb.edu.pl\/kmiis\/dynamiczna-maszyna-322-load-unit-firmy-mts\/","title":{"rendered":"Dynamiczna maszyna 322 Load Unit firmy MTS"},"content":{"rendered":"<p><strong>Dynamiczna maszyna 322 Load Unit firmy MTS:<\/strong><\/p>\n<p>\u2013 przestrze\u0144 robocza 600\u00d71000 mm;<br \/>\n\u2013 zakres obci\u0105\u017ce\u0144 pierwszego si\u0142ownika \u00b1 50 kN, skok roboczy \u00b1 75 mm;<br \/>\n\u2013 zakres obci\u0105\u017ce\u0144 drugiego si\u0142ownika \u00b1 250 kN, skok roboczy si\u0142ownika \u00b1 150 mm;<br \/>\n\u2013 zasilacz hydrauliczny MTS Silent Flo505.20&nbsp; o wydajno\u015bci 62,5 l\/min;<br \/>\n\u2013 sterowanie procesem badawczym przy pomocy: przemieszczenia, si\u0142y lub odkszta\u0142cenia;<br \/>\n\u2013 pr\u00f3bki do&nbsp;bada\u0144: osiowosymetryczne i&nbsp;p\u0142askie;<br \/>\n\u2013 sterowanie kontrolerem MTS TestStar II 90.01;<br \/>\n\u2013 uchwyty hydrauliczne z kontrolowan\u0105 si\u0142\u0105 docisku.<\/p>\n<p><img loading=\"lazy\" decoding=\"async\" class=\"alignnone wp-image-371\" src=\"https:\/\/wm.pb.edu.pl\/kmiis\/wp-content\/uploads\/sites\/3\/2020\/09\/IMG_4449i-630x1024.jpg\" alt=\"Dynamiczna maszyna 322 Load Unit firmy MTS\" width=\"350\" height=\"569\" srcset=\"https:\/\/wm.pb.edu.pl\/kmiis\/wp-content\/uploads\/sites\/3\/2020\/09\/IMG_4449i-630x1024.jpg 630w, https:\/\/wm.pb.edu.pl\/kmiis\/wp-content\/uploads\/sites\/3\/2020\/09\/IMG_4449i-185x300.jpg 185w, https:\/\/wm.pb.edu.pl\/kmiis\/wp-content\/uploads\/sites\/3\/2020\/09\/IMG_4449i.jpg 700w\" sizes=\"auto, (max-width: 350px) 100vw, 350px\" \/><\/p>\n<p>&nbsp;<\/p>\n","protected":false},"excerpt":{"rendered":"<p>Dynamiczna maszyna 322 Load Unit firmy MTS: \u2013 przestrze\u0144 robocza 600\u00d71000 mm; \u2013 zakres obci\u0105\u017ce\u0144<a class=\"read-more\" href=\"https:\/\/wm.pb.edu.pl\/kmiis\/dynamiczna-maszyna-322-load-unit-firmy-mts\/\" title=\"Poka\u017c artyku\u0142 Dynamiczna maszyna 322 Load Unit firmy MTS\">wi\u0119cej<\/a><\/p>\n","protected":false},"author":14,"featured_media":0,"parent":0,"menu_order":0,"comment_status":"closed","ping_status":"closed","template":"","meta":{"inline_featured_image":false,"ngg_post_thumbnail":0,"footnotes":""},"class_list":["post-305","page","type-page","status-publish","hentry"],"acf":[],"yoast_head":"<!-- This site is optimized with the Yoast SEO plugin v26.4 - https:\/\/yoast.com\/wordpress\/plugins\/seo\/ -->\n<title>Dynamiczna maszyna 322 Load Unit firmy MTS - Katedra Mechaniki i Informatyki Stosowanej<\/title>\n<meta name=\"robots\" content=\"index, follow, max-snippet:-1, max-image-preview:large, max-video-preview:-1\" \/>\n<link rel=\"canonical\" href=\"https:\/\/wm.pb.edu.pl\/kmiis\/dynamiczna-maszyna-322-load-unit-firmy-mts\/\" \/>\n<meta property=\"og:locale\" content=\"pl_PL\" \/>\n<meta property=\"og:type\" content=\"article\" \/>\n<meta property=\"og:title\" content=\"Dynamiczna maszyna 322 Load Unit firmy MTS - Katedra Mechaniki i Informatyki Stosowanej\" \/>\n<meta property=\"og:description\" content=\"Dynamiczna maszyna 322 Load Unit firmy MTS: \u2013 przestrze\u0144 robocza 600\u00d71000 mm; \u2013 zakres obci\u0105\u017ce\u0144wi\u0119cej\" \/>\n<meta property=\"og:url\" content=\"https:\/\/wm.pb.edu.pl\/kmiis\/dynamiczna-maszyna-322-load-unit-firmy-mts\/\" \/>\n<meta property=\"og:site_name\" content=\"Katedra Mechaniki i Informatyki Stosowanej\" \/>\n<meta property=\"article:modified_time\" content=\"2020-09-18T09:22:01+00:00\" \/>\n<meta property=\"og:image\" content=\"https:\/\/wm.pb.edu.pl\/kmiis\/wp-content\/uploads\/sites\/3\/2020\/09\/IMG_4449i.jpg\" \/>\n\t<meta property=\"og:image:width\" content=\"700\" \/>\n\t<meta property=\"og:image:height\" content=\"1138\" \/>\n\t<meta property=\"og:image:type\" content=\"image\/jpeg\" \/>\n<meta name=\"twitter:card\" content=\"summary_large_image\" \/>\n<script type=\"application\/ld+json\" class=\"yoast-schema-graph\">{\"@context\":\"https:\/\/schema.org\",\"@graph\":[{\"@type\":\"WebPage\",\"@id\":\"https:\/\/wm.pb.edu.pl\/kmiis\/dynamiczna-maszyna-322-load-unit-firmy-mts\/\",\"url\":\"https:\/\/wm.pb.edu.pl\/kmiis\/dynamiczna-maszyna-322-load-unit-firmy-mts\/\",\"name\":\"Dynamiczna maszyna 322 Load Unit firmy MTS - Katedra Mechaniki i Informatyki Stosowanej\",\"isPartOf\":{\"@id\":\"https:\/\/wm.pb.edu.pl\/kmiis\/#website\"},\"primaryImageOfPage\":{\"@id\":\"https:\/\/wm.pb.edu.pl\/kmiis\/dynamiczna-maszyna-322-load-unit-firmy-mts\/#primaryimage\"},\"image\":{\"@id\":\"https:\/\/wm.pb.edu.pl\/kmiis\/dynamiczna-maszyna-322-load-unit-firmy-mts\/#primaryimage\"},\"thumbnailUrl\":\"https:\/\/wm.pb.edu.pl\/kmiis\/wp-content\/uploads\/sites\/3\/2020\/09\/IMG_4449i-630x1024.jpg\",\"datePublished\":\"2020-09-09T12:23:01+00:00\",\"dateModified\":\"2020-09-18T09:22:01+00:00\",\"breadcrumb\":{\"@id\":\"https:\/\/wm.pb.edu.pl\/kmiis\/dynamiczna-maszyna-322-load-unit-firmy-mts\/#breadcrumb\"},\"inLanguage\":\"pl-PL\",\"potentialAction\":[{\"@type\":\"ReadAction\",\"target\":[\"https:\/\/wm.pb.edu.pl\/kmiis\/dynamiczna-maszyna-322-load-unit-firmy-mts\/\"]}]},{\"@type\":\"ImageObject\",\"inLanguage\":\"pl-PL\",\"@id\":\"https:\/\/wm.pb.edu.pl\/kmiis\/dynamiczna-maszyna-322-load-unit-firmy-mts\/#primaryimage\",\"url\":\"https:\/\/wm.pb.edu.pl\/kmiis\/wp-content\/uploads\/sites\/3\/2020\/09\/IMG_4449i.jpg\",\"contentUrl\":\"https:\/\/wm.pb.edu.pl\/kmiis\/wp-content\/uploads\/sites\/3\/2020\/09\/IMG_4449i.jpg\",\"width\":700,\"height\":1138,\"caption\":\"Dynamiczna maszyna 322 Load Unit firmy MTS\"},{\"@type\":\"BreadcrumbList\",\"@id\":\"https:\/\/wm.pb.edu.pl\/kmiis\/dynamiczna-maszyna-322-load-unit-firmy-mts\/#breadcrumb\",\"itemListElement\":[{\"@type\":\"ListItem\",\"position\":1,\"name\":\"Strona g\u0142\u00f3wna\",\"item\":\"https:\/\/wm.pb.edu.pl\/kmiis\/\"},{\"@type\":\"ListItem\",\"position\":2,\"name\":\"Dynamiczna maszyna 322 Load Unit firmy MTS\"}]},{\"@type\":\"WebSite\",\"@id\":\"https:\/\/wm.pb.edu.pl\/kmiis\/#website\",\"url\":\"https:\/\/wm.pb.edu.pl\/kmiis\/\",\"name\":\"Katedra Mechaniki i Informatyki Stosowanej\",\"description\":\"\",\"potentialAction\":[{\"@type\":\"SearchAction\",\"target\":{\"@type\":\"EntryPoint\",\"urlTemplate\":\"https:\/\/wm.pb.edu.pl\/kmiis\/?s={search_term_string}\"},\"query-input\":{\"@type\":\"PropertyValueSpecification\",\"valueRequired\":true,\"valueName\":\"search_term_string\"}}],\"inLanguage\":\"pl-PL\"}]}<\/script>\n<!-- \/ Yoast SEO plugin. -->","yoast_head_json":{"title":"Dynamiczna maszyna 322 Load Unit firmy MTS - Katedra Mechaniki i Informatyki Stosowanej","robots":{"index":"index","follow":"follow","max-snippet":"max-snippet:-1","max-image-preview":"max-image-preview:large","max-video-preview":"max-video-preview:-1"},"canonical":"https:\/\/wm.pb.edu.pl\/kmiis\/dynamiczna-maszyna-322-load-unit-firmy-mts\/","og_locale":"pl_PL","og_type":"article","og_title":"Dynamiczna maszyna 322 Load Unit firmy MTS - Katedra Mechaniki i Informatyki Stosowanej","og_description":"Dynamiczna maszyna 322 Load Unit firmy MTS: \u2013 przestrze\u0144 robocza 600\u00d71000 mm; \u2013 zakres obci\u0105\u017ce\u0144wi\u0119cej","og_url":"https:\/\/wm.pb.edu.pl\/kmiis\/dynamiczna-maszyna-322-load-unit-firmy-mts\/","og_site_name":"Katedra Mechaniki i Informatyki Stosowanej","article_modified_time":"2020-09-18T09:22:01+00:00","og_image":[{"width":700,"height":1138,"url":"https:\/\/wm.pb.edu.pl\/kmiis\/wp-content\/uploads\/sites\/3\/2020\/09\/IMG_4449i.jpg","type":"image\/jpeg"}],"twitter_card":"summary_large_image","schema":{"@context":"https:\/\/schema.org","@graph":[{"@type":"WebPage","@id":"https:\/\/wm.pb.edu.pl\/kmiis\/dynamiczna-maszyna-322-load-unit-firmy-mts\/","url":"https:\/\/wm.pb.edu.pl\/kmiis\/dynamiczna-maszyna-322-load-unit-firmy-mts\/","name":"Dynamiczna maszyna 322 Load Unit firmy MTS - Katedra Mechaniki i Informatyki Stosowanej","isPartOf":{"@id":"https:\/\/wm.pb.edu.pl\/kmiis\/#website"},"primaryImageOfPage":{"@id":"https:\/\/wm.pb.edu.pl\/kmiis\/dynamiczna-maszyna-322-load-unit-firmy-mts\/#primaryimage"},"image":{"@id":"https:\/\/wm.pb.edu.pl\/kmiis\/dynamiczna-maszyna-322-load-unit-firmy-mts\/#primaryimage"},"thumbnailUrl":"https:\/\/wm.pb.edu.pl\/kmiis\/wp-content\/uploads\/sites\/3\/2020\/09\/IMG_4449i-630x1024.jpg","datePublished":"2020-09-09T12:23:01+00:00","dateModified":"2020-09-18T09:22:01+00:00","breadcrumb":{"@id":"https:\/\/wm.pb.edu.pl\/kmiis\/dynamiczna-maszyna-322-load-unit-firmy-mts\/#breadcrumb"},"inLanguage":"pl-PL","potentialAction":[{"@type":"ReadAction","target":["https:\/\/wm.pb.edu.pl\/kmiis\/dynamiczna-maszyna-322-load-unit-firmy-mts\/"]}]},{"@type":"ImageObject","inLanguage":"pl-PL","@id":"https:\/\/wm.pb.edu.pl\/kmiis\/dynamiczna-maszyna-322-load-unit-firmy-mts\/#primaryimage","url":"https:\/\/wm.pb.edu.pl\/kmiis\/wp-content\/uploads\/sites\/3\/2020\/09\/IMG_4449i.jpg","contentUrl":"https:\/\/wm.pb.edu.pl\/kmiis\/wp-content\/uploads\/sites\/3\/2020\/09\/IMG_4449i.jpg","width":700,"height":1138,"caption":"Dynamiczna maszyna 322 Load Unit firmy MTS"},{"@type":"BreadcrumbList","@id":"https:\/\/wm.pb.edu.pl\/kmiis\/dynamiczna-maszyna-322-load-unit-firmy-mts\/#breadcrumb","itemListElement":[{"@type":"ListItem","position":1,"name":"Strona g\u0142\u00f3wna","item":"https:\/\/wm.pb.edu.pl\/kmiis\/"},{"@type":"ListItem","position":2,"name":"Dynamiczna maszyna 322 Load Unit firmy MTS"}]},{"@type":"WebSite","@id":"https:\/\/wm.pb.edu.pl\/kmiis\/#website","url":"https:\/\/wm.pb.edu.pl\/kmiis\/","name":"Katedra Mechaniki i Informatyki Stosowanej","description":"","potentialAction":[{"@type":"SearchAction","target":{"@type":"EntryPoint","urlTemplate":"https:\/\/wm.pb.edu.pl\/kmiis\/?s={search_term_string}"},"query-input":{"@type":"PropertyValueSpecification","valueRequired":true,"valueName":"search_term_string"}}],"inLanguage":"pl-PL"}]}},"_links":{"self":[{"href":"https:\/\/wm.pb.edu.pl\/kmiis\/wp-json\/wp\/v2\/pages\/305","targetHints":{"allow":["GET"]}}],"collection":[{"href":"https:\/\/wm.pb.edu.pl\/kmiis\/wp-json\/wp\/v2\/pages"}],"about":[{"href":"https:\/\/wm.pb.edu.pl\/kmiis\/wp-json\/wp\/v2\/types\/page"}],"author":[{"embeddable":true,"href":"https:\/\/wm.pb.edu.pl\/kmiis\/wp-json\/wp\/v2\/users\/14"}],"replies":[{"embeddable":true,"href":"https:\/\/wm.pb.edu.pl\/kmiis\/wp-json\/wp\/v2\/comments?post=305"}],"version-history":[{"count":5,"href":"https:\/\/wm.pb.edu.pl\/kmiis\/wp-json\/wp\/v2\/pages\/305\/revisions"}],"predecessor-version":[{"id":377,"href":"https:\/\/wm.pb.edu.pl\/kmiis\/wp-json\/wp\/v2\/pages\/305\/revisions\/377"}],"wp:attachment":[{"href":"https:\/\/wm.pb.edu.pl\/kmiis\/wp-json\/wp\/v2\/media?parent=305"}],"curies":[{"name":"wp","href":"https:\/\/api.w.org\/{rel}","templated":true}]}}