{"id":311,"date":"2020-09-14T10:07:07","date_gmt":"2020-09-14T08:07:07","guid":{"rendered":"https:\/\/wm.pb.edu.pl\/kmiis\/?page_id=311"},"modified":"2020-09-18T11:23:48","modified_gmt":"2020-09-18T09:23:48","slug":"dynamiczna-dwuosiowa-maszyna-wytrzymalosciowa-mts-858-mini-bionix","status":"publish","type":"page","link":"https:\/\/wm.pb.edu.pl\/kmiis\/dynamiczna-dwuosiowa-maszyna-wytrzymalosciowa-mts-858-mini-bionix\/","title":{"rendered":"Dynamiczna dwuosiowa maszyna wytrzyma\u0142o\u015bciowa MTS 858 Mini Bionix"},"content":{"rendered":"<p><strong>Dynamiczna dwuosiowa maszyna wytrzyma\u0142o\u015bciowa MTS 858 Mini Bionix:<\/strong><\/p>\n<p>\u2013 zasilacz hydrauliczny MTS Silent Flo 505.11 o wydajno\u015bci 41,6 l\/min;<br \/>\n\u2013 sterowanie kontrolerem MTS FlexTest SE 2-Channel Plus;<br \/>\n\u2013 przestrze\u0144 robocza 300\u00d7500 mm;<br \/>\n\u2013 zakres obci\u0105\u017ce\u0144 osiowych \u00b1 25 kN;<br \/>\n\u2013 skok roboczy si\u0142ownika 100 mm;<br \/>\n\u2013 zakres momentu skr\u0119caj\u0105cego \u00b1 200 Nm;<br \/>\n\u2013 maksymalny k\u0105t skr\u0119cenia 270\u00ba;<br \/>\n\u2013 sterowanie procesem badawczym przy pomocy: czujnika przemieszczenia (lub k\u0105ta skr\u0119cania), si\u0142y&nbsp;(lub momentu skr\u0119caj\u0105cego) oraz&nbsp;odkszta\u0142cenia;<br \/>\n\u2013 pr\u00f3bki do&nbsp;bada\u0144: osiowo symetryczne i&nbsp;p\u0142askie;<br \/>\n\u2013 uchwyty hydrauliczne z&nbsp;regulowan\u0105 si\u0142a docisku.<\/p>\n<p><img loading=\"lazy\" decoding=\"async\" class=\"alignnone wp-image-372 \" src=\"https:\/\/wm.pb.edu.pl\/kmiis\/wp-content\/uploads\/sites\/3\/2020\/09\/IMG_4455i.jpg\" alt=\"Dynamiczna dwuosiowa maszyna wytrzyma\u0142o\u015bciowa MTS 858 Mini Bionix\" width=\"304\" height=\"456\" srcset=\"https:\/\/wm.pb.edu.pl\/kmiis\/wp-content\/uploads\/sites\/3\/2020\/09\/IMG_4455i.jpg 700w, https:\/\/wm.pb.edu.pl\/kmiis\/wp-content\/uploads\/sites\/3\/2020\/09\/IMG_4455i-200x300.jpg 200w, https:\/\/wm.pb.edu.pl\/kmiis\/wp-content\/uploads\/sites\/3\/2020\/09\/IMG_4455i-683x1024.jpg 683w\" sizes=\"auto, (max-width: 304px) 100vw, 304px\" \/><\/p>\n","protected":false},"excerpt":{"rendered":"<p>Dynamiczna dwuosiowa maszyna wytrzyma\u0142o\u015bciowa MTS 858 Mini Bionix: \u2013 zasilacz hydrauliczny MTS Silent Flo 505.11<a class=\"read-more\" href=\"https:\/\/wm.pb.edu.pl\/kmiis\/dynamiczna-dwuosiowa-maszyna-wytrzymalosciowa-mts-858-mini-bionix\/\" title=\"Poka\u017c artyku\u0142 Dynamiczna dwuosiowa maszyna wytrzyma\u0142o\u015bciowa MTS 858 Mini Bionix\">wi\u0119cej<\/a><\/p>\n","protected":false},"author":14,"featured_media":0,"parent":0,"menu_order":0,"comment_status":"closed","ping_status":"closed","template":"","meta":{"inline_featured_image":false,"ngg_post_thumbnail":0,"footnotes":""},"class_list":["post-311","page","type-page","status-publish","hentry"],"acf":[],"yoast_head":"<!-- This site is optimized with the Yoast SEO plugin v26.4 - https:\/\/yoast.com\/wordpress\/plugins\/seo\/ -->\n<title>Dynamiczna dwuosiowa maszyna wytrzyma\u0142o\u015bciowa MTS 858 Mini Bionix - Katedra Mechaniki i Informatyki Stosowanej<\/title>\n<meta name=\"robots\" content=\"index, follow, max-snippet:-1, max-image-preview:large, max-video-preview:-1\" \/>\n<link rel=\"canonical\" href=\"https:\/\/wm.pb.edu.pl\/kmiis\/dynamiczna-dwuosiowa-maszyna-wytrzymalosciowa-mts-858-mini-bionix\/\" \/>\n<meta property=\"og:locale\" content=\"pl_PL\" \/>\n<meta property=\"og:type\" content=\"article\" \/>\n<meta property=\"og:title\" content=\"Dynamiczna dwuosiowa maszyna wytrzyma\u0142o\u015bciowa MTS 858 Mini Bionix - Katedra Mechaniki i Informatyki Stosowanej\" \/>\n<meta property=\"og:description\" content=\"Dynamiczna dwuosiowa maszyna wytrzyma\u0142o\u015bciowa MTS 858 Mini Bionix: \u2013 zasilacz hydrauliczny MTS Silent Flo 505.11wi\u0119cej\" \/>\n<meta property=\"og:url\" content=\"https:\/\/wm.pb.edu.pl\/kmiis\/dynamiczna-dwuosiowa-maszyna-wytrzymalosciowa-mts-858-mini-bionix\/\" \/>\n<meta property=\"og:site_name\" content=\"Katedra Mechaniki i Informatyki Stosowanej\" \/>\n<meta property=\"article:modified_time\" content=\"2020-09-18T09:23:48+00:00\" \/>\n<meta property=\"og:image\" content=\"https:\/\/wm.pb.edu.pl\/kmiis\/wp-content\/uploads\/sites\/3\/2020\/09\/IMG_4455i.jpg\" \/>\n\t<meta property=\"og:image:width\" content=\"700\" \/>\n\t<meta property=\"og:image:height\" content=\"1050\" \/>\n\t<meta property=\"og:image:type\" content=\"image\/jpeg\" \/>\n<meta name=\"twitter:card\" content=\"summary_large_image\" \/>\n<script type=\"application\/ld+json\" class=\"yoast-schema-graph\">{\"@context\":\"https:\/\/schema.org\",\"@graph\":[{\"@type\":\"WebPage\",\"@id\":\"https:\/\/wm.pb.edu.pl\/kmiis\/dynamiczna-dwuosiowa-maszyna-wytrzymalosciowa-mts-858-mini-bionix\/\",\"url\":\"https:\/\/wm.pb.edu.pl\/kmiis\/dynamiczna-dwuosiowa-maszyna-wytrzymalosciowa-mts-858-mini-bionix\/\",\"name\":\"Dynamiczna dwuosiowa maszyna wytrzyma\u0142o\u015bciowa MTS 858 Mini Bionix - Katedra Mechaniki i Informatyki Stosowanej\",\"isPartOf\":{\"@id\":\"https:\/\/wm.pb.edu.pl\/kmiis\/#website\"},\"primaryImageOfPage\":{\"@id\":\"https:\/\/wm.pb.edu.pl\/kmiis\/dynamiczna-dwuosiowa-maszyna-wytrzymalosciowa-mts-858-mini-bionix\/#primaryimage\"},\"image\":{\"@id\":\"https:\/\/wm.pb.edu.pl\/kmiis\/dynamiczna-dwuosiowa-maszyna-wytrzymalosciowa-mts-858-mini-bionix\/#primaryimage\"},\"thumbnailUrl\":\"https:\/\/wm.pb.edu.pl\/kmiis\/wp-content\/uploads\/sites\/3\/2020\/09\/IMG_4455i.jpg\",\"datePublished\":\"2020-09-14T08:07:07+00:00\",\"dateModified\":\"2020-09-18T09:23:48+00:00\",\"breadcrumb\":{\"@id\":\"https:\/\/wm.pb.edu.pl\/kmiis\/dynamiczna-dwuosiowa-maszyna-wytrzymalosciowa-mts-858-mini-bionix\/#breadcrumb\"},\"inLanguage\":\"pl-PL\",\"potentialAction\":[{\"@type\":\"ReadAction\",\"target\":[\"https:\/\/wm.pb.edu.pl\/kmiis\/dynamiczna-dwuosiowa-maszyna-wytrzymalosciowa-mts-858-mini-bionix\/\"]}]},{\"@type\":\"ImageObject\",\"inLanguage\":\"pl-PL\",\"@id\":\"https:\/\/wm.pb.edu.pl\/kmiis\/dynamiczna-dwuosiowa-maszyna-wytrzymalosciowa-mts-858-mini-bionix\/#primaryimage\",\"url\":\"https:\/\/wm.pb.edu.pl\/kmiis\/wp-content\/uploads\/sites\/3\/2020\/09\/IMG_4455i.jpg\",\"contentUrl\":\"https:\/\/wm.pb.edu.pl\/kmiis\/wp-content\/uploads\/sites\/3\/2020\/09\/IMG_4455i.jpg\",\"width\":700,\"height\":1050,\"caption\":\"Dynamiczna dwuosiowa maszyna wytrzyma\u0142o\u015bciowa MTS 858 Mini Bionix\"},{\"@type\":\"BreadcrumbList\",\"@id\":\"https:\/\/wm.pb.edu.pl\/kmiis\/dynamiczna-dwuosiowa-maszyna-wytrzymalosciowa-mts-858-mini-bionix\/#breadcrumb\",\"itemListElement\":[{\"@type\":\"ListItem\",\"position\":1,\"name\":\"Strona g\u0142\u00f3wna\",\"item\":\"https:\/\/wm.pb.edu.pl\/kmiis\/\"},{\"@type\":\"ListItem\",\"position\":2,\"name\":\"Dynamiczna dwuosiowa maszyna wytrzyma\u0142o\u015bciowa MTS 858 Mini Bionix\"}]},{\"@type\":\"WebSite\",\"@id\":\"https:\/\/wm.pb.edu.pl\/kmiis\/#website\",\"url\":\"https:\/\/wm.pb.edu.pl\/kmiis\/\",\"name\":\"Katedra Mechaniki i Informatyki Stosowanej\",\"description\":\"\",\"potentialAction\":[{\"@type\":\"SearchAction\",\"target\":{\"@type\":\"EntryPoint\",\"urlTemplate\":\"https:\/\/wm.pb.edu.pl\/kmiis\/?s={search_term_string}\"},\"query-input\":{\"@type\":\"PropertyValueSpecification\",\"valueRequired\":true,\"valueName\":\"search_term_string\"}}],\"inLanguage\":\"pl-PL\"}]}<\/script>\n<!-- \/ Yoast SEO plugin. -->","yoast_head_json":{"title":"Dynamiczna dwuosiowa maszyna wytrzyma\u0142o\u015bciowa MTS 858 Mini Bionix - Katedra Mechaniki i Informatyki Stosowanej","robots":{"index":"index","follow":"follow","max-snippet":"max-snippet:-1","max-image-preview":"max-image-preview:large","max-video-preview":"max-video-preview:-1"},"canonical":"https:\/\/wm.pb.edu.pl\/kmiis\/dynamiczna-dwuosiowa-maszyna-wytrzymalosciowa-mts-858-mini-bionix\/","og_locale":"pl_PL","og_type":"article","og_title":"Dynamiczna dwuosiowa maszyna wytrzyma\u0142o\u015bciowa MTS 858 Mini Bionix - Katedra Mechaniki i Informatyki Stosowanej","og_description":"Dynamiczna dwuosiowa maszyna wytrzyma\u0142o\u015bciowa MTS 858 Mini Bionix: \u2013 zasilacz hydrauliczny MTS Silent Flo 505.11wi\u0119cej","og_url":"https:\/\/wm.pb.edu.pl\/kmiis\/dynamiczna-dwuosiowa-maszyna-wytrzymalosciowa-mts-858-mini-bionix\/","og_site_name":"Katedra Mechaniki i Informatyki Stosowanej","article_modified_time":"2020-09-18T09:23:48+00:00","og_image":[{"width":700,"height":1050,"url":"https:\/\/wm.pb.edu.pl\/kmiis\/wp-content\/uploads\/sites\/3\/2020\/09\/IMG_4455i.jpg","type":"image\/jpeg"}],"twitter_card":"summary_large_image","schema":{"@context":"https:\/\/schema.org","@graph":[{"@type":"WebPage","@id":"https:\/\/wm.pb.edu.pl\/kmiis\/dynamiczna-dwuosiowa-maszyna-wytrzymalosciowa-mts-858-mini-bionix\/","url":"https:\/\/wm.pb.edu.pl\/kmiis\/dynamiczna-dwuosiowa-maszyna-wytrzymalosciowa-mts-858-mini-bionix\/","name":"Dynamiczna dwuosiowa maszyna wytrzyma\u0142o\u015bciowa MTS 858 Mini Bionix - Katedra Mechaniki i Informatyki Stosowanej","isPartOf":{"@id":"https:\/\/wm.pb.edu.pl\/kmiis\/#website"},"primaryImageOfPage":{"@id":"https:\/\/wm.pb.edu.pl\/kmiis\/dynamiczna-dwuosiowa-maszyna-wytrzymalosciowa-mts-858-mini-bionix\/#primaryimage"},"image":{"@id":"https:\/\/wm.pb.edu.pl\/kmiis\/dynamiczna-dwuosiowa-maszyna-wytrzymalosciowa-mts-858-mini-bionix\/#primaryimage"},"thumbnailUrl":"https:\/\/wm.pb.edu.pl\/kmiis\/wp-content\/uploads\/sites\/3\/2020\/09\/IMG_4455i.jpg","datePublished":"2020-09-14T08:07:07+00:00","dateModified":"2020-09-18T09:23:48+00:00","breadcrumb":{"@id":"https:\/\/wm.pb.edu.pl\/kmiis\/dynamiczna-dwuosiowa-maszyna-wytrzymalosciowa-mts-858-mini-bionix\/#breadcrumb"},"inLanguage":"pl-PL","potentialAction":[{"@type":"ReadAction","target":["https:\/\/wm.pb.edu.pl\/kmiis\/dynamiczna-dwuosiowa-maszyna-wytrzymalosciowa-mts-858-mini-bionix\/"]}]},{"@type":"ImageObject","inLanguage":"pl-PL","@id":"https:\/\/wm.pb.edu.pl\/kmiis\/dynamiczna-dwuosiowa-maszyna-wytrzymalosciowa-mts-858-mini-bionix\/#primaryimage","url":"https:\/\/wm.pb.edu.pl\/kmiis\/wp-content\/uploads\/sites\/3\/2020\/09\/IMG_4455i.jpg","contentUrl":"https:\/\/wm.pb.edu.pl\/kmiis\/wp-content\/uploads\/sites\/3\/2020\/09\/IMG_4455i.jpg","width":700,"height":1050,"caption":"Dynamiczna dwuosiowa maszyna wytrzyma\u0142o\u015bciowa MTS 858 Mini Bionix"},{"@type":"BreadcrumbList","@id":"https:\/\/wm.pb.edu.pl\/kmiis\/dynamiczna-dwuosiowa-maszyna-wytrzymalosciowa-mts-858-mini-bionix\/#breadcrumb","itemListElement":[{"@type":"ListItem","position":1,"name":"Strona g\u0142\u00f3wna","item":"https:\/\/wm.pb.edu.pl\/kmiis\/"},{"@type":"ListItem","position":2,"name":"Dynamiczna dwuosiowa maszyna wytrzyma\u0142o\u015bciowa MTS 858 Mini Bionix"}]},{"@type":"WebSite","@id":"https:\/\/wm.pb.edu.pl\/kmiis\/#website","url":"https:\/\/wm.pb.edu.pl\/kmiis\/","name":"Katedra Mechaniki i Informatyki Stosowanej","description":"","potentialAction":[{"@type":"SearchAction","target":{"@type":"EntryPoint","urlTemplate":"https:\/\/wm.pb.edu.pl\/kmiis\/?s={search_term_string}"},"query-input":{"@type":"PropertyValueSpecification","valueRequired":true,"valueName":"search_term_string"}}],"inLanguage":"pl-PL"}]}},"_links":{"self":[{"href":"https:\/\/wm.pb.edu.pl\/kmiis\/wp-json\/wp\/v2\/pages\/311","targetHints":{"allow":["GET"]}}],"collection":[{"href":"https:\/\/wm.pb.edu.pl\/kmiis\/wp-json\/wp\/v2\/pages"}],"about":[{"href":"https:\/\/wm.pb.edu.pl\/kmiis\/wp-json\/wp\/v2\/types\/page"}],"author":[{"embeddable":true,"href":"https:\/\/wm.pb.edu.pl\/kmiis\/wp-json\/wp\/v2\/users\/14"}],"replies":[{"embeddable":true,"href":"https:\/\/wm.pb.edu.pl\/kmiis\/wp-json\/wp\/v2\/comments?post=311"}],"version-history":[{"count":3,"href":"https:\/\/wm.pb.edu.pl\/kmiis\/wp-json\/wp\/v2\/pages\/311\/revisions"}],"predecessor-version":[{"id":379,"href":"https:\/\/wm.pb.edu.pl\/kmiis\/wp-json\/wp\/v2\/pages\/311\/revisions\/379"}],"wp:attachment":[{"href":"https:\/\/wm.pb.edu.pl\/kmiis\/wp-json\/wp\/v2\/media?parent=311"}],"curies":[{"name":"wp","href":"https:\/\/api.w.org\/{rel}","templated":true}]}}