{"id":314,"date":"2020-09-14T10:09:28","date_gmt":"2020-09-14T08:09:28","guid":{"rendered":"https:\/\/wm.pb.edu.pl\/kmiis\/?page_id=314"},"modified":"2020-09-14T10:09:28","modified_gmt":"2020-09-14T08:09:28","slug":"dynamiczna-serwohydrauliczna-dwuosiowa-skretno-osiowa-maszyna-wytrzymalosciowa-mts-809-10","status":"publish","type":"page","link":"https:\/\/wm.pb.edu.pl\/kmiis\/dynamiczna-serwohydrauliczna-dwuosiowa-skretno-osiowa-maszyna-wytrzymalosciowa-mts-809-10\/","title":{"rendered":"Dynamiczna (serwohydrauliczna) dwuosiowa (skr\u0119tno-osiowa) maszyna wytrzyma\u0142o\u015bciowa MTS\u00a0809.10"},"content":{"rendered":"<p><strong>Dynamiczna (serwohydrauliczna) dwuosiowa (skr\u0119tno-osiowa) maszyna wytrzyma\u0142o\u015bciowa MTS&nbsp;809.10<\/strong><\/p>\n<p>\u2013 zasilacz hydrauliczny MTS Silent Flo 505.11 o wydajno\u015bci 41,6 l\/min;<br \/>\n\u2013 sterowana za&nbsp;pomoc\u0105 kontrolera MTS FlexTest 40;<br \/>\n\u2013 przestrze\u0144 robocza 533\u00d71085 mm;<br \/>\n\u2013 zakres obci\u0105\u017ce\u0144 osiowych \u00b1 100&nbsp;kN;<br \/>\n\u2013 skok roboczy si\u0142ownika &nbsp;150&nbsp;mm;<br \/>\n\u2013 zakres momentu skr\u0119caj\u0105cego \u00b1 1100 Nm;<br \/>\n\u2013 sterowanie procesem badawczym przy pomocy: czujnika przemieszczenia (lub\/ i&nbsp;k\u0105ta skr\u0119cenia), si\u0142y (lub\/i momentu skr\u0119caj\u0105cego);<br \/>\n\u2013 ca\u0142kowity k\u0105t skr\u0119cenia 90 \u00b0(dynamiczny), 100 \u00b0 (statyczny);<br \/>\n\u2013 uchwyty hydrauliczne standardowe i&nbsp;typu Collet z&nbsp;regulowan\u0105 si\u0142a docisku.<\/p>\n<p><img loading=\"lazy\" decoding=\"async\" class=\"alignnone wp-image-315 size-full\" src=\"https:\/\/wm.pb.edu.pl\/kmiis\/wp-content\/uploads\/sites\/3\/2020\/09\/3.jpg\" alt=\"Dynamiczna (serwohydrauliczna) dwuosiowa (skr\u0119tno-osiowa) maszyna wytrzyma\u0142o\u015bciowa MTS&nbsp;809.10\" width=\"400\" height=\"694\" srcset=\"https:\/\/wm.pb.edu.pl\/kmiis\/wp-content\/uploads\/sites\/3\/2020\/09\/3.jpg 400w, https:\/\/wm.pb.edu.pl\/kmiis\/wp-content\/uploads\/sites\/3\/2020\/09\/3-173x300.jpg 173w\" sizes=\"auto, (max-width: 400px) 100vw, 400px\" \/><\/p>\n","protected":false},"excerpt":{"rendered":"<p>Dynamiczna (serwohydrauliczna) dwuosiowa (skr\u0119tno-osiowa) maszyna wytrzyma\u0142o\u015bciowa MTS&nbsp;809.10 \u2013 zasilacz hydrauliczny MTS Silent Flo 505.11 o<a class=\"read-more\" href=\"https:\/\/wm.pb.edu.pl\/kmiis\/dynamiczna-serwohydrauliczna-dwuosiowa-skretno-osiowa-maszyna-wytrzymalosciowa-mts-809-10\/\" title=\"Poka\u017c artyku\u0142 Dynamiczna (serwohydrauliczna) dwuosiowa (skr\u0119tno-osiowa) maszyna wytrzyma\u0142o\u015bciowa MTS\u00a0809.10\">wi\u0119cej<\/a><\/p>\n","protected":false},"author":14,"featured_media":0,"parent":0,"menu_order":0,"comment_status":"closed","ping_status":"closed","template":"","meta":{"inline_featured_image":false,"ngg_post_thumbnail":0,"footnotes":""},"class_list":["post-314","page","type-page","status-publish","hentry"],"acf":[],"yoast_head":"<!-- This site is optimized with the Yoast SEO plugin v26.4 - https:\/\/yoast.com\/wordpress\/plugins\/seo\/ -->\n<title>Dynamiczna (serwohydrauliczna) dwuosiowa (skr\u0119tno-osiowa) maszyna wytrzyma\u0142o\u015bciowa MTS\u00a0809.10 - Katedra Mechaniki i Informatyki Stosowanej<\/title>\n<meta name=\"robots\" content=\"index, follow, max-snippet:-1, max-image-preview:large, max-video-preview:-1\" \/>\n<link rel=\"canonical\" href=\"https:\/\/wm.pb.edu.pl\/kmiis\/dynamiczna-serwohydrauliczna-dwuosiowa-skretno-osiowa-maszyna-wytrzymalosciowa-mts-809-10\/\" \/>\n<meta property=\"og:locale\" content=\"pl_PL\" \/>\n<meta property=\"og:type\" content=\"article\" \/>\n<meta property=\"og:title\" content=\"Dynamiczna (serwohydrauliczna) dwuosiowa (skr\u0119tno-osiowa) maszyna wytrzyma\u0142o\u015bciowa MTS\u00a0809.10 - Katedra Mechaniki i Informatyki Stosowanej\" \/>\n<meta property=\"og:description\" content=\"Dynamiczna (serwohydrauliczna) dwuosiowa (skr\u0119tno-osiowa) maszyna wytrzyma\u0142o\u015bciowa MTS&nbsp;809.10 \u2013 zasilacz hydrauliczny MTS Silent Flo 505.11 owi\u0119cej\" \/>\n<meta property=\"og:url\" content=\"https:\/\/wm.pb.edu.pl\/kmiis\/dynamiczna-serwohydrauliczna-dwuosiowa-skretno-osiowa-maszyna-wytrzymalosciowa-mts-809-10\/\" \/>\n<meta property=\"og:site_name\" content=\"Katedra Mechaniki i Informatyki Stosowanej\" \/>\n<meta property=\"og:image\" content=\"https:\/\/wm.pb.edu.pl\/kmiis\/wp-content\/uploads\/sites\/3\/2020\/09\/3.jpg\" \/>\n\t<meta property=\"og:image:width\" content=\"400\" \/>\n\t<meta property=\"og:image:height\" content=\"694\" \/>\n\t<meta property=\"og:image:type\" content=\"image\/jpeg\" \/>\n<meta name=\"twitter:card\" content=\"summary_large_image\" \/>\n<script type=\"application\/ld+json\" class=\"yoast-schema-graph\">{\"@context\":\"https:\/\/schema.org\",\"@graph\":[{\"@type\":\"WebPage\",\"@id\":\"https:\/\/wm.pb.edu.pl\/kmiis\/dynamiczna-serwohydrauliczna-dwuosiowa-skretno-osiowa-maszyna-wytrzymalosciowa-mts-809-10\/\",\"url\":\"https:\/\/wm.pb.edu.pl\/kmiis\/dynamiczna-serwohydrauliczna-dwuosiowa-skretno-osiowa-maszyna-wytrzymalosciowa-mts-809-10\/\",\"name\":\"Dynamiczna (serwohydrauliczna) dwuosiowa (skr\u0119tno-osiowa) maszyna wytrzyma\u0142o\u015bciowa MTS\u00a0809.10 - Katedra Mechaniki i Informatyki Stosowanej\",\"isPartOf\":{\"@id\":\"https:\/\/wm.pb.edu.pl\/kmiis\/#website\"},\"primaryImageOfPage\":{\"@id\":\"https:\/\/wm.pb.edu.pl\/kmiis\/dynamiczna-serwohydrauliczna-dwuosiowa-skretno-osiowa-maszyna-wytrzymalosciowa-mts-809-10\/#primaryimage\"},\"image\":{\"@id\":\"https:\/\/wm.pb.edu.pl\/kmiis\/dynamiczna-serwohydrauliczna-dwuosiowa-skretno-osiowa-maszyna-wytrzymalosciowa-mts-809-10\/#primaryimage\"},\"thumbnailUrl\":\"https:\/\/wm.pb.edu.pl\/kmiis\/wp-content\/uploads\/sites\/3\/2020\/09\/3.jpg\",\"datePublished\":\"2020-09-14T08:09:28+00:00\",\"breadcrumb\":{\"@id\":\"https:\/\/wm.pb.edu.pl\/kmiis\/dynamiczna-serwohydrauliczna-dwuosiowa-skretno-osiowa-maszyna-wytrzymalosciowa-mts-809-10\/#breadcrumb\"},\"inLanguage\":\"pl-PL\",\"potentialAction\":[{\"@type\":\"ReadAction\",\"target\":[\"https:\/\/wm.pb.edu.pl\/kmiis\/dynamiczna-serwohydrauliczna-dwuosiowa-skretno-osiowa-maszyna-wytrzymalosciowa-mts-809-10\/\"]}]},{\"@type\":\"ImageObject\",\"inLanguage\":\"pl-PL\",\"@id\":\"https:\/\/wm.pb.edu.pl\/kmiis\/dynamiczna-serwohydrauliczna-dwuosiowa-skretno-osiowa-maszyna-wytrzymalosciowa-mts-809-10\/#primaryimage\",\"url\":\"https:\/\/wm.pb.edu.pl\/kmiis\/wp-content\/uploads\/sites\/3\/2020\/09\/3.jpg\",\"contentUrl\":\"https:\/\/wm.pb.edu.pl\/kmiis\/wp-content\/uploads\/sites\/3\/2020\/09\/3.jpg\",\"width\":400,\"height\":694,\"caption\":\"Dynamiczna (serwohydrauliczna) dwuosiowa (skr\u0119tno-osiowa) maszyna wytrzyma\u0142o\u015bciowa MTS\u00a0809.10\"},{\"@type\":\"BreadcrumbList\",\"@id\":\"https:\/\/wm.pb.edu.pl\/kmiis\/dynamiczna-serwohydrauliczna-dwuosiowa-skretno-osiowa-maszyna-wytrzymalosciowa-mts-809-10\/#breadcrumb\",\"itemListElement\":[{\"@type\":\"ListItem\",\"position\":1,\"name\":\"Strona g\u0142\u00f3wna\",\"item\":\"https:\/\/wm.pb.edu.pl\/kmiis\/\"},{\"@type\":\"ListItem\",\"position\":2,\"name\":\"Dynamiczna (serwohydrauliczna) dwuosiowa (skr\u0119tno-osiowa) maszyna wytrzyma\u0142o\u015bciowa MTS\u00a0809.10\"}]},{\"@type\":\"WebSite\",\"@id\":\"https:\/\/wm.pb.edu.pl\/kmiis\/#website\",\"url\":\"https:\/\/wm.pb.edu.pl\/kmiis\/\",\"name\":\"Katedra Mechaniki i Informatyki Stosowanej\",\"description\":\"\",\"potentialAction\":[{\"@type\":\"SearchAction\",\"target\":{\"@type\":\"EntryPoint\",\"urlTemplate\":\"https:\/\/wm.pb.edu.pl\/kmiis\/?s={search_term_string}\"},\"query-input\":{\"@type\":\"PropertyValueSpecification\",\"valueRequired\":true,\"valueName\":\"search_term_string\"}}],\"inLanguage\":\"pl-PL\"}]}<\/script>\n<!-- \/ Yoast SEO plugin. -->","yoast_head_json":{"title":"Dynamiczna (serwohydrauliczna) dwuosiowa (skr\u0119tno-osiowa) maszyna wytrzyma\u0142o\u015bciowa MTS\u00a0809.10 - Katedra Mechaniki i Informatyki Stosowanej","robots":{"index":"index","follow":"follow","max-snippet":"max-snippet:-1","max-image-preview":"max-image-preview:large","max-video-preview":"max-video-preview:-1"},"canonical":"https:\/\/wm.pb.edu.pl\/kmiis\/dynamiczna-serwohydrauliczna-dwuosiowa-skretno-osiowa-maszyna-wytrzymalosciowa-mts-809-10\/","og_locale":"pl_PL","og_type":"article","og_title":"Dynamiczna (serwohydrauliczna) dwuosiowa (skr\u0119tno-osiowa) maszyna wytrzyma\u0142o\u015bciowa MTS\u00a0809.10 - Katedra Mechaniki i Informatyki Stosowanej","og_description":"Dynamiczna (serwohydrauliczna) dwuosiowa (skr\u0119tno-osiowa) maszyna wytrzyma\u0142o\u015bciowa MTS&nbsp;809.10 \u2013 zasilacz hydrauliczny MTS Silent Flo 505.11 owi\u0119cej","og_url":"https:\/\/wm.pb.edu.pl\/kmiis\/dynamiczna-serwohydrauliczna-dwuosiowa-skretno-osiowa-maszyna-wytrzymalosciowa-mts-809-10\/","og_site_name":"Katedra Mechaniki i Informatyki Stosowanej","og_image":[{"width":400,"height":694,"url":"https:\/\/wm.pb.edu.pl\/kmiis\/wp-content\/uploads\/sites\/3\/2020\/09\/3.jpg","type":"image\/jpeg"}],"twitter_card":"summary_large_image","schema":{"@context":"https:\/\/schema.org","@graph":[{"@type":"WebPage","@id":"https:\/\/wm.pb.edu.pl\/kmiis\/dynamiczna-serwohydrauliczna-dwuosiowa-skretno-osiowa-maszyna-wytrzymalosciowa-mts-809-10\/","url":"https:\/\/wm.pb.edu.pl\/kmiis\/dynamiczna-serwohydrauliczna-dwuosiowa-skretno-osiowa-maszyna-wytrzymalosciowa-mts-809-10\/","name":"Dynamiczna (serwohydrauliczna) dwuosiowa (skr\u0119tno-osiowa) maszyna wytrzyma\u0142o\u015bciowa MTS\u00a0809.10 - Katedra Mechaniki i Informatyki Stosowanej","isPartOf":{"@id":"https:\/\/wm.pb.edu.pl\/kmiis\/#website"},"primaryImageOfPage":{"@id":"https:\/\/wm.pb.edu.pl\/kmiis\/dynamiczna-serwohydrauliczna-dwuosiowa-skretno-osiowa-maszyna-wytrzymalosciowa-mts-809-10\/#primaryimage"},"image":{"@id":"https:\/\/wm.pb.edu.pl\/kmiis\/dynamiczna-serwohydrauliczna-dwuosiowa-skretno-osiowa-maszyna-wytrzymalosciowa-mts-809-10\/#primaryimage"},"thumbnailUrl":"https:\/\/wm.pb.edu.pl\/kmiis\/wp-content\/uploads\/sites\/3\/2020\/09\/3.jpg","datePublished":"2020-09-14T08:09:28+00:00","breadcrumb":{"@id":"https:\/\/wm.pb.edu.pl\/kmiis\/dynamiczna-serwohydrauliczna-dwuosiowa-skretno-osiowa-maszyna-wytrzymalosciowa-mts-809-10\/#breadcrumb"},"inLanguage":"pl-PL","potentialAction":[{"@type":"ReadAction","target":["https:\/\/wm.pb.edu.pl\/kmiis\/dynamiczna-serwohydrauliczna-dwuosiowa-skretno-osiowa-maszyna-wytrzymalosciowa-mts-809-10\/"]}]},{"@type":"ImageObject","inLanguage":"pl-PL","@id":"https:\/\/wm.pb.edu.pl\/kmiis\/dynamiczna-serwohydrauliczna-dwuosiowa-skretno-osiowa-maszyna-wytrzymalosciowa-mts-809-10\/#primaryimage","url":"https:\/\/wm.pb.edu.pl\/kmiis\/wp-content\/uploads\/sites\/3\/2020\/09\/3.jpg","contentUrl":"https:\/\/wm.pb.edu.pl\/kmiis\/wp-content\/uploads\/sites\/3\/2020\/09\/3.jpg","width":400,"height":694,"caption":"Dynamiczna (serwohydrauliczna) dwuosiowa (skr\u0119tno-osiowa) maszyna wytrzyma\u0142o\u015bciowa MTS\u00a0809.10"},{"@type":"BreadcrumbList","@id":"https:\/\/wm.pb.edu.pl\/kmiis\/dynamiczna-serwohydrauliczna-dwuosiowa-skretno-osiowa-maszyna-wytrzymalosciowa-mts-809-10\/#breadcrumb","itemListElement":[{"@type":"ListItem","position":1,"name":"Strona g\u0142\u00f3wna","item":"https:\/\/wm.pb.edu.pl\/kmiis\/"},{"@type":"ListItem","position":2,"name":"Dynamiczna (serwohydrauliczna) dwuosiowa (skr\u0119tno-osiowa) maszyna wytrzyma\u0142o\u015bciowa MTS\u00a0809.10"}]},{"@type":"WebSite","@id":"https:\/\/wm.pb.edu.pl\/kmiis\/#website","url":"https:\/\/wm.pb.edu.pl\/kmiis\/","name":"Katedra Mechaniki i Informatyki Stosowanej","description":"","potentialAction":[{"@type":"SearchAction","target":{"@type":"EntryPoint","urlTemplate":"https:\/\/wm.pb.edu.pl\/kmiis\/?s={search_term_string}"},"query-input":{"@type":"PropertyValueSpecification","valueRequired":true,"valueName":"search_term_string"}}],"inLanguage":"pl-PL"}]}},"_links":{"self":[{"href":"https:\/\/wm.pb.edu.pl\/kmiis\/wp-json\/wp\/v2\/pages\/314","targetHints":{"allow":["GET"]}}],"collection":[{"href":"https:\/\/wm.pb.edu.pl\/kmiis\/wp-json\/wp\/v2\/pages"}],"about":[{"href":"https:\/\/wm.pb.edu.pl\/kmiis\/wp-json\/wp\/v2\/types\/page"}],"author":[{"embeddable":true,"href":"https:\/\/wm.pb.edu.pl\/kmiis\/wp-json\/wp\/v2\/users\/14"}],"replies":[{"embeddable":true,"href":"https:\/\/wm.pb.edu.pl\/kmiis\/wp-json\/wp\/v2\/comments?post=314"}],"version-history":[{"count":1,"href":"https:\/\/wm.pb.edu.pl\/kmiis\/wp-json\/wp\/v2\/pages\/314\/revisions"}],"predecessor-version":[{"id":316,"href":"https:\/\/wm.pb.edu.pl\/kmiis\/wp-json\/wp\/v2\/pages\/314\/revisions\/316"}],"wp:attachment":[{"href":"https:\/\/wm.pb.edu.pl\/kmiis\/wp-json\/wp\/v2\/media?parent=314"}],"curies":[{"name":"wp","href":"https:\/\/api.w.org\/{rel}","templated":true}]}}