{"id":32,"date":"2018-06-26T11:24:04","date_gmt":"2018-06-26T09:24:04","guid":{"rendered":"https:\/\/wm.pb.edu.pl\/kmiis\/?page_id=32"},"modified":"2021-10-20T12:20:20","modified_gmt":"2021-10-20T10:20:20","slug":"laboratoria","status":"publish","type":"page","link":"https:\/\/wm.pb.edu.pl\/kmiis\/laboratoria\/","title":{"rendered":"Laboratoria"},"content":{"rendered":"<p><strong>Pracownie i Laboratoria<\/strong><\/p>\n<ol>\n<li>Laboratorium mechaniki og\u00f3lnej (opiekun: W. Grodzki, A. Falkowska)<\/li>\n<li>Pracownia wytrzyma\u0142o\u015bci materia\u0142\u00f3w ( opiekun: A. Bajkowski, W. Grodzki)<\/li>\n<li>Pracownia metod eksperymentalnych&nbsp; mechaniki ( opiekun: W. Grodzki, A. Tomczyk)<\/li>\n<li>Pracownia mechaniki uszkodze\u0144 ( opiekun: W. Grodzki, A. Tomczyk)<\/li>\n<li>Pracownia bada\u0144 zm\u0119czeniowych ( opiekun: W. Grodzki, A Tomczyk)<\/li>\n<li>Pracownia bada\u0144 mikrostrukturalnych ( opiekun: W. Grodzki, M. Doroszko)<\/li>\n<li>Pracownia przep\u0142yw\u00f3w wielofazowych ( opiekun: P. Dzienis, W. Grodzki)<\/li>\n<\/ol>\n<p><strong>Wa\u017cniejsze urz\u0105dzenia badawcze:<\/strong><\/p>\n<ol>\n<li><a title=\"\" href=\"https:\/\/wm.pb.edu.pl\/kmiis\/dynamiczna-maszyna-322-load-unit-firmy-mts\/\"><u>Dynamiczna maszyna 322 Load Unit firmy MTS <\/u><\/a><\/li>\n<li><a href=\"https:\/\/wm.pb.edu.pl\/kmiis\/dynamiczna-dwuosiowa-maszyna-wytrzymalosciowa-mts-858-mini-bionix\/\"><u>Dynamiczna dwuosiowa maszyna wytrzyma\u0142o\u015bciowa MTS 858 Mini Bionix<\/u><\/a><\/li>\n<li><a href=\"https:\/\/wm.pb.edu.pl\/kmiis\/dynamiczna-serwohydrauliczna-dwuosiowa-skretno-osiowa-maszyna-wytrzymalosciowa-mts-809-10\/\"><u>Dynamiczna (serwohydrauliczna) dwuosiowa (skr\u0119tno-osiowa) maszyna wytrzyma\u0142o\u015bciowa MTS&nbsp;809.10<\/u><\/a><\/li>\n<li><a href=\"https:\/\/wm.pb.edu.pl\/kmiis\/uniwersalna-maszyna-wytrzymalosciowa-mts-insight\/\"><u>Uniwersalna maszyna wytrzyma\u0142o\u015bciowa MTS Insight<\/u><\/a><\/li>\n<li><a href=\"https:\/\/wm.pb.edu.pl\/kmiis\/komora-srodowiskowa-mts-651-05e-02\/\"><u>Komora \u015brodowiskowa MTS 651.05E-02<\/u><\/a><\/li>\n<li><a href=\"https:\/\/wm.pb.edu.pl\/kmiis\/trojstrefowy-piec-oporowy-firmy-maytec\/\"><u>Tr\u00f3jstrefowy piec oporowy firmy MAYTEC <\/u><\/a><\/li>\n<li><a href=\"https:\/\/wm.pb.edu.pl\/kmiis\/pelzarka-elektromechaniczna-kappa-100ss-zwickroell\/\"><u>Pe\u0142zarka elektromechaniczna Kappa 100SS ZwickRoell<\/u><\/a><\/li>\n<li><a href=\"https:\/\/wm.pb.edu.pl\/kmiis\/system-wizyjny-aramis-3d-4m\/\"><u>System wizyjny ARAMIS 3D 4M<\/u><\/a><\/li>\n<li><a href=\"https:\/\/wm.pb.edu.pl\/kmiis\/system-do-aktywnej-projekcji-3d-w-technologii-infitec\/\"><u>System do&nbsp;aktywnej projekcji 3D w&nbsp;technologii Infitec<\/u><\/a><\/li>\n<li><a href=\"https:\/\/wm.pb.edu.pl\/kmiis\/kamera-termowizyjna-titanium\/\"><u>Kamera termowizyjna TITANIUM<\/u><\/a><\/li>\n<li><a href=\"https:\/\/wm.pb.edu.pl\/kmiis\/stanowisko-do-pomiarow-stereoskopowych-z-oprogramowaniem-w-wersji-3d-z-cyfrowa-kamera-phantom-v1610-96\/\"><u>Stanowisko do&nbsp;pomiar\u00f3w stereoskopowych z&nbsp;oprogramowaniem w&nbsp;wersji 3D z&nbsp;cyfrow\u0105 kamer\u0105 Phantom v1610\/96<\/u><\/a><\/li>\n<li><a href=\"https:\/\/wm.pb.edu.pl\/kmiis\/skaningowy-mikroskop-elektronowy-phenom-xl\/\"><u>Skaningowy mikroskop elektronowy Phenom XL<\/u><\/a><\/li>\n<li><a href=\"https:\/\/wm.pb.edu.pl\/kmiis\/mikrotomograf-komputerowy-skyscan-117\/\"><u>Mikrotomograf komputerowy SKYSCAN 117<\/u><\/a><\/li>\n<li><a href=\"https:\/\/wm.pb.edu.pl\/kmiis\/spektometry-nanoscan-3910-i-ops-3330\/\"><u>Spektometry NANOSCAN 3910 i OPS 3330<\/u><\/a><\/li>\n<\/ol>\n<p><strong>Pozosta\u0142e maszyny i&nbsp;urz\u0105dzenia:<\/strong><\/p>\n<ol>\n<li><a href=\"https:\/\/wm.pb.edu.pl\/kmiis\/maszyny-wytrzymalosciowe\/\"><u>Maszyny wytrzyma\u0142o\u015bciowe<\/u><\/a><\/li>\n<li><a href=\"https:\/\/wm.pb.edu.pl\/kmiis\/wzmacniacze-pomiarowe\/\"><u>Wzmacniacze pomiarowe<\/u><\/a><\/li>\n<li><a href=\"https:\/\/wm.pb.edu.pl\/kmiis\/ekstensometry\/\"><u>Ekstensometry<\/u><\/a><\/li>\n<li>Laser helowo-neonowy HeNe 633 nm, moc 5 mW, klasa 3A;<\/li>\n<li>Zestaw do&nbsp;bada\u0144 ultrad\u017awi\u0119kowych (defektoskop ultrad\u017awi\u0119kowy MFD800C, 3 g\u0142owice ultrad\u017awi\u0119kowe);<\/li>\n<li>M\u0142ot Charpy\u2019ego do&nbsp;pomiar\u00f3w udarno\u015bci w&nbsp;zakresach 0\u00f7150&nbsp;J i&nbsp;0\u00f7300&nbsp;J;<\/li>\n<li>Twardo\u015bciomierze do&nbsp;pomiar\u00f3w metodami: Brinella, Vickersa, Rockwella, Poldi\u2019ego i Shore\u2019a;<\/li>\n<li>Aparat do&nbsp;pomiaru t\u0142oczno\u015bci metod\u0105 Erichsena;<\/li>\n<li>System RFDA do&nbsp;pomiaru sta\u0142ych materia\u0142owych (modu\u0142u spr\u0119\u017cysto\u015bci wzd\u0142u\u017cnej Younga, modu\u0142 spr\u0119\u017cysto\u015bci poprzecznej Kirchhoffa, wsp\u00f3\u0142czynnika Poissona i&nbsp;wsp\u00f3\u0142czynnika t\u0142umienia) w&nbsp;temperaturze otoczenia poprzez wzbudzenia impuls\u00f3w akustycznych w&nbsp;pr\u00f3bce testowej i&nbsp;ich analiz\u0119;<\/li>\n<li>Aparat do&nbsp;pr\u00f3by technologicznej skr\u0119cania oraz&nbsp;przeginania drutu i&nbsp;walc\u00f3wki.<\/li>\n<\/ol>\n<p>&nbsp;<\/p>\n","protected":false},"excerpt":{"rendered":"<p>Pracownie i Laboratoria Laboratorium mechaniki og\u00f3lnej (opiekun: W. Grodzki, A. Falkowska) Pracownia wytrzyma\u0142o\u015bci materia\u0142\u00f3w (<a class=\"read-more\" href=\"https:\/\/wm.pb.edu.pl\/kmiis\/laboratoria\/\" title=\"Poka\u017c artyku\u0142 Laboratoria\">wi\u0119cej<\/a><\/p>\n","protected":false},"author":3,"featured_media":0,"parent":0,"menu_order":5,"comment_status":"closed","ping_status":"closed","template":"","meta":{"inline_featured_image":false,"ngg_post_thumbnail":0,"footnotes":""},"class_list":["post-32","page","type-page","status-publish","hentry"],"acf":[],"yoast_head":"<!-- This site is optimized with the Yoast SEO plugin v26.4 - https:\/\/yoast.com\/wordpress\/plugins\/seo\/ -->\n<title>Laboratoria - Katedra Mechaniki i Informatyki Stosowanej<\/title>\n<meta name=\"robots\" content=\"index, follow, max-snippet:-1, max-image-preview:large, max-video-preview:-1\" \/>\n<link rel=\"canonical\" href=\"https:\/\/wm.pb.edu.pl\/kmiis\/laboratoria\/\" \/>\n<meta property=\"og:locale\" content=\"pl_PL\" \/>\n<meta property=\"og:type\" content=\"article\" \/>\n<meta property=\"og:title\" content=\"Laboratoria - Katedra Mechaniki i Informatyki Stosowanej\" \/>\n<meta property=\"og:description\" content=\"Pracownie i Laboratoria Laboratorium mechaniki og\u00f3lnej (opiekun: W. Grodzki, A. Falkowska) Pracownia wytrzyma\u0142o\u015bci materia\u0142\u00f3w (wi\u0119cej\" \/>\n<meta property=\"og:url\" content=\"https:\/\/wm.pb.edu.pl\/kmiis\/laboratoria\/\" \/>\n<meta property=\"og:site_name\" content=\"Katedra Mechaniki i Informatyki Stosowanej\" \/>\n<meta property=\"article:modified_time\" content=\"2021-10-20T10:20:20+00:00\" \/>\n<meta name=\"twitter:card\" content=\"summary_large_image\" \/>\n<meta name=\"twitter:label1\" content=\"Szacowany czas czytania\" \/>\n\t<meta name=\"twitter:data1\" content=\"1 minuta\" \/>\n<script type=\"application\/ld+json\" class=\"yoast-schema-graph\">{\"@context\":\"https:\/\/schema.org\",\"@graph\":[{\"@type\":\"WebPage\",\"@id\":\"https:\/\/wm.pb.edu.pl\/kmiis\/laboratoria\/\",\"url\":\"https:\/\/wm.pb.edu.pl\/kmiis\/laboratoria\/\",\"name\":\"Laboratoria - Katedra Mechaniki i Informatyki Stosowanej\",\"isPartOf\":{\"@id\":\"https:\/\/wm.pb.edu.pl\/kmiis\/#website\"},\"datePublished\":\"2018-06-26T09:24:04+00:00\",\"dateModified\":\"2021-10-20T10:20:20+00:00\",\"breadcrumb\":{\"@id\":\"https:\/\/wm.pb.edu.pl\/kmiis\/laboratoria\/#breadcrumb\"},\"inLanguage\":\"pl-PL\",\"potentialAction\":[{\"@type\":\"ReadAction\",\"target\":[\"https:\/\/wm.pb.edu.pl\/kmiis\/laboratoria\/\"]}]},{\"@type\":\"BreadcrumbList\",\"@id\":\"https:\/\/wm.pb.edu.pl\/kmiis\/laboratoria\/#breadcrumb\",\"itemListElement\":[{\"@type\":\"ListItem\",\"position\":1,\"name\":\"Strona g\u0142\u00f3wna\",\"item\":\"https:\/\/wm.pb.edu.pl\/kmiis\/\"},{\"@type\":\"ListItem\",\"position\":2,\"name\":\"Laboratoria\"}]},{\"@type\":\"WebSite\",\"@id\":\"https:\/\/wm.pb.edu.pl\/kmiis\/#website\",\"url\":\"https:\/\/wm.pb.edu.pl\/kmiis\/\",\"name\":\"Katedra Mechaniki i Informatyki Stosowanej\",\"description\":\"\",\"potentialAction\":[{\"@type\":\"SearchAction\",\"target\":{\"@type\":\"EntryPoint\",\"urlTemplate\":\"https:\/\/wm.pb.edu.pl\/kmiis\/?s={search_term_string}\"},\"query-input\":{\"@type\":\"PropertyValueSpecification\",\"valueRequired\":true,\"valueName\":\"search_term_string\"}}],\"inLanguage\":\"pl-PL\"}]}<\/script>\n<!-- \/ Yoast SEO plugin. -->","yoast_head_json":{"title":"Laboratoria - Katedra Mechaniki i Informatyki Stosowanej","robots":{"index":"index","follow":"follow","max-snippet":"max-snippet:-1","max-image-preview":"max-image-preview:large","max-video-preview":"max-video-preview:-1"},"canonical":"https:\/\/wm.pb.edu.pl\/kmiis\/laboratoria\/","og_locale":"pl_PL","og_type":"article","og_title":"Laboratoria - Katedra Mechaniki i Informatyki Stosowanej","og_description":"Pracownie i Laboratoria Laboratorium mechaniki og\u00f3lnej (opiekun: W. Grodzki, A. Falkowska) Pracownia wytrzyma\u0142o\u015bci materia\u0142\u00f3w (wi\u0119cej","og_url":"https:\/\/wm.pb.edu.pl\/kmiis\/laboratoria\/","og_site_name":"Katedra Mechaniki i Informatyki Stosowanej","article_modified_time":"2021-10-20T10:20:20+00:00","twitter_card":"summary_large_image","twitter_misc":{"Szacowany czas czytania":"1 minuta"},"schema":{"@context":"https:\/\/schema.org","@graph":[{"@type":"WebPage","@id":"https:\/\/wm.pb.edu.pl\/kmiis\/laboratoria\/","url":"https:\/\/wm.pb.edu.pl\/kmiis\/laboratoria\/","name":"Laboratoria - Katedra Mechaniki i Informatyki Stosowanej","isPartOf":{"@id":"https:\/\/wm.pb.edu.pl\/kmiis\/#website"},"datePublished":"2018-06-26T09:24:04+00:00","dateModified":"2021-10-20T10:20:20+00:00","breadcrumb":{"@id":"https:\/\/wm.pb.edu.pl\/kmiis\/laboratoria\/#breadcrumb"},"inLanguage":"pl-PL","potentialAction":[{"@type":"ReadAction","target":["https:\/\/wm.pb.edu.pl\/kmiis\/laboratoria\/"]}]},{"@type":"BreadcrumbList","@id":"https:\/\/wm.pb.edu.pl\/kmiis\/laboratoria\/#breadcrumb","itemListElement":[{"@type":"ListItem","position":1,"name":"Strona g\u0142\u00f3wna","item":"https:\/\/wm.pb.edu.pl\/kmiis\/"},{"@type":"ListItem","position":2,"name":"Laboratoria"}]},{"@type":"WebSite","@id":"https:\/\/wm.pb.edu.pl\/kmiis\/#website","url":"https:\/\/wm.pb.edu.pl\/kmiis\/","name":"Katedra Mechaniki i Informatyki Stosowanej","description":"","potentialAction":[{"@type":"SearchAction","target":{"@type":"EntryPoint","urlTemplate":"https:\/\/wm.pb.edu.pl\/kmiis\/?s={search_term_string}"},"query-input":{"@type":"PropertyValueSpecification","valueRequired":true,"valueName":"search_term_string"}}],"inLanguage":"pl-PL"}]}},"_links":{"self":[{"href":"https:\/\/wm.pb.edu.pl\/kmiis\/wp-json\/wp\/v2\/pages\/32","targetHints":{"allow":["GET"]}}],"collection":[{"href":"https:\/\/wm.pb.edu.pl\/kmiis\/wp-json\/wp\/v2\/pages"}],"about":[{"href":"https:\/\/wm.pb.edu.pl\/kmiis\/wp-json\/wp\/v2\/types\/page"}],"author":[{"embeddable":true,"href":"https:\/\/wm.pb.edu.pl\/kmiis\/wp-json\/wp\/v2\/users\/3"}],"replies":[{"embeddable":true,"href":"https:\/\/wm.pb.edu.pl\/kmiis\/wp-json\/wp\/v2\/comments?post=32"}],"version-history":[{"count":37,"href":"https:\/\/wm.pb.edu.pl\/kmiis\/wp-json\/wp\/v2\/pages\/32\/revisions"}],"predecessor-version":[{"id":435,"href":"https:\/\/wm.pb.edu.pl\/kmiis\/wp-json\/wp\/v2\/pages\/32\/revisions\/435"}],"wp:attachment":[{"href":"https:\/\/wm.pb.edu.pl\/kmiis\/wp-json\/wp\/v2\/media?parent=32"}],"curies":[{"name":"wp","href":"https:\/\/api.w.org\/{rel}","templated":true}]}}