{"id":320,"date":"2020-09-14T10:11:08","date_gmt":"2020-09-14T08:11:08","guid":{"rendered":"https:\/\/wm.pb.edu.pl\/kmiis\/?page_id=320"},"modified":"2020-09-18T11:25:26","modified_gmt":"2020-09-18T09:25:26","slug":"uniwersalna-maszyna-wytrzymalosciowa-mts-insight","status":"publish","type":"page","link":"https:\/\/wm.pb.edu.pl\/kmiis\/uniwersalna-maszyna-wytrzymalosciowa-mts-insight\/","title":{"rendered":"Uniwersalna maszyna wytrzyma\u0142o\u015bciowa MTS Insight"},"content":{"rendered":"<p><strong>Uniwersalna maszyna wytrzyma\u0142o\u015bciowa MTS Insight:<\/strong>&nbsp;<br \/>\n\u2013 zakres si\u0142 do&nbsp;\u00b1 1 kN;<br \/>\n\u2013 zakres przemieszcze\u0144 do&nbsp;750 mm;<br \/>\n\u2013 dok\u0142adno\u015b\u0107 pozycjonowania \u2013 0,01 mm;<br \/>\n\u2013 rozdzielczo\u015b\u0107 pozycjonowania \u2013 0,001 mm;<br \/>\n\u2013 maksymalna pr\u0119dko\u015b\u0107 testu \u2013 1500 mm\/min;<br \/>\n\u2013 minimalna pr\u0119dko\u015b\u0107 testu \u2013 0,001 mm\/min;<br \/>\n\u2013 sterowanie pr\u0119dko\u015bci\u0105 \u2013 bezstopniowe (mo\u017cliwo\u015b\u0107 dowolnej zmiany w&nbsp;czasie testu);<br \/>\n\u2013 przystawka do&nbsp;badania twardo\u015bci i&nbsp;mikro-twardo\u015bci;<br \/>\n\u2013 przystawka do&nbsp;test\u00f3w zginania oraz&nbsp;\u015bcinania;<br \/>\n\u2013 pomiar wsp\u00f3\u0142czynnika tarcia.<\/p>\n<p><img loading=\"lazy\" decoding=\"async\" class=\"alignnone wp-image-373 \" src=\"https:\/\/wm.pb.edu.pl\/kmiis\/wp-content\/uploads\/sites\/3\/2020\/09\/IMG_4466i.jpg\" alt=\"Uniwersalna maszyna wytrzyma\u0142o\u015bciowa MTS Insight\" width=\"387\" height=\"433\" srcset=\"https:\/\/wm.pb.edu.pl\/kmiis\/wp-content\/uploads\/sites\/3\/2020\/09\/IMG_4466i.jpg 700w, https:\/\/wm.pb.edu.pl\/kmiis\/wp-content\/uploads\/sites\/3\/2020\/09\/IMG_4466i-268x300.jpg 268w\" sizes=\"auto, (max-width: 387px) 100vw, 387px\" \/><\/p>\n","protected":false},"excerpt":{"rendered":"<p>Uniwersalna maszyna wytrzyma\u0142o\u015bciowa MTS Insight:&nbsp; \u2013 zakres si\u0142 do&nbsp;\u00b1 1 kN; \u2013 zakres przemieszcze\u0144 do&nbsp;750<a class=\"read-more\" href=\"https:\/\/wm.pb.edu.pl\/kmiis\/uniwersalna-maszyna-wytrzymalosciowa-mts-insight\/\" title=\"Poka\u017c artyku\u0142 Uniwersalna maszyna wytrzyma\u0142o\u015bciowa MTS Insight\">wi\u0119cej<\/a><\/p>\n","protected":false},"author":14,"featured_media":0,"parent":0,"menu_order":0,"comment_status":"closed","ping_status":"closed","template":"","meta":{"inline_featured_image":false,"ngg_post_thumbnail":0,"footnotes":""},"class_list":["post-320","page","type-page","status-publish","hentry"],"acf":[],"yoast_head":"<!-- This site is optimized with the Yoast SEO plugin v26.4 - https:\/\/yoast.com\/wordpress\/plugins\/seo\/ -->\n<title>Uniwersalna maszyna wytrzyma\u0142o\u015bciowa MTS Insight - Katedra Mechaniki i Informatyki Stosowanej<\/title>\n<meta name=\"robots\" content=\"index, follow, max-snippet:-1, max-image-preview:large, max-video-preview:-1\" \/>\n<link rel=\"canonical\" href=\"https:\/\/wm.pb.edu.pl\/kmiis\/uniwersalna-maszyna-wytrzymalosciowa-mts-insight\/\" \/>\n<meta property=\"og:locale\" content=\"pl_PL\" \/>\n<meta property=\"og:type\" content=\"article\" \/>\n<meta property=\"og:title\" content=\"Uniwersalna maszyna wytrzyma\u0142o\u015bciowa MTS Insight - Katedra Mechaniki i Informatyki Stosowanej\" \/>\n<meta property=\"og:description\" content=\"Uniwersalna maszyna wytrzyma\u0142o\u015bciowa MTS Insight:&nbsp; \u2013 zakres si\u0142 do&nbsp;\u00b1 1 kN; \u2013 zakres przemieszcze\u0144 do&nbsp;750wi\u0119cej\" \/>\n<meta property=\"og:url\" content=\"https:\/\/wm.pb.edu.pl\/kmiis\/uniwersalna-maszyna-wytrzymalosciowa-mts-insight\/\" \/>\n<meta property=\"og:site_name\" content=\"Katedra Mechaniki i Informatyki Stosowanej\" \/>\n<meta property=\"article:modified_time\" content=\"2020-09-18T09:25:26+00:00\" \/>\n<meta property=\"og:image\" content=\"https:\/\/wm.pb.edu.pl\/kmiis\/wp-content\/uploads\/sites\/3\/2020\/09\/IMG_4466i.jpg\" \/>\n\t<meta property=\"og:image:width\" content=\"700\" \/>\n\t<meta property=\"og:image:height\" content=\"784\" \/>\n\t<meta property=\"og:image:type\" content=\"image\/jpeg\" \/>\n<meta name=\"twitter:card\" content=\"summary_large_image\" \/>\n<script type=\"application\/ld+json\" class=\"yoast-schema-graph\">{\"@context\":\"https:\/\/schema.org\",\"@graph\":[{\"@type\":\"WebPage\",\"@id\":\"https:\/\/wm.pb.edu.pl\/kmiis\/uniwersalna-maszyna-wytrzymalosciowa-mts-insight\/\",\"url\":\"https:\/\/wm.pb.edu.pl\/kmiis\/uniwersalna-maszyna-wytrzymalosciowa-mts-insight\/\",\"name\":\"Uniwersalna maszyna wytrzyma\u0142o\u015bciowa MTS Insight - Katedra Mechaniki i Informatyki Stosowanej\",\"isPartOf\":{\"@id\":\"https:\/\/wm.pb.edu.pl\/kmiis\/#website\"},\"primaryImageOfPage\":{\"@id\":\"https:\/\/wm.pb.edu.pl\/kmiis\/uniwersalna-maszyna-wytrzymalosciowa-mts-insight\/#primaryimage\"},\"image\":{\"@id\":\"https:\/\/wm.pb.edu.pl\/kmiis\/uniwersalna-maszyna-wytrzymalosciowa-mts-insight\/#primaryimage\"},\"thumbnailUrl\":\"https:\/\/wm.pb.edu.pl\/kmiis\/wp-content\/uploads\/sites\/3\/2020\/09\/IMG_4466i.jpg\",\"datePublished\":\"2020-09-14T08:11:08+00:00\",\"dateModified\":\"2020-09-18T09:25:26+00:00\",\"breadcrumb\":{\"@id\":\"https:\/\/wm.pb.edu.pl\/kmiis\/uniwersalna-maszyna-wytrzymalosciowa-mts-insight\/#breadcrumb\"},\"inLanguage\":\"pl-PL\",\"potentialAction\":[{\"@type\":\"ReadAction\",\"target\":[\"https:\/\/wm.pb.edu.pl\/kmiis\/uniwersalna-maszyna-wytrzymalosciowa-mts-insight\/\"]}]},{\"@type\":\"ImageObject\",\"inLanguage\":\"pl-PL\",\"@id\":\"https:\/\/wm.pb.edu.pl\/kmiis\/uniwersalna-maszyna-wytrzymalosciowa-mts-insight\/#primaryimage\",\"url\":\"https:\/\/wm.pb.edu.pl\/kmiis\/wp-content\/uploads\/sites\/3\/2020\/09\/IMG_4466i.jpg\",\"contentUrl\":\"https:\/\/wm.pb.edu.pl\/kmiis\/wp-content\/uploads\/sites\/3\/2020\/09\/IMG_4466i.jpg\",\"width\":700,\"height\":784,\"caption\":\"Uniwersalna maszyna wytrzyma\u0142o\u015bciowa MTS Insight\"},{\"@type\":\"BreadcrumbList\",\"@id\":\"https:\/\/wm.pb.edu.pl\/kmiis\/uniwersalna-maszyna-wytrzymalosciowa-mts-insight\/#breadcrumb\",\"itemListElement\":[{\"@type\":\"ListItem\",\"position\":1,\"name\":\"Strona g\u0142\u00f3wna\",\"item\":\"https:\/\/wm.pb.edu.pl\/kmiis\/\"},{\"@type\":\"ListItem\",\"position\":2,\"name\":\"Uniwersalna maszyna wytrzyma\u0142o\u015bciowa MTS Insight\"}]},{\"@type\":\"WebSite\",\"@id\":\"https:\/\/wm.pb.edu.pl\/kmiis\/#website\",\"url\":\"https:\/\/wm.pb.edu.pl\/kmiis\/\",\"name\":\"Katedra Mechaniki i Informatyki Stosowanej\",\"description\":\"\",\"potentialAction\":[{\"@type\":\"SearchAction\",\"target\":{\"@type\":\"EntryPoint\",\"urlTemplate\":\"https:\/\/wm.pb.edu.pl\/kmiis\/?s={search_term_string}\"},\"query-input\":{\"@type\":\"PropertyValueSpecification\",\"valueRequired\":true,\"valueName\":\"search_term_string\"}}],\"inLanguage\":\"pl-PL\"}]}<\/script>\n<!-- \/ Yoast SEO plugin. -->","yoast_head_json":{"title":"Uniwersalna maszyna wytrzyma\u0142o\u015bciowa MTS Insight - Katedra Mechaniki i Informatyki Stosowanej","robots":{"index":"index","follow":"follow","max-snippet":"max-snippet:-1","max-image-preview":"max-image-preview:large","max-video-preview":"max-video-preview:-1"},"canonical":"https:\/\/wm.pb.edu.pl\/kmiis\/uniwersalna-maszyna-wytrzymalosciowa-mts-insight\/","og_locale":"pl_PL","og_type":"article","og_title":"Uniwersalna maszyna wytrzyma\u0142o\u015bciowa MTS Insight - Katedra Mechaniki i Informatyki Stosowanej","og_description":"Uniwersalna maszyna wytrzyma\u0142o\u015bciowa MTS Insight:&nbsp; \u2013 zakres si\u0142 do&nbsp;\u00b1 1 kN; \u2013 zakres przemieszcze\u0144 do&nbsp;750wi\u0119cej","og_url":"https:\/\/wm.pb.edu.pl\/kmiis\/uniwersalna-maszyna-wytrzymalosciowa-mts-insight\/","og_site_name":"Katedra Mechaniki i Informatyki Stosowanej","article_modified_time":"2020-09-18T09:25:26+00:00","og_image":[{"width":700,"height":784,"url":"https:\/\/wm.pb.edu.pl\/kmiis\/wp-content\/uploads\/sites\/3\/2020\/09\/IMG_4466i.jpg","type":"image\/jpeg"}],"twitter_card":"summary_large_image","schema":{"@context":"https:\/\/schema.org","@graph":[{"@type":"WebPage","@id":"https:\/\/wm.pb.edu.pl\/kmiis\/uniwersalna-maszyna-wytrzymalosciowa-mts-insight\/","url":"https:\/\/wm.pb.edu.pl\/kmiis\/uniwersalna-maszyna-wytrzymalosciowa-mts-insight\/","name":"Uniwersalna maszyna wytrzyma\u0142o\u015bciowa MTS Insight - Katedra Mechaniki i Informatyki Stosowanej","isPartOf":{"@id":"https:\/\/wm.pb.edu.pl\/kmiis\/#website"},"primaryImageOfPage":{"@id":"https:\/\/wm.pb.edu.pl\/kmiis\/uniwersalna-maszyna-wytrzymalosciowa-mts-insight\/#primaryimage"},"image":{"@id":"https:\/\/wm.pb.edu.pl\/kmiis\/uniwersalna-maszyna-wytrzymalosciowa-mts-insight\/#primaryimage"},"thumbnailUrl":"https:\/\/wm.pb.edu.pl\/kmiis\/wp-content\/uploads\/sites\/3\/2020\/09\/IMG_4466i.jpg","datePublished":"2020-09-14T08:11:08+00:00","dateModified":"2020-09-18T09:25:26+00:00","breadcrumb":{"@id":"https:\/\/wm.pb.edu.pl\/kmiis\/uniwersalna-maszyna-wytrzymalosciowa-mts-insight\/#breadcrumb"},"inLanguage":"pl-PL","potentialAction":[{"@type":"ReadAction","target":["https:\/\/wm.pb.edu.pl\/kmiis\/uniwersalna-maszyna-wytrzymalosciowa-mts-insight\/"]}]},{"@type":"ImageObject","inLanguage":"pl-PL","@id":"https:\/\/wm.pb.edu.pl\/kmiis\/uniwersalna-maszyna-wytrzymalosciowa-mts-insight\/#primaryimage","url":"https:\/\/wm.pb.edu.pl\/kmiis\/wp-content\/uploads\/sites\/3\/2020\/09\/IMG_4466i.jpg","contentUrl":"https:\/\/wm.pb.edu.pl\/kmiis\/wp-content\/uploads\/sites\/3\/2020\/09\/IMG_4466i.jpg","width":700,"height":784,"caption":"Uniwersalna maszyna wytrzyma\u0142o\u015bciowa MTS Insight"},{"@type":"BreadcrumbList","@id":"https:\/\/wm.pb.edu.pl\/kmiis\/uniwersalna-maszyna-wytrzymalosciowa-mts-insight\/#breadcrumb","itemListElement":[{"@type":"ListItem","position":1,"name":"Strona g\u0142\u00f3wna","item":"https:\/\/wm.pb.edu.pl\/kmiis\/"},{"@type":"ListItem","position":2,"name":"Uniwersalna maszyna wytrzyma\u0142o\u015bciowa MTS Insight"}]},{"@type":"WebSite","@id":"https:\/\/wm.pb.edu.pl\/kmiis\/#website","url":"https:\/\/wm.pb.edu.pl\/kmiis\/","name":"Katedra Mechaniki i Informatyki Stosowanej","description":"","potentialAction":[{"@type":"SearchAction","target":{"@type":"EntryPoint","urlTemplate":"https:\/\/wm.pb.edu.pl\/kmiis\/?s={search_term_string}"},"query-input":{"@type":"PropertyValueSpecification","valueRequired":true,"valueName":"search_term_string"}}],"inLanguage":"pl-PL"}]}},"_links":{"self":[{"href":"https:\/\/wm.pb.edu.pl\/kmiis\/wp-json\/wp\/v2\/pages\/320","targetHints":{"allow":["GET"]}}],"collection":[{"href":"https:\/\/wm.pb.edu.pl\/kmiis\/wp-json\/wp\/v2\/pages"}],"about":[{"href":"https:\/\/wm.pb.edu.pl\/kmiis\/wp-json\/wp\/v2\/types\/page"}],"author":[{"embeddable":true,"href":"https:\/\/wm.pb.edu.pl\/kmiis\/wp-json\/wp\/v2\/users\/14"}],"replies":[{"embeddable":true,"href":"https:\/\/wm.pb.edu.pl\/kmiis\/wp-json\/wp\/v2\/comments?post=320"}],"version-history":[{"count":2,"href":"https:\/\/wm.pb.edu.pl\/kmiis\/wp-json\/wp\/v2\/pages\/320\/revisions"}],"predecessor-version":[{"id":380,"href":"https:\/\/wm.pb.edu.pl\/kmiis\/wp-json\/wp\/v2\/pages\/320\/revisions\/380"}],"wp:attachment":[{"href":"https:\/\/wm.pb.edu.pl\/kmiis\/wp-json\/wp\/v2\/media?parent=320"}],"curies":[{"name":"wp","href":"https:\/\/api.w.org\/{rel}","templated":true}]}}