{"id":327,"date":"2020-09-14T10:14:24","date_gmt":"2020-09-14T08:14:24","guid":{"rendered":"https:\/\/wm.pb.edu.pl\/kmiis\/?page_id=327"},"modified":"2020-09-14T10:14:24","modified_gmt":"2020-09-14T08:14:24","slug":"trojstrefowy-piec-oporowy-firmy-maytec","status":"publish","type":"page","link":"https:\/\/wm.pb.edu.pl\/kmiis\/trojstrefowy-piec-oporowy-firmy-maytec\/","title":{"rendered":"Tr\u00f3jstrefowy piec oporowy firmy MAYTEC"},"content":{"rendered":"<p><strong>Tr\u00f3jstrefowy piec oporowy firmy MAYTEC <\/strong><\/p>\n<p>\u2013 umo\u017cliwia wyznaczanie charakterystyk materia\u0142owych (monotonicznych i&nbsp;zm\u0119czeniowych) w&nbsp;temperaturze do&nbsp;900\u00b0C:<br \/>\n\u2013 sterowanie za&nbsp;pomoc\u0105 tr\u00f3jstrefowego kontrolera ZwickRoell;<br \/>\n\u2013 moc 0,6 kW\/20A\/Strefa;<br \/>\n\u2013 zasilanie 30V\/50Hz\/Strefa;<br \/>\n\u2013 pr\u0119dko\u015b\u0107 nagrzewania pr\u00f3bki: 3\u00f730\u00b0C\/min.<\/p>\n<p><img loading=\"lazy\" decoding=\"async\" class=\"alignnone wp-image-326 size-full\" src=\"https:\/\/wm.pb.edu.pl\/kmiis\/wp-content\/uploads\/sites\/3\/2020\/09\/6.jpg\" alt=\"Tr\u00f3jstrefowy piec oporowy firmy MAYTEC\" width=\"257\" height=\"395\" srcset=\"https:\/\/wm.pb.edu.pl\/kmiis\/wp-content\/uploads\/sites\/3\/2020\/09\/6.jpg 257w, https:\/\/wm.pb.edu.pl\/kmiis\/wp-content\/uploads\/sites\/3\/2020\/09\/6-195x300.jpg 195w\" sizes=\"auto, (max-width: 257px) 100vw, 257px\" \/><\/p>\n","protected":false},"excerpt":{"rendered":"<p>Tr\u00f3jstrefowy piec oporowy firmy MAYTEC \u2013 umo\u017cliwia wyznaczanie charakterystyk materia\u0142owych (monotonicznych i&nbsp;zm\u0119czeniowych) w&nbsp;temperaturze do&nbsp;900\u00b0C: \u2013<a class=\"read-more\" href=\"https:\/\/wm.pb.edu.pl\/kmiis\/trojstrefowy-piec-oporowy-firmy-maytec\/\" title=\"Poka\u017c artyku\u0142 Tr\u00f3jstrefowy piec oporowy firmy MAYTEC\">wi\u0119cej<\/a><\/p>\n","protected":false},"author":14,"featured_media":0,"parent":0,"menu_order":0,"comment_status":"closed","ping_status":"closed","template":"","meta":{"inline_featured_image":false,"ngg_post_thumbnail":0,"footnotes":""},"class_list":["post-327","page","type-page","status-publish","hentry"],"acf":[],"yoast_head":"<!-- This site is optimized with the Yoast SEO plugin v26.4 - https:\/\/yoast.com\/wordpress\/plugins\/seo\/ -->\n<title>Tr\u00f3jstrefowy piec oporowy firmy MAYTEC - Katedra Mechaniki i Informatyki Stosowanej<\/title>\n<meta name=\"robots\" content=\"index, follow, max-snippet:-1, max-image-preview:large, max-video-preview:-1\" \/>\n<link rel=\"canonical\" href=\"https:\/\/wm.pb.edu.pl\/kmiis\/trojstrefowy-piec-oporowy-firmy-maytec\/\" \/>\n<meta property=\"og:locale\" content=\"pl_PL\" \/>\n<meta property=\"og:type\" content=\"article\" \/>\n<meta property=\"og:title\" content=\"Tr\u00f3jstrefowy piec oporowy firmy MAYTEC - Katedra Mechaniki i Informatyki Stosowanej\" \/>\n<meta property=\"og:description\" content=\"Tr\u00f3jstrefowy piec oporowy firmy MAYTEC \u2013 umo\u017cliwia wyznaczanie charakterystyk materia\u0142owych (monotonicznych i&nbsp;zm\u0119czeniowych) w&nbsp;temperaturze do&nbsp;900\u00b0C: \u2013wi\u0119cej\" \/>\n<meta property=\"og:url\" content=\"https:\/\/wm.pb.edu.pl\/kmiis\/trojstrefowy-piec-oporowy-firmy-maytec\/\" \/>\n<meta property=\"og:site_name\" content=\"Katedra Mechaniki i Informatyki Stosowanej\" \/>\n<meta property=\"og:image\" content=\"https:\/\/wm.pb.edu.pl\/kmiis\/wp-content\/uploads\/sites\/3\/2020\/09\/6.jpg\" \/>\n\t<meta property=\"og:image:width\" content=\"257\" \/>\n\t<meta property=\"og:image:height\" content=\"395\" \/>\n\t<meta property=\"og:image:type\" content=\"image\/jpeg\" \/>\n<meta name=\"twitter:card\" content=\"summary_large_image\" \/>\n<script type=\"application\/ld+json\" class=\"yoast-schema-graph\">{\"@context\":\"https:\/\/schema.org\",\"@graph\":[{\"@type\":\"WebPage\",\"@id\":\"https:\/\/wm.pb.edu.pl\/kmiis\/trojstrefowy-piec-oporowy-firmy-maytec\/\",\"url\":\"https:\/\/wm.pb.edu.pl\/kmiis\/trojstrefowy-piec-oporowy-firmy-maytec\/\",\"name\":\"Tr\u00f3jstrefowy piec oporowy firmy MAYTEC - Katedra Mechaniki i Informatyki Stosowanej\",\"isPartOf\":{\"@id\":\"https:\/\/wm.pb.edu.pl\/kmiis\/#website\"},\"primaryImageOfPage\":{\"@id\":\"https:\/\/wm.pb.edu.pl\/kmiis\/trojstrefowy-piec-oporowy-firmy-maytec\/#primaryimage\"},\"image\":{\"@id\":\"https:\/\/wm.pb.edu.pl\/kmiis\/trojstrefowy-piec-oporowy-firmy-maytec\/#primaryimage\"},\"thumbnailUrl\":\"https:\/\/wm.pb.edu.pl\/kmiis\/wp-content\/uploads\/sites\/3\/2020\/09\/6.jpg\",\"datePublished\":\"2020-09-14T08:14:24+00:00\",\"breadcrumb\":{\"@id\":\"https:\/\/wm.pb.edu.pl\/kmiis\/trojstrefowy-piec-oporowy-firmy-maytec\/#breadcrumb\"},\"inLanguage\":\"pl-PL\",\"potentialAction\":[{\"@type\":\"ReadAction\",\"target\":[\"https:\/\/wm.pb.edu.pl\/kmiis\/trojstrefowy-piec-oporowy-firmy-maytec\/\"]}]},{\"@type\":\"ImageObject\",\"inLanguage\":\"pl-PL\",\"@id\":\"https:\/\/wm.pb.edu.pl\/kmiis\/trojstrefowy-piec-oporowy-firmy-maytec\/#primaryimage\",\"url\":\"https:\/\/wm.pb.edu.pl\/kmiis\/wp-content\/uploads\/sites\/3\/2020\/09\/6.jpg\",\"contentUrl\":\"https:\/\/wm.pb.edu.pl\/kmiis\/wp-content\/uploads\/sites\/3\/2020\/09\/6.jpg\",\"width\":257,\"height\":395,\"caption\":\"Tr\u00f3jstrefowy piec oporowy firmy MAYTEC\"},{\"@type\":\"BreadcrumbList\",\"@id\":\"https:\/\/wm.pb.edu.pl\/kmiis\/trojstrefowy-piec-oporowy-firmy-maytec\/#breadcrumb\",\"itemListElement\":[{\"@type\":\"ListItem\",\"position\":1,\"name\":\"Strona g\u0142\u00f3wna\",\"item\":\"https:\/\/wm.pb.edu.pl\/kmiis\/\"},{\"@type\":\"ListItem\",\"position\":2,\"name\":\"Tr\u00f3jstrefowy piec oporowy firmy MAYTEC\"}]},{\"@type\":\"WebSite\",\"@id\":\"https:\/\/wm.pb.edu.pl\/kmiis\/#website\",\"url\":\"https:\/\/wm.pb.edu.pl\/kmiis\/\",\"name\":\"Katedra Mechaniki i Informatyki Stosowanej\",\"description\":\"\",\"potentialAction\":[{\"@type\":\"SearchAction\",\"target\":{\"@type\":\"EntryPoint\",\"urlTemplate\":\"https:\/\/wm.pb.edu.pl\/kmiis\/?s={search_term_string}\"},\"query-input\":{\"@type\":\"PropertyValueSpecification\",\"valueRequired\":true,\"valueName\":\"search_term_string\"}}],\"inLanguage\":\"pl-PL\"}]}<\/script>\n<!-- \/ Yoast SEO plugin. -->","yoast_head_json":{"title":"Tr\u00f3jstrefowy piec oporowy firmy MAYTEC - Katedra Mechaniki i Informatyki Stosowanej","robots":{"index":"index","follow":"follow","max-snippet":"max-snippet:-1","max-image-preview":"max-image-preview:large","max-video-preview":"max-video-preview:-1"},"canonical":"https:\/\/wm.pb.edu.pl\/kmiis\/trojstrefowy-piec-oporowy-firmy-maytec\/","og_locale":"pl_PL","og_type":"article","og_title":"Tr\u00f3jstrefowy piec oporowy firmy MAYTEC - Katedra Mechaniki i Informatyki Stosowanej","og_description":"Tr\u00f3jstrefowy piec oporowy firmy MAYTEC \u2013 umo\u017cliwia wyznaczanie charakterystyk materia\u0142owych (monotonicznych i&nbsp;zm\u0119czeniowych) w&nbsp;temperaturze do&nbsp;900\u00b0C: \u2013wi\u0119cej","og_url":"https:\/\/wm.pb.edu.pl\/kmiis\/trojstrefowy-piec-oporowy-firmy-maytec\/","og_site_name":"Katedra Mechaniki i Informatyki Stosowanej","og_image":[{"width":257,"height":395,"url":"https:\/\/wm.pb.edu.pl\/kmiis\/wp-content\/uploads\/sites\/3\/2020\/09\/6.jpg","type":"image\/jpeg"}],"twitter_card":"summary_large_image","schema":{"@context":"https:\/\/schema.org","@graph":[{"@type":"WebPage","@id":"https:\/\/wm.pb.edu.pl\/kmiis\/trojstrefowy-piec-oporowy-firmy-maytec\/","url":"https:\/\/wm.pb.edu.pl\/kmiis\/trojstrefowy-piec-oporowy-firmy-maytec\/","name":"Tr\u00f3jstrefowy piec oporowy firmy MAYTEC - Katedra Mechaniki i Informatyki Stosowanej","isPartOf":{"@id":"https:\/\/wm.pb.edu.pl\/kmiis\/#website"},"primaryImageOfPage":{"@id":"https:\/\/wm.pb.edu.pl\/kmiis\/trojstrefowy-piec-oporowy-firmy-maytec\/#primaryimage"},"image":{"@id":"https:\/\/wm.pb.edu.pl\/kmiis\/trojstrefowy-piec-oporowy-firmy-maytec\/#primaryimage"},"thumbnailUrl":"https:\/\/wm.pb.edu.pl\/kmiis\/wp-content\/uploads\/sites\/3\/2020\/09\/6.jpg","datePublished":"2020-09-14T08:14:24+00:00","breadcrumb":{"@id":"https:\/\/wm.pb.edu.pl\/kmiis\/trojstrefowy-piec-oporowy-firmy-maytec\/#breadcrumb"},"inLanguage":"pl-PL","potentialAction":[{"@type":"ReadAction","target":["https:\/\/wm.pb.edu.pl\/kmiis\/trojstrefowy-piec-oporowy-firmy-maytec\/"]}]},{"@type":"ImageObject","inLanguage":"pl-PL","@id":"https:\/\/wm.pb.edu.pl\/kmiis\/trojstrefowy-piec-oporowy-firmy-maytec\/#primaryimage","url":"https:\/\/wm.pb.edu.pl\/kmiis\/wp-content\/uploads\/sites\/3\/2020\/09\/6.jpg","contentUrl":"https:\/\/wm.pb.edu.pl\/kmiis\/wp-content\/uploads\/sites\/3\/2020\/09\/6.jpg","width":257,"height":395,"caption":"Tr\u00f3jstrefowy piec oporowy firmy MAYTEC"},{"@type":"BreadcrumbList","@id":"https:\/\/wm.pb.edu.pl\/kmiis\/trojstrefowy-piec-oporowy-firmy-maytec\/#breadcrumb","itemListElement":[{"@type":"ListItem","position":1,"name":"Strona g\u0142\u00f3wna","item":"https:\/\/wm.pb.edu.pl\/kmiis\/"},{"@type":"ListItem","position":2,"name":"Tr\u00f3jstrefowy piec oporowy firmy MAYTEC"}]},{"@type":"WebSite","@id":"https:\/\/wm.pb.edu.pl\/kmiis\/#website","url":"https:\/\/wm.pb.edu.pl\/kmiis\/","name":"Katedra Mechaniki i Informatyki Stosowanej","description":"","potentialAction":[{"@type":"SearchAction","target":{"@type":"EntryPoint","urlTemplate":"https:\/\/wm.pb.edu.pl\/kmiis\/?s={search_term_string}"},"query-input":{"@type":"PropertyValueSpecification","valueRequired":true,"valueName":"search_term_string"}}],"inLanguage":"pl-PL"}]}},"_links":{"self":[{"href":"https:\/\/wm.pb.edu.pl\/kmiis\/wp-json\/wp\/v2\/pages\/327","targetHints":{"allow":["GET"]}}],"collection":[{"href":"https:\/\/wm.pb.edu.pl\/kmiis\/wp-json\/wp\/v2\/pages"}],"about":[{"href":"https:\/\/wm.pb.edu.pl\/kmiis\/wp-json\/wp\/v2\/types\/page"}],"author":[{"embeddable":true,"href":"https:\/\/wm.pb.edu.pl\/kmiis\/wp-json\/wp\/v2\/users\/14"}],"replies":[{"embeddable":true,"href":"https:\/\/wm.pb.edu.pl\/kmiis\/wp-json\/wp\/v2\/comments?post=327"}],"version-history":[{"count":1,"href":"https:\/\/wm.pb.edu.pl\/kmiis\/wp-json\/wp\/v2\/pages\/327\/revisions"}],"predecessor-version":[{"id":328,"href":"https:\/\/wm.pb.edu.pl\/kmiis\/wp-json\/wp\/v2\/pages\/327\/revisions\/328"}],"wp:attachment":[{"href":"https:\/\/wm.pb.edu.pl\/kmiis\/wp-json\/wp\/v2\/media?parent=327"}],"curies":[{"name":"wp","href":"https:\/\/api.w.org\/{rel}","templated":true}]}}