{"id":331,"date":"2020-09-14T10:15:40","date_gmt":"2020-09-14T08:15:40","guid":{"rendered":"https:\/\/wm.pb.edu.pl\/kmiis\/?page_id=331"},"modified":"2020-09-14T10:15:40","modified_gmt":"2020-09-14T08:15:40","slug":"pelzarka-elektromechaniczna-kappa-100ss-zwickroell","status":"publish","type":"page","link":"https:\/\/wm.pb.edu.pl\/kmiis\/pelzarka-elektromechaniczna-kappa-100ss-zwickroell\/","title":{"rendered":"Pe\u0142zarka elektromechaniczna Kappa 100SS ZwickRoell"},"content":{"rendered":"<p><strong>Pe\u0142zarka elektromechaniczna Kappa 100SS ZwickRoell:<\/strong><br \/>\n\u2013 pozwala na realizacj\u0119 test\u00f3w: pe\u0142zania kr\u00f3tko- i d\u0142ugoterminowego, pe\u0142zania do zerwania, relaksacji napr\u0119\u017ce\u0144, monotonicznego rozci\u0105gania;<br \/>\n\u2013 maksymalne obci\u0105\u017cenie \u2013 100 kN;<br \/>\n\u2013 skok g\u0142owicy \u2013 250 mm;<br \/>\n\u2013 przestrze\u0144 robocza \u2013 700 x 1300 mm (szer. x wys.);<br \/>\n\u2013 zakres pr\u0119dko\u015bci g\u0142owicy 0,001 x 100 mm\/min;<br \/>\n\u2013 minimalna rozdzielczo\u015b\u0107 0,5 N;<br \/>\n\u2013 dok\u0142adno\u015b\u0107 nastawionej pr\u0119dko\u015bci \u2013 \u00b10,01%;<br \/>\n\u2013 rozdzielczo\u015b\u0107 drogi nap\u0119du \u2013 0,003 \u03bcm ;<br \/>\n\u2013 bezszczotkowe i&nbsp;bezobs\u0142ugowy nap\u0119d AC pr\u0105du zmiennego;<br \/>\n\u2013 wsp\u00f3\u0142pracuje z&nbsp;piecem wysokotemperaturowym MAYTEC.<\/p>\n<p><img loading=\"lazy\" decoding=\"async\" class=\"alignnone wp-image-330 size-full\" src=\"https:\/\/wm.pb.edu.pl\/kmiis\/wp-content\/uploads\/sites\/3\/2020\/09\/7.jpg\" alt=\"Pe\u0142zarka elektromechaniczna Kappa 100SS ZwickRoell\" width=\"360\" height=\"381\" srcset=\"https:\/\/wm.pb.edu.pl\/kmiis\/wp-content\/uploads\/sites\/3\/2020\/09\/7.jpg 360w, https:\/\/wm.pb.edu.pl\/kmiis\/wp-content\/uploads\/sites\/3\/2020\/09\/7-283x300.jpg 283w\" sizes=\"auto, (max-width: 360px) 100vw, 360px\" \/><\/p>\n","protected":false},"excerpt":{"rendered":"<p>Pe\u0142zarka elektromechaniczna Kappa 100SS ZwickRoell: \u2013 pozwala na realizacj\u0119 test\u00f3w: pe\u0142zania kr\u00f3tko- i d\u0142ugoterminowego, pe\u0142zania<a class=\"read-more\" href=\"https:\/\/wm.pb.edu.pl\/kmiis\/pelzarka-elektromechaniczna-kappa-100ss-zwickroell\/\" title=\"Poka\u017c artyku\u0142 Pe\u0142zarka elektromechaniczna Kappa 100SS ZwickRoell\">wi\u0119cej<\/a><\/p>\n","protected":false},"author":14,"featured_media":0,"parent":0,"menu_order":0,"comment_status":"closed","ping_status":"closed","template":"","meta":{"inline_featured_image":false,"ngg_post_thumbnail":0,"footnotes":""},"class_list":["post-331","page","type-page","status-publish","hentry"],"acf":[],"yoast_head":"<!-- This site is optimized with the Yoast SEO plugin v26.4 - https:\/\/yoast.com\/wordpress\/plugins\/seo\/ -->\n<title>Pe\u0142zarka elektromechaniczna Kappa 100SS ZwickRoell - Katedra Mechaniki i Informatyki Stosowanej<\/title>\n<meta name=\"robots\" content=\"index, follow, max-snippet:-1, max-image-preview:large, max-video-preview:-1\" \/>\n<link rel=\"canonical\" href=\"https:\/\/wm.pb.edu.pl\/kmiis\/pelzarka-elektromechaniczna-kappa-100ss-zwickroell\/\" \/>\n<meta property=\"og:locale\" content=\"pl_PL\" \/>\n<meta property=\"og:type\" content=\"article\" \/>\n<meta property=\"og:title\" content=\"Pe\u0142zarka elektromechaniczna Kappa 100SS ZwickRoell - Katedra Mechaniki i Informatyki Stosowanej\" \/>\n<meta property=\"og:description\" content=\"Pe\u0142zarka elektromechaniczna Kappa 100SS ZwickRoell: \u2013 pozwala na realizacj\u0119 test\u00f3w: pe\u0142zania kr\u00f3tko- i d\u0142ugoterminowego, pe\u0142zaniawi\u0119cej\" \/>\n<meta property=\"og:url\" content=\"https:\/\/wm.pb.edu.pl\/kmiis\/pelzarka-elektromechaniczna-kappa-100ss-zwickroell\/\" \/>\n<meta property=\"og:site_name\" content=\"Katedra Mechaniki i Informatyki Stosowanej\" \/>\n<meta property=\"og:image\" content=\"https:\/\/wm.pb.edu.pl\/kmiis\/wp-content\/uploads\/sites\/3\/2020\/09\/7.jpg\" \/>\n\t<meta property=\"og:image:width\" content=\"360\" \/>\n\t<meta property=\"og:image:height\" content=\"381\" \/>\n\t<meta property=\"og:image:type\" content=\"image\/jpeg\" \/>\n<meta name=\"twitter:card\" content=\"summary_large_image\" \/>\n<script type=\"application\/ld+json\" class=\"yoast-schema-graph\">{\"@context\":\"https:\/\/schema.org\",\"@graph\":[{\"@type\":\"WebPage\",\"@id\":\"https:\/\/wm.pb.edu.pl\/kmiis\/pelzarka-elektromechaniczna-kappa-100ss-zwickroell\/\",\"url\":\"https:\/\/wm.pb.edu.pl\/kmiis\/pelzarka-elektromechaniczna-kappa-100ss-zwickroell\/\",\"name\":\"Pe\u0142zarka elektromechaniczna Kappa 100SS ZwickRoell - Katedra Mechaniki i Informatyki Stosowanej\",\"isPartOf\":{\"@id\":\"https:\/\/wm.pb.edu.pl\/kmiis\/#website\"},\"primaryImageOfPage\":{\"@id\":\"https:\/\/wm.pb.edu.pl\/kmiis\/pelzarka-elektromechaniczna-kappa-100ss-zwickroell\/#primaryimage\"},\"image\":{\"@id\":\"https:\/\/wm.pb.edu.pl\/kmiis\/pelzarka-elektromechaniczna-kappa-100ss-zwickroell\/#primaryimage\"},\"thumbnailUrl\":\"https:\/\/wm.pb.edu.pl\/kmiis\/wp-content\/uploads\/sites\/3\/2020\/09\/7.jpg\",\"datePublished\":\"2020-09-14T08:15:40+00:00\",\"breadcrumb\":{\"@id\":\"https:\/\/wm.pb.edu.pl\/kmiis\/pelzarka-elektromechaniczna-kappa-100ss-zwickroell\/#breadcrumb\"},\"inLanguage\":\"pl-PL\",\"potentialAction\":[{\"@type\":\"ReadAction\",\"target\":[\"https:\/\/wm.pb.edu.pl\/kmiis\/pelzarka-elektromechaniczna-kappa-100ss-zwickroell\/\"]}]},{\"@type\":\"ImageObject\",\"inLanguage\":\"pl-PL\",\"@id\":\"https:\/\/wm.pb.edu.pl\/kmiis\/pelzarka-elektromechaniczna-kappa-100ss-zwickroell\/#primaryimage\",\"url\":\"https:\/\/wm.pb.edu.pl\/kmiis\/wp-content\/uploads\/sites\/3\/2020\/09\/7.jpg\",\"contentUrl\":\"https:\/\/wm.pb.edu.pl\/kmiis\/wp-content\/uploads\/sites\/3\/2020\/09\/7.jpg\",\"width\":360,\"height\":381,\"caption\":\"Pe\u0142zarka elektromechaniczna Kappa 100SS ZwickRoell\"},{\"@type\":\"BreadcrumbList\",\"@id\":\"https:\/\/wm.pb.edu.pl\/kmiis\/pelzarka-elektromechaniczna-kappa-100ss-zwickroell\/#breadcrumb\",\"itemListElement\":[{\"@type\":\"ListItem\",\"position\":1,\"name\":\"Strona g\u0142\u00f3wna\",\"item\":\"https:\/\/wm.pb.edu.pl\/kmiis\/\"},{\"@type\":\"ListItem\",\"position\":2,\"name\":\"Pe\u0142zarka elektromechaniczna Kappa 100SS ZwickRoell\"}]},{\"@type\":\"WebSite\",\"@id\":\"https:\/\/wm.pb.edu.pl\/kmiis\/#website\",\"url\":\"https:\/\/wm.pb.edu.pl\/kmiis\/\",\"name\":\"Katedra Mechaniki i Informatyki Stosowanej\",\"description\":\"\",\"potentialAction\":[{\"@type\":\"SearchAction\",\"target\":{\"@type\":\"EntryPoint\",\"urlTemplate\":\"https:\/\/wm.pb.edu.pl\/kmiis\/?s={search_term_string}\"},\"query-input\":{\"@type\":\"PropertyValueSpecification\",\"valueRequired\":true,\"valueName\":\"search_term_string\"}}],\"inLanguage\":\"pl-PL\"}]}<\/script>\n<!-- \/ Yoast SEO plugin. -->","yoast_head_json":{"title":"Pe\u0142zarka elektromechaniczna Kappa 100SS ZwickRoell - Katedra Mechaniki i Informatyki Stosowanej","robots":{"index":"index","follow":"follow","max-snippet":"max-snippet:-1","max-image-preview":"max-image-preview:large","max-video-preview":"max-video-preview:-1"},"canonical":"https:\/\/wm.pb.edu.pl\/kmiis\/pelzarka-elektromechaniczna-kappa-100ss-zwickroell\/","og_locale":"pl_PL","og_type":"article","og_title":"Pe\u0142zarka elektromechaniczna Kappa 100SS ZwickRoell - Katedra Mechaniki i Informatyki Stosowanej","og_description":"Pe\u0142zarka elektromechaniczna Kappa 100SS ZwickRoell: \u2013 pozwala na realizacj\u0119 test\u00f3w: pe\u0142zania kr\u00f3tko- i d\u0142ugoterminowego, pe\u0142zaniawi\u0119cej","og_url":"https:\/\/wm.pb.edu.pl\/kmiis\/pelzarka-elektromechaniczna-kappa-100ss-zwickroell\/","og_site_name":"Katedra Mechaniki i Informatyki Stosowanej","og_image":[{"width":360,"height":381,"url":"https:\/\/wm.pb.edu.pl\/kmiis\/wp-content\/uploads\/sites\/3\/2020\/09\/7.jpg","type":"image\/jpeg"}],"twitter_card":"summary_large_image","schema":{"@context":"https:\/\/schema.org","@graph":[{"@type":"WebPage","@id":"https:\/\/wm.pb.edu.pl\/kmiis\/pelzarka-elektromechaniczna-kappa-100ss-zwickroell\/","url":"https:\/\/wm.pb.edu.pl\/kmiis\/pelzarka-elektromechaniczna-kappa-100ss-zwickroell\/","name":"Pe\u0142zarka elektromechaniczna Kappa 100SS ZwickRoell - Katedra Mechaniki i Informatyki Stosowanej","isPartOf":{"@id":"https:\/\/wm.pb.edu.pl\/kmiis\/#website"},"primaryImageOfPage":{"@id":"https:\/\/wm.pb.edu.pl\/kmiis\/pelzarka-elektromechaniczna-kappa-100ss-zwickroell\/#primaryimage"},"image":{"@id":"https:\/\/wm.pb.edu.pl\/kmiis\/pelzarka-elektromechaniczna-kappa-100ss-zwickroell\/#primaryimage"},"thumbnailUrl":"https:\/\/wm.pb.edu.pl\/kmiis\/wp-content\/uploads\/sites\/3\/2020\/09\/7.jpg","datePublished":"2020-09-14T08:15:40+00:00","breadcrumb":{"@id":"https:\/\/wm.pb.edu.pl\/kmiis\/pelzarka-elektromechaniczna-kappa-100ss-zwickroell\/#breadcrumb"},"inLanguage":"pl-PL","potentialAction":[{"@type":"ReadAction","target":["https:\/\/wm.pb.edu.pl\/kmiis\/pelzarka-elektromechaniczna-kappa-100ss-zwickroell\/"]}]},{"@type":"ImageObject","inLanguage":"pl-PL","@id":"https:\/\/wm.pb.edu.pl\/kmiis\/pelzarka-elektromechaniczna-kappa-100ss-zwickroell\/#primaryimage","url":"https:\/\/wm.pb.edu.pl\/kmiis\/wp-content\/uploads\/sites\/3\/2020\/09\/7.jpg","contentUrl":"https:\/\/wm.pb.edu.pl\/kmiis\/wp-content\/uploads\/sites\/3\/2020\/09\/7.jpg","width":360,"height":381,"caption":"Pe\u0142zarka elektromechaniczna Kappa 100SS ZwickRoell"},{"@type":"BreadcrumbList","@id":"https:\/\/wm.pb.edu.pl\/kmiis\/pelzarka-elektromechaniczna-kappa-100ss-zwickroell\/#breadcrumb","itemListElement":[{"@type":"ListItem","position":1,"name":"Strona g\u0142\u00f3wna","item":"https:\/\/wm.pb.edu.pl\/kmiis\/"},{"@type":"ListItem","position":2,"name":"Pe\u0142zarka elektromechaniczna Kappa 100SS ZwickRoell"}]},{"@type":"WebSite","@id":"https:\/\/wm.pb.edu.pl\/kmiis\/#website","url":"https:\/\/wm.pb.edu.pl\/kmiis\/","name":"Katedra Mechaniki i Informatyki Stosowanej","description":"","potentialAction":[{"@type":"SearchAction","target":{"@type":"EntryPoint","urlTemplate":"https:\/\/wm.pb.edu.pl\/kmiis\/?s={search_term_string}"},"query-input":{"@type":"PropertyValueSpecification","valueRequired":true,"valueName":"search_term_string"}}],"inLanguage":"pl-PL"}]}},"_links":{"self":[{"href":"https:\/\/wm.pb.edu.pl\/kmiis\/wp-json\/wp\/v2\/pages\/331","targetHints":{"allow":["GET"]}}],"collection":[{"href":"https:\/\/wm.pb.edu.pl\/kmiis\/wp-json\/wp\/v2\/pages"}],"about":[{"href":"https:\/\/wm.pb.edu.pl\/kmiis\/wp-json\/wp\/v2\/types\/page"}],"author":[{"embeddable":true,"href":"https:\/\/wm.pb.edu.pl\/kmiis\/wp-json\/wp\/v2\/users\/14"}],"replies":[{"embeddable":true,"href":"https:\/\/wm.pb.edu.pl\/kmiis\/wp-json\/wp\/v2\/comments?post=331"}],"version-history":[{"count":1,"href":"https:\/\/wm.pb.edu.pl\/kmiis\/wp-json\/wp\/v2\/pages\/331\/revisions"}],"predecessor-version":[{"id":332,"href":"https:\/\/wm.pb.edu.pl\/kmiis\/wp-json\/wp\/v2\/pages\/331\/revisions\/332"}],"wp:attachment":[{"href":"https:\/\/wm.pb.edu.pl\/kmiis\/wp-json\/wp\/v2\/media?parent=331"}],"curies":[{"name":"wp","href":"https:\/\/api.w.org\/{rel}","templated":true}]}}