{"id":333,"date":"2020-09-14T10:17:03","date_gmt":"2020-09-14T08:17:03","guid":{"rendered":"https:\/\/wm.pb.edu.pl\/kmiis\/?page_id=333"},"modified":"2020-09-14T10:17:03","modified_gmt":"2020-09-14T08:17:03","slug":"system-wizyjny-aramis-3d-4m","status":"publish","type":"page","link":"https:\/\/wm.pb.edu.pl\/kmiis\/system-wizyjny-aramis-3d-4m\/","title":{"rendered":"System wizyjny ARAMIS 3D 4M"},"content":{"rendered":"<p><strong>System wizyjny ARAMIS 3D 4M:<\/strong><br \/>\n\u2013 pozwala na bezkontaktowe, tr\u00f3jwymiarowe pomiary odkszta\u0142ce\u0144 statycznych i dynamicznych;<br \/>\n\u2013 rozdzielczo\u015b\u0107 matrycy: 2400\u00d71728 pikseli;<br \/>\n\u2013 cz\u0119stotliwo\u015b\u0107 pracy: od&nbsp;168 Hz (2400\u00d71728) do&nbsp;1334 Hz (2400\u00d7168);<br \/>\n\u2013 pole pomiarowe: od 10&nbsp;mm \u00d7&nbsp;7 mm do&nbsp;500 mm&nbsp;\u00d7&nbsp;370 mm;<br \/>\n\u2013 zakres pomiarowy: 0,02% do&nbsp;&gt;100%;<br \/>\n\u2013 dok\u0142adno\u015b\u0107 pomiarowa 0,01%;<br \/>\n\u2013 czas ekspozycji od&nbsp;0,1 ms do&nbsp;2&nbsp;s;<br \/>\n\u2013 wbudowane o\u015bwietlenie LED 2&#215;9&nbsp;W;<br \/>\n\u2013 wsp\u00f3\u0142praca systemu ARAMIS z&nbsp;maszynami wytrzyma\u0142o\u015bciowymi MTS.<\/p>\n<p><img loading=\"lazy\" decoding=\"async\" class=\"alignnone wp-image-334 size-full\" src=\"https:\/\/wm.pb.edu.pl\/kmiis\/wp-content\/uploads\/sites\/3\/2020\/09\/8.jpg\" alt=\"System wizyjny ARAMIS 3D 4M\" width=\"563\" height=\"650\" srcset=\"https:\/\/wm.pb.edu.pl\/kmiis\/wp-content\/uploads\/sites\/3\/2020\/09\/8.jpg 563w, https:\/\/wm.pb.edu.pl\/kmiis\/wp-content\/uploads\/sites\/3\/2020\/09\/8-260x300.jpg 260w\" sizes=\"auto, (max-width: 563px) 100vw, 563px\" \/><\/p>\n","protected":false},"excerpt":{"rendered":"<p>System wizyjny ARAMIS 3D 4M: \u2013 pozwala na bezkontaktowe, tr\u00f3jwymiarowe pomiary odkszta\u0142ce\u0144 statycznych i dynamicznych;<a class=\"read-more\" href=\"https:\/\/wm.pb.edu.pl\/kmiis\/system-wizyjny-aramis-3d-4m\/\" title=\"Poka\u017c artyku\u0142 System wizyjny ARAMIS 3D 4M\">wi\u0119cej<\/a><\/p>\n","protected":false},"author":14,"featured_media":0,"parent":0,"menu_order":0,"comment_status":"closed","ping_status":"closed","template":"","meta":{"inline_featured_image":false,"ngg_post_thumbnail":0,"footnotes":""},"class_list":["post-333","page","type-page","status-publish","hentry"],"acf":[],"yoast_head":"<!-- This site is optimized with the Yoast SEO plugin v26.4 - https:\/\/yoast.com\/wordpress\/plugins\/seo\/ -->\n<title>System wizyjny ARAMIS 3D 4M - Katedra Mechaniki i Informatyki Stosowanej<\/title>\n<meta name=\"robots\" content=\"index, follow, max-snippet:-1, max-image-preview:large, max-video-preview:-1\" \/>\n<link rel=\"canonical\" href=\"https:\/\/wm.pb.edu.pl\/kmiis\/system-wizyjny-aramis-3d-4m\/\" \/>\n<meta property=\"og:locale\" content=\"pl_PL\" \/>\n<meta property=\"og:type\" content=\"article\" \/>\n<meta property=\"og:title\" content=\"System wizyjny ARAMIS 3D 4M - Katedra Mechaniki i Informatyki Stosowanej\" \/>\n<meta property=\"og:description\" content=\"System wizyjny ARAMIS 3D 4M: \u2013 pozwala na bezkontaktowe, tr\u00f3jwymiarowe pomiary odkszta\u0142ce\u0144 statycznych i dynamicznych;wi\u0119cej\" \/>\n<meta property=\"og:url\" content=\"https:\/\/wm.pb.edu.pl\/kmiis\/system-wizyjny-aramis-3d-4m\/\" \/>\n<meta property=\"og:site_name\" content=\"Katedra Mechaniki i Informatyki Stosowanej\" \/>\n<meta property=\"og:image\" content=\"https:\/\/wm.pb.edu.pl\/kmiis\/wp-content\/uploads\/sites\/3\/2020\/09\/8.jpg\" \/>\n\t<meta property=\"og:image:width\" content=\"563\" \/>\n\t<meta property=\"og:image:height\" content=\"650\" \/>\n\t<meta property=\"og:image:type\" content=\"image\/jpeg\" \/>\n<meta name=\"twitter:card\" content=\"summary_large_image\" \/>\n<script type=\"application\/ld+json\" class=\"yoast-schema-graph\">{\"@context\":\"https:\/\/schema.org\",\"@graph\":[{\"@type\":\"WebPage\",\"@id\":\"https:\/\/wm.pb.edu.pl\/kmiis\/system-wizyjny-aramis-3d-4m\/\",\"url\":\"https:\/\/wm.pb.edu.pl\/kmiis\/system-wizyjny-aramis-3d-4m\/\",\"name\":\"System wizyjny ARAMIS 3D 4M - Katedra Mechaniki i Informatyki Stosowanej\",\"isPartOf\":{\"@id\":\"https:\/\/wm.pb.edu.pl\/kmiis\/#website\"},\"primaryImageOfPage\":{\"@id\":\"https:\/\/wm.pb.edu.pl\/kmiis\/system-wizyjny-aramis-3d-4m\/#primaryimage\"},\"image\":{\"@id\":\"https:\/\/wm.pb.edu.pl\/kmiis\/system-wizyjny-aramis-3d-4m\/#primaryimage\"},\"thumbnailUrl\":\"https:\/\/wm.pb.edu.pl\/kmiis\/wp-content\/uploads\/sites\/3\/2020\/09\/8.jpg\",\"datePublished\":\"2020-09-14T08:17:03+00:00\",\"breadcrumb\":{\"@id\":\"https:\/\/wm.pb.edu.pl\/kmiis\/system-wizyjny-aramis-3d-4m\/#breadcrumb\"},\"inLanguage\":\"pl-PL\",\"potentialAction\":[{\"@type\":\"ReadAction\",\"target\":[\"https:\/\/wm.pb.edu.pl\/kmiis\/system-wizyjny-aramis-3d-4m\/\"]}]},{\"@type\":\"ImageObject\",\"inLanguage\":\"pl-PL\",\"@id\":\"https:\/\/wm.pb.edu.pl\/kmiis\/system-wizyjny-aramis-3d-4m\/#primaryimage\",\"url\":\"https:\/\/wm.pb.edu.pl\/kmiis\/wp-content\/uploads\/sites\/3\/2020\/09\/8.jpg\",\"contentUrl\":\"https:\/\/wm.pb.edu.pl\/kmiis\/wp-content\/uploads\/sites\/3\/2020\/09\/8.jpg\",\"width\":563,\"height\":650,\"caption\":\"System wizyjny ARAMIS 3D 4M\"},{\"@type\":\"BreadcrumbList\",\"@id\":\"https:\/\/wm.pb.edu.pl\/kmiis\/system-wizyjny-aramis-3d-4m\/#breadcrumb\",\"itemListElement\":[{\"@type\":\"ListItem\",\"position\":1,\"name\":\"Strona g\u0142\u00f3wna\",\"item\":\"https:\/\/wm.pb.edu.pl\/kmiis\/\"},{\"@type\":\"ListItem\",\"position\":2,\"name\":\"System wizyjny ARAMIS 3D 4M\"}]},{\"@type\":\"WebSite\",\"@id\":\"https:\/\/wm.pb.edu.pl\/kmiis\/#website\",\"url\":\"https:\/\/wm.pb.edu.pl\/kmiis\/\",\"name\":\"Katedra Mechaniki i Informatyki Stosowanej\",\"description\":\"\",\"potentialAction\":[{\"@type\":\"SearchAction\",\"target\":{\"@type\":\"EntryPoint\",\"urlTemplate\":\"https:\/\/wm.pb.edu.pl\/kmiis\/?s={search_term_string}\"},\"query-input\":{\"@type\":\"PropertyValueSpecification\",\"valueRequired\":true,\"valueName\":\"search_term_string\"}}],\"inLanguage\":\"pl-PL\"}]}<\/script>\n<!-- \/ Yoast SEO plugin. -->","yoast_head_json":{"title":"System wizyjny ARAMIS 3D 4M - Katedra Mechaniki i Informatyki Stosowanej","robots":{"index":"index","follow":"follow","max-snippet":"max-snippet:-1","max-image-preview":"max-image-preview:large","max-video-preview":"max-video-preview:-1"},"canonical":"https:\/\/wm.pb.edu.pl\/kmiis\/system-wizyjny-aramis-3d-4m\/","og_locale":"pl_PL","og_type":"article","og_title":"System wizyjny ARAMIS 3D 4M - Katedra Mechaniki i Informatyki Stosowanej","og_description":"System wizyjny ARAMIS 3D 4M: \u2013 pozwala na bezkontaktowe, tr\u00f3jwymiarowe pomiary odkszta\u0142ce\u0144 statycznych i dynamicznych;wi\u0119cej","og_url":"https:\/\/wm.pb.edu.pl\/kmiis\/system-wizyjny-aramis-3d-4m\/","og_site_name":"Katedra Mechaniki i Informatyki Stosowanej","og_image":[{"width":563,"height":650,"url":"https:\/\/wm.pb.edu.pl\/kmiis\/wp-content\/uploads\/sites\/3\/2020\/09\/8.jpg","type":"image\/jpeg"}],"twitter_card":"summary_large_image","schema":{"@context":"https:\/\/schema.org","@graph":[{"@type":"WebPage","@id":"https:\/\/wm.pb.edu.pl\/kmiis\/system-wizyjny-aramis-3d-4m\/","url":"https:\/\/wm.pb.edu.pl\/kmiis\/system-wizyjny-aramis-3d-4m\/","name":"System wizyjny ARAMIS 3D 4M - Katedra Mechaniki i Informatyki Stosowanej","isPartOf":{"@id":"https:\/\/wm.pb.edu.pl\/kmiis\/#website"},"primaryImageOfPage":{"@id":"https:\/\/wm.pb.edu.pl\/kmiis\/system-wizyjny-aramis-3d-4m\/#primaryimage"},"image":{"@id":"https:\/\/wm.pb.edu.pl\/kmiis\/system-wizyjny-aramis-3d-4m\/#primaryimage"},"thumbnailUrl":"https:\/\/wm.pb.edu.pl\/kmiis\/wp-content\/uploads\/sites\/3\/2020\/09\/8.jpg","datePublished":"2020-09-14T08:17:03+00:00","breadcrumb":{"@id":"https:\/\/wm.pb.edu.pl\/kmiis\/system-wizyjny-aramis-3d-4m\/#breadcrumb"},"inLanguage":"pl-PL","potentialAction":[{"@type":"ReadAction","target":["https:\/\/wm.pb.edu.pl\/kmiis\/system-wizyjny-aramis-3d-4m\/"]}]},{"@type":"ImageObject","inLanguage":"pl-PL","@id":"https:\/\/wm.pb.edu.pl\/kmiis\/system-wizyjny-aramis-3d-4m\/#primaryimage","url":"https:\/\/wm.pb.edu.pl\/kmiis\/wp-content\/uploads\/sites\/3\/2020\/09\/8.jpg","contentUrl":"https:\/\/wm.pb.edu.pl\/kmiis\/wp-content\/uploads\/sites\/3\/2020\/09\/8.jpg","width":563,"height":650,"caption":"System wizyjny ARAMIS 3D 4M"},{"@type":"BreadcrumbList","@id":"https:\/\/wm.pb.edu.pl\/kmiis\/system-wizyjny-aramis-3d-4m\/#breadcrumb","itemListElement":[{"@type":"ListItem","position":1,"name":"Strona g\u0142\u00f3wna","item":"https:\/\/wm.pb.edu.pl\/kmiis\/"},{"@type":"ListItem","position":2,"name":"System wizyjny ARAMIS 3D 4M"}]},{"@type":"WebSite","@id":"https:\/\/wm.pb.edu.pl\/kmiis\/#website","url":"https:\/\/wm.pb.edu.pl\/kmiis\/","name":"Katedra Mechaniki i Informatyki Stosowanej","description":"","potentialAction":[{"@type":"SearchAction","target":{"@type":"EntryPoint","urlTemplate":"https:\/\/wm.pb.edu.pl\/kmiis\/?s={search_term_string}"},"query-input":{"@type":"PropertyValueSpecification","valueRequired":true,"valueName":"search_term_string"}}],"inLanguage":"pl-PL"}]}},"_links":{"self":[{"href":"https:\/\/wm.pb.edu.pl\/kmiis\/wp-json\/wp\/v2\/pages\/333","targetHints":{"allow":["GET"]}}],"collection":[{"href":"https:\/\/wm.pb.edu.pl\/kmiis\/wp-json\/wp\/v2\/pages"}],"about":[{"href":"https:\/\/wm.pb.edu.pl\/kmiis\/wp-json\/wp\/v2\/types\/page"}],"author":[{"embeddable":true,"href":"https:\/\/wm.pb.edu.pl\/kmiis\/wp-json\/wp\/v2\/users\/14"}],"replies":[{"embeddable":true,"href":"https:\/\/wm.pb.edu.pl\/kmiis\/wp-json\/wp\/v2\/comments?post=333"}],"version-history":[{"count":1,"href":"https:\/\/wm.pb.edu.pl\/kmiis\/wp-json\/wp\/v2\/pages\/333\/revisions"}],"predecessor-version":[{"id":335,"href":"https:\/\/wm.pb.edu.pl\/kmiis\/wp-json\/wp\/v2\/pages\/333\/revisions\/335"}],"wp:attachment":[{"href":"https:\/\/wm.pb.edu.pl\/kmiis\/wp-json\/wp\/v2\/media?parent=333"}],"curies":[{"name":"wp","href":"https:\/\/api.w.org\/{rel}","templated":true}]}}