{"id":341,"date":"2020-09-14T10:21:51","date_gmt":"2020-09-14T08:21:51","guid":{"rendered":"https:\/\/wm.pb.edu.pl\/kmiis\/?page_id=341"},"modified":"2020-09-14T10:21:51","modified_gmt":"2020-09-14T08:21:51","slug":"kamera-termowizyjna-titanium","status":"publish","type":"page","link":"https:\/\/wm.pb.edu.pl\/kmiis\/kamera-termowizyjna-titanium\/","title":{"rendered":"Kamera termowizyjna TITANIUM"},"content":{"rendered":"<p><strong>Kamera termowizyjna TITANIUM:<\/strong><br \/>\n\u2013 pozwala na badanie materia\u0142\u00f3w metod\u0105 termografii aktywnej;<br \/>\n\u2013 temperatura pracy: -20\u00b0C \u00f7 55\u00b0C;<br \/>\n\u2013 dok\u0142adno\u015b\u0107 pomiaru: \u00b11\u00b0C lub \u00b11%;<br \/>\n\u2013 czu\u0142o\u015b\u0107 cieplna (NETD) \u2013 25 mK;<br \/>\n\u2013 zakres spektralny 3\u20135 \u03bcm;<br \/>\n\u2013 max. cz\u0119stotliwo\u015b\u0107 rejestracji 117 Hz dla pe\u0142nej klatki, 1 kHz przy ograniczonej wielko\u015bci klatki;<br \/>\n\u2013 matryca FPA 640\u00d7512.<\/p>\n<p><img loading=\"lazy\" decoding=\"async\" class=\"alignnone size-medium wp-image-338\" src=\"https:\/\/wm.pb.edu.pl\/kmiis\/wp-content\/uploads\/sites\/3\/2020\/09\/10-300x262.jpg\" alt=\"Kamera termowizyjna TITANIUM\" width=\"300\" height=\"262\" srcset=\"https:\/\/wm.pb.edu.pl\/kmiis\/wp-content\/uploads\/sites\/3\/2020\/09\/10-300x262.jpg 300w, https:\/\/wm.pb.edu.pl\/kmiis\/wp-content\/uploads\/sites\/3\/2020\/09\/10.jpg 583w\" sizes=\"auto, (max-width: 300px) 100vw, 300px\" \/><\/p>\n","protected":false},"excerpt":{"rendered":"<p>Kamera termowizyjna TITANIUM: \u2013 pozwala na badanie materia\u0142\u00f3w metod\u0105 termografii aktywnej; \u2013 temperatura pracy: -20\u00b0C<a class=\"read-more\" href=\"https:\/\/wm.pb.edu.pl\/kmiis\/kamera-termowizyjna-titanium\/\" title=\"Poka\u017c artyku\u0142 Kamera termowizyjna TITANIUM\">wi\u0119cej<\/a><\/p>\n","protected":false},"author":14,"featured_media":0,"parent":0,"menu_order":0,"comment_status":"closed","ping_status":"closed","template":"","meta":{"inline_featured_image":false,"ngg_post_thumbnail":0,"footnotes":""},"class_list":["post-341","page","type-page","status-publish","hentry"],"acf":[],"yoast_head":"<!-- This site is optimized with the Yoast SEO plugin v26.4 - https:\/\/yoast.com\/wordpress\/plugins\/seo\/ -->\n<title>Kamera termowizyjna TITANIUM - Katedra Mechaniki i Informatyki Stosowanej<\/title>\n<meta name=\"robots\" content=\"index, follow, max-snippet:-1, max-image-preview:large, max-video-preview:-1\" \/>\n<link rel=\"canonical\" href=\"https:\/\/wm.pb.edu.pl\/kmiis\/kamera-termowizyjna-titanium\/\" \/>\n<meta property=\"og:locale\" content=\"pl_PL\" \/>\n<meta property=\"og:type\" content=\"article\" \/>\n<meta property=\"og:title\" content=\"Kamera termowizyjna TITANIUM - Katedra Mechaniki i Informatyki Stosowanej\" \/>\n<meta property=\"og:description\" content=\"Kamera termowizyjna TITANIUM: \u2013 pozwala na badanie materia\u0142\u00f3w metod\u0105 termografii aktywnej; \u2013 temperatura pracy: -20\u00b0Cwi\u0119cej\" \/>\n<meta property=\"og:url\" content=\"https:\/\/wm.pb.edu.pl\/kmiis\/kamera-termowizyjna-titanium\/\" \/>\n<meta property=\"og:site_name\" content=\"Katedra Mechaniki i Informatyki Stosowanej\" \/>\n<meta property=\"og:image\" content=\"https:\/\/wm.pb.edu.pl\/kmiis\/wp-content\/uploads\/sites\/3\/2020\/09\/10.jpg\" \/>\n\t<meta property=\"og:image:width\" content=\"583\" \/>\n\t<meta property=\"og:image:height\" content=\"510\" \/>\n\t<meta property=\"og:image:type\" content=\"image\/jpeg\" \/>\n<meta name=\"twitter:card\" content=\"summary_large_image\" \/>\n<script type=\"application\/ld+json\" class=\"yoast-schema-graph\">{\"@context\":\"https:\/\/schema.org\",\"@graph\":[{\"@type\":\"WebPage\",\"@id\":\"https:\/\/wm.pb.edu.pl\/kmiis\/kamera-termowizyjna-titanium\/\",\"url\":\"https:\/\/wm.pb.edu.pl\/kmiis\/kamera-termowizyjna-titanium\/\",\"name\":\"Kamera termowizyjna TITANIUM - Katedra Mechaniki i Informatyki Stosowanej\",\"isPartOf\":{\"@id\":\"https:\/\/wm.pb.edu.pl\/kmiis\/#website\"},\"primaryImageOfPage\":{\"@id\":\"https:\/\/wm.pb.edu.pl\/kmiis\/kamera-termowizyjna-titanium\/#primaryimage\"},\"image\":{\"@id\":\"https:\/\/wm.pb.edu.pl\/kmiis\/kamera-termowizyjna-titanium\/#primaryimage\"},\"thumbnailUrl\":\"https:\/\/wm.pb.edu.pl\/kmiis\/wp-content\/uploads\/sites\/3\/2020\/09\/10-300x262.jpg\",\"datePublished\":\"2020-09-14T08:21:51+00:00\",\"breadcrumb\":{\"@id\":\"https:\/\/wm.pb.edu.pl\/kmiis\/kamera-termowizyjna-titanium\/#breadcrumb\"},\"inLanguage\":\"pl-PL\",\"potentialAction\":[{\"@type\":\"ReadAction\",\"target\":[\"https:\/\/wm.pb.edu.pl\/kmiis\/kamera-termowizyjna-titanium\/\"]}]},{\"@type\":\"ImageObject\",\"inLanguage\":\"pl-PL\",\"@id\":\"https:\/\/wm.pb.edu.pl\/kmiis\/kamera-termowizyjna-titanium\/#primaryimage\",\"url\":\"https:\/\/wm.pb.edu.pl\/kmiis\/wp-content\/uploads\/sites\/3\/2020\/09\/10.jpg\",\"contentUrl\":\"https:\/\/wm.pb.edu.pl\/kmiis\/wp-content\/uploads\/sites\/3\/2020\/09\/10.jpg\",\"width\":583,\"height\":510,\"caption\":\"Kamera termowizyjna TITANIUM\"},{\"@type\":\"BreadcrumbList\",\"@id\":\"https:\/\/wm.pb.edu.pl\/kmiis\/kamera-termowizyjna-titanium\/#breadcrumb\",\"itemListElement\":[{\"@type\":\"ListItem\",\"position\":1,\"name\":\"Strona g\u0142\u00f3wna\",\"item\":\"https:\/\/wm.pb.edu.pl\/kmiis\/\"},{\"@type\":\"ListItem\",\"position\":2,\"name\":\"Kamera termowizyjna TITANIUM\"}]},{\"@type\":\"WebSite\",\"@id\":\"https:\/\/wm.pb.edu.pl\/kmiis\/#website\",\"url\":\"https:\/\/wm.pb.edu.pl\/kmiis\/\",\"name\":\"Katedra Mechaniki i Informatyki Stosowanej\",\"description\":\"\",\"potentialAction\":[{\"@type\":\"SearchAction\",\"target\":{\"@type\":\"EntryPoint\",\"urlTemplate\":\"https:\/\/wm.pb.edu.pl\/kmiis\/?s={search_term_string}\"},\"query-input\":{\"@type\":\"PropertyValueSpecification\",\"valueRequired\":true,\"valueName\":\"search_term_string\"}}],\"inLanguage\":\"pl-PL\"}]}<\/script>\n<!-- \/ Yoast SEO plugin. -->","yoast_head_json":{"title":"Kamera termowizyjna TITANIUM - Katedra Mechaniki i Informatyki Stosowanej","robots":{"index":"index","follow":"follow","max-snippet":"max-snippet:-1","max-image-preview":"max-image-preview:large","max-video-preview":"max-video-preview:-1"},"canonical":"https:\/\/wm.pb.edu.pl\/kmiis\/kamera-termowizyjna-titanium\/","og_locale":"pl_PL","og_type":"article","og_title":"Kamera termowizyjna TITANIUM - Katedra Mechaniki i Informatyki Stosowanej","og_description":"Kamera termowizyjna TITANIUM: \u2013 pozwala na badanie materia\u0142\u00f3w metod\u0105 termografii aktywnej; \u2013 temperatura pracy: -20\u00b0Cwi\u0119cej","og_url":"https:\/\/wm.pb.edu.pl\/kmiis\/kamera-termowizyjna-titanium\/","og_site_name":"Katedra Mechaniki i Informatyki Stosowanej","og_image":[{"width":583,"height":510,"url":"https:\/\/wm.pb.edu.pl\/kmiis\/wp-content\/uploads\/sites\/3\/2020\/09\/10.jpg","type":"image\/jpeg"}],"twitter_card":"summary_large_image","schema":{"@context":"https:\/\/schema.org","@graph":[{"@type":"WebPage","@id":"https:\/\/wm.pb.edu.pl\/kmiis\/kamera-termowizyjna-titanium\/","url":"https:\/\/wm.pb.edu.pl\/kmiis\/kamera-termowizyjna-titanium\/","name":"Kamera termowizyjna TITANIUM - Katedra Mechaniki i Informatyki Stosowanej","isPartOf":{"@id":"https:\/\/wm.pb.edu.pl\/kmiis\/#website"},"primaryImageOfPage":{"@id":"https:\/\/wm.pb.edu.pl\/kmiis\/kamera-termowizyjna-titanium\/#primaryimage"},"image":{"@id":"https:\/\/wm.pb.edu.pl\/kmiis\/kamera-termowizyjna-titanium\/#primaryimage"},"thumbnailUrl":"https:\/\/wm.pb.edu.pl\/kmiis\/wp-content\/uploads\/sites\/3\/2020\/09\/10-300x262.jpg","datePublished":"2020-09-14T08:21:51+00:00","breadcrumb":{"@id":"https:\/\/wm.pb.edu.pl\/kmiis\/kamera-termowizyjna-titanium\/#breadcrumb"},"inLanguage":"pl-PL","potentialAction":[{"@type":"ReadAction","target":["https:\/\/wm.pb.edu.pl\/kmiis\/kamera-termowizyjna-titanium\/"]}]},{"@type":"ImageObject","inLanguage":"pl-PL","@id":"https:\/\/wm.pb.edu.pl\/kmiis\/kamera-termowizyjna-titanium\/#primaryimage","url":"https:\/\/wm.pb.edu.pl\/kmiis\/wp-content\/uploads\/sites\/3\/2020\/09\/10.jpg","contentUrl":"https:\/\/wm.pb.edu.pl\/kmiis\/wp-content\/uploads\/sites\/3\/2020\/09\/10.jpg","width":583,"height":510,"caption":"Kamera termowizyjna TITANIUM"},{"@type":"BreadcrumbList","@id":"https:\/\/wm.pb.edu.pl\/kmiis\/kamera-termowizyjna-titanium\/#breadcrumb","itemListElement":[{"@type":"ListItem","position":1,"name":"Strona g\u0142\u00f3wna","item":"https:\/\/wm.pb.edu.pl\/kmiis\/"},{"@type":"ListItem","position":2,"name":"Kamera termowizyjna TITANIUM"}]},{"@type":"WebSite","@id":"https:\/\/wm.pb.edu.pl\/kmiis\/#website","url":"https:\/\/wm.pb.edu.pl\/kmiis\/","name":"Katedra Mechaniki i Informatyki Stosowanej","description":"","potentialAction":[{"@type":"SearchAction","target":{"@type":"EntryPoint","urlTemplate":"https:\/\/wm.pb.edu.pl\/kmiis\/?s={search_term_string}"},"query-input":{"@type":"PropertyValueSpecification","valueRequired":true,"valueName":"search_term_string"}}],"inLanguage":"pl-PL"}]}},"_links":{"self":[{"href":"https:\/\/wm.pb.edu.pl\/kmiis\/wp-json\/wp\/v2\/pages\/341","targetHints":{"allow":["GET"]}}],"collection":[{"href":"https:\/\/wm.pb.edu.pl\/kmiis\/wp-json\/wp\/v2\/pages"}],"about":[{"href":"https:\/\/wm.pb.edu.pl\/kmiis\/wp-json\/wp\/v2\/types\/page"}],"author":[{"embeddable":true,"href":"https:\/\/wm.pb.edu.pl\/kmiis\/wp-json\/wp\/v2\/users\/14"}],"replies":[{"embeddable":true,"href":"https:\/\/wm.pb.edu.pl\/kmiis\/wp-json\/wp\/v2\/comments?post=341"}],"version-history":[{"count":1,"href":"https:\/\/wm.pb.edu.pl\/kmiis\/wp-json\/wp\/v2\/pages\/341\/revisions"}],"predecessor-version":[{"id":342,"href":"https:\/\/wm.pb.edu.pl\/kmiis\/wp-json\/wp\/v2\/pages\/341\/revisions\/342"}],"wp:attachment":[{"href":"https:\/\/wm.pb.edu.pl\/kmiis\/wp-json\/wp\/v2\/media?parent=341"}],"curies":[{"name":"wp","href":"https:\/\/api.w.org\/{rel}","templated":true}]}}