{"id":344,"date":"2020-09-14T10:23:13","date_gmt":"2020-09-14T08:23:13","guid":{"rendered":"https:\/\/wm.pb.edu.pl\/kmiis\/?page_id=344"},"modified":"2020-09-14T10:23:13","modified_gmt":"2020-09-14T08:23:13","slug":"stanowisko-do-pomiarow-stereoskopowych-z-oprogramowaniem-w-wersji-3d-z-cyfrowa-kamera-phantom-v1610-96","status":"publish","type":"page","link":"https:\/\/wm.pb.edu.pl\/kmiis\/stanowisko-do-pomiarow-stereoskopowych-z-oprogramowaniem-w-wersji-3d-z-cyfrowa-kamera-phantom-v1610-96\/","title":{"rendered":"Stanowisko do\u00a0pomiar\u00f3w stereoskopowych z\u00a0oprogramowaniem w\u00a0wersji 3D z\u00a0cyfrow\u0105 kamer\u0105 Phantom v1610\/96"},"content":{"rendered":"<p><strong>Stanowisko do&nbsp;pomiar\u00f3w stereoskopowych z&nbsp;oprogramowaniem w&nbsp;wersji 3D z&nbsp;cyfrow\u0105 kamer\u0105 Phantom v1610\/96:<\/strong><br \/>\n\u2013 pozwala na rejestracj\u0119 zdj\u0119\u0107 z du\u017c\u0105 pr\u0119dko\u015bci\u0105;<br \/>\n\u2013 rozdzielczo\u015b\u0107 maksymalna 1280 x 800&nbsp;pikseli;<br \/>\n\u2013 pr\u0119dko\u015b\u0107 w&nbsp;pe\u0142nej rozdzielczo\u015bci 16600&nbsp;kl\/s;<br \/>\n\u2013 pr\u0119dko\u015b\u0107 maksymalna 1&nbsp;000&nbsp;000&nbsp;kl\/s ;<br \/>\n\u2013 skala szaro\u015bci 12&nbsp;bit;<br \/>\n\u2013 minimalny czas ekspozycji 500 ns;<\/p>\n<p>Dodatkowe wyposa\u017cenie:<br \/>\n\u2013 stereoskop LaVision Image Doubler.;<br \/>\n\u2013 tr\u00f3jwymiarowy system do&nbsp;pomiaru podczas zdarze\u0144 szybkozmiennych Dantec Dynamics.<\/p>\n<p><img loading=\"lazy\" decoding=\"async\" class=\"alignnone wp-image-343 size-full\" src=\"https:\/\/wm.pb.edu.pl\/kmiis\/wp-content\/uploads\/sites\/3\/2020\/09\/11.jpg\" alt=\"Stanowisko do&nbsp;pomiar\u00f3w stereoskopowych z&nbsp;oprogramowaniem w&nbsp;wersji 3D z&nbsp;cyfrow\u0105 kamer\u0105 Phantom v1610\/96\" width=\"428\" height=\"367\" srcset=\"https:\/\/wm.pb.edu.pl\/kmiis\/wp-content\/uploads\/sites\/3\/2020\/09\/11.jpg 428w, https:\/\/wm.pb.edu.pl\/kmiis\/wp-content\/uploads\/sites\/3\/2020\/09\/11-300x257.jpg 300w\" sizes=\"auto, (max-width: 428px) 100vw, 428px\" \/><\/p>\n","protected":false},"excerpt":{"rendered":"<p>Stanowisko do&nbsp;pomiar\u00f3w stereoskopowych z&nbsp;oprogramowaniem w&nbsp;wersji 3D z&nbsp;cyfrow\u0105 kamer\u0105 Phantom v1610\/96: \u2013 pozwala na rejestracj\u0119 zdj\u0119\u0107<a class=\"read-more\" href=\"https:\/\/wm.pb.edu.pl\/kmiis\/stanowisko-do-pomiarow-stereoskopowych-z-oprogramowaniem-w-wersji-3d-z-cyfrowa-kamera-phantom-v1610-96\/\" title=\"Poka\u017c artyku\u0142 Stanowisko do\u00a0pomiar\u00f3w stereoskopowych z\u00a0oprogramowaniem w\u00a0wersji 3D z\u00a0cyfrow\u0105 kamer\u0105 Phantom v1610\/96\">wi\u0119cej<\/a><\/p>\n","protected":false},"author":14,"featured_media":0,"parent":0,"menu_order":0,"comment_status":"closed","ping_status":"closed","template":"","meta":{"inline_featured_image":false,"ngg_post_thumbnail":0,"footnotes":""},"class_list":["post-344","page","type-page","status-publish","hentry"],"acf":[],"yoast_head":"<!-- This site is optimized with the Yoast SEO plugin v26.4 - https:\/\/yoast.com\/wordpress\/plugins\/seo\/ -->\n<title>Stanowisko do\u00a0pomiar\u00f3w stereoskopowych z\u00a0oprogramowaniem w\u00a0wersji 3D z\u00a0cyfrow\u0105 kamer\u0105 Phantom v1610\/96 - Katedra Mechaniki i Informatyki Stosowanej<\/title>\n<meta name=\"robots\" content=\"index, follow, max-snippet:-1, max-image-preview:large, max-video-preview:-1\" \/>\n<link rel=\"canonical\" href=\"https:\/\/wm.pb.edu.pl\/kmiis\/stanowisko-do-pomiarow-stereoskopowych-z-oprogramowaniem-w-wersji-3d-z-cyfrowa-kamera-phantom-v1610-96\/\" \/>\n<meta property=\"og:locale\" content=\"pl_PL\" \/>\n<meta property=\"og:type\" content=\"article\" \/>\n<meta property=\"og:title\" content=\"Stanowisko do\u00a0pomiar\u00f3w stereoskopowych z\u00a0oprogramowaniem w\u00a0wersji 3D z\u00a0cyfrow\u0105 kamer\u0105 Phantom v1610\/96 - Katedra Mechaniki i Informatyki Stosowanej\" \/>\n<meta property=\"og:description\" content=\"Stanowisko do&nbsp;pomiar\u00f3w stereoskopowych z&nbsp;oprogramowaniem w&nbsp;wersji 3D z&nbsp;cyfrow\u0105 kamer\u0105 Phantom v1610\/96: \u2013 pozwala na rejestracj\u0119 zdj\u0119\u0107wi\u0119cej\" \/>\n<meta property=\"og:url\" content=\"https:\/\/wm.pb.edu.pl\/kmiis\/stanowisko-do-pomiarow-stereoskopowych-z-oprogramowaniem-w-wersji-3d-z-cyfrowa-kamera-phantom-v1610-96\/\" \/>\n<meta property=\"og:site_name\" content=\"Katedra Mechaniki i Informatyki Stosowanej\" \/>\n<meta property=\"og:image\" content=\"https:\/\/wm.pb.edu.pl\/kmiis\/wp-content\/uploads\/sites\/3\/2020\/09\/11.jpg\" \/>\n\t<meta property=\"og:image:width\" content=\"428\" \/>\n\t<meta property=\"og:image:height\" content=\"367\" \/>\n\t<meta property=\"og:image:type\" content=\"image\/jpeg\" \/>\n<meta name=\"twitter:card\" content=\"summary_large_image\" \/>\n<script type=\"application\/ld+json\" class=\"yoast-schema-graph\">{\"@context\":\"https:\/\/schema.org\",\"@graph\":[{\"@type\":\"WebPage\",\"@id\":\"https:\/\/wm.pb.edu.pl\/kmiis\/stanowisko-do-pomiarow-stereoskopowych-z-oprogramowaniem-w-wersji-3d-z-cyfrowa-kamera-phantom-v1610-96\/\",\"url\":\"https:\/\/wm.pb.edu.pl\/kmiis\/stanowisko-do-pomiarow-stereoskopowych-z-oprogramowaniem-w-wersji-3d-z-cyfrowa-kamera-phantom-v1610-96\/\",\"name\":\"Stanowisko do\u00a0pomiar\u00f3w stereoskopowych z\u00a0oprogramowaniem w\u00a0wersji 3D z\u00a0cyfrow\u0105 kamer\u0105 Phantom v1610\/96 - Katedra Mechaniki i Informatyki Stosowanej\",\"isPartOf\":{\"@id\":\"https:\/\/wm.pb.edu.pl\/kmiis\/#website\"},\"primaryImageOfPage\":{\"@id\":\"https:\/\/wm.pb.edu.pl\/kmiis\/stanowisko-do-pomiarow-stereoskopowych-z-oprogramowaniem-w-wersji-3d-z-cyfrowa-kamera-phantom-v1610-96\/#primaryimage\"},\"image\":{\"@id\":\"https:\/\/wm.pb.edu.pl\/kmiis\/stanowisko-do-pomiarow-stereoskopowych-z-oprogramowaniem-w-wersji-3d-z-cyfrowa-kamera-phantom-v1610-96\/#primaryimage\"},\"thumbnailUrl\":\"https:\/\/wm.pb.edu.pl\/kmiis\/wp-content\/uploads\/sites\/3\/2020\/09\/11.jpg\",\"datePublished\":\"2020-09-14T08:23:13+00:00\",\"breadcrumb\":{\"@id\":\"https:\/\/wm.pb.edu.pl\/kmiis\/stanowisko-do-pomiarow-stereoskopowych-z-oprogramowaniem-w-wersji-3d-z-cyfrowa-kamera-phantom-v1610-96\/#breadcrumb\"},\"inLanguage\":\"pl-PL\",\"potentialAction\":[{\"@type\":\"ReadAction\",\"target\":[\"https:\/\/wm.pb.edu.pl\/kmiis\/stanowisko-do-pomiarow-stereoskopowych-z-oprogramowaniem-w-wersji-3d-z-cyfrowa-kamera-phantom-v1610-96\/\"]}]},{\"@type\":\"ImageObject\",\"inLanguage\":\"pl-PL\",\"@id\":\"https:\/\/wm.pb.edu.pl\/kmiis\/stanowisko-do-pomiarow-stereoskopowych-z-oprogramowaniem-w-wersji-3d-z-cyfrowa-kamera-phantom-v1610-96\/#primaryimage\",\"url\":\"https:\/\/wm.pb.edu.pl\/kmiis\/wp-content\/uploads\/sites\/3\/2020\/09\/11.jpg\",\"contentUrl\":\"https:\/\/wm.pb.edu.pl\/kmiis\/wp-content\/uploads\/sites\/3\/2020\/09\/11.jpg\",\"width\":428,\"height\":367,\"caption\":\"Stanowisko do\u00a0pomiar\u00f3w stereoskopowych z\u00a0oprogramowaniem w\u00a0wersji 3D z\u00a0cyfrow\u0105 kamer\u0105 Phantom v1610\/96\"},{\"@type\":\"BreadcrumbList\",\"@id\":\"https:\/\/wm.pb.edu.pl\/kmiis\/stanowisko-do-pomiarow-stereoskopowych-z-oprogramowaniem-w-wersji-3d-z-cyfrowa-kamera-phantom-v1610-96\/#breadcrumb\",\"itemListElement\":[{\"@type\":\"ListItem\",\"position\":1,\"name\":\"Strona g\u0142\u00f3wna\",\"item\":\"https:\/\/wm.pb.edu.pl\/kmiis\/\"},{\"@type\":\"ListItem\",\"position\":2,\"name\":\"Stanowisko do\u00a0pomiar\u00f3w stereoskopowych z\u00a0oprogramowaniem w\u00a0wersji 3D z\u00a0cyfrow\u0105 kamer\u0105 Phantom v1610\/96\"}]},{\"@type\":\"WebSite\",\"@id\":\"https:\/\/wm.pb.edu.pl\/kmiis\/#website\",\"url\":\"https:\/\/wm.pb.edu.pl\/kmiis\/\",\"name\":\"Katedra Mechaniki i Informatyki Stosowanej\",\"description\":\"\",\"potentialAction\":[{\"@type\":\"SearchAction\",\"target\":{\"@type\":\"EntryPoint\",\"urlTemplate\":\"https:\/\/wm.pb.edu.pl\/kmiis\/?s={search_term_string}\"},\"query-input\":{\"@type\":\"PropertyValueSpecification\",\"valueRequired\":true,\"valueName\":\"search_term_string\"}}],\"inLanguage\":\"pl-PL\"}]}<\/script>\n<!-- \/ Yoast SEO plugin. -->","yoast_head_json":{"title":"Stanowisko do\u00a0pomiar\u00f3w stereoskopowych z\u00a0oprogramowaniem w\u00a0wersji 3D z\u00a0cyfrow\u0105 kamer\u0105 Phantom v1610\/96 - Katedra Mechaniki i Informatyki Stosowanej","robots":{"index":"index","follow":"follow","max-snippet":"max-snippet:-1","max-image-preview":"max-image-preview:large","max-video-preview":"max-video-preview:-1"},"canonical":"https:\/\/wm.pb.edu.pl\/kmiis\/stanowisko-do-pomiarow-stereoskopowych-z-oprogramowaniem-w-wersji-3d-z-cyfrowa-kamera-phantom-v1610-96\/","og_locale":"pl_PL","og_type":"article","og_title":"Stanowisko do\u00a0pomiar\u00f3w stereoskopowych z\u00a0oprogramowaniem w\u00a0wersji 3D z\u00a0cyfrow\u0105 kamer\u0105 Phantom v1610\/96 - Katedra Mechaniki i Informatyki Stosowanej","og_description":"Stanowisko do&nbsp;pomiar\u00f3w stereoskopowych z&nbsp;oprogramowaniem w&nbsp;wersji 3D z&nbsp;cyfrow\u0105 kamer\u0105 Phantom v1610\/96: \u2013 pozwala na rejestracj\u0119 zdj\u0119\u0107wi\u0119cej","og_url":"https:\/\/wm.pb.edu.pl\/kmiis\/stanowisko-do-pomiarow-stereoskopowych-z-oprogramowaniem-w-wersji-3d-z-cyfrowa-kamera-phantom-v1610-96\/","og_site_name":"Katedra Mechaniki i Informatyki Stosowanej","og_image":[{"width":428,"height":367,"url":"https:\/\/wm.pb.edu.pl\/kmiis\/wp-content\/uploads\/sites\/3\/2020\/09\/11.jpg","type":"image\/jpeg"}],"twitter_card":"summary_large_image","schema":{"@context":"https:\/\/schema.org","@graph":[{"@type":"WebPage","@id":"https:\/\/wm.pb.edu.pl\/kmiis\/stanowisko-do-pomiarow-stereoskopowych-z-oprogramowaniem-w-wersji-3d-z-cyfrowa-kamera-phantom-v1610-96\/","url":"https:\/\/wm.pb.edu.pl\/kmiis\/stanowisko-do-pomiarow-stereoskopowych-z-oprogramowaniem-w-wersji-3d-z-cyfrowa-kamera-phantom-v1610-96\/","name":"Stanowisko do\u00a0pomiar\u00f3w stereoskopowych z\u00a0oprogramowaniem w\u00a0wersji 3D z\u00a0cyfrow\u0105 kamer\u0105 Phantom v1610\/96 - Katedra Mechaniki i Informatyki Stosowanej","isPartOf":{"@id":"https:\/\/wm.pb.edu.pl\/kmiis\/#website"},"primaryImageOfPage":{"@id":"https:\/\/wm.pb.edu.pl\/kmiis\/stanowisko-do-pomiarow-stereoskopowych-z-oprogramowaniem-w-wersji-3d-z-cyfrowa-kamera-phantom-v1610-96\/#primaryimage"},"image":{"@id":"https:\/\/wm.pb.edu.pl\/kmiis\/stanowisko-do-pomiarow-stereoskopowych-z-oprogramowaniem-w-wersji-3d-z-cyfrowa-kamera-phantom-v1610-96\/#primaryimage"},"thumbnailUrl":"https:\/\/wm.pb.edu.pl\/kmiis\/wp-content\/uploads\/sites\/3\/2020\/09\/11.jpg","datePublished":"2020-09-14T08:23:13+00:00","breadcrumb":{"@id":"https:\/\/wm.pb.edu.pl\/kmiis\/stanowisko-do-pomiarow-stereoskopowych-z-oprogramowaniem-w-wersji-3d-z-cyfrowa-kamera-phantom-v1610-96\/#breadcrumb"},"inLanguage":"pl-PL","potentialAction":[{"@type":"ReadAction","target":["https:\/\/wm.pb.edu.pl\/kmiis\/stanowisko-do-pomiarow-stereoskopowych-z-oprogramowaniem-w-wersji-3d-z-cyfrowa-kamera-phantom-v1610-96\/"]}]},{"@type":"ImageObject","inLanguage":"pl-PL","@id":"https:\/\/wm.pb.edu.pl\/kmiis\/stanowisko-do-pomiarow-stereoskopowych-z-oprogramowaniem-w-wersji-3d-z-cyfrowa-kamera-phantom-v1610-96\/#primaryimage","url":"https:\/\/wm.pb.edu.pl\/kmiis\/wp-content\/uploads\/sites\/3\/2020\/09\/11.jpg","contentUrl":"https:\/\/wm.pb.edu.pl\/kmiis\/wp-content\/uploads\/sites\/3\/2020\/09\/11.jpg","width":428,"height":367,"caption":"Stanowisko do\u00a0pomiar\u00f3w stereoskopowych z\u00a0oprogramowaniem w\u00a0wersji 3D z\u00a0cyfrow\u0105 kamer\u0105 Phantom v1610\/96"},{"@type":"BreadcrumbList","@id":"https:\/\/wm.pb.edu.pl\/kmiis\/stanowisko-do-pomiarow-stereoskopowych-z-oprogramowaniem-w-wersji-3d-z-cyfrowa-kamera-phantom-v1610-96\/#breadcrumb","itemListElement":[{"@type":"ListItem","position":1,"name":"Strona g\u0142\u00f3wna","item":"https:\/\/wm.pb.edu.pl\/kmiis\/"},{"@type":"ListItem","position":2,"name":"Stanowisko do\u00a0pomiar\u00f3w stereoskopowych z\u00a0oprogramowaniem w\u00a0wersji 3D z\u00a0cyfrow\u0105 kamer\u0105 Phantom v1610\/96"}]},{"@type":"WebSite","@id":"https:\/\/wm.pb.edu.pl\/kmiis\/#website","url":"https:\/\/wm.pb.edu.pl\/kmiis\/","name":"Katedra Mechaniki i Informatyki Stosowanej","description":"","potentialAction":[{"@type":"SearchAction","target":{"@type":"EntryPoint","urlTemplate":"https:\/\/wm.pb.edu.pl\/kmiis\/?s={search_term_string}"},"query-input":{"@type":"PropertyValueSpecification","valueRequired":true,"valueName":"search_term_string"}}],"inLanguage":"pl-PL"}]}},"_links":{"self":[{"href":"https:\/\/wm.pb.edu.pl\/kmiis\/wp-json\/wp\/v2\/pages\/344","targetHints":{"allow":["GET"]}}],"collection":[{"href":"https:\/\/wm.pb.edu.pl\/kmiis\/wp-json\/wp\/v2\/pages"}],"about":[{"href":"https:\/\/wm.pb.edu.pl\/kmiis\/wp-json\/wp\/v2\/types\/page"}],"author":[{"embeddable":true,"href":"https:\/\/wm.pb.edu.pl\/kmiis\/wp-json\/wp\/v2\/users\/14"}],"replies":[{"embeddable":true,"href":"https:\/\/wm.pb.edu.pl\/kmiis\/wp-json\/wp\/v2\/comments?post=344"}],"version-history":[{"count":1,"href":"https:\/\/wm.pb.edu.pl\/kmiis\/wp-json\/wp\/v2\/pages\/344\/revisions"}],"predecessor-version":[{"id":345,"href":"https:\/\/wm.pb.edu.pl\/kmiis\/wp-json\/wp\/v2\/pages\/344\/revisions\/345"}],"wp:attachment":[{"href":"https:\/\/wm.pb.edu.pl\/kmiis\/wp-json\/wp\/v2\/media?parent=344"}],"curies":[{"name":"wp","href":"https:\/\/api.w.org\/{rel}","templated":true}]}}