{"id":347,"date":"2020-09-14T10:25:20","date_gmt":"2020-09-14T08:25:20","guid":{"rendered":"https:\/\/wm.pb.edu.pl\/kmiis\/?page_id=347"},"modified":"2020-09-14T10:25:20","modified_gmt":"2020-09-14T08:25:20","slug":"skaningowy-mikroskop-elektronowy-phenom-xl","status":"publish","type":"page","link":"https:\/\/wm.pb.edu.pl\/kmiis\/skaningowy-mikroskop-elektronowy-phenom-xl\/","title":{"rendered":"Skaningowy mikroskop elektronowy Phenom XL"},"content":{"rendered":"<p><strong>Skaningowy mikroskop elektronowy Phenom XL:<\/strong><br \/>\n\u2013 umo\u017cliwia otrzymanie szczeg\u00f3\u0142owych informacji na temat topografii, kontrastu chemicznego oraz sk\u0142adu chemicznego badanej powierzchni;<br \/>\n\u2013 zakres powi\u0119kszenia: od&nbsp;80 do&nbsp;100,000&nbsp;x;<br \/>\n\u2013&nbsp; wielko\u015b\u0107 komory badawczej: 100x100x65&nbsp;mm<br \/>\n\u2013 ruchoma komora badawcza pozwalaj\u0105ca bada\u0107 pr\u00f3bki o&nbsp;wymiarach do100x100&nbsp;mm;<br \/>\n\u2013 rozdzielczo\u015b\u0107: &lt; 20&nbsp;nm;<br \/>\n\u2013 czas \u0142adowania pr\u00f3bki poni\u017cej 60&nbsp;sekund;<br \/>\n\u2013 rozdzielczo\u015b\u0107 obrazu od&nbsp;456 x 456 do&nbsp;2048 x 2048;<br \/>\n\u2013 zainstalowane detektory BSD, SEM, EDS dostarczaj\u0105 szczeg\u00f3\u0142owych informacji na&nbsp;temat topografii skanowanej powierzchni oraz&nbsp;umo\u017cliwiaj\u0105 analiz\u0119 sk\u0142adu chemicznego pr\u00f3bki.<\/p>\n<p><img loading=\"lazy\" decoding=\"async\" class=\"alignnone wp-image-348 size-full\" src=\"https:\/\/wm.pb.edu.pl\/kmiis\/wp-content\/uploads\/sites\/3\/2020\/09\/12.jpg\" alt=\"Skaningowy mikroskop elektronowy Phenom XL\" width=\"542\" height=\"424\" srcset=\"https:\/\/wm.pb.edu.pl\/kmiis\/wp-content\/uploads\/sites\/3\/2020\/09\/12.jpg 542w, https:\/\/wm.pb.edu.pl\/kmiis\/wp-content\/uploads\/sites\/3\/2020\/09\/12-300x235.jpg 300w\" sizes=\"auto, (max-width: 542px) 100vw, 542px\" \/><\/p>\n","protected":false},"excerpt":{"rendered":"<p>Skaningowy mikroskop elektronowy Phenom XL: \u2013 umo\u017cliwia otrzymanie szczeg\u00f3\u0142owych informacji na temat topografii, kontrastu chemicznego<a class=\"read-more\" href=\"https:\/\/wm.pb.edu.pl\/kmiis\/skaningowy-mikroskop-elektronowy-phenom-xl\/\" title=\"Poka\u017c artyku\u0142 Skaningowy mikroskop elektronowy Phenom XL\">wi\u0119cej<\/a><\/p>\n","protected":false},"author":14,"featured_media":0,"parent":0,"menu_order":0,"comment_status":"closed","ping_status":"closed","template":"","meta":{"inline_featured_image":false,"ngg_post_thumbnail":0,"footnotes":""},"class_list":["post-347","page","type-page","status-publish","hentry"],"acf":[],"yoast_head":"<!-- This site is optimized with the Yoast SEO plugin v26.4 - https:\/\/yoast.com\/wordpress\/plugins\/seo\/ -->\n<title>Skaningowy mikroskop elektronowy Phenom XL - Katedra Mechaniki i Informatyki Stosowanej<\/title>\n<meta name=\"robots\" content=\"index, follow, max-snippet:-1, max-image-preview:large, max-video-preview:-1\" \/>\n<link rel=\"canonical\" href=\"https:\/\/wm.pb.edu.pl\/kmiis\/skaningowy-mikroskop-elektronowy-phenom-xl\/\" \/>\n<meta property=\"og:locale\" content=\"pl_PL\" \/>\n<meta property=\"og:type\" content=\"article\" \/>\n<meta property=\"og:title\" content=\"Skaningowy mikroskop elektronowy Phenom XL - Katedra Mechaniki i Informatyki Stosowanej\" \/>\n<meta property=\"og:description\" content=\"Skaningowy mikroskop elektronowy Phenom XL: \u2013 umo\u017cliwia otrzymanie szczeg\u00f3\u0142owych informacji na temat topografii, kontrastu chemicznegowi\u0119cej\" \/>\n<meta property=\"og:url\" content=\"https:\/\/wm.pb.edu.pl\/kmiis\/skaningowy-mikroskop-elektronowy-phenom-xl\/\" \/>\n<meta property=\"og:site_name\" content=\"Katedra Mechaniki i Informatyki Stosowanej\" \/>\n<meta property=\"og:image\" content=\"https:\/\/wm.pb.edu.pl\/kmiis\/wp-content\/uploads\/sites\/3\/2020\/09\/12.jpg\" \/>\n\t<meta property=\"og:image:width\" content=\"542\" \/>\n\t<meta property=\"og:image:height\" content=\"424\" \/>\n\t<meta property=\"og:image:type\" content=\"image\/jpeg\" \/>\n<meta name=\"twitter:card\" content=\"summary_large_image\" \/>\n<script type=\"application\/ld+json\" class=\"yoast-schema-graph\">{\"@context\":\"https:\/\/schema.org\",\"@graph\":[{\"@type\":\"WebPage\",\"@id\":\"https:\/\/wm.pb.edu.pl\/kmiis\/skaningowy-mikroskop-elektronowy-phenom-xl\/\",\"url\":\"https:\/\/wm.pb.edu.pl\/kmiis\/skaningowy-mikroskop-elektronowy-phenom-xl\/\",\"name\":\"Skaningowy mikroskop elektronowy Phenom XL - Katedra Mechaniki i Informatyki Stosowanej\",\"isPartOf\":{\"@id\":\"https:\/\/wm.pb.edu.pl\/kmiis\/#website\"},\"primaryImageOfPage\":{\"@id\":\"https:\/\/wm.pb.edu.pl\/kmiis\/skaningowy-mikroskop-elektronowy-phenom-xl\/#primaryimage\"},\"image\":{\"@id\":\"https:\/\/wm.pb.edu.pl\/kmiis\/skaningowy-mikroskop-elektronowy-phenom-xl\/#primaryimage\"},\"thumbnailUrl\":\"https:\/\/wm.pb.edu.pl\/kmiis\/wp-content\/uploads\/sites\/3\/2020\/09\/12.jpg\",\"datePublished\":\"2020-09-14T08:25:20+00:00\",\"breadcrumb\":{\"@id\":\"https:\/\/wm.pb.edu.pl\/kmiis\/skaningowy-mikroskop-elektronowy-phenom-xl\/#breadcrumb\"},\"inLanguage\":\"pl-PL\",\"potentialAction\":[{\"@type\":\"ReadAction\",\"target\":[\"https:\/\/wm.pb.edu.pl\/kmiis\/skaningowy-mikroskop-elektronowy-phenom-xl\/\"]}]},{\"@type\":\"ImageObject\",\"inLanguage\":\"pl-PL\",\"@id\":\"https:\/\/wm.pb.edu.pl\/kmiis\/skaningowy-mikroskop-elektronowy-phenom-xl\/#primaryimage\",\"url\":\"https:\/\/wm.pb.edu.pl\/kmiis\/wp-content\/uploads\/sites\/3\/2020\/09\/12.jpg\",\"contentUrl\":\"https:\/\/wm.pb.edu.pl\/kmiis\/wp-content\/uploads\/sites\/3\/2020\/09\/12.jpg\",\"width\":542,\"height\":424,\"caption\":\"Skaningowy mikroskop elektronowy Phenom XL\"},{\"@type\":\"BreadcrumbList\",\"@id\":\"https:\/\/wm.pb.edu.pl\/kmiis\/skaningowy-mikroskop-elektronowy-phenom-xl\/#breadcrumb\",\"itemListElement\":[{\"@type\":\"ListItem\",\"position\":1,\"name\":\"Strona g\u0142\u00f3wna\",\"item\":\"https:\/\/wm.pb.edu.pl\/kmiis\/\"},{\"@type\":\"ListItem\",\"position\":2,\"name\":\"Skaningowy mikroskop elektronowy Phenom XL\"}]},{\"@type\":\"WebSite\",\"@id\":\"https:\/\/wm.pb.edu.pl\/kmiis\/#website\",\"url\":\"https:\/\/wm.pb.edu.pl\/kmiis\/\",\"name\":\"Katedra Mechaniki i Informatyki Stosowanej\",\"description\":\"\",\"potentialAction\":[{\"@type\":\"SearchAction\",\"target\":{\"@type\":\"EntryPoint\",\"urlTemplate\":\"https:\/\/wm.pb.edu.pl\/kmiis\/?s={search_term_string}\"},\"query-input\":{\"@type\":\"PropertyValueSpecification\",\"valueRequired\":true,\"valueName\":\"search_term_string\"}}],\"inLanguage\":\"pl-PL\"}]}<\/script>\n<!-- \/ Yoast SEO plugin. -->","yoast_head_json":{"title":"Skaningowy mikroskop elektronowy Phenom XL - Katedra Mechaniki i Informatyki Stosowanej","robots":{"index":"index","follow":"follow","max-snippet":"max-snippet:-1","max-image-preview":"max-image-preview:large","max-video-preview":"max-video-preview:-1"},"canonical":"https:\/\/wm.pb.edu.pl\/kmiis\/skaningowy-mikroskop-elektronowy-phenom-xl\/","og_locale":"pl_PL","og_type":"article","og_title":"Skaningowy mikroskop elektronowy Phenom XL - Katedra Mechaniki i Informatyki Stosowanej","og_description":"Skaningowy mikroskop elektronowy Phenom XL: \u2013 umo\u017cliwia otrzymanie szczeg\u00f3\u0142owych informacji na temat topografii, kontrastu chemicznegowi\u0119cej","og_url":"https:\/\/wm.pb.edu.pl\/kmiis\/skaningowy-mikroskop-elektronowy-phenom-xl\/","og_site_name":"Katedra Mechaniki i Informatyki Stosowanej","og_image":[{"width":542,"height":424,"url":"https:\/\/wm.pb.edu.pl\/kmiis\/wp-content\/uploads\/sites\/3\/2020\/09\/12.jpg","type":"image\/jpeg"}],"twitter_card":"summary_large_image","schema":{"@context":"https:\/\/schema.org","@graph":[{"@type":"WebPage","@id":"https:\/\/wm.pb.edu.pl\/kmiis\/skaningowy-mikroskop-elektronowy-phenom-xl\/","url":"https:\/\/wm.pb.edu.pl\/kmiis\/skaningowy-mikroskop-elektronowy-phenom-xl\/","name":"Skaningowy mikroskop elektronowy Phenom XL - Katedra Mechaniki i Informatyki Stosowanej","isPartOf":{"@id":"https:\/\/wm.pb.edu.pl\/kmiis\/#website"},"primaryImageOfPage":{"@id":"https:\/\/wm.pb.edu.pl\/kmiis\/skaningowy-mikroskop-elektronowy-phenom-xl\/#primaryimage"},"image":{"@id":"https:\/\/wm.pb.edu.pl\/kmiis\/skaningowy-mikroskop-elektronowy-phenom-xl\/#primaryimage"},"thumbnailUrl":"https:\/\/wm.pb.edu.pl\/kmiis\/wp-content\/uploads\/sites\/3\/2020\/09\/12.jpg","datePublished":"2020-09-14T08:25:20+00:00","breadcrumb":{"@id":"https:\/\/wm.pb.edu.pl\/kmiis\/skaningowy-mikroskop-elektronowy-phenom-xl\/#breadcrumb"},"inLanguage":"pl-PL","potentialAction":[{"@type":"ReadAction","target":["https:\/\/wm.pb.edu.pl\/kmiis\/skaningowy-mikroskop-elektronowy-phenom-xl\/"]}]},{"@type":"ImageObject","inLanguage":"pl-PL","@id":"https:\/\/wm.pb.edu.pl\/kmiis\/skaningowy-mikroskop-elektronowy-phenom-xl\/#primaryimage","url":"https:\/\/wm.pb.edu.pl\/kmiis\/wp-content\/uploads\/sites\/3\/2020\/09\/12.jpg","contentUrl":"https:\/\/wm.pb.edu.pl\/kmiis\/wp-content\/uploads\/sites\/3\/2020\/09\/12.jpg","width":542,"height":424,"caption":"Skaningowy mikroskop elektronowy Phenom XL"},{"@type":"BreadcrumbList","@id":"https:\/\/wm.pb.edu.pl\/kmiis\/skaningowy-mikroskop-elektronowy-phenom-xl\/#breadcrumb","itemListElement":[{"@type":"ListItem","position":1,"name":"Strona g\u0142\u00f3wna","item":"https:\/\/wm.pb.edu.pl\/kmiis\/"},{"@type":"ListItem","position":2,"name":"Skaningowy mikroskop elektronowy Phenom XL"}]},{"@type":"WebSite","@id":"https:\/\/wm.pb.edu.pl\/kmiis\/#website","url":"https:\/\/wm.pb.edu.pl\/kmiis\/","name":"Katedra Mechaniki i Informatyki Stosowanej","description":"","potentialAction":[{"@type":"SearchAction","target":{"@type":"EntryPoint","urlTemplate":"https:\/\/wm.pb.edu.pl\/kmiis\/?s={search_term_string}"},"query-input":{"@type":"PropertyValueSpecification","valueRequired":true,"valueName":"search_term_string"}}],"inLanguage":"pl-PL"}]}},"_links":{"self":[{"href":"https:\/\/wm.pb.edu.pl\/kmiis\/wp-json\/wp\/v2\/pages\/347","targetHints":{"allow":["GET"]}}],"collection":[{"href":"https:\/\/wm.pb.edu.pl\/kmiis\/wp-json\/wp\/v2\/pages"}],"about":[{"href":"https:\/\/wm.pb.edu.pl\/kmiis\/wp-json\/wp\/v2\/types\/page"}],"author":[{"embeddable":true,"href":"https:\/\/wm.pb.edu.pl\/kmiis\/wp-json\/wp\/v2\/users\/14"}],"replies":[{"embeddable":true,"href":"https:\/\/wm.pb.edu.pl\/kmiis\/wp-json\/wp\/v2\/comments?post=347"}],"version-history":[{"count":1,"href":"https:\/\/wm.pb.edu.pl\/kmiis\/wp-json\/wp\/v2\/pages\/347\/revisions"}],"predecessor-version":[{"id":349,"href":"https:\/\/wm.pb.edu.pl\/kmiis\/wp-json\/wp\/v2\/pages\/347\/revisions\/349"}],"wp:attachment":[{"href":"https:\/\/wm.pb.edu.pl\/kmiis\/wp-json\/wp\/v2\/media?parent=347"}],"curies":[{"name":"wp","href":"https:\/\/api.w.org\/{rel}","templated":true}]}}