{"id":352,"date":"2020-09-14T10:27:21","date_gmt":"2020-09-14T08:27:21","guid":{"rendered":"https:\/\/wm.pb.edu.pl\/kmiis\/?page_id=352"},"modified":"2020-09-14T11:23:54","modified_gmt":"2020-09-14T09:23:54","slug":"mikrotomograf-komputerowy-skyscan-117","status":"publish","type":"page","link":"https:\/\/wm.pb.edu.pl\/kmiis\/mikrotomograf-komputerowy-skyscan-117\/","title":{"rendered":"Mikrotomograf komputerowy SKYSCAN 117"},"content":{"rendered":"<p><strong>Mikrotomograf komputerowy SKYSCAN 117<\/strong><br \/>\n\u2013 matryca CCD wielko\u015bci 4000\u00d72664 pixeli (11 megapixeli), obszar pola widzenia FOV \u201cfield of view\u201d 24 mm x 36,0 mm;<br \/>\n\u2013 nominalna rozdzielczo\u015b\u0107: od&nbsp;0,7 do&nbsp;25 \u03bcm\/px.;<br \/>\n\u2013 zmienna geometria po\u0142o\u017cenia uk\u0142adu kamera-obiekt-lampa RTG, pozwalaj\u0105ca na&nbsp;szybsze skanowanie w&nbsp;wy\u017cszej rozdzielczo\u015bci;<br \/>\n\u2013 \u017ar\u00f3d\u0142o promieniowania z&nbsp;mo\u017cliwo\u015bci\u0105 regulacji od&nbsp;20 do&nbsp;100&nbsp;kV;<br \/>\n\u2013 rozmiar ogniska &lt;&nbsp;5&nbsp;\u03bcm dla mocy 4&nbsp;W;<br \/>\n\u2013 wyb\u00f3r filtr\u00f3w prze\u0142\u0105czany elektronicznie;<br \/>\n\u2013 moc lampy 10&nbsp;W;<br \/>\n\u2013 pakiet oprogramowania z&nbsp;kompletnym rozwi\u0105zaniem s\u0142u\u017c\u0105cym do&nbsp;akwizycji i&nbsp;analizy danych.<\/p>\n<p><img loading=\"lazy\" decoding=\"async\" class=\"alignnone wp-image-351 size-full\" src=\"https:\/\/wm.pb.edu.pl\/kmiis\/wp-content\/uploads\/sites\/3\/2020\/09\/13.jpg\" alt=\"Mikrotomograf komputerowy SKYSCAN 117\" width=\"600\" height=\"600\" srcset=\"https:\/\/wm.pb.edu.pl\/kmiis\/wp-content\/uploads\/sites\/3\/2020\/09\/13.jpg 600w, https:\/\/wm.pb.edu.pl\/kmiis\/wp-content\/uploads\/sites\/3\/2020\/09\/13-300x300.jpg 300w, https:\/\/wm.pb.edu.pl\/kmiis\/wp-content\/uploads\/sites\/3\/2020\/09\/13-150x150.jpg 150w\" sizes=\"auto, (max-width: 600px) 100vw, 600px\" \/><\/p>\n","protected":false},"excerpt":{"rendered":"<p>Mikrotomograf komputerowy SKYSCAN 117 \u2013 matryca CCD wielko\u015bci 4000\u00d72664 pixeli (11 megapixeli), obszar pola widzenia<a class=\"read-more\" href=\"https:\/\/wm.pb.edu.pl\/kmiis\/mikrotomograf-komputerowy-skyscan-117\/\" title=\"Poka\u017c artyku\u0142 Mikrotomograf komputerowy SKYSCAN 117\">wi\u0119cej<\/a><\/p>\n","protected":false},"author":14,"featured_media":0,"parent":0,"menu_order":0,"comment_status":"closed","ping_status":"closed","template":"","meta":{"inline_featured_image":false,"ngg_post_thumbnail":0,"footnotes":""},"class_list":["post-352","page","type-page","status-publish","hentry"],"acf":[],"yoast_head":"<!-- This site is optimized with the Yoast SEO plugin v26.4 - https:\/\/yoast.com\/wordpress\/plugins\/seo\/ -->\n<title>Mikrotomograf komputerowy SKYSCAN 117 - Katedra Mechaniki i Informatyki Stosowanej<\/title>\n<meta name=\"robots\" content=\"index, follow, max-snippet:-1, max-image-preview:large, max-video-preview:-1\" \/>\n<link rel=\"canonical\" href=\"https:\/\/wm.pb.edu.pl\/kmiis\/mikrotomograf-komputerowy-skyscan-117\/\" \/>\n<meta property=\"og:locale\" content=\"pl_PL\" \/>\n<meta property=\"og:type\" content=\"article\" \/>\n<meta property=\"og:title\" content=\"Mikrotomograf komputerowy SKYSCAN 117 - Katedra Mechaniki i Informatyki Stosowanej\" \/>\n<meta property=\"og:description\" content=\"Mikrotomograf komputerowy SKYSCAN 117 \u2013 matryca CCD wielko\u015bci 4000\u00d72664 pixeli (11 megapixeli), obszar pola widzeniawi\u0119cej\" \/>\n<meta property=\"og:url\" content=\"https:\/\/wm.pb.edu.pl\/kmiis\/mikrotomograf-komputerowy-skyscan-117\/\" \/>\n<meta property=\"og:site_name\" content=\"Katedra Mechaniki i Informatyki Stosowanej\" \/>\n<meta property=\"article:modified_time\" content=\"2020-09-14T09:23:54+00:00\" \/>\n<meta property=\"og:image\" content=\"https:\/\/wm.pb.edu.pl\/kmiis\/wp-content\/uploads\/sites\/3\/2020\/09\/13.jpg\" \/>\n\t<meta property=\"og:image:width\" content=\"600\" \/>\n\t<meta property=\"og:image:height\" content=\"600\" \/>\n\t<meta property=\"og:image:type\" content=\"image\/jpeg\" \/>\n<meta name=\"twitter:card\" content=\"summary_large_image\" \/>\n<meta name=\"twitter:label1\" content=\"Szacowany czas czytania\" \/>\n\t<meta name=\"twitter:data1\" content=\"1 minuta\" \/>\n<script type=\"application\/ld+json\" class=\"yoast-schema-graph\">{\"@context\":\"https:\/\/schema.org\",\"@graph\":[{\"@type\":\"WebPage\",\"@id\":\"https:\/\/wm.pb.edu.pl\/kmiis\/mikrotomograf-komputerowy-skyscan-117\/\",\"url\":\"https:\/\/wm.pb.edu.pl\/kmiis\/mikrotomograf-komputerowy-skyscan-117\/\",\"name\":\"Mikrotomograf komputerowy SKYSCAN 117 - Katedra Mechaniki i Informatyki Stosowanej\",\"isPartOf\":{\"@id\":\"https:\/\/wm.pb.edu.pl\/kmiis\/#website\"},\"primaryImageOfPage\":{\"@id\":\"https:\/\/wm.pb.edu.pl\/kmiis\/mikrotomograf-komputerowy-skyscan-117\/#primaryimage\"},\"image\":{\"@id\":\"https:\/\/wm.pb.edu.pl\/kmiis\/mikrotomograf-komputerowy-skyscan-117\/#primaryimage\"},\"thumbnailUrl\":\"https:\/\/wm.pb.edu.pl\/kmiis\/wp-content\/uploads\/sites\/3\/2020\/09\/13.jpg\",\"datePublished\":\"2020-09-14T08:27:21+00:00\",\"dateModified\":\"2020-09-14T09:23:54+00:00\",\"breadcrumb\":{\"@id\":\"https:\/\/wm.pb.edu.pl\/kmiis\/mikrotomograf-komputerowy-skyscan-117\/#breadcrumb\"},\"inLanguage\":\"pl-PL\",\"potentialAction\":[{\"@type\":\"ReadAction\",\"target\":[\"https:\/\/wm.pb.edu.pl\/kmiis\/mikrotomograf-komputerowy-skyscan-117\/\"]}]},{\"@type\":\"ImageObject\",\"inLanguage\":\"pl-PL\",\"@id\":\"https:\/\/wm.pb.edu.pl\/kmiis\/mikrotomograf-komputerowy-skyscan-117\/#primaryimage\",\"url\":\"https:\/\/wm.pb.edu.pl\/kmiis\/wp-content\/uploads\/sites\/3\/2020\/09\/13.jpg\",\"contentUrl\":\"https:\/\/wm.pb.edu.pl\/kmiis\/wp-content\/uploads\/sites\/3\/2020\/09\/13.jpg\",\"width\":600,\"height\":600,\"caption\":\"Mikrotomograf komputerowy SKYSCAN 117\"},{\"@type\":\"BreadcrumbList\",\"@id\":\"https:\/\/wm.pb.edu.pl\/kmiis\/mikrotomograf-komputerowy-skyscan-117\/#breadcrumb\",\"itemListElement\":[{\"@type\":\"ListItem\",\"position\":1,\"name\":\"Strona g\u0142\u00f3wna\",\"item\":\"https:\/\/wm.pb.edu.pl\/kmiis\/\"},{\"@type\":\"ListItem\",\"position\":2,\"name\":\"Mikrotomograf komputerowy SKYSCAN 117\"}]},{\"@type\":\"WebSite\",\"@id\":\"https:\/\/wm.pb.edu.pl\/kmiis\/#website\",\"url\":\"https:\/\/wm.pb.edu.pl\/kmiis\/\",\"name\":\"Katedra Mechaniki i Informatyki Stosowanej\",\"description\":\"\",\"potentialAction\":[{\"@type\":\"SearchAction\",\"target\":{\"@type\":\"EntryPoint\",\"urlTemplate\":\"https:\/\/wm.pb.edu.pl\/kmiis\/?s={search_term_string}\"},\"query-input\":{\"@type\":\"PropertyValueSpecification\",\"valueRequired\":true,\"valueName\":\"search_term_string\"}}],\"inLanguage\":\"pl-PL\"}]}<\/script>\n<!-- \/ Yoast SEO plugin. -->","yoast_head_json":{"title":"Mikrotomograf komputerowy SKYSCAN 117 - Katedra Mechaniki i Informatyki Stosowanej","robots":{"index":"index","follow":"follow","max-snippet":"max-snippet:-1","max-image-preview":"max-image-preview:large","max-video-preview":"max-video-preview:-1"},"canonical":"https:\/\/wm.pb.edu.pl\/kmiis\/mikrotomograf-komputerowy-skyscan-117\/","og_locale":"pl_PL","og_type":"article","og_title":"Mikrotomograf komputerowy SKYSCAN 117 - Katedra Mechaniki i Informatyki Stosowanej","og_description":"Mikrotomograf komputerowy SKYSCAN 117 \u2013 matryca CCD wielko\u015bci 4000\u00d72664 pixeli (11 megapixeli), obszar pola widzeniawi\u0119cej","og_url":"https:\/\/wm.pb.edu.pl\/kmiis\/mikrotomograf-komputerowy-skyscan-117\/","og_site_name":"Katedra Mechaniki i Informatyki Stosowanej","article_modified_time":"2020-09-14T09:23:54+00:00","og_image":[{"width":600,"height":600,"url":"https:\/\/wm.pb.edu.pl\/kmiis\/wp-content\/uploads\/sites\/3\/2020\/09\/13.jpg","type":"image\/jpeg"}],"twitter_card":"summary_large_image","twitter_misc":{"Szacowany czas czytania":"1 minuta"},"schema":{"@context":"https:\/\/schema.org","@graph":[{"@type":"WebPage","@id":"https:\/\/wm.pb.edu.pl\/kmiis\/mikrotomograf-komputerowy-skyscan-117\/","url":"https:\/\/wm.pb.edu.pl\/kmiis\/mikrotomograf-komputerowy-skyscan-117\/","name":"Mikrotomograf komputerowy SKYSCAN 117 - Katedra Mechaniki i Informatyki Stosowanej","isPartOf":{"@id":"https:\/\/wm.pb.edu.pl\/kmiis\/#website"},"primaryImageOfPage":{"@id":"https:\/\/wm.pb.edu.pl\/kmiis\/mikrotomograf-komputerowy-skyscan-117\/#primaryimage"},"image":{"@id":"https:\/\/wm.pb.edu.pl\/kmiis\/mikrotomograf-komputerowy-skyscan-117\/#primaryimage"},"thumbnailUrl":"https:\/\/wm.pb.edu.pl\/kmiis\/wp-content\/uploads\/sites\/3\/2020\/09\/13.jpg","datePublished":"2020-09-14T08:27:21+00:00","dateModified":"2020-09-14T09:23:54+00:00","breadcrumb":{"@id":"https:\/\/wm.pb.edu.pl\/kmiis\/mikrotomograf-komputerowy-skyscan-117\/#breadcrumb"},"inLanguage":"pl-PL","potentialAction":[{"@type":"ReadAction","target":["https:\/\/wm.pb.edu.pl\/kmiis\/mikrotomograf-komputerowy-skyscan-117\/"]}]},{"@type":"ImageObject","inLanguage":"pl-PL","@id":"https:\/\/wm.pb.edu.pl\/kmiis\/mikrotomograf-komputerowy-skyscan-117\/#primaryimage","url":"https:\/\/wm.pb.edu.pl\/kmiis\/wp-content\/uploads\/sites\/3\/2020\/09\/13.jpg","contentUrl":"https:\/\/wm.pb.edu.pl\/kmiis\/wp-content\/uploads\/sites\/3\/2020\/09\/13.jpg","width":600,"height":600,"caption":"Mikrotomograf komputerowy SKYSCAN 117"},{"@type":"BreadcrumbList","@id":"https:\/\/wm.pb.edu.pl\/kmiis\/mikrotomograf-komputerowy-skyscan-117\/#breadcrumb","itemListElement":[{"@type":"ListItem","position":1,"name":"Strona g\u0142\u00f3wna","item":"https:\/\/wm.pb.edu.pl\/kmiis\/"},{"@type":"ListItem","position":2,"name":"Mikrotomograf komputerowy SKYSCAN 117"}]},{"@type":"WebSite","@id":"https:\/\/wm.pb.edu.pl\/kmiis\/#website","url":"https:\/\/wm.pb.edu.pl\/kmiis\/","name":"Katedra Mechaniki i Informatyki Stosowanej","description":"","potentialAction":[{"@type":"SearchAction","target":{"@type":"EntryPoint","urlTemplate":"https:\/\/wm.pb.edu.pl\/kmiis\/?s={search_term_string}"},"query-input":{"@type":"PropertyValueSpecification","valueRequired":true,"valueName":"search_term_string"}}],"inLanguage":"pl-PL"}]}},"_links":{"self":[{"href":"https:\/\/wm.pb.edu.pl\/kmiis\/wp-json\/wp\/v2\/pages\/352","targetHints":{"allow":["GET"]}}],"collection":[{"href":"https:\/\/wm.pb.edu.pl\/kmiis\/wp-json\/wp\/v2\/pages"}],"about":[{"href":"https:\/\/wm.pb.edu.pl\/kmiis\/wp-json\/wp\/v2\/types\/page"}],"author":[{"embeddable":true,"href":"https:\/\/wm.pb.edu.pl\/kmiis\/wp-json\/wp\/v2\/users\/14"}],"replies":[{"embeddable":true,"href":"https:\/\/wm.pb.edu.pl\/kmiis\/wp-json\/wp\/v2\/comments?post=352"}],"version-history":[{"count":1,"href":"https:\/\/wm.pb.edu.pl\/kmiis\/wp-json\/wp\/v2\/pages\/352\/revisions"}],"predecessor-version":[{"id":353,"href":"https:\/\/wm.pb.edu.pl\/kmiis\/wp-json\/wp\/v2\/pages\/352\/revisions\/353"}],"wp:attachment":[{"href":"https:\/\/wm.pb.edu.pl\/kmiis\/wp-json\/wp\/v2\/media?parent=352"}],"curies":[{"name":"wp","href":"https:\/\/api.w.org\/{rel}","templated":true}]}}