{"id":355,"date":"2020-09-14T11:26:47","date_gmt":"2020-09-14T09:26:47","guid":{"rendered":"https:\/\/wm.pb.edu.pl\/kmiis\/?page_id=355"},"modified":"2020-09-18T11:40:21","modified_gmt":"2020-09-18T09:40:21","slug":"spektometry-nanoscan-3910-i-ops-3330","status":"publish","type":"page","link":"https:\/\/wm.pb.edu.pl\/kmiis\/spektometry-nanoscan-3910-i-ops-3330\/","title":{"rendered":"Spektometry NANOSCAN 3910 i OPS 3330"},"content":{"rendered":"<p><strong>Spektometr NANOSCAN 3910:<\/strong><br \/>\n\u2013 pomiar wielko\u015bci cz\u0105stek w zakresie od 10 do 420&nbsp;nm dla st\u0119\u017cenia cz\u0105stek do 1&nbsp;000&nbsp;000\/cm<sup>3<\/sup>;<br \/>\n\u2013 przep\u0142yw roboczy aerozolu: 0,75 LPM +\/- 10%.<\/p>\n<p><strong>Spektometr OPS 3330:<\/strong><br \/>\n\u2013 pomiar wielko\u015bci cz\u0105stek w zakresie od 0,3 do 10&nbsp;\u00b5m dla koncentracji od 0 do 3000\/cm<sup>3<\/sup>;<br \/>\n\u2013 przep\u0142yw roboczy aerozolu: 1,0 LPM +\/- 10%.<\/p>\n<p>&nbsp;<\/p>\n<p><img loading=\"lazy\" decoding=\"async\" class=\"alignnone size-medium wp-image-375\" src=\"https:\/\/wm.pb.edu.pl\/kmiis\/wp-content\/uploads\/sites\/3\/2020\/09\/IMG_4489i-300x300.jpg\" alt=\"Spektometr NANOSCAN\" width=\"300\" height=\"300\" srcset=\"https:\/\/wm.pb.edu.pl\/kmiis\/wp-content\/uploads\/sites\/3\/2020\/09\/IMG_4489i-300x300.jpg 300w, https:\/\/wm.pb.edu.pl\/kmiis\/wp-content\/uploads\/sites\/3\/2020\/09\/IMG_4489i-150x150.jpg 150w, https:\/\/wm.pb.edu.pl\/kmiis\/wp-content\/uploads\/sites\/3\/2020\/09\/IMG_4489i.jpg 710w\" sizes=\"auto, (max-width: 300px) 100vw, 300px\" \/><img loading=\"lazy\" decoding=\"async\" class=\"alignnone wp-image-383\" src=\"https:\/\/wm.pb.edu.pl\/kmiis\/wp-content\/uploads\/sites\/3\/2020\/09\/IMG_4483i-300x237.jpg\" alt=\"Spektometr\" width=\"381\" height=\"300\" srcset=\"https:\/\/wm.pb.edu.pl\/kmiis\/wp-content\/uploads\/sites\/3\/2020\/09\/IMG_4483i-300x237.jpg 300w, https:\/\/wm.pb.edu.pl\/kmiis\/wp-content\/uploads\/sites\/3\/2020\/09\/IMG_4483i.jpg 700w\" sizes=\"auto, (max-width: 381px) 100vw, 381px\" \/><\/p>\n","protected":false},"excerpt":{"rendered":"<p>Spektometr NANOSCAN 3910: \u2013 pomiar wielko\u015bci cz\u0105stek w zakresie od 10 do 420&nbsp;nm dla st\u0119\u017cenia<a class=\"read-more\" href=\"https:\/\/wm.pb.edu.pl\/kmiis\/spektometry-nanoscan-3910-i-ops-3330\/\" title=\"Poka\u017c artyku\u0142 Spektometry NANOSCAN 3910 i OPS 3330\">wi\u0119cej<\/a><\/p>\n","protected":false},"author":14,"featured_media":0,"parent":0,"menu_order":0,"comment_status":"closed","ping_status":"closed","template":"","meta":{"inline_featured_image":false,"ngg_post_thumbnail":0,"footnotes":""},"class_list":["post-355","page","type-page","status-publish","hentry"],"acf":[],"yoast_head":"<!-- This site is optimized with the Yoast SEO plugin v26.4 - https:\/\/yoast.com\/wordpress\/plugins\/seo\/ -->\n<title>Spektometry NANOSCAN 3910 i OPS 3330 - Katedra Mechaniki i Informatyki Stosowanej<\/title>\n<meta name=\"robots\" content=\"index, follow, max-snippet:-1, max-image-preview:large, max-video-preview:-1\" \/>\n<link rel=\"canonical\" href=\"https:\/\/wm.pb.edu.pl\/kmiis\/spektometry-nanoscan-3910-i-ops-3330\/\" \/>\n<meta property=\"og:locale\" content=\"pl_PL\" \/>\n<meta property=\"og:type\" content=\"article\" \/>\n<meta property=\"og:title\" content=\"Spektometry NANOSCAN 3910 i OPS 3330 - Katedra Mechaniki i Informatyki Stosowanej\" \/>\n<meta property=\"og:description\" content=\"Spektometr NANOSCAN 3910: \u2013 pomiar wielko\u015bci cz\u0105stek w zakresie od 10 do 420&nbsp;nm dla st\u0119\u017ceniawi\u0119cej\" \/>\n<meta property=\"og:url\" content=\"https:\/\/wm.pb.edu.pl\/kmiis\/spektometry-nanoscan-3910-i-ops-3330\/\" \/>\n<meta property=\"og:site_name\" content=\"Katedra Mechaniki i Informatyki Stosowanej\" \/>\n<meta property=\"article:modified_time\" content=\"2020-09-18T09:40:21+00:00\" \/>\n<meta property=\"og:image\" content=\"https:\/\/wm.pb.edu.pl\/kmiis\/wp-content\/uploads\/sites\/3\/2020\/09\/IMG_4489i.jpg\" \/>\n\t<meta property=\"og:image:width\" content=\"710\" \/>\n\t<meta property=\"og:image:height\" content=\"710\" \/>\n\t<meta property=\"og:image:type\" content=\"image\/jpeg\" \/>\n<meta name=\"twitter:card\" content=\"summary_large_image\" \/>\n<script type=\"application\/ld+json\" class=\"yoast-schema-graph\">{\"@context\":\"https:\/\/schema.org\",\"@graph\":[{\"@type\":\"WebPage\",\"@id\":\"https:\/\/wm.pb.edu.pl\/kmiis\/spektometry-nanoscan-3910-i-ops-3330\/\",\"url\":\"https:\/\/wm.pb.edu.pl\/kmiis\/spektometry-nanoscan-3910-i-ops-3330\/\",\"name\":\"Spektometry NANOSCAN 3910 i OPS 3330 - Katedra Mechaniki i Informatyki Stosowanej\",\"isPartOf\":{\"@id\":\"https:\/\/wm.pb.edu.pl\/kmiis\/#website\"},\"primaryImageOfPage\":{\"@id\":\"https:\/\/wm.pb.edu.pl\/kmiis\/spektometry-nanoscan-3910-i-ops-3330\/#primaryimage\"},\"image\":{\"@id\":\"https:\/\/wm.pb.edu.pl\/kmiis\/spektometry-nanoscan-3910-i-ops-3330\/#primaryimage\"},\"thumbnailUrl\":\"https:\/\/wm.pb.edu.pl\/kmiis\/wp-content\/uploads\/sites\/3\/2020\/09\/IMG_4489i-300x300.jpg\",\"datePublished\":\"2020-09-14T09:26:47+00:00\",\"dateModified\":\"2020-09-18T09:40:21+00:00\",\"breadcrumb\":{\"@id\":\"https:\/\/wm.pb.edu.pl\/kmiis\/spektometry-nanoscan-3910-i-ops-3330\/#breadcrumb\"},\"inLanguage\":\"pl-PL\",\"potentialAction\":[{\"@type\":\"ReadAction\",\"target\":[\"https:\/\/wm.pb.edu.pl\/kmiis\/spektometry-nanoscan-3910-i-ops-3330\/\"]}]},{\"@type\":\"ImageObject\",\"inLanguage\":\"pl-PL\",\"@id\":\"https:\/\/wm.pb.edu.pl\/kmiis\/spektometry-nanoscan-3910-i-ops-3330\/#primaryimage\",\"url\":\"https:\/\/wm.pb.edu.pl\/kmiis\/wp-content\/uploads\/sites\/3\/2020\/09\/IMG_4489i.jpg\",\"contentUrl\":\"https:\/\/wm.pb.edu.pl\/kmiis\/wp-content\/uploads\/sites\/3\/2020\/09\/IMG_4489i.jpg\",\"width\":710,\"height\":710,\"caption\":\"Spektometr NANOSCAN\"},{\"@type\":\"BreadcrumbList\",\"@id\":\"https:\/\/wm.pb.edu.pl\/kmiis\/spektometry-nanoscan-3910-i-ops-3330\/#breadcrumb\",\"itemListElement\":[{\"@type\":\"ListItem\",\"position\":1,\"name\":\"Strona g\u0142\u00f3wna\",\"item\":\"https:\/\/wm.pb.edu.pl\/kmiis\/\"},{\"@type\":\"ListItem\",\"position\":2,\"name\":\"Spektometry NANOSCAN 3910 i OPS 3330\"}]},{\"@type\":\"WebSite\",\"@id\":\"https:\/\/wm.pb.edu.pl\/kmiis\/#website\",\"url\":\"https:\/\/wm.pb.edu.pl\/kmiis\/\",\"name\":\"Katedra Mechaniki i Informatyki Stosowanej\",\"description\":\"\",\"potentialAction\":[{\"@type\":\"SearchAction\",\"target\":{\"@type\":\"EntryPoint\",\"urlTemplate\":\"https:\/\/wm.pb.edu.pl\/kmiis\/?s={search_term_string}\"},\"query-input\":{\"@type\":\"PropertyValueSpecification\",\"valueRequired\":true,\"valueName\":\"search_term_string\"}}],\"inLanguage\":\"pl-PL\"}]}<\/script>\n<!-- \/ Yoast SEO plugin. -->","yoast_head_json":{"title":"Spektometry NANOSCAN 3910 i OPS 3330 - Katedra Mechaniki i Informatyki Stosowanej","robots":{"index":"index","follow":"follow","max-snippet":"max-snippet:-1","max-image-preview":"max-image-preview:large","max-video-preview":"max-video-preview:-1"},"canonical":"https:\/\/wm.pb.edu.pl\/kmiis\/spektometry-nanoscan-3910-i-ops-3330\/","og_locale":"pl_PL","og_type":"article","og_title":"Spektometry NANOSCAN 3910 i OPS 3330 - Katedra Mechaniki i Informatyki Stosowanej","og_description":"Spektometr NANOSCAN 3910: \u2013 pomiar wielko\u015bci cz\u0105stek w zakresie od 10 do 420&nbsp;nm dla st\u0119\u017ceniawi\u0119cej","og_url":"https:\/\/wm.pb.edu.pl\/kmiis\/spektometry-nanoscan-3910-i-ops-3330\/","og_site_name":"Katedra Mechaniki i Informatyki Stosowanej","article_modified_time":"2020-09-18T09:40:21+00:00","og_image":[{"width":710,"height":710,"url":"https:\/\/wm.pb.edu.pl\/kmiis\/wp-content\/uploads\/sites\/3\/2020\/09\/IMG_4489i.jpg","type":"image\/jpeg"}],"twitter_card":"summary_large_image","schema":{"@context":"https:\/\/schema.org","@graph":[{"@type":"WebPage","@id":"https:\/\/wm.pb.edu.pl\/kmiis\/spektometry-nanoscan-3910-i-ops-3330\/","url":"https:\/\/wm.pb.edu.pl\/kmiis\/spektometry-nanoscan-3910-i-ops-3330\/","name":"Spektometry NANOSCAN 3910 i OPS 3330 - Katedra Mechaniki i Informatyki Stosowanej","isPartOf":{"@id":"https:\/\/wm.pb.edu.pl\/kmiis\/#website"},"primaryImageOfPage":{"@id":"https:\/\/wm.pb.edu.pl\/kmiis\/spektometry-nanoscan-3910-i-ops-3330\/#primaryimage"},"image":{"@id":"https:\/\/wm.pb.edu.pl\/kmiis\/spektometry-nanoscan-3910-i-ops-3330\/#primaryimage"},"thumbnailUrl":"https:\/\/wm.pb.edu.pl\/kmiis\/wp-content\/uploads\/sites\/3\/2020\/09\/IMG_4489i-300x300.jpg","datePublished":"2020-09-14T09:26:47+00:00","dateModified":"2020-09-18T09:40:21+00:00","breadcrumb":{"@id":"https:\/\/wm.pb.edu.pl\/kmiis\/spektometry-nanoscan-3910-i-ops-3330\/#breadcrumb"},"inLanguage":"pl-PL","potentialAction":[{"@type":"ReadAction","target":["https:\/\/wm.pb.edu.pl\/kmiis\/spektometry-nanoscan-3910-i-ops-3330\/"]}]},{"@type":"ImageObject","inLanguage":"pl-PL","@id":"https:\/\/wm.pb.edu.pl\/kmiis\/spektometry-nanoscan-3910-i-ops-3330\/#primaryimage","url":"https:\/\/wm.pb.edu.pl\/kmiis\/wp-content\/uploads\/sites\/3\/2020\/09\/IMG_4489i.jpg","contentUrl":"https:\/\/wm.pb.edu.pl\/kmiis\/wp-content\/uploads\/sites\/3\/2020\/09\/IMG_4489i.jpg","width":710,"height":710,"caption":"Spektometr NANOSCAN"},{"@type":"BreadcrumbList","@id":"https:\/\/wm.pb.edu.pl\/kmiis\/spektometry-nanoscan-3910-i-ops-3330\/#breadcrumb","itemListElement":[{"@type":"ListItem","position":1,"name":"Strona g\u0142\u00f3wna","item":"https:\/\/wm.pb.edu.pl\/kmiis\/"},{"@type":"ListItem","position":2,"name":"Spektometry NANOSCAN 3910 i OPS 3330"}]},{"@type":"WebSite","@id":"https:\/\/wm.pb.edu.pl\/kmiis\/#website","url":"https:\/\/wm.pb.edu.pl\/kmiis\/","name":"Katedra Mechaniki i Informatyki Stosowanej","description":"","potentialAction":[{"@type":"SearchAction","target":{"@type":"EntryPoint","urlTemplate":"https:\/\/wm.pb.edu.pl\/kmiis\/?s={search_term_string}"},"query-input":{"@type":"PropertyValueSpecification","valueRequired":true,"valueName":"search_term_string"}}],"inLanguage":"pl-PL"}]}},"_links":{"self":[{"href":"https:\/\/wm.pb.edu.pl\/kmiis\/wp-json\/wp\/v2\/pages\/355","targetHints":{"allow":["GET"]}}],"collection":[{"href":"https:\/\/wm.pb.edu.pl\/kmiis\/wp-json\/wp\/v2\/pages"}],"about":[{"href":"https:\/\/wm.pb.edu.pl\/kmiis\/wp-json\/wp\/v2\/types\/page"}],"author":[{"embeddable":true,"href":"https:\/\/wm.pb.edu.pl\/kmiis\/wp-json\/wp\/v2\/users\/14"}],"replies":[{"embeddable":true,"href":"https:\/\/wm.pb.edu.pl\/kmiis\/wp-json\/wp\/v2\/comments?post=355"}],"version-history":[{"count":6,"href":"https:\/\/wm.pb.edu.pl\/kmiis\/wp-json\/wp\/v2\/pages\/355\/revisions"}],"predecessor-version":[{"id":386,"href":"https:\/\/wm.pb.edu.pl\/kmiis\/wp-json\/wp\/v2\/pages\/355\/revisions\/386"}],"wp:attachment":[{"href":"https:\/\/wm.pb.edu.pl\/kmiis\/wp-json\/wp\/v2\/media?parent=355"}],"curies":[{"name":"wp","href":"https:\/\/api.w.org\/{rel}","templated":true}]}}