{"id":363,"date":"2020-09-14T11:34:22","date_gmt":"2020-09-14T09:34:22","guid":{"rendered":"https:\/\/wm.pb.edu.pl\/kmiis\/?page_id=363"},"modified":"2020-09-14T11:34:22","modified_gmt":"2020-09-14T09:34:22","slug":"maszyny-wytrzymalosciowe","status":"publish","type":"page","link":"https:\/\/wm.pb.edu.pl\/kmiis\/maszyny-wytrzymalosciowe\/","title":{"rendered":"Maszyny wytrzyma\u0142o\u015bciowe"},"content":{"rendered":"<p><strong>Maszyny wytrzyma\u0142o\u015bciowe:<\/strong><\/p>\n<p>\u2013 elektromechaniczna maszyna wytrzyma\u0142o\u015bciowa EDZ 100 (obci\u0105\u017cenie monotoniczne rozci\u0105ganiem i&nbsp;\u015bciskaniem w&nbsp;zakresie do&nbsp;1000 kN) doposa\u017cone w&nbsp;cyfrow\u0105 elektronik\u0119 ZMART.PRO\/testControl-I firmy Zwick umo\u017cliwiaj\u0105c\u0105 sterowania procesem badawczym za&nbsp;pomoc\u0105 oprogramowania testXpert;<\/p>\n<p>\u2013 maszyna wytrzyma\u0142o\u015bciowa EDZ 40 o&nbsp;nap\u0119dzie hydraulicznym (obci\u0105\u017cenie monotoniczne rozci\u0105ganiem i&nbsp;\u015bciskaniem w&nbsp;zakresie do&nbsp;400 kN);<\/p>\n<p>\u2013 elektromechaniczna uniwersalna maszyna wytrzyma\u0142o\u015bciowa ZD10\/90 (obci\u0105\u017cenie w&nbsp;zakresie do&nbsp;100 kN poprzez monotoniczny przesuw trawersy ruchomej); mo\u017cliwo\u015b\u0107 realizacji rozci\u0105gania-\u015bciskania i&nbsp;tr\u00f3jpunktowego zginania;<\/p>\n<p>\u2013 maszyna wytrzyma\u0142o\u015bciowa KM-50-1 (zakres momentu skr\u0119caj\u0105cego do 500 Nm);<\/p>\n<p>\u2013 zesp\u00f3\u0142 tr\u00f3jstanowiskowych pe\u0142zarek ZST 3\/3 (max. obci\u0105\u017cenie osiowe 30 kN).<\/p>\n","protected":false},"excerpt":{"rendered":"<p>Maszyny wytrzyma\u0142o\u015bciowe: \u2013 elektromechaniczna maszyna wytrzyma\u0142o\u015bciowa EDZ 100 (obci\u0105\u017cenie monotoniczne rozci\u0105ganiem i&nbsp;\u015bciskaniem w&nbsp;zakresie do&nbsp;1000 kN)<a class=\"read-more\" href=\"https:\/\/wm.pb.edu.pl\/kmiis\/maszyny-wytrzymalosciowe\/\" title=\"Poka\u017c artyku\u0142 Maszyny wytrzyma\u0142o\u015bciowe\">wi\u0119cej<\/a><\/p>\n","protected":false},"author":14,"featured_media":0,"parent":0,"menu_order":0,"comment_status":"closed","ping_status":"closed","template":"","meta":{"inline_featured_image":false,"ngg_post_thumbnail":0,"footnotes":""},"class_list":["post-363","page","type-page","status-publish","hentry"],"acf":[],"yoast_head":"<!-- This site is optimized with the Yoast SEO plugin v26.4 - https:\/\/yoast.com\/wordpress\/plugins\/seo\/ -->\n<title>Maszyny wytrzyma\u0142o\u015bciowe - Katedra Mechaniki i Informatyki Stosowanej<\/title>\n<meta name=\"robots\" content=\"index, follow, max-snippet:-1, max-image-preview:large, max-video-preview:-1\" \/>\n<link rel=\"canonical\" href=\"https:\/\/wm.pb.edu.pl\/kmiis\/maszyny-wytrzymalosciowe\/\" \/>\n<meta property=\"og:locale\" content=\"pl_PL\" \/>\n<meta property=\"og:type\" content=\"article\" \/>\n<meta property=\"og:title\" content=\"Maszyny wytrzyma\u0142o\u015bciowe - Katedra Mechaniki i Informatyki Stosowanej\" \/>\n<meta property=\"og:description\" content=\"Maszyny wytrzyma\u0142o\u015bciowe: \u2013 elektromechaniczna maszyna wytrzyma\u0142o\u015bciowa EDZ 100 (obci\u0105\u017cenie monotoniczne rozci\u0105ganiem i&nbsp;\u015bciskaniem w&nbsp;zakresie do&nbsp;1000 kN)wi\u0119cej\" \/>\n<meta property=\"og:url\" content=\"https:\/\/wm.pb.edu.pl\/kmiis\/maszyny-wytrzymalosciowe\/\" \/>\n<meta property=\"og:site_name\" content=\"Katedra Mechaniki i Informatyki Stosowanej\" \/>\n<meta name=\"twitter:card\" content=\"summary_large_image\" \/>\n<meta name=\"twitter:label1\" content=\"Szacowany czas czytania\" \/>\n\t<meta name=\"twitter:data1\" content=\"1 minuta\" \/>\n<script type=\"application\/ld+json\" class=\"yoast-schema-graph\">{\"@context\":\"https:\/\/schema.org\",\"@graph\":[{\"@type\":\"WebPage\",\"@id\":\"https:\/\/wm.pb.edu.pl\/kmiis\/maszyny-wytrzymalosciowe\/\",\"url\":\"https:\/\/wm.pb.edu.pl\/kmiis\/maszyny-wytrzymalosciowe\/\",\"name\":\"Maszyny wytrzyma\u0142o\u015bciowe - Katedra Mechaniki i Informatyki Stosowanej\",\"isPartOf\":{\"@id\":\"https:\/\/wm.pb.edu.pl\/kmiis\/#website\"},\"datePublished\":\"2020-09-14T09:34:22+00:00\",\"breadcrumb\":{\"@id\":\"https:\/\/wm.pb.edu.pl\/kmiis\/maszyny-wytrzymalosciowe\/#breadcrumb\"},\"inLanguage\":\"pl-PL\",\"potentialAction\":[{\"@type\":\"ReadAction\",\"target\":[\"https:\/\/wm.pb.edu.pl\/kmiis\/maszyny-wytrzymalosciowe\/\"]}]},{\"@type\":\"BreadcrumbList\",\"@id\":\"https:\/\/wm.pb.edu.pl\/kmiis\/maszyny-wytrzymalosciowe\/#breadcrumb\",\"itemListElement\":[{\"@type\":\"ListItem\",\"position\":1,\"name\":\"Strona g\u0142\u00f3wna\",\"item\":\"https:\/\/wm.pb.edu.pl\/kmiis\/\"},{\"@type\":\"ListItem\",\"position\":2,\"name\":\"Maszyny wytrzyma\u0142o\u015bciowe\"}]},{\"@type\":\"WebSite\",\"@id\":\"https:\/\/wm.pb.edu.pl\/kmiis\/#website\",\"url\":\"https:\/\/wm.pb.edu.pl\/kmiis\/\",\"name\":\"Katedra Mechaniki i Informatyki Stosowanej\",\"description\":\"\",\"potentialAction\":[{\"@type\":\"SearchAction\",\"target\":{\"@type\":\"EntryPoint\",\"urlTemplate\":\"https:\/\/wm.pb.edu.pl\/kmiis\/?s={search_term_string}\"},\"query-input\":{\"@type\":\"PropertyValueSpecification\",\"valueRequired\":true,\"valueName\":\"search_term_string\"}}],\"inLanguage\":\"pl-PL\"}]}<\/script>\n<!-- \/ Yoast SEO plugin. -->","yoast_head_json":{"title":"Maszyny wytrzyma\u0142o\u015bciowe - Katedra Mechaniki i Informatyki Stosowanej","robots":{"index":"index","follow":"follow","max-snippet":"max-snippet:-1","max-image-preview":"max-image-preview:large","max-video-preview":"max-video-preview:-1"},"canonical":"https:\/\/wm.pb.edu.pl\/kmiis\/maszyny-wytrzymalosciowe\/","og_locale":"pl_PL","og_type":"article","og_title":"Maszyny wytrzyma\u0142o\u015bciowe - Katedra Mechaniki i Informatyki Stosowanej","og_description":"Maszyny wytrzyma\u0142o\u015bciowe: \u2013 elektromechaniczna maszyna wytrzyma\u0142o\u015bciowa EDZ 100 (obci\u0105\u017cenie monotoniczne rozci\u0105ganiem i&nbsp;\u015bciskaniem w&nbsp;zakresie do&nbsp;1000 kN)wi\u0119cej","og_url":"https:\/\/wm.pb.edu.pl\/kmiis\/maszyny-wytrzymalosciowe\/","og_site_name":"Katedra Mechaniki i Informatyki Stosowanej","twitter_card":"summary_large_image","twitter_misc":{"Szacowany czas czytania":"1 minuta"},"schema":{"@context":"https:\/\/schema.org","@graph":[{"@type":"WebPage","@id":"https:\/\/wm.pb.edu.pl\/kmiis\/maszyny-wytrzymalosciowe\/","url":"https:\/\/wm.pb.edu.pl\/kmiis\/maszyny-wytrzymalosciowe\/","name":"Maszyny wytrzyma\u0142o\u015bciowe - Katedra Mechaniki i Informatyki Stosowanej","isPartOf":{"@id":"https:\/\/wm.pb.edu.pl\/kmiis\/#website"},"datePublished":"2020-09-14T09:34:22+00:00","breadcrumb":{"@id":"https:\/\/wm.pb.edu.pl\/kmiis\/maszyny-wytrzymalosciowe\/#breadcrumb"},"inLanguage":"pl-PL","potentialAction":[{"@type":"ReadAction","target":["https:\/\/wm.pb.edu.pl\/kmiis\/maszyny-wytrzymalosciowe\/"]}]},{"@type":"BreadcrumbList","@id":"https:\/\/wm.pb.edu.pl\/kmiis\/maszyny-wytrzymalosciowe\/#breadcrumb","itemListElement":[{"@type":"ListItem","position":1,"name":"Strona g\u0142\u00f3wna","item":"https:\/\/wm.pb.edu.pl\/kmiis\/"},{"@type":"ListItem","position":2,"name":"Maszyny wytrzyma\u0142o\u015bciowe"}]},{"@type":"WebSite","@id":"https:\/\/wm.pb.edu.pl\/kmiis\/#website","url":"https:\/\/wm.pb.edu.pl\/kmiis\/","name":"Katedra Mechaniki i Informatyki Stosowanej","description":"","potentialAction":[{"@type":"SearchAction","target":{"@type":"EntryPoint","urlTemplate":"https:\/\/wm.pb.edu.pl\/kmiis\/?s={search_term_string}"},"query-input":{"@type":"PropertyValueSpecification","valueRequired":true,"valueName":"search_term_string"}}],"inLanguage":"pl-PL"}]}},"_links":{"self":[{"href":"https:\/\/wm.pb.edu.pl\/kmiis\/wp-json\/wp\/v2\/pages\/363","targetHints":{"allow":["GET"]}}],"collection":[{"href":"https:\/\/wm.pb.edu.pl\/kmiis\/wp-json\/wp\/v2\/pages"}],"about":[{"href":"https:\/\/wm.pb.edu.pl\/kmiis\/wp-json\/wp\/v2\/types\/page"}],"author":[{"embeddable":true,"href":"https:\/\/wm.pb.edu.pl\/kmiis\/wp-json\/wp\/v2\/users\/14"}],"replies":[{"embeddable":true,"href":"https:\/\/wm.pb.edu.pl\/kmiis\/wp-json\/wp\/v2\/comments?post=363"}],"version-history":[{"count":1,"href":"https:\/\/wm.pb.edu.pl\/kmiis\/wp-json\/wp\/v2\/pages\/363\/revisions"}],"predecessor-version":[{"id":364,"href":"https:\/\/wm.pb.edu.pl\/kmiis\/wp-json\/wp\/v2\/pages\/363\/revisions\/364"}],"wp:attachment":[{"href":"https:\/\/wm.pb.edu.pl\/kmiis\/wp-json\/wp\/v2\/media?parent=363"}],"curies":[{"name":"wp","href":"https:\/\/api.w.org\/{rel}","templated":true}]}}