{"id":365,"date":"2020-09-14T11:34:59","date_gmt":"2020-09-14T09:34:59","guid":{"rendered":"https:\/\/wm.pb.edu.pl\/kmiis\/?page_id=365"},"modified":"2020-09-14T11:34:59","modified_gmt":"2020-09-14T09:34:59","slug":"wzmacniacze-pomiarowe","status":"publish","type":"page","link":"https:\/\/wm.pb.edu.pl\/kmiis\/wzmacniacze-pomiarowe\/","title":{"rendered":"Wzmacniacze pomiarowe"},"content":{"rendered":"<p><strong>Wzmacniacze pomiarowe:<\/strong><\/p>\n<p>\u2013 6-kana\u0142owy wzmacniacz pomiarowy (tensometryczny) Spider 8 firmy Hottinger Baldwin Messtechnik (2 sztuki);<\/p>\n<p>\u2013 6-kana\u0142owy wzmacniacz pomiarowy HBM QuantumX MX840A firmy Hottinger Baldwin Messtechnik (1 sztuka);<\/p>\n<p>\u2013 3-kana\u0142owy wzmacniacz pomiarowy (tensometyczny) KWS 3082A firmy Hottinger Baldwin Messtechnik (1 sztuka);<\/p>\n<p>\u2013 8-kana\u0142owy wzmacniacz z&nbsp;fal\u0105 no\u015bn\u0105 4,5 kHz wraz z&nbsp;zespo\u0142em czujnik\u00f3w indukcyj-nych, wyprodukowany przez&nbsp;Instytut Lotnictwa w&nbsp;Warszawie (1 sztuka);<\/p>\n<p>\u2013 jednokana\u0142owe wzmacniacze z&nbsp;fal\u0105 no\u015bn\u0105 4,8 kHz: MVD 2555 i&nbsp;AE 101 wraz z&nbsp;czujnikami indukcyjnymi przemieszcze\u0144 W1EL\/0-2 i&nbsp;WA-10 firmy Hottinger Baldwin Messtechnik (2 sztuki).<\/p>\n","protected":false},"excerpt":{"rendered":"<p>Wzmacniacze pomiarowe: \u2013 6-kana\u0142owy wzmacniacz pomiarowy (tensometryczny) Spider 8 firmy Hottinger Baldwin Messtechnik (2 sztuki);<a class=\"read-more\" href=\"https:\/\/wm.pb.edu.pl\/kmiis\/wzmacniacze-pomiarowe\/\" title=\"Poka\u017c artyku\u0142 Wzmacniacze pomiarowe\">wi\u0119cej<\/a><\/p>\n","protected":false},"author":14,"featured_media":0,"parent":0,"menu_order":0,"comment_status":"closed","ping_status":"closed","template":"","meta":{"inline_featured_image":false,"ngg_post_thumbnail":0,"footnotes":""},"class_list":["post-365","page","type-page","status-publish","hentry"],"acf":[],"yoast_head":"<!-- This site is optimized with the Yoast SEO plugin v26.4 - https:\/\/yoast.com\/wordpress\/plugins\/seo\/ -->\n<title>Wzmacniacze pomiarowe - Katedra Mechaniki i Informatyki Stosowanej<\/title>\n<meta name=\"robots\" content=\"index, follow, max-snippet:-1, max-image-preview:large, max-video-preview:-1\" \/>\n<link rel=\"canonical\" href=\"https:\/\/wm.pb.edu.pl\/kmiis\/wzmacniacze-pomiarowe\/\" \/>\n<meta property=\"og:locale\" content=\"pl_PL\" \/>\n<meta property=\"og:type\" content=\"article\" \/>\n<meta property=\"og:title\" content=\"Wzmacniacze pomiarowe - Katedra Mechaniki i Informatyki Stosowanej\" \/>\n<meta property=\"og:description\" content=\"Wzmacniacze pomiarowe: \u2013 6-kana\u0142owy wzmacniacz pomiarowy (tensometryczny) Spider 8 firmy Hottinger Baldwin Messtechnik (2 sztuki);wi\u0119cej\" \/>\n<meta property=\"og:url\" content=\"https:\/\/wm.pb.edu.pl\/kmiis\/wzmacniacze-pomiarowe\/\" \/>\n<meta property=\"og:site_name\" content=\"Katedra Mechaniki i Informatyki Stosowanej\" \/>\n<meta name=\"twitter:card\" content=\"summary_large_image\" \/>\n<script type=\"application\/ld+json\" class=\"yoast-schema-graph\">{\"@context\":\"https:\/\/schema.org\",\"@graph\":[{\"@type\":\"WebPage\",\"@id\":\"https:\/\/wm.pb.edu.pl\/kmiis\/wzmacniacze-pomiarowe\/\",\"url\":\"https:\/\/wm.pb.edu.pl\/kmiis\/wzmacniacze-pomiarowe\/\",\"name\":\"Wzmacniacze pomiarowe - Katedra Mechaniki i Informatyki Stosowanej\",\"isPartOf\":{\"@id\":\"https:\/\/wm.pb.edu.pl\/kmiis\/#website\"},\"datePublished\":\"2020-09-14T09:34:59+00:00\",\"breadcrumb\":{\"@id\":\"https:\/\/wm.pb.edu.pl\/kmiis\/wzmacniacze-pomiarowe\/#breadcrumb\"},\"inLanguage\":\"pl-PL\",\"potentialAction\":[{\"@type\":\"ReadAction\",\"target\":[\"https:\/\/wm.pb.edu.pl\/kmiis\/wzmacniacze-pomiarowe\/\"]}]},{\"@type\":\"BreadcrumbList\",\"@id\":\"https:\/\/wm.pb.edu.pl\/kmiis\/wzmacniacze-pomiarowe\/#breadcrumb\",\"itemListElement\":[{\"@type\":\"ListItem\",\"position\":1,\"name\":\"Strona g\u0142\u00f3wna\",\"item\":\"https:\/\/wm.pb.edu.pl\/kmiis\/\"},{\"@type\":\"ListItem\",\"position\":2,\"name\":\"Wzmacniacze pomiarowe\"}]},{\"@type\":\"WebSite\",\"@id\":\"https:\/\/wm.pb.edu.pl\/kmiis\/#website\",\"url\":\"https:\/\/wm.pb.edu.pl\/kmiis\/\",\"name\":\"Katedra Mechaniki i Informatyki Stosowanej\",\"description\":\"\",\"potentialAction\":[{\"@type\":\"SearchAction\",\"target\":{\"@type\":\"EntryPoint\",\"urlTemplate\":\"https:\/\/wm.pb.edu.pl\/kmiis\/?s={search_term_string}\"},\"query-input\":{\"@type\":\"PropertyValueSpecification\",\"valueRequired\":true,\"valueName\":\"search_term_string\"}}],\"inLanguage\":\"pl-PL\"}]}<\/script>\n<!-- \/ Yoast SEO plugin. -->","yoast_head_json":{"title":"Wzmacniacze pomiarowe - Katedra Mechaniki i Informatyki Stosowanej","robots":{"index":"index","follow":"follow","max-snippet":"max-snippet:-1","max-image-preview":"max-image-preview:large","max-video-preview":"max-video-preview:-1"},"canonical":"https:\/\/wm.pb.edu.pl\/kmiis\/wzmacniacze-pomiarowe\/","og_locale":"pl_PL","og_type":"article","og_title":"Wzmacniacze pomiarowe - Katedra Mechaniki i Informatyki Stosowanej","og_description":"Wzmacniacze pomiarowe: \u2013 6-kana\u0142owy wzmacniacz pomiarowy (tensometryczny) Spider 8 firmy Hottinger Baldwin Messtechnik (2 sztuki);wi\u0119cej","og_url":"https:\/\/wm.pb.edu.pl\/kmiis\/wzmacniacze-pomiarowe\/","og_site_name":"Katedra Mechaniki i Informatyki Stosowanej","twitter_card":"summary_large_image","schema":{"@context":"https:\/\/schema.org","@graph":[{"@type":"WebPage","@id":"https:\/\/wm.pb.edu.pl\/kmiis\/wzmacniacze-pomiarowe\/","url":"https:\/\/wm.pb.edu.pl\/kmiis\/wzmacniacze-pomiarowe\/","name":"Wzmacniacze pomiarowe - Katedra Mechaniki i Informatyki Stosowanej","isPartOf":{"@id":"https:\/\/wm.pb.edu.pl\/kmiis\/#website"},"datePublished":"2020-09-14T09:34:59+00:00","breadcrumb":{"@id":"https:\/\/wm.pb.edu.pl\/kmiis\/wzmacniacze-pomiarowe\/#breadcrumb"},"inLanguage":"pl-PL","potentialAction":[{"@type":"ReadAction","target":["https:\/\/wm.pb.edu.pl\/kmiis\/wzmacniacze-pomiarowe\/"]}]},{"@type":"BreadcrumbList","@id":"https:\/\/wm.pb.edu.pl\/kmiis\/wzmacniacze-pomiarowe\/#breadcrumb","itemListElement":[{"@type":"ListItem","position":1,"name":"Strona g\u0142\u00f3wna","item":"https:\/\/wm.pb.edu.pl\/kmiis\/"},{"@type":"ListItem","position":2,"name":"Wzmacniacze pomiarowe"}]},{"@type":"WebSite","@id":"https:\/\/wm.pb.edu.pl\/kmiis\/#website","url":"https:\/\/wm.pb.edu.pl\/kmiis\/","name":"Katedra Mechaniki i Informatyki Stosowanej","description":"","potentialAction":[{"@type":"SearchAction","target":{"@type":"EntryPoint","urlTemplate":"https:\/\/wm.pb.edu.pl\/kmiis\/?s={search_term_string}"},"query-input":{"@type":"PropertyValueSpecification","valueRequired":true,"valueName":"search_term_string"}}],"inLanguage":"pl-PL"}]}},"_links":{"self":[{"href":"https:\/\/wm.pb.edu.pl\/kmiis\/wp-json\/wp\/v2\/pages\/365","targetHints":{"allow":["GET"]}}],"collection":[{"href":"https:\/\/wm.pb.edu.pl\/kmiis\/wp-json\/wp\/v2\/pages"}],"about":[{"href":"https:\/\/wm.pb.edu.pl\/kmiis\/wp-json\/wp\/v2\/types\/page"}],"author":[{"embeddable":true,"href":"https:\/\/wm.pb.edu.pl\/kmiis\/wp-json\/wp\/v2\/users\/14"}],"replies":[{"embeddable":true,"href":"https:\/\/wm.pb.edu.pl\/kmiis\/wp-json\/wp\/v2\/comments?post=365"}],"version-history":[{"count":1,"href":"https:\/\/wm.pb.edu.pl\/kmiis\/wp-json\/wp\/v2\/pages\/365\/revisions"}],"predecessor-version":[{"id":366,"href":"https:\/\/wm.pb.edu.pl\/kmiis\/wp-json\/wp\/v2\/pages\/365\/revisions\/366"}],"wp:attachment":[{"href":"https:\/\/wm.pb.edu.pl\/kmiis\/wp-json\/wp\/v2\/media?parent=365"}],"curies":[{"name":"wp","href":"https:\/\/api.w.org\/{rel}","templated":true}]}}