{"id":367,"date":"2020-09-14T11:36:13","date_gmt":"2020-09-14T09:36:13","guid":{"rendered":"https:\/\/wm.pb.edu.pl\/kmiis\/?page_id=367"},"modified":"2020-09-14T11:36:13","modified_gmt":"2020-09-14T09:36:13","slug":"ekstensometry","status":"publish","type":"page","link":"https:\/\/wm.pb.edu.pl\/kmiis\/ekstensometry\/","title":{"rendered":"Ekstensometry"},"content":{"rendered":"<p><strong>Ekstensometry:<\/strong><\/p>\n<p>\u2013 ekstensometr 632.68F\u201308 firmy MTS do&nbsp;pomiar\u00f3w dynamicznych w&nbsp;wysokiej temperaturze; umo\u017cliwia jednoczesny pomiar wyd\u0142u\u017cenia i&nbsp;k\u0105ta skr\u0119cenia pr\u00f3bki;<\/p>\n<p>\u2013 dwuosiowy ekstensometr wysokotemperaturowy do&nbsp;pomiar\u00f3w dynamicznych Epsilon 3550HT (baza pomiarowa 25 mm, zakres przemieszczenia osiowego \u00b1 5 mm oraz&nbsp;k\u0105towego \u00b1 5<sup>o<\/sup>);<\/p>\n<p>\u2013 ekstensometr 3542 firmy Epsilon do&nbsp;dynamicznych pomiar\u00f3w odkszta\u0142ce\u0144 pr\u00f3bek przy ich osiowym rozci\u0105ganiu i&nbsp;\u015bciskaniu (baza pomiarowa 50 mm, zakres \u00b1 12,5 mm oraz&nbsp;\u00b1 25 mm ) (2 sztuki);<\/p>\n<p>\u2013 ekstensometr 632.18. firmy MTS do&nbsp;dynamicznych pomiar\u00f3w odkszta\u0142ce\u0144 poprzecznych (\u015brednicy) pr\u00f3bek (baza pomiarowa \u0278 5-24 mm, zakres \u00b1 2 mm);<\/p>\n<p>\u2013 ekstensometr Epsilon 3541 do&nbsp;pomiaru rozwarcia szczeliny (baza pomiarowa 5 mm);<\/p>\n<p>\u2013 dwuosiowy ekstensometr 632.85F-05\/14\/ MTS (baza pomiarowa: 25 mm; osiowe wyd\u0142u\u017cenie:+1,2\/ -0,5 mm; poprzeczne wyd\u0142u\u017cenie: +\/\u2013 0,5 mm; zakres temperatur: 100 do&nbsp;150 \u00b0C; nieliniowo\u015b\u0107 0,25%);<\/p>\n<p>\u2013 ekstensometr osiowy 634.31F-24 (mo\u017cliwo\u015b\u0107 zastosowania 9 baz pomiarowych: 10, 15, 20, 25, 30, 35, 40, 45, 50 mm; klasa dok\u0142adno\u015bci 0,5; zakres odkszta\u0142ce\u0144 wzd\u0142u\u017cnych \u2013 2\u00f74 mm; zakres temperatur: -85 to&nbsp;120 \u00b0C) \u2013 w&nbsp;trakcie zakupu;<\/p>\n<p>\u2013 dwuosiowym ekstensometr MTS 632.80F-04 do&nbsp;pomiaru wyd\u0142u\u017cenia i&nbsp;k\u0105ta skr\u0119cenia pr\u00f3bki rurkowej; pomiar wyd\u0142u\u017cenia pr\u00f3bki na&nbsp;d\u0142ugo\u015bci 25 mm; pomiar k\u0105ta skr\u0119cenia: \u00b15\u00b0, praca w&nbsp;temperaturze -100 do&nbsp;150 \u00b0C;<\/p>\n<p>\u2013 kalibrator Epsilon 3590AT do&nbsp;wzorcowania ekstensometr\u00f3w jedno- i&nbsp;dwuosiowych.<\/p>\n","protected":false},"excerpt":{"rendered":"<p>Ekstensometry: \u2013 ekstensometr 632.68F\u201308 firmy MTS do&nbsp;pomiar\u00f3w dynamicznych w&nbsp;wysokiej temperaturze; umo\u017cliwia jednoczesny pomiar wyd\u0142u\u017cenia i&nbsp;k\u0105ta<a class=\"read-more\" href=\"https:\/\/wm.pb.edu.pl\/kmiis\/ekstensometry\/\" title=\"Poka\u017c artyku\u0142 Ekstensometry\">wi\u0119cej<\/a><\/p>\n","protected":false},"author":14,"featured_media":0,"parent":0,"menu_order":0,"comment_status":"closed","ping_status":"closed","template":"","meta":{"inline_featured_image":false,"ngg_post_thumbnail":0,"footnotes":""},"class_list":["post-367","page","type-page","status-publish","hentry"],"acf":[],"yoast_head":"<!-- This site is optimized with the Yoast SEO plugin v26.4 - https:\/\/yoast.com\/wordpress\/plugins\/seo\/ -->\n<title>Ekstensometry - Katedra Mechaniki i Informatyki Stosowanej<\/title>\n<meta name=\"robots\" content=\"index, follow, max-snippet:-1, max-image-preview:large, max-video-preview:-1\" \/>\n<link rel=\"canonical\" href=\"https:\/\/wm.pb.edu.pl\/kmiis\/ekstensometry\/\" \/>\n<meta property=\"og:locale\" content=\"pl_PL\" \/>\n<meta property=\"og:type\" content=\"article\" \/>\n<meta property=\"og:title\" content=\"Ekstensometry - Katedra Mechaniki i Informatyki Stosowanej\" \/>\n<meta property=\"og:description\" content=\"Ekstensometry: \u2013 ekstensometr 632.68F\u201308 firmy MTS do&nbsp;pomiar\u00f3w dynamicznych w&nbsp;wysokiej temperaturze; umo\u017cliwia jednoczesny pomiar wyd\u0142u\u017cenia i&nbsp;k\u0105tawi\u0119cej\" \/>\n<meta property=\"og:url\" content=\"https:\/\/wm.pb.edu.pl\/kmiis\/ekstensometry\/\" \/>\n<meta property=\"og:site_name\" content=\"Katedra Mechaniki i Informatyki Stosowanej\" \/>\n<meta name=\"twitter:card\" content=\"summary_large_image\" \/>\n<meta name=\"twitter:label1\" content=\"Szacowany czas czytania\" \/>\n\t<meta name=\"twitter:data1\" content=\"1 minuta\" \/>\n<script type=\"application\/ld+json\" class=\"yoast-schema-graph\">{\"@context\":\"https:\/\/schema.org\",\"@graph\":[{\"@type\":\"WebPage\",\"@id\":\"https:\/\/wm.pb.edu.pl\/kmiis\/ekstensometry\/\",\"url\":\"https:\/\/wm.pb.edu.pl\/kmiis\/ekstensometry\/\",\"name\":\"Ekstensometry - Katedra Mechaniki i Informatyki Stosowanej\",\"isPartOf\":{\"@id\":\"https:\/\/wm.pb.edu.pl\/kmiis\/#website\"},\"datePublished\":\"2020-09-14T09:36:13+00:00\",\"breadcrumb\":{\"@id\":\"https:\/\/wm.pb.edu.pl\/kmiis\/ekstensometry\/#breadcrumb\"},\"inLanguage\":\"pl-PL\",\"potentialAction\":[{\"@type\":\"ReadAction\",\"target\":[\"https:\/\/wm.pb.edu.pl\/kmiis\/ekstensometry\/\"]}]},{\"@type\":\"BreadcrumbList\",\"@id\":\"https:\/\/wm.pb.edu.pl\/kmiis\/ekstensometry\/#breadcrumb\",\"itemListElement\":[{\"@type\":\"ListItem\",\"position\":1,\"name\":\"Strona g\u0142\u00f3wna\",\"item\":\"https:\/\/wm.pb.edu.pl\/kmiis\/\"},{\"@type\":\"ListItem\",\"position\":2,\"name\":\"Ekstensometry\"}]},{\"@type\":\"WebSite\",\"@id\":\"https:\/\/wm.pb.edu.pl\/kmiis\/#website\",\"url\":\"https:\/\/wm.pb.edu.pl\/kmiis\/\",\"name\":\"Katedra Mechaniki i Informatyki Stosowanej\",\"description\":\"\",\"potentialAction\":[{\"@type\":\"SearchAction\",\"target\":{\"@type\":\"EntryPoint\",\"urlTemplate\":\"https:\/\/wm.pb.edu.pl\/kmiis\/?s={search_term_string}\"},\"query-input\":{\"@type\":\"PropertyValueSpecification\",\"valueRequired\":true,\"valueName\":\"search_term_string\"}}],\"inLanguage\":\"pl-PL\"}]}<\/script>\n<!-- \/ Yoast SEO plugin. -->","yoast_head_json":{"title":"Ekstensometry - Katedra Mechaniki i Informatyki Stosowanej","robots":{"index":"index","follow":"follow","max-snippet":"max-snippet:-1","max-image-preview":"max-image-preview:large","max-video-preview":"max-video-preview:-1"},"canonical":"https:\/\/wm.pb.edu.pl\/kmiis\/ekstensometry\/","og_locale":"pl_PL","og_type":"article","og_title":"Ekstensometry - Katedra Mechaniki i Informatyki Stosowanej","og_description":"Ekstensometry: \u2013 ekstensometr 632.68F\u201308 firmy MTS do&nbsp;pomiar\u00f3w dynamicznych w&nbsp;wysokiej temperaturze; umo\u017cliwia jednoczesny pomiar wyd\u0142u\u017cenia i&nbsp;k\u0105tawi\u0119cej","og_url":"https:\/\/wm.pb.edu.pl\/kmiis\/ekstensometry\/","og_site_name":"Katedra Mechaniki i Informatyki Stosowanej","twitter_card":"summary_large_image","twitter_misc":{"Szacowany czas czytania":"1 minuta"},"schema":{"@context":"https:\/\/schema.org","@graph":[{"@type":"WebPage","@id":"https:\/\/wm.pb.edu.pl\/kmiis\/ekstensometry\/","url":"https:\/\/wm.pb.edu.pl\/kmiis\/ekstensometry\/","name":"Ekstensometry - Katedra Mechaniki i Informatyki Stosowanej","isPartOf":{"@id":"https:\/\/wm.pb.edu.pl\/kmiis\/#website"},"datePublished":"2020-09-14T09:36:13+00:00","breadcrumb":{"@id":"https:\/\/wm.pb.edu.pl\/kmiis\/ekstensometry\/#breadcrumb"},"inLanguage":"pl-PL","potentialAction":[{"@type":"ReadAction","target":["https:\/\/wm.pb.edu.pl\/kmiis\/ekstensometry\/"]}]},{"@type":"BreadcrumbList","@id":"https:\/\/wm.pb.edu.pl\/kmiis\/ekstensometry\/#breadcrumb","itemListElement":[{"@type":"ListItem","position":1,"name":"Strona g\u0142\u00f3wna","item":"https:\/\/wm.pb.edu.pl\/kmiis\/"},{"@type":"ListItem","position":2,"name":"Ekstensometry"}]},{"@type":"WebSite","@id":"https:\/\/wm.pb.edu.pl\/kmiis\/#website","url":"https:\/\/wm.pb.edu.pl\/kmiis\/","name":"Katedra Mechaniki i Informatyki Stosowanej","description":"","potentialAction":[{"@type":"SearchAction","target":{"@type":"EntryPoint","urlTemplate":"https:\/\/wm.pb.edu.pl\/kmiis\/?s={search_term_string}"},"query-input":{"@type":"PropertyValueSpecification","valueRequired":true,"valueName":"search_term_string"}}],"inLanguage":"pl-PL"}]}},"_links":{"self":[{"href":"https:\/\/wm.pb.edu.pl\/kmiis\/wp-json\/wp\/v2\/pages\/367","targetHints":{"allow":["GET"]}}],"collection":[{"href":"https:\/\/wm.pb.edu.pl\/kmiis\/wp-json\/wp\/v2\/pages"}],"about":[{"href":"https:\/\/wm.pb.edu.pl\/kmiis\/wp-json\/wp\/v2\/types\/page"}],"author":[{"embeddable":true,"href":"https:\/\/wm.pb.edu.pl\/kmiis\/wp-json\/wp\/v2\/users\/14"}],"replies":[{"embeddable":true,"href":"https:\/\/wm.pb.edu.pl\/kmiis\/wp-json\/wp\/v2\/comments?post=367"}],"version-history":[{"count":1,"href":"https:\/\/wm.pb.edu.pl\/kmiis\/wp-json\/wp\/v2\/pages\/367\/revisions"}],"predecessor-version":[{"id":368,"href":"https:\/\/wm.pb.edu.pl\/kmiis\/wp-json\/wp\/v2\/pages\/367\/revisions\/368"}],"wp:attachment":[{"href":"https:\/\/wm.pb.edu.pl\/kmiis\/wp-json\/wp\/v2\/media?parent=367"}],"curies":[{"name":"wp","href":"https:\/\/api.w.org\/{rel}","templated":true}]}}