{"id":42,"date":"2018-06-26T11:32:40","date_gmt":"2018-06-26T09:32:40","guid":{"rendered":"https:\/\/wm.pb.edu.pl\/kmiis\/?page_id=42"},"modified":"2022-10-19T14:46:38","modified_gmt":"2022-10-19T12:46:38","slug":"kontakt","status":"publish","type":"page","link":"https:\/\/wm.pb.edu.pl\/kmiis\/kontakt\/","title":{"rendered":"Kontakt"},"content":{"rendered":"<h2>Katedra Mechaniki i Informatyki Stosowanej<\/h2>\n<p>Wydzia\u0142 Mechaniczny<br \/>\nPolitechnika Bia\u0142ostocka<br \/>\nul. Wiejska 45C, 15-351 Bia\u0142ystok<\/p>\n<div class=\"h3\">Kierownik Katedry<\/div>\n<div class=\"h4\">prof. dr hab. in\u017c. Micha\u0142 Kuciej<\/div>\n<p>ul. Wiejska 45C, pok\u00f3j 340<br \/>\n<i class=\"fal fa-mobile\"><\/i> 571-443-029<\/p>\n<p><i class=\"fal fa-envelope\"><\/i> <a href=\"#\" rel=\"nofollow\"  onclick=\"this.href='mailto:' + 'm.kuciej' + '@' + 'pb.edu.pl'\">m.kuciej [at] pb.edu.pl<\/a>\n<div class=\"h3\">Sekretariat &#8211; pok. 300<\/div>\n<p>mgr&nbsp;Katarzyna Szymul<br \/>\n<i class=\"fal fa-envelope\"><\/i> <a href=\"#\" rel=\"nofollow\"  onclick=\"this.href='mailto:' + 'k.szymul' + '@' + 'pb.edu.pl'\">k.szymul [at] pb.edu.pl<\/a>\n&nbsp;<br \/>\n<i class=\"fal fa-phone\"><\/i> (85) 746-92-06<br \/>\n<i class=\"fal fa-mobile\"><\/i> 797-990-776<\/p>\n","protected":false},"excerpt":{"rendered":"<p>Katedra Mechaniki i Informatyki Stosowanej Wydzia\u0142 Mechaniczny Politechnika Bia\u0142ostocka ul. Wiejska 45C, 15-351 Bia\u0142ystok Kierownik<a class=\"read-more\" href=\"https:\/\/wm.pb.edu.pl\/kmiis\/kontakt\/\" title=\"Poka\u017c artyku\u0142 Kontakt\">wi\u0119cej<\/a><\/p>\n","protected":false},"author":3,"featured_media":0,"parent":0,"menu_order":6,"comment_status":"closed","ping_status":"closed","template":"","meta":{"inline_featured_image":false,"ngg_post_thumbnail":0,"footnotes":""},"class_list":["post-42","page","type-page","status-publish","hentry"],"acf":[],"yoast_head":"<!-- This site is optimized with the Yoast SEO plugin v26.4 - https:\/\/yoast.com\/wordpress\/plugins\/seo\/ -->\n<title>Kontakt - Katedra Mechaniki i Informatyki Stosowanej<\/title>\n<meta name=\"robots\" content=\"index, follow, max-snippet:-1, max-image-preview:large, max-video-preview:-1\" \/>\n<link rel=\"canonical\" href=\"https:\/\/wm.pb.edu.pl\/kmiis\/kontakt\/\" \/>\n<meta property=\"og:locale\" content=\"pl_PL\" \/>\n<meta property=\"og:type\" content=\"article\" \/>\n<meta property=\"og:title\" content=\"Kontakt - Katedra Mechaniki i Informatyki Stosowanej\" \/>\n<meta property=\"og:description\" content=\"Katedra Mechaniki i Informatyki Stosowanej Wydzia\u0142 Mechaniczny Politechnika Bia\u0142ostocka ul. Wiejska 45C, 15-351 Bia\u0142ystok Kierownikwi\u0119cej\" \/>\n<meta property=\"og:url\" content=\"https:\/\/wm.pb.edu.pl\/kmiis\/kontakt\/\" \/>\n<meta property=\"og:site_name\" content=\"Katedra Mechaniki i Informatyki Stosowanej\" \/>\n<meta property=\"article:modified_time\" content=\"2022-10-19T12:46:38+00:00\" \/>\n<meta name=\"twitter:card\" content=\"summary_large_image\" \/>\n<script type=\"application\/ld+json\" class=\"yoast-schema-graph\">{\"@context\":\"https:\/\/schema.org\",\"@graph\":[{\"@type\":\"WebPage\",\"@id\":\"https:\/\/wm.pb.edu.pl\/kmiis\/kontakt\/\",\"url\":\"https:\/\/wm.pb.edu.pl\/kmiis\/kontakt\/\",\"name\":\"Kontakt - Katedra Mechaniki i Informatyki Stosowanej\",\"isPartOf\":{\"@id\":\"https:\/\/wm.pb.edu.pl\/kmiis\/#website\"},\"datePublished\":\"2018-06-26T09:32:40+00:00\",\"dateModified\":\"2022-10-19T12:46:38+00:00\",\"breadcrumb\":{\"@id\":\"https:\/\/wm.pb.edu.pl\/kmiis\/kontakt\/#breadcrumb\"},\"inLanguage\":\"pl-PL\",\"potentialAction\":[{\"@type\":\"ReadAction\",\"target\":[\"https:\/\/wm.pb.edu.pl\/kmiis\/kontakt\/\"]}]},{\"@type\":\"BreadcrumbList\",\"@id\":\"https:\/\/wm.pb.edu.pl\/kmiis\/kontakt\/#breadcrumb\",\"itemListElement\":[{\"@type\":\"ListItem\",\"position\":1,\"name\":\"Strona g\u0142\u00f3wna\",\"item\":\"https:\/\/wm.pb.edu.pl\/kmiis\/\"},{\"@type\":\"ListItem\",\"position\":2,\"name\":\"Kontakt\"}]},{\"@type\":\"WebSite\",\"@id\":\"https:\/\/wm.pb.edu.pl\/kmiis\/#website\",\"url\":\"https:\/\/wm.pb.edu.pl\/kmiis\/\",\"name\":\"Katedra Mechaniki i Informatyki Stosowanej\",\"description\":\"\",\"potentialAction\":[{\"@type\":\"SearchAction\",\"target\":{\"@type\":\"EntryPoint\",\"urlTemplate\":\"https:\/\/wm.pb.edu.pl\/kmiis\/?s={search_term_string}\"},\"query-input\":{\"@type\":\"PropertyValueSpecification\",\"valueRequired\":true,\"valueName\":\"search_term_string\"}}],\"inLanguage\":\"pl-PL\"}]}<\/script>\n<!-- \/ Yoast SEO plugin. -->","yoast_head_json":{"title":"Kontakt - Katedra Mechaniki i Informatyki Stosowanej","robots":{"index":"index","follow":"follow","max-snippet":"max-snippet:-1","max-image-preview":"max-image-preview:large","max-video-preview":"max-video-preview:-1"},"canonical":"https:\/\/wm.pb.edu.pl\/kmiis\/kontakt\/","og_locale":"pl_PL","og_type":"article","og_title":"Kontakt - Katedra Mechaniki i Informatyki Stosowanej","og_description":"Katedra Mechaniki i Informatyki Stosowanej Wydzia\u0142 Mechaniczny Politechnika Bia\u0142ostocka ul. Wiejska 45C, 15-351 Bia\u0142ystok Kierownikwi\u0119cej","og_url":"https:\/\/wm.pb.edu.pl\/kmiis\/kontakt\/","og_site_name":"Katedra Mechaniki i Informatyki Stosowanej","article_modified_time":"2022-10-19T12:46:38+00:00","twitter_card":"summary_large_image","schema":{"@context":"https:\/\/schema.org","@graph":[{"@type":"WebPage","@id":"https:\/\/wm.pb.edu.pl\/kmiis\/kontakt\/","url":"https:\/\/wm.pb.edu.pl\/kmiis\/kontakt\/","name":"Kontakt - Katedra Mechaniki i Informatyki Stosowanej","isPartOf":{"@id":"https:\/\/wm.pb.edu.pl\/kmiis\/#website"},"datePublished":"2018-06-26T09:32:40+00:00","dateModified":"2022-10-19T12:46:38+00:00","breadcrumb":{"@id":"https:\/\/wm.pb.edu.pl\/kmiis\/kontakt\/#breadcrumb"},"inLanguage":"pl-PL","potentialAction":[{"@type":"ReadAction","target":["https:\/\/wm.pb.edu.pl\/kmiis\/kontakt\/"]}]},{"@type":"BreadcrumbList","@id":"https:\/\/wm.pb.edu.pl\/kmiis\/kontakt\/#breadcrumb","itemListElement":[{"@type":"ListItem","position":1,"name":"Strona g\u0142\u00f3wna","item":"https:\/\/wm.pb.edu.pl\/kmiis\/"},{"@type":"ListItem","position":2,"name":"Kontakt"}]},{"@type":"WebSite","@id":"https:\/\/wm.pb.edu.pl\/kmiis\/#website","url":"https:\/\/wm.pb.edu.pl\/kmiis\/","name":"Katedra Mechaniki i Informatyki Stosowanej","description":"","potentialAction":[{"@type":"SearchAction","target":{"@type":"EntryPoint","urlTemplate":"https:\/\/wm.pb.edu.pl\/kmiis\/?s={search_term_string}"},"query-input":{"@type":"PropertyValueSpecification","valueRequired":true,"valueName":"search_term_string"}}],"inLanguage":"pl-PL"}]}},"_links":{"self":[{"href":"https:\/\/wm.pb.edu.pl\/kmiis\/wp-json\/wp\/v2\/pages\/42","targetHints":{"allow":["GET"]}}],"collection":[{"href":"https:\/\/wm.pb.edu.pl\/kmiis\/wp-json\/wp\/v2\/pages"}],"about":[{"href":"https:\/\/wm.pb.edu.pl\/kmiis\/wp-json\/wp\/v2\/types\/page"}],"author":[{"embeddable":true,"href":"https:\/\/wm.pb.edu.pl\/kmiis\/wp-json\/wp\/v2\/users\/3"}],"replies":[{"embeddable":true,"href":"https:\/\/wm.pb.edu.pl\/kmiis\/wp-json\/wp\/v2\/comments?post=42"}],"version-history":[{"count":19,"href":"https:\/\/wm.pb.edu.pl\/kmiis\/wp-json\/wp\/v2\/pages\/42\/revisions"}],"predecessor-version":[{"id":443,"href":"https:\/\/wm.pb.edu.pl\/kmiis\/wp-json\/wp\/v2\/pages\/42\/revisions\/443"}],"wp:attachment":[{"href":"https:\/\/wm.pb.edu.pl\/kmiis\/wp-json\/wp\/v2\/media?parent=42"}],"curies":[{"name":"wp","href":"https:\/\/api.w.org\/{rel}","templated":true}]}}