{"id":11,"date":"2018-06-25T21:29:55","date_gmt":"2018-06-25T19:29:55","guid":{"rendered":"https:\/\/wm.pb.edu.pl\/knr\/?page_id=11"},"modified":"2024-05-23T10:52:28","modified_gmt":"2024-05-23T08:52:28","slug":"katedra-mechaniki-i-informatyki-stosowanej-wydzial-mechaniczny-politechniki-bialostockiej","status":"publish","type":"page","link":"https:\/\/wm.pb.edu.pl\/knr\/","title":{"rendered":""},"content":{"rendered":"<p><a name=\"tu-skacz\"><\/a><br \/>\n<div class=\"row\">\n<div class=\"col-md-4\">\n  <div class=\"boxlink animated zoomIn \">\r\n    <a href=\"\/knr\/o-nas\/\" class=\"\">\r\n      <div class=\"boxlink-title\">O nas<span><\/span><\/div>\r\n      <div class=\"boxlink-content\">\r\n        <img decoding=\"async\" class=\"aligncenter wp-image-534 size-full\" src=\"https:\/\/wm.pb.edu.pl\/knr\/wp-content\/uploads\/sites\/27\/2024\/05\/info-2.jpg\" alt=\"\">      <\/div>\r\n    <\/a>\r\n  <\/div>\r\n\n<\/div>\n<div class=\"col-md-4\">\n  <div class=\"boxlink animated zoomIn \">\r\n    <a href=\"\/knr\/zespol\/\" class=\"\">\r\n      <div class=\"boxlink-title\">Zesp\u00f3\u0142<span><\/span><\/div>\r\n      <div class=\"boxlink-content\">\r\n        <img decoding=\"async\" class=\"aligncenter wp-image-534 size-full\" src=\"https:\/\/wm.pb.edu.pl\/knr\/wp-content\/uploads\/sites\/27\/2024\/05\/ludki2.jpg\" alt=\"\">      <\/div>\r\n    <\/a>\r\n  <\/div>\r\n\n<\/div>\n<div class=\"col-md-4\">\n  <div class=\"boxlink animated zoomIn \">\r\n    <a href=\"\/knr\/sekcje\/\" class=\"\">\r\n      <div class=\"boxlink-title\">Sekcje<span><\/span><\/div>\r\n      <div class=\"boxlink-content\">\r\n        <img decoding=\"async\" class=\"aligncenter wp-image-534 size-full\" src=\"https:\/\/wm.pb.edu.pl\/knr\/wp-content\/uploads\/sites\/27\/2024\/05\/sekcje-2.jpg\" alt=\"\">      <\/div>\r\n    <\/a>\r\n  <\/div>\r\n\n<\/div>\n<\/div>\n<div class=\"row\">\n<div class=\"col-md-4\">\n  <div class=\"boxlink animated zoomIn \">\r\n    <a href=\"\/knr\/projekty\/\" class=\"\">\r\n      <div class=\"boxlink-title\">Projekty<span><\/span><\/div>\r\n      <div class=\"boxlink-content\">\r\n        <img decoding=\"async\" class=\"aligncenter wp-image-534 size-full\" src=\"https:\/\/wm.pb.edu.pl\/knr\/wp-content\/uploads\/sites\/27\/2024\/05\/roboty.jpg\" alt=\"\">      <\/div>\r\n    <\/a>\r\n  <\/div>\r\n\n<\/div>\n<div class=\"col-md-4\">\n  <div class=\"boxlink animated zoomIn \">\r\n    <a href=\"\/knr\/osiagniecia\/\" class=\"\">\r\n      <div class=\"boxlink-title\">Osi\u0105gni\u0119cia<span><\/span><\/div>\r\n      <div class=\"boxlink-content\">\r\n        <img decoding=\"async\" class=\"aligncenter wp-image-534 size-full\" src=\"https:\/\/wm.pb.edu.pl\/knr\/wp-content\/uploads\/sites\/27\/2024\/05\/osiagniecia.jpg\" alt=\"\">      <\/div>\r\n    <\/a>\r\n  <\/div>\r\n\n<\/div>\n<div class=\"col-md-4\">\n  <div class=\"boxlink animated zoomIn \">\r\n    <a href=\"\/knr\/kontakt\" class=\"\">\r\n      <div class=\"boxlink-title\">Kontakt<span><\/span><\/div>\r\n      <div class=\"boxlink-content\">\r\n        <img decoding=\"async\" class=\"aligncenter wp-image-534 size-full\" src=\"https:\/\/wm.pb.edu.pl\/knr\/wp-content\/uploads\/sites\/27\/2018\/08\/MW_kontakt.png\" alt=\"\">      <\/div>\r\n    <\/a>\r\n  <\/div>\r\n\n<\/div>\n<\/div>\n","protected":false},"excerpt":{"rendered":"","protected":false},"author":2,"featured_media":495,"parent":0,"menu_order":0,"comment_status":"closed","ping_status":"closed","template":"templates\/reprezentacyjna-4_8.php","meta":{"inline_featured_image":false,"ngg_post_thumbnail":0,"footnotes":""},"class_list":["post-11","page","type-page","status-publish","has-post-thumbnail","hentry"],"acf":[],"yoast_head":"<!-- This site is optimized with the Yoast SEO plugin v26.4 - https:\/\/yoast.com\/wordpress\/plugins\/seo\/ -->\n<title>Ko\u0142o Naukowe Robotyk\u00f3w<\/title>\n<meta name=\"description\" content=\"Katedra Mechaniki i Informatyki Stosowanej Wydzia\u0142 Mechaniczny Politechniki Bia\u0142ostockiej\" \/>\n<meta name=\"robots\" content=\"index, follow, max-snippet:-1, max-image-preview:large, max-video-preview:-1\" \/>\n<link rel=\"canonical\" href=\"https:\/\/wm.pb.edu.pl\/knr\/\" \/>\n<meta property=\"og:locale\" content=\"pl_PL\" \/>\n<meta property=\"og:type\" content=\"article\" \/>\n<meta property=\"og:title\" content=\"Ko\u0142o Naukowe Robotyk\u00f3w\" \/>\n<meta property=\"og:description\" content=\"Katedra Mechaniki i Informatyki Stosowanej Wydzia\u0142 Mechaniczny Politechniki Bia\u0142ostockiej\" \/>\n<meta property=\"og:url\" content=\"https:\/\/wm.pb.edu.pl\/knr\/\" \/>\n<meta property=\"og:site_name\" content=\"Ko\u0142o Naukowe Robotyk\u00f3w\" \/>\n<meta property=\"article:modified_time\" content=\"2024-05-23T08:52:28+00:00\" \/>\n<meta property=\"og:image\" content=\"https:\/\/wm.pb.edu.pl\/knr\/wp-content\/uploads\/sites\/27\/2024\/04\/Robotyka_fot_Piotr_Awramiuk-2.jpg\" \/>\n\t<meta property=\"og:image:width\" content=\"1000\" \/>\n\t<meta property=\"og:image:height\" content=\"666\" \/>\n\t<meta property=\"og:image:type\" content=\"image\/jpeg\" \/>\n<meta name=\"twitter:card\" content=\"summary_large_image\" \/>\n<meta name=\"twitter:label1\" content=\"Szacowany czas czytania\" \/>\n\t<meta name=\"twitter:data1\" content=\"2 minuty\" \/>\n<script type=\"application\/ld+json\" class=\"yoast-schema-graph\">{\"@context\":\"https:\/\/schema.org\",\"@graph\":[{\"@type\":\"WebPage\",\"@id\":\"https:\/\/wm.pb.edu.pl\/knr\/\",\"url\":\"https:\/\/wm.pb.edu.pl\/knr\/\",\"name\":\"Ko\u0142o Naukowe Robotyk\u00f3w\",\"isPartOf\":{\"@id\":\"https:\/\/wm.pb.edu.pl\/knr\/#website\"},\"primaryImageOfPage\":{\"@id\":\"https:\/\/wm.pb.edu.pl\/knr\/#primaryimage\"},\"image\":{\"@id\":\"https:\/\/wm.pb.edu.pl\/knr\/#primaryimage\"},\"thumbnailUrl\":\"https:\/\/wm.pb.edu.pl\/knr\/wp-content\/uploads\/sites\/27\/2024\/04\/Robotyka_fot_Piotr_Awramiuk-2.jpg\",\"datePublished\":\"2018-06-25T19:29:55+00:00\",\"dateModified\":\"2024-05-23T08:52:28+00:00\",\"description\":\"Katedra Mechaniki i Informatyki Stosowanej Wydzia\u0142 Mechaniczny Politechniki Bia\u0142ostockiej\",\"inLanguage\":\"pl-PL\",\"potentialAction\":[{\"@type\":\"ReadAction\",\"target\":[\"https:\/\/wm.pb.edu.pl\/knr\/\"]}]},{\"@type\":\"ImageObject\",\"inLanguage\":\"pl-PL\",\"@id\":\"https:\/\/wm.pb.edu.pl\/knr\/#primaryimage\",\"url\":\"https:\/\/wm.pb.edu.pl\/knr\/wp-content\/uploads\/sites\/27\/2024\/04\/Robotyka_fot_Piotr_Awramiuk-2.jpg\",\"contentUrl\":\"https:\/\/wm.pb.edu.pl\/knr\/wp-content\/uploads\/sites\/27\/2024\/04\/Robotyka_fot_Piotr_Awramiuk-2.jpg\",\"width\":1000,\"height\":666},{\"@type\":\"WebSite\",\"@id\":\"https:\/\/wm.pb.edu.pl\/knr\/#website\",\"url\":\"https:\/\/wm.pb.edu.pl\/knr\/\",\"name\":\"Ko\u0142o Naukowe Robotyk\u00f3w\",\"description\":\"\",\"potentialAction\":[{\"@type\":\"SearchAction\",\"target\":{\"@type\":\"EntryPoint\",\"urlTemplate\":\"https:\/\/wm.pb.edu.pl\/knr\/?s={search_term_string}\"},\"query-input\":{\"@type\":\"PropertyValueSpecification\",\"valueRequired\":true,\"valueName\":\"search_term_string\"}}],\"inLanguage\":\"pl-PL\"}]}<\/script>\n<!-- \/ Yoast SEO plugin. -->","yoast_head_json":{"title":"Ko\u0142o Naukowe Robotyk\u00f3w","description":"Katedra Mechaniki i Informatyki Stosowanej Wydzia\u0142 Mechaniczny Politechniki Bia\u0142ostockiej","robots":{"index":"index","follow":"follow","max-snippet":"max-snippet:-1","max-image-preview":"max-image-preview:large","max-video-preview":"max-video-preview:-1"},"canonical":"https:\/\/wm.pb.edu.pl\/knr\/","og_locale":"pl_PL","og_type":"article","og_title":"Ko\u0142o Naukowe Robotyk\u00f3w","og_description":"Katedra Mechaniki i Informatyki Stosowanej Wydzia\u0142 Mechaniczny Politechniki Bia\u0142ostockiej","og_url":"https:\/\/wm.pb.edu.pl\/knr\/","og_site_name":"Ko\u0142o Naukowe Robotyk\u00f3w","article_modified_time":"2024-05-23T08:52:28+00:00","og_image":[{"width":1000,"height":666,"url":"https:\/\/wm.pb.edu.pl\/knr\/wp-content\/uploads\/sites\/27\/2024\/04\/Robotyka_fot_Piotr_Awramiuk-2.jpg","type":"image\/jpeg"}],"twitter_card":"summary_large_image","twitter_misc":{"Szacowany czas czytania":"2 minuty"},"schema":{"@context":"https:\/\/schema.org","@graph":[{"@type":"WebPage","@id":"https:\/\/wm.pb.edu.pl\/knr\/","url":"https:\/\/wm.pb.edu.pl\/knr\/","name":"Ko\u0142o Naukowe Robotyk\u00f3w","isPartOf":{"@id":"https:\/\/wm.pb.edu.pl\/knr\/#website"},"primaryImageOfPage":{"@id":"https:\/\/wm.pb.edu.pl\/knr\/#primaryimage"},"image":{"@id":"https:\/\/wm.pb.edu.pl\/knr\/#primaryimage"},"thumbnailUrl":"https:\/\/wm.pb.edu.pl\/knr\/wp-content\/uploads\/sites\/27\/2024\/04\/Robotyka_fot_Piotr_Awramiuk-2.jpg","datePublished":"2018-06-25T19:29:55+00:00","dateModified":"2024-05-23T08:52:28+00:00","description":"Katedra Mechaniki i Informatyki Stosowanej Wydzia\u0142 Mechaniczny Politechniki Bia\u0142ostockiej","inLanguage":"pl-PL","potentialAction":[{"@type":"ReadAction","target":["https:\/\/wm.pb.edu.pl\/knr\/"]}]},{"@type":"ImageObject","inLanguage":"pl-PL","@id":"https:\/\/wm.pb.edu.pl\/knr\/#primaryimage","url":"https:\/\/wm.pb.edu.pl\/knr\/wp-content\/uploads\/sites\/27\/2024\/04\/Robotyka_fot_Piotr_Awramiuk-2.jpg","contentUrl":"https:\/\/wm.pb.edu.pl\/knr\/wp-content\/uploads\/sites\/27\/2024\/04\/Robotyka_fot_Piotr_Awramiuk-2.jpg","width":1000,"height":666},{"@type":"WebSite","@id":"https:\/\/wm.pb.edu.pl\/knr\/#website","url":"https:\/\/wm.pb.edu.pl\/knr\/","name":"Ko\u0142o Naukowe Robotyk\u00f3w","description":"","potentialAction":[{"@type":"SearchAction","target":{"@type":"EntryPoint","urlTemplate":"https:\/\/wm.pb.edu.pl\/knr\/?s={search_term_string}"},"query-input":{"@type":"PropertyValueSpecification","valueRequired":true,"valueName":"search_term_string"}}],"inLanguage":"pl-PL"}]}},"_links":{"self":[{"href":"https:\/\/wm.pb.edu.pl\/knr\/wp-json\/wp\/v2\/pages\/11","targetHints":{"allow":["GET"]}}],"collection":[{"href":"https:\/\/wm.pb.edu.pl\/knr\/wp-json\/wp\/v2\/pages"}],"about":[{"href":"https:\/\/wm.pb.edu.pl\/knr\/wp-json\/wp\/v2\/types\/page"}],"author":[{"embeddable":true,"href":"https:\/\/wm.pb.edu.pl\/knr\/wp-json\/wp\/v2\/users\/2"}],"replies":[{"embeddable":true,"href":"https:\/\/wm.pb.edu.pl\/knr\/wp-json\/wp\/v2\/comments?post=11"}],"version-history":[{"count":33,"href":"https:\/\/wm.pb.edu.pl\/knr\/wp-json\/wp\/v2\/pages\/11\/revisions"}],"predecessor-version":[{"id":620,"href":"https:\/\/wm.pb.edu.pl\/knr\/wp-json\/wp\/v2\/pages\/11\/revisions\/620"}],"wp:featuredmedia":[{"embeddable":true,"href":"https:\/\/wm.pb.edu.pl\/knr\/wp-json\/wp\/v2\/media\/495"}],"wp:attachment":[{"href":"https:\/\/wm.pb.edu.pl\/knr\/wp-json\/wp\/v2\/media?parent=11"}],"curies":[{"name":"wp","href":"https:\/\/api.w.org\/{rel}","templated":true}]}}