{"id":26,"date":"2018-06-26T11:17:00","date_gmt":"2018-06-26T09:17:00","guid":{"rendered":"https:\/\/wm.pb.edu.pl\/knr\/?page_id=26"},"modified":"2024-11-06T09:02:28","modified_gmt":"2024-11-06T08:02:28","slug":"zespol","status":"publish","type":"page","link":"https:\/\/wm.pb.edu.pl\/knr\/zespol\/","title":{"rendered":"Zesp\u00f3\u0142"},"content":{"rendered":"<p>Ko\u0142o Naukowe Robotyk\u00f3w PB to nie tylko spo\u0142eczno\u015b\u0107 kochaj\u0105ca roboty, ale r\u00f3wnie\u017c pragn\u0105ca zajmowa\u0107 si\u0119 szeroko poj\u0119t\u0105 robotyk\u0105 na najwy\u017cszym poziomie. Nasze Ko\u0142o stanowi nie tylko miejsce spotka\u0144, ale przede wszystkim przestrze\u0144, gdzie rozwijamy nasze umiej\u0119tno\u015bci, wymieniamy pomys\u0142y i wsp\u00f3lnie pracujemy nad r\u00f3\u017cnymi projektami, kt\u00f3re mog\u0105 zmieni\u0107 \u015bwiat. Tworzymy innowacyjne projekty robotyczne maj\u0105ce moc rewolucji.<br \/>\nDo\u0142\u0105cz do nas, a razem osi\u0105gniemy wszystko!<\/p>\n<h2>Opiekunowie<\/h2>\n<div class=\"table-responsive\">\n<table class=\"table table-bordered table-striped\" style=\"width: auto\">\n<thead>\n<tr>\n<th>IMI\u0118 I NAZWISKO<\/th>\n<th>STOPIE\u0143\/TYTU\u0141 NAUKOWY<\/th>\n<th>SEKCJA<\/th>\n<th>E-MAIL<\/th>\n<\/tr>\n<\/thead>\n<tbody>\n<tr>\n<td>Justyna To\u0142stoj-Sienkiewicz<\/td>\n<td>dr in\u017c.<\/td>\n<td>Sekcja Lego<\/td>\n<td><a href=\"#\" rel=\"nofollow\"  onclick=\"this.href='mailto:' + 'j.tolstoj-sienkiewicz' + '@' + 'pb.edu.pl'\">j.tolstoj-sienkiewicz [at] pb.edu.pl<\/a><\/td>\n<\/tr>\n<tr>\n<td>Kazimierz Dzier\u017cek<\/td>\n<td>dr hab. in\u017c., prof. PB<\/td>\n<td>Sekcja \u0141azik\u00f3w<\/td>\n<td><a href=\"#\" rel=\"nofollow\"  onclick=\"this.href='mailto:' + 'k.dzierzek' + '@' + 'pb.edu.pl'\">k.dzierzek [at] pb.edu.pl<\/a><\/td>\n<\/tr>\n<tr>\n<td>Rafa\u0142 Gr\u0105dzki<\/td>\n<td>dr in\u017c.<\/td>\n<td>Sekcja Sumo<\/td>\n<td><a href=\"#\" rel=\"nofollow\"  onclick=\"this.href='mailto:' + 'r.gradzki' + '@' + 'pb.edu.pl'\">r.gradzki [at] pb.edu.pl<\/a><\/td>\n<\/tr>\n<\/tbody>\n<\/table>\n<\/div>\n<h2>Zarz\u0105d<\/h2>\n<div class=\"table-responsive\">\n<table class=\"table table-bordered table-striped\" style=\"width: auto\">\n<thead>\n<tr>\n<th>LP.<\/th>\n<th>IMI\u0118 I NAZWISKO<\/th>\n<th>FUNKCJA<\/th>\n<\/tr>\n<\/thead>\n<tbody>\n<tr>\n<td>1<\/td>\n<td>Mateusz Dziczek<\/td>\n<td>Przewodnicz\u0105cy<\/td>\n<\/tr>\n<tr>\n<td>2<\/td>\n<td>Szymon Migowski<\/td>\n<td>Zast\u0119pca przewodnicz\u0105cego<\/td>\n<\/tr>\n<tr>\n<td>3<\/td>\n<td>Marek Lipski<\/td>\n<td>Sekretarz<\/td>\n<\/tr>\n<tr>\n<td>4<\/td>\n<td>Artur Bajkiewicz<\/td>\n<td>Skarbnik<\/td>\n<\/tr>\n<tr>\n<td>5<\/td>\n<td>Daniel Aleksiejczuk<\/td>\n<td>Cz\u0142onek zarz\u0105du<\/td>\n<\/tr>\n<\/tbody>\n<\/table>\n<\/div>\n<div class=\"row align-center\">\n<div class=\"col-md-4 col-sm-12\">\n<h2>Sekcja Lego<\/h2>\n<div class=\"table-responsive\">\n<table class=\"table table-bordered table-striped\" style=\"width: auto\">\n<thead>\n<tr>\n<th>LP.<\/th>\n<th>IMI\u0118 I NAZWISKO<\/th>\n<\/tr>\n<\/thead>\n<tbody>\n<tr>\n<td>1<\/td>\n<td>Dawid Bielski<\/td>\n<\/tr>\n<tr>\n<td>2<\/td>\n<td>Karol Duchnowski<\/td>\n<\/tr>\n<tr>\n<td>3<\/td>\n<td>Maciej Miko\u0142aj Godlewski<\/td>\n<\/tr>\n<tr>\n<td>4<\/td>\n<td>Krzysztof Jakimowicz<\/td>\n<\/tr>\n<tr>\n<td>5<\/td>\n<td>Gabriel Jan Kapelka<\/td>\n<\/tr>\n<tr>\n<td>6<\/td>\n<td>\u0141ukasz Kiersnowski<\/td>\n<\/tr>\n<tr>\n<td>7<\/td>\n<td>Adam Ko\u0142odko<\/td>\n<\/tr>\n<tr>\n<td>8<\/td>\n<td>Julia Maciuka<\/td>\n<\/tr>\n<tr>\n<td>9<\/td>\n<td>\u0141ukasz Radziszewski<\/td>\n<\/tr>\n<tr>\n<td>10<\/td>\n<td>Mi\u0142osz S\u0142owikowski<\/td>\n<\/tr>\n<tr>\n<td>11<\/td>\n<td>Sebastian Snarski<\/td>\n<\/tr>\n<tr>\n<td>12<\/td>\n<td>Kacper Suchodolski<\/td>\n<\/tr>\n<tr>\n<td>13<\/td>\n<td>Szymon Wr\u00f3blewski<\/td>\n<\/tr>\n<\/tbody>\n<\/table>\n<\/div>\n<\/div>\n<div class=\"col-md-4 col-sm-12\">\n<h2>Sekcja \u0141azik\u00f3w<\/h2>\n<div class=\"table-responsive\">\n<table class=\"table table-bordered table-striped\" style=\"width: auto\">\n<thead>\n<tr>\n<th>LP.<\/th>\n<th>IMI\u0118 I NAZWISKO<\/th>\n<\/tr>\n<\/thead>\n<tbody>\n<tr>\n<td>1<\/td>\n<td>Daniel Aleksiejczuk<\/td>\n<\/tr>\n<tr>\n<td>2<\/td>\n<td>Artur Bajkiewicz<\/td>\n<\/tr>\n<tr>\n<td>3<\/td>\n<td>Andrzej Celi\u0144ski<\/td>\n<\/tr>\n<tr>\n<td>4<\/td>\n<td>Marek Demia\u0144czuk<\/td>\n<\/tr>\n<tr>\n<td>5<\/td>\n<td>Justyna Dobrzy\u0144ska<\/td>\n<\/tr>\n<tr>\n<td>6<\/td>\n<td>Mateusz Dziczek<\/td>\n<\/tr>\n<tr>\n<td>7<\/td>\n<td>Szymon Ga\u0142a\u017cewski<\/td>\n<\/tr>\n<tr>\n<td>8<\/td>\n<td>Marek Gniado<\/td>\n<\/tr>\n<tr>\n<td>9<\/td>\n<td>Zofia Gumieniak<\/td>\n<\/tr>\n<tr>\n<td>10<\/td>\n<td>Jan Haraburda<\/td>\n<\/tr>\n<tr>\n<td>11<\/td>\n<td>Sergiusz Jakuszewicz<\/td>\n<\/tr>\n<tr>\n<td>12<\/td>\n<td>Damian Jankowski<\/td>\n<\/tr>\n<tr>\n<td>13<\/td>\n<td>Stanis\u0142aw Januszko<\/td>\n<\/tr>\n<tr>\n<td>14<\/td>\n<td>Mateusz Jokisz<\/td>\n<\/tr>\n<tr>\n<td>15<\/td>\n<td>Szymon Kapla<\/td>\n<\/tr>\n<tr>\n<td>16<\/td>\n<td>\u0141ukasz Kiersnowski<\/td>\n<\/tr>\n<tr>\n<td>17<\/td>\n<td>Filip Kosi\u0144ski<\/td>\n<\/tr>\n<tr>\n<td>18<\/td>\n<td>Konrad Kubicki<\/td>\n<\/tr>\n<tr>\n<td>19<\/td>\n<td>Tomasz Kuczy\u0144ski<\/td>\n<\/tr>\n<tr>\n<td>20<\/td>\n<td>Jakub Kulik<\/td>\n<\/tr>\n<tr>\n<td>21<\/td>\n<td>Pawe\u0142 Kusznier<\/td>\n<\/tr>\n<tr>\n<td>22<\/td>\n<td>Dawid Lewandowski<\/td>\n<\/tr>\n<tr>\n<td>23<\/td>\n<td>Marek Lipski<\/td>\n<\/tr>\n<tr>\n<td>24<\/td>\n<td>Jakub Lubecki<\/td>\n<\/tr>\n<tr>\n<td>25<\/td>\n<td>Adrian Luto<\/td>\n<\/tr>\n<tr>\n<td>26<\/td>\n<td>Julia \u0141aszczuk<\/td>\n<\/tr>\n<tr>\n<td>27<\/td>\n<td>Dawid \u0141o\u015b<\/td>\n<\/tr>\n<tr>\n<td>28<\/td>\n<td>Patryk Malinowski<\/td>\n<\/tr>\n<tr>\n<td>29<\/td>\n<td>Bartosz Niedba\u0142a<\/td>\n<\/tr>\n<tr>\n<td>30<\/td>\n<td>Jakub Pigiel<\/td>\n<\/tr>\n<tr>\n<td>31<\/td>\n<td>Mateusz Ponikwicki<\/td>\n<\/tr>\n<tr>\n<td>32<\/td>\n<td>\u0141ukasz Radziszewski<\/td>\n<\/tr>\n<tr>\n<td>33<\/td>\n<td>Pawe\u0142 R\u0119kawek<\/td>\n<\/tr>\n<tr>\n<td>34<\/td>\n<td>Adam Szepietowski<\/td>\n<\/tr>\n<tr>\n<td>35<\/td>\n<td>Dawid Szubzda<\/td>\n<\/tr>\n<tr>\n<td>36<\/td>\n<td>Bartosz Tarasiewicz<\/td>\n<\/tr>\n<tr>\n<td>37<\/td>\n<td>Arkadiusz Wilczy\u0144ski<\/td>\n<\/tr>\n<tr>\n<td>38<\/td>\n<td>Oskar Pop\u0142awski<\/td>\n<\/tr>\n<tr>\n<td>39<\/td>\n<td>Nikita Pietkiewicz<\/td>\n<\/tr>\n<tr>\n<td>40<\/td>\n<td>Marcin Jaczy\u0144ski<\/td>\n<\/tr>\n<\/tbody>\n<\/table>\n<\/div>\n<\/div>\n<div class=\"col-md-4 col-sm-12\">\n<h2>Sekcja Sumo<\/h2>\n<div class=\"table-responsive\">\n<p>10Przemys\u0142aw Pysi\u0144ski<\/p>\n<table class=\"table table-bordered table-striped\" style=\"width: auto\">\n<thead>\n<tr>\n<th>LP.<\/th>\n<th>IMI\u0118 I NAZWISKO<\/th>\n<\/tr>\n<\/thead>\n<tbody>\n<tr>\n<td>1<\/td>\n<td>Marcin Aleksiejuk<\/td>\n<\/tr>\n<tr>\n<td>2<\/td>\n<td>Janusz Chmaruk<\/td>\n<\/tr>\n<tr>\n<td>3<\/td>\n<td>Micha\u0142 Falkowski<\/td>\n<\/tr>\n<tr>\n<td>4<\/td>\n<td>Yevhen Lozhenko<\/td>\n<\/tr>\n<tr>\n<td>5<\/td>\n<td>Bart\u0142omiej Matys<\/td>\n<\/tr>\n<tr>\n<td>6<\/td>\n<td>Szymon Migowski<\/td>\n<\/tr>\n<tr>\n<td>7<\/td>\n<td>Filip M\u0142ynek<\/td>\n<\/tr>\n<tr>\n<td>8<\/td>\n<td>Grzegorz Muczko<\/td>\n<\/tr>\n<tr>\n<td>9<\/td>\n<td>Mateusz Ptaszy\u0144ski<\/td>\n<\/tr>\n<tr>\n<td>11<\/td>\n<td>Pawe\u0142 Sosnowski<\/td>\n<\/tr>\n<tr>\n<td>12<\/td>\n<td>Janusz \u015amiarowski<\/td>\n<\/tr>\n<tr>\n<td>13<\/td>\n<td>Hubert Targo\u0144ski<\/td>\n<\/tr>\n<tr>\n<td>14<\/td>\n<td>Micha\u0142 Wasilewski<\/td>\n<\/tr>\n<tr>\n<td>15<\/td>\n<td>Norbert Wa\u015bkiewicz<\/td>\n<\/tr>\n<tr>\n<td>16<\/td>\n<td>Jakub Wojda<\/td>\n<\/tr>\n<tr>\n<td>17<\/td>\n<td>Piotr Woroniecki<\/td>\n<\/tr>\n<\/tbody>\n<\/table>\n<\/div>\n<\/div>\n<\/div>\n","protected":false},"excerpt":{"rendered":"<p>Ko\u0142o Naukowe Robotyk\u00f3w PB to nie tylko spo\u0142eczno\u015b\u0107 kochaj\u0105ca roboty, ale r\u00f3wnie\u017c pragn\u0105ca zajmowa\u0107 si\u0119<a class=\"read-more\" href=\"https:\/\/wm.pb.edu.pl\/knr\/zespol\/\" title=\"Poka\u017c artyku\u0142 Zesp\u00f3\u0142\">wi\u0119cej<\/a><\/p>\n","protected":false},"author":14,"featured_media":0,"parent":0,"menu_order":2,"comment_status":"closed","ping_status":"closed","template":"","meta":{"inline_featured_image":false,"ngg_post_thumbnail":0,"footnotes":""},"class_list":["post-26","page","type-page","status-publish","hentry"],"acf":[],"yoast_head":"<!-- This site is optimized with the Yoast SEO plugin v26.4 - https:\/\/yoast.com\/wordpress\/plugins\/seo\/ -->\n<title>Zesp\u00f3\u0142 - Ko\u0142o Naukowe Robotyk\u00f3w<\/title>\n<meta name=\"description\" content=\"Odkryj pasj\u0119 w Kole Naukowym Robotyk\u00f3w PB - spo\u0142eczno\u015bci, gdzie rodz\u0105 si\u0119 innowacje, a wsp\u00f3\u0142praca przekszta\u0142ca pomys\u0142y w rzeczywisto\u015b\u0107.\" \/>\n<meta name=\"robots\" content=\"index, follow, max-snippet:-1, max-image-preview:large, max-video-preview:-1\" \/>\n<link rel=\"canonical\" href=\"https:\/\/wm.pb.edu.pl\/knr\/zespol\/\" \/>\n<meta property=\"og:locale\" content=\"pl_PL\" \/>\n<meta property=\"og:type\" content=\"article\" \/>\n<meta property=\"og:title\" content=\"Zesp\u00f3\u0142 - Ko\u0142o Naukowe Robotyk\u00f3w\" \/>\n<meta property=\"og:description\" content=\"Odkryj pasj\u0119 w Kole Naukowym Robotyk\u00f3w PB - spo\u0142eczno\u015bci, gdzie rodz\u0105 si\u0119 innowacje, a wsp\u00f3\u0142praca przekszta\u0142ca pomys\u0142y w rzeczywisto\u015b\u0107.\" \/>\n<meta property=\"og:url\" content=\"https:\/\/wm.pb.edu.pl\/knr\/zespol\/\" \/>\n<meta property=\"og:site_name\" content=\"Ko\u0142o Naukowe Robotyk\u00f3w\" \/>\n<meta property=\"article:modified_time\" content=\"2024-11-06T08:02:28+00:00\" \/>\n<meta name=\"twitter:card\" content=\"summary_large_image\" \/>\n<meta name=\"twitter:label1\" content=\"Szacowany czas czytania\" \/>\n\t<meta name=\"twitter:data1\" content=\"3 minuty\" \/>\n<script type=\"application\/ld+json\" class=\"yoast-schema-graph\">{\"@context\":\"https:\/\/schema.org\",\"@graph\":[{\"@type\":\"WebPage\",\"@id\":\"https:\/\/wm.pb.edu.pl\/knr\/zespol\/\",\"url\":\"https:\/\/wm.pb.edu.pl\/knr\/zespol\/\",\"name\":\"Zesp\u00f3\u0142 - Ko\u0142o Naukowe Robotyk\u00f3w\",\"isPartOf\":{\"@id\":\"https:\/\/wm.pb.edu.pl\/knr\/#website\"},\"datePublished\":\"2018-06-26T09:17:00+00:00\",\"dateModified\":\"2024-11-06T08:02:28+00:00\",\"description\":\"Odkryj pasj\u0119 w Kole Naukowym Robotyk\u00f3w PB - spo\u0142eczno\u015bci, gdzie rodz\u0105 si\u0119 innowacje, a wsp\u00f3\u0142praca przekszta\u0142ca pomys\u0142y w rzeczywisto\u015b\u0107.\",\"breadcrumb\":{\"@id\":\"https:\/\/wm.pb.edu.pl\/knr\/zespol\/#breadcrumb\"},\"inLanguage\":\"pl-PL\",\"potentialAction\":[{\"@type\":\"ReadAction\",\"target\":[\"https:\/\/wm.pb.edu.pl\/knr\/zespol\/\"]}]},{\"@type\":\"BreadcrumbList\",\"@id\":\"https:\/\/wm.pb.edu.pl\/knr\/zespol\/#breadcrumb\",\"itemListElement\":[{\"@type\":\"ListItem\",\"position\":1,\"name\":\"Strona g\u0142\u00f3wna\",\"item\":\"https:\/\/wm.pb.edu.pl\/knr\/\"},{\"@type\":\"ListItem\",\"position\":2,\"name\":\"Zesp\u00f3\u0142\"}]},{\"@type\":\"WebSite\",\"@id\":\"https:\/\/wm.pb.edu.pl\/knr\/#website\",\"url\":\"https:\/\/wm.pb.edu.pl\/knr\/\",\"name\":\"Ko\u0142o Naukowe Robotyk\u00f3w\",\"description\":\"\",\"potentialAction\":[{\"@type\":\"SearchAction\",\"target\":{\"@type\":\"EntryPoint\",\"urlTemplate\":\"https:\/\/wm.pb.edu.pl\/knr\/?s={search_term_string}\"},\"query-input\":{\"@type\":\"PropertyValueSpecification\",\"valueRequired\":true,\"valueName\":\"search_term_string\"}}],\"inLanguage\":\"pl-PL\"}]}<\/script>\n<!-- \/ Yoast SEO plugin. -->","yoast_head_json":{"title":"Zesp\u00f3\u0142 - Ko\u0142o Naukowe Robotyk\u00f3w","description":"Odkryj pasj\u0119 w Kole Naukowym Robotyk\u00f3w PB - spo\u0142eczno\u015bci, gdzie rodz\u0105 si\u0119 innowacje, a wsp\u00f3\u0142praca przekszta\u0142ca pomys\u0142y w rzeczywisto\u015b\u0107.","robots":{"index":"index","follow":"follow","max-snippet":"max-snippet:-1","max-image-preview":"max-image-preview:large","max-video-preview":"max-video-preview:-1"},"canonical":"https:\/\/wm.pb.edu.pl\/knr\/zespol\/","og_locale":"pl_PL","og_type":"article","og_title":"Zesp\u00f3\u0142 - Ko\u0142o Naukowe Robotyk\u00f3w","og_description":"Odkryj pasj\u0119 w Kole Naukowym Robotyk\u00f3w PB - spo\u0142eczno\u015bci, gdzie rodz\u0105 si\u0119 innowacje, a wsp\u00f3\u0142praca przekszta\u0142ca pomys\u0142y w rzeczywisto\u015b\u0107.","og_url":"https:\/\/wm.pb.edu.pl\/knr\/zespol\/","og_site_name":"Ko\u0142o Naukowe Robotyk\u00f3w","article_modified_time":"2024-11-06T08:02:28+00:00","twitter_card":"summary_large_image","twitter_misc":{"Szacowany czas czytania":"3 minuty"},"schema":{"@context":"https:\/\/schema.org","@graph":[{"@type":"WebPage","@id":"https:\/\/wm.pb.edu.pl\/knr\/zespol\/","url":"https:\/\/wm.pb.edu.pl\/knr\/zespol\/","name":"Zesp\u00f3\u0142 - Ko\u0142o Naukowe Robotyk\u00f3w","isPartOf":{"@id":"https:\/\/wm.pb.edu.pl\/knr\/#website"},"datePublished":"2018-06-26T09:17:00+00:00","dateModified":"2024-11-06T08:02:28+00:00","description":"Odkryj pasj\u0119 w Kole Naukowym Robotyk\u00f3w PB - spo\u0142eczno\u015bci, gdzie rodz\u0105 si\u0119 innowacje, a wsp\u00f3\u0142praca przekszta\u0142ca pomys\u0142y w rzeczywisto\u015b\u0107.","breadcrumb":{"@id":"https:\/\/wm.pb.edu.pl\/knr\/zespol\/#breadcrumb"},"inLanguage":"pl-PL","potentialAction":[{"@type":"ReadAction","target":["https:\/\/wm.pb.edu.pl\/knr\/zespol\/"]}]},{"@type":"BreadcrumbList","@id":"https:\/\/wm.pb.edu.pl\/knr\/zespol\/#breadcrumb","itemListElement":[{"@type":"ListItem","position":1,"name":"Strona g\u0142\u00f3wna","item":"https:\/\/wm.pb.edu.pl\/knr\/"},{"@type":"ListItem","position":2,"name":"Zesp\u00f3\u0142"}]},{"@type":"WebSite","@id":"https:\/\/wm.pb.edu.pl\/knr\/#website","url":"https:\/\/wm.pb.edu.pl\/knr\/","name":"Ko\u0142o Naukowe Robotyk\u00f3w","description":"","potentialAction":[{"@type":"SearchAction","target":{"@type":"EntryPoint","urlTemplate":"https:\/\/wm.pb.edu.pl\/knr\/?s={search_term_string}"},"query-input":{"@type":"PropertyValueSpecification","valueRequired":true,"valueName":"search_term_string"}}],"inLanguage":"pl-PL"}]}},"_links":{"self":[{"href":"https:\/\/wm.pb.edu.pl\/knr\/wp-json\/wp\/v2\/pages\/26","targetHints":{"allow":["GET"]}}],"collection":[{"href":"https:\/\/wm.pb.edu.pl\/knr\/wp-json\/wp\/v2\/pages"}],"about":[{"href":"https:\/\/wm.pb.edu.pl\/knr\/wp-json\/wp\/v2\/types\/page"}],"author":[{"embeddable":true,"href":"https:\/\/wm.pb.edu.pl\/knr\/wp-json\/wp\/v2\/users\/14"}],"replies":[{"embeddable":true,"href":"https:\/\/wm.pb.edu.pl\/knr\/wp-json\/wp\/v2\/comments?post=26"}],"version-history":[{"count":21,"href":"https:\/\/wm.pb.edu.pl\/knr\/wp-json\/wp\/v2\/pages\/26\/revisions"}],"predecessor-version":[{"id":801,"href":"https:\/\/wm.pb.edu.pl\/knr\/wp-json\/wp\/v2\/pages\/26\/revisions\/801"}],"wp:attachment":[{"href":"https:\/\/wm.pb.edu.pl\/knr\/wp-json\/wp\/v2\/media?parent=26"}],"curies":[{"name":"wp","href":"https:\/\/api.w.org\/{rel}","templated":true}]}}